{"id":32391,"date":"2020-04-06T21:37:37","date_gmt":"2020-04-06T19:37:37","guid":{"rendered":"https:\/\/teiaeducation.ch\/product\/loiseau-le-toy-van\/"},"modified":"2021-11-30T10:10:42","modified_gmt":"2021-11-30T09:10:42","slug":"jouet-a-pousser-en-bois-oiseau-le-toy-van","status":"publish","type":"product","link":"https:\/\/teiaeducation.ch\/fr\/produit\/jouet-a-pousser-en-bois-oiseau-le-toy-van\/","title":{"rendered":"Jouet \u00e0 pousser : oiseau &#8211; Le Toy Van"},"content":{"rendered":"<p class=\"nopm\">Ce jouet \u00e0 pousser de la collection Le Toy Van Petilou est un oiseau en bois massif durable sur roues avec une poign\u00e9e d\u2019adh\u00e9rence de la taille d\u2019un enfant. Adapt\u00e9 au tr\u00e8s jeune enfant, ce jouet \u00e0 pousser\u00a0encourage l\u2019apprentissage pr\u00e9coce par le jeu, d\u00e9veloppement de la coordination \u0153il-main et la <a href=\"\/?product_cat=dexterite\">dext\u00e9rit\u00e9<\/a> manuelle. Tout en renfor\u00e7ant la confiance dans les capacit\u00e9s !<\/p>\n<p>Fabriqu\u00e9 \u00e0 partir de bois de caoutchouc durable, le oiseau \u00e0 pousser est un jouet s\u00fbr avec des bords ponc\u00e9s et est d\u00e9cor\u00e9 avec des peintures non toxiques.<\/p>\n<p>Le Toy Van est une soci\u00e9t\u00e9 anglaise de jouets fond\u00e9e en 1995 et sp\u00e9cialis\u00e9e dans les jouets traditionnels en bois de haute qualit\u00e9 dans un style contemporain. Tous les jouets sont fabriqu\u00e9s \u00e9thiquement selon des normes rigoureuses de qualit\u00e9, de s\u00e9curit\u00e9 et de durabilit\u00e9, en utilisant des mat\u00e9riaux naturels, y compris le caoutchouc-bois lisse recycl\u00e9. Ils sont test\u00e9s selon les normes de s\u00e9curit\u00e9 les plus \u00e9lev\u00e9es et sont conformes aux normes de s\u00e9curit\u00e9 EN-71 et ASTM.<\/p>\n<p>Ces jouets innovants et magnifiquement con\u00e7us encouragent l\u2019apprentissage pr\u00e9coce gr\u00e2ce \u00e0 des jeux de r\u00f4le imaginatifs, offrant de nombreuses possibilit\u00e9s de d\u00e9veloppement linguistique et social ainsi que la motricit\u00e9 fine et sont faits pour durer et \u00eatre appr\u00e9ci\u00e9s pour les g\u00e9n\u00e9rations \u00e0 venir.<\/p>\n<p>Le jouet \u00e0 pousser en bois oiseau de Le Toy Van convient aux enfants \u00e2g\u00e9s de 12 mois et plus.<\/p>\n<p>Contenu:<\/p>\n<p>1 jouet \u00e0 pousser en bois (13,5 x 5,3 x 10 cm)<\/p>\n","protected":false},"excerpt":{"rendered":"<p>Num\u00e9ro d\u2019article: ltvpl032<\/p>\n<p>Ce jouet \u00e0 pousser de Le Toy Van Petilou est un oiseau en bois massif durable sur roues avec une poign\u00e9e d\u2019adh\u00e9rence de la taille d\u2019un enfant.<\/p>\n","protected":false},"featured_media":24904,"comment_status":"open","ping_status":"closed","template":"","meta":[],"product_brand":[],"product_cat":[208,18893,8526,8572,13130,13141,13152,217,5851,212],"product_tag":[18060,18139,18089],"class_list":{"0":"post-32391","1":"product","2":"type-product","3":"status-publish","4":"has-post-thumbnail","6":"product_cat-1-3-ans","7":"product_cat-collection-printemps","8":"product_cat-fournitures-scolaires-a-domicile","9":"product_cat-jeu-et-apprentissage-pour-bebes-et-jeunes-enfants","10":"product_cat-jouer","11":"product_cat-jouets-a-pousser","12":"product_cat-le-toy-van-fr","13":"product_cat-marques","14":"product_cat-nouveautes","15":"product_cat-tranche-dage","16":"product_tag-jouet-durable-en-bois","17":"product_tag-loiseau-le-toy-van","18":"product_tag-pousse-en-bois-le-long-du-jouet","20":"first","21":"instock","22":"taxable","23":"shipping-taxable","24":"purchasable","25":"product-type-simple"},"yoast_head":"<!-- This site is optimized with the Yoast SEO plugin v27.1.1 - https:\/\/yoast.com\/product\/yoast-seo-wordpress\/ -->\n<title>Jouet \u00e0 pousser : oiseau - Le Toy Van - Teia Education &amp; Play<\/title>\n<meta name=\"description\" content=\"Ce jouet \u00e0 pousser de Le Toy Van Petilou est un oiseau en bois massif durable sur roues avec une poign\u00e9e d\u2019adh\u00e9rence de la taille d\u2019un enfant.\" \/>\n<meta name=\"robots\" content=\"index, follow, max-snippet:-1, max-image-preview:large, max-video-preview:-1\" \/>\n<link rel=\"canonical\" href=\"https:\/\/teiaeducation.ch\/fr\/produit\/jouet-a-pousser-en-bois-oiseau-le-toy-van\/\" \/>\n<meta property=\"og:locale\" content=\"fr_FR\" \/>\n<meta property=\"og:type\" content=\"article\" \/>\n<meta property=\"og:title\" content=\"Jouet \u00e0 pousser : oiseau - Le Toy Van - Teia Education &amp; Play\" \/>\n<meta property=\"og:description\" content=\"Ce jouet \u00e0 pousser de Le Toy Van Petilou est un oiseau en bois massif durable sur roues avec une poign\u00e9e d\u2019adh\u00e9rence de la taille d\u2019un enfant.\" \/>\n<meta property=\"og:url\" content=\"https:\/\/teiaeducation.ch\/fr\/produit\/jouet-a-pousser-en-bois-oiseau-le-toy-van\/\" \/>\n<meta property=\"og:site_name\" content=\"Sustainable Educational Products &amp; Ecological Toys\u00a0\" \/>\n<meta property=\"article:publisher\" content=\"https:\/\/www.facebook.com\/teiaeducation\/\" \/>\n<meta property=\"article:modified_time\" content=\"2021-11-30T09:10:42+00:00\" \/>\n<meta property=\"og:image\" content=\"https:\/\/teiaeducation.ch\/wp-content\/uploads\/2020\/04\/Billie-Bird-Le-Toy-Van-scaled-scaled.jpg\" \/>\n\t<meta property=\"og:image:width\" content=\"2048\" \/>\n\t<meta property=\"og:image:height\" content=\"1906\" \/>\n\t<meta property=\"og:image:type\" content=\"image\/jpeg\" \/>\n<script type=\"application\/ld+json\" class=\"yoast-schema-graph\">{\"@context\":\"https:\/\/schema.org\",\"@graph\":[{\"@type\":\"WebPage\",\"@id\":\"https:\/\/teiaeducation.ch\/fr\/produit\/jouet-a-pousser-en-bois-oiseau-le-toy-van\/\",\"url\":\"https:\/\/teiaeducation.ch\/fr\/produit\/jouet-a-pousser-en-bois-oiseau-le-toy-van\/\",\"name\":\"Jouet \u00e0 pousser : oiseau - Le Toy Van - Teia Education & Play\",\"isPartOf\":{\"@id\":\"https:\/\/teiaeducation.ch\/fr\/#website\"},\"primaryImageOfPage\":{\"@id\":\"https:\/\/teiaeducation.ch\/fr\/produit\/jouet-a-pousser-en-bois-oiseau-le-toy-van\/#primaryimage\"},\"image\":{\"@id\":\"https:\/\/teiaeducation.ch\/fr\/produit\/jouet-a-pousser-en-bois-oiseau-le-toy-van\/#primaryimage\"},\"thumbnailUrl\":\"https:\/\/teiaeducation.ch\/wp-content\/uploads\/2020\/04\/Billie-Bird-Le-Toy-Van-scaled-scaled.jpg\",\"datePublished\":\"2020-04-06T19:37:37+00:00\",\"dateModified\":\"2021-11-30T09:10:42+00:00\",\"description\":\"Ce jouet \u00e0 pousser de Le Toy Van Petilou est un oiseau en bois massif durable sur roues avec une poign\u00e9e d\u2019adh\u00e9rence de la taille d\u2019un enfant.\",\"breadcrumb\":{\"@id\":\"https:\/\/teiaeducation.ch\/fr\/produit\/jouet-a-pousser-en-bois-oiseau-le-toy-van\/#breadcrumb\"},\"inLanguage\":\"fr-FR\",\"potentialAction\":[{\"@type\":\"ReadAction\",\"target\":[\"https:\/\/teiaeducation.ch\/fr\/produit\/jouet-a-pousser-en-bois-oiseau-le-toy-van\/\"]}]},{\"@type\":\"ImageObject\",\"inLanguage\":\"fr-FR\",\"@id\":\"https:\/\/teiaeducation.ch\/fr\/produit\/jouet-a-pousser-en-bois-oiseau-le-toy-van\/#primaryimage\",\"url\":\"https:\/\/teiaeducation.ch\/wp-content\/uploads\/2020\/04\/Billie-Bird-Le-Toy-Van-scaled-scaled.jpg\",\"contentUrl\":\"https:\/\/teiaeducation.ch\/wp-content\/uploads\/2020\/04\/Billie-Bird-Le-Toy-Van-scaled-scaled.jpg\",\"width\":2048,\"height\":1906,\"caption\":\"Jouet \u00e0 pousser en bois oiseau \/ Jouet en bois durable - Le Toy Van Petilou\"},{\"@type\":\"BreadcrumbList\",\"@id\":\"https:\/\/teiaeducation.ch\/fr\/produit\/jouet-a-pousser-en-bois-oiseau-le-toy-van\/#breadcrumb\",\"itemListElement\":[{\"@type\":\"ListItem\",\"position\":1,\"name\":\"Home\",\"item\":\"https:\/\/teiaeducation.ch\/fr\/\"},{\"@type\":\"ListItem\",\"position\":2,\"name\":\"Boutique Teia Education &amp; Play\",\"item\":\"https:\/\/teiaeducation.ch\/fr\/boutique\/\"},{\"@type\":\"ListItem\",\"position\":3,\"name\":\"Nos Marques\",\"item\":\"https:\/\/teiaeducation.ch\/fr\/categorie-produit\/marques\/\"},{\"@type\":\"ListItem\",\"position\":4,\"name\":\"Le Toy Van\",\"item\":\"https:\/\/teiaeducation.ch\/fr\/categorie-produit\/marques\/le-toy-van-fr\/\"},{\"@type\":\"ListItem\",\"position\":5,\"name\":\"Jouet \u00e0 pousser : oiseau &#8211; Le Toy Van\"}]},{\"@type\":\"WebSite\",\"@id\":\"https:\/\/teiaeducation.ch\/fr\/#website\",\"url\":\"https:\/\/teiaeducation.ch\/fr\/\",\"name\":\"Sustainable Educational Products &amp; Ecological Toys\u00a0\",\"description\":\"Specialised Swiss shop selling sustainable educational toys and games, AMI certified Montessori materials, handmade ecological wooden Waldorf toys and arts &amp; crafts supplies, school supplies, children&#039;s furniture and Montessori reference and parenting books.\",\"publisher\":{\"@id\":\"https:\/\/teiaeducation.ch\/fr\/#organization\"},\"alternateName\":\"Teia Education & Play\",\"potentialAction\":[{\"@type\":\"SearchAction\",\"target\":{\"@type\":\"EntryPoint\",\"urlTemplate\":\"https:\/\/teiaeducation.ch\/fr\/?s={search_term_string}\"},\"query-input\":{\"@type\":\"PropertyValueSpecification\",\"valueRequired\":true,\"valueName\":\"search_term_string\"}}],\"inLanguage\":\"fr-FR\"},{\"@type\":\"Organization\",\"@id\":\"https:\/\/teiaeducation.ch\/fr\/#organization\",\"name\":\"Teia Education & Play\",\"url\":\"https:\/\/teiaeducation.ch\/fr\/\",\"logo\":{\"@type\":\"ImageObject\",\"inLanguage\":\"fr-FR\",\"@id\":\"https:\/\/teiaeducation.ch\/fr\/#\/schema\/logo\/image\/\",\"url\":\"https:\/\/teiaeducation.ch\/wp-content\/uploads\/2020\/11\/Teia-Education-Switzerland-e1620156442216.jpg\",\"contentUrl\":\"https:\/\/teiaeducation.ch\/wp-content\/uploads\/2020\/11\/Teia-Education-Switzerland-e1620156442216.jpg\",\"width\":166,\"height\":145,\"caption\":\"Teia Education & Play\"},\"image\":{\"@id\":\"https:\/\/teiaeducation.ch\/fr\/#\/schema\/logo\/image\/\"},\"sameAs\":[\"https:\/\/www.facebook.com\/teiaeducation\/\",\"https:\/\/x.com\/EducationTeia\",\"https:\/\/www.instagram.com\/teia.education\/\",\"https:\/\/www.linkedin.com\/company\/35501660\",\"https:\/\/www.pinterest.ch\/TeiaEducation\/\"]}]}<\/script>\n<!-- \/ Yoast SEO plugin. -->","yoast_head_json":{"title":"Jouet \u00e0 pousser : oiseau - Le Toy Van - Teia Education & Play","description":"Ce jouet \u00e0 pousser de Le Toy Van Petilou est un oiseau en bois massif durable sur roues avec une poign\u00e9e d\u2019adh\u00e9rence de la taille d\u2019un enfant.","robots":{"index":"index","follow":"follow","max-snippet":"max-snippet:-1","max-image-preview":"max-image-preview:large","max-video-preview":"max-video-preview:-1"},"canonical":"https:\/\/teiaeducation.ch\/fr\/produit\/jouet-a-pousser-en-bois-oiseau-le-toy-van\/","og_locale":"fr_FR","og_type":"article","og_title":"Jouet \u00e0 pousser : oiseau - Le Toy Van - Teia Education & Play","og_description":"Ce jouet \u00e0 pousser de Le Toy Van Petilou est un oiseau en bois massif durable sur roues avec une poign\u00e9e d\u2019adh\u00e9rence de la taille d\u2019un enfant.","og_url":"https:\/\/teiaeducation.ch\/fr\/produit\/jouet-a-pousser-en-bois-oiseau-le-toy-van\/","og_site_name":"Sustainable Educational Products &amp; Ecological Toys\u00a0","article_publisher":"https:\/\/www.facebook.com\/teiaeducation\/","article_modified_time":"2021-11-30T09:10:42+00:00","og_image":[{"width":2048,"height":1906,"url":"https:\/\/teiaeducation.ch\/wp-content\/uploads\/2020\/04\/Billie-Bird-Le-Toy-Van-scaled-scaled.jpg","type":"image\/jpeg"}],"schema":{"@context":"https:\/\/schema.org","@graph":[{"@type":"WebPage","@id":"https:\/\/teiaeducation.ch\/fr\/produit\/jouet-a-pousser-en-bois-oiseau-le-toy-van\/","url":"https:\/\/teiaeducation.ch\/fr\/produit\/jouet-a-pousser-en-bois-oiseau-le-toy-van\/","name":"Jouet \u00e0 pousser : oiseau - Le Toy Van - Teia Education & Play","isPartOf":{"@id":"https:\/\/teiaeducation.ch\/fr\/#website"},"primaryImageOfPage":{"@id":"https:\/\/teiaeducation.ch\/fr\/produit\/jouet-a-pousser-en-bois-oiseau-le-toy-van\/#primaryimage"},"image":{"@id":"https:\/\/teiaeducation.ch\/fr\/produit\/jouet-a-pousser-en-bois-oiseau-le-toy-van\/#primaryimage"},"thumbnailUrl":"https:\/\/teiaeducation.ch\/wp-content\/uploads\/2020\/04\/Billie-Bird-Le-Toy-Van-scaled-scaled.jpg","datePublished":"2020-04-06T19:37:37+00:00","dateModified":"2021-11-30T09:10:42+00:00","description":"Ce jouet \u00e0 pousser de Le Toy Van Petilou est un oiseau en bois massif durable sur roues avec une poign\u00e9e d\u2019adh\u00e9rence de la taille d\u2019un enfant.","breadcrumb":{"@id":"https:\/\/teiaeducation.ch\/fr\/produit\/jouet-a-pousser-en-bois-oiseau-le-toy-van\/#breadcrumb"},"inLanguage":"fr-FR","potentialAction":[{"@type":"ReadAction","target":["https:\/\/teiaeducation.ch\/fr\/produit\/jouet-a-pousser-en-bois-oiseau-le-toy-van\/"]}]},{"@type":"ImageObject","inLanguage":"fr-FR","@id":"https:\/\/teiaeducation.ch\/fr\/produit\/jouet-a-pousser-en-bois-oiseau-le-toy-van\/#primaryimage","url":"https:\/\/teiaeducation.ch\/wp-content\/uploads\/2020\/04\/Billie-Bird-Le-Toy-Van-scaled-scaled.jpg","contentUrl":"https:\/\/teiaeducation.ch\/wp-content\/uploads\/2020\/04\/Billie-Bird-Le-Toy-Van-scaled-scaled.jpg","width":2048,"height":1906,"caption":"Jouet \u00e0 pousser en bois oiseau \/ Jouet en bois durable - Le Toy Van Petilou"},{"@type":"BreadcrumbList","@id":"https:\/\/teiaeducation.ch\/fr\/produit\/jouet-a-pousser-en-bois-oiseau-le-toy-van\/#breadcrumb","itemListElement":[{"@type":"ListItem","position":1,"name":"Home","item":"https:\/\/teiaeducation.ch\/fr\/"},{"@type":"ListItem","position":2,"name":"Boutique Teia Education &amp; Play","item":"https:\/\/teiaeducation.ch\/fr\/boutique\/"},{"@type":"ListItem","position":3,"name":"Nos Marques","item":"https:\/\/teiaeducation.ch\/fr\/categorie-produit\/marques\/"},{"@type":"ListItem","position":4,"name":"Le Toy Van","item":"https:\/\/teiaeducation.ch\/fr\/categorie-produit\/marques\/le-toy-van-fr\/"},{"@type":"ListItem","position":5,"name":"Jouet \u00e0 pousser : oiseau &#8211; Le Toy Van"}]},{"@type":"WebSite","@id":"https:\/\/teiaeducation.ch\/fr\/#website","url":"https:\/\/teiaeducation.ch\/fr\/","name":"Sustainable Educational Products &amp; Ecological Toys\u00a0","description":"Specialised Swiss shop selling sustainable educational toys and games, AMI certified Montessori materials, handmade ecological wooden Waldorf toys and arts &amp; crafts supplies, school supplies, children&#039;s furniture and Montessori reference and parenting books.","publisher":{"@id":"https:\/\/teiaeducation.ch\/fr\/#organization"},"alternateName":"Teia Education & Play","potentialAction":[{"@type":"SearchAction","target":{"@type":"EntryPoint","urlTemplate":"https:\/\/teiaeducation.ch\/fr\/?s={search_term_string}"},"query-input":{"@type":"PropertyValueSpecification","valueRequired":true,"valueName":"search_term_string"}}],"inLanguage":"fr-FR"},{"@type":"Organization","@id":"https:\/\/teiaeducation.ch\/fr\/#organization","name":"Teia Education & Play","url":"https:\/\/teiaeducation.ch\/fr\/","logo":{"@type":"ImageObject","inLanguage":"fr-FR","@id":"https:\/\/teiaeducation.ch\/fr\/#\/schema\/logo\/image\/","url":"https:\/\/teiaeducation.ch\/wp-content\/uploads\/2020\/11\/Teia-Education-Switzerland-e1620156442216.jpg","contentUrl":"https:\/\/teiaeducation.ch\/wp-content\/uploads\/2020\/11\/Teia-Education-Switzerland-e1620156442216.jpg","width":166,"height":145,"caption":"Teia Education & Play"},"image":{"@id":"https:\/\/teiaeducation.ch\/fr\/#\/schema\/logo\/image\/"},"sameAs":["https:\/\/www.facebook.com\/teiaeducation\/","https:\/\/x.com\/EducationTeia","https:\/\/www.instagram.com\/teia.education\/","https:\/\/www.linkedin.com\/company\/35501660","https:\/\/www.pinterest.ch\/TeiaEducation\/"]}]}},"_links":{"self":[{"href":"https:\/\/teiaeducation.ch\/fr\/wp-json\/wp\/v2\/product\/32391","targetHints":{"allow":["GET"]}}],"collection":[{"href":"https:\/\/teiaeducation.ch\/fr\/wp-json\/wp\/v2\/product"}],"about":[{"href":"https:\/\/teiaeducation.ch\/fr\/wp-json\/wp\/v2\/types\/product"}],"replies":[{"embeddable":true,"href":"https:\/\/teiaeducation.ch\/fr\/wp-json\/wp\/v2\/comments?post=32391"}],"wp:featuredmedia":[{"embeddable":true,"href":"https:\/\/teiaeducation.ch\/fr\/wp-json\/wp\/v2\/media\/24904"}],"wp:attachment":[{"href":"https:\/\/teiaeducation.ch\/fr\/wp-json\/wp\/v2\/media?parent=32391"}],"wp:term":[{"taxonomy":"product_brand","embeddable":true,"href":"https:\/\/teiaeducation.ch\/fr\/wp-json\/wp\/v2\/product_brand?post=32391"},{"taxonomy":"product_cat","embeddable":true,"href":"https:\/\/teiaeducation.ch\/fr\/wp-json\/wp\/v2\/product_cat?post=32391"},{"taxonomy":"product_tag","embeddable":true,"href":"https:\/\/teiaeducation.ch\/fr\/wp-json\/wp\/v2\/product_tag?post=32391"}],"curies":[{"name":"wp","href":"https:\/\/api.w.org\/{rel}","templated":true}]}}