{"id":32485,"date":"2020-11-27T12:21:31","date_gmt":"2020-11-27T11:21:31","guid":{"rendered":"https:\/\/teiaeducation.ch\/?post_type=product&#038;p=32485"},"modified":"2021-11-30T14:49:53","modified_gmt":"2021-11-30T13:49:53","slug":"animaux-andes-en-bois-le-toy-van","status":"publish","type":"product","link":"https:\/\/teiaeducation.ch\/fr\/produit\/animaux-andes-en-bois-le-toy-van\/","title":{"rendered":"Les animaux des Andes en bois \u2013 Le Toy Van"},"content":{"rendered":"<p>Cet astucieux ensemble de 8 animaux empilables en bois des Andes de Le Toy Van est le jouet id\u00e9al pour apprendre et d\u00e9couvrir les diff\u00e9rents animaux que l&#8217;on trouve sur la cha\u00eene de montagnes des Andes ! Complet avec un sac en coton pour ranger et transporter facilement, ce jeu favorise le d\u00e9veloppement des comp\u00e9tences de dext\u00e9rit\u00e9 et la confiance dans un environnement amusant. L&#8217;ensemble comprend une montagne enneig\u00e9e et 8 animaux en bois dont un flamant rose, un papillon, un alpaga, un renard, un puma, un viscacha, un l\u00e9zard et un toucan \u00e0 l&#8217;\u00e9chelle des mains des tout-petits.<\/p>\n<p>Ces animaux brillants et amicaux fabriqu\u00e9s \u00e9thiquement \u00e0 partir de bois de caoutchouc durable stimuleront l\u2019imagination et d\u00e9velopperont la reconnaissance des couleurs. Chaque animal des Andes a \u00e9t\u00e9 d\u00e9cor\u00e9 \u00e0 l&#8217;aide de peintures \u00e0 l&#8217;eau pour \u00e9viter qu&#8217;il ne s&#8217;\u00e9caille, et tous les bords ont \u00e9t\u00e9 liss\u00e9s pour un toucher s\u00fbr et doux, ce qui garantit que les animaux sont sans danger pour votre enfant et respectueux de l&#8217;environnement.<\/p>\n<p>Empile les animaux embl\u00e9matiques de la cha\u00eene de montagnes des Andes jusqu&#8217;au plus haut avant qu&#8217;ils ne d\u00e9gringolent ou associe-les \u00e0 d&#8217;autres jouets pour un jeu plus ouvert. L&#8217;ensemble d&#8217;animaux des Andes \u00e0 empiler est un cadeau fantastique pour un tout-petit et est test\u00e9 en toute s\u00e9curit\u00e9 pour les enfants \u00e0 partir de 1 an.<\/p>\n<p>Le Toy Van est une soci\u00e9t\u00e9 anglaise de jouets fond\u00e9e en 1995 et sp\u00e9cialis\u00e9e dans les jouets traditionnels en bois de haute qualit\u00e9 dans un nouveau style contemporain. Tous les jouets sont fabriqu\u00e9s \u00e9thiquement selon des normes rigoureuses de qualit\u00e9, de s\u00e9curit\u00e9 et de durabilit\u00e9, en utilisant des mat\u00e9riaux naturels, y compris le caoutchouc-bois lisse recyclable. Ils sont test\u00e9s selon les normes de s\u00e9curit\u00e9 les plus \u00e9lev\u00e9es et sont conformes aux normes de s\u00e9curit\u00e9 EN-71 et ASTM.<\/p>\n<p>Ces jouets innovants et magnifiquement con\u00e7us encouragent l\u2019apprentissage pr\u00e9coce gr\u00e2ce \u00e0 des jeux de r\u00f4le imaginatifs, offrant de nombreuses possibilit\u00e9s de d\u00e9veloppement linguistique et social ainsi que la motricit\u00e9 fine et sont faits pour durer et \u00eatre appr\u00e9ci\u00e9s pour les g\u00e9n\u00e9rations \u00e0 venir.<\/p>\n<p>L&#8217;ensemble d&#8217;animaux \u00e0 empiler des Andes convient aux enfants \u00e2g\u00e9s de 18 mois et plus.<\/p>\n<p>Contenu :<\/p>\n<p>8 animaux des Andes en bois<br \/>\n1 montagne enneig\u00e9e en bois<br \/>\n1 sac en coton pour le rangement<\/p>\n","protected":false},"excerpt":{"rendered":"<p>Num\u00e9ro d\u2019article: ltvpl117<\/p>\n<p>Les 9 animaux \u00e0 empiler des Andes en bois durable de Le Toy Van est le jouet parfait pour apprendre et d\u00e9couvrir les diff\u00e9rents animaux !<\/p>\n","protected":false},"featured_media":32497,"comment_status":"open","ping_status":"closed","template":"","meta":[],"product_brand":[],"product_cat":[208,215,13131,17242,13130,13144,13152,217,5851,212],"product_tag":[18074,18060,18063,18075,18064,18065,18061,18059,18062,22132,18066],"class_list":{"0":"post-32485","1":"product","2":"type-product","3":"status-publish","4":"has-post-thumbnail","6":"product_cat-1-3-ans","7":"product_cat-3-6-ans","8":"product_cat-animaux-fermes","9":"product_cat-guide-cadeaux-1-3-ans","10":"product_cat-jouer","11":"product_cat-jouets-a-empiler","12":"product_cat-le-toy-van-fr","13":"product_cat-marques","14":"product_cat-nouveautes","15":"product_cat-tranche-dage","16":"product_tag-appareil-photo-en-bois-de-jouet","17":"product_tag-jouet-durable-en-bois","18":"product_tag-jouets-bois-dhevea","19":"product_tag-jouets-de-collection-le-toy-van-honeybake","20":"product_tag-jouets-durables-en-bois","21":"product_tag-jouets-en-bois-pour-enfants","22":"product_tag-jouets-pour-bebes","23":"product_tag-le-toy-van-fr","24":"product_tag-le-toy-van-petilou-collection-jouets","25":"product_tag-les-animaux-des-andes-en-bois-le-toy-van","26":"product_tag-meilleurs-jouets-en-bois-pour-bebes","28":"first","29":"instock","30":"taxable","31":"shipping-taxable","32":"purchasable","33":"product-type-simple"},"yoast_head":"<!-- This site is optimized with the Yoast SEO Premium plugin v25.8 (Yoast SEO v27.4) - https:\/\/yoast.com\/product\/yoast-seo-premium-wordpress\/ -->\n<title>Les animaux des Andes en bois \u2013 Le Toy Van - Teia Education &amp; Play<\/title>\n<meta name=\"description\" content=\"Les 9 animaux \u00e0 empiler des Andes en bois durable de Le Toy Van est le jouet parfait pour apprendre et d\u00e9couvrir les diff\u00e9rents animaux !\" \/>\n<meta name=\"robots\" content=\"index, follow, max-snippet:-1, max-image-preview:large, max-video-preview:-1\" \/>\n<link rel=\"canonical\" href=\"https:\/\/teiaeducation.ch\/fr\/produit\/animaux-andes-en-bois-le-toy-van\/\" \/>\n<meta property=\"og:locale\" content=\"fr_FR\" \/>\n<meta property=\"og:type\" content=\"article\" \/>\n<meta property=\"og:title\" content=\"Les animaux des Andes en bois \u2013 Le Toy Van\" \/>\n<meta property=\"og:description\" content=\"Les 9 animaux \u00e0 empiler des Andes en bois durable de Le Toy Van est le jouet parfait pour apprendre et d\u00e9couvrir les diff\u00e9rents animaux !\" \/>\n<meta property=\"og:url\" content=\"https:\/\/teiaeducation.ch\/fr\/produit\/animaux-andes-en-bois-le-toy-van\/\" \/>\n<meta property=\"og:site_name\" content=\"Sustainable Educational Products &amp; Ecological Toys\u00a0\" \/>\n<meta property=\"article:publisher\" content=\"https:\/\/www.facebook.com\/teiaeducation\/\" \/>\n<meta property=\"article:modified_time\" content=\"2021-11-30T13:49:53+00:00\" \/>\n<meta property=\"og:image\" content=\"https:\/\/teiaeducation.ch\/wp-content\/uploads\/2020\/11\/Wooden-Andes-Stacker-Le-Toy-Van.jpg\" \/>\n\t<meta property=\"og:image:width\" content=\"900\" \/>\n\t<meta property=\"og:image:height\" content=\"900\" \/>\n\t<meta property=\"og:image:type\" content=\"image\/jpeg\" \/>\n<script type=\"application\/ld+json\" class=\"yoast-schema-graph\">{\"@context\":\"https:\\\/\\\/schema.org\",\"@graph\":[{\"@type\":\"WebPage\",\"@id\":\"https:\\\/\\\/teiaeducation.ch\\\/fr\\\/produit\\\/animaux-andes-en-bois-le-toy-van\\\/\",\"url\":\"https:\\\/\\\/teiaeducation.ch\\\/fr\\\/produit\\\/animaux-andes-en-bois-le-toy-van\\\/\",\"name\":\"Les animaux des Andes en bois \u2013 Le Toy Van - Teia Education & Play\",\"isPartOf\":{\"@id\":\"https:\\\/\\\/teiaeducation.ch\\\/fr\\\/#website\"},\"primaryImageOfPage\":{\"@id\":\"https:\\\/\\\/teiaeducation.ch\\\/fr\\\/produit\\\/animaux-andes-en-bois-le-toy-van\\\/#primaryimage\"},\"image\":{\"@id\":\"https:\\\/\\\/teiaeducation.ch\\\/fr\\\/produit\\\/animaux-andes-en-bois-le-toy-van\\\/#primaryimage\"},\"thumbnailUrl\":\"https:\\\/\\\/teiaeducation.ch\\\/wp-content\\\/uploads\\\/2020\\\/11\\\/Wooden-Andes-Stacker-Le-Toy-Van.jpg\",\"datePublished\":\"2020-11-27T11:21:31+00:00\",\"dateModified\":\"2021-11-30T13:49:53+00:00\",\"description\":\"Les 9 animaux \u00e0 empiler des Andes en bois durable de Le Toy Van est le jouet parfait pour apprendre et d\u00e9couvrir les diff\u00e9rents animaux !\",\"breadcrumb\":{\"@id\":\"https:\\\/\\\/teiaeducation.ch\\\/fr\\\/produit\\\/animaux-andes-en-bois-le-toy-van\\\/#breadcrumb\"},\"inLanguage\":\"fr-FR\",\"potentialAction\":[{\"@type\":\"ReadAction\",\"target\":[\"https:\\\/\\\/teiaeducation.ch\\\/fr\\\/produit\\\/animaux-andes-en-bois-le-toy-van\\\/\"]}]},{\"@type\":\"ImageObject\",\"inLanguage\":\"fr-FR\",\"@id\":\"https:\\\/\\\/teiaeducation.ch\\\/fr\\\/produit\\\/animaux-andes-en-bois-le-toy-van\\\/#primaryimage\",\"url\":\"https:\\\/\\\/teiaeducation.ch\\\/wp-content\\\/uploads\\\/2020\\\/11\\\/Wooden-Andes-Stacker-Le-Toy-Van.jpg\",\"contentUrl\":\"https:\\\/\\\/teiaeducation.ch\\\/wp-content\\\/uploads\\\/2020\\\/11\\\/Wooden-Andes-Stacker-Le-Toy-Van.jpg\",\"width\":900,\"height\":900,\"caption\":\"Les animaux des Andes en bois \u2013 Le Toy Van\"},{\"@type\":\"BreadcrumbList\",\"@id\":\"https:\\\/\\\/teiaeducation.ch\\\/fr\\\/produit\\\/animaux-andes-en-bois-le-toy-van\\\/#breadcrumb\",\"itemListElement\":[{\"@type\":\"ListItem\",\"position\":1,\"name\":\"Home\",\"item\":\"https:\\\/\\\/teiaeducation.ch\\\/fr\\\/\"},{\"@type\":\"ListItem\",\"position\":2,\"name\":\"Boutique Teia Education &amp; Play\",\"item\":\"https:\\\/\\\/teiaeducation.ch\\\/fr\\\/boutique\\\/\"},{\"@type\":\"ListItem\",\"position\":3,\"name\":\"Nos Marques\",\"item\":\"https:\\\/\\\/teiaeducation.ch\\\/fr\\\/categorie-produit\\\/marques\\\/\"},{\"@type\":\"ListItem\",\"position\":4,\"name\":\"Le Toy Van\",\"item\":\"https:\\\/\\\/teiaeducation.ch\\\/fr\\\/categorie-produit\\\/marques\\\/le-toy-van-fr\\\/\"},{\"@type\":\"ListItem\",\"position\":5,\"name\":\"Les animaux des Andes en bois \u2013 Le Toy Van\"}]},{\"@type\":\"WebSite\",\"@id\":\"https:\\\/\\\/teiaeducation.ch\\\/fr\\\/#website\",\"url\":\"https:\\\/\\\/teiaeducation.ch\\\/fr\\\/\",\"name\":\"Sustainable Educational Products &amp; Ecological Toys\u00a0\",\"description\":\"Specialised Swiss shop selling sustainable educational toys and games, AMI certified Montessori materials, handmade ecological wooden Waldorf toys and arts &amp; crafts supplies, school supplies, children&#039;s furniture and Montessori reference and parenting books.\",\"publisher\":{\"@id\":\"https:\\\/\\\/teiaeducation.ch\\\/fr\\\/#organization\"},\"alternateName\":\"Teia Education & Play\",\"potentialAction\":[{\"@type\":\"SearchAction\",\"target\":{\"@type\":\"EntryPoint\",\"urlTemplate\":\"https:\\\/\\\/teiaeducation.ch\\\/fr\\\/?s={search_term_string}\"},\"query-input\":{\"@type\":\"PropertyValueSpecification\",\"valueRequired\":true,\"valueName\":\"search_term_string\"}}],\"inLanguage\":\"fr-FR\"},{\"@type\":\"Organization\",\"@id\":\"https:\\\/\\\/teiaeducation.ch\\\/fr\\\/#organization\",\"name\":\"Teia Education & Play\",\"url\":\"https:\\\/\\\/teiaeducation.ch\\\/fr\\\/\",\"logo\":{\"@type\":\"ImageObject\",\"inLanguage\":\"fr-FR\",\"@id\":\"https:\\\/\\\/teiaeducation.ch\\\/fr\\\/#\\\/schema\\\/logo\\\/image\\\/\",\"url\":\"https:\\\/\\\/teiaeducation.ch\\\/wp-content\\\/uploads\\\/2020\\\/11\\\/Teia-Education-Switzerland-e1620156442216.jpg\",\"contentUrl\":\"https:\\\/\\\/teiaeducation.ch\\\/wp-content\\\/uploads\\\/2020\\\/11\\\/Teia-Education-Switzerland-e1620156442216.jpg\",\"width\":166,\"height\":145,\"caption\":\"Teia Education & Play\"},\"image\":{\"@id\":\"https:\\\/\\\/teiaeducation.ch\\\/fr\\\/#\\\/schema\\\/logo\\\/image\\\/\"},\"sameAs\":[\"https:\\\/\\\/www.facebook.com\\\/teiaeducation\\\/\",\"https:\\\/\\\/x.com\\\/EducationTeia\",\"https:\\\/\\\/www.instagram.com\\\/teia.education\\\/\",\"https:\\\/\\\/www.linkedin.com\\\/company\\\/35501660\",\"https:\\\/\\\/www.pinterest.ch\\\/TeiaEducation\\\/\"]}]}<\/script>\n<meta property=\"product:price:amount\" content=\"24.90\" \/>\n<meta property=\"product:price:currency\" content=\"CHF\" \/>\n<meta property=\"og:availability\" content=\"instock\" \/>\n<meta property=\"product:availability\" content=\"instock\" \/>\n<meta property=\"product:retailer_item_id\" content=\"00000000000000000000000000000000000000000000029810\" \/>\n<meta property=\"product:condition\" content=\"new\" \/>\n<!-- \/ Yoast SEO Premium plugin. -->","yoast_head_json":{"title":"Les animaux des Andes en bois \u2013 Le Toy Van - Teia Education & Play","description":"Les 9 animaux \u00e0 empiler des Andes en bois durable de Le Toy Van est le jouet parfait pour apprendre et d\u00e9couvrir les diff\u00e9rents animaux !","robots":{"index":"index","follow":"follow","max-snippet":"max-snippet:-1","max-image-preview":"max-image-preview:large","max-video-preview":"max-video-preview:-1"},"canonical":"https:\/\/teiaeducation.ch\/fr\/produit\/animaux-andes-en-bois-le-toy-van\/","og_locale":"fr_FR","og_type":"article","og_title":"Les animaux des Andes en bois \u2013 Le Toy Van","og_description":"Les 9 animaux \u00e0 empiler des Andes en bois durable de Le Toy Van est le jouet parfait pour apprendre et d\u00e9couvrir les diff\u00e9rents animaux !","og_url":"https:\/\/teiaeducation.ch\/fr\/produit\/animaux-andes-en-bois-le-toy-van\/","og_site_name":"Sustainable Educational Products &amp; Ecological Toys\u00a0","article_publisher":"https:\/\/www.facebook.com\/teiaeducation\/","article_modified_time":"2021-11-30T13:49:53+00:00","og_image":[{"width":900,"height":900,"url":"https:\/\/teiaeducation.ch\/wp-content\/uploads\/2020\/11\/Wooden-Andes-Stacker-Le-Toy-Van.jpg","type":"image\/jpeg"}],"schema":{"@context":"https:\/\/schema.org","@graph":[{"@type":"WebPage","@id":"https:\/\/teiaeducation.ch\/fr\/produit\/animaux-andes-en-bois-le-toy-van\/","url":"https:\/\/teiaeducation.ch\/fr\/produit\/animaux-andes-en-bois-le-toy-van\/","name":"Les animaux des Andes en bois \u2013 Le Toy Van - Teia Education & Play","isPartOf":{"@id":"https:\/\/teiaeducation.ch\/fr\/#website"},"primaryImageOfPage":{"@id":"https:\/\/teiaeducation.ch\/fr\/produit\/animaux-andes-en-bois-le-toy-van\/#primaryimage"},"image":{"@id":"https:\/\/teiaeducation.ch\/fr\/produit\/animaux-andes-en-bois-le-toy-van\/#primaryimage"},"thumbnailUrl":"https:\/\/teiaeducation.ch\/wp-content\/uploads\/2020\/11\/Wooden-Andes-Stacker-Le-Toy-Van.jpg","datePublished":"2020-11-27T11:21:31+00:00","dateModified":"2021-11-30T13:49:53+00:00","description":"Les 9 animaux \u00e0 empiler des Andes en bois durable de Le Toy Van est le jouet parfait pour apprendre et d\u00e9couvrir les diff\u00e9rents animaux !","breadcrumb":{"@id":"https:\/\/teiaeducation.ch\/fr\/produit\/animaux-andes-en-bois-le-toy-van\/#breadcrumb"},"inLanguage":"fr-FR","potentialAction":[{"@type":"ReadAction","target":["https:\/\/teiaeducation.ch\/fr\/produit\/animaux-andes-en-bois-le-toy-van\/"]}]},{"@type":"ImageObject","inLanguage":"fr-FR","@id":"https:\/\/teiaeducation.ch\/fr\/produit\/animaux-andes-en-bois-le-toy-van\/#primaryimage","url":"https:\/\/teiaeducation.ch\/wp-content\/uploads\/2020\/11\/Wooden-Andes-Stacker-Le-Toy-Van.jpg","contentUrl":"https:\/\/teiaeducation.ch\/wp-content\/uploads\/2020\/11\/Wooden-Andes-Stacker-Le-Toy-Van.jpg","width":900,"height":900,"caption":"Les animaux des Andes en bois \u2013 Le Toy Van"},{"@type":"BreadcrumbList","@id":"https:\/\/teiaeducation.ch\/fr\/produit\/animaux-andes-en-bois-le-toy-van\/#breadcrumb","itemListElement":[{"@type":"ListItem","position":1,"name":"Home","item":"https:\/\/teiaeducation.ch\/fr\/"},{"@type":"ListItem","position":2,"name":"Boutique Teia Education &amp; Play","item":"https:\/\/teiaeducation.ch\/fr\/boutique\/"},{"@type":"ListItem","position":3,"name":"Nos Marques","item":"https:\/\/teiaeducation.ch\/fr\/categorie-produit\/marques\/"},{"@type":"ListItem","position":4,"name":"Le Toy Van","item":"https:\/\/teiaeducation.ch\/fr\/categorie-produit\/marques\/le-toy-van-fr\/"},{"@type":"ListItem","position":5,"name":"Les animaux des Andes en bois \u2013 Le Toy Van"}]},{"@type":"WebSite","@id":"https:\/\/teiaeducation.ch\/fr\/#website","url":"https:\/\/teiaeducation.ch\/fr\/","name":"Sustainable Educational Products &amp; Ecological Toys\u00a0","description":"Specialised Swiss shop selling sustainable educational toys and games, AMI certified Montessori materials, handmade ecological wooden Waldorf toys and arts &amp; crafts supplies, school supplies, children&#039;s furniture and Montessori reference and parenting books.","publisher":{"@id":"https:\/\/teiaeducation.ch\/fr\/#organization"},"alternateName":"Teia Education & Play","potentialAction":[{"@type":"SearchAction","target":{"@type":"EntryPoint","urlTemplate":"https:\/\/teiaeducation.ch\/fr\/?s={search_term_string}"},"query-input":{"@type":"PropertyValueSpecification","valueRequired":true,"valueName":"search_term_string"}}],"inLanguage":"fr-FR"},{"@type":"Organization","@id":"https:\/\/teiaeducation.ch\/fr\/#organization","name":"Teia Education & Play","url":"https:\/\/teiaeducation.ch\/fr\/","logo":{"@type":"ImageObject","inLanguage":"fr-FR","@id":"https:\/\/teiaeducation.ch\/fr\/#\/schema\/logo\/image\/","url":"https:\/\/teiaeducation.ch\/wp-content\/uploads\/2020\/11\/Teia-Education-Switzerland-e1620156442216.jpg","contentUrl":"https:\/\/teiaeducation.ch\/wp-content\/uploads\/2020\/11\/Teia-Education-Switzerland-e1620156442216.jpg","width":166,"height":145,"caption":"Teia Education & Play"},"image":{"@id":"https:\/\/teiaeducation.ch\/fr\/#\/schema\/logo\/image\/"},"sameAs":["https:\/\/www.facebook.com\/teiaeducation\/","https:\/\/x.com\/EducationTeia","https:\/\/www.instagram.com\/teia.education\/","https:\/\/www.linkedin.com\/company\/35501660","https:\/\/www.pinterest.ch\/TeiaEducation\/"]}]},"product_price_amount":"24.90","product_price_currency":"CHF","og_availability":"instock","product_availability":"instock","product_retailer_item_id":"00000000000000000000000000000000000000000000029810","product_condition":"new"},"_links":{"self":[{"href":"https:\/\/teiaeducation.ch\/fr\/wp-json\/wp\/v2\/product\/32485","targetHints":{"allow":["GET"]}}],"collection":[{"href":"https:\/\/teiaeducation.ch\/fr\/wp-json\/wp\/v2\/product"}],"about":[{"href":"https:\/\/teiaeducation.ch\/fr\/wp-json\/wp\/v2\/types\/product"}],"replies":[{"embeddable":true,"href":"https:\/\/teiaeducation.ch\/fr\/wp-json\/wp\/v2\/comments?post=32485"}],"wp:featuredmedia":[{"embeddable":true,"href":"https:\/\/teiaeducation.ch\/fr\/wp-json\/wp\/v2\/media\/32497"}],"wp:attachment":[{"href":"https:\/\/teiaeducation.ch\/fr\/wp-json\/wp\/v2\/media?parent=32485"}],"wp:term":[{"taxonomy":"product_brand","embeddable":true,"href":"https:\/\/teiaeducation.ch\/fr\/wp-json\/wp\/v2\/product_brand?post=32485"},{"taxonomy":"product_cat","embeddable":true,"href":"https:\/\/teiaeducation.ch\/fr\/wp-json\/wp\/v2\/product_cat?post=32485"},{"taxonomy":"product_tag","embeddable":true,"href":"https:\/\/teiaeducation.ch\/fr\/wp-json\/wp\/v2\/product_tag?post=32485"}],"curies":[{"name":"wp","href":"https:\/\/api.w.org\/{rel}","templated":true}]}}