{"id":33051,"date":"2020-12-11T22:36:43","date_gmt":"2020-12-11T21:36:43","guid":{"rendered":"https:\/\/teiaeducation.ch\/product\/set-decole-moulin-roty\/"},"modified":"2025-12-10T21:47:44","modified_gmt":"2025-12-10T20:47:44","slug":"coffret-la-petite-ecole-moulin-roty","status":"publish","type":"product","link":"https:\/\/teiaeducation.ch\/fr\/produit\/coffret-la-petite-ecole-moulin-roty\/","title":{"rendered":"La petite \u00e9cole &#8211; Moulin Roty"},"content":{"rendered":"<p>Le coffret la petite \u00e9cole pour <a href=\"https:\/\/teiaeducation.ch\/fr\/categorie-produit\/jouer\/jeu-imaginatif-faire-semblant\/\">faire semblant<\/a> de jouer \u00e0 l&#8217;\u00e9cole de Moulin Roty de la collection les coffrets m\u00e9tiers des petites merveilles contient tout ce dont les enfants ont besoin pour installer leur propre \u00e9cole.<\/p>\n<p>Ce magnifique coffret encourage des heures de jeu de r\u00f4le imaginatif. La magnifique case \u00e0 trois volets illustr\u00e9e s&#8217;ouvre en une \u00e9cole de style traditionnel avec une toile de fond et une place de rangement pour chaque accessoire.\u00a0Elle inclut une pate pour nettoyer le tableau blanc, des placards et des tableaux muraux comme une propre petite \u00e9cole.<\/p>\n<p>Cette magnifique \u00e9cole en papier et en carton de haute qualit\u00e9 inclut un mini bureau, des agendas \u00e0 devoirs, des cahiers, un stylo, des feuilles de travail et des posters et mesure 20 x 5,5 x 22 cm.<\/p>\n<p><a href=\"https:\/\/teiaeducation.ch\/fr\/categorie-produit\/marques\/moulin-roty-fr\/\">Moulin Roty<\/a> est une marque Fran\u00e7aise bien connue pour la cr\u00e9ation de <a href=\"https:\/\/teiaeducation.ch\/fr\/categorie-produit\/jouer\/\">jouets<\/a> de belle qualit\u00e9 pour les enfants ayant une forte valeur \u00e9motionnelle. Chaque jouet est un vrai personnage qui raconte des histoires et est le fruit du travail et du d\u00e9vouement de l\u2019\u00e9quipe cr\u00e9ative de la marque. En passant entre les mains d\u2019une \u00e9quipe d\u2019illustrateurs et de stylistes au c\u0153ur du Moulin Roty, \u00e0 Nort-sur-Erdre, en France, chaque jouet a un monde avec des couleurs et des mat\u00e9riaux con\u00e7us sp\u00e9cifiquement pour lui.<\/p>\n<p>Chaque jouet est test\u00e9 et approuv\u00e9 par un laboratoire ind\u00e9pendant Fran\u00e7ais et tous les jouets de Moulin Roty sont conformes \u00e0 la norme europ\u00e9enne NF-EN71 et portent la marque CE. La plupart des tissus et mat\u00e9riaux utilis\u00e9s pour cr\u00e9er les jouets proviennent de France et d\u2019Europe pour leur cr\u00e9ativit\u00e9 et leur qualit\u00e9 technique, ainsi que leur non-toxicit\u00e9, et ont pass\u00e9 des tests rigoureux par Oeko-Tex.<\/p>\n<p>La collection les petites merveilles est fabriqu\u00e9e en Chine dans une usine certifi\u00e9e ISO qui a \u00e9t\u00e9 selection\u00e9e avec le plus grand soin par Moulin Roty et avec laquelle la marque travaille depuis longtemps.<\/p>\n<p>Le coffret la petite \u00e9cole de Moulin Roty est recommand\u00e9 pour les enfants \u00e0 partir de 5 ans.<\/p>\n<p>Contenu:<\/p>\n<p>un mini bureau, des agendas \u00e0 devoirs, des cahiers, un stylo, des feuilles de travail et des posters.<br \/>\n1 bo\u00eete pour le stockage (20 x 5,5 x 22 cm)<\/p>\n","protected":false},"excerpt":{"rendered":"<p>Num\u00e9ro d&#8217;article: 710416<\/p>\n<div>La petite \u00e9cole pour faire semblant de jouer \u00e0 l&#8217;\u00e9cole de Moulin Roty contient tout ce dont les enfants ont besoin pour installer leur propre \u00e9cole !<\/div>\n","protected":false},"featured_media":33005,"comment_status":"open","ping_status":"closed","template":"","meta":[],"product_brand":[],"product_cat":[215,216,283,16897,21257,13130,291,13139,16899,217,5851,212],"product_tag":[18343,18345,17377,18342,18346,18344],"class_list":{"0":"post-33051","1":"product","2":"type-product","3":"status-publish","4":"has-post-thumbnail","6":"product_cat-3-6-ans","7":"product_cat-6-12-ans","8":"product_cat-domaines-du-curriculum","9":"product_cat-guide-cadeau-6-12-ans","10":"product_cat-guides-cadeaux","11":"product_cat-jouer","12":"product_cat-la-vie-pratique","13":"product_cat-jeu-imaginatif-faire-semblant","14":"product_cat-moulin-roty-fr","15":"product_cat-marques","16":"product_cat-nouveautes","17":"product_cat-tranche-dage","18":"product_tag-accesoires-pour-jouer-a-lecole","19":"product_tag-accessoires-pour-jouer-a-lecole","20":"product_tag-moulin-roty-fr","21":"product_tag-moulin-roty-suisse-fr","22":"product_tag-set-pour-jouer-a-lecole","23":"product_tag-set-pour-jouer-a-lecole-de-moulin-roty","25":"first","26":"outofstock","27":"taxable","28":"shipping-taxable","29":"purchasable","30":"product-type-simple"},"yoast_head":"<!-- This site is optimized with the Yoast SEO plugin v27.1.1 - https:\/\/yoast.com\/product\/yoast-seo-wordpress\/ -->\n<title>La petite \u00e9cole - Moulin Roty - Teia Education &amp; Play<\/title>\n<meta name=\"description\" content=\"La petite \u00e9cole pour faire semblant de jouer \u00e0 l&#039;\u00e9cole de Moulin Roty contient tout ce dont les enfants ont besoin pour installer leur propre \u00e9cole.\" \/>\n<meta name=\"robots\" content=\"index, follow, max-snippet:-1, max-image-preview:large, max-video-preview:-1\" \/>\n<link rel=\"canonical\" href=\"https:\/\/teiaeducation.ch\/fr\/produit\/coffret-la-petite-ecole-moulin-roty\/\" \/>\n<meta property=\"og:locale\" content=\"fr_FR\" \/>\n<meta property=\"og:type\" content=\"article\" \/>\n<meta property=\"og:title\" content=\"La petite \u00e9cole - Moulin Roty - Teia Education &amp; Play\" \/>\n<meta property=\"og:description\" content=\"La petite \u00e9cole pour faire semblant de jouer \u00e0 l&#039;\u00e9cole de Moulin Roty contient tout ce dont les enfants ont besoin pour installer leur propre \u00e9cole.\" \/>\n<meta property=\"og:url\" content=\"https:\/\/teiaeducation.ch\/fr\/produit\/coffret-la-petite-ecole-moulin-roty\/\" \/>\n<meta property=\"og:site_name\" content=\"Sustainable Educational Products &amp; Ecological Toys\u00a0\" \/>\n<meta property=\"article:publisher\" content=\"https:\/\/www.facebook.com\/teiaeducation\/\" \/>\n<meta property=\"article:modified_time\" content=\"2025-12-10T20:47:44+00:00\" \/>\n<meta property=\"og:image\" content=\"https:\/\/teiaeducation.ch\/wp-content\/uploads\/2020\/12\/School-set-Moulin-Roty.jpg\" \/>\n\t<meta property=\"og:image:width\" content=\"706\" \/>\n\t<meta property=\"og:image:height\" content=\"900\" \/>\n\t<meta property=\"og:image:type\" content=\"image\/jpeg\" \/>\n<script type=\"application\/ld+json\" class=\"yoast-schema-graph\">{\"@context\":\"https:\/\/schema.org\",\"@graph\":[{\"@type\":\"WebPage\",\"@id\":\"https:\/\/teiaeducation.ch\/fr\/produit\/coffret-la-petite-ecole-moulin-roty\/\",\"url\":\"https:\/\/teiaeducation.ch\/fr\/produit\/coffret-la-petite-ecole-moulin-roty\/\",\"name\":\"La petite \u00e9cole - Moulin Roty - Teia Education & Play\",\"isPartOf\":{\"@id\":\"https:\/\/teiaeducation.ch\/fr\/#website\"},\"primaryImageOfPage\":{\"@id\":\"https:\/\/teiaeducation.ch\/fr\/produit\/coffret-la-petite-ecole-moulin-roty\/#primaryimage\"},\"image\":{\"@id\":\"https:\/\/teiaeducation.ch\/fr\/produit\/coffret-la-petite-ecole-moulin-roty\/#primaryimage\"},\"thumbnailUrl\":\"https:\/\/teiaeducation.ch\/wp-content\/uploads\/2020\/12\/School-set-Moulin-Roty.jpg\",\"datePublished\":\"2020-12-11T21:36:43+00:00\",\"dateModified\":\"2025-12-10T20:47:44+00:00\",\"description\":\"La petite \u00e9cole pour faire semblant de jouer \u00e0 l'\u00e9cole de Moulin Roty contient tout ce dont les enfants ont besoin pour installer leur propre \u00e9cole.\",\"breadcrumb\":{\"@id\":\"https:\/\/teiaeducation.ch\/fr\/produit\/coffret-la-petite-ecole-moulin-roty\/#breadcrumb\"},\"inLanguage\":\"fr-FR\",\"potentialAction\":[{\"@type\":\"ReadAction\",\"target\":[\"https:\/\/teiaeducation.ch\/fr\/produit\/coffret-la-petite-ecole-moulin-roty\/\"]}]},{\"@type\":\"ImageObject\",\"inLanguage\":\"fr-FR\",\"@id\":\"https:\/\/teiaeducation.ch\/fr\/produit\/coffret-la-petite-ecole-moulin-roty\/#primaryimage\",\"url\":\"https:\/\/teiaeducation.ch\/wp-content\/uploads\/2020\/12\/School-set-Moulin-Roty.jpg\",\"contentUrl\":\"https:\/\/teiaeducation.ch\/wp-content\/uploads\/2020\/12\/School-set-Moulin-Roty.jpg\",\"width\":706,\"height\":900,\"caption\":\"Set pour jouer \u00e0 \u00eatre \u00e0 l'\u00e9cole - Moulin Roty\"},{\"@type\":\"BreadcrumbList\",\"@id\":\"https:\/\/teiaeducation.ch\/fr\/produit\/coffret-la-petite-ecole-moulin-roty\/#breadcrumb\",\"itemListElement\":[{\"@type\":\"ListItem\",\"position\":1,\"name\":\"Home\",\"item\":\"https:\/\/teiaeducation.ch\/fr\/\"},{\"@type\":\"ListItem\",\"position\":2,\"name\":\"Boutique Teia Education &amp; Play\",\"item\":\"https:\/\/teiaeducation.ch\/fr\/boutique\/\"},{\"@type\":\"ListItem\",\"position\":3,\"name\":\"Nos Marques\",\"item\":\"https:\/\/teiaeducation.ch\/fr\/categorie-produit\/marques\/\"},{\"@type\":\"ListItem\",\"position\":4,\"name\":\"Moulin Roty\",\"item\":\"https:\/\/teiaeducation.ch\/fr\/categorie-produit\/marques\/moulin-roty-fr\/\"},{\"@type\":\"ListItem\",\"position\":5,\"name\":\"La petite \u00e9cole &#8211; Moulin Roty\"}]},{\"@type\":\"WebSite\",\"@id\":\"https:\/\/teiaeducation.ch\/fr\/#website\",\"url\":\"https:\/\/teiaeducation.ch\/fr\/\",\"name\":\"Sustainable Educational Products &amp; Ecological Toys\u00a0\",\"description\":\"Specialised Swiss shop selling sustainable educational toys and games, AMI certified Montessori materials, handmade ecological wooden Waldorf toys and arts &amp; crafts supplies, school supplies, children&#039;s furniture and Montessori reference and parenting books.\",\"publisher\":{\"@id\":\"https:\/\/teiaeducation.ch\/fr\/#organization\"},\"alternateName\":\"Teia Education & Play\",\"potentialAction\":[{\"@type\":\"SearchAction\",\"target\":{\"@type\":\"EntryPoint\",\"urlTemplate\":\"https:\/\/teiaeducation.ch\/fr\/?s={search_term_string}\"},\"query-input\":{\"@type\":\"PropertyValueSpecification\",\"valueRequired\":true,\"valueName\":\"search_term_string\"}}],\"inLanguage\":\"fr-FR\"},{\"@type\":\"Organization\",\"@id\":\"https:\/\/teiaeducation.ch\/fr\/#organization\",\"name\":\"Teia Education & Play\",\"url\":\"https:\/\/teiaeducation.ch\/fr\/\",\"logo\":{\"@type\":\"ImageObject\",\"inLanguage\":\"fr-FR\",\"@id\":\"https:\/\/teiaeducation.ch\/fr\/#\/schema\/logo\/image\/\",\"url\":\"https:\/\/teiaeducation.ch\/wp-content\/uploads\/2020\/11\/Teia-Education-Switzerland-e1620156442216.jpg\",\"contentUrl\":\"https:\/\/teiaeducation.ch\/wp-content\/uploads\/2020\/11\/Teia-Education-Switzerland-e1620156442216.jpg\",\"width\":166,\"height\":145,\"caption\":\"Teia Education & Play\"},\"image\":{\"@id\":\"https:\/\/teiaeducation.ch\/fr\/#\/schema\/logo\/image\/\"},\"sameAs\":[\"https:\/\/www.facebook.com\/teiaeducation\/\",\"https:\/\/x.com\/EducationTeia\",\"https:\/\/www.instagram.com\/teia.education\/\",\"https:\/\/www.linkedin.com\/company\/35501660\",\"https:\/\/www.pinterest.ch\/TeiaEducation\/\"]}]}<\/script>\n<!-- \/ Yoast SEO plugin. -->","yoast_head_json":{"title":"La petite \u00e9cole - Moulin Roty - Teia Education & Play","description":"La petite \u00e9cole pour faire semblant de jouer \u00e0 l'\u00e9cole de Moulin Roty contient tout ce dont les enfants ont besoin pour installer leur propre \u00e9cole.","robots":{"index":"index","follow":"follow","max-snippet":"max-snippet:-1","max-image-preview":"max-image-preview:large","max-video-preview":"max-video-preview:-1"},"canonical":"https:\/\/teiaeducation.ch\/fr\/produit\/coffret-la-petite-ecole-moulin-roty\/","og_locale":"fr_FR","og_type":"article","og_title":"La petite \u00e9cole - Moulin Roty - Teia Education & Play","og_description":"La petite \u00e9cole pour faire semblant de jouer \u00e0 l'\u00e9cole de Moulin Roty contient tout ce dont les enfants ont besoin pour installer leur propre \u00e9cole.","og_url":"https:\/\/teiaeducation.ch\/fr\/produit\/coffret-la-petite-ecole-moulin-roty\/","og_site_name":"Sustainable Educational Products &amp; Ecological Toys\u00a0","article_publisher":"https:\/\/www.facebook.com\/teiaeducation\/","article_modified_time":"2025-12-10T20:47:44+00:00","og_image":[{"width":706,"height":900,"url":"https:\/\/teiaeducation.ch\/wp-content\/uploads\/2020\/12\/School-set-Moulin-Roty.jpg","type":"image\/jpeg"}],"schema":{"@context":"https:\/\/schema.org","@graph":[{"@type":"WebPage","@id":"https:\/\/teiaeducation.ch\/fr\/produit\/coffret-la-petite-ecole-moulin-roty\/","url":"https:\/\/teiaeducation.ch\/fr\/produit\/coffret-la-petite-ecole-moulin-roty\/","name":"La petite \u00e9cole - Moulin Roty - Teia Education & Play","isPartOf":{"@id":"https:\/\/teiaeducation.ch\/fr\/#website"},"primaryImageOfPage":{"@id":"https:\/\/teiaeducation.ch\/fr\/produit\/coffret-la-petite-ecole-moulin-roty\/#primaryimage"},"image":{"@id":"https:\/\/teiaeducation.ch\/fr\/produit\/coffret-la-petite-ecole-moulin-roty\/#primaryimage"},"thumbnailUrl":"https:\/\/teiaeducation.ch\/wp-content\/uploads\/2020\/12\/School-set-Moulin-Roty.jpg","datePublished":"2020-12-11T21:36:43+00:00","dateModified":"2025-12-10T20:47:44+00:00","description":"La petite \u00e9cole pour faire semblant de jouer \u00e0 l'\u00e9cole de Moulin Roty contient tout ce dont les enfants ont besoin pour installer leur propre \u00e9cole.","breadcrumb":{"@id":"https:\/\/teiaeducation.ch\/fr\/produit\/coffret-la-petite-ecole-moulin-roty\/#breadcrumb"},"inLanguage":"fr-FR","potentialAction":[{"@type":"ReadAction","target":["https:\/\/teiaeducation.ch\/fr\/produit\/coffret-la-petite-ecole-moulin-roty\/"]}]},{"@type":"ImageObject","inLanguage":"fr-FR","@id":"https:\/\/teiaeducation.ch\/fr\/produit\/coffret-la-petite-ecole-moulin-roty\/#primaryimage","url":"https:\/\/teiaeducation.ch\/wp-content\/uploads\/2020\/12\/School-set-Moulin-Roty.jpg","contentUrl":"https:\/\/teiaeducation.ch\/wp-content\/uploads\/2020\/12\/School-set-Moulin-Roty.jpg","width":706,"height":900,"caption":"Set pour jouer \u00e0 \u00eatre \u00e0 l'\u00e9cole - Moulin Roty"},{"@type":"BreadcrumbList","@id":"https:\/\/teiaeducation.ch\/fr\/produit\/coffret-la-petite-ecole-moulin-roty\/#breadcrumb","itemListElement":[{"@type":"ListItem","position":1,"name":"Home","item":"https:\/\/teiaeducation.ch\/fr\/"},{"@type":"ListItem","position":2,"name":"Boutique Teia Education &amp; Play","item":"https:\/\/teiaeducation.ch\/fr\/boutique\/"},{"@type":"ListItem","position":3,"name":"Nos Marques","item":"https:\/\/teiaeducation.ch\/fr\/categorie-produit\/marques\/"},{"@type":"ListItem","position":4,"name":"Moulin Roty","item":"https:\/\/teiaeducation.ch\/fr\/categorie-produit\/marques\/moulin-roty-fr\/"},{"@type":"ListItem","position":5,"name":"La petite \u00e9cole &#8211; Moulin Roty"}]},{"@type":"WebSite","@id":"https:\/\/teiaeducation.ch\/fr\/#website","url":"https:\/\/teiaeducation.ch\/fr\/","name":"Sustainable Educational Products &amp; Ecological Toys\u00a0","description":"Specialised Swiss shop selling sustainable educational toys and games, AMI certified Montessori materials, handmade ecological wooden Waldorf toys and arts &amp; crafts supplies, school supplies, children&#039;s furniture and Montessori reference and parenting books.","publisher":{"@id":"https:\/\/teiaeducation.ch\/fr\/#organization"},"alternateName":"Teia Education & Play","potentialAction":[{"@type":"SearchAction","target":{"@type":"EntryPoint","urlTemplate":"https:\/\/teiaeducation.ch\/fr\/?s={search_term_string}"},"query-input":{"@type":"PropertyValueSpecification","valueRequired":true,"valueName":"search_term_string"}}],"inLanguage":"fr-FR"},{"@type":"Organization","@id":"https:\/\/teiaeducation.ch\/fr\/#organization","name":"Teia Education & Play","url":"https:\/\/teiaeducation.ch\/fr\/","logo":{"@type":"ImageObject","inLanguage":"fr-FR","@id":"https:\/\/teiaeducation.ch\/fr\/#\/schema\/logo\/image\/","url":"https:\/\/teiaeducation.ch\/wp-content\/uploads\/2020\/11\/Teia-Education-Switzerland-e1620156442216.jpg","contentUrl":"https:\/\/teiaeducation.ch\/wp-content\/uploads\/2020\/11\/Teia-Education-Switzerland-e1620156442216.jpg","width":166,"height":145,"caption":"Teia Education & Play"},"image":{"@id":"https:\/\/teiaeducation.ch\/fr\/#\/schema\/logo\/image\/"},"sameAs":["https:\/\/www.facebook.com\/teiaeducation\/","https:\/\/x.com\/EducationTeia","https:\/\/www.instagram.com\/teia.education\/","https:\/\/www.linkedin.com\/company\/35501660","https:\/\/www.pinterest.ch\/TeiaEducation\/"]}]}},"_links":{"self":[{"href":"https:\/\/teiaeducation.ch\/fr\/wp-json\/wp\/v2\/product\/33051","targetHints":{"allow":["GET"]}}],"collection":[{"href":"https:\/\/teiaeducation.ch\/fr\/wp-json\/wp\/v2\/product"}],"about":[{"href":"https:\/\/teiaeducation.ch\/fr\/wp-json\/wp\/v2\/types\/product"}],"replies":[{"embeddable":true,"href":"https:\/\/teiaeducation.ch\/fr\/wp-json\/wp\/v2\/comments?post=33051"}],"wp:featuredmedia":[{"embeddable":true,"href":"https:\/\/teiaeducation.ch\/fr\/wp-json\/wp\/v2\/media\/33005"}],"wp:attachment":[{"href":"https:\/\/teiaeducation.ch\/fr\/wp-json\/wp\/v2\/media?parent=33051"}],"wp:term":[{"taxonomy":"product_brand","embeddable":true,"href":"https:\/\/teiaeducation.ch\/fr\/wp-json\/wp\/v2\/product_brand?post=33051"},{"taxonomy":"product_cat","embeddable":true,"href":"https:\/\/teiaeducation.ch\/fr\/wp-json\/wp\/v2\/product_cat?post=33051"},{"taxonomy":"product_tag","embeddable":true,"href":"https:\/\/teiaeducation.ch\/fr\/wp-json\/wp\/v2\/product_tag?post=33051"}],"curies":[{"name":"wp","href":"https:\/\/api.w.org\/{rel}","templated":true}]}}