{"id":33103,"date":"2020-12-11T14:01:06","date_gmt":"2020-12-11T13:01:06","guid":{"rendered":"https:\/\/teiaeducation.ch\/product\/set-de-bols-arc-en-ciel-grimms\/"},"modified":"2025-10-14T14:18:31","modified_gmt":"2025-10-14T12:18:31","slug":"set-de-bols-gigognes-arc-en-ciel-bleu-grimms","status":"publish","type":"product","link":"https:\/\/teiaeducation.ch\/fr\/produit\/set-de-bols-gigognes-arc-en-ciel-bleu-grimms\/","title":{"rendered":"Set de bols gigognes arc-en-ciel bleu &#8211; Grimms"},"content":{"rendered":"<p>Set de bols gigognes arc-en-ciel bleu \/ Bols jouets en bois durable et fait main\u00a0&#8211; Grimm&#8217;s<\/p>\n<p>Ce set de 5 magnifiques bols gigognes arc-en-ciel en bois durable et fait main de Grimm&#8217;s est parfait pour les jeux d&#8217;empilage, de construction et de tri et pour ranger et organiser des petits jouets et objets. Ce magnifique jouet est durable et recommand\u00e9 pour les enfants \u00e0 partir de 12 mois et a gagn\u00e9 le prix Spiel Gut.<\/p>\n<p>Utilisez les bols gigognes pour trier les objets par <a href=\"\/?product_cat=couleur\">couleur<\/a>, embo\u00eetez-les les uns dans les autres ou empilez-les pour former une tour. Les bols peuvent \u00eatre ajout\u00e9s \u00e0 des jeux de construction, pour des jeux ouverts dans un petit monde ou pour faire semblant de jouer avec des bols, des tasses ou des casseroles. Un jouet inspirant pour les jeux Waldorf et Montessori.<\/p>\n<p>Le set de bols arc-en-ciel de Grimm&#8217;s est fait en bois d&#8217;aulne et est fini dans des magnifiques couleurs de l&#8217;arc-en-ciel brillantes non toxiques et \u00e0 base d&#8217;eau et est enti\u00e8rement s\u00fbr pour les petits enfants. Il y a 5 magnifiques bols en bois, chacun dans une diff\u00e9rente teinte de l&#8217;arc-en-ciel. Le plus grand bol a un diam\u00e8tre de 11cm.<\/p>\n<p>Id\u00e9al pour jouer \u00e0 la maison, \u00e0 la cr\u00e8che, \u00e0 Waldorf ou \u00e0 l\u2019\u00e9cole Steiner, les beaux jouets en bois naturel de Grimm&#8217;s sont fabriqu\u00e9s selon la philosophie Waldorf qui est bien connue pour encourager les enfants \u00e0 d\u00e9couvrir le jeu cr\u00e9atif de mani\u00e8re ind\u00e9pendante, sans limitations et \u00e0 un rythme effr\u00e9n\u00e9. Les jouets en bois de Grimm&#8217;s sont color\u00e9s \u00e0 la main avec des peintures \u00e0 base d\u2019eau non toxiques et ne sont pas finis avec de la laque pour assurer les caract\u00e9ristiques originales du bois et pour qu&#8217;on puisse voir le grain \u00e0 travers. La surface des morceaux de bois europ\u00e9ens certifi\u00e9s FSC est laiss\u00e9e l\u00e9g\u00e8rement rugueuse, ce qui les rend plus facilement empilables et moins glissants.<\/p>\n<p>Les jouets en bois de Grimm&#8217;s sont fabriqu\u00e9s dans les installations de Grimm&#8217;s en Allemagne ainsi que dans plusieurs ateliers \u00e0 travers l\u2019Europe \u00e0 partir de diff\u00e9rents types de bois tels que l\u2019aulne, la chaux, le h\u00eatre et l\u2019\u00e9rable. Tout le bois utilis\u00e9 pour fabriquer les jouets de Grimm&#8217;s provient de for\u00eats europ\u00e9ennes g\u00e9r\u00e9es de mani\u00e8re durable.<\/p>\n<p>Veuillez noter que les jouets de Grimm&#8217;s sont toujours uniques, et portent des marques uniques faites par la nature. Le grain du bois a des structures et des couleurs changeantes qui servent de preuve de ses origines naturelles. Les variations uniques, les marques, les noeuds, les motifs, les rayures noires ou les taches sombres qui peuvent \u00eatre visibles dans le bois des jouets de Grimm&#8217;s sont une preuve de qualit\u00e9, et non des d\u00e9fauts.<\/p>\n<p>Le set de bols gigognes arc-en-ciel bleu de Grimm&#8217;s est adapt\u00e9 pour les enfants de 1 an et plus.<\/p>\n<p>Contenu:<\/p>\n<p>5 bols gigognes en bois<\/p>\n","protected":false},"excerpt":{"rendered":"<p>num\u00e9ro d&#8217;article: gri10350<\/p>\n<p>Les bols gigognes arc-en-ciel bleu en bois durable fait main de Grimm&#8217;s sont parfait pour des jeux d&#8217;empilage, construction, tri et ranger jouets.<\/p>\n","protected":false},"featured_media":30988,"comment_status":"open","ping_status":"closed","template":"","meta":[],"product_brand":[],"product_cat":[208,215,633,24870,635,283,8526,17212,8572,13130,13144,626,23020,23021,13140,13142,217,5851,209,212],"product_tag":[17337,17463,18372,18375,18373,18376,18380,8625,18378,17332,17334,17335,17462,18377,17468,18371,17563,18379,17331,17550,18381,17336,18374],"class_list":{"0":"post-33103","1":"product","2":"type-product","3":"status-publish","4":"has-post-thumbnail","6":"product_cat-1-3-ans","7":"product_cat-3-6-ans","8":"product_cat-apprendre-les-couleurs","9":"product_cat-bols-ensembles-de-boites","10":"product_cat-competences-motrices","11":"product_cat-domaines-du-curriculum","12":"product_cat-fournitures-scolaires-a-domicile","13":"product_cat-grimms-fr","14":"product_cat-jeu-et-apprentissage-pour-bebes-et-jeunes-enfants","15":"product_cat-jouer","16":"product_cat-jouets-a-empiler","17":"product_cat-jouets-a-trier","18":"product_cat-jouets-en-bois","19":"product_cat-jouets-waldorf","20":"product_cat-jeu-libre","21":"product_cat-jeu-sensoriel","22":"product_cat-marques","23":"product_cat-nouveautes","24":"product_cat-sensorielles-motrices","25":"product_cat-tranche-dage","26":"product_tag-arc-en-ciel-colore-en-bois-fait-main","27":"product_tag-assortiment-de-blocs-de-construction-en-bois-de-grimm","28":"product_tag-bols-a-emboiter-en-bois","29":"product_tag-bols-arc-en-ciel-de-grimms","30":"product_tag-bols-de-grimms","31":"product_tag-bols-pour-trier-en-bois","32":"product_tag-bons-jouets-en-bois","33":"product_tag-fabrique-en-allemagne","34":"product_tag-gagnant-de-spiel-gut-fr","35":"product_tag-grimm-suisse","36":"product_tag-grimm-suisse-fr","37":"product_tag-grimme-suisse","38":"product_tag-jeux-libres-en-bois","39":"product_tag-jouets-a-emboiter-en-bois","40":"product_tag-jouets-demboitage-grimm","41":"product_tag-jouets-en-bois-a-empiler","42":"product_tag-jouets-en-bois-durables","43":"product_tag-jouets-en-bois-gagnant-dun-prix","44":"product_tag-jouets-en-bois-waldorf","45":"product_tag-jouets-spielgut","46":"product_tag-jouets-surs-et-non-toxiques","47":"product_tag-magasin-de-jouets-en-bois-grimm","48":"product_tag-set-de-bols-de-grimms","50":"first","51":"outofstock","52":"taxable","53":"shipping-taxable","54":"purchasable","55":"product-type-simple"},"yoast_head":"<!-- This site is optimized with the Yoast SEO plugin v27.1.1 - https:\/\/yoast.com\/product\/yoast-seo-wordpress\/ -->\n<title>Set de bols gigognes arc-en-ciel bleu - Grimms - Teia Education &amp; Play<\/title>\n<meta name=\"description\" content=\"Les bols gigognes arc-en-ciel bleu en bois durable fait main de Grimm&#039;s sont parfait pour des jeux d&#039;empilage, construction, tri et ranger jouets.\" \/>\n<meta name=\"robots\" content=\"index, follow, max-snippet:-1, max-image-preview:large, max-video-preview:-1\" \/>\n<link rel=\"canonical\" href=\"https:\/\/teiaeducation.ch\/fr\/produit\/set-de-bols-gigognes-arc-en-ciel-bleu-grimms\/\" \/>\n<meta property=\"og:locale\" content=\"fr_FR\" \/>\n<meta property=\"og:type\" content=\"article\" \/>\n<meta property=\"og:title\" content=\"Set de bols gigognes arc-en-ciel bleu - Grimms - Teia Education &amp; Play\" \/>\n<meta property=\"og:description\" content=\"Les bols gigognes arc-en-ciel bleu en bois durable fait main de Grimm&#039;s sont parfait pour des jeux d&#039;empilage, construction, tri et ranger jouets.\" \/>\n<meta property=\"og:url\" content=\"https:\/\/teiaeducation.ch\/fr\/produit\/set-de-bols-gigognes-arc-en-ciel-bleu-grimms\/\" \/>\n<meta property=\"og:site_name\" content=\"Sustainable Educational Products &amp; Ecological Toys\u00a0\" \/>\n<meta property=\"article:publisher\" content=\"https:\/\/www.facebook.com\/teiaeducation\/\" \/>\n<meta property=\"article:modified_time\" content=\"2025-10-14T12:18:31+00:00\" \/>\n<meta property=\"og:image\" content=\"https:\/\/teiaeducation.ch\/wp-content\/uploads\/2020\/10\/Rainbow-blue-set-of-bowls-Grimms.jpg\" \/>\n\t<meta property=\"og:image:width\" content=\"800\" \/>\n\t<meta property=\"og:image:height\" content=\"821\" \/>\n\t<meta property=\"og:image:type\" content=\"image\/jpeg\" \/>\n<script type=\"application\/ld+json\" class=\"yoast-schema-graph\">{\"@context\":\"https:\/\/schema.org\",\"@graph\":[{\"@type\":\"WebPage\",\"@id\":\"https:\/\/teiaeducation.ch\/fr\/produit\/set-de-bols-gigognes-arc-en-ciel-bleu-grimms\/\",\"url\":\"https:\/\/teiaeducation.ch\/fr\/produit\/set-de-bols-gigognes-arc-en-ciel-bleu-grimms\/\",\"name\":\"Set de bols gigognes arc-en-ciel bleu - Grimms - Teia Education & Play\",\"isPartOf\":{\"@id\":\"https:\/\/teiaeducation.ch\/fr\/#website\"},\"primaryImageOfPage\":{\"@id\":\"https:\/\/teiaeducation.ch\/fr\/produit\/set-de-bols-gigognes-arc-en-ciel-bleu-grimms\/#primaryimage\"},\"image\":{\"@id\":\"https:\/\/teiaeducation.ch\/fr\/produit\/set-de-bols-gigognes-arc-en-ciel-bleu-grimms\/#primaryimage\"},\"thumbnailUrl\":\"https:\/\/teiaeducation.ch\/wp-content\/uploads\/2020\/10\/Rainbow-blue-set-of-bowls-Grimms.jpg\",\"datePublished\":\"2020-12-11T13:01:06+00:00\",\"dateModified\":\"2025-10-14T12:18:31+00:00\",\"description\":\"Les bols gigognes arc-en-ciel bleu en bois durable fait main de Grimm's sont parfait pour des jeux d'empilage, construction, tri et ranger jouets.\",\"breadcrumb\":{\"@id\":\"https:\/\/teiaeducation.ch\/fr\/produit\/set-de-bols-gigognes-arc-en-ciel-bleu-grimms\/#breadcrumb\"},\"inLanguage\":\"fr-FR\",\"potentialAction\":[{\"@type\":\"ReadAction\",\"target\":[\"https:\/\/teiaeducation.ch\/fr\/produit\/set-de-bols-gigognes-arc-en-ciel-bleu-grimms\/\"]}]},{\"@type\":\"ImageObject\",\"inLanguage\":\"fr-FR\",\"@id\":\"https:\/\/teiaeducation.ch\/fr\/produit\/set-de-bols-gigognes-arc-en-ciel-bleu-grimms\/#primaryimage\",\"url\":\"https:\/\/teiaeducation.ch\/wp-content\/uploads\/2020\/10\/Rainbow-blue-set-of-bowls-Grimms.jpg\",\"contentUrl\":\"https:\/\/teiaeducation.ch\/wp-content\/uploads\/2020\/10\/Rainbow-blue-set-of-bowls-Grimms.jpg\",\"width\":800,\"height\":821,\"caption\":\"Set de bols en bois arc-en-ciel durable et fait main pour jouer - Grimms\"},{\"@type\":\"BreadcrumbList\",\"@id\":\"https:\/\/teiaeducation.ch\/fr\/produit\/set-de-bols-gigognes-arc-en-ciel-bleu-grimms\/#breadcrumb\",\"itemListElement\":[{\"@type\":\"ListItem\",\"position\":1,\"name\":\"Home\",\"item\":\"https:\/\/teiaeducation.ch\/fr\/\"},{\"@type\":\"ListItem\",\"position\":2,\"name\":\"Boutique Teia Education &amp; Play\",\"item\":\"https:\/\/teiaeducation.ch\/fr\/boutique\/\"},{\"@type\":\"ListItem\",\"position\":3,\"name\":\"Domaines du Curriculum\",\"item\":\"https:\/\/teiaeducation.ch\/fr\/categorie-produit\/domaines-du-curriculum\/\"},{\"@type\":\"ListItem\",\"position\":4,\"name\":\"Sensorielles &amp; Motrices\",\"item\":\"https:\/\/teiaeducation.ch\/fr\/categorie-produit\/domaines-du-curriculum\/sensorielles-motrices\/\"},{\"@type\":\"ListItem\",\"position\":5,\"name\":\"Apprendre les Couleurs\",\"item\":\"https:\/\/teiaeducation.ch\/fr\/categorie-produit\/domaines-du-curriculum\/sensorielles-motrices\/apprendre-les-couleurs\/\"},{\"@type\":\"ListItem\",\"position\":6,\"name\":\"Set de bols gigognes arc-en-ciel bleu &#8211; Grimms\"}]},{\"@type\":\"WebSite\",\"@id\":\"https:\/\/teiaeducation.ch\/fr\/#website\",\"url\":\"https:\/\/teiaeducation.ch\/fr\/\",\"name\":\"Sustainable Educational Products &amp; Ecological Toys\u00a0\",\"description\":\"Specialised Swiss shop selling sustainable educational toys and games, AMI certified Montessori materials, handmade ecological wooden Waldorf toys and arts &amp; crafts supplies, school supplies, children&#039;s furniture and Montessori reference and parenting books.\",\"publisher\":{\"@id\":\"https:\/\/teiaeducation.ch\/fr\/#organization\"},\"alternateName\":\"Teia Education & Play\",\"potentialAction\":[{\"@type\":\"SearchAction\",\"target\":{\"@type\":\"EntryPoint\",\"urlTemplate\":\"https:\/\/teiaeducation.ch\/fr\/?s={search_term_string}\"},\"query-input\":{\"@type\":\"PropertyValueSpecification\",\"valueRequired\":true,\"valueName\":\"search_term_string\"}}],\"inLanguage\":\"fr-FR\"},{\"@type\":\"Organization\",\"@id\":\"https:\/\/teiaeducation.ch\/fr\/#organization\",\"name\":\"Teia Education & Play\",\"url\":\"https:\/\/teiaeducation.ch\/fr\/\",\"logo\":{\"@type\":\"ImageObject\",\"inLanguage\":\"fr-FR\",\"@id\":\"https:\/\/teiaeducation.ch\/fr\/#\/schema\/logo\/image\/\",\"url\":\"https:\/\/teiaeducation.ch\/wp-content\/uploads\/2020\/11\/Teia-Education-Switzerland-e1620156442216.jpg\",\"contentUrl\":\"https:\/\/teiaeducation.ch\/wp-content\/uploads\/2020\/11\/Teia-Education-Switzerland-e1620156442216.jpg\",\"width\":166,\"height\":145,\"caption\":\"Teia Education & Play\"},\"image\":{\"@id\":\"https:\/\/teiaeducation.ch\/fr\/#\/schema\/logo\/image\/\"},\"sameAs\":[\"https:\/\/www.facebook.com\/teiaeducation\/\",\"https:\/\/x.com\/EducationTeia\",\"https:\/\/www.instagram.com\/teia.education\/\",\"https:\/\/www.linkedin.com\/company\/35501660\",\"https:\/\/www.pinterest.ch\/TeiaEducation\/\"]}]}<\/script>\n<!-- \/ Yoast SEO plugin. -->","yoast_head_json":{"title":"Set de bols gigognes arc-en-ciel bleu - Grimms - Teia Education & Play","description":"Les bols gigognes arc-en-ciel bleu en bois durable fait main de Grimm's sont parfait pour des jeux d'empilage, construction, tri et ranger jouets.","robots":{"index":"index","follow":"follow","max-snippet":"max-snippet:-1","max-image-preview":"max-image-preview:large","max-video-preview":"max-video-preview:-1"},"canonical":"https:\/\/teiaeducation.ch\/fr\/produit\/set-de-bols-gigognes-arc-en-ciel-bleu-grimms\/","og_locale":"fr_FR","og_type":"article","og_title":"Set de bols gigognes arc-en-ciel bleu - Grimms - Teia Education & Play","og_description":"Les bols gigognes arc-en-ciel bleu en bois durable fait main de Grimm's sont parfait pour des jeux d'empilage, construction, tri et ranger jouets.","og_url":"https:\/\/teiaeducation.ch\/fr\/produit\/set-de-bols-gigognes-arc-en-ciel-bleu-grimms\/","og_site_name":"Sustainable Educational Products &amp; Ecological Toys\u00a0","article_publisher":"https:\/\/www.facebook.com\/teiaeducation\/","article_modified_time":"2025-10-14T12:18:31+00:00","og_image":[{"width":800,"height":821,"url":"https:\/\/teiaeducation.ch\/wp-content\/uploads\/2020\/10\/Rainbow-blue-set-of-bowls-Grimms.jpg","type":"image\/jpeg"}],"schema":{"@context":"https:\/\/schema.org","@graph":[{"@type":"WebPage","@id":"https:\/\/teiaeducation.ch\/fr\/produit\/set-de-bols-gigognes-arc-en-ciel-bleu-grimms\/","url":"https:\/\/teiaeducation.ch\/fr\/produit\/set-de-bols-gigognes-arc-en-ciel-bleu-grimms\/","name":"Set de bols gigognes arc-en-ciel bleu - Grimms - Teia Education & Play","isPartOf":{"@id":"https:\/\/teiaeducation.ch\/fr\/#website"},"primaryImageOfPage":{"@id":"https:\/\/teiaeducation.ch\/fr\/produit\/set-de-bols-gigognes-arc-en-ciel-bleu-grimms\/#primaryimage"},"image":{"@id":"https:\/\/teiaeducation.ch\/fr\/produit\/set-de-bols-gigognes-arc-en-ciel-bleu-grimms\/#primaryimage"},"thumbnailUrl":"https:\/\/teiaeducation.ch\/wp-content\/uploads\/2020\/10\/Rainbow-blue-set-of-bowls-Grimms.jpg","datePublished":"2020-12-11T13:01:06+00:00","dateModified":"2025-10-14T12:18:31+00:00","description":"Les bols gigognes arc-en-ciel bleu en bois durable fait main de Grimm's sont parfait pour des jeux d'empilage, construction, tri et ranger jouets.","breadcrumb":{"@id":"https:\/\/teiaeducation.ch\/fr\/produit\/set-de-bols-gigognes-arc-en-ciel-bleu-grimms\/#breadcrumb"},"inLanguage":"fr-FR","potentialAction":[{"@type":"ReadAction","target":["https:\/\/teiaeducation.ch\/fr\/produit\/set-de-bols-gigognes-arc-en-ciel-bleu-grimms\/"]}]},{"@type":"ImageObject","inLanguage":"fr-FR","@id":"https:\/\/teiaeducation.ch\/fr\/produit\/set-de-bols-gigognes-arc-en-ciel-bleu-grimms\/#primaryimage","url":"https:\/\/teiaeducation.ch\/wp-content\/uploads\/2020\/10\/Rainbow-blue-set-of-bowls-Grimms.jpg","contentUrl":"https:\/\/teiaeducation.ch\/wp-content\/uploads\/2020\/10\/Rainbow-blue-set-of-bowls-Grimms.jpg","width":800,"height":821,"caption":"Set de bols en bois arc-en-ciel durable et fait main pour jouer - Grimms"},{"@type":"BreadcrumbList","@id":"https:\/\/teiaeducation.ch\/fr\/produit\/set-de-bols-gigognes-arc-en-ciel-bleu-grimms\/#breadcrumb","itemListElement":[{"@type":"ListItem","position":1,"name":"Home","item":"https:\/\/teiaeducation.ch\/fr\/"},{"@type":"ListItem","position":2,"name":"Boutique Teia Education &amp; Play","item":"https:\/\/teiaeducation.ch\/fr\/boutique\/"},{"@type":"ListItem","position":3,"name":"Domaines du Curriculum","item":"https:\/\/teiaeducation.ch\/fr\/categorie-produit\/domaines-du-curriculum\/"},{"@type":"ListItem","position":4,"name":"Sensorielles &amp; Motrices","item":"https:\/\/teiaeducation.ch\/fr\/categorie-produit\/domaines-du-curriculum\/sensorielles-motrices\/"},{"@type":"ListItem","position":5,"name":"Apprendre les Couleurs","item":"https:\/\/teiaeducation.ch\/fr\/categorie-produit\/domaines-du-curriculum\/sensorielles-motrices\/apprendre-les-couleurs\/"},{"@type":"ListItem","position":6,"name":"Set de bols gigognes arc-en-ciel bleu &#8211; Grimms"}]},{"@type":"WebSite","@id":"https:\/\/teiaeducation.ch\/fr\/#website","url":"https:\/\/teiaeducation.ch\/fr\/","name":"Sustainable Educational Products &amp; Ecological Toys\u00a0","description":"Specialised Swiss shop selling sustainable educational toys and games, AMI certified Montessori materials, handmade ecological wooden Waldorf toys and arts &amp; crafts supplies, school supplies, children&#039;s furniture and Montessori reference and parenting books.","publisher":{"@id":"https:\/\/teiaeducation.ch\/fr\/#organization"},"alternateName":"Teia Education & Play","potentialAction":[{"@type":"SearchAction","target":{"@type":"EntryPoint","urlTemplate":"https:\/\/teiaeducation.ch\/fr\/?s={search_term_string}"},"query-input":{"@type":"PropertyValueSpecification","valueRequired":true,"valueName":"search_term_string"}}],"inLanguage":"fr-FR"},{"@type":"Organization","@id":"https:\/\/teiaeducation.ch\/fr\/#organization","name":"Teia Education & Play","url":"https:\/\/teiaeducation.ch\/fr\/","logo":{"@type":"ImageObject","inLanguage":"fr-FR","@id":"https:\/\/teiaeducation.ch\/fr\/#\/schema\/logo\/image\/","url":"https:\/\/teiaeducation.ch\/wp-content\/uploads\/2020\/11\/Teia-Education-Switzerland-e1620156442216.jpg","contentUrl":"https:\/\/teiaeducation.ch\/wp-content\/uploads\/2020\/11\/Teia-Education-Switzerland-e1620156442216.jpg","width":166,"height":145,"caption":"Teia Education & Play"},"image":{"@id":"https:\/\/teiaeducation.ch\/fr\/#\/schema\/logo\/image\/"},"sameAs":["https:\/\/www.facebook.com\/teiaeducation\/","https:\/\/x.com\/EducationTeia","https:\/\/www.instagram.com\/teia.education\/","https:\/\/www.linkedin.com\/company\/35501660","https:\/\/www.pinterest.ch\/TeiaEducation\/"]}]}},"_links":{"self":[{"href":"https:\/\/teiaeducation.ch\/fr\/wp-json\/wp\/v2\/product\/33103","targetHints":{"allow":["GET"]}}],"collection":[{"href":"https:\/\/teiaeducation.ch\/fr\/wp-json\/wp\/v2\/product"}],"about":[{"href":"https:\/\/teiaeducation.ch\/fr\/wp-json\/wp\/v2\/types\/product"}],"replies":[{"embeddable":true,"href":"https:\/\/teiaeducation.ch\/fr\/wp-json\/wp\/v2\/comments?post=33103"}],"wp:featuredmedia":[{"embeddable":true,"href":"https:\/\/teiaeducation.ch\/fr\/wp-json\/wp\/v2\/media\/30988"}],"wp:attachment":[{"href":"https:\/\/teiaeducation.ch\/fr\/wp-json\/wp\/v2\/media?parent=33103"}],"wp:term":[{"taxonomy":"product_brand","embeddable":true,"href":"https:\/\/teiaeducation.ch\/fr\/wp-json\/wp\/v2\/product_brand?post=33103"},{"taxonomy":"product_cat","embeddable":true,"href":"https:\/\/teiaeducation.ch\/fr\/wp-json\/wp\/v2\/product_cat?post=33103"},{"taxonomy":"product_tag","embeddable":true,"href":"https:\/\/teiaeducation.ch\/fr\/wp-json\/wp\/v2\/product_tag?post=33103"}],"curies":[{"name":"wp","href":"https:\/\/api.w.org\/{rel}","templated":true}]}}