{"id":33200,"date":"2020-12-17T10:44:28","date_gmt":"2020-12-17T09:44:28","guid":{"rendered":"https:\/\/teiaeducation.ch\/?post_type=product&#038;p=33200"},"modified":"2022-03-09T16:00:04","modified_gmt":"2022-03-09T15:00:04","slug":"ange-gardien-bleu-sina-spielzeug","status":"publish","type":"product","link":"https:\/\/teiaeducation.ch\/fr\/produit\/ange-gardien-bleu-sina-spielzeug\/","title":{"rendered":"Ange gardien : bleu &#8211; SINA Spielzeug"},"content":{"rendered":"<p>Ange gardien musical en bois bleu \/ Ange jouet musical en bois \u2013 SINA Spielzeug<\/p>\n<p>L\u2019ange gardien musical en bois bleu de SINA Spielzeug est le jouet id\u00e9al \u00e0 offrir pour c\u00e9l\u00e9brer une naissance, un bapt\u00eame, un anniversaire ou tout simplement \u00e0 offrir \u00e0 un enfant ou \u00e0 un adulte en gage d\u2019affection ! Alors que beaucoup de d\u00e9corations de No\u00ebl et de l&#8217;Avent sont trop fragiles pour \u00eatre manipul\u00e9es par les enfants, les anges gardien de SINA font de magnifiques cadeaux pour No\u00ebl et l&#8217;Avent, comme ils sont design\u00e9s et fabriqu\u00e9s pour jouer avec.<\/p>\n<p>L&#8217;ange fait un magnifique son de tintement de cloche quand ils sont secou\u00e9s, similaires aux <a href=\"https:\/\/teiaeducation.ch\/product\/wooden-musical-dolls-sina-spielzeug\/\">poup\u00e9es musicales en bois<\/a> de SINA Spielzeug et est disponible en vert, rose et bleu ciel.<\/p>\n<p>Fabriqu\u00e9s en Allemagne et design\u00e9s par Katharina Scheithauer, l&#8217;ange en bois a des ailes en feutre rose de haute qualit\u00e9. L&#8217;ange gardien est livr\u00e9 dans un magnifique bo\u00eete cadeau et mesure 7.5cm de haut.<\/p>\n<p>Tous les jouets de SINA Spielzeug sont con\u00e7us et fabriqu\u00e9s \u00e0 la main dans l&#8217;atelier de la soci\u00e9t\u00e9 \u00e0 Neuhausen\/Erzgebirge, en Allemagne. D\u00e9velopp\u00e9 et fabriqu\u00e9 avec le plus grand soin, chaque produit SINA porte la marque CE et respecte toutes les exigences l\u00e9gales de la directive europ\u00e9enne sur la s\u00e9curit\u00e9 des jouets 2009\/48\/EC et EN 71 pour la s\u00e9curit\u00e9 des jouets. Plusieurs jouets SINA ont re\u00e7u le sceau Spielgut\u00ae.<br class=\"has-block tooltipstered\" \/>Des normes de s\u00e9curit\u00e9 \u00e9lev\u00e9es et d\u2019\u00e9thique sont exig\u00e9es des fournisseurs de mati\u00e8res premi\u00e8res ainsi qu\u2019une garantie que tous les mat\u00e9riaux et les pi\u00e8ces constitutives sont sans danger pour les enfants et sans toxines. Entreprise familiale dans l\u2019\u00e2me, la gamme SINA comprend des jouets didactiques en bois, des articles de jeu en bois \u00e0 usage th\u00e9rapeutique et des objets de jeu, y compris les cadeaux ou gaben de la p\u00e9dagogie Froebel (Fr\u00f6bel).<\/p>\n<p>SINA Spielzeug est membre du Deutscher Verband der Spielwarenindustrie, du Fachgruppe Holzspielzeug et du Pestalozzi-Fr\u00f6bel-Verband.<\/p>\n<p>L\u2019ange gardien de SINA Spielzeug en bleu convient aux enfants de 3 ans et plus.<\/p>\n<p>Attention: petites pi\u00e8ces, ne convient pas aux enfants de moins de 3 ans.<\/p>\n<p>Contenu :<\/p>\n<p>1 ange musical bleu en bois<br \/>\n1 bo\u00eete-cadeau<\/p>\n","protected":false},"excerpt":{"rendered":"<p>Num\u00e9ro d&#8217;article: 50003<\/p>\n<p>L\u2019ange gardien musical de SINA Spielzeug en bois bleu \u00e9met un joli son de cloche lorsqu\u2019il est secou\u00e9 et constitue un cadeau parfait.<\/p>\n","protected":false},"featured_media":33185,"comment_status":"open","ping_status":"closed","template":"","meta":[],"product_brand":[],"product_cat":[215,216,22032,17225,22343,22344,283,13146,17241,21257,22421,13130,23020,637,13142,217,5851,22350,209,7589,212],"product_tag":[18459,18326,18330,18331,18328,18329,18327,8622,18325],"class_list":{"0":"post-33200","1":"product","2":"type-product","3":"status-publish","4":"has-post-thumbnail","6":"product_cat-3-6-ans","7":"product_cat-6-12-ans","8":"product_cat-cadeaux-du-calendrier-de-lavent-et-de-noel","9":"product_cat-celebrations-fr","10":"product_cat-collection-hiver","11":"product_cat-collections-saisonnieres","12":"product_cat-domaines-du-curriculum","13":"product_cat-figurines-en-bois","14":"product_cat-guide-cadeaux-3-6-ans","15":"product_cat-guides-cadeaux","16":"product_cat-idees-cadeaux-pour-paques","17":"product_cat-jouer","18":"product_cat-jouets-en-bois","19":"product_cat-la-musique","20":"product_cat-jeu-sensoriel","21":"product_cat-marques","22":"product_cat-nouveautes","23":"product_cat-rituels-avent","24":"product_cat-sensorielles-motrices","25":"product_cat-sina-spielzeug-fr","26":"product_cat-tranche-dage","27":"product_tag-ange-gardien-musical-en-bois-sina-spielzeug","28":"product_tag-anges","29":"product_tag-anges-de-sina-spielzeug","30":"product_tag-anges-de-sina-spielzeug-fr","31":"product_tag-anges-musicaux","32":"product_tag-decoration-de-noel-pour-enfants","33":"product_tag-jouets-anges-en-bois","34":"product_tag-sina-spielzeug-fr","35":"product_tag-sina-spielzeug-suisse","37":"first","38":"instock","39":"taxable","40":"shipping-taxable","41":"purchasable","42":"product-type-simple"},"yoast_head":"<!-- This site is optimized with the Yoast SEO plugin v27.3 - https:\/\/yoast.com\/product\/yoast-seo-wordpress\/ -->\n<title>Ange gardien : bleu - SINA Spielzeug - Teia Education &amp; Play<\/title>\n<meta name=\"description\" content=\"L\u2019ange gardien musical de SINA Spielzeug bleu en bois \u00e9met un joli son de cloche lorsqu\u2019il est secou\u00e9 et constitue un cadeau parfait.\" \/>\n<meta name=\"robots\" content=\"index, follow, max-snippet:-1, max-image-preview:large, max-video-preview:-1\" \/>\n<link rel=\"canonical\" href=\"https:\/\/teiaeducation.ch\/fr\/produit\/ange-gardien-bleu-sina-spielzeug\/\" \/>\n<meta property=\"og:locale\" content=\"fr_FR\" \/>\n<meta property=\"og:type\" content=\"article\" \/>\n<meta property=\"og:title\" content=\"Ange gardien : bleu - SINA Spielzeug - Teia Education &amp; Play\" \/>\n<meta property=\"og:description\" content=\"L\u2019ange gardien musical de SINA Spielzeug bleu en bois \u00e9met un joli son de cloche lorsqu\u2019il est secou\u00e9 et constitue un cadeau parfait.\" \/>\n<meta property=\"og:url\" content=\"https:\/\/teiaeducation.ch\/fr\/produit\/ange-gardien-bleu-sina-spielzeug\/\" \/>\n<meta property=\"og:site_name\" content=\"Sustainable Educational Products &amp; Ecological Toys\u00a0\" \/>\n<meta property=\"article:publisher\" content=\"https:\/\/www.facebook.com\/teiaeducation\/\" \/>\n<meta property=\"article:modified_time\" content=\"2022-03-09T15:00:04+00:00\" \/>\n<meta property=\"og:image\" content=\"https:\/\/teiaeducation.ch\/wp-content\/uploads\/2020\/12\/Wooden-musical-guardian-angel-in-blue-SINA-Spielzeug-scaled.jpg\" \/>\n\t<meta property=\"og:image:width\" content=\"912\" \/>\n\t<meta property=\"og:image:height\" content=\"900\" \/>\n\t<meta property=\"og:image:type\" content=\"image\/jpeg\" \/>\n<script type=\"application\/ld+json\" class=\"yoast-schema-graph\">{\"@context\":\"https:\\\/\\\/schema.org\",\"@graph\":[{\"@type\":\"WebPage\",\"@id\":\"https:\\\/\\\/teiaeducation.ch\\\/fr\\\/produit\\\/ange-gardien-bleu-sina-spielzeug\\\/\",\"url\":\"https:\\\/\\\/teiaeducation.ch\\\/fr\\\/produit\\\/ange-gardien-bleu-sina-spielzeug\\\/\",\"name\":\"Ange gardien : bleu - SINA Spielzeug - Teia Education & Play\",\"isPartOf\":{\"@id\":\"https:\\\/\\\/teiaeducation.ch\\\/fr\\\/#website\"},\"primaryImageOfPage\":{\"@id\":\"https:\\\/\\\/teiaeducation.ch\\\/fr\\\/produit\\\/ange-gardien-bleu-sina-spielzeug\\\/#primaryimage\"},\"image\":{\"@id\":\"https:\\\/\\\/teiaeducation.ch\\\/fr\\\/produit\\\/ange-gardien-bleu-sina-spielzeug\\\/#primaryimage\"},\"thumbnailUrl\":\"https:\\\/\\\/teiaeducation.ch\\\/wp-content\\\/uploads\\\/2020\\\/12\\\/Wooden-musical-guardian-angel-in-blue-SINA-Spielzeug-scaled.jpg\",\"datePublished\":\"2020-12-17T09:44:28+00:00\",\"dateModified\":\"2022-03-09T15:00:04+00:00\",\"description\":\"L\u2019ange gardien musical de SINA Spielzeug bleu en bois \u00e9met un joli son de cloche lorsqu\u2019il est secou\u00e9 et constitue un cadeau parfait.\",\"breadcrumb\":{\"@id\":\"https:\\\/\\\/teiaeducation.ch\\\/fr\\\/produit\\\/ange-gardien-bleu-sina-spielzeug\\\/#breadcrumb\"},\"inLanguage\":\"fr-FR\",\"potentialAction\":[{\"@type\":\"ReadAction\",\"target\":[\"https:\\\/\\\/teiaeducation.ch\\\/fr\\\/produit\\\/ange-gardien-bleu-sina-spielzeug\\\/\"]}]},{\"@type\":\"ImageObject\",\"inLanguage\":\"fr-FR\",\"@id\":\"https:\\\/\\\/teiaeducation.ch\\\/fr\\\/produit\\\/ange-gardien-bleu-sina-spielzeug\\\/#primaryimage\",\"url\":\"https:\\\/\\\/teiaeducation.ch\\\/wp-content\\\/uploads\\\/2020\\\/12\\\/Wooden-musical-guardian-angel-in-blue-SINA-Spielzeug-scaled.jpg\",\"contentUrl\":\"https:\\\/\\\/teiaeducation.ch\\\/wp-content\\\/uploads\\\/2020\\\/12\\\/Wooden-musical-guardian-angel-in-blue-SINA-Spielzeug-scaled.jpg\",\"width\":912,\"height\":900,\"caption\":\"Ange gardien musicale bleu en bois - SINA Spielzeug\"},{\"@type\":\"BreadcrumbList\",\"@id\":\"https:\\\/\\\/teiaeducation.ch\\\/fr\\\/produit\\\/ange-gardien-bleu-sina-spielzeug\\\/#breadcrumb\",\"itemListElement\":[{\"@type\":\"ListItem\",\"position\":1,\"name\":\"Home\",\"item\":\"https:\\\/\\\/teiaeducation.ch\\\/fr\\\/\"},{\"@type\":\"ListItem\",\"position\":2,\"name\":\"Boutique Teia Education &amp; Play\",\"item\":\"https:\\\/\\\/teiaeducation.ch\\\/fr\\\/boutique\\\/\"},{\"@type\":\"ListItem\",\"position\":3,\"name\":\"Domaines du Curriculum\",\"item\":\"https:\\\/\\\/teiaeducation.ch\\\/fr\\\/categorie-produit\\\/domaines-du-curriculum\\\/\"},{\"@type\":\"ListItem\",\"position\":4,\"name\":\"Sensorielles &amp; Motrices\",\"item\":\"https:\\\/\\\/teiaeducation.ch\\\/fr\\\/categorie-produit\\\/domaines-du-curriculum\\\/sensorielles-motrices\\\/\"},{\"@type\":\"ListItem\",\"position\":5,\"name\":\"La Musique\",\"item\":\"https:\\\/\\\/teiaeducation.ch\\\/fr\\\/categorie-produit\\\/domaines-du-curriculum\\\/sensorielles-motrices\\\/la-musique\\\/\"},{\"@type\":\"ListItem\",\"position\":6,\"name\":\"Ange gardien : bleu &#8211; SINA Spielzeug\"}]},{\"@type\":\"WebSite\",\"@id\":\"https:\\\/\\\/teiaeducation.ch\\\/fr\\\/#website\",\"url\":\"https:\\\/\\\/teiaeducation.ch\\\/fr\\\/\",\"name\":\"Sustainable Educational Products &amp; Ecological Toys\u00a0\",\"description\":\"Specialised Swiss shop selling sustainable educational toys and games, AMI certified Montessori materials, handmade ecological wooden Waldorf toys and arts &amp; crafts supplies, school supplies, children&#039;s furniture and Montessori reference and parenting books.\",\"publisher\":{\"@id\":\"https:\\\/\\\/teiaeducation.ch\\\/fr\\\/#organization\"},\"alternateName\":\"Teia Education & Play\",\"potentialAction\":[{\"@type\":\"SearchAction\",\"target\":{\"@type\":\"EntryPoint\",\"urlTemplate\":\"https:\\\/\\\/teiaeducation.ch\\\/fr\\\/?s={search_term_string}\"},\"query-input\":{\"@type\":\"PropertyValueSpecification\",\"valueRequired\":true,\"valueName\":\"search_term_string\"}}],\"inLanguage\":\"fr-FR\"},{\"@type\":\"Organization\",\"@id\":\"https:\\\/\\\/teiaeducation.ch\\\/fr\\\/#organization\",\"name\":\"Teia Education & Play\",\"url\":\"https:\\\/\\\/teiaeducation.ch\\\/fr\\\/\",\"logo\":{\"@type\":\"ImageObject\",\"inLanguage\":\"fr-FR\",\"@id\":\"https:\\\/\\\/teiaeducation.ch\\\/fr\\\/#\\\/schema\\\/logo\\\/image\\\/\",\"url\":\"https:\\\/\\\/teiaeducation.ch\\\/wp-content\\\/uploads\\\/2020\\\/11\\\/Teia-Education-Switzerland-e1620156442216.jpg\",\"contentUrl\":\"https:\\\/\\\/teiaeducation.ch\\\/wp-content\\\/uploads\\\/2020\\\/11\\\/Teia-Education-Switzerland-e1620156442216.jpg\",\"width\":166,\"height\":145,\"caption\":\"Teia Education & Play\"},\"image\":{\"@id\":\"https:\\\/\\\/teiaeducation.ch\\\/fr\\\/#\\\/schema\\\/logo\\\/image\\\/\"},\"sameAs\":[\"https:\\\/\\\/www.facebook.com\\\/teiaeducation\\\/\",\"https:\\\/\\\/x.com\\\/EducationTeia\",\"https:\\\/\\\/www.instagram.com\\\/teia.education\\\/\",\"https:\\\/\\\/www.linkedin.com\\\/company\\\/35501660\",\"https:\\\/\\\/www.pinterest.ch\\\/TeiaEducation\\\/\"]}]}<\/script>\n<!-- \/ Yoast SEO plugin. -->","yoast_head_json":{"title":"Ange gardien : bleu - SINA Spielzeug - Teia Education & Play","description":"L\u2019ange gardien musical de SINA Spielzeug bleu en bois \u00e9met un joli son de cloche lorsqu\u2019il est secou\u00e9 et constitue un cadeau parfait.","robots":{"index":"index","follow":"follow","max-snippet":"max-snippet:-1","max-image-preview":"max-image-preview:large","max-video-preview":"max-video-preview:-1"},"canonical":"https:\/\/teiaeducation.ch\/fr\/produit\/ange-gardien-bleu-sina-spielzeug\/","og_locale":"fr_FR","og_type":"article","og_title":"Ange gardien : bleu - SINA Spielzeug - Teia Education & Play","og_description":"L\u2019ange gardien musical de SINA Spielzeug bleu en bois \u00e9met un joli son de cloche lorsqu\u2019il est secou\u00e9 et constitue un cadeau parfait.","og_url":"https:\/\/teiaeducation.ch\/fr\/produit\/ange-gardien-bleu-sina-spielzeug\/","og_site_name":"Sustainable Educational Products &amp; Ecological Toys\u00a0","article_publisher":"https:\/\/www.facebook.com\/teiaeducation\/","article_modified_time":"2022-03-09T15:00:04+00:00","og_image":[{"width":912,"height":900,"url":"https:\/\/teiaeducation.ch\/wp-content\/uploads\/2020\/12\/Wooden-musical-guardian-angel-in-blue-SINA-Spielzeug-scaled.jpg","type":"image\/jpeg"}],"schema":{"@context":"https:\/\/schema.org","@graph":[{"@type":"WebPage","@id":"https:\/\/teiaeducation.ch\/fr\/produit\/ange-gardien-bleu-sina-spielzeug\/","url":"https:\/\/teiaeducation.ch\/fr\/produit\/ange-gardien-bleu-sina-spielzeug\/","name":"Ange gardien : bleu - SINA Spielzeug - Teia Education & Play","isPartOf":{"@id":"https:\/\/teiaeducation.ch\/fr\/#website"},"primaryImageOfPage":{"@id":"https:\/\/teiaeducation.ch\/fr\/produit\/ange-gardien-bleu-sina-spielzeug\/#primaryimage"},"image":{"@id":"https:\/\/teiaeducation.ch\/fr\/produit\/ange-gardien-bleu-sina-spielzeug\/#primaryimage"},"thumbnailUrl":"https:\/\/teiaeducation.ch\/wp-content\/uploads\/2020\/12\/Wooden-musical-guardian-angel-in-blue-SINA-Spielzeug-scaled.jpg","datePublished":"2020-12-17T09:44:28+00:00","dateModified":"2022-03-09T15:00:04+00:00","description":"L\u2019ange gardien musical de SINA Spielzeug bleu en bois \u00e9met un joli son de cloche lorsqu\u2019il est secou\u00e9 et constitue un cadeau parfait.","breadcrumb":{"@id":"https:\/\/teiaeducation.ch\/fr\/produit\/ange-gardien-bleu-sina-spielzeug\/#breadcrumb"},"inLanguage":"fr-FR","potentialAction":[{"@type":"ReadAction","target":["https:\/\/teiaeducation.ch\/fr\/produit\/ange-gardien-bleu-sina-spielzeug\/"]}]},{"@type":"ImageObject","inLanguage":"fr-FR","@id":"https:\/\/teiaeducation.ch\/fr\/produit\/ange-gardien-bleu-sina-spielzeug\/#primaryimage","url":"https:\/\/teiaeducation.ch\/wp-content\/uploads\/2020\/12\/Wooden-musical-guardian-angel-in-blue-SINA-Spielzeug-scaled.jpg","contentUrl":"https:\/\/teiaeducation.ch\/wp-content\/uploads\/2020\/12\/Wooden-musical-guardian-angel-in-blue-SINA-Spielzeug-scaled.jpg","width":912,"height":900,"caption":"Ange gardien musicale bleu en bois - SINA Spielzeug"},{"@type":"BreadcrumbList","@id":"https:\/\/teiaeducation.ch\/fr\/produit\/ange-gardien-bleu-sina-spielzeug\/#breadcrumb","itemListElement":[{"@type":"ListItem","position":1,"name":"Home","item":"https:\/\/teiaeducation.ch\/fr\/"},{"@type":"ListItem","position":2,"name":"Boutique Teia Education &amp; Play","item":"https:\/\/teiaeducation.ch\/fr\/boutique\/"},{"@type":"ListItem","position":3,"name":"Domaines du Curriculum","item":"https:\/\/teiaeducation.ch\/fr\/categorie-produit\/domaines-du-curriculum\/"},{"@type":"ListItem","position":4,"name":"Sensorielles &amp; Motrices","item":"https:\/\/teiaeducation.ch\/fr\/categorie-produit\/domaines-du-curriculum\/sensorielles-motrices\/"},{"@type":"ListItem","position":5,"name":"La Musique","item":"https:\/\/teiaeducation.ch\/fr\/categorie-produit\/domaines-du-curriculum\/sensorielles-motrices\/la-musique\/"},{"@type":"ListItem","position":6,"name":"Ange gardien : bleu &#8211; SINA Spielzeug"}]},{"@type":"WebSite","@id":"https:\/\/teiaeducation.ch\/fr\/#website","url":"https:\/\/teiaeducation.ch\/fr\/","name":"Sustainable Educational Products &amp; Ecological Toys\u00a0","description":"Specialised Swiss shop selling sustainable educational toys and games, AMI certified Montessori materials, handmade ecological wooden Waldorf toys and arts &amp; crafts supplies, school supplies, children&#039;s furniture and Montessori reference and parenting books.","publisher":{"@id":"https:\/\/teiaeducation.ch\/fr\/#organization"},"alternateName":"Teia Education & Play","potentialAction":[{"@type":"SearchAction","target":{"@type":"EntryPoint","urlTemplate":"https:\/\/teiaeducation.ch\/fr\/?s={search_term_string}"},"query-input":{"@type":"PropertyValueSpecification","valueRequired":true,"valueName":"search_term_string"}}],"inLanguage":"fr-FR"},{"@type":"Organization","@id":"https:\/\/teiaeducation.ch\/fr\/#organization","name":"Teia Education & Play","url":"https:\/\/teiaeducation.ch\/fr\/","logo":{"@type":"ImageObject","inLanguage":"fr-FR","@id":"https:\/\/teiaeducation.ch\/fr\/#\/schema\/logo\/image\/","url":"https:\/\/teiaeducation.ch\/wp-content\/uploads\/2020\/11\/Teia-Education-Switzerland-e1620156442216.jpg","contentUrl":"https:\/\/teiaeducation.ch\/wp-content\/uploads\/2020\/11\/Teia-Education-Switzerland-e1620156442216.jpg","width":166,"height":145,"caption":"Teia Education & Play"},"image":{"@id":"https:\/\/teiaeducation.ch\/fr\/#\/schema\/logo\/image\/"},"sameAs":["https:\/\/www.facebook.com\/teiaeducation\/","https:\/\/x.com\/EducationTeia","https:\/\/www.instagram.com\/teia.education\/","https:\/\/www.linkedin.com\/company\/35501660","https:\/\/www.pinterest.ch\/TeiaEducation\/"]}]}},"_links":{"self":[{"href":"https:\/\/teiaeducation.ch\/fr\/wp-json\/wp\/v2\/product\/33200","targetHints":{"allow":["GET"]}}],"collection":[{"href":"https:\/\/teiaeducation.ch\/fr\/wp-json\/wp\/v2\/product"}],"about":[{"href":"https:\/\/teiaeducation.ch\/fr\/wp-json\/wp\/v2\/types\/product"}],"replies":[{"embeddable":true,"href":"https:\/\/teiaeducation.ch\/fr\/wp-json\/wp\/v2\/comments?post=33200"}],"wp:featuredmedia":[{"embeddable":true,"href":"https:\/\/teiaeducation.ch\/fr\/wp-json\/wp\/v2\/media\/33185"}],"wp:attachment":[{"href":"https:\/\/teiaeducation.ch\/fr\/wp-json\/wp\/v2\/media?parent=33200"}],"wp:term":[{"taxonomy":"product_brand","embeddable":true,"href":"https:\/\/teiaeducation.ch\/fr\/wp-json\/wp\/v2\/product_brand?post=33200"},{"taxonomy":"product_cat","embeddable":true,"href":"https:\/\/teiaeducation.ch\/fr\/wp-json\/wp\/v2\/product_cat?post=33200"},{"taxonomy":"product_tag","embeddable":true,"href":"https:\/\/teiaeducation.ch\/fr\/wp-json\/wp\/v2\/product_tag?post=33200"}],"curies":[{"name":"wp","href":"https:\/\/api.w.org\/{rel}","templated":true}]}}