{"id":33202,"date":"2020-12-17T10:47:20","date_gmt":"2020-12-17T09:47:20","guid":{"rendered":"https:\/\/teiaeducation.ch\/?post_type=product&#038;p=33202"},"modified":"2020-12-30T15:02:18","modified_gmt":"2020-12-30T14:02:18","slug":"ange-gardien-rose-sina-spielzeug","status":"publish","type":"product","link":"https:\/\/teiaeducation.ch\/fr\/produit\/ange-gardien-rose-sina-spielzeug\/","title":{"rendered":"Ange gardien: rose &#8211; SINA Spielzeug"},"content":{"rendered":"<p>Ange gardien musical en bois rose \/ Jouet musical ange en bois &#8211; SINA Spielzeug<\/p>\n<p>L&#8217;ange gardien musical en bois rose de SINA Spielzeug est le jouet parfait \u00e0 offrir pour c\u00e9l\u00e9brer une naissance, un bapt\u00eame, un anniversaire ou comme marque d&#8217;affection \u00e0 un enfant ou un adulte! Alors que beaucoup de d\u00e9corations de No\u00ebl et de l&#8217;Avent sont trop fragiles pour \u00eatre manipul\u00e9es par les enfants, les anges gardien de SINA font de magnifiques cadeaux pour No\u00ebl et l&#8217;Avent, comme ils sont design\u00e9s et fabriqu\u00e9s pour jouer avec.<\/p>\n<p>L&#8217;ange fait un magnifique son de tintement de cloche quand ils sont secou\u00e9s, similaires aux <a href=\"https:\/\/teiaeducation.ch\/product\/wooden-musical-dolls-sina-spielzeug\/\">poup\u00e9es musicales en bois<\/a> de SINA Spielzeug et est disponible en vert, rose et bleu ciel.<\/p>\n<p>Fabriqu\u00e9s en Allemagne et design\u00e9s par Katharina Scheithauer, l&#8217;ange en bois a des ailes en feutre rose de haute qualit\u00e9. L&#8217;ange gardien est livr\u00e9 dans un magnifique bo\u00eete cadeau et mesure 7.5cm de haut.<\/p>\n<p>Tous les jouets SINA Spielzeug sont con\u00e7us et fabriqu\u00e9s \u00e0 la main dans l&#8217;atelier de l\u2019entreprise \u00e0 Neuhausen\/Erzgebirge, en Allemagne. D\u00e9velopp\u00e9 et fabriqu\u00e9 avec le plus grand soin, chaque produit SINA porte la marque CE et respecte toutes les exigences l\u00e9gales de la directive europ\u00e9enne sur la s\u00e9curit\u00e9 des jouets 2009\/48\/EC et EN 71 pour la s\u00e9curit\u00e9 des jouets. Plusieurs jouets SINA ont re\u00e7u le sceau Spielgut\u00ae.<br class=\"has-block tooltipstered\">Des normes de s\u00e9curit\u00e9 \u00e9lev\u00e9es et d\u2019\u00e9thique sont exig\u00e9es des fournisseurs de mati\u00e8res premi\u00e8res ainsi qu\u2019une garantie que tous les mat\u00e9riaux et les pi\u00e8ces constitutives sont sans danger pour les enfants et sans toxines. Entreprise familiale dans l\u2019\u00e2me, la gamme SINA comprend des jouets didactiques en bois, des articles de jeu en bois \u00e0 usage th\u00e9rapeutique et des objets de jeu, y compris les cadeaux ou gaben de la p\u00e9dagogie Froebel (Fr\u00f6bel).<\/p>\n<p>SINA Spielzeug est membre du Deutscher Verband der Spielwarenindustrie, du Fachgruppe Holzspielzeug et du Pestalozzi-Fr\u00f6bel-Verband.<\/p>\n<p>L&#8217;ange gardien rose de SINA Spielzeug est adapt\u00e9 aux enfants \u00e2g\u00e9s de 3 ans et plus.<\/p>\n<p>Attention: petites pi\u00e8ces, ne convient pas aux enfants de moins de 3 ans.<\/p>\n<p>Contenu:<\/p>\n<p>1 ange musical en bois rose<br \/>\n1 bo\u00eete-cadeau<\/p>\n","protected":false},"excerpt":{"rendered":"<p>Num\u00e9ro d&#8217;article: 50002<\/p>\n<p>L&#8217;ange musical en bois rose de SINA Spielzeug produit un magnifique son de tintement de cloche quand il est secou\u00e9 et est un jouet parfait pour les enfants et les adultes!<\/p>\n","protected":false},"featured_media":33189,"comment_status":"open","ping_status":"closed","template":"","meta":[],"product_brand":[],"product_cat":[215,216,22032,17225,283,13146,17241,21257,13130,23020,637,13142,217,5851,22350,209,7589,212],"product_tag":[18459,18326,18330,18331,18328,18329,18327,8622,18325],"class_list":{"0":"post-33202","1":"product","2":"type-product","3":"status-publish","4":"has-post-thumbnail","6":"product_cat-3-6-ans","7":"product_cat-6-12-ans","8":"product_cat-cadeaux-du-calendrier-de-lavent-et-de-noel","9":"product_cat-celebrations-fr","10":"product_cat-domaines-du-curriculum","11":"product_cat-figurines-en-bois","12":"product_cat-guide-cadeaux-3-6-ans","13":"product_cat-guides-cadeaux","14":"product_cat-jouer","15":"product_cat-jouets-en-bois","16":"product_cat-la-musique","17":"product_cat-jeu-sensoriel","18":"product_cat-marques","19":"product_cat-nouveautes","20":"product_cat-rituels-avent","21":"product_cat-sensorielles-motrices","22":"product_cat-sina-spielzeug-fr","23":"product_cat-tranche-dage","24":"product_tag-ange-gardien-musical-en-bois-sina-spielzeug","25":"product_tag-anges","26":"product_tag-anges-de-sina-spielzeug","27":"product_tag-anges-de-sina-spielzeug-fr","28":"product_tag-anges-musicaux","29":"product_tag-decoration-de-noel-pour-enfants","30":"product_tag-jouets-anges-en-bois","31":"product_tag-sina-spielzeug-fr","32":"product_tag-sina-spielzeug-suisse","34":"first","35":"instock","36":"taxable","37":"shipping-taxable","38":"purchasable","39":"product-type-simple"},"yoast_head":"<!-- This site is optimized with the Yoast SEO Premium plugin v25.8 (Yoast SEO v27.4) - https:\/\/yoast.com\/product\/yoast-seo-premium-wordpress\/ -->\n<title>Ange gardien: rose - SINA Spielzeug - Teia Education &amp; Play<\/title>\n<meta name=\"description\" content=\"L&#039;ange gardien muscial rose de SINA Spielzeug produit un joli son de tintement de cloche quand il est secou\u00e9 et est un jouet parfait pour les enfants et les adultes.\" \/>\n<meta name=\"robots\" content=\"index, follow, max-snippet:-1, max-image-preview:large, max-video-preview:-1\" \/>\n<link rel=\"canonical\" href=\"https:\/\/teiaeducation.ch\/fr\/produit\/ange-gardien-rose-sina-spielzeug\/\" \/>\n<meta property=\"og:locale\" content=\"fr_FR\" \/>\n<meta property=\"og:type\" content=\"article\" \/>\n<meta property=\"og:title\" content=\"Ange gardien: rose - SINA Spielzeug\" \/>\n<meta property=\"og:description\" content=\"L&#039;ange gardien muscial rose de SINA Spielzeug produit un joli son de tintement de cloche quand il est secou\u00e9 et est un jouet parfait pour les enfants et les adultes.\" \/>\n<meta property=\"og:url\" content=\"https:\/\/teiaeducation.ch\/fr\/produit\/ange-gardien-rose-sina-spielzeug\/\" \/>\n<meta property=\"og:site_name\" content=\"Sustainable Educational Products &amp; Ecological Toys\u00a0\" \/>\n<meta property=\"article:publisher\" content=\"https:\/\/www.facebook.com\/teiaeducation\/\" \/>\n<meta property=\"article:modified_time\" content=\"2020-12-30T14:02:18+00:00\" \/>\n<meta property=\"og:image\" content=\"https:\/\/teiaeducation.ch\/wp-content\/uploads\/2020\/12\/Wooden-musical-guardian-angel-in-pink-SINA-Spielzeug-scaled.jpg\" \/>\n\t<meta property=\"og:image:width\" content=\"879\" \/>\n\t<meta property=\"og:image:height\" content=\"900\" \/>\n\t<meta property=\"og:image:type\" content=\"image\/jpeg\" \/>\n<script type=\"application\/ld+json\" class=\"yoast-schema-graph\">{\"@context\":\"https:\\\/\\\/schema.org\",\"@graph\":[{\"@type\":\"WebPage\",\"@id\":\"https:\\\/\\\/teiaeducation.ch\\\/fr\\\/produit\\\/ange-gardien-rose-sina-spielzeug\\\/\",\"url\":\"https:\\\/\\\/teiaeducation.ch\\\/fr\\\/produit\\\/ange-gardien-rose-sina-spielzeug\\\/\",\"name\":\"Ange gardien: rose - SINA Spielzeug - Teia Education & Play\",\"isPartOf\":{\"@id\":\"https:\\\/\\\/teiaeducation.ch\\\/fr\\\/#website\"},\"primaryImageOfPage\":{\"@id\":\"https:\\\/\\\/teiaeducation.ch\\\/fr\\\/produit\\\/ange-gardien-rose-sina-spielzeug\\\/#primaryimage\"},\"image\":{\"@id\":\"https:\\\/\\\/teiaeducation.ch\\\/fr\\\/produit\\\/ange-gardien-rose-sina-spielzeug\\\/#primaryimage\"},\"thumbnailUrl\":\"https:\\\/\\\/teiaeducation.ch\\\/wp-content\\\/uploads\\\/2020\\\/12\\\/Wooden-musical-guardian-angel-in-pink-SINA-Spielzeug-scaled.jpg\",\"datePublished\":\"2020-12-17T09:47:20+00:00\",\"dateModified\":\"2020-12-30T14:02:18+00:00\",\"description\":\"L'ange gardien muscial rose de SINA Spielzeug produit un joli son de tintement de cloche quand il est secou\u00e9 et est un jouet parfait pour les enfants et les adultes.\",\"breadcrumb\":{\"@id\":\"https:\\\/\\\/teiaeducation.ch\\\/fr\\\/produit\\\/ange-gardien-rose-sina-spielzeug\\\/#breadcrumb\"},\"inLanguage\":\"fr-FR\",\"potentialAction\":[{\"@type\":\"ReadAction\",\"target\":[\"https:\\\/\\\/teiaeducation.ch\\\/fr\\\/produit\\\/ange-gardien-rose-sina-spielzeug\\\/\"]}]},{\"@type\":\"ImageObject\",\"inLanguage\":\"fr-FR\",\"@id\":\"https:\\\/\\\/teiaeducation.ch\\\/fr\\\/produit\\\/ange-gardien-rose-sina-spielzeug\\\/#primaryimage\",\"url\":\"https:\\\/\\\/teiaeducation.ch\\\/wp-content\\\/uploads\\\/2020\\\/12\\\/Wooden-musical-guardian-angel-in-pink-SINA-Spielzeug-scaled.jpg\",\"contentUrl\":\"https:\\\/\\\/teiaeducation.ch\\\/wp-content\\\/uploads\\\/2020\\\/12\\\/Wooden-musical-guardian-angel-in-pink-SINA-Spielzeug-scaled.jpg\",\"width\":879,\"height\":900,\"caption\":\"Ange gardien musicale rose en bois - SINA Spielzeug\"},{\"@type\":\"BreadcrumbList\",\"@id\":\"https:\\\/\\\/teiaeducation.ch\\\/fr\\\/produit\\\/ange-gardien-rose-sina-spielzeug\\\/#breadcrumb\",\"itemListElement\":[{\"@type\":\"ListItem\",\"position\":1,\"name\":\"Home\",\"item\":\"https:\\\/\\\/teiaeducation.ch\\\/fr\\\/\"},{\"@type\":\"ListItem\",\"position\":2,\"name\":\"Boutique Teia Education &amp; Play\",\"item\":\"https:\\\/\\\/teiaeducation.ch\\\/fr\\\/boutique\\\/\"},{\"@type\":\"ListItem\",\"position\":3,\"name\":\"Domaines du Curriculum\",\"item\":\"https:\\\/\\\/teiaeducation.ch\\\/fr\\\/categorie-produit\\\/domaines-du-curriculum\\\/\"},{\"@type\":\"ListItem\",\"position\":4,\"name\":\"Sensorielles &amp; Motrices\",\"item\":\"https:\\\/\\\/teiaeducation.ch\\\/fr\\\/categorie-produit\\\/domaines-du-curriculum\\\/sensorielles-motrices\\\/\"},{\"@type\":\"ListItem\",\"position\":5,\"name\":\"La Musique\",\"item\":\"https:\\\/\\\/teiaeducation.ch\\\/fr\\\/categorie-produit\\\/domaines-du-curriculum\\\/sensorielles-motrices\\\/la-musique\\\/\"},{\"@type\":\"ListItem\",\"position\":6,\"name\":\"Ange gardien: rose &#8211; SINA Spielzeug\"}]},{\"@type\":\"WebSite\",\"@id\":\"https:\\\/\\\/teiaeducation.ch\\\/fr\\\/#website\",\"url\":\"https:\\\/\\\/teiaeducation.ch\\\/fr\\\/\",\"name\":\"Sustainable Educational Products &amp; Ecological Toys\u00a0\",\"description\":\"Specialised Swiss shop selling sustainable educational toys and games, AMI certified Montessori materials, handmade ecological wooden Waldorf toys and arts &amp; crafts supplies, school supplies, children&#039;s furniture and Montessori reference and parenting books.\",\"publisher\":{\"@id\":\"https:\\\/\\\/teiaeducation.ch\\\/fr\\\/#organization\"},\"alternateName\":\"Teia Education & Play\",\"potentialAction\":[{\"@type\":\"SearchAction\",\"target\":{\"@type\":\"EntryPoint\",\"urlTemplate\":\"https:\\\/\\\/teiaeducation.ch\\\/fr\\\/?s={search_term_string}\"},\"query-input\":{\"@type\":\"PropertyValueSpecification\",\"valueRequired\":true,\"valueName\":\"search_term_string\"}}],\"inLanguage\":\"fr-FR\"},{\"@type\":\"Organization\",\"@id\":\"https:\\\/\\\/teiaeducation.ch\\\/fr\\\/#organization\",\"name\":\"Teia Education & Play\",\"url\":\"https:\\\/\\\/teiaeducation.ch\\\/fr\\\/\",\"logo\":{\"@type\":\"ImageObject\",\"inLanguage\":\"fr-FR\",\"@id\":\"https:\\\/\\\/teiaeducation.ch\\\/fr\\\/#\\\/schema\\\/logo\\\/image\\\/\",\"url\":\"https:\\\/\\\/teiaeducation.ch\\\/wp-content\\\/uploads\\\/2020\\\/11\\\/Teia-Education-Switzerland-e1620156442216.jpg\",\"contentUrl\":\"https:\\\/\\\/teiaeducation.ch\\\/wp-content\\\/uploads\\\/2020\\\/11\\\/Teia-Education-Switzerland-e1620156442216.jpg\",\"width\":166,\"height\":145,\"caption\":\"Teia Education & Play\"},\"image\":{\"@id\":\"https:\\\/\\\/teiaeducation.ch\\\/fr\\\/#\\\/schema\\\/logo\\\/image\\\/\"},\"sameAs\":[\"https:\\\/\\\/www.facebook.com\\\/teiaeducation\\\/\",\"https:\\\/\\\/x.com\\\/EducationTeia\",\"https:\\\/\\\/www.instagram.com\\\/teia.education\\\/\",\"https:\\\/\\\/www.linkedin.com\\\/company\\\/35501660\",\"https:\\\/\\\/www.pinterest.ch\\\/TeiaEducation\\\/\"]}]}<\/script>\n<meta property=\"product:price:amount\" content=\"33.90\" \/>\n<meta property=\"product:price:currency\" content=\"CHF\" \/>\n<meta property=\"og:availability\" content=\"instock\" \/>\n<meta property=\"product:availability\" content=\"instock\" \/>\n<meta property=\"product:retailer_item_id\" content=\"00000000000000000000000000000000000000000000032983\" \/>\n<meta property=\"product:condition\" content=\"new\" \/>\n<!-- \/ Yoast SEO Premium plugin. -->","yoast_head_json":{"title":"Ange gardien: rose - SINA Spielzeug - Teia Education & Play","description":"L'ange gardien muscial rose de SINA Spielzeug produit un joli son de tintement de cloche quand il est secou\u00e9 et est un jouet parfait pour les enfants et les adultes.","robots":{"index":"index","follow":"follow","max-snippet":"max-snippet:-1","max-image-preview":"max-image-preview:large","max-video-preview":"max-video-preview:-1"},"canonical":"https:\/\/teiaeducation.ch\/fr\/produit\/ange-gardien-rose-sina-spielzeug\/","og_locale":"fr_FR","og_type":"article","og_title":"Ange gardien: rose - SINA Spielzeug","og_description":"L'ange gardien muscial rose de SINA Spielzeug produit un joli son de tintement de cloche quand il est secou\u00e9 et est un jouet parfait pour les enfants et les adultes.","og_url":"https:\/\/teiaeducation.ch\/fr\/produit\/ange-gardien-rose-sina-spielzeug\/","og_site_name":"Sustainable Educational Products &amp; Ecological Toys\u00a0","article_publisher":"https:\/\/www.facebook.com\/teiaeducation\/","article_modified_time":"2020-12-30T14:02:18+00:00","og_image":[{"width":879,"height":900,"url":"https:\/\/teiaeducation.ch\/wp-content\/uploads\/2020\/12\/Wooden-musical-guardian-angel-in-pink-SINA-Spielzeug-scaled.jpg","type":"image\/jpeg"}],"schema":{"@context":"https:\/\/schema.org","@graph":[{"@type":"WebPage","@id":"https:\/\/teiaeducation.ch\/fr\/produit\/ange-gardien-rose-sina-spielzeug\/","url":"https:\/\/teiaeducation.ch\/fr\/produit\/ange-gardien-rose-sina-spielzeug\/","name":"Ange gardien: rose - SINA Spielzeug - Teia Education & Play","isPartOf":{"@id":"https:\/\/teiaeducation.ch\/fr\/#website"},"primaryImageOfPage":{"@id":"https:\/\/teiaeducation.ch\/fr\/produit\/ange-gardien-rose-sina-spielzeug\/#primaryimage"},"image":{"@id":"https:\/\/teiaeducation.ch\/fr\/produit\/ange-gardien-rose-sina-spielzeug\/#primaryimage"},"thumbnailUrl":"https:\/\/teiaeducation.ch\/wp-content\/uploads\/2020\/12\/Wooden-musical-guardian-angel-in-pink-SINA-Spielzeug-scaled.jpg","datePublished":"2020-12-17T09:47:20+00:00","dateModified":"2020-12-30T14:02:18+00:00","description":"L'ange gardien muscial rose de SINA Spielzeug produit un joli son de tintement de cloche quand il est secou\u00e9 et est un jouet parfait pour les enfants et les adultes.","breadcrumb":{"@id":"https:\/\/teiaeducation.ch\/fr\/produit\/ange-gardien-rose-sina-spielzeug\/#breadcrumb"},"inLanguage":"fr-FR","potentialAction":[{"@type":"ReadAction","target":["https:\/\/teiaeducation.ch\/fr\/produit\/ange-gardien-rose-sina-spielzeug\/"]}]},{"@type":"ImageObject","inLanguage":"fr-FR","@id":"https:\/\/teiaeducation.ch\/fr\/produit\/ange-gardien-rose-sina-spielzeug\/#primaryimage","url":"https:\/\/teiaeducation.ch\/wp-content\/uploads\/2020\/12\/Wooden-musical-guardian-angel-in-pink-SINA-Spielzeug-scaled.jpg","contentUrl":"https:\/\/teiaeducation.ch\/wp-content\/uploads\/2020\/12\/Wooden-musical-guardian-angel-in-pink-SINA-Spielzeug-scaled.jpg","width":879,"height":900,"caption":"Ange gardien musicale rose en bois - SINA Spielzeug"},{"@type":"BreadcrumbList","@id":"https:\/\/teiaeducation.ch\/fr\/produit\/ange-gardien-rose-sina-spielzeug\/#breadcrumb","itemListElement":[{"@type":"ListItem","position":1,"name":"Home","item":"https:\/\/teiaeducation.ch\/fr\/"},{"@type":"ListItem","position":2,"name":"Boutique Teia Education &amp; Play","item":"https:\/\/teiaeducation.ch\/fr\/boutique\/"},{"@type":"ListItem","position":3,"name":"Domaines du Curriculum","item":"https:\/\/teiaeducation.ch\/fr\/categorie-produit\/domaines-du-curriculum\/"},{"@type":"ListItem","position":4,"name":"Sensorielles &amp; Motrices","item":"https:\/\/teiaeducation.ch\/fr\/categorie-produit\/domaines-du-curriculum\/sensorielles-motrices\/"},{"@type":"ListItem","position":5,"name":"La Musique","item":"https:\/\/teiaeducation.ch\/fr\/categorie-produit\/domaines-du-curriculum\/sensorielles-motrices\/la-musique\/"},{"@type":"ListItem","position":6,"name":"Ange gardien: rose &#8211; SINA Spielzeug"}]},{"@type":"WebSite","@id":"https:\/\/teiaeducation.ch\/fr\/#website","url":"https:\/\/teiaeducation.ch\/fr\/","name":"Sustainable Educational Products &amp; Ecological Toys\u00a0","description":"Specialised Swiss shop selling sustainable educational toys and games, AMI certified Montessori materials, handmade ecological wooden Waldorf toys and arts &amp; crafts supplies, school supplies, children&#039;s furniture and Montessori reference and parenting books.","publisher":{"@id":"https:\/\/teiaeducation.ch\/fr\/#organization"},"alternateName":"Teia Education & Play","potentialAction":[{"@type":"SearchAction","target":{"@type":"EntryPoint","urlTemplate":"https:\/\/teiaeducation.ch\/fr\/?s={search_term_string}"},"query-input":{"@type":"PropertyValueSpecification","valueRequired":true,"valueName":"search_term_string"}}],"inLanguage":"fr-FR"},{"@type":"Organization","@id":"https:\/\/teiaeducation.ch\/fr\/#organization","name":"Teia Education & Play","url":"https:\/\/teiaeducation.ch\/fr\/","logo":{"@type":"ImageObject","inLanguage":"fr-FR","@id":"https:\/\/teiaeducation.ch\/fr\/#\/schema\/logo\/image\/","url":"https:\/\/teiaeducation.ch\/wp-content\/uploads\/2020\/11\/Teia-Education-Switzerland-e1620156442216.jpg","contentUrl":"https:\/\/teiaeducation.ch\/wp-content\/uploads\/2020\/11\/Teia-Education-Switzerland-e1620156442216.jpg","width":166,"height":145,"caption":"Teia Education & Play"},"image":{"@id":"https:\/\/teiaeducation.ch\/fr\/#\/schema\/logo\/image\/"},"sameAs":["https:\/\/www.facebook.com\/teiaeducation\/","https:\/\/x.com\/EducationTeia","https:\/\/www.instagram.com\/teia.education\/","https:\/\/www.linkedin.com\/company\/35501660","https:\/\/www.pinterest.ch\/TeiaEducation\/"]}]},"product_price_amount":"33.90","product_price_currency":"CHF","og_availability":"instock","product_availability":"instock","product_retailer_item_id":"00000000000000000000000000000000000000000000032983","product_condition":"new"},"_links":{"self":[{"href":"https:\/\/teiaeducation.ch\/fr\/wp-json\/wp\/v2\/product\/33202","targetHints":{"allow":["GET"]}}],"collection":[{"href":"https:\/\/teiaeducation.ch\/fr\/wp-json\/wp\/v2\/product"}],"about":[{"href":"https:\/\/teiaeducation.ch\/fr\/wp-json\/wp\/v2\/types\/product"}],"replies":[{"embeddable":true,"href":"https:\/\/teiaeducation.ch\/fr\/wp-json\/wp\/v2\/comments?post=33202"}],"wp:featuredmedia":[{"embeddable":true,"href":"https:\/\/teiaeducation.ch\/fr\/wp-json\/wp\/v2\/media\/33189"}],"wp:attachment":[{"href":"https:\/\/teiaeducation.ch\/fr\/wp-json\/wp\/v2\/media?parent=33202"}],"wp:term":[{"taxonomy":"product_brand","embeddable":true,"href":"https:\/\/teiaeducation.ch\/fr\/wp-json\/wp\/v2\/product_brand?post=33202"},{"taxonomy":"product_cat","embeddable":true,"href":"https:\/\/teiaeducation.ch\/fr\/wp-json\/wp\/v2\/product_cat?post=33202"},{"taxonomy":"product_tag","embeddable":true,"href":"https:\/\/teiaeducation.ch\/fr\/wp-json\/wp\/v2\/product_tag?post=33202"}],"curies":[{"name":"wp","href":"https:\/\/api.w.org\/{rel}","templated":true}]}}