{"id":33501,"date":"2021-12-09T13:22:43","date_gmt":"2021-12-09T12:22:43","guid":{"rendered":"https:\/\/teiaeducation.ch\/?post_type=product&#038;p=33501"},"modified":"2023-02-19T19:51:10","modified_gmt":"2023-02-19T18:51:10","slug":"support-de-bougie-aluminuim-gluckskafer","status":"publish","type":"product","link":"https:\/\/teiaeducation.ch\/fr\/produit\/support-de-bougie-aluminuim-gluckskafer\/","title":{"rendered":"Support de bougie en aluminium &#8211; Gl\u00fccksk\u00e4fer"},"content":{"rendered":"<p>Support de bougie en aluminium \/ Accessoire pour anneau de c\u00e9l\u00e9brations de Waldorf &#8211; Gl\u00fccksk\u00e4fer<\/p>\n<p>Un accessoire d\u2019insert en aluminium de notre collection de <a href=\"https:\/\/teiaeducation.ch\/fr\/categorie-produit\/celebrations-fr\/\">c\u00e9l\u00e9brations<\/a>\u00a0pour transformer votre anneau d\u2019anniversaire Gl\u00fccksk\u00e4fer, anneau de l\u2019Avent, de No\u00ebl ou anneau de c\u00e9l\u00e9brations Waldorf en un bougeoir. Ce support s&#8217;ins\u00e8re dans les anneaux d\u2019anniversaire Gl\u00fccksk\u00e4fer, train d\u2019anniversaire, ainsi que n\u2019importe quel anneau de c\u00e9l\u00e9bration Grimm\u2019s Spiel et Holz, anneau d&#8217;anniversaire et spirale de l\u2019Avent. Le support d\u2019insert a \u00e9t\u00e9 dimensionn\u00e9 pour s\u2019adapter \u00e0 notre gamme de bougies pour anneau d\u2019anniversaire seulement.<\/p>\n<p>Vendu individuellement. Veuillez noter que les bougies ne tiennent pas dans les diff\u00e9rents anneaux et spirales sans cet insert.<\/p>\n<p>Id\u00e9ale pour jouer \u00e0 la maison, \u00e0 la cr\u00e8che, \u00e0 l\u2019\u00e9cole Waldorf Steiner, la gamme de jouets en bois color\u00e9s Gl\u00fccksk\u00e4fer est con\u00e7ue selon la philosophie Waldorf qui est bien connue pour encourager les enfants \u00e0 d\u00e9couvrir le jeu cr\u00e9atif de mani\u00e8re ind\u00e9pendante et sans limites. Tous les jouets de haute qualit\u00e9 de Gl\u00fccksk\u00e4fer, fabriqu\u00e9s et color\u00e9s \u00e0 la main en Allemagne avec des peintures \u00e0 base d\u2019eau non toxiques, ne sont pas finis avec de la laque pour assurer les caract\u00e9ristiques originales du bois et du grain.<\/p>\n<p>Le support pour bougie en aluminium est fabriqu\u00e9 en Allemagne par AHS Spielzeug pour Gl\u00fccksk\u00e4fer.<\/p>\n<p>Avertissement! Le support pour bougie en aluminium Gl\u00fccksk\u00e4fer n\u2019est pas un dispositif de s\u00e9curit\u00e9. Il s\u2019agit d\u2019un \u00e9l\u00e9ment d\u00e9coratif et ce n\u2019est pas adapt\u00e9 pour jouer. Les bougies peuvent br\u00fbler le support en bois utilis\u00e9 en conjonction comme l\u2019anneau de c\u00e9l\u00e9bration si elles sont laiss\u00e9es sans surveillance. Veuillez toujours faire preuve de prudence lors de la combustion des bougies.<\/p>\n<p>Pour plus de s\u00e9curit\u00e9 si vous utilisez des bougies, veuillez utiliser des bougeoirs et vous assurer qu\u2019il n\u2019y a pas de papier ni de figure d\u00e9corative pr\u00e8s des flammes. Ce produit convient aux enfants de 14 ans et plus.<\/p>\n<p>Contenu :<\/p>\n<p>1 support de bougie en aluminium<\/p>\n","protected":false},"excerpt":{"rendered":"<p>Num\u00e9ro d\u2019article: 522700<\/p>\n<p>Un support de bougie en aluminium pour transformer un anneau d\u2019anniversaire Gl\u00fccksk\u00e4fer our Grimm&#8217;s, de l\u2019Avent, de No\u00ebl ou de c\u00e9l\u00e9bration Waldorf.<\/p>\n","protected":false},"featured_media":33506,"comment_status":"open","ping_status":"closed","template":"","meta":[],"product_brand":[],"product_cat":[22346,24874,16898,17225,22343,18893,22344,13119,17212,13130,23021,7595,217,5851,22350,22348,212,1219],"product_tag":[8625,18025,18028,18026,18024,18027,17918,6714,17986,18029],"class_list":{"0":"post-33501","1":"product","2":"type-product","3":"status-publish","4":"has-post-thumbnail","6":"product_cat-anniversaires","7":"product_cat-celebrations-rituels-familiaux","8":"product_cat-collection-automne","9":"product_cat-celebrations-fr","10":"product_cat-collection-hiver","11":"product_cat-collection-printemps","12":"product_cat-collections-saisonnieres","13":"product_cat-gluckskafer-fr","14":"product_cat-grimms-fr","15":"product_cat-jouer","16":"product_cat-jouets-waldorf","17":"product_cat-methode-deducation","18":"product_cat-marques","19":"product_cat-nouveautes","20":"product_cat-rituels-avent","21":"product_cat-natur-saisonale-tische","22":"product_cat-tranche-dage","23":"product_cat-waldorf-fr","24":"product_tag-fabrique-en-allemagne","25":"product_tag-formes-colorees-en-bois-gluckskafer","26":"product_tag-formes-colorees-en-bois-gluckskafer-fr","27":"product_tag-gamme-de-formes-colorees-de-gluckskafer","28":"product_tag-gluckskafer-fr","29":"product_tag-gluckskafer-suisse","30":"product_tag-jouet-en-bois-waldorf","31":"product_tag-jouets-en-bois-faits-a-la-main","32":"product_tag-jouets-en-bois-waldorf-fr","33":"product_tag-toupie-en-bois-faite-a-la-main-gluckskafer","35":"first","36":"outofstock","37":"taxable","38":"shipping-taxable","39":"purchasable","40":"product-type-simple"},"yoast_head":"<!-- This site is optimized with the Yoast SEO plugin v27.1.1 - https:\/\/yoast.com\/product\/yoast-seo-wordpress\/ -->\n<title>Support de bougie en aluminium - Gl\u00fccksk\u00e4fer - Teia Education &amp; Play<\/title>\n<meta name=\"description\" content=\"Un support de bougie en aluminium pour transformer un anneau d\u2019anniversaire Gl\u00fccksk\u00e4fer, de l\u2019Avent, de No\u00ebl ou de c\u00e9l\u00e9bration Waldorf.\" \/>\n<meta name=\"robots\" content=\"index, follow, max-snippet:-1, max-image-preview:large, max-video-preview:-1\" \/>\n<link rel=\"canonical\" href=\"https:\/\/teiaeducation.ch\/fr\/produit\/support-de-bougie-aluminuim-gluckskafer\/\" \/>\n<meta property=\"og:locale\" content=\"fr_FR\" \/>\n<meta property=\"og:type\" content=\"article\" \/>\n<meta property=\"og:title\" content=\"Support de bougie en aluminium - Gl\u00fccksk\u00e4fer - Teia Education &amp; Play\" \/>\n<meta property=\"og:description\" content=\"Un support de bougie en aluminium pour transformer un anneau d\u2019anniversaire Gl\u00fccksk\u00e4fer, de l\u2019Avent, de No\u00ebl ou de c\u00e9l\u00e9bration Waldorf.\" \/>\n<meta property=\"og:url\" content=\"https:\/\/teiaeducation.ch\/fr\/produit\/support-de-bougie-aluminuim-gluckskafer\/\" \/>\n<meta property=\"og:site_name\" content=\"Sustainable Educational Products &amp; Ecological Toys\u00a0\" \/>\n<meta property=\"article:publisher\" content=\"https:\/\/www.facebook.com\/teiaeducation\/\" \/>\n<meta property=\"article:modified_time\" content=\"2023-02-19T18:51:10+00:00\" \/>\n<meta property=\"og:image\" content=\"https:\/\/teiaeducation.ch\/wp-content\/uploads\/2020\/12\/Aluminium-Candle-Holder-Gluckskafer-1.jpg\" \/>\n\t<meta property=\"og:image:width\" content=\"900\" \/>\n\t<meta property=\"og:image:height\" content=\"900\" \/>\n\t<meta property=\"og:image:type\" content=\"image\/jpeg\" \/>\n<script type=\"application\/ld+json\" class=\"yoast-schema-graph\">{\"@context\":\"https:\/\/schema.org\",\"@graph\":[{\"@type\":\"WebPage\",\"@id\":\"https:\/\/teiaeducation.ch\/fr\/produit\/support-de-bougie-aluminuim-gluckskafer\/\",\"url\":\"https:\/\/teiaeducation.ch\/fr\/produit\/support-de-bougie-aluminuim-gluckskafer\/\",\"name\":\"Support de bougie en aluminium - Gl\u00fccksk\u00e4fer - Teia Education & Play\",\"isPartOf\":{\"@id\":\"https:\/\/teiaeducation.ch\/fr\/#website\"},\"primaryImageOfPage\":{\"@id\":\"https:\/\/teiaeducation.ch\/fr\/produit\/support-de-bougie-aluminuim-gluckskafer\/#primaryimage\"},\"image\":{\"@id\":\"https:\/\/teiaeducation.ch\/fr\/produit\/support-de-bougie-aluminuim-gluckskafer\/#primaryimage\"},\"thumbnailUrl\":\"https:\/\/teiaeducation.ch\/wp-content\/uploads\/2020\/12\/Aluminium-Candle-Holder-Gluckskafer-1.jpg\",\"datePublished\":\"2021-12-09T12:22:43+00:00\",\"dateModified\":\"2023-02-19T18:51:10+00:00\",\"description\":\"Un support de bougie en aluminium pour transformer un anneau d\u2019anniversaire Gl\u00fccksk\u00e4fer, de l\u2019Avent, de No\u00ebl ou de c\u00e9l\u00e9bration Waldorf.\",\"breadcrumb\":{\"@id\":\"https:\/\/teiaeducation.ch\/fr\/produit\/support-de-bougie-aluminuim-gluckskafer\/#breadcrumb\"},\"inLanguage\":\"fr-FR\",\"potentialAction\":[{\"@type\":\"ReadAction\",\"target\":[\"https:\/\/teiaeducation.ch\/fr\/produit\/support-de-bougie-aluminuim-gluckskafer\/\"]}]},{\"@type\":\"ImageObject\",\"inLanguage\":\"fr-FR\",\"@id\":\"https:\/\/teiaeducation.ch\/fr\/produit\/support-de-bougie-aluminuim-gluckskafer\/#primaryimage\",\"url\":\"https:\/\/teiaeducation.ch\/wp-content\/uploads\/2020\/12\/Aluminium-Candle-Holder-Gluckskafer-1.jpg\",\"contentUrl\":\"https:\/\/teiaeducation.ch\/wp-content\/uploads\/2020\/12\/Aluminium-Candle-Holder-Gluckskafer-1.jpg\",\"width\":900,\"height\":900,\"caption\":\"Support de bougie en aluminium - Gl\u00fccksk\u00e4fer\"},{\"@type\":\"BreadcrumbList\",\"@id\":\"https:\/\/teiaeducation.ch\/fr\/produit\/support-de-bougie-aluminuim-gluckskafer\/#breadcrumb\",\"itemListElement\":[{\"@type\":\"ListItem\",\"position\":1,\"name\":\"Home\",\"item\":\"https:\/\/teiaeducation.ch\/fr\/\"},{\"@type\":\"ListItem\",\"position\":2,\"name\":\"Boutique Teia Education &amp; Play\",\"item\":\"https:\/\/teiaeducation.ch\/fr\/boutique\/\"},{\"@type\":\"ListItem\",\"position\":3,\"name\":\"Nos Marques\",\"item\":\"https:\/\/teiaeducation.ch\/fr\/categorie-produit\/marques\/\"},{\"@type\":\"ListItem\",\"position\":4,\"name\":\"Gl\u00fccksk\u00e4fer\",\"item\":\"https:\/\/teiaeducation.ch\/fr\/categorie-produit\/marques\/gluckskafer-fr\/\"},{\"@type\":\"ListItem\",\"position\":5,\"name\":\"Support de bougie en aluminium &#8211; Gl\u00fccksk\u00e4fer\"}]},{\"@type\":\"WebSite\",\"@id\":\"https:\/\/teiaeducation.ch\/fr\/#website\",\"url\":\"https:\/\/teiaeducation.ch\/fr\/\",\"name\":\"Sustainable Educational Products &amp; Ecological Toys\u00a0\",\"description\":\"Specialised Swiss shop selling sustainable educational toys and games, AMI certified Montessori materials, handmade ecological wooden Waldorf toys and arts &amp; crafts supplies, school supplies, children&#039;s furniture and Montessori reference and parenting books.\",\"publisher\":{\"@id\":\"https:\/\/teiaeducation.ch\/fr\/#organization\"},\"alternateName\":\"Teia Education & Play\",\"potentialAction\":[{\"@type\":\"SearchAction\",\"target\":{\"@type\":\"EntryPoint\",\"urlTemplate\":\"https:\/\/teiaeducation.ch\/fr\/?s={search_term_string}\"},\"query-input\":{\"@type\":\"PropertyValueSpecification\",\"valueRequired\":true,\"valueName\":\"search_term_string\"}}],\"inLanguage\":\"fr-FR\"},{\"@type\":\"Organization\",\"@id\":\"https:\/\/teiaeducation.ch\/fr\/#organization\",\"name\":\"Teia Education & Play\",\"url\":\"https:\/\/teiaeducation.ch\/fr\/\",\"logo\":{\"@type\":\"ImageObject\",\"inLanguage\":\"fr-FR\",\"@id\":\"https:\/\/teiaeducation.ch\/fr\/#\/schema\/logo\/image\/\",\"url\":\"https:\/\/teiaeducation.ch\/wp-content\/uploads\/2020\/11\/Teia-Education-Switzerland-e1620156442216.jpg\",\"contentUrl\":\"https:\/\/teiaeducation.ch\/wp-content\/uploads\/2020\/11\/Teia-Education-Switzerland-e1620156442216.jpg\",\"width\":166,\"height\":145,\"caption\":\"Teia Education & Play\"},\"image\":{\"@id\":\"https:\/\/teiaeducation.ch\/fr\/#\/schema\/logo\/image\/\"},\"sameAs\":[\"https:\/\/www.facebook.com\/teiaeducation\/\",\"https:\/\/x.com\/EducationTeia\",\"https:\/\/www.instagram.com\/teia.education\/\",\"https:\/\/www.linkedin.com\/company\/35501660\",\"https:\/\/www.pinterest.ch\/TeiaEducation\/\"]}]}<\/script>\n<!-- \/ Yoast SEO plugin. -->","yoast_head_json":{"title":"Support de bougie en aluminium - Gl\u00fccksk\u00e4fer - Teia Education & Play","description":"Un support de bougie en aluminium pour transformer un anneau d\u2019anniversaire Gl\u00fccksk\u00e4fer, de l\u2019Avent, de No\u00ebl ou de c\u00e9l\u00e9bration Waldorf.","robots":{"index":"index","follow":"follow","max-snippet":"max-snippet:-1","max-image-preview":"max-image-preview:large","max-video-preview":"max-video-preview:-1"},"canonical":"https:\/\/teiaeducation.ch\/fr\/produit\/support-de-bougie-aluminuim-gluckskafer\/","og_locale":"fr_FR","og_type":"article","og_title":"Support de bougie en aluminium - Gl\u00fccksk\u00e4fer - Teia Education & Play","og_description":"Un support de bougie en aluminium pour transformer un anneau d\u2019anniversaire Gl\u00fccksk\u00e4fer, de l\u2019Avent, de No\u00ebl ou de c\u00e9l\u00e9bration Waldorf.","og_url":"https:\/\/teiaeducation.ch\/fr\/produit\/support-de-bougie-aluminuim-gluckskafer\/","og_site_name":"Sustainable Educational Products &amp; Ecological Toys\u00a0","article_publisher":"https:\/\/www.facebook.com\/teiaeducation\/","article_modified_time":"2023-02-19T18:51:10+00:00","og_image":[{"width":900,"height":900,"url":"https:\/\/teiaeducation.ch\/wp-content\/uploads\/2020\/12\/Aluminium-Candle-Holder-Gluckskafer-1.jpg","type":"image\/jpeg"}],"schema":{"@context":"https:\/\/schema.org","@graph":[{"@type":"WebPage","@id":"https:\/\/teiaeducation.ch\/fr\/produit\/support-de-bougie-aluminuim-gluckskafer\/","url":"https:\/\/teiaeducation.ch\/fr\/produit\/support-de-bougie-aluminuim-gluckskafer\/","name":"Support de bougie en aluminium - Gl\u00fccksk\u00e4fer - Teia Education & Play","isPartOf":{"@id":"https:\/\/teiaeducation.ch\/fr\/#website"},"primaryImageOfPage":{"@id":"https:\/\/teiaeducation.ch\/fr\/produit\/support-de-bougie-aluminuim-gluckskafer\/#primaryimage"},"image":{"@id":"https:\/\/teiaeducation.ch\/fr\/produit\/support-de-bougie-aluminuim-gluckskafer\/#primaryimage"},"thumbnailUrl":"https:\/\/teiaeducation.ch\/wp-content\/uploads\/2020\/12\/Aluminium-Candle-Holder-Gluckskafer-1.jpg","datePublished":"2021-12-09T12:22:43+00:00","dateModified":"2023-02-19T18:51:10+00:00","description":"Un support de bougie en aluminium pour transformer un anneau d\u2019anniversaire Gl\u00fccksk\u00e4fer, de l\u2019Avent, de No\u00ebl ou de c\u00e9l\u00e9bration Waldorf.","breadcrumb":{"@id":"https:\/\/teiaeducation.ch\/fr\/produit\/support-de-bougie-aluminuim-gluckskafer\/#breadcrumb"},"inLanguage":"fr-FR","potentialAction":[{"@type":"ReadAction","target":["https:\/\/teiaeducation.ch\/fr\/produit\/support-de-bougie-aluminuim-gluckskafer\/"]}]},{"@type":"ImageObject","inLanguage":"fr-FR","@id":"https:\/\/teiaeducation.ch\/fr\/produit\/support-de-bougie-aluminuim-gluckskafer\/#primaryimage","url":"https:\/\/teiaeducation.ch\/wp-content\/uploads\/2020\/12\/Aluminium-Candle-Holder-Gluckskafer-1.jpg","contentUrl":"https:\/\/teiaeducation.ch\/wp-content\/uploads\/2020\/12\/Aluminium-Candle-Holder-Gluckskafer-1.jpg","width":900,"height":900,"caption":"Support de bougie en aluminium - Gl\u00fccksk\u00e4fer"},{"@type":"BreadcrumbList","@id":"https:\/\/teiaeducation.ch\/fr\/produit\/support-de-bougie-aluminuim-gluckskafer\/#breadcrumb","itemListElement":[{"@type":"ListItem","position":1,"name":"Home","item":"https:\/\/teiaeducation.ch\/fr\/"},{"@type":"ListItem","position":2,"name":"Boutique Teia Education &amp; Play","item":"https:\/\/teiaeducation.ch\/fr\/boutique\/"},{"@type":"ListItem","position":3,"name":"Nos Marques","item":"https:\/\/teiaeducation.ch\/fr\/categorie-produit\/marques\/"},{"@type":"ListItem","position":4,"name":"Gl\u00fccksk\u00e4fer","item":"https:\/\/teiaeducation.ch\/fr\/categorie-produit\/marques\/gluckskafer-fr\/"},{"@type":"ListItem","position":5,"name":"Support de bougie en aluminium &#8211; Gl\u00fccksk\u00e4fer"}]},{"@type":"WebSite","@id":"https:\/\/teiaeducation.ch\/fr\/#website","url":"https:\/\/teiaeducation.ch\/fr\/","name":"Sustainable Educational Products &amp; Ecological Toys\u00a0","description":"Specialised Swiss shop selling sustainable educational toys and games, AMI certified Montessori materials, handmade ecological wooden Waldorf toys and arts &amp; crafts supplies, school supplies, children&#039;s furniture and Montessori reference and parenting books.","publisher":{"@id":"https:\/\/teiaeducation.ch\/fr\/#organization"},"alternateName":"Teia Education & Play","potentialAction":[{"@type":"SearchAction","target":{"@type":"EntryPoint","urlTemplate":"https:\/\/teiaeducation.ch\/fr\/?s={search_term_string}"},"query-input":{"@type":"PropertyValueSpecification","valueRequired":true,"valueName":"search_term_string"}}],"inLanguage":"fr-FR"},{"@type":"Organization","@id":"https:\/\/teiaeducation.ch\/fr\/#organization","name":"Teia Education & Play","url":"https:\/\/teiaeducation.ch\/fr\/","logo":{"@type":"ImageObject","inLanguage":"fr-FR","@id":"https:\/\/teiaeducation.ch\/fr\/#\/schema\/logo\/image\/","url":"https:\/\/teiaeducation.ch\/wp-content\/uploads\/2020\/11\/Teia-Education-Switzerland-e1620156442216.jpg","contentUrl":"https:\/\/teiaeducation.ch\/wp-content\/uploads\/2020\/11\/Teia-Education-Switzerland-e1620156442216.jpg","width":166,"height":145,"caption":"Teia Education & Play"},"image":{"@id":"https:\/\/teiaeducation.ch\/fr\/#\/schema\/logo\/image\/"},"sameAs":["https:\/\/www.facebook.com\/teiaeducation\/","https:\/\/x.com\/EducationTeia","https:\/\/www.instagram.com\/teia.education\/","https:\/\/www.linkedin.com\/company\/35501660","https:\/\/www.pinterest.ch\/TeiaEducation\/"]}]}},"_links":{"self":[{"href":"https:\/\/teiaeducation.ch\/fr\/wp-json\/wp\/v2\/product\/33501","targetHints":{"allow":["GET"]}}],"collection":[{"href":"https:\/\/teiaeducation.ch\/fr\/wp-json\/wp\/v2\/product"}],"about":[{"href":"https:\/\/teiaeducation.ch\/fr\/wp-json\/wp\/v2\/types\/product"}],"replies":[{"embeddable":true,"href":"https:\/\/teiaeducation.ch\/fr\/wp-json\/wp\/v2\/comments?post=33501"}],"wp:featuredmedia":[{"embeddable":true,"href":"https:\/\/teiaeducation.ch\/fr\/wp-json\/wp\/v2\/media\/33506"}],"wp:attachment":[{"href":"https:\/\/teiaeducation.ch\/fr\/wp-json\/wp\/v2\/media?parent=33501"}],"wp:term":[{"taxonomy":"product_brand","embeddable":true,"href":"https:\/\/teiaeducation.ch\/fr\/wp-json\/wp\/v2\/product_brand?post=33501"},{"taxonomy":"product_cat","embeddable":true,"href":"https:\/\/teiaeducation.ch\/fr\/wp-json\/wp\/v2\/product_cat?post=33501"},{"taxonomy":"product_tag","embeddable":true,"href":"https:\/\/teiaeducation.ch\/fr\/wp-json\/wp\/v2\/product_tag?post=33501"}],"curies":[{"name":"wp","href":"https:\/\/api.w.org\/{rel}","templated":true}]}}