{"id":33523,"date":"2020-12-23T13:09:27","date_gmt":"2020-12-23T12:09:27","guid":{"rendered":"https:\/\/teiaeducation.ch\/?post_type=product&#038;p=33523"},"modified":"2022-12-30T15:57:11","modified_gmt":"2022-12-30T14:57:11","slug":"bougie-rayures-arc-en-ciel-gluckskafer","status":"publish","type":"product","link":"https:\/\/teiaeducation.ch\/fr\/produit\/bougie-rayures-arc-en-ciel-gluckskafer\/","title":{"rendered":"Bougie: rayures arc-en-ciel &#8211; Gl\u00fccksk\u00e4fer"},"content":{"rendered":"<p>Bougie d\u2019anniversaire \u00e0 rayures arc-en-ciel \/ Accessoire pour l&#8217;anneau de c\u00e9l\u00e9bration Waldorf &#8211; Gl\u00fccksk\u00e4fer<\/p>\n<p>Cette belle bougie d\u2019anniversaire avec des rayures arc-en-ciel color\u00e9es de notre collection de <a href=\"https:\/\/teiaeducation.ch\/fr\/categorie-produit\/celebrations-fr\/\">c\u00e9l\u00e9brations<\/a> est faite et peinte \u00e0 la main en Allemagne et est parfaite pour transformer votre anneau d\u2019anniversaire Gl\u00fccksk\u00e4fer, l&#8217;anneau de l\u2019Avent, de No\u00ebl ou l&#8217;anneau de c\u00e9l\u00e9bration de Waldorf en bougeoir. La bougie s\u2019ins\u00e8re dans les anneaux d\u2019anniversaire Gl\u00fccksk\u00e4fer, train d\u2019anniversaire, ainsi que n\u2019importe quel anneau de c\u00e9l\u00e9bration Grimm&#8217;s Spiel und Holz, la spirale de l\u2019Avent et d&#8217;anniversaire &#8211; et est garanti pour devenir une partie du rituel annuel pour votre enfant. La bougie est adapt\u00e9e pour tenir dans notre support <a href=\"https:\/\/teiaeducation.ch\/fr\/produit\/support-de-bougie-aluminuim-gluckskafer\/\">de bougie<\/a>, qui assure que la bougie br\u00fble en toute s\u00e9curit\u00e9.<\/p>\n<p>Vendu individuellement. Veuillez noter que les bougies ne tiennent pas dans les diff\u00e9rents anneaux et spirales sans le support de bougie.<\/p>\n<p>Id\u00e9ale pour jouer \u00e0 la maison, \u00e0 la cr\u00e8che, \u00e0 l\u2019\u00e9cole Waldorf Steiner, la gamme de jouets en bois color\u00e9s Gl\u00fccksk\u00e4fer est con\u00e7ue selon la philosophie Waldorf qui est bien connue pour encourager les enfants \u00e0 d\u00e9couvrir le jeu cr\u00e9atif de mani\u00e8re ind\u00e9pendante et sans limites. Tous les jouets de haute qualit\u00e9 de Gl\u00fccksk\u00e4fer, fabriqu\u00e9s et color\u00e9s \u00e0 la main en Allemagne avec des peintures \u00e0 base d\u2019eau non toxiques, ne sont pas finis avec de la laque pour assurer les caract\u00e9ristiques originales du bois et du grain.<\/p>\n<p>La bougie \u00e0 rayures arc-en-ciel est fabriqu\u00e9e en Allemagne par AHS Spielzeug pour Gl\u00fccksk\u00e4fer.<\/p>\n<p>Avertissement! Il s\u2019agit d\u2019un \u00e9l\u00e9ment d\u00e9coratif et ce n\u2019est pas adapt\u00e9 pour jouer. Les bougies peuvent br\u00fbler le support en bois utilis\u00e9 en conjonction comme l\u2019anneau de c\u00e9l\u00e9bration si elles sont laiss\u00e9es sans surveillance. Veuillez toujours faire preuve de prudence lors de la combustion des bougies.<\/p>\n<p>Pour plus de s\u00e9curit\u00e9 si vous utilisez des bougies, veuillez utiliser des bougeoirs et vous assurer qu\u2019il n\u2019y a pas de papier et qu\u2019aucune figure d\u00e9corative n\u2019est pr\u00e8s des flammes. Ce mat\u00e9riel est adapt\u00e9 aux enfants de 14 ans et plus.<\/p>\n<p>Contenu:<\/p>\n<p>1 bougie d\u2019anniversaire avec des rayures arc-en-ciel<\/p>\n","protected":false},"excerpt":{"rendered":"<p>Num\u00e9ro d\u2019article: 522725<\/p>\n<p>Une belle bougie avec des rayures arc-en-ciel pour l&#8217;anneau de c\u00e9l\u00e9bration Waldorf de Gl\u00fccksk\u00e4fer d\u2019anniversaire, l\u2019Avent et de No\u00ebl.<\/p>\n","protected":false},"featured_media":33525,"comment_status":"open","ping_status":"closed","template":"","meta":[],"product_brand":[],"product_cat":[22346,17225,13119,7595,217,22350,212,1219],"product_tag":[18403,18402,8625,18028,18025,18026,18024,18027,17918,6714,17986],"class_list":{"0":"post-33523","1":"product","2":"type-product","3":"status-publish","4":"has-post-thumbnail","6":"product_cat-anniversaires","7":"product_cat-celebrations-fr","8":"product_cat-gluckskafer-fr","9":"product_cat-methode-deducation","10":"product_cat-marques","11":"product_cat-rituels-avent","12":"product_cat-tranche-dage","13":"product_cat-waldorf-fr","14":"product_tag-accessoire-pour-anneau-de-celebration-de-waldof-gluckskafer","15":"product_tag-bougie-danniversaire-arc-en-ciel","16":"product_tag-fabrique-en-allemagne","17":"product_tag-formes-colorees-en-bois-gluckskafer-fr","18":"product_tag-formes-colorees-en-bois-gluckskafer","19":"product_tag-gamme-de-formes-colorees-de-gluckskafer","20":"product_tag-gluckskafer-fr","21":"product_tag-gluckskafer-suisse","22":"product_tag-jouet-en-bois-waldorf","23":"product_tag-jouets-en-bois-faits-a-la-main","24":"product_tag-jouets-en-bois-waldorf-fr","26":"first","27":"instock","28":"taxable","29":"shipping-taxable","30":"purchasable","31":"product-type-simple"},"yoast_head":"<!-- This site is optimized with the Yoast SEO plugin v27.1.1 - https:\/\/yoast.com\/product\/yoast-seo-wordpress\/ -->\n<title>Bougie: rayures arc-en-ciel - Gl\u00fccksk\u00e4fer - Teia Education &amp; Play<\/title>\n<meta name=\"description\" content=\"Une belle bougie avec des rayures arc-en-ciel pour l&#039;anneau de c\u00e9l\u00e9bration Waldorf de Gl\u00fccksk\u00e4fer d\u2019anniversaire, l\u2019Avent et de No\u00ebl.\" \/>\n<meta name=\"robots\" content=\"index, follow, max-snippet:-1, max-image-preview:large, max-video-preview:-1\" \/>\n<link rel=\"canonical\" href=\"https:\/\/teiaeducation.ch\/fr\/produit\/bougie-rayures-arc-en-ciel-gluckskafer\/\" \/>\n<meta property=\"og:locale\" content=\"fr_FR\" \/>\n<meta property=\"og:type\" content=\"article\" \/>\n<meta property=\"og:title\" content=\"Bougie: rayures arc-en-ciel - Gl\u00fccksk\u00e4fer - Teia Education &amp; Play\" \/>\n<meta property=\"og:description\" content=\"Une belle bougie avec des rayures arc-en-ciel pour l&#039;anneau de c\u00e9l\u00e9bration Waldorf de Gl\u00fccksk\u00e4fer d\u2019anniversaire, l\u2019Avent et de No\u00ebl.\" \/>\n<meta property=\"og:url\" content=\"https:\/\/teiaeducation.ch\/fr\/produit\/bougie-rayures-arc-en-ciel-gluckskafer\/\" \/>\n<meta property=\"og:site_name\" content=\"Sustainable Educational Products &amp; Ecological Toys\u00a0\" \/>\n<meta property=\"article:publisher\" content=\"https:\/\/www.facebook.com\/teiaeducation\/\" \/>\n<meta property=\"article:modified_time\" content=\"2022-12-30T14:57:11+00:00\" \/>\n<meta property=\"og:image\" content=\"https:\/\/teiaeducation.ch\/wp-content\/uploads\/2020\/12\/Candle-rainbow-stripes-Waldorf-celebrations-ring-accessory-Gluckskafer.jpg\" \/>\n\t<meta property=\"og:image:width\" content=\"800\" \/>\n\t<meta property=\"og:image:height\" content=\"800\" \/>\n\t<meta property=\"og:image:type\" content=\"image\/jpeg\" \/>\n<script type=\"application\/ld+json\" class=\"yoast-schema-graph\">{\"@context\":\"https:\/\/schema.org\",\"@graph\":[{\"@type\":\"WebPage\",\"@id\":\"https:\/\/teiaeducation.ch\/fr\/produit\/bougie-rayures-arc-en-ciel-gluckskafer\/\",\"url\":\"https:\/\/teiaeducation.ch\/fr\/produit\/bougie-rayures-arc-en-ciel-gluckskafer\/\",\"name\":\"Bougie: rayures arc-en-ciel - Gl\u00fccksk\u00e4fer - Teia Education & Play\",\"isPartOf\":{\"@id\":\"https:\/\/teiaeducation.ch\/fr\/#website\"},\"primaryImageOfPage\":{\"@id\":\"https:\/\/teiaeducation.ch\/fr\/produit\/bougie-rayures-arc-en-ciel-gluckskafer\/#primaryimage\"},\"image\":{\"@id\":\"https:\/\/teiaeducation.ch\/fr\/produit\/bougie-rayures-arc-en-ciel-gluckskafer\/#primaryimage\"},\"thumbnailUrl\":\"https:\/\/teiaeducation.ch\/wp-content\/uploads\/2020\/12\/Candle-rainbow-stripes-Waldorf-celebrations-ring-accessory-Gluckskafer.jpg\",\"datePublished\":\"2020-12-23T12:09:27+00:00\",\"dateModified\":\"2022-12-30T14:57:11+00:00\",\"description\":\"Une belle bougie avec des rayures arc-en-ciel pour l'anneau de c\u00e9l\u00e9bration Waldorf de Gl\u00fccksk\u00e4fer d\u2019anniversaire, l\u2019Avent et de No\u00ebl.\",\"breadcrumb\":{\"@id\":\"https:\/\/teiaeducation.ch\/fr\/produit\/bougie-rayures-arc-en-ciel-gluckskafer\/#breadcrumb\"},\"inLanguage\":\"fr-FR\",\"potentialAction\":[{\"@type\":\"ReadAction\",\"target\":[\"https:\/\/teiaeducation.ch\/fr\/produit\/bougie-rayures-arc-en-ciel-gluckskafer\/\"]}]},{\"@type\":\"ImageObject\",\"inLanguage\":\"fr-FR\",\"@id\":\"https:\/\/teiaeducation.ch\/fr\/produit\/bougie-rayures-arc-en-ciel-gluckskafer\/#primaryimage\",\"url\":\"https:\/\/teiaeducation.ch\/wp-content\/uploads\/2020\/12\/Candle-rainbow-stripes-Waldorf-celebrations-ring-accessory-Gluckskafer.jpg\",\"contentUrl\":\"https:\/\/teiaeducation.ch\/wp-content\/uploads\/2020\/12\/Candle-rainbow-stripes-Waldorf-celebrations-ring-accessory-Gluckskafer.jpg\",\"width\":800,\"height\":800,\"caption\":\"Bougie d\u2019anniversaire \u00e0 rayures arc-en-ciel \/ Accessoire pour l'anneau de c\u00e9l\u00e9bration Waldorf - Gl\u00fccksk\u00e4fer\"},{\"@type\":\"BreadcrumbList\",\"@id\":\"https:\/\/teiaeducation.ch\/fr\/produit\/bougie-rayures-arc-en-ciel-gluckskafer\/#breadcrumb\",\"itemListElement\":[{\"@type\":\"ListItem\",\"position\":1,\"name\":\"Home\",\"item\":\"https:\/\/teiaeducation.ch\/fr\/\"},{\"@type\":\"ListItem\",\"position\":2,\"name\":\"Boutique Teia Education &amp; Play\",\"item\":\"https:\/\/teiaeducation.ch\/fr\/boutique\/\"},{\"@type\":\"ListItem\",\"position\":3,\"name\":\"Collection C\u00e9l\u00e9brations\",\"item\":\"https:\/\/teiaeducation.ch\/fr\/categorie-produit\/celebrations-fr\/\"},{\"@type\":\"ListItem\",\"position\":4,\"name\":\"Anniversaires\",\"item\":\"https:\/\/teiaeducation.ch\/fr\/categorie-produit\/celebrations-fr\/anniversaires\/\"},{\"@type\":\"ListItem\",\"position\":5,\"name\":\"Bougie: rayures arc-en-ciel &#8211; Gl\u00fccksk\u00e4fer\"}]},{\"@type\":\"WebSite\",\"@id\":\"https:\/\/teiaeducation.ch\/fr\/#website\",\"url\":\"https:\/\/teiaeducation.ch\/fr\/\",\"name\":\"Sustainable Educational Products &amp; Ecological Toys\u00a0\",\"description\":\"Specialised Swiss shop selling sustainable educational toys and games, AMI certified Montessori materials, handmade ecological wooden Waldorf toys and arts &amp; crafts supplies, school supplies, children&#039;s furniture and Montessori reference and parenting books.\",\"publisher\":{\"@id\":\"https:\/\/teiaeducation.ch\/fr\/#organization\"},\"alternateName\":\"Teia Education & Play\",\"potentialAction\":[{\"@type\":\"SearchAction\",\"target\":{\"@type\":\"EntryPoint\",\"urlTemplate\":\"https:\/\/teiaeducation.ch\/fr\/?s={search_term_string}\"},\"query-input\":{\"@type\":\"PropertyValueSpecification\",\"valueRequired\":true,\"valueName\":\"search_term_string\"}}],\"inLanguage\":\"fr-FR\"},{\"@type\":\"Organization\",\"@id\":\"https:\/\/teiaeducation.ch\/fr\/#organization\",\"name\":\"Teia Education & Play\",\"url\":\"https:\/\/teiaeducation.ch\/fr\/\",\"logo\":{\"@type\":\"ImageObject\",\"inLanguage\":\"fr-FR\",\"@id\":\"https:\/\/teiaeducation.ch\/fr\/#\/schema\/logo\/image\/\",\"url\":\"https:\/\/teiaeducation.ch\/wp-content\/uploads\/2020\/11\/Teia-Education-Switzerland-e1620156442216.jpg\",\"contentUrl\":\"https:\/\/teiaeducation.ch\/wp-content\/uploads\/2020\/11\/Teia-Education-Switzerland-e1620156442216.jpg\",\"width\":166,\"height\":145,\"caption\":\"Teia Education & Play\"},\"image\":{\"@id\":\"https:\/\/teiaeducation.ch\/fr\/#\/schema\/logo\/image\/\"},\"sameAs\":[\"https:\/\/www.facebook.com\/teiaeducation\/\",\"https:\/\/x.com\/EducationTeia\",\"https:\/\/www.instagram.com\/teia.education\/\",\"https:\/\/www.linkedin.com\/company\/35501660\",\"https:\/\/www.pinterest.ch\/TeiaEducation\/\"]}]}<\/script>\n<!-- \/ Yoast SEO plugin. -->","yoast_head_json":{"title":"Bougie: rayures arc-en-ciel - Gl\u00fccksk\u00e4fer - Teia Education & Play","description":"Une belle bougie avec des rayures arc-en-ciel pour l'anneau de c\u00e9l\u00e9bration Waldorf de Gl\u00fccksk\u00e4fer d\u2019anniversaire, l\u2019Avent et de No\u00ebl.","robots":{"index":"index","follow":"follow","max-snippet":"max-snippet:-1","max-image-preview":"max-image-preview:large","max-video-preview":"max-video-preview:-1"},"canonical":"https:\/\/teiaeducation.ch\/fr\/produit\/bougie-rayures-arc-en-ciel-gluckskafer\/","og_locale":"fr_FR","og_type":"article","og_title":"Bougie: rayures arc-en-ciel - Gl\u00fccksk\u00e4fer - Teia Education & Play","og_description":"Une belle bougie avec des rayures arc-en-ciel pour l'anneau de c\u00e9l\u00e9bration Waldorf de Gl\u00fccksk\u00e4fer d\u2019anniversaire, l\u2019Avent et de No\u00ebl.","og_url":"https:\/\/teiaeducation.ch\/fr\/produit\/bougie-rayures-arc-en-ciel-gluckskafer\/","og_site_name":"Sustainable Educational Products &amp; Ecological Toys\u00a0","article_publisher":"https:\/\/www.facebook.com\/teiaeducation\/","article_modified_time":"2022-12-30T14:57:11+00:00","og_image":[{"width":800,"height":800,"url":"https:\/\/teiaeducation.ch\/wp-content\/uploads\/2020\/12\/Candle-rainbow-stripes-Waldorf-celebrations-ring-accessory-Gluckskafer.jpg","type":"image\/jpeg"}],"schema":{"@context":"https:\/\/schema.org","@graph":[{"@type":"WebPage","@id":"https:\/\/teiaeducation.ch\/fr\/produit\/bougie-rayures-arc-en-ciel-gluckskafer\/","url":"https:\/\/teiaeducation.ch\/fr\/produit\/bougie-rayures-arc-en-ciel-gluckskafer\/","name":"Bougie: rayures arc-en-ciel - Gl\u00fccksk\u00e4fer - Teia Education & Play","isPartOf":{"@id":"https:\/\/teiaeducation.ch\/fr\/#website"},"primaryImageOfPage":{"@id":"https:\/\/teiaeducation.ch\/fr\/produit\/bougie-rayures-arc-en-ciel-gluckskafer\/#primaryimage"},"image":{"@id":"https:\/\/teiaeducation.ch\/fr\/produit\/bougie-rayures-arc-en-ciel-gluckskafer\/#primaryimage"},"thumbnailUrl":"https:\/\/teiaeducation.ch\/wp-content\/uploads\/2020\/12\/Candle-rainbow-stripes-Waldorf-celebrations-ring-accessory-Gluckskafer.jpg","datePublished":"2020-12-23T12:09:27+00:00","dateModified":"2022-12-30T14:57:11+00:00","description":"Une belle bougie avec des rayures arc-en-ciel pour l'anneau de c\u00e9l\u00e9bration Waldorf de Gl\u00fccksk\u00e4fer d\u2019anniversaire, l\u2019Avent et de No\u00ebl.","breadcrumb":{"@id":"https:\/\/teiaeducation.ch\/fr\/produit\/bougie-rayures-arc-en-ciel-gluckskafer\/#breadcrumb"},"inLanguage":"fr-FR","potentialAction":[{"@type":"ReadAction","target":["https:\/\/teiaeducation.ch\/fr\/produit\/bougie-rayures-arc-en-ciel-gluckskafer\/"]}]},{"@type":"ImageObject","inLanguage":"fr-FR","@id":"https:\/\/teiaeducation.ch\/fr\/produit\/bougie-rayures-arc-en-ciel-gluckskafer\/#primaryimage","url":"https:\/\/teiaeducation.ch\/wp-content\/uploads\/2020\/12\/Candle-rainbow-stripes-Waldorf-celebrations-ring-accessory-Gluckskafer.jpg","contentUrl":"https:\/\/teiaeducation.ch\/wp-content\/uploads\/2020\/12\/Candle-rainbow-stripes-Waldorf-celebrations-ring-accessory-Gluckskafer.jpg","width":800,"height":800,"caption":"Bougie d\u2019anniversaire \u00e0 rayures arc-en-ciel \/ Accessoire pour l'anneau de c\u00e9l\u00e9bration Waldorf - Gl\u00fccksk\u00e4fer"},{"@type":"BreadcrumbList","@id":"https:\/\/teiaeducation.ch\/fr\/produit\/bougie-rayures-arc-en-ciel-gluckskafer\/#breadcrumb","itemListElement":[{"@type":"ListItem","position":1,"name":"Home","item":"https:\/\/teiaeducation.ch\/fr\/"},{"@type":"ListItem","position":2,"name":"Boutique Teia Education &amp; Play","item":"https:\/\/teiaeducation.ch\/fr\/boutique\/"},{"@type":"ListItem","position":3,"name":"Collection C\u00e9l\u00e9brations","item":"https:\/\/teiaeducation.ch\/fr\/categorie-produit\/celebrations-fr\/"},{"@type":"ListItem","position":4,"name":"Anniversaires","item":"https:\/\/teiaeducation.ch\/fr\/categorie-produit\/celebrations-fr\/anniversaires\/"},{"@type":"ListItem","position":5,"name":"Bougie: rayures arc-en-ciel &#8211; Gl\u00fccksk\u00e4fer"}]},{"@type":"WebSite","@id":"https:\/\/teiaeducation.ch\/fr\/#website","url":"https:\/\/teiaeducation.ch\/fr\/","name":"Sustainable Educational Products &amp; Ecological Toys\u00a0","description":"Specialised Swiss shop selling sustainable educational toys and games, AMI certified Montessori materials, handmade ecological wooden Waldorf toys and arts &amp; crafts supplies, school supplies, children&#039;s furniture and Montessori reference and parenting books.","publisher":{"@id":"https:\/\/teiaeducation.ch\/fr\/#organization"},"alternateName":"Teia Education & Play","potentialAction":[{"@type":"SearchAction","target":{"@type":"EntryPoint","urlTemplate":"https:\/\/teiaeducation.ch\/fr\/?s={search_term_string}"},"query-input":{"@type":"PropertyValueSpecification","valueRequired":true,"valueName":"search_term_string"}}],"inLanguage":"fr-FR"},{"@type":"Organization","@id":"https:\/\/teiaeducation.ch\/fr\/#organization","name":"Teia Education & Play","url":"https:\/\/teiaeducation.ch\/fr\/","logo":{"@type":"ImageObject","inLanguage":"fr-FR","@id":"https:\/\/teiaeducation.ch\/fr\/#\/schema\/logo\/image\/","url":"https:\/\/teiaeducation.ch\/wp-content\/uploads\/2020\/11\/Teia-Education-Switzerland-e1620156442216.jpg","contentUrl":"https:\/\/teiaeducation.ch\/wp-content\/uploads\/2020\/11\/Teia-Education-Switzerland-e1620156442216.jpg","width":166,"height":145,"caption":"Teia Education & Play"},"image":{"@id":"https:\/\/teiaeducation.ch\/fr\/#\/schema\/logo\/image\/"},"sameAs":["https:\/\/www.facebook.com\/teiaeducation\/","https:\/\/x.com\/EducationTeia","https:\/\/www.instagram.com\/teia.education\/","https:\/\/www.linkedin.com\/company\/35501660","https:\/\/www.pinterest.ch\/TeiaEducation\/"]}]}},"_links":{"self":[{"href":"https:\/\/teiaeducation.ch\/fr\/wp-json\/wp\/v2\/product\/33523","targetHints":{"allow":["GET"]}}],"collection":[{"href":"https:\/\/teiaeducation.ch\/fr\/wp-json\/wp\/v2\/product"}],"about":[{"href":"https:\/\/teiaeducation.ch\/fr\/wp-json\/wp\/v2\/types\/product"}],"replies":[{"embeddable":true,"href":"https:\/\/teiaeducation.ch\/fr\/wp-json\/wp\/v2\/comments?post=33523"}],"wp:featuredmedia":[{"embeddable":true,"href":"https:\/\/teiaeducation.ch\/fr\/wp-json\/wp\/v2\/media\/33525"}],"wp:attachment":[{"href":"https:\/\/teiaeducation.ch\/fr\/wp-json\/wp\/v2\/media?parent=33523"}],"wp:term":[{"taxonomy":"product_brand","embeddable":true,"href":"https:\/\/teiaeducation.ch\/fr\/wp-json\/wp\/v2\/product_brand?post=33523"},{"taxonomy":"product_cat","embeddable":true,"href":"https:\/\/teiaeducation.ch\/fr\/wp-json\/wp\/v2\/product_cat?post=33523"},{"taxonomy":"product_tag","embeddable":true,"href":"https:\/\/teiaeducation.ch\/fr\/wp-json\/wp\/v2\/product_tag?post=33523"}],"curies":[{"name":"wp","href":"https:\/\/api.w.org\/{rel}","templated":true}]}}