{"id":33535,"date":"2020-12-22T22:37:37","date_gmt":"2020-12-22T21:37:37","guid":{"rendered":"https:\/\/teiaeducation.ch\/product\/anneau-danniversaire-arc-en-ciel-grimms\/"},"modified":"2021-10-12T08:30:15","modified_gmt":"2021-10-12T06:30:15","slug":"anneau-danniversaire-arc-en-ciel-grimms","status":"publish","type":"product","link":"https:\/\/teiaeducation.ch\/fr\/produit\/anneau-danniversaire-arc-en-ciel-grimms\/","title":{"rendered":"Anneau d\u2019anniversaire arc-en-ciel &#8211; Grimm\u2019s"},"content":{"rendered":"<p>Grand anneau d\u2019anniversaire arc-en-ciel \/ Anneau de c\u00e9l\u00e9brations Waldorf en bois fait \u00e0 la main &#8211; Grimm\u2019s<\/p>\n<p>Cette belle d\u00e9coration et porte-bougie inspir\u00e9e de la p\u00e9dagogie Waldorf fait une merveilleuse pi\u00e8ce pour les <a href=\"https:\/\/teiaeducation.ch\/fr\/categorie-produit\/celebrations-fr\/\">c\u00e9l\u00e9brations<\/a>, orne votre table ou votre rebord de fen\u00eatre. Le grand anneau d\u2019anniversaire arc-en-ciel du Grimm&#8217;s ajoute une atmosph\u00e8re particuli\u00e8re et un sens sp\u00e9cial \u00e0 toutes les c\u00e9l\u00e9brations.<\/p>\n<p>L\u2019anneau d\u2019anniversaire arc-en-ciel du Grimm&#8217;s est fabriqu\u00e9 \u00e0 la main \u00e0 partir de bois de chaux et peint \u00e0 la main dans des tons lumineux arc-en-ciel avec la peinture non toxique et \u00e0 base d&#8217;eau. Il mesure 23cm de diam\u00e8tre.<\/p>\n<p>D\u00e9corez l\u2019anneau avec les belles figures\u00a0et les chiffres d\u00e9coratives de Grimm&#8217;s, repr\u00e9sentant l\u2019\u00e2ge de l\u2019enfant qui a son anniversaire et leurs animaux pr\u00e9f\u00e9r\u00e9s, jouets ou tout autre int\u00e9r\u00eat particulier. Vous pouvez \u00e9galement ajouter des fleurs, des objets naturels, des lumi\u00e8res ou des bougies pour la d\u00e9coration parfaite pour votre c\u00e9l\u00e9bration.<\/p>\n<p>Aider les enfants \u00e0 c\u00e9l\u00e9brer et \u00e0 marquer des occasions sp\u00e9ciales avec cette joyeuse d\u00e9coration va de devenir une tradition familiale pour les ann\u00e9es et les g\u00e9n\u00e9rations \u00e0 venir.<\/p>\n<p>Id\u00e9aux pour la maison, la cr\u00e8che, Waldorf ou l\u2019\u00e9cole Steiner, les magnifiques jouets en bois naturel Grimm&#8217;s sont fabriqu\u00e9s selon la philosophie Waldorf qui est bien connue pour encourager les enfants \u00e0 d\u00e9couvrir le jeu cr\u00e9atif de fa\u00e7on ind\u00e9pendante, sans limitations \u00e0 un rythme sans h\u00e2te. Les jouets en bois de Grimm&#8217;s sont color\u00e9s \u00e0 la main avec des peintures \u00e0 base d\u2019eau non toxiques et ne sont pas finis avec de la laque pour assurer les caract\u00e9ristiques originales du bois et pour qu&#8217;on puisse voir le grain \u00e0 travers. La surface des jouets fabriqu\u00e9s \u00e0 partir de bois europ\u00e9ens certifi\u00e9\u00a0FSC est laiss\u00e9e l\u00e9g\u00e8rement rugueuse, ce qui les rend plus facilement empilables et moins glissants.<\/p>\n<p>Les jouets en bois de Grimm&#8217;s sont fabriqu\u00e9s dans les manufacture de Grimm&#8217;s en Allemagne ainsi que dans plusieurs ateliers \u00e0 travers l\u2019Europe \u00e0 partir de diff\u00e9rents types de bois tels que l\u2019aulne, la chaux, le h\u00eatre et l\u2019\u00e9rable. Tout le bois utilis\u00e9 pour fabriquer les jouets de Grimm&#8217;s provient de for\u00eats europ\u00e9ennes g\u00e9r\u00e9es de mani\u00e8re durable.<\/p>\n<p>Veuillez noter que les jouets de Grimm&#8217;s sont toujours uniques, et portent des marques uniques faites par la nature. Le grain du bois a des structures et des couleurs changeantes qui servent de preuve de ses origines naturelles. Les variations uniques, les marques, les noeuds, les motifs, les rayures noires ou les taches sombres qui peuvent \u00eatre visibles dans le bois des jouets de Grimm&#8217;s sont une preuve de qualit\u00e9, et non des d\u00e9fauts.<\/p>\n<p>Avertissement! L\u2019anneau d\u2019anniversaire arc-en-ciel du Grimm&#8217;s est un objet d\u00e9coratif qui ne convient pas au jeu. Pour plus de s\u00e9curit\u00e9 si vous utilisez des bougies, veuillez utiliser des bougeoirs et vous assurer qu\u2019il n\u2019y a pas de papier ni de figure d\u00e9corative pr\u00e8s des flammes. Ce mat\u00e9riel convient aux enfants de 14 ans et plus.<\/p>\n<p>Contenu:<\/p>\n<p>12 pi\u00e8ces, chacune avec 1 trou<\/p>\n","protected":false},"excerpt":{"rendered":"<p>Num\u00e9ro d\u2019article: gri01700<\/p>\n<p>L\u2019anneau d\u2019anniversaire arc-en-ciel de Grimm&#8217;s est une d\u00e9coration en bois pour les figures d\u00e9coratives et les bougies pour les occasions sp\u00e9ciales et les c\u00e9l\u00e9brations Waldorf.<\/p>\n","protected":false},"featured_media":33489,"comment_status":"open","ping_status":"closed","template":"","meta":[],"product_brand":[],"product_cat":[22346,24874,17225,17212,16897,17243,17242,17241,23021,7595,217,5851,22350,212,1219],"product_tag":[18410,18409,18413,18414,18405,18406,18404,18408,18411,8625,17332,17334,17335,18407,17336,18412],"class_list":{"0":"post-33535","1":"product","2":"type-product","3":"status-publish","4":"has-post-thumbnail","6":"product_cat-anniversaires","7":"product_cat-celebrations-rituels-familiaux","8":"product_cat-celebrations-fr","9":"product_cat-grimms-fr","10":"product_cat-guide-cadeau-6-12-ans","11":"product_cat-guide-cadeaux-0-12-mois","12":"product_cat-guide-cadeaux-1-3-ans","13":"product_cat-guide-cadeaux-3-6-ans","14":"product_cat-jouets-waldorf","15":"product_cat-methode-deducation","16":"product_cat-marques","17":"product_cat-nouveautes","18":"product_cat-rituels-avent","19":"product_cat-tranche-dage","20":"product_cat-waldorf-fr","21":"product_tag-anneau-danniversaire","22":"product_tag-anneau-danniversaire-de-grimm","23":"product_tag-anneau-danniversaire-waldorf","24":"product_tag-anneau-de-celebration-de-waldorf","25":"product_tag-anneaux-danniversaire-de-grimm","26":"product_tag-anneaux-de-celebration","27":"product_tag-decorations-danniversaire-en-bois","28":"product_tag-decorations-danniversaire-en-bois-de-grimm","29":"product_tag-decorations-pour-support-de-bougie","30":"product_tag-fabrique-en-allemagne","31":"product_tag-grimm-suisse","32":"product_tag-grimm-suisse-fr","33":"product_tag-grimme-suisse","34":"product_tag-les-figures-decoratives-de-grimm","35":"product_tag-magasin-de-jouets-en-bois-grimm","36":"product_tag-support-de-bougies-danniversaire-en-bois","38":"first","39":"instock","40":"taxable","41":"shipping-taxable","42":"purchasable","43":"product-type-simple"},"yoast_head":"<!-- This site is optimized with the Yoast SEO plugin v27.1.1 - https:\/\/yoast.com\/product\/yoast-seo-wordpress\/ -->\n<title>Anneau d\u2019anniversaire arc-en-ciel - Grimm\u2019s - Teia Education &amp; Play<\/title>\n<meta name=\"description\" content=\"Le grand anneau d\u2019anniversaire arc-en-ciel de Grimm&#039;s est une d\u00e9coration en bois pour les figures d\u00e9coratives et les bougies pour les c\u00e9l\u00e9brations Waldorf.\" \/>\n<meta name=\"robots\" content=\"index, follow, max-snippet:-1, max-image-preview:large, max-video-preview:-1\" \/>\n<link rel=\"canonical\" href=\"https:\/\/teiaeducation.ch\/fr\/produit\/anneau-danniversaire-arc-en-ciel-grimms\/\" \/>\n<meta property=\"og:locale\" content=\"fr_FR\" \/>\n<meta property=\"og:type\" content=\"article\" \/>\n<meta property=\"og:title\" content=\"Anneau d\u2019anniversaire arc-en-ciel - Grimm\u2019s - Teia Education &amp; Play\" \/>\n<meta property=\"og:description\" content=\"Le grand anneau d\u2019anniversaire arc-en-ciel de Grimm&#039;s est une d\u00e9coration en bois pour les figures d\u00e9coratives et les bougies pour les c\u00e9l\u00e9brations Waldorf.\" \/>\n<meta property=\"og:url\" content=\"https:\/\/teiaeducation.ch\/fr\/produit\/anneau-danniversaire-arc-en-ciel-grimms\/\" \/>\n<meta property=\"og:site_name\" content=\"Sustainable Educational Products &amp; Ecological Toys\u00a0\" \/>\n<meta property=\"article:publisher\" content=\"https:\/\/www.facebook.com\/teiaeducation\/\" \/>\n<meta property=\"article:modified_time\" content=\"2021-10-12T06:30:15+00:00\" \/>\n<meta property=\"og:image\" content=\"https:\/\/teiaeducation.ch\/wp-content\/uploads\/2020\/12\/Rainbow-birthday-ring-Handmade-wooden-Waldorf-celebrations-ring-Grimms1.jpg\" \/>\n\t<meta property=\"og:image:width\" content=\"1800\" \/>\n\t<meta property=\"og:image:height\" content=\"1800\" \/>\n\t<meta property=\"og:image:type\" content=\"image\/jpeg\" \/>\n<script type=\"application\/ld+json\" class=\"yoast-schema-graph\">{\"@context\":\"https:\/\/schema.org\",\"@graph\":[{\"@type\":\"WebPage\",\"@id\":\"https:\/\/teiaeducation.ch\/fr\/produit\/anneau-danniversaire-arc-en-ciel-grimms\/\",\"url\":\"https:\/\/teiaeducation.ch\/fr\/produit\/anneau-danniversaire-arc-en-ciel-grimms\/\",\"name\":\"Anneau d\u2019anniversaire arc-en-ciel - Grimm\u2019s - Teia Education & Play\",\"isPartOf\":{\"@id\":\"https:\/\/teiaeducation.ch\/fr\/#website\"},\"primaryImageOfPage\":{\"@id\":\"https:\/\/teiaeducation.ch\/fr\/produit\/anneau-danniversaire-arc-en-ciel-grimms\/#primaryimage\"},\"image\":{\"@id\":\"https:\/\/teiaeducation.ch\/fr\/produit\/anneau-danniversaire-arc-en-ciel-grimms\/#primaryimage\"},\"thumbnailUrl\":\"https:\/\/teiaeducation.ch\/wp-content\/uploads\/2020\/12\/Rainbow-birthday-ring-Handmade-wooden-Waldorf-celebrations-ring-Grimms1.jpg\",\"datePublished\":\"2020-12-22T21:37:37+00:00\",\"dateModified\":\"2021-10-12T06:30:15+00:00\",\"description\":\"Le grand anneau d\u2019anniversaire arc-en-ciel de Grimm's est une d\u00e9coration en bois pour les figures d\u00e9coratives et les bougies pour les c\u00e9l\u00e9brations Waldorf.\",\"breadcrumb\":{\"@id\":\"https:\/\/teiaeducation.ch\/fr\/produit\/anneau-danniversaire-arc-en-ciel-grimms\/#breadcrumb\"},\"inLanguage\":\"fr-FR\",\"potentialAction\":[{\"@type\":\"ReadAction\",\"target\":[\"https:\/\/teiaeducation.ch\/fr\/produit\/anneau-danniversaire-arc-en-ciel-grimms\/\"]}]},{\"@type\":\"ImageObject\",\"inLanguage\":\"fr-FR\",\"@id\":\"https:\/\/teiaeducation.ch\/fr\/produit\/anneau-danniversaire-arc-en-ciel-grimms\/#primaryimage\",\"url\":\"https:\/\/teiaeducation.ch\/wp-content\/uploads\/2020\/12\/Rainbow-birthday-ring-Handmade-wooden-Waldorf-celebrations-ring-Grimms1.jpg\",\"contentUrl\":\"https:\/\/teiaeducation.ch\/wp-content\/uploads\/2020\/12\/Rainbow-birthday-ring-Handmade-wooden-Waldorf-celebrations-ring-Grimms1.jpg\",\"width\":1800,\"height\":1800,\"caption\":\"Anneau d\u2019anniversaire arc-en-ciel \/ Anneau de c\u00e9l\u00e9brations Waldorf en bois fait \u00e0 la main - Grimm\u2019s\"},{\"@type\":\"BreadcrumbList\",\"@id\":\"https:\/\/teiaeducation.ch\/fr\/produit\/anneau-danniversaire-arc-en-ciel-grimms\/#breadcrumb\",\"itemListElement\":[{\"@type\":\"ListItem\",\"position\":1,\"name\":\"Home\",\"item\":\"https:\/\/teiaeducation.ch\/fr\/\"},{\"@type\":\"ListItem\",\"position\":2,\"name\":\"Boutique Teia Education &amp; Play\",\"item\":\"https:\/\/teiaeducation.ch\/fr\/boutique\/\"},{\"@type\":\"ListItem\",\"position\":3,\"name\":\"Nos Marques\",\"item\":\"https:\/\/teiaeducation.ch\/fr\/categorie-produit\/marques\/\"},{\"@type\":\"ListItem\",\"position\":4,\"name\":\"Grimm's\",\"item\":\"https:\/\/teiaeducation.ch\/fr\/categorie-produit\/marques\/grimms-fr\/\"},{\"@type\":\"ListItem\",\"position\":5,\"name\":\"Anneau d\u2019anniversaire arc-en-ciel &#8211; Grimm\u2019s\"}]},{\"@type\":\"WebSite\",\"@id\":\"https:\/\/teiaeducation.ch\/fr\/#website\",\"url\":\"https:\/\/teiaeducation.ch\/fr\/\",\"name\":\"Sustainable Educational Products &amp; Ecological Toys\u00a0\",\"description\":\"Specialised Swiss shop selling sustainable educational toys and games, AMI certified Montessori materials, handmade ecological wooden Waldorf toys and arts &amp; crafts supplies, school supplies, children&#039;s furniture and Montessori reference and parenting books.\",\"publisher\":{\"@id\":\"https:\/\/teiaeducation.ch\/fr\/#organization\"},\"alternateName\":\"Teia Education & Play\",\"potentialAction\":[{\"@type\":\"SearchAction\",\"target\":{\"@type\":\"EntryPoint\",\"urlTemplate\":\"https:\/\/teiaeducation.ch\/fr\/?s={search_term_string}\"},\"query-input\":{\"@type\":\"PropertyValueSpecification\",\"valueRequired\":true,\"valueName\":\"search_term_string\"}}],\"inLanguage\":\"fr-FR\"},{\"@type\":\"Organization\",\"@id\":\"https:\/\/teiaeducation.ch\/fr\/#organization\",\"name\":\"Teia Education & Play\",\"url\":\"https:\/\/teiaeducation.ch\/fr\/\",\"logo\":{\"@type\":\"ImageObject\",\"inLanguage\":\"fr-FR\",\"@id\":\"https:\/\/teiaeducation.ch\/fr\/#\/schema\/logo\/image\/\",\"url\":\"https:\/\/teiaeducation.ch\/wp-content\/uploads\/2020\/11\/Teia-Education-Switzerland-e1620156442216.jpg\",\"contentUrl\":\"https:\/\/teiaeducation.ch\/wp-content\/uploads\/2020\/11\/Teia-Education-Switzerland-e1620156442216.jpg\",\"width\":166,\"height\":145,\"caption\":\"Teia Education & Play\"},\"image\":{\"@id\":\"https:\/\/teiaeducation.ch\/fr\/#\/schema\/logo\/image\/\"},\"sameAs\":[\"https:\/\/www.facebook.com\/teiaeducation\/\",\"https:\/\/x.com\/EducationTeia\",\"https:\/\/www.instagram.com\/teia.education\/\",\"https:\/\/www.linkedin.com\/company\/35501660\",\"https:\/\/www.pinterest.ch\/TeiaEducation\/\"]}]}<\/script>\n<!-- \/ Yoast SEO plugin. -->","yoast_head_json":{"title":"Anneau d\u2019anniversaire arc-en-ciel - Grimm\u2019s - Teia Education & Play","description":"Le grand anneau d\u2019anniversaire arc-en-ciel de Grimm's est une d\u00e9coration en bois pour les figures d\u00e9coratives et les bougies pour les c\u00e9l\u00e9brations Waldorf.","robots":{"index":"index","follow":"follow","max-snippet":"max-snippet:-1","max-image-preview":"max-image-preview:large","max-video-preview":"max-video-preview:-1"},"canonical":"https:\/\/teiaeducation.ch\/fr\/produit\/anneau-danniversaire-arc-en-ciel-grimms\/","og_locale":"fr_FR","og_type":"article","og_title":"Anneau d\u2019anniversaire arc-en-ciel - Grimm\u2019s - Teia Education & Play","og_description":"Le grand anneau d\u2019anniversaire arc-en-ciel de Grimm's est une d\u00e9coration en bois pour les figures d\u00e9coratives et les bougies pour les c\u00e9l\u00e9brations Waldorf.","og_url":"https:\/\/teiaeducation.ch\/fr\/produit\/anneau-danniversaire-arc-en-ciel-grimms\/","og_site_name":"Sustainable Educational Products &amp; Ecological Toys\u00a0","article_publisher":"https:\/\/www.facebook.com\/teiaeducation\/","article_modified_time":"2021-10-12T06:30:15+00:00","og_image":[{"width":1800,"height":1800,"url":"https:\/\/teiaeducation.ch\/wp-content\/uploads\/2020\/12\/Rainbow-birthday-ring-Handmade-wooden-Waldorf-celebrations-ring-Grimms1.jpg","type":"image\/jpeg"}],"schema":{"@context":"https:\/\/schema.org","@graph":[{"@type":"WebPage","@id":"https:\/\/teiaeducation.ch\/fr\/produit\/anneau-danniversaire-arc-en-ciel-grimms\/","url":"https:\/\/teiaeducation.ch\/fr\/produit\/anneau-danniversaire-arc-en-ciel-grimms\/","name":"Anneau d\u2019anniversaire arc-en-ciel - Grimm\u2019s - Teia Education & Play","isPartOf":{"@id":"https:\/\/teiaeducation.ch\/fr\/#website"},"primaryImageOfPage":{"@id":"https:\/\/teiaeducation.ch\/fr\/produit\/anneau-danniversaire-arc-en-ciel-grimms\/#primaryimage"},"image":{"@id":"https:\/\/teiaeducation.ch\/fr\/produit\/anneau-danniversaire-arc-en-ciel-grimms\/#primaryimage"},"thumbnailUrl":"https:\/\/teiaeducation.ch\/wp-content\/uploads\/2020\/12\/Rainbow-birthday-ring-Handmade-wooden-Waldorf-celebrations-ring-Grimms1.jpg","datePublished":"2020-12-22T21:37:37+00:00","dateModified":"2021-10-12T06:30:15+00:00","description":"Le grand anneau d\u2019anniversaire arc-en-ciel de Grimm's est une d\u00e9coration en bois pour les figures d\u00e9coratives et les bougies pour les c\u00e9l\u00e9brations Waldorf.","breadcrumb":{"@id":"https:\/\/teiaeducation.ch\/fr\/produit\/anneau-danniversaire-arc-en-ciel-grimms\/#breadcrumb"},"inLanguage":"fr-FR","potentialAction":[{"@type":"ReadAction","target":["https:\/\/teiaeducation.ch\/fr\/produit\/anneau-danniversaire-arc-en-ciel-grimms\/"]}]},{"@type":"ImageObject","inLanguage":"fr-FR","@id":"https:\/\/teiaeducation.ch\/fr\/produit\/anneau-danniversaire-arc-en-ciel-grimms\/#primaryimage","url":"https:\/\/teiaeducation.ch\/wp-content\/uploads\/2020\/12\/Rainbow-birthday-ring-Handmade-wooden-Waldorf-celebrations-ring-Grimms1.jpg","contentUrl":"https:\/\/teiaeducation.ch\/wp-content\/uploads\/2020\/12\/Rainbow-birthday-ring-Handmade-wooden-Waldorf-celebrations-ring-Grimms1.jpg","width":1800,"height":1800,"caption":"Anneau d\u2019anniversaire arc-en-ciel \/ Anneau de c\u00e9l\u00e9brations Waldorf en bois fait \u00e0 la main - Grimm\u2019s"},{"@type":"BreadcrumbList","@id":"https:\/\/teiaeducation.ch\/fr\/produit\/anneau-danniversaire-arc-en-ciel-grimms\/#breadcrumb","itemListElement":[{"@type":"ListItem","position":1,"name":"Home","item":"https:\/\/teiaeducation.ch\/fr\/"},{"@type":"ListItem","position":2,"name":"Boutique Teia Education &amp; Play","item":"https:\/\/teiaeducation.ch\/fr\/boutique\/"},{"@type":"ListItem","position":3,"name":"Nos Marques","item":"https:\/\/teiaeducation.ch\/fr\/categorie-produit\/marques\/"},{"@type":"ListItem","position":4,"name":"Grimm's","item":"https:\/\/teiaeducation.ch\/fr\/categorie-produit\/marques\/grimms-fr\/"},{"@type":"ListItem","position":5,"name":"Anneau d\u2019anniversaire arc-en-ciel &#8211; Grimm\u2019s"}]},{"@type":"WebSite","@id":"https:\/\/teiaeducation.ch\/fr\/#website","url":"https:\/\/teiaeducation.ch\/fr\/","name":"Sustainable Educational Products &amp; Ecological Toys\u00a0","description":"Specialised Swiss shop selling sustainable educational toys and games, AMI certified Montessori materials, handmade ecological wooden Waldorf toys and arts &amp; crafts supplies, school supplies, children&#039;s furniture and Montessori reference and parenting books.","publisher":{"@id":"https:\/\/teiaeducation.ch\/fr\/#organization"},"alternateName":"Teia Education & Play","potentialAction":[{"@type":"SearchAction","target":{"@type":"EntryPoint","urlTemplate":"https:\/\/teiaeducation.ch\/fr\/?s={search_term_string}"},"query-input":{"@type":"PropertyValueSpecification","valueRequired":true,"valueName":"search_term_string"}}],"inLanguage":"fr-FR"},{"@type":"Organization","@id":"https:\/\/teiaeducation.ch\/fr\/#organization","name":"Teia Education & Play","url":"https:\/\/teiaeducation.ch\/fr\/","logo":{"@type":"ImageObject","inLanguage":"fr-FR","@id":"https:\/\/teiaeducation.ch\/fr\/#\/schema\/logo\/image\/","url":"https:\/\/teiaeducation.ch\/wp-content\/uploads\/2020\/11\/Teia-Education-Switzerland-e1620156442216.jpg","contentUrl":"https:\/\/teiaeducation.ch\/wp-content\/uploads\/2020\/11\/Teia-Education-Switzerland-e1620156442216.jpg","width":166,"height":145,"caption":"Teia Education & Play"},"image":{"@id":"https:\/\/teiaeducation.ch\/fr\/#\/schema\/logo\/image\/"},"sameAs":["https:\/\/www.facebook.com\/teiaeducation\/","https:\/\/x.com\/EducationTeia","https:\/\/www.instagram.com\/teia.education\/","https:\/\/www.linkedin.com\/company\/35501660","https:\/\/www.pinterest.ch\/TeiaEducation\/"]}]}},"_links":{"self":[{"href":"https:\/\/teiaeducation.ch\/fr\/wp-json\/wp\/v2\/product\/33535","targetHints":{"allow":["GET"]}}],"collection":[{"href":"https:\/\/teiaeducation.ch\/fr\/wp-json\/wp\/v2\/product"}],"about":[{"href":"https:\/\/teiaeducation.ch\/fr\/wp-json\/wp\/v2\/types\/product"}],"replies":[{"embeddable":true,"href":"https:\/\/teiaeducation.ch\/fr\/wp-json\/wp\/v2\/comments?post=33535"}],"wp:featuredmedia":[{"embeddable":true,"href":"https:\/\/teiaeducation.ch\/fr\/wp-json\/wp\/v2\/media\/33489"}],"wp:attachment":[{"href":"https:\/\/teiaeducation.ch\/fr\/wp-json\/wp\/v2\/media?parent=33535"}],"wp:term":[{"taxonomy":"product_brand","embeddable":true,"href":"https:\/\/teiaeducation.ch\/fr\/wp-json\/wp\/v2\/product_brand?post=33535"},{"taxonomy":"product_cat","embeddable":true,"href":"https:\/\/teiaeducation.ch\/fr\/wp-json\/wp\/v2\/product_cat?post=33535"},{"taxonomy":"product_tag","embeddable":true,"href":"https:\/\/teiaeducation.ch\/fr\/wp-json\/wp\/v2\/product_tag?post=33535"}],"curies":[{"name":"wp","href":"https:\/\/api.w.org\/{rel}","templated":true}]}}