{"id":33537,"date":"2020-12-22T15:04:46","date_gmt":"2020-12-22T14:04:46","guid":{"rendered":"https:\/\/teiaeducation.ch\/product\/figures-assorties-des-4-saisons-grimm\/"},"modified":"2021-10-14T12:56:47","modified_gmt":"2021-10-14T10:56:47","slug":"figures-assorties-des-quatre-saisons-grimms","status":"publish","type":"product","link":"https:\/\/teiaeducation.ch\/fr\/produit\/figures-assorties-des-quatre-saisons-grimms\/","title":{"rendered":"Figurines assorties des 4 saisons &#8211; Grimm&#8217;s"},"content":{"rendered":"<p>Figurines d\u00e9coratives assorties des 4 saisons &#8211; Grimm&#8217;s<\/p>\n<p>Ce bel ensemble de figurines d\u00e9coratives des 4 saisons en bois d\u2019inspiration Waldorf de notre collection de <a href=\"https:\/\/teiaeducation.ch\/fr\/categorie-produit\/celebrations-fr\/\">c\u00e9l\u00e9brations<\/a> est le moyen id\u00e9al pour marquer les saisons changeantes, les mois et le passage du temps avec les enfants.<\/p>\n<p>Chaque figurine\u00a0peinte \u00e0 la main repr\u00e9sente un mois diff\u00e9rent, illustrant la p\u00e9riode de l\u2019ann\u00e9e pour les enfants :<\/p>\n<p>Janvier &#8211; Bonhomme de neige<br \/>\nF\u00e9vrier &#8211; Clown<br \/>\nMars &#8211; Tulipe<br \/>\nAvril &#8211; Lapin<br \/>\nMai &#8211; Bouleau<br \/>\nJuin &#8211; Papillon<br \/>\nJuillet &#8211; Cerise<br \/>\nAo\u00fbt &#8211; Voilier<br \/>\nSeptembre &#8211; Moulin \u00e0 vent<br \/>\nOctobre &#8211; Champignon<br \/>\nNovembre &#8211; Nain<br \/>\nD\u00e9cembre &#8211; \u00c9toile<\/p>\n<p>Les figurines assorties des quatre saisons de Grimm&#8217;s sont fabriqu\u00e9es \u00e0 la main \u00e0 partir de bois de chaux et peintes \u00e0 la main avec des peintures non toxiques \u00e0 base d\u2019eau. Les figurines varient entre 3-8cm de hauteur et font 1cm d\u2019\u00e9paisseur.<\/p>\n<p>Les figurines assorties de quatre saisons sont l\u2019ajout parfait aux calendriers Waldorf de Grimm et aux d\u00e9corations pour des occasions sp\u00e9ciales et des c\u00e9l\u00e9brations, en particulier l\u2019anneau annuel d&#8217;inspiration Waldorf de Grimm&#8217;s et les anneaux d\u2019anniversaire.<\/p>\n<p>Id\u00e9aux pour la maison, la cr\u00e8che, Waldorf ou l\u2019\u00e9cole Steiner, les magnifiques jouets en bois naturel de Grimm&#8217;s sont fabriqu\u00e9s selon la philosophie Waldorf qui est bien connue pour encourager les enfants \u00e0 d\u00e9couvrir le jeu cr\u00e9atif de fa\u00e7on ind\u00e9pendante, sans limitations \u00e0 un rythme sans h\u00e2te. Les jouets en bois de Grimm&#8217;s sont color\u00e9s \u00e0 la main avec des peintures \u00e0 base d\u2019eau non toxiques et ne sont pas finis avec de la laque pour assurer les caract\u00e9ristiques originales du bois et pour qu&#8217;on puisse voir le grain \u00e0 travers. La surface des jouets fabriqu\u00e9s \u00e0 partir de bois europ\u00e9ens certifi\u00e9 FSC est laiss\u00e9e l\u00e9g\u00e8rement rugueuse, ce qui les rend plus facilement empilables et moins glissants.<\/p>\n<p>Les jouets en bois de Grimm&#8217;s sont fabriqu\u00e9s dans les manufacture de Grimm&#8217;s en Allemagne ainsi que dans plusieurs ateliers \u00e0 travers l\u2019Europe \u00e0 partir de diff\u00e9rents types de bois tels que l\u2019aulne, la chaux, le h\u00eatre et l\u2019\u00e9rable. Tout le bois utilis\u00e9 pour fabriquer les jouets de Grimm&#8217;s provient de for\u00eats europ\u00e9ennes g\u00e9r\u00e9es de mani\u00e8re durable.<\/p>\n<p>Veuillez noter que les jouets de Grimm&#8217;s sont toujours uniques, et portent des marques uniques faites par la nature. Le grain du bois a des structures et des couleurs changeantes qui servent de preuve de ses origines naturelles. Les variations uniques, les marques, les noeuds, les motifs, les rayures noires ou les taches sombres qui peuvent \u00eatre visibles dans le bois des jouets de Grimm&#8217;s sont une preuve de qualit\u00e9, et non des d\u00e9fauts.<\/p>\n<p>Avertissement! Cet objet d\u00e9coratif n\u2019est pas adapt\u00e9 pour jouer.<\/p>\n<p>Contenu :<br \/>\n12 figurines d\u00e9coratives assorties des 4 saisons<br \/>\n1 support de bougie en laiton (12mm)<\/p>\n","protected":false},"excerpt":{"rendered":"<p>Num\u00e9ro d\u2019article: gri03050<\/p>\n<p>Les figurines assorties de 4 saisons de Grimm&#8217;s sont id\u00e9al pour marquer les saisons changeantes, les mois et le passage du temps.<\/p>\n","protected":false},"featured_media":31469,"comment_status":"open","ping_status":"closed","template":"","meta":[],"product_brand":[],"product_cat":[215,216,24876,24874,16898,17225,23635,18893,22344,284,283,17212,23021,7595,217,5851,598,22348,212,1219],"product_tag":[18410,18409,18413,18414,18405,18406,18404,18408,18411,8625,18416,17334,17332,17335,18407,18417,17336,18412],"class_list":{"0":"post-33537","1":"product","2":"type-product","3":"status-publish","4":"has-post-thumbnail","6":"product_cat-3-6-ans","7":"product_cat-6-12-ans","8":"product_cat-apprendre-decouvrir","9":"product_cat-celebrations-rituels-familiaux","10":"product_cat-collection-automne","11":"product_cat-celebrations-fr","12":"product_cat-collection-dete","13":"product_cat-collection-printemps","14":"product_cat-collections-saisonnieres","15":"product_cat-culture-sciences","16":"product_cat-domaines-du-curriculum","17":"product_cat-grimms-fr","18":"product_cat-jouets-waldorf","19":"product_cat-methode-deducation","20":"product_cat-marques","21":"product_cat-nouveautes","22":"product_cat-saisons-meteo","23":"product_cat-natur-saisonale-tische","24":"product_cat-tranche-dage","25":"product_cat-waldorf-fr","26":"product_tag-anneau-danniversaire","27":"product_tag-anneau-danniversaire-de-grimm","28":"product_tag-anneau-danniversaire-waldorf","29":"product_tag-anneau-de-celebration-de-waldorf","30":"product_tag-anneaux-danniversaire-de-grimm","31":"product_tag-anneaux-de-celebration","32":"product_tag-decorations-danniversaire-en-bois","33":"product_tag-decorations-danniversaire-en-bois-de-grimm","34":"product_tag-decorations-pour-support-de-bougie","35":"product_tag-fabrique-en-allemagne","36":"product_tag-figures-des-quatre-saisons-de-grimms","37":"product_tag-grimm-suisse-fr","38":"product_tag-grimm-suisse","39":"product_tag-grimme-suisse","40":"product_tag-les-figures-decoratives-de-grimm","41":"product_tag-les-figures-saisonnieres-de-grimms","42":"product_tag-magasin-de-jouets-en-bois-grimm","43":"product_tag-support-de-bougies-danniversaire-en-bois","45":"first","46":"outofstock","47":"taxable","48":"shipping-taxable","49":"purchasable","50":"product-type-simple"},"yoast_head":"<!-- This site is optimized with the Yoast SEO Premium plugin v25.8 (Yoast SEO v27.4) - https:\/\/yoast.com\/product\/yoast-seo-premium-wordpress\/ -->\n<title>Figurines assorties des 4 saisons - Grimm&#039;s - Teia Education &amp; Play<\/title>\n<meta name=\"description\" content=\"Les figurines assorties de 4 saisons de Grimm&#039;s sont id\u00e9al pour marquer les saisons changeantes, les mois et le passage du temps.\" \/>\n<meta name=\"robots\" content=\"index, follow, max-snippet:-1, max-image-preview:large, max-video-preview:-1\" \/>\n<link rel=\"canonical\" href=\"https:\/\/teiaeducation.ch\/fr\/produit\/figures-assorties-des-quatre-saisons-grimms\/\" \/>\n<meta property=\"og:locale\" content=\"fr_FR\" \/>\n<meta property=\"og:type\" content=\"article\" \/>\n<meta property=\"og:title\" content=\"Figurines assorties des 4 saisons - Grimm&#039;s\" \/>\n<meta property=\"og:description\" content=\"Les figurines assorties de 4 saisons de Grimm&#039;s sont id\u00e9al pour marquer les saisons changeantes, les mois et le passage du temps.\" \/>\n<meta property=\"og:url\" content=\"https:\/\/teiaeducation.ch\/fr\/produit\/figures-assorties-des-quatre-saisons-grimms\/\" \/>\n<meta property=\"og:site_name\" content=\"Sustainable Educational Products &amp; Ecological Toys\u00a0\" \/>\n<meta property=\"article:publisher\" content=\"https:\/\/www.facebook.com\/teiaeducation\/\" \/>\n<meta property=\"article:modified_time\" content=\"2021-10-14T10:56:47+00:00\" \/>\n<meta property=\"og:image\" content=\"https:\/\/teiaeducation.ch\/wp-content\/uploads\/2020\/10\/Four-seasons-assorted-figures-Grimms2.jpg\" \/>\n\t<meta property=\"og:image:width\" content=\"900\" \/>\n\t<meta property=\"og:image:height\" content=\"900\" \/>\n\t<meta property=\"og:image:type\" content=\"image\/jpeg\" \/>\n<script type=\"application\/ld+json\" class=\"yoast-schema-graph\">{\"@context\":\"https:\\\/\\\/schema.org\",\"@graph\":[{\"@type\":\"WebPage\",\"@id\":\"https:\\\/\\\/teiaeducation.ch\\\/fr\\\/produit\\\/figures-assorties-des-quatre-saisons-grimms\\\/\",\"url\":\"https:\\\/\\\/teiaeducation.ch\\\/fr\\\/produit\\\/figures-assorties-des-quatre-saisons-grimms\\\/\",\"name\":\"Figurines assorties des 4 saisons - Grimm's - Teia Education & Play\",\"isPartOf\":{\"@id\":\"https:\\\/\\\/teiaeducation.ch\\\/fr\\\/#website\"},\"primaryImageOfPage\":{\"@id\":\"https:\\\/\\\/teiaeducation.ch\\\/fr\\\/produit\\\/figures-assorties-des-quatre-saisons-grimms\\\/#primaryimage\"},\"image\":{\"@id\":\"https:\\\/\\\/teiaeducation.ch\\\/fr\\\/produit\\\/figures-assorties-des-quatre-saisons-grimms\\\/#primaryimage\"},\"thumbnailUrl\":\"https:\\\/\\\/teiaeducation.ch\\\/wp-content\\\/uploads\\\/2020\\\/10\\\/Four-seasons-assorted-figures-Grimms2.jpg\",\"datePublished\":\"2020-12-22T14:04:46+00:00\",\"dateModified\":\"2021-10-14T10:56:47+00:00\",\"description\":\"Les figurines assorties de 4 saisons de Grimm's sont id\u00e9al pour marquer les saisons changeantes, les mois et le passage du temps.\",\"breadcrumb\":{\"@id\":\"https:\\\/\\\/teiaeducation.ch\\\/fr\\\/produit\\\/figures-assorties-des-quatre-saisons-grimms\\\/#breadcrumb\"},\"inLanguage\":\"fr-FR\",\"potentialAction\":[{\"@type\":\"ReadAction\",\"target\":[\"https:\\\/\\\/teiaeducation.ch\\\/fr\\\/produit\\\/figures-assorties-des-quatre-saisons-grimms\\\/\"]}]},{\"@type\":\"ImageObject\",\"inLanguage\":\"fr-FR\",\"@id\":\"https:\\\/\\\/teiaeducation.ch\\\/fr\\\/produit\\\/figures-assorties-des-quatre-saisons-grimms\\\/#primaryimage\",\"url\":\"https:\\\/\\\/teiaeducation.ch\\\/wp-content\\\/uploads\\\/2020\\\/10\\\/Four-seasons-assorted-figures-Grimms2.jpg\",\"contentUrl\":\"https:\\\/\\\/teiaeducation.ch\\\/wp-content\\\/uploads\\\/2020\\\/10\\\/Four-seasons-assorted-figures-Grimms2.jpg\",\"width\":900,\"height\":900,\"caption\":\"Figurines d\u00e9coratives assorties des 4 saisons Grimm's\"},{\"@type\":\"BreadcrumbList\",\"@id\":\"https:\\\/\\\/teiaeducation.ch\\\/fr\\\/produit\\\/figures-assorties-des-quatre-saisons-grimms\\\/#breadcrumb\",\"itemListElement\":[{\"@type\":\"ListItem\",\"position\":1,\"name\":\"Home\",\"item\":\"https:\\\/\\\/teiaeducation.ch\\\/fr\\\/\"},{\"@type\":\"ListItem\",\"position\":2,\"name\":\"Boutique Teia Education &amp; Play\",\"item\":\"https:\\\/\\\/teiaeducation.ch\\\/fr\\\/boutique\\\/\"},{\"@type\":\"ListItem\",\"position\":3,\"name\":\"Nos Marques\",\"item\":\"https:\\\/\\\/teiaeducation.ch\\\/fr\\\/categorie-produit\\\/marques\\\/\"},{\"@type\":\"ListItem\",\"position\":4,\"name\":\"Grimm's\",\"item\":\"https:\\\/\\\/teiaeducation.ch\\\/fr\\\/categorie-produit\\\/marques\\\/grimms-fr\\\/\"},{\"@type\":\"ListItem\",\"position\":5,\"name\":\"Figurines assorties des 4 saisons &#8211; Grimm&#8217;s\"}]},{\"@type\":\"WebSite\",\"@id\":\"https:\\\/\\\/teiaeducation.ch\\\/fr\\\/#website\",\"url\":\"https:\\\/\\\/teiaeducation.ch\\\/fr\\\/\",\"name\":\"Sustainable Educational Products &amp; Ecological Toys\u00a0\",\"description\":\"Specialised Swiss shop selling sustainable educational toys and games, AMI certified Montessori materials, handmade ecological wooden Waldorf toys and arts &amp; crafts supplies, school supplies, children&#039;s furniture and Montessori reference and parenting books.\",\"publisher\":{\"@id\":\"https:\\\/\\\/teiaeducation.ch\\\/fr\\\/#organization\"},\"alternateName\":\"Teia Education & Play\",\"potentialAction\":[{\"@type\":\"SearchAction\",\"target\":{\"@type\":\"EntryPoint\",\"urlTemplate\":\"https:\\\/\\\/teiaeducation.ch\\\/fr\\\/?s={search_term_string}\"},\"query-input\":{\"@type\":\"PropertyValueSpecification\",\"valueRequired\":true,\"valueName\":\"search_term_string\"}}],\"inLanguage\":\"fr-FR\"},{\"@type\":\"Organization\",\"@id\":\"https:\\\/\\\/teiaeducation.ch\\\/fr\\\/#organization\",\"name\":\"Teia Education & Play\",\"url\":\"https:\\\/\\\/teiaeducation.ch\\\/fr\\\/\",\"logo\":{\"@type\":\"ImageObject\",\"inLanguage\":\"fr-FR\",\"@id\":\"https:\\\/\\\/teiaeducation.ch\\\/fr\\\/#\\\/schema\\\/logo\\\/image\\\/\",\"url\":\"https:\\\/\\\/teiaeducation.ch\\\/wp-content\\\/uploads\\\/2020\\\/11\\\/Teia-Education-Switzerland-e1620156442216.jpg\",\"contentUrl\":\"https:\\\/\\\/teiaeducation.ch\\\/wp-content\\\/uploads\\\/2020\\\/11\\\/Teia-Education-Switzerland-e1620156442216.jpg\",\"width\":166,\"height\":145,\"caption\":\"Teia Education & Play\"},\"image\":{\"@id\":\"https:\\\/\\\/teiaeducation.ch\\\/fr\\\/#\\\/schema\\\/logo\\\/image\\\/\"},\"sameAs\":[\"https:\\\/\\\/www.facebook.com\\\/teiaeducation\\\/\",\"https:\\\/\\\/x.com\\\/EducationTeia\",\"https:\\\/\\\/www.instagram.com\\\/teia.education\\\/\",\"https:\\\/\\\/www.linkedin.com\\\/company\\\/35501660\",\"https:\\\/\\\/www.pinterest.ch\\\/TeiaEducation\\\/\"]}]}<\/script>\n<meta property=\"product:price:amount\" content=\"62.90\" \/>\n<meta property=\"product:price:currency\" content=\"CHF\" \/>\n<meta property=\"og:availability\" content=\"out of stock\" \/>\n<meta property=\"product:availability\" content=\"out of stock\" \/>\n<meta property=\"product:retailer_item_id\" content=\"00000000000000000000000000000000000000000000031463\" \/>\n<meta property=\"product:condition\" content=\"new\" \/>\n<!-- \/ Yoast SEO Premium plugin. -->","yoast_head_json":{"title":"Figurines assorties des 4 saisons - Grimm's - Teia Education & Play","description":"Les figurines assorties de 4 saisons de Grimm's sont id\u00e9al pour marquer les saisons changeantes, les mois et le passage du temps.","robots":{"index":"index","follow":"follow","max-snippet":"max-snippet:-1","max-image-preview":"max-image-preview:large","max-video-preview":"max-video-preview:-1"},"canonical":"https:\/\/teiaeducation.ch\/fr\/produit\/figures-assorties-des-quatre-saisons-grimms\/","og_locale":"fr_FR","og_type":"article","og_title":"Figurines assorties des 4 saisons - Grimm's","og_description":"Les figurines assorties de 4 saisons de Grimm's sont id\u00e9al pour marquer les saisons changeantes, les mois et le passage du temps.","og_url":"https:\/\/teiaeducation.ch\/fr\/produit\/figures-assorties-des-quatre-saisons-grimms\/","og_site_name":"Sustainable Educational Products &amp; Ecological Toys\u00a0","article_publisher":"https:\/\/www.facebook.com\/teiaeducation\/","article_modified_time":"2021-10-14T10:56:47+00:00","og_image":[{"width":900,"height":900,"url":"https:\/\/teiaeducation.ch\/wp-content\/uploads\/2020\/10\/Four-seasons-assorted-figures-Grimms2.jpg","type":"image\/jpeg"}],"schema":{"@context":"https:\/\/schema.org","@graph":[{"@type":"WebPage","@id":"https:\/\/teiaeducation.ch\/fr\/produit\/figures-assorties-des-quatre-saisons-grimms\/","url":"https:\/\/teiaeducation.ch\/fr\/produit\/figures-assorties-des-quatre-saisons-grimms\/","name":"Figurines assorties des 4 saisons - Grimm's - Teia Education & Play","isPartOf":{"@id":"https:\/\/teiaeducation.ch\/fr\/#website"},"primaryImageOfPage":{"@id":"https:\/\/teiaeducation.ch\/fr\/produit\/figures-assorties-des-quatre-saisons-grimms\/#primaryimage"},"image":{"@id":"https:\/\/teiaeducation.ch\/fr\/produit\/figures-assorties-des-quatre-saisons-grimms\/#primaryimage"},"thumbnailUrl":"https:\/\/teiaeducation.ch\/wp-content\/uploads\/2020\/10\/Four-seasons-assorted-figures-Grimms2.jpg","datePublished":"2020-12-22T14:04:46+00:00","dateModified":"2021-10-14T10:56:47+00:00","description":"Les figurines assorties de 4 saisons de Grimm's sont id\u00e9al pour marquer les saisons changeantes, les mois et le passage du temps.","breadcrumb":{"@id":"https:\/\/teiaeducation.ch\/fr\/produit\/figures-assorties-des-quatre-saisons-grimms\/#breadcrumb"},"inLanguage":"fr-FR","potentialAction":[{"@type":"ReadAction","target":["https:\/\/teiaeducation.ch\/fr\/produit\/figures-assorties-des-quatre-saisons-grimms\/"]}]},{"@type":"ImageObject","inLanguage":"fr-FR","@id":"https:\/\/teiaeducation.ch\/fr\/produit\/figures-assorties-des-quatre-saisons-grimms\/#primaryimage","url":"https:\/\/teiaeducation.ch\/wp-content\/uploads\/2020\/10\/Four-seasons-assorted-figures-Grimms2.jpg","contentUrl":"https:\/\/teiaeducation.ch\/wp-content\/uploads\/2020\/10\/Four-seasons-assorted-figures-Grimms2.jpg","width":900,"height":900,"caption":"Figurines d\u00e9coratives assorties des 4 saisons Grimm's"},{"@type":"BreadcrumbList","@id":"https:\/\/teiaeducation.ch\/fr\/produit\/figures-assorties-des-quatre-saisons-grimms\/#breadcrumb","itemListElement":[{"@type":"ListItem","position":1,"name":"Home","item":"https:\/\/teiaeducation.ch\/fr\/"},{"@type":"ListItem","position":2,"name":"Boutique Teia Education &amp; Play","item":"https:\/\/teiaeducation.ch\/fr\/boutique\/"},{"@type":"ListItem","position":3,"name":"Nos Marques","item":"https:\/\/teiaeducation.ch\/fr\/categorie-produit\/marques\/"},{"@type":"ListItem","position":4,"name":"Grimm's","item":"https:\/\/teiaeducation.ch\/fr\/categorie-produit\/marques\/grimms-fr\/"},{"@type":"ListItem","position":5,"name":"Figurines assorties des 4 saisons &#8211; Grimm&#8217;s"}]},{"@type":"WebSite","@id":"https:\/\/teiaeducation.ch\/fr\/#website","url":"https:\/\/teiaeducation.ch\/fr\/","name":"Sustainable Educational Products &amp; Ecological Toys\u00a0","description":"Specialised Swiss shop selling sustainable educational toys and games, AMI certified Montessori materials, handmade ecological wooden Waldorf toys and arts &amp; crafts supplies, school supplies, children&#039;s furniture and Montessori reference and parenting books.","publisher":{"@id":"https:\/\/teiaeducation.ch\/fr\/#organization"},"alternateName":"Teia Education & Play","potentialAction":[{"@type":"SearchAction","target":{"@type":"EntryPoint","urlTemplate":"https:\/\/teiaeducation.ch\/fr\/?s={search_term_string}"},"query-input":{"@type":"PropertyValueSpecification","valueRequired":true,"valueName":"search_term_string"}}],"inLanguage":"fr-FR"},{"@type":"Organization","@id":"https:\/\/teiaeducation.ch\/fr\/#organization","name":"Teia Education & Play","url":"https:\/\/teiaeducation.ch\/fr\/","logo":{"@type":"ImageObject","inLanguage":"fr-FR","@id":"https:\/\/teiaeducation.ch\/fr\/#\/schema\/logo\/image\/","url":"https:\/\/teiaeducation.ch\/wp-content\/uploads\/2020\/11\/Teia-Education-Switzerland-e1620156442216.jpg","contentUrl":"https:\/\/teiaeducation.ch\/wp-content\/uploads\/2020\/11\/Teia-Education-Switzerland-e1620156442216.jpg","width":166,"height":145,"caption":"Teia Education & Play"},"image":{"@id":"https:\/\/teiaeducation.ch\/fr\/#\/schema\/logo\/image\/"},"sameAs":["https:\/\/www.facebook.com\/teiaeducation\/","https:\/\/x.com\/EducationTeia","https:\/\/www.instagram.com\/teia.education\/","https:\/\/www.linkedin.com\/company\/35501660","https:\/\/www.pinterest.ch\/TeiaEducation\/"]}]},"product_price_amount":"62.90","product_price_currency":"CHF","og_availability":"out of stock","product_availability":"out of stock","product_retailer_item_id":"00000000000000000000000000000000000000000000031463","product_condition":"new"},"_links":{"self":[{"href":"https:\/\/teiaeducation.ch\/fr\/wp-json\/wp\/v2\/product\/33537","targetHints":{"allow":["GET"]}}],"collection":[{"href":"https:\/\/teiaeducation.ch\/fr\/wp-json\/wp\/v2\/product"}],"about":[{"href":"https:\/\/teiaeducation.ch\/fr\/wp-json\/wp\/v2\/types\/product"}],"replies":[{"embeddable":true,"href":"https:\/\/teiaeducation.ch\/fr\/wp-json\/wp\/v2\/comments?post=33537"}],"wp:featuredmedia":[{"embeddable":true,"href":"https:\/\/teiaeducation.ch\/fr\/wp-json\/wp\/v2\/media\/31469"}],"wp:attachment":[{"href":"https:\/\/teiaeducation.ch\/fr\/wp-json\/wp\/v2\/media?parent=33537"}],"wp:term":[{"taxonomy":"product_brand","embeddable":true,"href":"https:\/\/teiaeducation.ch\/fr\/wp-json\/wp\/v2\/product_brand?post=33537"},{"taxonomy":"product_cat","embeddable":true,"href":"https:\/\/teiaeducation.ch\/fr\/wp-json\/wp\/v2\/product_cat?post=33537"},{"taxonomy":"product_tag","embeddable":true,"href":"https:\/\/teiaeducation.ch\/fr\/wp-json\/wp\/v2\/product_tag?post=33537"}],"curies":[{"name":"wp","href":"https:\/\/api.w.org\/{rel}","templated":true}]}}