{"id":33538,"date":"2020-12-22T14:56:25","date_gmt":"2020-12-22T13:56:25","guid":{"rendered":"https:\/\/teiaeducation.ch\/product\/calendrier-circulaire-du-mois-grimms\/"},"modified":"2021-10-13T16:04:15","modified_gmt":"2021-10-13T14:04:15","slug":"calandrier-du-mois-circulaire-grimms","status":"publish","type":"product","link":"https:\/\/teiaeducation.ch\/fr\/produit\/calandrier-du-mois-circulaire-grimms\/","title":{"rendered":"Calendrier mensuel circulaire &#8211; Grimm\u2019s"},"content":{"rendered":"<p>Calendrier mensuel circulaire en bois \/ Calendrier inspir\u00e9 de Waldorf &#8211; Grimm\u2019s<\/p>\n<p>Ce beau calendrier mensuel circulaire en bois inspir\u00e9 de Waldorf de notre collection de <a href=\"https:\/\/teiaeducation.ch\/fr\/categorie-produit\/celebrations-fr\/\">c\u00e9l\u00e9brations<\/a> est le moyen id\u00e9al pour marquer les jours du mois et le passage du temps avec les enfants.<\/p>\n<p>Le beau et grand disque en bois dispose de 31 espaces sculpt\u00e9s pour les billes en bois de couleur arc-en-ciel \u00e0 placer chaque jour du mois. Les billes sont de 7 couleurs vives diff\u00e9rentes, une pour chaque jour de la semaine. \u00c0 la fin du mois, vous videz l\u2019anneau et faites de la place pour le nouveau mois.<\/p>\n<p>Le calendrier est une belle fa\u00e7on de marquer le passage du temps dans ce rituel quotidien, de noter les saisons changeantes en affichant des tr\u00e9sors de la nature au centre du tableau, ou de compter jusqu\u2019\u00e0 des \u00e9v\u00e9nements sp\u00e9ciaux et des c\u00e9l\u00e9brations.<\/p>\n<p>Ce calendrier circulaire mensuel de Grimm&#8217;s est fabriqu\u00e9 \u00e0 la main \u00e0 partir de bois de chaux avec une finition naturelle \u00e0 base d\u2019huile v\u00e9g\u00e9tale non toxique. Les billes sont en bois d\u2019\u00e9rable et peints avec des peintures non toxiques \u00e0 base d&#8217;eau. Le calendrier circulaire mesure 50cm de diam\u00e8tre.<\/p>\n<p>Le calendrier peut \u00eatre combin\u00e9 avec l\u2019anneau annuel de Grimm&#8217;s et des <a href=\"https:\/\/teiaeducation.ch\/fr\/produit\/figures-assorties-des-quatre-saisons-grimms\/\">figures d\u00e9coratives<\/a>. Il peut \u00e9galement \u00eatre combin\u00e9 avec les anneaux d\u2019anniversaire de Grimm&#8217;s comme un excellent moyen pour les enfants de compter les jours \u00e0 leur anniversaire.<\/p>\n<p>Id\u00e9aux pour la maison, la cr\u00e8che, Waldorf ou l\u2019\u00e9cole Steiner, les magnifiques jouets en bois naturel de Grimm&#8217;s sont fabriqu\u00e9s selon la philosophie Waldorf qui est bien connue pour encourager les enfants \u00e0 d\u00e9couvrir le jeu cr\u00e9atif de fa\u00e7on ind\u00e9pendante, sans limitations \u00e0 un rythme sans h\u00e2te. Les jouets en bois de Grimm&#8217;s sont color\u00e9s \u00e0 la main avec des peintures \u00e0 base d\u2019eau non toxiques et ne sont pas finis avec de la laque pour assurer les caract\u00e9ristiques originales du bois et pour qu&#8217;on puisse voir le grain \u00e0 travers. La surface des jouets fabriqu\u00e9s \u00e0 partir de bois europ\u00e9ens certifi\u00e9 FSC est laiss\u00e9e l\u00e9g\u00e8rement rugueuse, ce qui les rend plus facilement empilables et moins glissants.<\/p>\n<p>Les jouets en bois de Grimm&#8217;s sont fabriqu\u00e9s dans les manufacture de Grimm&#8217;s en Allemagne ainsi que dans plusieurs ateliers \u00e0 travers l\u2019Europe \u00e0 partir de diff\u00e9rents types de bois tels que l\u2019aulne, la chaux, le h\u00eatre et l\u2019\u00e9rable. Tout le bois utilis\u00e9 pour fabriquer les jouets de Grimm&#8217;s provient de for\u00eats europ\u00e9ennes g\u00e9r\u00e9es de mani\u00e8re durable.<\/p>\n<p>Veuillez noter que les jouets de Grimm&#8217;s sont toujours uniques, et portent des marques uniques faites par la nature. Le grain du bois a des structures et des couleurs changeantes qui servent de preuve de ses origines naturelles. Les variations uniques, les marques, les noeuds, les motifs, les rayures noires ou les taches sombres qui peuvent \u00eatre visibles dans le bois des jouets de Grimm&#8217;s sont une preuve de qualit\u00e9, et non des d\u00e9fauts.<\/p>\n<p>Avertissement! Cet objet d\u00e9coratif n\u2019est pas adapt\u00e9 pour jouer.<\/p>\n<p>Contenu :<\/p>\n<p>1 calendrier mensuel circulaire en bois<br \/>\n35 billes en bois color\u00e9es<\/p>\n","protected":false},"excerpt":{"rendered":"<p>Num\u00e9ro d\u2019article: gri03010<\/p>\n<div class=\"DraftEditor-root\">\n<div class=\"DraftEditor-editorContainer\">\n<div id=\"yoast-google-preview-description-metabox\" class=\"notranslate public-DraftEditor-content\" role=\"combobox\" contenteditable=\"true\" spellcheck=\"false\" aria-autocomplete=\"list\" aria-describedby=\"placeholder-b3d9c\" aria-expanded=\"true\" aria-labelledby=\"2\" aria-activedescendant=\"mention-option-2gle2-0\">\n<div data-contents=\"true\">\n<div class=\"\" data-block=\"true\" data-editor=\"b3d9c\" data-offset-key=\"79hkr-0-0\">\n<div class=\"public-DraftStyleDefault-block public-DraftStyleDefault-ltr\" data-offset-key=\"79hkr-0-0\">Le calendrier mensuel circulaire de Grimm&#8217;s est un calendrier en bois inspir\u00e9 de Waldorf pour marquer les jours du mois et le temps qui passe.<\/div>\n<\/div>\n<\/div>\n<\/div>\n<\/div>\n<\/div>\n","protected":false},"featured_media":31460,"comment_status":"open","ping_status":"closed","template":"","meta":[],"product_brand":[],"product_cat":[215,216,24876,24874,16898,17225,23635,22343,18893,22344,284,283,17212,23020,23021,23650,288,7595,217,5851,598,22348,629,212,1219],"product_tag":[18421,18419,18422,18418,18424,18420,18423,17334,17332,17335],"class_list":{"0":"post-33538","1":"product","2":"type-product","3":"status-publish","4":"has-post-thumbnail","6":"product_cat-3-6-ans","7":"product_cat-6-12-ans","8":"product_cat-apprendre-decouvrir","9":"product_cat-celebrations-rituels-familiaux","10":"product_cat-collection-automne","11":"product_cat-celebrations-fr","12":"product_cat-collection-dete","13":"product_cat-collection-hiver","14":"product_cat-collection-printemps","15":"product_cat-collections-saisonnieres","16":"product_cat-culture-sciences","17":"product_cat-domaines-du-curriculum","18":"product_cat-grimms-fr","19":"product_cat-jouets-en-bois","20":"product_cat-jouets-waldorf","21":"product_cat-la-rentree-scolaire","22":"product_cat-mathematiques-calcul","23":"product_cat-methode-deducation","24":"product_cat-marques","25":"product_cat-nouveautes","26":"product_cat-saisons-meteo","27":"product_cat-natur-saisonale-tische","28":"product_cat-temps-fr","29":"product_cat-tranche-dage","30":"product_cat-waldorf-fr","31":"product_tag-calendrier-circulaire-des-mois-de-lannee-de-grimms","32":"product_tag-calendrier-de-grimms","33":"product_tag-calendrier-du-mois-de-grimms-fr","34":"product_tag-calendrier-du-mois-de-grimms","35":"product_tag-calendrier-en-bois-avec-des-billes","36":"product_tag-calendrier-waldorf","37":"product_tag-calendrier-waldorf-de-grimms","38":"product_tag-grimm-suisse-fr","39":"product_tag-grimm-suisse","40":"product_tag-grimme-suisse","42":"first","43":"outofstock","44":"taxable","45":"shipping-taxable","46":"purchasable","47":"product-type-simple"},"yoast_head":"<!-- This site is optimized with the Yoast SEO plugin v27.1.1 - https:\/\/yoast.com\/product\/yoast-seo-wordpress\/ -->\n<title>Calendrier mensuel circulaire - Grimm\u2019s - Teia Education &amp; Play<\/title>\n<meta name=\"description\" content=\"Le calendrier mensuel circulaire de Grimm&#039;s est un calendrier en bois inspir\u00e9 de Waldorf pour marquer les jours du mois et le temps qui passe.\" \/>\n<meta name=\"robots\" content=\"index, follow, max-snippet:-1, max-image-preview:large, max-video-preview:-1\" \/>\n<link rel=\"canonical\" href=\"https:\/\/teiaeducation.ch\/fr\/produit\/calandrier-du-mois-circulaire-grimms\/\" \/>\n<meta property=\"og:locale\" content=\"fr_FR\" \/>\n<meta property=\"og:type\" content=\"article\" \/>\n<meta property=\"og:title\" content=\"Calendrier mensuel circulaire - Grimm\u2019s - Teia Education &amp; Play\" \/>\n<meta property=\"og:description\" content=\"Le calendrier mensuel circulaire de Grimm&#039;s est un calendrier en bois inspir\u00e9 de Waldorf pour marquer les jours du mois et le temps qui passe.\" \/>\n<meta property=\"og:url\" content=\"https:\/\/teiaeducation.ch\/fr\/produit\/calandrier-du-mois-circulaire-grimms\/\" \/>\n<meta property=\"og:site_name\" content=\"Sustainable Educational Products &amp; Ecological Toys\u00a0\" \/>\n<meta property=\"article:publisher\" content=\"https:\/\/www.facebook.com\/teiaeducation\/\" \/>\n<meta property=\"article:modified_time\" content=\"2021-10-13T14:04:15+00:00\" \/>\n<meta property=\"og:image\" content=\"https:\/\/teiaeducation.ch\/wp-content\/uploads\/2020\/10\/Circular-disc-month-calendar-Grimms.jpg\" \/>\n\t<meta property=\"og:image:width\" content=\"900\" \/>\n\t<meta property=\"og:image:height\" content=\"900\" \/>\n\t<meta property=\"og:image:type\" content=\"image\/jpeg\" \/>\n<script type=\"application\/ld+json\" class=\"yoast-schema-graph\">{\"@context\":\"https:\/\/schema.org\",\"@graph\":[{\"@type\":\"WebPage\",\"@id\":\"https:\/\/teiaeducation.ch\/fr\/produit\/calandrier-du-mois-circulaire-grimms\/\",\"url\":\"https:\/\/teiaeducation.ch\/fr\/produit\/calandrier-du-mois-circulaire-grimms\/\",\"name\":\"Calendrier mensuel circulaire - Grimm\u2019s - Teia Education & Play\",\"isPartOf\":{\"@id\":\"https:\/\/teiaeducation.ch\/fr\/#website\"},\"primaryImageOfPage\":{\"@id\":\"https:\/\/teiaeducation.ch\/fr\/produit\/calandrier-du-mois-circulaire-grimms\/#primaryimage\"},\"image\":{\"@id\":\"https:\/\/teiaeducation.ch\/fr\/produit\/calandrier-du-mois-circulaire-grimms\/#primaryimage\"},\"thumbnailUrl\":\"https:\/\/teiaeducation.ch\/wp-content\/uploads\/2020\/10\/Circular-disc-month-calendar-Grimms.jpg\",\"datePublished\":\"2020-12-22T13:56:25+00:00\",\"dateModified\":\"2021-10-13T14:04:15+00:00\",\"description\":\"Le calendrier mensuel circulaire de Grimm's est un calendrier en bois inspir\u00e9 de Waldorf pour marquer les jours du mois et le temps qui passe.\",\"breadcrumb\":{\"@id\":\"https:\/\/teiaeducation.ch\/fr\/produit\/calandrier-du-mois-circulaire-grimms\/#breadcrumb\"},\"inLanguage\":\"fr-FR\",\"potentialAction\":[{\"@type\":\"ReadAction\",\"target\":[\"https:\/\/teiaeducation.ch\/fr\/produit\/calandrier-du-mois-circulaire-grimms\/\"]}]},{\"@type\":\"ImageObject\",\"inLanguage\":\"fr-FR\",\"@id\":\"https:\/\/teiaeducation.ch\/fr\/produit\/calandrier-du-mois-circulaire-grimms\/#primaryimage\",\"url\":\"https:\/\/teiaeducation.ch\/wp-content\/uploads\/2020\/10\/Circular-disc-month-calendar-Grimms.jpg\",\"contentUrl\":\"https:\/\/teiaeducation.ch\/wp-content\/uploads\/2020\/10\/Circular-disc-month-calendar-Grimms.jpg\",\"width\":900,\"height\":900,\"caption\":\"Calendrier mensuel circulaire en bois \/ Calendrier inspir\u00e9 de Waldorf - Grimm\u2019s\"},{\"@type\":\"BreadcrumbList\",\"@id\":\"https:\/\/teiaeducation.ch\/fr\/produit\/calandrier-du-mois-circulaire-grimms\/#breadcrumb\",\"itemListElement\":[{\"@type\":\"ListItem\",\"position\":1,\"name\":\"Home\",\"item\":\"https:\/\/teiaeducation.ch\/fr\/\"},{\"@type\":\"ListItem\",\"position\":2,\"name\":\"Boutique Teia Education &amp; Play\",\"item\":\"https:\/\/teiaeducation.ch\/fr\/boutique\/\"},{\"@type\":\"ListItem\",\"position\":3,\"name\":\"Nos Marques\",\"item\":\"https:\/\/teiaeducation.ch\/fr\/categorie-produit\/marques\/\"},{\"@type\":\"ListItem\",\"position\":4,\"name\":\"Grimm's\",\"item\":\"https:\/\/teiaeducation.ch\/fr\/categorie-produit\/marques\/grimms-fr\/\"},{\"@type\":\"ListItem\",\"position\":5,\"name\":\"Calendrier mensuel circulaire &#8211; Grimm\u2019s\"}]},{\"@type\":\"WebSite\",\"@id\":\"https:\/\/teiaeducation.ch\/fr\/#website\",\"url\":\"https:\/\/teiaeducation.ch\/fr\/\",\"name\":\"Sustainable Educational Products &amp; Ecological Toys\u00a0\",\"description\":\"Specialised Swiss shop selling sustainable educational toys and games, AMI certified Montessori materials, handmade ecological wooden Waldorf toys and arts &amp; crafts supplies, school supplies, children&#039;s furniture and Montessori reference and parenting books.\",\"publisher\":{\"@id\":\"https:\/\/teiaeducation.ch\/fr\/#organization\"},\"alternateName\":\"Teia Education & Play\",\"potentialAction\":[{\"@type\":\"SearchAction\",\"target\":{\"@type\":\"EntryPoint\",\"urlTemplate\":\"https:\/\/teiaeducation.ch\/fr\/?s={search_term_string}\"},\"query-input\":{\"@type\":\"PropertyValueSpecification\",\"valueRequired\":true,\"valueName\":\"search_term_string\"}}],\"inLanguage\":\"fr-FR\"},{\"@type\":\"Organization\",\"@id\":\"https:\/\/teiaeducation.ch\/fr\/#organization\",\"name\":\"Teia Education & Play\",\"url\":\"https:\/\/teiaeducation.ch\/fr\/\",\"logo\":{\"@type\":\"ImageObject\",\"inLanguage\":\"fr-FR\",\"@id\":\"https:\/\/teiaeducation.ch\/fr\/#\/schema\/logo\/image\/\",\"url\":\"https:\/\/teiaeducation.ch\/wp-content\/uploads\/2020\/11\/Teia-Education-Switzerland-e1620156442216.jpg\",\"contentUrl\":\"https:\/\/teiaeducation.ch\/wp-content\/uploads\/2020\/11\/Teia-Education-Switzerland-e1620156442216.jpg\",\"width\":166,\"height\":145,\"caption\":\"Teia Education & Play\"},\"image\":{\"@id\":\"https:\/\/teiaeducation.ch\/fr\/#\/schema\/logo\/image\/\"},\"sameAs\":[\"https:\/\/www.facebook.com\/teiaeducation\/\",\"https:\/\/x.com\/EducationTeia\",\"https:\/\/www.instagram.com\/teia.education\/\",\"https:\/\/www.linkedin.com\/company\/35501660\",\"https:\/\/www.pinterest.ch\/TeiaEducation\/\"]}]}<\/script>\n<!-- \/ Yoast SEO plugin. -->","yoast_head_json":{"title":"Calendrier mensuel circulaire - Grimm\u2019s - Teia Education & Play","description":"Le calendrier mensuel circulaire de Grimm's est un calendrier en bois inspir\u00e9 de Waldorf pour marquer les jours du mois et le temps qui passe.","robots":{"index":"index","follow":"follow","max-snippet":"max-snippet:-1","max-image-preview":"max-image-preview:large","max-video-preview":"max-video-preview:-1"},"canonical":"https:\/\/teiaeducation.ch\/fr\/produit\/calandrier-du-mois-circulaire-grimms\/","og_locale":"fr_FR","og_type":"article","og_title":"Calendrier mensuel circulaire - Grimm\u2019s - Teia Education & Play","og_description":"Le calendrier mensuel circulaire de Grimm's est un calendrier en bois inspir\u00e9 de Waldorf pour marquer les jours du mois et le temps qui passe.","og_url":"https:\/\/teiaeducation.ch\/fr\/produit\/calandrier-du-mois-circulaire-grimms\/","og_site_name":"Sustainable Educational Products &amp; Ecological Toys\u00a0","article_publisher":"https:\/\/www.facebook.com\/teiaeducation\/","article_modified_time":"2021-10-13T14:04:15+00:00","og_image":[{"width":900,"height":900,"url":"https:\/\/teiaeducation.ch\/wp-content\/uploads\/2020\/10\/Circular-disc-month-calendar-Grimms.jpg","type":"image\/jpeg"}],"schema":{"@context":"https:\/\/schema.org","@graph":[{"@type":"WebPage","@id":"https:\/\/teiaeducation.ch\/fr\/produit\/calandrier-du-mois-circulaire-grimms\/","url":"https:\/\/teiaeducation.ch\/fr\/produit\/calandrier-du-mois-circulaire-grimms\/","name":"Calendrier mensuel circulaire - Grimm\u2019s - Teia Education & Play","isPartOf":{"@id":"https:\/\/teiaeducation.ch\/fr\/#website"},"primaryImageOfPage":{"@id":"https:\/\/teiaeducation.ch\/fr\/produit\/calandrier-du-mois-circulaire-grimms\/#primaryimage"},"image":{"@id":"https:\/\/teiaeducation.ch\/fr\/produit\/calandrier-du-mois-circulaire-grimms\/#primaryimage"},"thumbnailUrl":"https:\/\/teiaeducation.ch\/wp-content\/uploads\/2020\/10\/Circular-disc-month-calendar-Grimms.jpg","datePublished":"2020-12-22T13:56:25+00:00","dateModified":"2021-10-13T14:04:15+00:00","description":"Le calendrier mensuel circulaire de Grimm's est un calendrier en bois inspir\u00e9 de Waldorf pour marquer les jours du mois et le temps qui passe.","breadcrumb":{"@id":"https:\/\/teiaeducation.ch\/fr\/produit\/calandrier-du-mois-circulaire-grimms\/#breadcrumb"},"inLanguage":"fr-FR","potentialAction":[{"@type":"ReadAction","target":["https:\/\/teiaeducation.ch\/fr\/produit\/calandrier-du-mois-circulaire-grimms\/"]}]},{"@type":"ImageObject","inLanguage":"fr-FR","@id":"https:\/\/teiaeducation.ch\/fr\/produit\/calandrier-du-mois-circulaire-grimms\/#primaryimage","url":"https:\/\/teiaeducation.ch\/wp-content\/uploads\/2020\/10\/Circular-disc-month-calendar-Grimms.jpg","contentUrl":"https:\/\/teiaeducation.ch\/wp-content\/uploads\/2020\/10\/Circular-disc-month-calendar-Grimms.jpg","width":900,"height":900,"caption":"Calendrier mensuel circulaire en bois \/ Calendrier inspir\u00e9 de Waldorf - Grimm\u2019s"},{"@type":"BreadcrumbList","@id":"https:\/\/teiaeducation.ch\/fr\/produit\/calandrier-du-mois-circulaire-grimms\/#breadcrumb","itemListElement":[{"@type":"ListItem","position":1,"name":"Home","item":"https:\/\/teiaeducation.ch\/fr\/"},{"@type":"ListItem","position":2,"name":"Boutique Teia Education &amp; Play","item":"https:\/\/teiaeducation.ch\/fr\/boutique\/"},{"@type":"ListItem","position":3,"name":"Nos Marques","item":"https:\/\/teiaeducation.ch\/fr\/categorie-produit\/marques\/"},{"@type":"ListItem","position":4,"name":"Grimm's","item":"https:\/\/teiaeducation.ch\/fr\/categorie-produit\/marques\/grimms-fr\/"},{"@type":"ListItem","position":5,"name":"Calendrier mensuel circulaire &#8211; Grimm\u2019s"}]},{"@type":"WebSite","@id":"https:\/\/teiaeducation.ch\/fr\/#website","url":"https:\/\/teiaeducation.ch\/fr\/","name":"Sustainable Educational Products &amp; Ecological Toys\u00a0","description":"Specialised Swiss shop selling sustainable educational toys and games, AMI certified Montessori materials, handmade ecological wooden Waldorf toys and arts &amp; crafts supplies, school supplies, children&#039;s furniture and Montessori reference and parenting books.","publisher":{"@id":"https:\/\/teiaeducation.ch\/fr\/#organization"},"alternateName":"Teia Education & Play","potentialAction":[{"@type":"SearchAction","target":{"@type":"EntryPoint","urlTemplate":"https:\/\/teiaeducation.ch\/fr\/?s={search_term_string}"},"query-input":{"@type":"PropertyValueSpecification","valueRequired":true,"valueName":"search_term_string"}}],"inLanguage":"fr-FR"},{"@type":"Organization","@id":"https:\/\/teiaeducation.ch\/fr\/#organization","name":"Teia Education & Play","url":"https:\/\/teiaeducation.ch\/fr\/","logo":{"@type":"ImageObject","inLanguage":"fr-FR","@id":"https:\/\/teiaeducation.ch\/fr\/#\/schema\/logo\/image\/","url":"https:\/\/teiaeducation.ch\/wp-content\/uploads\/2020\/11\/Teia-Education-Switzerland-e1620156442216.jpg","contentUrl":"https:\/\/teiaeducation.ch\/wp-content\/uploads\/2020\/11\/Teia-Education-Switzerland-e1620156442216.jpg","width":166,"height":145,"caption":"Teia Education & Play"},"image":{"@id":"https:\/\/teiaeducation.ch\/fr\/#\/schema\/logo\/image\/"},"sameAs":["https:\/\/www.facebook.com\/teiaeducation\/","https:\/\/x.com\/EducationTeia","https:\/\/www.instagram.com\/teia.education\/","https:\/\/www.linkedin.com\/company\/35501660","https:\/\/www.pinterest.ch\/TeiaEducation\/"]}]}},"_links":{"self":[{"href":"https:\/\/teiaeducation.ch\/fr\/wp-json\/wp\/v2\/product\/33538","targetHints":{"allow":["GET"]}}],"collection":[{"href":"https:\/\/teiaeducation.ch\/fr\/wp-json\/wp\/v2\/product"}],"about":[{"href":"https:\/\/teiaeducation.ch\/fr\/wp-json\/wp\/v2\/types\/product"}],"replies":[{"embeddable":true,"href":"https:\/\/teiaeducation.ch\/fr\/wp-json\/wp\/v2\/comments?post=33538"}],"wp:featuredmedia":[{"embeddable":true,"href":"https:\/\/teiaeducation.ch\/fr\/wp-json\/wp\/v2\/media\/31460"}],"wp:attachment":[{"href":"https:\/\/teiaeducation.ch\/fr\/wp-json\/wp\/v2\/media?parent=33538"}],"wp:term":[{"taxonomy":"product_brand","embeddable":true,"href":"https:\/\/teiaeducation.ch\/fr\/wp-json\/wp\/v2\/product_brand?post=33538"},{"taxonomy":"product_cat","embeddable":true,"href":"https:\/\/teiaeducation.ch\/fr\/wp-json\/wp\/v2\/product_cat?post=33538"},{"taxonomy":"product_tag","embeddable":true,"href":"https:\/\/teiaeducation.ch\/fr\/wp-json\/wp\/v2\/product_tag?post=33538"}],"curies":[{"name":"wp","href":"https:\/\/api.w.org\/{rel}","templated":true}]}}