{"id":33561,"date":"2020-12-20T16:06:38","date_gmt":"2020-12-20T15:06:38","guid":{"rendered":"https:\/\/teiaeducation.ch\/product\/puzzle-des-quatre-saisons-lautomne-educo\/"},"modified":"2021-04-27T11:56:53","modified_gmt":"2021-04-27T09:56:53","slug":"puzzle-quatre-saisons-automne-educo","status":"publish","type":"product","link":"https:\/\/teiaeducation.ch\/fr\/produit\/puzzle-quatre-saisons-automne-educo\/","title":{"rendered":"Puzzle des quatre saisons : l&#8217;automne &#8211; Educo"},"content":{"rendered":"<p>Puzzle en bois des quatre saisons : l&#8217;automne &#8211; Educo<\/p>\n<p>Ce magnifique puzzle en bois sortie en 2020 repr\u00e9sente une sc\u00e8ne d&#8217;automne et fait partie de la nouvelle s\u00e9rie de puzzles Educo des quatres <a href=\"https:\/\/teiaeducation.ch\/fr\/categorie-produit\/domaines-du-curriculum\/culture-sciences\/saisons-meteo\/\">saisons<\/a>. Le puzzle des quatre saisons: l&#8217;automne d&#8217;Educo contient 49 pi\u00e8ces de puzzle en bois et est livr\u00e9 avec un cadre en bois robuste de 40 x 40 cm.<\/p>\n<p>Le puzzle fait partie d\u2019une s\u00e9rie de puzzles entourant le th\u00e8me des quatre saisons et permet \u00e0 l\u2019enfant de s\u2019immerger dans le jeu et l\u2019apprentissage et de comprendre l\u2019\u00e9volution des saisons et le temps changeant.<\/p>\n<p>Ce grand puzzle th\u00e9matique magnifiquement illustr\u00e9 facilite des discussions anim\u00e9es, aidant \u00e0 la prise de conscience et \u00e0 une meilleure compr\u00e9hension de la saison automnale. Bien faits et tr\u00e8s durables, les puzzles Educo amusants et \u00e9ducatifs d\u00e9veloppent la cr\u00e9ativit\u00e9, l\u2019imagination, ainsi que les comp\u00e9tences linguistiques et d\u2019alphab\u00e9tisation. Comme tous les puzzles de la gamme de jeu de puzzle Educo, ce puzzle \u00e9ducatif en bois de haute qualit\u00e9 inspire la pens\u00e9e critique et les techniques de r\u00e9solution de probl\u00e8mes \u00e0 travers le jeu.<\/p>\n<p>La marque n\u00e9erlandaise Educo repr\u00e9sente un monde color\u00e9 d\u2019apprentissage ludique, de jeux \u00e9ducatifs stimulants et de jouets. De haute qualit\u00e9 et durables, les produits Educo tournent autour des situations quotidiennes et aident les enfants \u00e0 associer les jeux \u00e0 des sujets r\u00e9guliers, transformant le processus d\u2019apprentissage en une simulation de leur environnement naturel.<\/p>\n<p>Les produits \u00e9ducatifs actifs et pratiques d\u2019Educo sont principalement faits en bois, avec des mat\u00e9riaux durables tels que les encres et les peintures \u00e0 base d\u2019eau. Les jouets sont fabriqu\u00e9s pour supporter des ann\u00e9es d\u2019utilisation robuste, encourager l\u2019apprentissage bas\u00e9 sur le jeu et inspirer la croissance et le succ\u00e8s chez les enfants \u00e2g\u00e9s de 1 \u00e0 6 ans. Ils r\u00e9pondent aux exigences de diverses r\u00e9glementations europ\u00e9ennes et internationales en mati\u00e8re de s\u00e9curit\u00e9 des jouets et se conforment \u00e0 la directive 2009\/48\/CE sur la s\u00e9curit\u00e9 des jouets, y compris EN81 et ASTM.<\/p>\n<p>Le puzzle\u00a0quatre saisons l&#8217;automne convient aux enfants \u00e2g\u00e9s de 4 ans et plus.<\/p>\n<p>Contenu:<\/p>\n<p>1 puzzle en bois sur un cadre en bois (40 x 40 x 1cm)<\/p>\n","protected":false},"excerpt":{"rendered":"<p>Num\u00e9ro d&#8217;article : <span data-sheets-value=\"{\" data-sheets-userformat=\"{\">900000119<\/span><\/p>\n<p>Ce magnifique puzzle en bois Educo d\u00e9peint une sc\u00e8ne d&#8217;automne et facilite des discussions anim\u00e9es et une meilleure compr\u00e9hension de la saison automnale.<\/p>\n","protected":false},"featured_media":33378,"comment_status":"closed","ping_status":"closed","template":"","meta":[],"product_brand":[],"product_cat":[215,285,16898,22344,284,283,224,22355,1220,7595,217,5851,611,598,212,612],"product_tag":[18434,4296,4298,18436,18437,18438,18435,4297],"class_list":{"0":"post-33561","1":"product","2":"type-product","3":"status-publish","4":"has-post-thumbnail","6":"product_cat-3-6-ans","7":"product_cat-alphabetisation-langage","8":"product_cat-collection-automne","9":"product_cat-collections-saisonnieres","10":"product_cat-culture-sciences","11":"product_cat-domaines-du-curriculum","12":"product_cat-educo-fr","13":"product_cat-jeu-de-puzzle","14":"product_cat-traditionnelle","15":"product_cat-methode-deducation","16":"product_cat-marques","17":"product_cat-nouveautes","18":"product_cat-raconter-des-histoires","19":"product_cat-saisons-meteo","20":"product_cat-tranche-dage","21":"product_cat-vocabulaire-fr","22":"product_tag-en-savoir-plus-sur-les-saisons","23":"product_tag-jeu-de-puzzle","24":"product_tag-jouer-et-resoudre","25":"product_tag-puzzle-des-quatre-saisons-en-bois-printemps-educo","26":"product_tag-puzzle-des-quatre-saisons-en-bois-printemps-educo-fr","27":"product_tag-puzzle-des-quatre-saisons-en-bois-printemps-educo-fr-2","28":"product_tag-puzzle-des-saisons-printemps","29":"product_tag-puzzles-a-formes","31":"first","32":"instock","33":"taxable","34":"shipping-taxable","35":"purchasable","36":"product-type-simple"},"yoast_head":"<!-- This site is optimized with the Yoast SEO plugin v27.1.1 - https:\/\/yoast.com\/product\/yoast-seo-wordpress\/ -->\n<title>Puzzle des quatre saisons: automne - Educo<\/title>\n<meta name=\"description\" content=\"Ce puzzle automne Educo en bois repr\u00e9sente une sc\u00e8ne automnale et facilite des discussions anim\u00e9es et une meilleure compr\u00e9hension de les quatre saisons.\" \/>\n<meta name=\"robots\" content=\"index, follow, max-snippet:-1, max-image-preview:large, max-video-preview:-1\" \/>\n<link rel=\"canonical\" href=\"https:\/\/teiaeducation.ch\/fr\/produit\/puzzle-quatre-saisons-automne-educo\/\" \/>\n<meta property=\"og:locale\" content=\"fr_FR\" \/>\n<meta property=\"og:type\" content=\"article\" \/>\n<meta property=\"og:title\" content=\"Puzzle des quatre saisons: automne - Educo\" \/>\n<meta property=\"og:description\" content=\"Ce puzzle automne Educo en bois repr\u00e9sente une sc\u00e8ne automnale et facilite des discussions anim\u00e9es et une meilleure compr\u00e9hension de les quatre saisons.\" \/>\n<meta property=\"og:url\" content=\"https:\/\/teiaeducation.ch\/fr\/produit\/puzzle-quatre-saisons-automne-educo\/\" \/>\n<meta property=\"og:site_name\" content=\"Sustainable Educational Products &amp; Ecological Toys\u00a0\" \/>\n<meta property=\"article:publisher\" content=\"https:\/\/www.facebook.com\/teiaeducation\/\" \/>\n<meta property=\"article:modified_time\" content=\"2021-04-27T09:56:53+00:00\" \/>\n<meta property=\"og:image\" content=\"https:\/\/teiaeducation.ch\/wp-content\/uploads\/2020\/12\/The-four-seasons-puzzles-Autumn-Educo.jpg\" \/>\n\t<meta property=\"og:image:width\" content=\"933\" \/>\n\t<meta property=\"og:image:height\" content=\"900\" \/>\n\t<meta property=\"og:image:type\" content=\"image\/jpeg\" \/>\n<script type=\"application\/ld+json\" class=\"yoast-schema-graph\">{\"@context\":\"https:\/\/schema.org\",\"@graph\":[{\"@type\":\"WebPage\",\"@id\":\"https:\/\/teiaeducation.ch\/fr\/produit\/puzzle-quatre-saisons-automne-educo\/\",\"url\":\"https:\/\/teiaeducation.ch\/fr\/produit\/puzzle-quatre-saisons-automne-educo\/\",\"name\":\"Puzzle des quatre saisons: automne - Educo\",\"isPartOf\":{\"@id\":\"https:\/\/teiaeducation.ch\/fr\/#website\"},\"primaryImageOfPage\":{\"@id\":\"https:\/\/teiaeducation.ch\/fr\/produit\/puzzle-quatre-saisons-automne-educo\/#primaryimage\"},\"image\":{\"@id\":\"https:\/\/teiaeducation.ch\/fr\/produit\/puzzle-quatre-saisons-automne-educo\/#primaryimage\"},\"thumbnailUrl\":\"https:\/\/teiaeducation.ch\/wp-content\/uploads\/2020\/12\/The-four-seasons-puzzles-Autumn-Educo.jpg\",\"datePublished\":\"2020-12-20T15:06:38+00:00\",\"dateModified\":\"2021-04-27T09:56:53+00:00\",\"description\":\"Ce puzzle automne Educo en bois repr\u00e9sente une sc\u00e8ne automnale et facilite des discussions anim\u00e9es et une meilleure compr\u00e9hension de les quatre saisons.\",\"breadcrumb\":{\"@id\":\"https:\/\/teiaeducation.ch\/fr\/produit\/puzzle-quatre-saisons-automne-educo\/#breadcrumb\"},\"inLanguage\":\"fr-FR\",\"potentialAction\":[{\"@type\":\"ReadAction\",\"target\":[\"https:\/\/teiaeducation.ch\/fr\/produit\/puzzle-quatre-saisons-automne-educo\/\"]}]},{\"@type\":\"ImageObject\",\"inLanguage\":\"fr-FR\",\"@id\":\"https:\/\/teiaeducation.ch\/fr\/produit\/puzzle-quatre-saisons-automne-educo\/#primaryimage\",\"url\":\"https:\/\/teiaeducation.ch\/wp-content\/uploads\/2020\/12\/The-four-seasons-puzzles-Autumn-Educo.jpg\",\"contentUrl\":\"https:\/\/teiaeducation.ch\/wp-content\/uploads\/2020\/12\/The-four-seasons-puzzles-Autumn-Educo.jpg\",\"width\":933,\"height\":900,\"caption\":\"Puzzle en bois des quatre saisons : \u00e9t\u00e9 - Educo\"},{\"@type\":\"BreadcrumbList\",\"@id\":\"https:\/\/teiaeducation.ch\/fr\/produit\/puzzle-quatre-saisons-automne-educo\/#breadcrumb\",\"itemListElement\":[{\"@type\":\"ListItem\",\"position\":1,\"name\":\"Home\",\"item\":\"https:\/\/teiaeducation.ch\/fr\/\"},{\"@type\":\"ListItem\",\"position\":2,\"name\":\"Boutique Teia Education &amp; Play\",\"item\":\"https:\/\/teiaeducation.ch\/fr\/boutique\/\"},{\"@type\":\"ListItem\",\"position\":3,\"name\":\"Nos Marques\",\"item\":\"https:\/\/teiaeducation.ch\/fr\/categorie-produit\/marques\/\"},{\"@type\":\"ListItem\",\"position\":4,\"name\":\"Educo\",\"item\":\"https:\/\/teiaeducation.ch\/fr\/categorie-produit\/marques\/educo-fr\/\"},{\"@type\":\"ListItem\",\"position\":5,\"name\":\"Jeu de Puzzle\",\"item\":\"https:\/\/teiaeducation.ch\/fr\/categorie-produit\/marques\/educo-fr\/jeu-de-puzzle\/\"},{\"@type\":\"ListItem\",\"position\":6,\"name\":\"Puzzle des quatre saisons : l&#8217;automne &#8211; Educo\"}]},{\"@type\":\"WebSite\",\"@id\":\"https:\/\/teiaeducation.ch\/fr\/#website\",\"url\":\"https:\/\/teiaeducation.ch\/fr\/\",\"name\":\"Sustainable Educational Products &amp; Ecological Toys\u00a0\",\"description\":\"Specialised Swiss shop selling sustainable educational toys and games, AMI certified Montessori materials, handmade ecological wooden Waldorf toys and arts &amp; crafts supplies, school supplies, children&#039;s furniture and Montessori reference and parenting books.\",\"publisher\":{\"@id\":\"https:\/\/teiaeducation.ch\/fr\/#organization\"},\"alternateName\":\"Teia Education & Play\",\"potentialAction\":[{\"@type\":\"SearchAction\",\"target\":{\"@type\":\"EntryPoint\",\"urlTemplate\":\"https:\/\/teiaeducation.ch\/fr\/?s={search_term_string}\"},\"query-input\":{\"@type\":\"PropertyValueSpecification\",\"valueRequired\":true,\"valueName\":\"search_term_string\"}}],\"inLanguage\":\"fr-FR\"},{\"@type\":\"Organization\",\"@id\":\"https:\/\/teiaeducation.ch\/fr\/#organization\",\"name\":\"Teia Education & Play\",\"url\":\"https:\/\/teiaeducation.ch\/fr\/\",\"logo\":{\"@type\":\"ImageObject\",\"inLanguage\":\"fr-FR\",\"@id\":\"https:\/\/teiaeducation.ch\/fr\/#\/schema\/logo\/image\/\",\"url\":\"https:\/\/teiaeducation.ch\/wp-content\/uploads\/2020\/11\/Teia-Education-Switzerland-e1620156442216.jpg\",\"contentUrl\":\"https:\/\/teiaeducation.ch\/wp-content\/uploads\/2020\/11\/Teia-Education-Switzerland-e1620156442216.jpg\",\"width\":166,\"height\":145,\"caption\":\"Teia Education & Play\"},\"image\":{\"@id\":\"https:\/\/teiaeducation.ch\/fr\/#\/schema\/logo\/image\/\"},\"sameAs\":[\"https:\/\/www.facebook.com\/teiaeducation\/\",\"https:\/\/x.com\/EducationTeia\",\"https:\/\/www.instagram.com\/teia.education\/\",\"https:\/\/www.linkedin.com\/company\/35501660\",\"https:\/\/www.pinterest.ch\/TeiaEducation\/\"]}]}<\/script>\n<!-- \/ Yoast SEO plugin. -->","yoast_head_json":{"title":"Puzzle des quatre saisons: automne - Educo","description":"Ce puzzle automne Educo en bois repr\u00e9sente une sc\u00e8ne automnale et facilite des discussions anim\u00e9es et une meilleure compr\u00e9hension de les quatre saisons.","robots":{"index":"index","follow":"follow","max-snippet":"max-snippet:-1","max-image-preview":"max-image-preview:large","max-video-preview":"max-video-preview:-1"},"canonical":"https:\/\/teiaeducation.ch\/fr\/produit\/puzzle-quatre-saisons-automne-educo\/","og_locale":"fr_FR","og_type":"article","og_title":"Puzzle des quatre saisons: automne - Educo","og_description":"Ce puzzle automne Educo en bois repr\u00e9sente une sc\u00e8ne automnale et facilite des discussions anim\u00e9es et une meilleure compr\u00e9hension de les quatre saisons.","og_url":"https:\/\/teiaeducation.ch\/fr\/produit\/puzzle-quatre-saisons-automne-educo\/","og_site_name":"Sustainable Educational Products &amp; Ecological Toys\u00a0","article_publisher":"https:\/\/www.facebook.com\/teiaeducation\/","article_modified_time":"2021-04-27T09:56:53+00:00","og_image":[{"width":933,"height":900,"url":"https:\/\/teiaeducation.ch\/wp-content\/uploads\/2020\/12\/The-four-seasons-puzzles-Autumn-Educo.jpg","type":"image\/jpeg"}],"schema":{"@context":"https:\/\/schema.org","@graph":[{"@type":"WebPage","@id":"https:\/\/teiaeducation.ch\/fr\/produit\/puzzle-quatre-saisons-automne-educo\/","url":"https:\/\/teiaeducation.ch\/fr\/produit\/puzzle-quatre-saisons-automne-educo\/","name":"Puzzle des quatre saisons: automne - Educo","isPartOf":{"@id":"https:\/\/teiaeducation.ch\/fr\/#website"},"primaryImageOfPage":{"@id":"https:\/\/teiaeducation.ch\/fr\/produit\/puzzle-quatre-saisons-automne-educo\/#primaryimage"},"image":{"@id":"https:\/\/teiaeducation.ch\/fr\/produit\/puzzle-quatre-saisons-automne-educo\/#primaryimage"},"thumbnailUrl":"https:\/\/teiaeducation.ch\/wp-content\/uploads\/2020\/12\/The-four-seasons-puzzles-Autumn-Educo.jpg","datePublished":"2020-12-20T15:06:38+00:00","dateModified":"2021-04-27T09:56:53+00:00","description":"Ce puzzle automne Educo en bois repr\u00e9sente une sc\u00e8ne automnale et facilite des discussions anim\u00e9es et une meilleure compr\u00e9hension de les quatre saisons.","breadcrumb":{"@id":"https:\/\/teiaeducation.ch\/fr\/produit\/puzzle-quatre-saisons-automne-educo\/#breadcrumb"},"inLanguage":"fr-FR","potentialAction":[{"@type":"ReadAction","target":["https:\/\/teiaeducation.ch\/fr\/produit\/puzzle-quatre-saisons-automne-educo\/"]}]},{"@type":"ImageObject","inLanguage":"fr-FR","@id":"https:\/\/teiaeducation.ch\/fr\/produit\/puzzle-quatre-saisons-automne-educo\/#primaryimage","url":"https:\/\/teiaeducation.ch\/wp-content\/uploads\/2020\/12\/The-four-seasons-puzzles-Autumn-Educo.jpg","contentUrl":"https:\/\/teiaeducation.ch\/wp-content\/uploads\/2020\/12\/The-four-seasons-puzzles-Autumn-Educo.jpg","width":933,"height":900,"caption":"Puzzle en bois des quatre saisons : \u00e9t\u00e9 - Educo"},{"@type":"BreadcrumbList","@id":"https:\/\/teiaeducation.ch\/fr\/produit\/puzzle-quatre-saisons-automne-educo\/#breadcrumb","itemListElement":[{"@type":"ListItem","position":1,"name":"Home","item":"https:\/\/teiaeducation.ch\/fr\/"},{"@type":"ListItem","position":2,"name":"Boutique Teia Education &amp; Play","item":"https:\/\/teiaeducation.ch\/fr\/boutique\/"},{"@type":"ListItem","position":3,"name":"Nos Marques","item":"https:\/\/teiaeducation.ch\/fr\/categorie-produit\/marques\/"},{"@type":"ListItem","position":4,"name":"Educo","item":"https:\/\/teiaeducation.ch\/fr\/categorie-produit\/marques\/educo-fr\/"},{"@type":"ListItem","position":5,"name":"Jeu de Puzzle","item":"https:\/\/teiaeducation.ch\/fr\/categorie-produit\/marques\/educo-fr\/jeu-de-puzzle\/"},{"@type":"ListItem","position":6,"name":"Puzzle des quatre saisons : l&#8217;automne &#8211; Educo"}]},{"@type":"WebSite","@id":"https:\/\/teiaeducation.ch\/fr\/#website","url":"https:\/\/teiaeducation.ch\/fr\/","name":"Sustainable Educational Products &amp; Ecological Toys\u00a0","description":"Specialised Swiss shop selling sustainable educational toys and games, AMI certified Montessori materials, handmade ecological wooden Waldorf toys and arts &amp; crafts supplies, school supplies, children&#039;s furniture and Montessori reference and parenting books.","publisher":{"@id":"https:\/\/teiaeducation.ch\/fr\/#organization"},"alternateName":"Teia Education & Play","potentialAction":[{"@type":"SearchAction","target":{"@type":"EntryPoint","urlTemplate":"https:\/\/teiaeducation.ch\/fr\/?s={search_term_string}"},"query-input":{"@type":"PropertyValueSpecification","valueRequired":true,"valueName":"search_term_string"}}],"inLanguage":"fr-FR"},{"@type":"Organization","@id":"https:\/\/teiaeducation.ch\/fr\/#organization","name":"Teia Education & Play","url":"https:\/\/teiaeducation.ch\/fr\/","logo":{"@type":"ImageObject","inLanguage":"fr-FR","@id":"https:\/\/teiaeducation.ch\/fr\/#\/schema\/logo\/image\/","url":"https:\/\/teiaeducation.ch\/wp-content\/uploads\/2020\/11\/Teia-Education-Switzerland-e1620156442216.jpg","contentUrl":"https:\/\/teiaeducation.ch\/wp-content\/uploads\/2020\/11\/Teia-Education-Switzerland-e1620156442216.jpg","width":166,"height":145,"caption":"Teia Education & Play"},"image":{"@id":"https:\/\/teiaeducation.ch\/fr\/#\/schema\/logo\/image\/"},"sameAs":["https:\/\/www.facebook.com\/teiaeducation\/","https:\/\/x.com\/EducationTeia","https:\/\/www.instagram.com\/teia.education\/","https:\/\/www.linkedin.com\/company\/35501660","https:\/\/www.pinterest.ch\/TeiaEducation\/"]}]}},"_links":{"self":[{"href":"https:\/\/teiaeducation.ch\/fr\/wp-json\/wp\/v2\/product\/33561","targetHints":{"allow":["GET"]}}],"collection":[{"href":"https:\/\/teiaeducation.ch\/fr\/wp-json\/wp\/v2\/product"}],"about":[{"href":"https:\/\/teiaeducation.ch\/fr\/wp-json\/wp\/v2\/types\/product"}],"replies":[{"embeddable":true,"href":"https:\/\/teiaeducation.ch\/fr\/wp-json\/wp\/v2\/comments?post=33561"}],"wp:featuredmedia":[{"embeddable":true,"href":"https:\/\/teiaeducation.ch\/fr\/wp-json\/wp\/v2\/media\/33378"}],"wp:attachment":[{"href":"https:\/\/teiaeducation.ch\/fr\/wp-json\/wp\/v2\/media?parent=33561"}],"wp:term":[{"taxonomy":"product_brand","embeddable":true,"href":"https:\/\/teiaeducation.ch\/fr\/wp-json\/wp\/v2\/product_brand?post=33561"},{"taxonomy":"product_cat","embeddable":true,"href":"https:\/\/teiaeducation.ch\/fr\/wp-json\/wp\/v2\/product_cat?post=33561"},{"taxonomy":"product_tag","embeddable":true,"href":"https:\/\/teiaeducation.ch\/fr\/wp-json\/wp\/v2\/product_tag?post=33561"}],"curies":[{"name":"wp","href":"https:\/\/api.w.org\/{rel}","templated":true}]}}