{"id":33598,"date":"2021-01-11T14:58:10","date_gmt":"2021-01-11T13:58:10","guid":{"rendered":"https:\/\/teiaeducation.ch\/?post_type=product&#038;p=33598"},"modified":"2026-03-13T14:24:31","modified_gmt":"2026-03-13T13:24:31","slug":"birthday-ring-natural-wood-gluckskafer","status":"publish","type":"product","link":"https:\/\/teiaeducation.ch\/fr\/produit\/birthday-ring-natural-wood-gluckskafer\/","title":{"rendered":"Birthday ring: natural wood &#8211; Gl\u00fccksk\u00e4fer"},"content":{"rendered":"<p>This lovely Waldorf-inspired handmade birthday ring decoration and candle holder in natural wood makes a wonderful centrepiece for <a href=\"https:\/\/teiaeducation.ch\/product-category\/celebrations\/\">celebrations<\/a> such as birthdays or adorning your nature table or windowsill. The Gl\u00fccksk\u00e4fer\u00a0birthday rings adds a special atmosphere and sense of occasion to any celebration.<\/p>\n<p>The Gl\u00fccksk\u00e4fer birthday ring element in natural wood\u00a0is handmade from alder wood and finished with a non-toxic natural oil. Each of the four elements measure\u00a017 \u00d7 6 \u00d7 2cm.<\/p>\n<p>Decorate the ring with Gl\u00fccksk\u00e4fer&#8217;s or Grimm&#8217;s lovely decorative figures and numbers, representing the birthday child&#8217;s age and their favourite animals, toys or other special interest. You can also add flowers, natural objects and lights or <a href=\"https:\/\/teiaeducation.ch\/product-category\/celebrations\/\">candles<\/a> for the perfect decorative addition to your celebration.<\/p>\n<p>Helping children to celebrate and mark special occasions with this joyful decoration is sure to become a family tradition for years and generations to come!<\/p>\n<p>Warning! The Gl\u00fccksk\u00e4fer\u00a0birthday ring is a decorative item is not suitable for playing. For safety if using candles, please use candle holders and ensure that there is no draft and that no decorative figure is near the flames. This material is for children aged 14 years and up.<\/p>\n<p>Contents:<\/p>\n<p>4 pieces, each with 3 holes<\/p>\n<h2>About Gl\u00fccksk\u00e4fer<\/h2>\n<p>German brand Gl\u00fccksk\u00e4fer is a small, ethical, family-run company that has been producing high-quality traditional\u00a0toys\u00a0for over 60 years. Designed following\u00a0<a href=\"https:\/\/teiaeducation.ch\/product-category\/education-method\/waldorf-steiner-toys-craft-materials\/\">Waldorf<\/a>\u00a0and\u00a0<a href=\"https:\/\/teiaeducation.ch\/product-category\/education-method\/the-montessori-pedagogy-materials-toys\/\">Montessori<\/a> principles and in collaboration with pedagogues, parents, doctors and midwives, the beautiful handmade Gl\u00fccksk\u00e4fer <a href=\"https:\/\/teiaeducation.ch\/product-category\/hgh-quality-toys-play\/\">toys<\/a>\u00a0aim to promote a child\u2019s development through creative and independent play. Their range of handmade toys and colourful play sets are a beautiful addition to toy shelves, a play room or to be featured in a window still!<\/p>\n<p>Ideal for playing with at home, nursery, Waldorf or <a href=\"https:\/\/teiaeducation.ch\/waldorf-steiner-schools-supplies\/\">Rudolf Steiner school<\/a>, the range of <a href=\"https:\/\/teiaeducation.ch\/product-category\/brands\/gluckskafer\/\">Gl\u00fccksk\u00e4fer<\/a> colourful shapes toys are\u00a0crafted by hand according to the <a href=\"https:\/\/teiaeducation.ch\/product-category\/hgh-quality-toys-play\/waldorf-toys\/\">Waldorf<\/a> philosophy which is well-known to encourage children to discover creative play independently and without limitations. The <a href=\"https:\/\/teiaeducation.ch\/product-category\/hgh-quality-toys-play\/handmade-wooden-toys\/\">wooden toys<\/a> are coloured by hand with non-toxic water-based paints and are not finished with lacquer to ensure the original characteristics of the wood and the grain shows through. The surface of the FSC certified European wood pieces are left slightly rough making them fully stackable and less slippery.<\/p>\n<p>Gl\u00fccksk\u00e4fer&#8217;s Waldorf-inspired wooden toys, range of children\u2019s tools, <a href=\"https:\/\/teiaeducation.ch\/product-category\/play\/imaginative-role-play\/\">pretend play<\/a> toys, children\u2019s furniture, wooden\u00a0<a href=\"https:\/\/teiaeducation.ch\/product-category\/celebrations\/birthdays\/\">birthday<\/a>\u00a0decorations and Waldorf <a href=\"https:\/\/teiaeducation.ch\/product-category\/creative-art-craft\/crafting-tools-storage\/\">crafting tools<\/a> are designed in Germany and made in Europe. The brand is part of traditional German toy makers Nic Toys, renowned for the highest standards of quality products designed to support child development manufactured ethically and sustainably.<\/p>\n<p>Each Gl\u00fccksk\u00e4fer toy is\u00a0CE certified and complies with the European standard for toy safety (EN 71).<\/p>\n","protected":false},"excerpt":{"rendered":"<p>Item number: 522871<\/p>\n<p>The Gl\u00fccksk\u00e4fer natural wood\u00a0birthday ring is a wooden\u00a0centrepiece for decorative figures and candles to special occasions and Waldorf celebrations.<\/p>\n","protected":false},"featured_media":33603,"comment_status":"open","ping_status":"closed","template":"","meta":[],"product_brand":[32328],"product_cat":[119,22275,16982,7061,12030,120,22278,22322,870,22274],"product_tag":[17035,17036,17031,18464,18465,18467,13508,18466,17033,8474,17040,17041,17037,16612],"class_list":{"0":"post-33598","1":"product","2":"type-product","3":"status-publish","4":"has-post-thumbnail","6":"product_brand-gluckskafer","7":"product_cat-age-range","8":"product_cat-birthdays","9":"product_cat-celebrations","10":"product_cat-learning-materials-toys-montessori-waldorf-froebel","11":"product_cat-gluckskafer-brands","12":"product_cat-brands","13":"product_cat-rituals-advent","14":"product_cat-seasonal-collections","15":"product_cat-waldorf-steiner-toys-craft-materials","16":"product_cat-winter-collection","17":"product_tag-birthday-ring","18":"product_tag-candle-holder-decorations","19":"product_tag-celebration-rings","20":"product_tag-gluckskafer-birthday-ring","21":"product_tag-gluckskafer-schweiz","22":"product_tag-gluckskafer-suisse-2","23":"product_tag-gluckskafer-switzerland","24":"product_tag-gluckskafer-wooden-toy-store","25":"product_tag-grimms-wooden-birthday-decorations","26":"product_tag-made-in-germany","27":"product_tag-waldorf-birthday-ring","28":"product_tag-waldorf-celebration-ring","29":"product_tag-wooden-birthday-candle-holders","30":"product_tag-wooden-birthday-decorations","32":"first","33":"instock","34":"taxable","35":"shipping-taxable","36":"purchasable","37":"product-type-simple"},"yoast_head":"<!-- This site is optimized with the Yoast SEO plugin v27.1.1 - https:\/\/yoast.com\/product\/yoast-seo-wordpress\/ -->\n<title>Birthday ring: natural wood - Gl\u00fccksk\u00e4fer - Teia Education &amp; Play<\/title>\n<meta name=\"description\" content=\"The Gl\u00fccksk\u00e4fer birthday ring in natural wood is a centrepiece for decorative figures and candles to special occasions &amp; Waldorf celebrations\" \/>\n<meta name=\"robots\" content=\"index, follow, max-snippet:-1, max-image-preview:large, max-video-preview:-1\" \/>\n<link rel=\"canonical\" href=\"https:\/\/teiaeducation.ch\/fr\/produit\/birthday-ring-natural-wood-gluckskafer\/\" \/>\n<meta property=\"og:locale\" content=\"fr_FR\" \/>\n<meta property=\"og:type\" content=\"article\" \/>\n<meta property=\"og:title\" content=\"Birthday ring: natural wood - Gl\u00fccksk\u00e4fer - Teia Education &amp; Play\" \/>\n<meta property=\"og:description\" content=\"The Gl\u00fccksk\u00e4fer birthday ring in natural wood is a centrepiece for decorative figures and candles to special occasions &amp; Waldorf celebrations\" \/>\n<meta property=\"og:url\" content=\"https:\/\/teiaeducation.ch\/fr\/produit\/birthday-ring-natural-wood-gluckskafer\/\" \/>\n<meta property=\"og:site_name\" content=\"Sustainable Educational Products &amp; Ecological Toys\u00a0\" \/>\n<meta property=\"article:publisher\" content=\"https:\/\/www.facebook.com\/teiaeducation\/\" \/>\n<meta property=\"article:modified_time\" content=\"2026-03-13T13:24:31+00:00\" \/>\n<meta property=\"og:image\" content=\"https:\/\/teiaeducation.ch\/wp-content\/uploads\/2021\/01\/Birthday-ring-natural-wood-Handmade-wooden-Waldorf-celebrations-ring-Gluckskafer.jpg\" \/>\n\t<meta property=\"og:image:width\" content=\"1087\" \/>\n\t<meta property=\"og:image:height\" content=\"1099\" \/>\n\t<meta property=\"og:image:type\" content=\"image\/jpeg\" \/>\n<script type=\"application\/ld+json\" class=\"yoast-schema-graph\">{\"@context\":\"https:\/\/schema.org\",\"@graph\":[{\"@type\":\"WebPage\",\"@id\":\"https:\/\/teiaeducation.ch\/fr\/produit\/birthday-ring-natural-wood-gluckskafer\/\",\"url\":\"https:\/\/teiaeducation.ch\/fr\/produit\/birthday-ring-natural-wood-gluckskafer\/\",\"name\":\"Birthday ring: natural wood - Gl\u00fccksk\u00e4fer - Teia Education & Play\",\"isPartOf\":{\"@id\":\"https:\/\/teiaeducation.ch\/fr\/#website\"},\"primaryImageOfPage\":{\"@id\":\"https:\/\/teiaeducation.ch\/fr\/produit\/birthday-ring-natural-wood-gluckskafer\/#primaryimage\"},\"image\":{\"@id\":\"https:\/\/teiaeducation.ch\/fr\/produit\/birthday-ring-natural-wood-gluckskafer\/#primaryimage\"},\"thumbnailUrl\":\"https:\/\/teiaeducation.ch\/wp-content\/uploads\/2021\/01\/Birthday-ring-natural-wood-Handmade-wooden-Waldorf-celebrations-ring-Gluckskafer.jpg\",\"datePublished\":\"2021-01-11T13:58:10+00:00\",\"dateModified\":\"2026-03-13T13:24:31+00:00\",\"description\":\"The Gl\u00fccksk\u00e4fer birthday ring in natural wood is a centrepiece for decorative figures and candles to special occasions & Waldorf celebrations\",\"breadcrumb\":{\"@id\":\"https:\/\/teiaeducation.ch\/fr\/produit\/birthday-ring-natural-wood-gluckskafer\/#breadcrumb\"},\"inLanguage\":\"fr-FR\",\"potentialAction\":[{\"@type\":\"ReadAction\",\"target\":[\"https:\/\/teiaeducation.ch\/fr\/produit\/birthday-ring-natural-wood-gluckskafer\/\"]}]},{\"@type\":\"ImageObject\",\"inLanguage\":\"fr-FR\",\"@id\":\"https:\/\/teiaeducation.ch\/fr\/produit\/birthday-ring-natural-wood-gluckskafer\/#primaryimage\",\"url\":\"https:\/\/teiaeducation.ch\/wp-content\/uploads\/2021\/01\/Birthday-ring-natural-wood-Handmade-wooden-Waldorf-celebrations-ring-Gluckskafer.jpg\",\"contentUrl\":\"https:\/\/teiaeducation.ch\/wp-content\/uploads\/2021\/01\/Birthday-ring-natural-wood-Handmade-wooden-Waldorf-celebrations-ring-Gluckskafer.jpg\",\"width\":1087,\"height\":1099,\"caption\":\"Birthday ring in natural wood \/ Handmade wooden Waldorf celebrations ring - Gl\u00fccksk\u00e4fer\"},{\"@type\":\"BreadcrumbList\",\"@id\":\"https:\/\/teiaeducation.ch\/fr\/produit\/birthday-ring-natural-wood-gluckskafer\/#breadcrumb\",\"itemListElement\":[{\"@type\":\"ListItem\",\"position\":1,\"name\":\"Home\",\"item\":\"https:\/\/teiaeducation.ch\/fr\/\"},{\"@type\":\"ListItem\",\"position\":2,\"name\":\"Boutique Teia Education &amp; Play\",\"item\":\"https:\/\/teiaeducation.ch\/fr\/boutique\/\"},{\"@type\":\"ListItem\",\"position\":3,\"name\":\"Nos Marques\",\"item\":\"https:\/\/teiaeducation.ch\/fr\/categorie-produit\/marques\/\"},{\"@type\":\"ListItem\",\"position\":4,\"name\":\"Gl\u00fccksk\u00e4fer\",\"item\":\"https:\/\/teiaeducation.ch\/fr\/categorie-produit\/marques\/gluckskafer-fr\/\"},{\"@type\":\"ListItem\",\"position\":5,\"name\":\"Birthday ring: natural wood &#8211; Gl\u00fccksk\u00e4fer\"}]},{\"@type\":\"WebSite\",\"@id\":\"https:\/\/teiaeducation.ch\/fr\/#website\",\"url\":\"https:\/\/teiaeducation.ch\/fr\/\",\"name\":\"Sustainable Educational Products &amp; Ecological Toys\u00a0\",\"description\":\"Specialised Swiss shop selling sustainable educational toys and games, AMI certified Montessori materials, handmade ecological wooden Waldorf toys and arts &amp; crafts supplies, school supplies, children&#039;s furniture and Montessori reference and parenting books.\",\"publisher\":{\"@id\":\"https:\/\/teiaeducation.ch\/fr\/#organization\"},\"alternateName\":\"Teia Education & Play\",\"potentialAction\":[{\"@type\":\"SearchAction\",\"target\":{\"@type\":\"EntryPoint\",\"urlTemplate\":\"https:\/\/teiaeducation.ch\/fr\/?s={search_term_string}\"},\"query-input\":{\"@type\":\"PropertyValueSpecification\",\"valueRequired\":true,\"valueName\":\"search_term_string\"}}],\"inLanguage\":\"fr-FR\"},{\"@type\":\"Organization\",\"@id\":\"https:\/\/teiaeducation.ch\/fr\/#organization\",\"name\":\"Teia Education & Play\",\"url\":\"https:\/\/teiaeducation.ch\/fr\/\",\"logo\":{\"@type\":\"ImageObject\",\"inLanguage\":\"fr-FR\",\"@id\":\"https:\/\/teiaeducation.ch\/fr\/#\/schema\/logo\/image\/\",\"url\":\"https:\/\/teiaeducation.ch\/wp-content\/uploads\/2020\/11\/Teia-Education-Switzerland-e1620156442216.jpg\",\"contentUrl\":\"https:\/\/teiaeducation.ch\/wp-content\/uploads\/2020\/11\/Teia-Education-Switzerland-e1620156442216.jpg\",\"width\":166,\"height\":145,\"caption\":\"Teia Education & Play\"},\"image\":{\"@id\":\"https:\/\/teiaeducation.ch\/fr\/#\/schema\/logo\/image\/\"},\"sameAs\":[\"https:\/\/www.facebook.com\/teiaeducation\/\",\"https:\/\/x.com\/EducationTeia\",\"https:\/\/www.instagram.com\/teia.education\/\",\"https:\/\/www.linkedin.com\/company\/35501660\",\"https:\/\/www.pinterest.ch\/TeiaEducation\/\"]}]}<\/script>\n<!-- \/ Yoast SEO plugin. -->","yoast_head_json":{"title":"Birthday ring: natural wood - Gl\u00fccksk\u00e4fer - Teia Education & Play","description":"The Gl\u00fccksk\u00e4fer birthday ring in natural wood is a centrepiece for decorative figures and candles to special occasions & Waldorf celebrations","robots":{"index":"index","follow":"follow","max-snippet":"max-snippet:-1","max-image-preview":"max-image-preview:large","max-video-preview":"max-video-preview:-1"},"canonical":"https:\/\/teiaeducation.ch\/fr\/produit\/birthday-ring-natural-wood-gluckskafer\/","og_locale":"fr_FR","og_type":"article","og_title":"Birthday ring: natural wood - Gl\u00fccksk\u00e4fer - Teia Education & Play","og_description":"The Gl\u00fccksk\u00e4fer birthday ring in natural wood is a centrepiece for decorative figures and candles to special occasions & Waldorf celebrations","og_url":"https:\/\/teiaeducation.ch\/fr\/produit\/birthday-ring-natural-wood-gluckskafer\/","og_site_name":"Sustainable Educational Products &amp; Ecological Toys\u00a0","article_publisher":"https:\/\/www.facebook.com\/teiaeducation\/","article_modified_time":"2026-03-13T13:24:31+00:00","og_image":[{"width":1087,"height":1099,"url":"https:\/\/teiaeducation.ch\/wp-content\/uploads\/2021\/01\/Birthday-ring-natural-wood-Handmade-wooden-Waldorf-celebrations-ring-Gluckskafer.jpg","type":"image\/jpeg"}],"schema":{"@context":"https:\/\/schema.org","@graph":[{"@type":"WebPage","@id":"https:\/\/teiaeducation.ch\/fr\/produit\/birthday-ring-natural-wood-gluckskafer\/","url":"https:\/\/teiaeducation.ch\/fr\/produit\/birthday-ring-natural-wood-gluckskafer\/","name":"Birthday ring: natural wood - Gl\u00fccksk\u00e4fer - Teia Education & Play","isPartOf":{"@id":"https:\/\/teiaeducation.ch\/fr\/#website"},"primaryImageOfPage":{"@id":"https:\/\/teiaeducation.ch\/fr\/produit\/birthday-ring-natural-wood-gluckskafer\/#primaryimage"},"image":{"@id":"https:\/\/teiaeducation.ch\/fr\/produit\/birthday-ring-natural-wood-gluckskafer\/#primaryimage"},"thumbnailUrl":"https:\/\/teiaeducation.ch\/wp-content\/uploads\/2021\/01\/Birthday-ring-natural-wood-Handmade-wooden-Waldorf-celebrations-ring-Gluckskafer.jpg","datePublished":"2021-01-11T13:58:10+00:00","dateModified":"2026-03-13T13:24:31+00:00","description":"The Gl\u00fccksk\u00e4fer birthday ring in natural wood is a centrepiece for decorative figures and candles to special occasions & Waldorf celebrations","breadcrumb":{"@id":"https:\/\/teiaeducation.ch\/fr\/produit\/birthday-ring-natural-wood-gluckskafer\/#breadcrumb"},"inLanguage":"fr-FR","potentialAction":[{"@type":"ReadAction","target":["https:\/\/teiaeducation.ch\/fr\/produit\/birthday-ring-natural-wood-gluckskafer\/"]}]},{"@type":"ImageObject","inLanguage":"fr-FR","@id":"https:\/\/teiaeducation.ch\/fr\/produit\/birthday-ring-natural-wood-gluckskafer\/#primaryimage","url":"https:\/\/teiaeducation.ch\/wp-content\/uploads\/2021\/01\/Birthday-ring-natural-wood-Handmade-wooden-Waldorf-celebrations-ring-Gluckskafer.jpg","contentUrl":"https:\/\/teiaeducation.ch\/wp-content\/uploads\/2021\/01\/Birthday-ring-natural-wood-Handmade-wooden-Waldorf-celebrations-ring-Gluckskafer.jpg","width":1087,"height":1099,"caption":"Birthday ring in natural wood \/ Handmade wooden Waldorf celebrations ring - Gl\u00fccksk\u00e4fer"},{"@type":"BreadcrumbList","@id":"https:\/\/teiaeducation.ch\/fr\/produit\/birthday-ring-natural-wood-gluckskafer\/#breadcrumb","itemListElement":[{"@type":"ListItem","position":1,"name":"Home","item":"https:\/\/teiaeducation.ch\/fr\/"},{"@type":"ListItem","position":2,"name":"Boutique Teia Education &amp; Play","item":"https:\/\/teiaeducation.ch\/fr\/boutique\/"},{"@type":"ListItem","position":3,"name":"Nos Marques","item":"https:\/\/teiaeducation.ch\/fr\/categorie-produit\/marques\/"},{"@type":"ListItem","position":4,"name":"Gl\u00fccksk\u00e4fer","item":"https:\/\/teiaeducation.ch\/fr\/categorie-produit\/marques\/gluckskafer-fr\/"},{"@type":"ListItem","position":5,"name":"Birthday ring: natural wood &#8211; Gl\u00fccksk\u00e4fer"}]},{"@type":"WebSite","@id":"https:\/\/teiaeducation.ch\/fr\/#website","url":"https:\/\/teiaeducation.ch\/fr\/","name":"Sustainable Educational Products &amp; Ecological Toys\u00a0","description":"Specialised Swiss shop selling sustainable educational toys and games, AMI certified Montessori materials, handmade ecological wooden Waldorf toys and arts &amp; crafts supplies, school supplies, children&#039;s furniture and Montessori reference and parenting books.","publisher":{"@id":"https:\/\/teiaeducation.ch\/fr\/#organization"},"alternateName":"Teia Education & Play","potentialAction":[{"@type":"SearchAction","target":{"@type":"EntryPoint","urlTemplate":"https:\/\/teiaeducation.ch\/fr\/?s={search_term_string}"},"query-input":{"@type":"PropertyValueSpecification","valueRequired":true,"valueName":"search_term_string"}}],"inLanguage":"fr-FR"},{"@type":"Organization","@id":"https:\/\/teiaeducation.ch\/fr\/#organization","name":"Teia Education & Play","url":"https:\/\/teiaeducation.ch\/fr\/","logo":{"@type":"ImageObject","inLanguage":"fr-FR","@id":"https:\/\/teiaeducation.ch\/fr\/#\/schema\/logo\/image\/","url":"https:\/\/teiaeducation.ch\/wp-content\/uploads\/2020\/11\/Teia-Education-Switzerland-e1620156442216.jpg","contentUrl":"https:\/\/teiaeducation.ch\/wp-content\/uploads\/2020\/11\/Teia-Education-Switzerland-e1620156442216.jpg","width":166,"height":145,"caption":"Teia Education & Play"},"image":{"@id":"https:\/\/teiaeducation.ch\/fr\/#\/schema\/logo\/image\/"},"sameAs":["https:\/\/www.facebook.com\/teiaeducation\/","https:\/\/x.com\/EducationTeia","https:\/\/www.instagram.com\/teia.education\/","https:\/\/www.linkedin.com\/company\/35501660","https:\/\/www.pinterest.ch\/TeiaEducation\/"]}]}},"_links":{"self":[{"href":"https:\/\/teiaeducation.ch\/fr\/wp-json\/wp\/v2\/product\/33598","targetHints":{"allow":["GET"]}}],"collection":[{"href":"https:\/\/teiaeducation.ch\/fr\/wp-json\/wp\/v2\/product"}],"about":[{"href":"https:\/\/teiaeducation.ch\/fr\/wp-json\/wp\/v2\/types\/product"}],"replies":[{"embeddable":true,"href":"https:\/\/teiaeducation.ch\/fr\/wp-json\/wp\/v2\/comments?post=33598"}],"wp:featuredmedia":[{"embeddable":true,"href":"https:\/\/teiaeducation.ch\/fr\/wp-json\/wp\/v2\/media\/33603"}],"wp:attachment":[{"href":"https:\/\/teiaeducation.ch\/fr\/wp-json\/wp\/v2\/media?parent=33598"}],"wp:term":[{"taxonomy":"product_brand","embeddable":true,"href":"https:\/\/teiaeducation.ch\/fr\/wp-json\/wp\/v2\/product_brand?post=33598"},{"taxonomy":"product_cat","embeddable":true,"href":"https:\/\/teiaeducation.ch\/fr\/wp-json\/wp\/v2\/product_cat?post=33598"},{"taxonomy":"product_tag","embeddable":true,"href":"https:\/\/teiaeducation.ch\/fr\/wp-json\/wp\/v2\/product_tag?post=33598"}],"curies":[{"name":"wp","href":"https:\/\/api.w.org\/{rel}","templated":true}]}}