{"id":33676,"date":"2020-03-27T22:00:06","date_gmt":"2020-03-27T21:00:06","guid":{"rendered":"https:\/\/teiaeducation.ch\/product\/sina-vehicules-selection-3-sina-spielzeug\/"},"modified":"2021-01-17T15:13:00","modified_gmt":"2021-01-17T14:13:00","slug":"selection-3-de-vehicules-sina-spielzeug","status":"publish","type":"product","link":"https:\/\/teiaeducation.ch\/fr\/produit\/selection-3-de-vehicules-sina-spielzeug\/","title":{"rendered":"SINA V\u00e9hicules : s\u00e9lection 3 &#8211; SINA Spielzeug"},"content":{"rendered":"<p>SINA V\u00e9hicules : s\u00e9lection 3 \/ Voitures et v\u00e9hicules en bois durables fabriqu\u00e9s \u00e0 la main &#8211; SINA Spielzeug<\/p>\n<p>Parfaitement adapt\u00e9e aux \u00e9coles, aux \u00e9coles maternelles et aux garderies, la s\u00e9lection 3 de v\u00e9hicules de SINA Spielzeug contient 10 types diff\u00e9rents de<a href=\"https:\/\/teiaeducation.ch\/product-category\/play\/toy-cars-vehicles\/\">voitures et v\u00e9hicules<\/a> en bois de h\u00eatre allemand durables de haute qualit\u00e9 fabriqu\u00e9s \u00e0 la main. Le plus grand v\u00e9hicule est la limousine, qui mesure 9 centim\u00e8tres de long.<\/p>\n<p>Ces grands v\u00e9hicules SINA sont adapt\u00e9s aux enfants de moins de trois ans car ils ne comportent pas de petits morceaux pouvant entra\u00eener un risque d&#8217;ingestion. Combinez l&#8217;ensemble avec <a href=\"https:\/\/teiaeducation.ch\/product\/my-little-farmyard-sina-spielzeug\/\">ma petite cour de ferme<\/a> de SINA pour cr\u00e9er votre propre monde !<\/p>\n<p>Tous les jouets de SINA Spielzeug sont con\u00e7us et fabriqu\u00e9s \u00e0 la main dans l&#8217;atelier de la soci\u00e9t\u00e9 \u00e0 Neuhausen\/Erzgebirge, en Allemagne. D\u00e9velopp\u00e9 et fabriqu\u00e9 avec le plus grand soin, chaque produit SINA porte la marque CE et respecte toutes les exigences l\u00e9gales de la directive europ\u00e9enne sur la s\u00e9curit\u00e9 des jouets 2009\/48\/EC et EN 71 pour la s\u00e9curit\u00e9 des jouets. Plusieurs jouets SINA ont re\u00e7u le sceau Spielgut\u00ae.<\/p>\n<p>Des normes de s\u00e9curit\u00e9 \u00e9lev\u00e9es et d\u2019\u00e9thique sont exig\u00e9es des fournisseurs de mati\u00e8res premi\u00e8res ainsi qu\u2019une garantie que tous les mat\u00e9riaux et les pi\u00e8ces constitutives sont sans danger pour les enfants et sans toxines. Entreprise familiale dans l\u2019\u00e2me, la gamme SINA comprend des jouets didactiques en bois, des articles de jeu en bois \u00e0 usage th\u00e9rapeutique et des objets de jeu, y compris les cadeaux ou gaben de la p\u00e9dagogie Froebel (Fr\u00f6bel).<\/p>\n<p>SINA Spielzeug est membre du Deutscher Verband der Spielwarenindustrie, du Fachgruppe Holzspielzeug et du Pestalozzi-Fr\u00f6bel-Verband.<\/p>\n<p>La s\u00e9lection de v\u00e9hicules 3 de SINA convient aux enfants de 0 mois et plus et est recommand\u00e9e pour une utilisation \u00e0 l&#8217;\u00e9cole ou \u00e0 la garderie.<\/p>\n<p>Contenu:<\/p>\n<p>2 x 10 voitures et v\u00e9hicules diff\u00e9rents en bois (20 v\u00e9hicules)<\/p>\n","protected":false},"excerpt":{"rendered":"<p>Num\u00e9ro d&#8217;article : 40008<\/p>\n<p>La s\u00e9lection de v\u00e9hicules 3 de SINA Spielzeug contient 10 types diff\u00e9rents de voitures et v\u00e9hicules en bois de h\u00eatre de haute qualit\u00e9 fabriqu\u00e9s \u00e0 la main.<\/p>\n","protected":false},"featured_media":33179,"comment_status":"open","ping_status":"closed","template":"","meta":[],"product_brand":[],"product_cat":[25968,208,215,8526,8572,13130,23020,8621,13140,217,5851,7589,212,17236],"product_tag":[8625,8605,6714,8623,8622,8626],"class_list":{"0":"post-33676","1":"product","2":"type-product","3":"status-publish","4":"has-post-thumbnail","6":"product_cat-0-12-mois-bebe","7":"product_cat-1-3-ans","8":"product_cat-3-6-ans","9":"product_cat-fournitures-scolaires-a-domicile","10":"product_cat-jeu-et-apprentissage-pour-bebes-et-jeunes-enfants","11":"product_cat-jouer","12":"product_cat-jouets-en-bois","13":"product_cat-jouets-pour-nourrissons-et-trotteurs","14":"product_cat-jeu-libre","15":"product_cat-marques","16":"product_cat-nouveautes","17":"product_cat-sina-spielzeug-fr","18":"product_cat-tranche-dage","19":"product_cat-voitures-vehicules","20":"product_tag-fabrique-en-allemagne","21":"product_tag-jouets-educatifs-en-bois-fr","22":"product_tag-jouets-en-bois-faits-a-la-main","23":"product_tag-jouets-pour-nourrissons-et-enfants-en-bas-age","24":"product_tag-sina-spielzeug-fr","25":"product_tag-voitures-en-bois","27":"first","28":"instock","29":"taxable","30":"shipping-taxable","31":"purchasable","32":"product-type-simple"},"yoast_head":"<!-- This site is optimized with the Yoast SEO Premium plugin v25.8 (Yoast SEO v27.4) - https:\/\/yoast.com\/product\/yoast-seo-premium-wordpress\/ -->\n<title>SINA V\u00e9hicules : s\u00e9lection 3 - SINA Spielzeug - Teia Education &amp; Play<\/title>\n<meta name=\"description\" content=\"La s\u00e9lection de v\u00e9hicules SINA Spielzeug 3 contient 10 types diff\u00e9rents de voitures et de v\u00e9hicules en bois de h\u00eatre de haute qualit\u00e9 fabriqu\u00e9s \u00e0 la main.\" \/>\n<meta name=\"robots\" content=\"index, follow, max-snippet:-1, max-image-preview:large, max-video-preview:-1\" \/>\n<link rel=\"canonical\" href=\"https:\/\/teiaeducation.ch\/fr\/produit\/selection-3-de-vehicules-sina-spielzeug\/\" \/>\n<meta property=\"og:locale\" content=\"fr_FR\" \/>\n<meta property=\"og:type\" content=\"article\" \/>\n<meta property=\"og:title\" content=\"SINA V\u00e9hicules : s\u00e9lection 3 - SINA Spielzeug\" \/>\n<meta property=\"og:description\" content=\"La s\u00e9lection de v\u00e9hicules SINA Spielzeug 3 contient 10 types diff\u00e9rents de voitures et de v\u00e9hicules en bois de h\u00eatre de haute qualit\u00e9 fabriqu\u00e9s \u00e0 la main.\" \/>\n<meta property=\"og:url\" content=\"https:\/\/teiaeducation.ch\/fr\/produit\/selection-3-de-vehicules-sina-spielzeug\/\" \/>\n<meta property=\"og:site_name\" content=\"Sustainable Educational Products &amp; Ecological Toys\u00a0\" \/>\n<meta property=\"article:publisher\" content=\"https:\/\/www.facebook.com\/teiaeducation\/\" \/>\n<meta property=\"article:modified_time\" content=\"2021-01-17T14:13:00+00:00\" \/>\n<meta property=\"og:image\" content=\"https:\/\/teiaeducation.ch\/wp-content\/uploads\/2020\/12\/SINA-Vehicles-selection-3-Handmade-sustainable-wooden-toy-cars-and-vehicles-SINA-Spielzeug-scaled.jpg\" \/>\n\t<meta property=\"og:image:width\" content=\"1200\" \/>\n\t<meta property=\"og:image:height\" content=\"791\" \/>\n\t<meta property=\"og:image:type\" content=\"image\/jpeg\" \/>\n<script type=\"application\/ld+json\" class=\"yoast-schema-graph\">{\"@context\":\"https:\\\/\\\/schema.org\",\"@graph\":[{\"@type\":\"WebPage\",\"@id\":\"https:\\\/\\\/teiaeducation.ch\\\/fr\\\/produit\\\/selection-3-de-vehicules-sina-spielzeug\\\/\",\"url\":\"https:\\\/\\\/teiaeducation.ch\\\/fr\\\/produit\\\/selection-3-de-vehicules-sina-spielzeug\\\/\",\"name\":\"SINA V\u00e9hicules : s\u00e9lection 3 - SINA Spielzeug - Teia Education & Play\",\"isPartOf\":{\"@id\":\"https:\\\/\\\/teiaeducation.ch\\\/fr\\\/#website\"},\"primaryImageOfPage\":{\"@id\":\"https:\\\/\\\/teiaeducation.ch\\\/fr\\\/produit\\\/selection-3-de-vehicules-sina-spielzeug\\\/#primaryimage\"},\"image\":{\"@id\":\"https:\\\/\\\/teiaeducation.ch\\\/fr\\\/produit\\\/selection-3-de-vehicules-sina-spielzeug\\\/#primaryimage\"},\"thumbnailUrl\":\"https:\\\/\\\/teiaeducation.ch\\\/wp-content\\\/uploads\\\/2020\\\/12\\\/SINA-Vehicles-selection-3-Handmade-sustainable-wooden-toy-cars-and-vehicles-SINA-Spielzeug-scaled.jpg\",\"datePublished\":\"2020-03-27T21:00:06+00:00\",\"dateModified\":\"2021-01-17T14:13:00+00:00\",\"description\":\"La s\u00e9lection de v\u00e9hicules SINA Spielzeug 3 contient 10 types diff\u00e9rents de voitures et de v\u00e9hicules en bois de h\u00eatre de haute qualit\u00e9 fabriqu\u00e9s \u00e0 la main.\",\"breadcrumb\":{\"@id\":\"https:\\\/\\\/teiaeducation.ch\\\/fr\\\/produit\\\/selection-3-de-vehicules-sina-spielzeug\\\/#breadcrumb\"},\"inLanguage\":\"fr-FR\",\"potentialAction\":[{\"@type\":\"ReadAction\",\"target\":[\"https:\\\/\\\/teiaeducation.ch\\\/fr\\\/produit\\\/selection-3-de-vehicules-sina-spielzeug\\\/\"]}]},{\"@type\":\"ImageObject\",\"inLanguage\":\"fr-FR\",\"@id\":\"https:\\\/\\\/teiaeducation.ch\\\/fr\\\/produit\\\/selection-3-de-vehicules-sina-spielzeug\\\/#primaryimage\",\"url\":\"https:\\\/\\\/teiaeducation.ch\\\/wp-content\\\/uploads\\\/2020\\\/12\\\/SINA-Vehicles-selection-3-Handmade-sustainable-wooden-toy-cars-and-vehicles-SINA-Spielzeug-scaled.jpg\",\"contentUrl\":\"https:\\\/\\\/teiaeducation.ch\\\/wp-content\\\/uploads\\\/2020\\\/12\\\/SINA-Vehicles-selection-3-Handmade-sustainable-wooden-toy-cars-and-vehicles-SINA-Spielzeug-scaled.jpg\",\"width\":1200,\"height\":791,\"caption\":\"S\u00e9lection 3 de v\u00e9hicules SINA \\\/ Voitures et v\u00e9hicules en bois durables fabriqu\u00e9s \u00e0 la main - SINA Spielzeug.jpg\"},{\"@type\":\"BreadcrumbList\",\"@id\":\"https:\\\/\\\/teiaeducation.ch\\\/fr\\\/produit\\\/selection-3-de-vehicules-sina-spielzeug\\\/#breadcrumb\",\"itemListElement\":[{\"@type\":\"ListItem\",\"position\":1,\"name\":\"Home\",\"item\":\"https:\\\/\\\/teiaeducation.ch\\\/fr\\\/\"},{\"@type\":\"ListItem\",\"position\":2,\"name\":\"Boutique Teia Education &amp; Play\",\"item\":\"https:\\\/\\\/teiaeducation.ch\\\/fr\\\/boutique\\\/\"},{\"@type\":\"ListItem\",\"position\":3,\"name\":\"Nos Marques\",\"item\":\"https:\\\/\\\/teiaeducation.ch\\\/fr\\\/categorie-produit\\\/marques\\\/\"},{\"@type\":\"ListItem\",\"position\":4,\"name\":\"SINA Spielzeug\",\"item\":\"https:\\\/\\\/teiaeducation.ch\\\/fr\\\/categorie-produit\\\/marques\\\/sina-spielzeug-fr\\\/\"},{\"@type\":\"ListItem\",\"position\":5,\"name\":\"Jouets Nourrissons &amp; Trotteurs\",\"item\":\"https:\\\/\\\/teiaeducation.ch\\\/fr\\\/categorie-produit\\\/marques\\\/sina-spielzeug-fr\\\/jouets-pour-nourrissons-et-trotteurs\\\/\"},{\"@type\":\"ListItem\",\"position\":6,\"name\":\"SINA V\u00e9hicules : s\u00e9lection 3 &#8211; SINA Spielzeug\"}]},{\"@type\":\"WebSite\",\"@id\":\"https:\\\/\\\/teiaeducation.ch\\\/fr\\\/#website\",\"url\":\"https:\\\/\\\/teiaeducation.ch\\\/fr\\\/\",\"name\":\"Sustainable Educational Products &amp; Ecological Toys\u00a0\",\"description\":\"Specialised Swiss shop selling sustainable educational toys and games, AMI certified Montessori materials, handmade ecological wooden Waldorf toys and arts &amp; crafts supplies, school supplies, children&#039;s furniture and Montessori reference and parenting books.\",\"publisher\":{\"@id\":\"https:\\\/\\\/teiaeducation.ch\\\/fr\\\/#organization\"},\"alternateName\":\"Teia Education & Play\",\"potentialAction\":[{\"@type\":\"SearchAction\",\"target\":{\"@type\":\"EntryPoint\",\"urlTemplate\":\"https:\\\/\\\/teiaeducation.ch\\\/fr\\\/?s={search_term_string}\"},\"query-input\":{\"@type\":\"PropertyValueSpecification\",\"valueRequired\":true,\"valueName\":\"search_term_string\"}}],\"inLanguage\":\"fr-FR\"},{\"@type\":\"Organization\",\"@id\":\"https:\\\/\\\/teiaeducation.ch\\\/fr\\\/#organization\",\"name\":\"Teia Education & Play\",\"url\":\"https:\\\/\\\/teiaeducation.ch\\\/fr\\\/\",\"logo\":{\"@type\":\"ImageObject\",\"inLanguage\":\"fr-FR\",\"@id\":\"https:\\\/\\\/teiaeducation.ch\\\/fr\\\/#\\\/schema\\\/logo\\\/image\\\/\",\"url\":\"https:\\\/\\\/teiaeducation.ch\\\/wp-content\\\/uploads\\\/2020\\\/11\\\/Teia-Education-Switzerland-e1620156442216.jpg\",\"contentUrl\":\"https:\\\/\\\/teiaeducation.ch\\\/wp-content\\\/uploads\\\/2020\\\/11\\\/Teia-Education-Switzerland-e1620156442216.jpg\",\"width\":166,\"height\":145,\"caption\":\"Teia Education & Play\"},\"image\":{\"@id\":\"https:\\\/\\\/teiaeducation.ch\\\/fr\\\/#\\\/schema\\\/logo\\\/image\\\/\"},\"sameAs\":[\"https:\\\/\\\/www.facebook.com\\\/teiaeducation\\\/\",\"https:\\\/\\\/x.com\\\/EducationTeia\",\"https:\\\/\\\/www.instagram.com\\\/teia.education\\\/\",\"https:\\\/\\\/www.linkedin.com\\\/company\\\/35501660\",\"https:\\\/\\\/www.pinterest.ch\\\/TeiaEducation\\\/\"]}]}<\/script>\n<meta property=\"product:price:amount\" content=\"150.00\" \/>\n<meta property=\"product:price:currency\" content=\"CHF\" \/>\n<meta property=\"og:availability\" content=\"instock\" \/>\n<meta property=\"product:availability\" content=\"instock\" \/>\n<meta property=\"product:retailer_item_id\" content=\"00000000000000000000000000000000000000000000024312\" \/>\n<meta property=\"product:condition\" content=\"new\" \/>\n<!-- \/ Yoast SEO Premium plugin. -->","yoast_head_json":{"title":"SINA V\u00e9hicules : s\u00e9lection 3 - SINA Spielzeug - Teia Education & Play","description":"La s\u00e9lection de v\u00e9hicules SINA Spielzeug 3 contient 10 types diff\u00e9rents de voitures et de v\u00e9hicules en bois de h\u00eatre de haute qualit\u00e9 fabriqu\u00e9s \u00e0 la main.","robots":{"index":"index","follow":"follow","max-snippet":"max-snippet:-1","max-image-preview":"max-image-preview:large","max-video-preview":"max-video-preview:-1"},"canonical":"https:\/\/teiaeducation.ch\/fr\/produit\/selection-3-de-vehicules-sina-spielzeug\/","og_locale":"fr_FR","og_type":"article","og_title":"SINA V\u00e9hicules : s\u00e9lection 3 - SINA Spielzeug","og_description":"La s\u00e9lection de v\u00e9hicules SINA Spielzeug 3 contient 10 types diff\u00e9rents de voitures et de v\u00e9hicules en bois de h\u00eatre de haute qualit\u00e9 fabriqu\u00e9s \u00e0 la main.","og_url":"https:\/\/teiaeducation.ch\/fr\/produit\/selection-3-de-vehicules-sina-spielzeug\/","og_site_name":"Sustainable Educational Products &amp; Ecological Toys\u00a0","article_publisher":"https:\/\/www.facebook.com\/teiaeducation\/","article_modified_time":"2021-01-17T14:13:00+00:00","og_image":[{"width":1200,"height":791,"url":"https:\/\/teiaeducation.ch\/wp-content\/uploads\/2020\/12\/SINA-Vehicles-selection-3-Handmade-sustainable-wooden-toy-cars-and-vehicles-SINA-Spielzeug-scaled.jpg","type":"image\/jpeg"}],"schema":{"@context":"https:\/\/schema.org","@graph":[{"@type":"WebPage","@id":"https:\/\/teiaeducation.ch\/fr\/produit\/selection-3-de-vehicules-sina-spielzeug\/","url":"https:\/\/teiaeducation.ch\/fr\/produit\/selection-3-de-vehicules-sina-spielzeug\/","name":"SINA V\u00e9hicules : s\u00e9lection 3 - SINA Spielzeug - Teia Education & Play","isPartOf":{"@id":"https:\/\/teiaeducation.ch\/fr\/#website"},"primaryImageOfPage":{"@id":"https:\/\/teiaeducation.ch\/fr\/produit\/selection-3-de-vehicules-sina-spielzeug\/#primaryimage"},"image":{"@id":"https:\/\/teiaeducation.ch\/fr\/produit\/selection-3-de-vehicules-sina-spielzeug\/#primaryimage"},"thumbnailUrl":"https:\/\/teiaeducation.ch\/wp-content\/uploads\/2020\/12\/SINA-Vehicles-selection-3-Handmade-sustainable-wooden-toy-cars-and-vehicles-SINA-Spielzeug-scaled.jpg","datePublished":"2020-03-27T21:00:06+00:00","dateModified":"2021-01-17T14:13:00+00:00","description":"La s\u00e9lection de v\u00e9hicules SINA Spielzeug 3 contient 10 types diff\u00e9rents de voitures et de v\u00e9hicules en bois de h\u00eatre de haute qualit\u00e9 fabriqu\u00e9s \u00e0 la main.","breadcrumb":{"@id":"https:\/\/teiaeducation.ch\/fr\/produit\/selection-3-de-vehicules-sina-spielzeug\/#breadcrumb"},"inLanguage":"fr-FR","potentialAction":[{"@type":"ReadAction","target":["https:\/\/teiaeducation.ch\/fr\/produit\/selection-3-de-vehicules-sina-spielzeug\/"]}]},{"@type":"ImageObject","inLanguage":"fr-FR","@id":"https:\/\/teiaeducation.ch\/fr\/produit\/selection-3-de-vehicules-sina-spielzeug\/#primaryimage","url":"https:\/\/teiaeducation.ch\/wp-content\/uploads\/2020\/12\/SINA-Vehicles-selection-3-Handmade-sustainable-wooden-toy-cars-and-vehicles-SINA-Spielzeug-scaled.jpg","contentUrl":"https:\/\/teiaeducation.ch\/wp-content\/uploads\/2020\/12\/SINA-Vehicles-selection-3-Handmade-sustainable-wooden-toy-cars-and-vehicles-SINA-Spielzeug-scaled.jpg","width":1200,"height":791,"caption":"S\u00e9lection 3 de v\u00e9hicules SINA \/ Voitures et v\u00e9hicules en bois durables fabriqu\u00e9s \u00e0 la main - SINA Spielzeug.jpg"},{"@type":"BreadcrumbList","@id":"https:\/\/teiaeducation.ch\/fr\/produit\/selection-3-de-vehicules-sina-spielzeug\/#breadcrumb","itemListElement":[{"@type":"ListItem","position":1,"name":"Home","item":"https:\/\/teiaeducation.ch\/fr\/"},{"@type":"ListItem","position":2,"name":"Boutique Teia Education &amp; Play","item":"https:\/\/teiaeducation.ch\/fr\/boutique\/"},{"@type":"ListItem","position":3,"name":"Nos Marques","item":"https:\/\/teiaeducation.ch\/fr\/categorie-produit\/marques\/"},{"@type":"ListItem","position":4,"name":"SINA Spielzeug","item":"https:\/\/teiaeducation.ch\/fr\/categorie-produit\/marques\/sina-spielzeug-fr\/"},{"@type":"ListItem","position":5,"name":"Jouets Nourrissons &amp; Trotteurs","item":"https:\/\/teiaeducation.ch\/fr\/categorie-produit\/marques\/sina-spielzeug-fr\/jouets-pour-nourrissons-et-trotteurs\/"},{"@type":"ListItem","position":6,"name":"SINA V\u00e9hicules : s\u00e9lection 3 &#8211; SINA Spielzeug"}]},{"@type":"WebSite","@id":"https:\/\/teiaeducation.ch\/fr\/#website","url":"https:\/\/teiaeducation.ch\/fr\/","name":"Sustainable Educational Products &amp; Ecological Toys\u00a0","description":"Specialised Swiss shop selling sustainable educational toys and games, AMI certified Montessori materials, handmade ecological wooden Waldorf toys and arts &amp; crafts supplies, school supplies, children&#039;s furniture and Montessori reference and parenting books.","publisher":{"@id":"https:\/\/teiaeducation.ch\/fr\/#organization"},"alternateName":"Teia Education & Play","potentialAction":[{"@type":"SearchAction","target":{"@type":"EntryPoint","urlTemplate":"https:\/\/teiaeducation.ch\/fr\/?s={search_term_string}"},"query-input":{"@type":"PropertyValueSpecification","valueRequired":true,"valueName":"search_term_string"}}],"inLanguage":"fr-FR"},{"@type":"Organization","@id":"https:\/\/teiaeducation.ch\/fr\/#organization","name":"Teia Education & Play","url":"https:\/\/teiaeducation.ch\/fr\/","logo":{"@type":"ImageObject","inLanguage":"fr-FR","@id":"https:\/\/teiaeducation.ch\/fr\/#\/schema\/logo\/image\/","url":"https:\/\/teiaeducation.ch\/wp-content\/uploads\/2020\/11\/Teia-Education-Switzerland-e1620156442216.jpg","contentUrl":"https:\/\/teiaeducation.ch\/wp-content\/uploads\/2020\/11\/Teia-Education-Switzerland-e1620156442216.jpg","width":166,"height":145,"caption":"Teia Education & Play"},"image":{"@id":"https:\/\/teiaeducation.ch\/fr\/#\/schema\/logo\/image\/"},"sameAs":["https:\/\/www.facebook.com\/teiaeducation\/","https:\/\/x.com\/EducationTeia","https:\/\/www.instagram.com\/teia.education\/","https:\/\/www.linkedin.com\/company\/35501660","https:\/\/www.pinterest.ch\/TeiaEducation\/"]}]},"product_price_amount":"150.00","product_price_currency":"CHF","og_availability":"instock","product_availability":"instock","product_retailer_item_id":"00000000000000000000000000000000000000000000024312","product_condition":"new"},"_links":{"self":[{"href":"https:\/\/teiaeducation.ch\/fr\/wp-json\/wp\/v2\/product\/33676","targetHints":{"allow":["GET"]}}],"collection":[{"href":"https:\/\/teiaeducation.ch\/fr\/wp-json\/wp\/v2\/product"}],"about":[{"href":"https:\/\/teiaeducation.ch\/fr\/wp-json\/wp\/v2\/types\/product"}],"replies":[{"embeddable":true,"href":"https:\/\/teiaeducation.ch\/fr\/wp-json\/wp\/v2\/comments?post=33676"}],"wp:featuredmedia":[{"embeddable":true,"href":"https:\/\/teiaeducation.ch\/fr\/wp-json\/wp\/v2\/media\/33179"}],"wp:attachment":[{"href":"https:\/\/teiaeducation.ch\/fr\/wp-json\/wp\/v2\/media?parent=33676"}],"wp:term":[{"taxonomy":"product_brand","embeddable":true,"href":"https:\/\/teiaeducation.ch\/fr\/wp-json\/wp\/v2\/product_brand?post=33676"},{"taxonomy":"product_cat","embeddable":true,"href":"https:\/\/teiaeducation.ch\/fr\/wp-json\/wp\/v2\/product_cat?post=33676"},{"taxonomy":"product_tag","embeddable":true,"href":"https:\/\/teiaeducation.ch\/fr\/wp-json\/wp\/v2\/product_tag?post=33676"}],"curies":[{"name":"wp","href":"https:\/\/api.w.org\/{rel}","templated":true}]}}