{"id":33677,"date":"2020-12-17T09:31:58","date_gmt":"2020-12-17T08:31:58","guid":{"rendered":"https:\/\/teiaeducation.ch\/product\/jeu-dhistoires-en-images-en-bois-sina-spielzeug\/"},"modified":"2021-01-17T15:17:31","modified_gmt":"2021-01-17T14:17:31","slug":"jeu-dhistoires-illustrees-en-bois-sina-spielzeug","status":"publish","type":"product","link":"https:\/\/teiaeducation.ch\/fr\/produit\/jeu-dhistoires-illustrees-en-bois-sina-spielzeug\/","title":{"rendered":"Jeu d&#8217;histoires en images en bois &#8211; SINA Spielzeug"},"content":{"rendered":"<p>Jeu d&#8217;histoires illustr\u00e9es en bois \/ Activit\u00e9 cr\u00e9ative et objet ludique de Froebel &#8211; SINA Spielzeug<\/p>\n<p>Le jeu d&#8217;histoires en bois de SINA Spielzeug est bas\u00e9 sur <a href=\"https:\/\/teiaeducation.ch\/product-category\/brands\/sina-spielzeug\/playing-items\/\">Friedrich Froebel&#8217;s<\/a> l&#8217;activit\u00e9 classique des pi\u00e8ces de bois et des b\u00e2tons.<\/p>\n<p>Les enfants peuvent concevoir une infinit\u00e9 d&#8217;images, de sc\u00e8nes et de motifs bidimensionnels gr\u00e2ce \u00e0 ce jeu cr\u00e9atif et inspirant.<\/p>\n<p>Le set contient 156 formes et b\u00e2tonnets en bois color\u00e9 de 13 vari\u00e9t\u00e9s diff\u00e9rentes, 2 d\u00e9s, 8 bases de papier color\u00e9 sur lesquelles on peut disposer les pi\u00e8ces, 1 carte de formes et un livret d&#8217;instructions d\u00e9taill\u00e9 et illustr\u00e9.<\/p>\n<p>En plus d&#8217;encourager la cr\u00e9ativit\u00e9, l&#8217;imagination et la narration d&#8217;histoires, le jeu d&#8217;histoires en images am\u00e9liore la motricit\u00e9 fine, la dext\u00e9rit\u00e9 et la concentration.<\/p>\n<p>Laur\u00e9at du prix Spiel Gut, le jeu d&#8217;histoires illustr\u00e9es en bois est fabriqu\u00e9 de mani\u00e8re durable en Allemagne. Les formes en bois color\u00e9es et lumineuses sont recouvertes d&#8217;une peinture \u00e0 base d&#8217;eau, non toxique et sans danger.<\/p>\n<p>Tous les jouets de SINA Spielzeug sont con\u00e7us et fabriqu\u00e9s \u00e0 la main dans l&#8217;atelier de la soci\u00e9t\u00e9 \u00e0 Neuhausen\/Erzgebirge, en Allemagne. D\u00e9velopp\u00e9 et fabriqu\u00e9 avec le plus grand soin, chaque produit SINA porte la marque CE et respecte toutes les exigences l\u00e9gales de la directive europ\u00e9enne sur la s\u00e9curit\u00e9 des jouets 2009\/48\/EC et EN 71 pour la s\u00e9curit\u00e9 des jouets. Plusieurs jouets SINA ont re\u00e7u le sceau Spielgut\u00ae.<\/p>\n<p>Des normes de s\u00e9curit\u00e9 \u00e9lev\u00e9es et d\u2019\u00e9thique sont exig\u00e9es des fournisseurs de mati\u00e8res premi\u00e8res ainsi qu\u2019une garantie que tous les mat\u00e9riaux et les pi\u00e8ces constitutives sont sans danger pour les enfants et sans toxines. Entreprise familiale dans l\u2019\u00e2me, la gamme SINA comprend des jouets didactiques en bois, des articles de jeu en bois \u00e0 usage th\u00e9rapeutique et des objets de jeu, y compris les cadeaux ou gaben de la p\u00e9dagogie Froebel (Fr\u00f6bel).<\/p>\n<p>SINA Spielzeug est membre du Deutscher Verband der Spielwarenindustrie, du Fachgruppe Holzspielzeug et du Pestalozzi-Fr\u00f6bel-Verband.<\/p>\n<p>Le jeu d&#8217;histoires illustr\u00e9es en bois de SINA Spielzeug convient aux enfants \u00e2g\u00e9s de 4 ans et plus.<\/p>\n<p>Attention: petites pi\u00e8ces, ne convient pas aux enfants de moins de 3 ans.<\/p>\n<p>Contenu:<\/p>\n<p>156 formes et b\u00e2tons en bois color\u00e9s<br \/>\n2 d\u00e9s<br \/>\n8 bases de papier de couleur<br \/>\n1 carte de forme<br \/>\n1 livret d&#8217;instructions illustr\u00e9<\/p>\n","protected":false},"excerpt":{"rendered":"<p>Num\u00e9ro d&#8217;article : 30005<\/p>\n<p>Le jeu de SINA Spielzeug est une activit\u00e9 cr\u00e9ative classique de Froebel et un \u00e9l\u00e9ment de jeu pour concevoir des images et des motifs en deux dimensions.<\/p>\n","protected":false},"featured_media":33175,"comment_status":"open","ping_status":"closed","template":"","meta":[],"product_brand":[],"product_cat":[8527,215,8580,216,635,283,8526,7596,17240,17239,21257,13130,23020,1220,624,13127,288,7595,217,5851,13123,13148,611,209,7589,212],"product_tag":[18473,18474,17550,18472,18470,18469,18471,18475,18325],"class_list":{"0":"post-33677","1":"product","2":"type-product","3":"status-publish","4":"has-post-thumbnail","6":"product_cat-3-6-ans-ecole-a-domicile","7":"product_cat-3-6-ans","8":"product_cat-6-12-ans-ecole-a-domicile","9":"product_cat-6-12-ans","10":"product_cat-competences-motrices","11":"product_cat-domaines-du-curriculum","12":"product_cat-fournitures-scolaires-a-domicile","13":"product_cat-froebel-fr","14":"product_cat-guide-cadeaux-creatif","15":"product_cat-guide-cadeaux-educatifs","16":"product_cat-guides-cadeaux","17":"product_cat-jouer","18":"product_cat-jouets-en-bois","19":"product_cat-traditionnelle","20":"product_cat-formes","21":"product_cat-creativite-beaux-arts-et-bricolage","22":"product_cat-mathematiques-calcul","23":"product_cat-methode-deducation","24":"product_cat-marques","25":"product_cat-nouveautes","26":"product_cat-objets-de-jeu","27":"product_cat-puzzles-en-bois","28":"product_cat-raconter-des-histoires","29":"product_cat-sensorielles-motrices","30":"product_cat-sina-spielzeug-fr","31":"product_cat-tranche-dage","32":"product_tag-jeu-dhistoires-en-images","33":"product_tag-jeu-de-formes-en-bois","34":"product_tag-jouets-spielgut","35":"product_tag-les-activites-de-froebel","36":"product_tag-les-jeux-de-froebel","37":"product_tag-les-jeux-de-sina-spielzeug","38":"product_tag-les-jouets-froebel","39":"product_tag-pieces-en-bois-de-froebel","40":"product_tag-sina-spielzeug-suisse","42":"first","43":"outofstock","44":"taxable","45":"shipping-taxable","46":"purchasable","47":"product-type-simple"},"yoast_head":"<!-- This site is optimized with the Yoast SEO Premium plugin v25.8 (Yoast SEO v27.4) - https:\/\/yoast.com\/product\/yoast-seo-premium-wordpress\/ -->\n<title>Jeu d&#039;histoires en images en bois - SINA Spielzeug - Teia Education &amp; Play<\/title>\n<meta name=\"description\" content=\"Le jeu de SINA Spielzeug est une activit\u00e9 cr\u00e9ative classique de Froebel et un \u00e9l\u00e9ment de jeu pour concevoir des images et des motifs en deux dimensions.\" \/>\n<meta name=\"robots\" content=\"index, follow, max-snippet:-1, max-image-preview:large, max-video-preview:-1\" \/>\n<link rel=\"canonical\" href=\"https:\/\/teiaeducation.ch\/fr\/produit\/jeu-dhistoires-illustrees-en-bois-sina-spielzeug\/\" \/>\n<meta property=\"og:locale\" content=\"fr_FR\" \/>\n<meta property=\"og:type\" content=\"article\" \/>\n<meta property=\"og:title\" content=\"Jeu d&#039;histoires en images en bois - SINA Spielzeug\" \/>\n<meta property=\"og:description\" content=\"Le jeu de SINA Spielzeug est une activit\u00e9 cr\u00e9ative classique de Froebel et un \u00e9l\u00e9ment de jeu pour concevoir des images et des motifs en deux dimensions.\" \/>\n<meta property=\"og:url\" content=\"https:\/\/teiaeducation.ch\/fr\/produit\/jeu-dhistoires-illustrees-en-bois-sina-spielzeug\/\" \/>\n<meta property=\"og:site_name\" content=\"Sustainable Educational Products &amp; Ecological Toys\u00a0\" \/>\n<meta property=\"article:publisher\" content=\"https:\/\/www.facebook.com\/teiaeducation\/\" \/>\n<meta property=\"article:modified_time\" content=\"2021-01-17T14:17:31+00:00\" \/>\n<meta property=\"og:image\" content=\"https:\/\/teiaeducation.ch\/wp-content\/uploads\/2020\/12\/Wooden-picture-stories-game-Froebel-creative-activity-and-playing-item-SINA-Spielzeug-1-scaled.jpg\" \/>\n\t<meta property=\"og:image:width\" content=\"1200\" \/>\n\t<meta property=\"og:image:height\" content=\"760\" \/>\n\t<meta property=\"og:image:type\" content=\"image\/jpeg\" \/>\n<script type=\"application\/ld+json\" class=\"yoast-schema-graph\">{\"@context\":\"https:\\\/\\\/schema.org\",\"@graph\":[{\"@type\":\"WebPage\",\"@id\":\"https:\\\/\\\/teiaeducation.ch\\\/fr\\\/produit\\\/jeu-dhistoires-illustrees-en-bois-sina-spielzeug\\\/\",\"url\":\"https:\\\/\\\/teiaeducation.ch\\\/fr\\\/produit\\\/jeu-dhistoires-illustrees-en-bois-sina-spielzeug\\\/\",\"name\":\"Jeu d'histoires en images en bois - SINA Spielzeug - Teia Education & Play\",\"isPartOf\":{\"@id\":\"https:\\\/\\\/teiaeducation.ch\\\/fr\\\/#website\"},\"primaryImageOfPage\":{\"@id\":\"https:\\\/\\\/teiaeducation.ch\\\/fr\\\/produit\\\/jeu-dhistoires-illustrees-en-bois-sina-spielzeug\\\/#primaryimage\"},\"image\":{\"@id\":\"https:\\\/\\\/teiaeducation.ch\\\/fr\\\/produit\\\/jeu-dhistoires-illustrees-en-bois-sina-spielzeug\\\/#primaryimage\"},\"thumbnailUrl\":\"https:\\\/\\\/teiaeducation.ch\\\/wp-content\\\/uploads\\\/2020\\\/12\\\/Wooden-picture-stories-game-Froebel-creative-activity-and-playing-item-SINA-Spielzeug-1-scaled.jpg\",\"datePublished\":\"2020-12-17T08:31:58+00:00\",\"dateModified\":\"2021-01-17T14:17:31+00:00\",\"description\":\"Le jeu de SINA Spielzeug est une activit\u00e9 cr\u00e9ative classique de Froebel et un \u00e9l\u00e9ment de jeu pour concevoir des images et des motifs en deux dimensions.\",\"breadcrumb\":{\"@id\":\"https:\\\/\\\/teiaeducation.ch\\\/fr\\\/produit\\\/jeu-dhistoires-illustrees-en-bois-sina-spielzeug\\\/#breadcrumb\"},\"inLanguage\":\"fr-FR\",\"potentialAction\":[{\"@type\":\"ReadAction\",\"target\":[\"https:\\\/\\\/teiaeducation.ch\\\/fr\\\/produit\\\/jeu-dhistoires-illustrees-en-bois-sina-spielzeug\\\/\"]}]},{\"@type\":\"ImageObject\",\"inLanguage\":\"fr-FR\",\"@id\":\"https:\\\/\\\/teiaeducation.ch\\\/fr\\\/produit\\\/jeu-dhistoires-illustrees-en-bois-sina-spielzeug\\\/#primaryimage\",\"url\":\"https:\\\/\\\/teiaeducation.ch\\\/wp-content\\\/uploads\\\/2020\\\/12\\\/Wooden-picture-stories-game-Froebel-creative-activity-and-playing-item-SINA-Spielzeug-1-scaled.jpg\",\"contentUrl\":\"https:\\\/\\\/teiaeducation.ch\\\/wp-content\\\/uploads\\\/2020\\\/12\\\/Wooden-picture-stories-game-Froebel-creative-activity-and-playing-item-SINA-Spielzeug-1-scaled.jpg\",\"width\":1200,\"height\":760,\"caption\":\"Jeu d'histoires illustr\u00e9es en bois \\\/ Activit\u00e9 cr\u00e9ative et objet ludique de Froebel - SINA Spielzeug\"},{\"@type\":\"BreadcrumbList\",\"@id\":\"https:\\\/\\\/teiaeducation.ch\\\/fr\\\/produit\\\/jeu-dhistoires-illustrees-en-bois-sina-spielzeug\\\/#breadcrumb\",\"itemListElement\":[{\"@type\":\"ListItem\",\"position\":1,\"name\":\"Home\",\"item\":\"https:\\\/\\\/teiaeducation.ch\\\/fr\\\/\"},{\"@type\":\"ListItem\",\"position\":2,\"name\":\"Boutique Teia Education &amp; Play\",\"item\":\"https:\\\/\\\/teiaeducation.ch\\\/fr\\\/boutique\\\/\"},{\"@type\":\"ListItem\",\"position\":3,\"name\":\"Domaines du Curriculum\",\"item\":\"https:\\\/\\\/teiaeducation.ch\\\/fr\\\/categorie-produit\\\/domaines-du-curriculum\\\/\"},{\"@type\":\"ListItem\",\"position\":4,\"name\":\"Sensorielles &amp; Motrices\",\"item\":\"https:\\\/\\\/teiaeducation.ch\\\/fr\\\/categorie-produit\\\/domaines-du-curriculum\\\/sensorielles-motrices\\\/\"},{\"@type\":\"ListItem\",\"position\":5,\"name\":\"Comp\u00e9tences Motrices\",\"item\":\"https:\\\/\\\/teiaeducation.ch\\\/fr\\\/categorie-produit\\\/domaines-du-curriculum\\\/sensorielles-motrices\\\/competences-motrices\\\/\"},{\"@type\":\"ListItem\",\"position\":6,\"name\":\"Jeu d&#8217;histoires en images en bois &#8211; SINA Spielzeug\"}]},{\"@type\":\"WebSite\",\"@id\":\"https:\\\/\\\/teiaeducation.ch\\\/fr\\\/#website\",\"url\":\"https:\\\/\\\/teiaeducation.ch\\\/fr\\\/\",\"name\":\"Sustainable Educational Products &amp; Ecological Toys\u00a0\",\"description\":\"Specialised Swiss shop selling sustainable educational toys and games, AMI certified Montessori materials, handmade ecological wooden Waldorf toys and arts &amp; crafts supplies, school supplies, children&#039;s furniture and Montessori reference and parenting books.\",\"publisher\":{\"@id\":\"https:\\\/\\\/teiaeducation.ch\\\/fr\\\/#organization\"},\"alternateName\":\"Teia Education & Play\",\"potentialAction\":[{\"@type\":\"SearchAction\",\"target\":{\"@type\":\"EntryPoint\",\"urlTemplate\":\"https:\\\/\\\/teiaeducation.ch\\\/fr\\\/?s={search_term_string}\"},\"query-input\":{\"@type\":\"PropertyValueSpecification\",\"valueRequired\":true,\"valueName\":\"search_term_string\"}}],\"inLanguage\":\"fr-FR\"},{\"@type\":\"Organization\",\"@id\":\"https:\\\/\\\/teiaeducation.ch\\\/fr\\\/#organization\",\"name\":\"Teia Education & Play\",\"url\":\"https:\\\/\\\/teiaeducation.ch\\\/fr\\\/\",\"logo\":{\"@type\":\"ImageObject\",\"inLanguage\":\"fr-FR\",\"@id\":\"https:\\\/\\\/teiaeducation.ch\\\/fr\\\/#\\\/schema\\\/logo\\\/image\\\/\",\"url\":\"https:\\\/\\\/teiaeducation.ch\\\/wp-content\\\/uploads\\\/2020\\\/11\\\/Teia-Education-Switzerland-e1620156442216.jpg\",\"contentUrl\":\"https:\\\/\\\/teiaeducation.ch\\\/wp-content\\\/uploads\\\/2020\\\/11\\\/Teia-Education-Switzerland-e1620156442216.jpg\",\"width\":166,\"height\":145,\"caption\":\"Teia Education & Play\"},\"image\":{\"@id\":\"https:\\\/\\\/teiaeducation.ch\\\/fr\\\/#\\\/schema\\\/logo\\\/image\\\/\"},\"sameAs\":[\"https:\\\/\\\/www.facebook.com\\\/teiaeducation\\\/\",\"https:\\\/\\\/x.com\\\/EducationTeia\",\"https:\\\/\\\/www.instagram.com\\\/teia.education\\\/\",\"https:\\\/\\\/www.linkedin.com\\\/company\\\/35501660\",\"https:\\\/\\\/www.pinterest.ch\\\/TeiaEducation\\\/\"]}]}<\/script>\n<meta property=\"product:price:amount\" content=\"53.15\" \/>\n<meta property=\"product:price:currency\" content=\"CHF\" \/>\n<meta property=\"og:availability\" content=\"out of stock\" \/>\n<meta property=\"product:availability\" content=\"out of stock\" \/>\n<meta property=\"product:retailer_item_id\" content=\"00000000000000000000000000000000000000000000033053\" \/>\n<meta property=\"product:condition\" content=\"new\" \/>\n<!-- \/ Yoast SEO Premium plugin. -->","yoast_head_json":{"title":"Jeu d'histoires en images en bois - SINA Spielzeug - Teia Education & Play","description":"Le jeu de SINA Spielzeug est une activit\u00e9 cr\u00e9ative classique de Froebel et un \u00e9l\u00e9ment de jeu pour concevoir des images et des motifs en deux dimensions.","robots":{"index":"index","follow":"follow","max-snippet":"max-snippet:-1","max-image-preview":"max-image-preview:large","max-video-preview":"max-video-preview:-1"},"canonical":"https:\/\/teiaeducation.ch\/fr\/produit\/jeu-dhistoires-illustrees-en-bois-sina-spielzeug\/","og_locale":"fr_FR","og_type":"article","og_title":"Jeu d'histoires en images en bois - SINA Spielzeug","og_description":"Le jeu de SINA Spielzeug est une activit\u00e9 cr\u00e9ative classique de Froebel et un \u00e9l\u00e9ment de jeu pour concevoir des images et des motifs en deux dimensions.","og_url":"https:\/\/teiaeducation.ch\/fr\/produit\/jeu-dhistoires-illustrees-en-bois-sina-spielzeug\/","og_site_name":"Sustainable Educational Products &amp; Ecological Toys\u00a0","article_publisher":"https:\/\/www.facebook.com\/teiaeducation\/","article_modified_time":"2021-01-17T14:17:31+00:00","og_image":[{"width":1200,"height":760,"url":"https:\/\/teiaeducation.ch\/wp-content\/uploads\/2020\/12\/Wooden-picture-stories-game-Froebel-creative-activity-and-playing-item-SINA-Spielzeug-1-scaled.jpg","type":"image\/jpeg"}],"schema":{"@context":"https:\/\/schema.org","@graph":[{"@type":"WebPage","@id":"https:\/\/teiaeducation.ch\/fr\/produit\/jeu-dhistoires-illustrees-en-bois-sina-spielzeug\/","url":"https:\/\/teiaeducation.ch\/fr\/produit\/jeu-dhistoires-illustrees-en-bois-sina-spielzeug\/","name":"Jeu d'histoires en images en bois - SINA Spielzeug - Teia Education & Play","isPartOf":{"@id":"https:\/\/teiaeducation.ch\/fr\/#website"},"primaryImageOfPage":{"@id":"https:\/\/teiaeducation.ch\/fr\/produit\/jeu-dhistoires-illustrees-en-bois-sina-spielzeug\/#primaryimage"},"image":{"@id":"https:\/\/teiaeducation.ch\/fr\/produit\/jeu-dhistoires-illustrees-en-bois-sina-spielzeug\/#primaryimage"},"thumbnailUrl":"https:\/\/teiaeducation.ch\/wp-content\/uploads\/2020\/12\/Wooden-picture-stories-game-Froebel-creative-activity-and-playing-item-SINA-Spielzeug-1-scaled.jpg","datePublished":"2020-12-17T08:31:58+00:00","dateModified":"2021-01-17T14:17:31+00:00","description":"Le jeu de SINA Spielzeug est une activit\u00e9 cr\u00e9ative classique de Froebel et un \u00e9l\u00e9ment de jeu pour concevoir des images et des motifs en deux dimensions.","breadcrumb":{"@id":"https:\/\/teiaeducation.ch\/fr\/produit\/jeu-dhistoires-illustrees-en-bois-sina-spielzeug\/#breadcrumb"},"inLanguage":"fr-FR","potentialAction":[{"@type":"ReadAction","target":["https:\/\/teiaeducation.ch\/fr\/produit\/jeu-dhistoires-illustrees-en-bois-sina-spielzeug\/"]}]},{"@type":"ImageObject","inLanguage":"fr-FR","@id":"https:\/\/teiaeducation.ch\/fr\/produit\/jeu-dhistoires-illustrees-en-bois-sina-spielzeug\/#primaryimage","url":"https:\/\/teiaeducation.ch\/wp-content\/uploads\/2020\/12\/Wooden-picture-stories-game-Froebel-creative-activity-and-playing-item-SINA-Spielzeug-1-scaled.jpg","contentUrl":"https:\/\/teiaeducation.ch\/wp-content\/uploads\/2020\/12\/Wooden-picture-stories-game-Froebel-creative-activity-and-playing-item-SINA-Spielzeug-1-scaled.jpg","width":1200,"height":760,"caption":"Jeu d'histoires illustr\u00e9es en bois \/ Activit\u00e9 cr\u00e9ative et objet ludique de Froebel - SINA Spielzeug"},{"@type":"BreadcrumbList","@id":"https:\/\/teiaeducation.ch\/fr\/produit\/jeu-dhistoires-illustrees-en-bois-sina-spielzeug\/#breadcrumb","itemListElement":[{"@type":"ListItem","position":1,"name":"Home","item":"https:\/\/teiaeducation.ch\/fr\/"},{"@type":"ListItem","position":2,"name":"Boutique Teia Education &amp; Play","item":"https:\/\/teiaeducation.ch\/fr\/boutique\/"},{"@type":"ListItem","position":3,"name":"Domaines du Curriculum","item":"https:\/\/teiaeducation.ch\/fr\/categorie-produit\/domaines-du-curriculum\/"},{"@type":"ListItem","position":4,"name":"Sensorielles &amp; Motrices","item":"https:\/\/teiaeducation.ch\/fr\/categorie-produit\/domaines-du-curriculum\/sensorielles-motrices\/"},{"@type":"ListItem","position":5,"name":"Comp\u00e9tences Motrices","item":"https:\/\/teiaeducation.ch\/fr\/categorie-produit\/domaines-du-curriculum\/sensorielles-motrices\/competences-motrices\/"},{"@type":"ListItem","position":6,"name":"Jeu d&#8217;histoires en images en bois &#8211; SINA Spielzeug"}]},{"@type":"WebSite","@id":"https:\/\/teiaeducation.ch\/fr\/#website","url":"https:\/\/teiaeducation.ch\/fr\/","name":"Sustainable Educational Products &amp; Ecological Toys\u00a0","description":"Specialised Swiss shop selling sustainable educational toys and games, AMI certified Montessori materials, handmade ecological wooden Waldorf toys and arts &amp; crafts supplies, school supplies, children&#039;s furniture and Montessori reference and parenting books.","publisher":{"@id":"https:\/\/teiaeducation.ch\/fr\/#organization"},"alternateName":"Teia Education & Play","potentialAction":[{"@type":"SearchAction","target":{"@type":"EntryPoint","urlTemplate":"https:\/\/teiaeducation.ch\/fr\/?s={search_term_string}"},"query-input":{"@type":"PropertyValueSpecification","valueRequired":true,"valueName":"search_term_string"}}],"inLanguage":"fr-FR"},{"@type":"Organization","@id":"https:\/\/teiaeducation.ch\/fr\/#organization","name":"Teia Education & Play","url":"https:\/\/teiaeducation.ch\/fr\/","logo":{"@type":"ImageObject","inLanguage":"fr-FR","@id":"https:\/\/teiaeducation.ch\/fr\/#\/schema\/logo\/image\/","url":"https:\/\/teiaeducation.ch\/wp-content\/uploads\/2020\/11\/Teia-Education-Switzerland-e1620156442216.jpg","contentUrl":"https:\/\/teiaeducation.ch\/wp-content\/uploads\/2020\/11\/Teia-Education-Switzerland-e1620156442216.jpg","width":166,"height":145,"caption":"Teia Education & Play"},"image":{"@id":"https:\/\/teiaeducation.ch\/fr\/#\/schema\/logo\/image\/"},"sameAs":["https:\/\/www.facebook.com\/teiaeducation\/","https:\/\/x.com\/EducationTeia","https:\/\/www.instagram.com\/teia.education\/","https:\/\/www.linkedin.com\/company\/35501660","https:\/\/www.pinterest.ch\/TeiaEducation\/"]}]},"product_price_amount":"53.15","product_price_currency":"CHF","og_availability":"out of stock","product_availability":"out of stock","product_retailer_item_id":"00000000000000000000000000000000000000000000033053","product_condition":"new"},"_links":{"self":[{"href":"https:\/\/teiaeducation.ch\/fr\/wp-json\/wp\/v2\/product\/33677","targetHints":{"allow":["GET"]}}],"collection":[{"href":"https:\/\/teiaeducation.ch\/fr\/wp-json\/wp\/v2\/product"}],"about":[{"href":"https:\/\/teiaeducation.ch\/fr\/wp-json\/wp\/v2\/types\/product"}],"replies":[{"embeddable":true,"href":"https:\/\/teiaeducation.ch\/fr\/wp-json\/wp\/v2\/comments?post=33677"}],"wp:featuredmedia":[{"embeddable":true,"href":"https:\/\/teiaeducation.ch\/fr\/wp-json\/wp\/v2\/media\/33175"}],"wp:attachment":[{"href":"https:\/\/teiaeducation.ch\/fr\/wp-json\/wp\/v2\/media?parent=33677"}],"wp:term":[{"taxonomy":"product_brand","embeddable":true,"href":"https:\/\/teiaeducation.ch\/fr\/wp-json\/wp\/v2\/product_brand?post=33677"},{"taxonomy":"product_cat","embeddable":true,"href":"https:\/\/teiaeducation.ch\/fr\/wp-json\/wp\/v2\/product_cat?post=33677"},{"taxonomy":"product_tag","embeddable":true,"href":"https:\/\/teiaeducation.ch\/fr\/wp-json\/wp\/v2\/product_tag?post=33677"}],"curies":[{"name":"wp","href":"https:\/\/api.w.org\/{rel}","templated":true}]}}