{"id":33678,"date":"2020-12-17T09:24:27","date_gmt":"2020-12-17T08:24:27","guid":{"rendered":"https:\/\/teiaeducation.ch\/product\/jeu-dentrelacement-en-bois-sina-spielzeug\/"},"modified":"2021-01-17T15:23:46","modified_gmt":"2021-01-17T14:23:46","slug":"jeu-dentrelacement-en-bois-sina-spielzeug","status":"publish","type":"product","link":"https:\/\/teiaeducation.ch\/fr\/produit\/jeu-dentrelacement-en-bois-sina-spielzeug\/","title":{"rendered":"Jeu d&#8217;entrelacement en bois &#8211; SINA Spielzeug"},"content":{"rendered":"<p>Jeu d&#8217;entrelacement en bois \/ Jeu Froebel &#8211; SINA Spielzeug<\/p>\n<p>Le jeu d&#8217;entrelacement en bois de SINA Spielzeug est une activit\u00e9 de conception cr\u00e9ative classique dans la p\u00e9dagogie de Froebel et class\u00e9 comme un <a href=\"https:\/\/teiaeducation.ch\/product-category\/brands\/sina-spielzeug\/playing-items\/\">objet de jeu <\/a> classique.<\/p>\n<p>Friedrich Froebel a d\u00e9crit l&#8217;ancien m\u00e9tier d&#8217;entrelacement ou de tissage comme un &#8220;jeu de lignes&#8221; offrant de nombreuses possibilit\u00e9s d&#8217;apprentissage et de cr\u00e9ativit\u00e9. Cet ensemble comprend 120 fines bandes de bois des diff\u00e9rentes couleurs de l&#8217;arc-en-ciel pour cr\u00e9er de nombreux et magnifiques dessins en deux dimensions en utilisant la technique de tissage &#8220;par-dessus et par-dessous&#8221;.<\/p>\n<p>Quatre cartes de couleur sont incluses comme arri\u00e8re-plan pour s&#8217;harmoniser avec vos options infinies de motifs color\u00e9s et les mettre en valeur. Une belle activit\u00e9 pour toute la famille !<\/p>\n<p>En plus d&#8217;inspirer la cr\u00e9ativit\u00e9 et l&#8217;imagination en satisfaisant la conception des motifs et l&#8217;esth\u00e9tique, le jeu d&#8217;entrelacement en bois am\u00e9liore la motricit\u00e9 fine, la dext\u00e9rit\u00e9, la pers\u00e9v\u00e9rance et la concentration.<\/p>\n<p>Le jeu d&#8217;entrelacement en bois est fabriqu\u00e9 durablement en Allemagne. Les b\u00e2tons de bois color\u00e9s et brillants mesurent 25 cm de long et 1 cm de large et sont recouverts d&#8217;une peinture \u00e0 base d&#8217;eau, non toxique et s\u00fbre.<\/p>\n<p>Tous les jouets de SINA Spielzeug sont con\u00e7us et fabriqu\u00e9s \u00e0 la main dans l&#8217;atelier de la soci\u00e9t\u00e9 \u00e0 Neuhausen\/Erzgebirge, en Allemagne. D\u00e9velopp\u00e9 et fabriqu\u00e9 avec le plus grand soin, chaque produit SINA porte la marque CE et respecte toutes les exigences l\u00e9gales de la directive europ\u00e9enne sur la s\u00e9curit\u00e9 des jouets 2009\/48\/EC et EN 71 pour la s\u00e9curit\u00e9 des jouets. Plusieurs jouets SINA ont re\u00e7u le sceau Spielgut\u00ae.<\/p>\n<p>Des normes de s\u00e9curit\u00e9 \u00e9lev\u00e9es et d\u2019\u00e9thique sont exig\u00e9es des fournisseurs de mati\u00e8res premi\u00e8res ainsi qu\u2019une garantie que tous les mat\u00e9riaux et les pi\u00e8ces constitutives sont sans danger pour les enfants et sans toxines. Entreprise familiale dans l\u2019\u00e2me, la gamme SINA comprend des jouets didactiques en bois, des articles de jeu en bois \u00e0 usage th\u00e9rapeutique et des objets de jeu, y compris les cadeaux ou gaben de la p\u00e9dagogie Froebel (Fr\u00f6bel).<\/p>\n<p>SINA Spielzeug est membre du Deutscher Verband der Spielwarenindustrie, du Fachgruppe Holzspielzeug et du Pestalozzi-Fr\u00f6bel-Verband.<\/p>\n<p>Le jeu d&#8217;entrelacement en bois SINA Spielzeug convient aux enfants \u00e0 partir de 5 ans.<\/p>\n<p>Attention: petites pi\u00e8ces, ne convient pas aux enfants de moins de 3 ans.<\/p>\n<p>Contenu:<\/p>\n<p>120 pi\u00e8ces de bois color\u00e9es<br \/>\n4 cartes de couleur<\/p>\n","protected":false},"excerpt":{"rendered":"<p>Num\u00e9ro d&#8217;article : 25200<\/p>\n<p>Le jeu d&#8217;entrelacement en bois de SINA Spielzeug est une activit\u00e9 de conception cr\u00e9ative classique dans la p\u00e9dagogie de Froebel et class\u00e9 comme un objet de jeu classique.<\/p>\n","protected":false},"featured_media":33166,"comment_status":"open","ping_status":"closed","template":"","meta":[],"product_brand":[],"product_cat":[215,8580,216,635,13122,283,8526,7596,16897,17240,21257,13130,23020,22181,1220,13140,13142,13127,7595,1218,217,5851,13123,209,7589,212],"product_tag":[18481,18480,18485,18478,18482,18479,18486,18483,18476,18484,18477],"class_list":{"0":"post-33678","1":"product","2":"type-product","3":"status-publish","4":"has-post-thumbnail","6":"product_cat-3-6-ans","7":"product_cat-6-12-ans-ecole-a-domicile","8":"product_cat-6-12-ans","9":"product_cat-competences-motrices","10":"product_cat-construire-enfiler","11":"product_cat-domaines-du-curriculum","12":"product_cat-fournitures-scolaires-a-domicile","13":"product_cat-froebel-fr","14":"product_cat-guide-cadeau-6-12-ans","15":"product_cat-guide-cadeaux-creatif","16":"product_cat-guides-cadeaux","17":"product_cat-jouer","18":"product_cat-jouets-en-bois","19":"product_cat-jouets-montessori","20":"product_cat-traditionnelle","21":"product_cat-jeu-libre","22":"product_cat-jeu-sensoriel","23":"product_cat-creativite-beaux-arts-et-bricolage","24":"product_cat-methode-deducation","25":"product_cat-montessori-fr","26":"product_cat-marques","27":"product_cat-nouveautes","28":"product_cat-objets-de-jeu","29":"product_cat-sensorielles-motrices","30":"product_cat-sina-spielzeug-fr","31":"product_cat-tranche-dage","32":"product_tag-activite-de-froebel","33":"product_tag-activite-de-tissage-en-bois","34":"product_tag-bandes-en-bois-pour-le-tissage","35":"product_tag-jeu-dentrelacement","36":"product_tag-jeu-de-froebel-avec-lignes","37":"product_tag-jeu-de-tissage-en-bois","38":"product_tag-jeux-de-conception-creative","39":"product_tag-jouets-froebel-suisse","40":"product_tag-les-jouets-educatifs-froebel","41":"product_tag-sina-spielzeug-suisse-fr","42":"product_tag-sina-spielzeug-jeu-dentrelacement-en-bois","44":"first","45":"instock","46":"taxable","47":"shipping-taxable","48":"purchasable","49":"product-type-simple"},"yoast_head":"<!-- This site is optimized with the Yoast SEO plugin v27.1.1 - https:\/\/yoast.com\/product\/yoast-seo-wordpress\/ -->\n<title>Jeu d&#039;entrelacement en bois - SINA Spielzeug - Teia Education &amp; Play<\/title>\n<meta name=\"description\" content=\"Le jeu d&#039;entrelacs en bois de SINA Spielzeug est une activit\u00e9 cr\u00e9ative classique de Froebel et un objet de jeu pour tisser des attelles en bois dans des dessins en deux dimensions.\" \/>\n<meta name=\"robots\" content=\"index, follow, max-snippet:-1, max-image-preview:large, max-video-preview:-1\" \/>\n<link rel=\"canonical\" href=\"https:\/\/teiaeducation.ch\/fr\/produit\/jeu-dentrelacement-en-bois-sina-spielzeug\/\" \/>\n<meta property=\"og:locale\" content=\"fr_FR\" \/>\n<meta property=\"og:type\" content=\"article\" \/>\n<meta property=\"og:title\" content=\"Jeu d&#039;entrelacement en bois - SINA Spielzeug - Teia Education &amp; Play\" \/>\n<meta property=\"og:description\" content=\"Le jeu d&#039;entrelacs en bois de SINA Spielzeug est une activit\u00e9 cr\u00e9ative classique de Froebel et un objet de jeu pour tisser des attelles en bois dans des dessins en deux dimensions.\" \/>\n<meta property=\"og:url\" content=\"https:\/\/teiaeducation.ch\/fr\/produit\/jeu-dentrelacement-en-bois-sina-spielzeug\/\" \/>\n<meta property=\"og:site_name\" content=\"Sustainable Educational Products &amp; Ecological Toys\u00a0\" \/>\n<meta property=\"article:publisher\" content=\"https:\/\/www.facebook.com\/teiaeducation\/\" \/>\n<meta property=\"article:modified_time\" content=\"2021-01-17T14:23:46+00:00\" \/>\n<meta property=\"og:image\" content=\"https:\/\/teiaeducation.ch\/wp-content\/uploads\/2020\/12\/Wooden-interlacing-game-Froebel-playing-item-SINA-Spielzeug-scaled.jpg\" \/>\n\t<meta property=\"og:image:width\" content=\"900\" \/>\n\t<meta property=\"og:image:height\" content=\"900\" \/>\n\t<meta property=\"og:image:type\" content=\"image\/jpeg\" \/>\n<script type=\"application\/ld+json\" class=\"yoast-schema-graph\">{\"@context\":\"https:\/\/schema.org\",\"@graph\":[{\"@type\":\"WebPage\",\"@id\":\"https:\/\/teiaeducation.ch\/fr\/produit\/jeu-dentrelacement-en-bois-sina-spielzeug\/\",\"url\":\"https:\/\/teiaeducation.ch\/fr\/produit\/jeu-dentrelacement-en-bois-sina-spielzeug\/\",\"name\":\"Jeu d'entrelacement en bois - SINA Spielzeug - Teia Education & Play\",\"isPartOf\":{\"@id\":\"https:\/\/teiaeducation.ch\/fr\/#website\"},\"primaryImageOfPage\":{\"@id\":\"https:\/\/teiaeducation.ch\/fr\/produit\/jeu-dentrelacement-en-bois-sina-spielzeug\/#primaryimage\"},\"image\":{\"@id\":\"https:\/\/teiaeducation.ch\/fr\/produit\/jeu-dentrelacement-en-bois-sina-spielzeug\/#primaryimage\"},\"thumbnailUrl\":\"https:\/\/teiaeducation.ch\/wp-content\/uploads\/2020\/12\/Wooden-interlacing-game-Froebel-playing-item-SINA-Spielzeug-scaled.jpg\",\"datePublished\":\"2020-12-17T08:24:27+00:00\",\"dateModified\":\"2021-01-17T14:23:46+00:00\",\"description\":\"Le jeu d'entrelacs en bois de SINA Spielzeug est une activit\u00e9 cr\u00e9ative classique de Froebel et un objet de jeu pour tisser des attelles en bois dans des dessins en deux dimensions.\",\"breadcrumb\":{\"@id\":\"https:\/\/teiaeducation.ch\/fr\/produit\/jeu-dentrelacement-en-bois-sina-spielzeug\/#breadcrumb\"},\"inLanguage\":\"fr-FR\",\"potentialAction\":[{\"@type\":\"ReadAction\",\"target\":[\"https:\/\/teiaeducation.ch\/fr\/produit\/jeu-dentrelacement-en-bois-sina-spielzeug\/\"]}]},{\"@type\":\"ImageObject\",\"inLanguage\":\"fr-FR\",\"@id\":\"https:\/\/teiaeducation.ch\/fr\/produit\/jeu-dentrelacement-en-bois-sina-spielzeug\/#primaryimage\",\"url\":\"https:\/\/teiaeducation.ch\/wp-content\/uploads\/2020\/12\/Wooden-interlacing-game-Froebel-playing-item-SINA-Spielzeug-scaled.jpg\",\"contentUrl\":\"https:\/\/teiaeducation.ch\/wp-content\/uploads\/2020\/12\/Wooden-interlacing-game-Froebel-playing-item-SINA-Spielzeug-scaled.jpg\",\"width\":900,\"height\":900,\"caption\":\"Jeu d'entrelacement en bois \/ Jeu Froebel - SINA Spielzeug\"},{\"@type\":\"BreadcrumbList\",\"@id\":\"https:\/\/teiaeducation.ch\/fr\/produit\/jeu-dentrelacement-en-bois-sina-spielzeug\/#breadcrumb\",\"itemListElement\":[{\"@type\":\"ListItem\",\"position\":1,\"name\":\"Home\",\"item\":\"https:\/\/teiaeducation.ch\/fr\/\"},{\"@type\":\"ListItem\",\"position\":2,\"name\":\"Boutique Teia Education &amp; Play\",\"item\":\"https:\/\/teiaeducation.ch\/fr\/boutique\/\"},{\"@type\":\"ListItem\",\"position\":3,\"name\":\"Domaines du Curriculum\",\"item\":\"https:\/\/teiaeducation.ch\/fr\/categorie-produit\/domaines-du-curriculum\/\"},{\"@type\":\"ListItem\",\"position\":4,\"name\":\"Sensorielles &amp; Motrices\",\"item\":\"https:\/\/teiaeducation.ch\/fr\/categorie-produit\/domaines-du-curriculum\/sensorielles-motrices\/\"},{\"@type\":\"ListItem\",\"position\":5,\"name\":\"Comp\u00e9tences Motrices\",\"item\":\"https:\/\/teiaeducation.ch\/fr\/categorie-produit\/domaines-du-curriculum\/sensorielles-motrices\/competences-motrices\/\"},{\"@type\":\"ListItem\",\"position\":6,\"name\":\"Jeu d&#8217;entrelacement en bois &#8211; SINA Spielzeug\"}]},{\"@type\":\"WebSite\",\"@id\":\"https:\/\/teiaeducation.ch\/fr\/#website\",\"url\":\"https:\/\/teiaeducation.ch\/fr\/\",\"name\":\"Sustainable Educational Products &amp; Ecological Toys\u00a0\",\"description\":\"Specialised Swiss shop selling sustainable educational toys and games, AMI certified Montessori materials, handmade ecological wooden Waldorf toys and arts &amp; crafts supplies, school supplies, children&#039;s furniture and Montessori reference and parenting books.\",\"publisher\":{\"@id\":\"https:\/\/teiaeducation.ch\/fr\/#organization\"},\"alternateName\":\"Teia Education & Play\",\"potentialAction\":[{\"@type\":\"SearchAction\",\"target\":{\"@type\":\"EntryPoint\",\"urlTemplate\":\"https:\/\/teiaeducation.ch\/fr\/?s={search_term_string}\"},\"query-input\":{\"@type\":\"PropertyValueSpecification\",\"valueRequired\":true,\"valueName\":\"search_term_string\"}}],\"inLanguage\":\"fr-FR\"},{\"@type\":\"Organization\",\"@id\":\"https:\/\/teiaeducation.ch\/fr\/#organization\",\"name\":\"Teia Education & Play\",\"url\":\"https:\/\/teiaeducation.ch\/fr\/\",\"logo\":{\"@type\":\"ImageObject\",\"inLanguage\":\"fr-FR\",\"@id\":\"https:\/\/teiaeducation.ch\/fr\/#\/schema\/logo\/image\/\",\"url\":\"https:\/\/teiaeducation.ch\/wp-content\/uploads\/2020\/11\/Teia-Education-Switzerland-e1620156442216.jpg\",\"contentUrl\":\"https:\/\/teiaeducation.ch\/wp-content\/uploads\/2020\/11\/Teia-Education-Switzerland-e1620156442216.jpg\",\"width\":166,\"height\":145,\"caption\":\"Teia Education & Play\"},\"image\":{\"@id\":\"https:\/\/teiaeducation.ch\/fr\/#\/schema\/logo\/image\/\"},\"sameAs\":[\"https:\/\/www.facebook.com\/teiaeducation\/\",\"https:\/\/x.com\/EducationTeia\",\"https:\/\/www.instagram.com\/teia.education\/\",\"https:\/\/www.linkedin.com\/company\/35501660\",\"https:\/\/www.pinterest.ch\/TeiaEducation\/\"]}]}<\/script>\n<!-- \/ Yoast SEO plugin. -->","yoast_head_json":{"title":"Jeu d'entrelacement en bois - SINA Spielzeug - Teia Education & Play","description":"Le jeu d'entrelacs en bois de SINA Spielzeug est une activit\u00e9 cr\u00e9ative classique de Froebel et un objet de jeu pour tisser des attelles en bois dans des dessins en deux dimensions.","robots":{"index":"index","follow":"follow","max-snippet":"max-snippet:-1","max-image-preview":"max-image-preview:large","max-video-preview":"max-video-preview:-1"},"canonical":"https:\/\/teiaeducation.ch\/fr\/produit\/jeu-dentrelacement-en-bois-sina-spielzeug\/","og_locale":"fr_FR","og_type":"article","og_title":"Jeu d'entrelacement en bois - SINA Spielzeug - Teia Education & Play","og_description":"Le jeu d'entrelacs en bois de SINA Spielzeug est une activit\u00e9 cr\u00e9ative classique de Froebel et un objet de jeu pour tisser des attelles en bois dans des dessins en deux dimensions.","og_url":"https:\/\/teiaeducation.ch\/fr\/produit\/jeu-dentrelacement-en-bois-sina-spielzeug\/","og_site_name":"Sustainable Educational Products &amp; Ecological Toys\u00a0","article_publisher":"https:\/\/www.facebook.com\/teiaeducation\/","article_modified_time":"2021-01-17T14:23:46+00:00","og_image":[{"width":900,"height":900,"url":"https:\/\/teiaeducation.ch\/wp-content\/uploads\/2020\/12\/Wooden-interlacing-game-Froebel-playing-item-SINA-Spielzeug-scaled.jpg","type":"image\/jpeg"}],"schema":{"@context":"https:\/\/schema.org","@graph":[{"@type":"WebPage","@id":"https:\/\/teiaeducation.ch\/fr\/produit\/jeu-dentrelacement-en-bois-sina-spielzeug\/","url":"https:\/\/teiaeducation.ch\/fr\/produit\/jeu-dentrelacement-en-bois-sina-spielzeug\/","name":"Jeu d'entrelacement en bois - SINA Spielzeug - Teia Education & Play","isPartOf":{"@id":"https:\/\/teiaeducation.ch\/fr\/#website"},"primaryImageOfPage":{"@id":"https:\/\/teiaeducation.ch\/fr\/produit\/jeu-dentrelacement-en-bois-sina-spielzeug\/#primaryimage"},"image":{"@id":"https:\/\/teiaeducation.ch\/fr\/produit\/jeu-dentrelacement-en-bois-sina-spielzeug\/#primaryimage"},"thumbnailUrl":"https:\/\/teiaeducation.ch\/wp-content\/uploads\/2020\/12\/Wooden-interlacing-game-Froebel-playing-item-SINA-Spielzeug-scaled.jpg","datePublished":"2020-12-17T08:24:27+00:00","dateModified":"2021-01-17T14:23:46+00:00","description":"Le jeu d'entrelacs en bois de SINA Spielzeug est une activit\u00e9 cr\u00e9ative classique de Froebel et un objet de jeu pour tisser des attelles en bois dans des dessins en deux dimensions.","breadcrumb":{"@id":"https:\/\/teiaeducation.ch\/fr\/produit\/jeu-dentrelacement-en-bois-sina-spielzeug\/#breadcrumb"},"inLanguage":"fr-FR","potentialAction":[{"@type":"ReadAction","target":["https:\/\/teiaeducation.ch\/fr\/produit\/jeu-dentrelacement-en-bois-sina-spielzeug\/"]}]},{"@type":"ImageObject","inLanguage":"fr-FR","@id":"https:\/\/teiaeducation.ch\/fr\/produit\/jeu-dentrelacement-en-bois-sina-spielzeug\/#primaryimage","url":"https:\/\/teiaeducation.ch\/wp-content\/uploads\/2020\/12\/Wooden-interlacing-game-Froebel-playing-item-SINA-Spielzeug-scaled.jpg","contentUrl":"https:\/\/teiaeducation.ch\/wp-content\/uploads\/2020\/12\/Wooden-interlacing-game-Froebel-playing-item-SINA-Spielzeug-scaled.jpg","width":900,"height":900,"caption":"Jeu d'entrelacement en bois \/ Jeu Froebel - SINA Spielzeug"},{"@type":"BreadcrumbList","@id":"https:\/\/teiaeducation.ch\/fr\/produit\/jeu-dentrelacement-en-bois-sina-spielzeug\/#breadcrumb","itemListElement":[{"@type":"ListItem","position":1,"name":"Home","item":"https:\/\/teiaeducation.ch\/fr\/"},{"@type":"ListItem","position":2,"name":"Boutique Teia Education &amp; Play","item":"https:\/\/teiaeducation.ch\/fr\/boutique\/"},{"@type":"ListItem","position":3,"name":"Domaines du Curriculum","item":"https:\/\/teiaeducation.ch\/fr\/categorie-produit\/domaines-du-curriculum\/"},{"@type":"ListItem","position":4,"name":"Sensorielles &amp; Motrices","item":"https:\/\/teiaeducation.ch\/fr\/categorie-produit\/domaines-du-curriculum\/sensorielles-motrices\/"},{"@type":"ListItem","position":5,"name":"Comp\u00e9tences Motrices","item":"https:\/\/teiaeducation.ch\/fr\/categorie-produit\/domaines-du-curriculum\/sensorielles-motrices\/competences-motrices\/"},{"@type":"ListItem","position":6,"name":"Jeu d&#8217;entrelacement en bois &#8211; SINA Spielzeug"}]},{"@type":"WebSite","@id":"https:\/\/teiaeducation.ch\/fr\/#website","url":"https:\/\/teiaeducation.ch\/fr\/","name":"Sustainable Educational Products &amp; Ecological Toys\u00a0","description":"Specialised Swiss shop selling sustainable educational toys and games, AMI certified Montessori materials, handmade ecological wooden Waldorf toys and arts &amp; crafts supplies, school supplies, children&#039;s furniture and Montessori reference and parenting books.","publisher":{"@id":"https:\/\/teiaeducation.ch\/fr\/#organization"},"alternateName":"Teia Education & Play","potentialAction":[{"@type":"SearchAction","target":{"@type":"EntryPoint","urlTemplate":"https:\/\/teiaeducation.ch\/fr\/?s={search_term_string}"},"query-input":{"@type":"PropertyValueSpecification","valueRequired":true,"valueName":"search_term_string"}}],"inLanguage":"fr-FR"},{"@type":"Organization","@id":"https:\/\/teiaeducation.ch\/fr\/#organization","name":"Teia Education & Play","url":"https:\/\/teiaeducation.ch\/fr\/","logo":{"@type":"ImageObject","inLanguage":"fr-FR","@id":"https:\/\/teiaeducation.ch\/fr\/#\/schema\/logo\/image\/","url":"https:\/\/teiaeducation.ch\/wp-content\/uploads\/2020\/11\/Teia-Education-Switzerland-e1620156442216.jpg","contentUrl":"https:\/\/teiaeducation.ch\/wp-content\/uploads\/2020\/11\/Teia-Education-Switzerland-e1620156442216.jpg","width":166,"height":145,"caption":"Teia Education & Play"},"image":{"@id":"https:\/\/teiaeducation.ch\/fr\/#\/schema\/logo\/image\/"},"sameAs":["https:\/\/www.facebook.com\/teiaeducation\/","https:\/\/x.com\/EducationTeia","https:\/\/www.instagram.com\/teia.education\/","https:\/\/www.linkedin.com\/company\/35501660","https:\/\/www.pinterest.ch\/TeiaEducation\/"]}]}},"_links":{"self":[{"href":"https:\/\/teiaeducation.ch\/fr\/wp-json\/wp\/v2\/product\/33678","targetHints":{"allow":["GET"]}}],"collection":[{"href":"https:\/\/teiaeducation.ch\/fr\/wp-json\/wp\/v2\/product"}],"about":[{"href":"https:\/\/teiaeducation.ch\/fr\/wp-json\/wp\/v2\/types\/product"}],"replies":[{"embeddable":true,"href":"https:\/\/teiaeducation.ch\/fr\/wp-json\/wp\/v2\/comments?post=33678"}],"wp:featuredmedia":[{"embeddable":true,"href":"https:\/\/teiaeducation.ch\/fr\/wp-json\/wp\/v2\/media\/33166"}],"wp:attachment":[{"href":"https:\/\/teiaeducation.ch\/fr\/wp-json\/wp\/v2\/media?parent=33678"}],"wp:term":[{"taxonomy":"product_brand","embeddable":true,"href":"https:\/\/teiaeducation.ch\/fr\/wp-json\/wp\/v2\/product_brand?post=33678"},{"taxonomy":"product_cat","embeddable":true,"href":"https:\/\/teiaeducation.ch\/fr\/wp-json\/wp\/v2\/product_cat?post=33678"},{"taxonomy":"product_tag","embeddable":true,"href":"https:\/\/teiaeducation.ch\/fr\/wp-json\/wp\/v2\/product_tag?post=33678"}],"curies":[{"name":"wp","href":"https:\/\/api.w.org\/{rel}","templated":true}]}}