{"id":33727,"date":"2020-12-17T08:46:40","date_gmt":"2020-12-17T07:46:40","guid":{"rendered":"https:\/\/teiaeducation.ch\/product\/le-monde-des-petits-blocs-sina-spielzeug\/"},"modified":"2021-01-23T12:30:45","modified_gmt":"2021-01-23T11:30:45","slug":"monde-des-petits-blocs-de-construction-sina-spielzeug","status":"publish","type":"product","link":"https:\/\/teiaeducation.ch\/fr\/produit\/monde-des-petits-blocs-de-construction-sina-spielzeug\/","title":{"rendered":"Le monde des petits blocs &#8211; SINA Spielzeug"},"content":{"rendered":"<p>Le monde des petits blocs de construction \/ Blocs de construction en bois durables faits \u00e0 la main Froebel &#8211; SINA Spielzeug<\/p>\n<p>Le petit monde de SINA Spielzeug a \u00e9t\u00e9 soigneusement con\u00e7u pour adh\u00e9rer au mod\u00e8le math\u00e9matique de la th\u00e9orie \u00e9ducative de Froebel et pour promouvoir \u00e9galement la libre pens\u00e9e et la conception artistique.<\/p>\n<p>C&#8217;est un ensemble moderne et color\u00e9 <a href=\"https:\/\/teiaeducation.ch\/product-category\/play\/wooden-building-blocks\/\">de blocs de construction<\/a> comme aucun autre. L&#8217;ensemble de 76 pi\u00e8ces se compose de formes de base traditionnelles de Froebel en bois massif durable, faites \u00e0 la main, des sph\u00e8res, cylindres, cubes et solides partiels, ainsi que des disques, c\u00f4nes, parties de c\u00f4nes, h\u00e9misph\u00e8res, parabalo\u00efdes et parabalo\u00efdes partiels.<\/p>\n<p>Jouer avec cet ensemble permet aux enfants de comprendre la relation math\u00e9matique entre ces formes solides pour un apprentissage amusant et pratique. En plus du jeu libre, un mod\u00e8le de grille photocopiable est inclus pour que les enfants puissent planifier et construire leurs dessins.<\/p>\n<p>Con\u00e7u par Daniel Fischer, le monde des petits blocs de construction de SINA Spielzeug est fabriqu\u00e9 de mani\u00e8re durable en Allemagne \u00e0 partir de bois de h\u00eatre. L&#8217;ensemble comprend un joli m\u00e9lange de blocs \u00e0 finition naturelle et de blocs color\u00e9s et brillants, peints \u00e0 l&#8217;eau, sans danger et non toxiques.<\/p>\n<p>Tous les jouets de SINA Spielzeug sont con\u00e7us et fabriqu\u00e9s \u00e0 la main dans l&#8217;atelier de la soci\u00e9t\u00e9 \u00e0 Neuhausen\/Erzgebirge, en Allemagne. D\u00e9velopp\u00e9 et fabriqu\u00e9 avec le plus grand soin, chaque produit SINA porte la marque CE et respecte toutes les exigences l\u00e9gales de la directive europ\u00e9enne sur la s\u00e9curit\u00e9 des jouets 2009\/48\/EC et EN 71 pour la s\u00e9curit\u00e9 des jouets. Plusieurs jouets SINA ont re\u00e7u le sceau Spielgut\u00ae.<\/p>\n<p>Des normes de s\u00e9curit\u00e9 \u00e9lev\u00e9es et d\u2019\u00e9thique sont exig\u00e9es des fournisseurs de mati\u00e8res premi\u00e8res ainsi qu\u2019une garantie que tous les mat\u00e9riaux et les pi\u00e8ces constitutives sont sans danger pour les enfants et sans toxines. Entreprise familiale dans l\u2019\u00e2me, la gamme SINA comprend des jouets didactiques en bois, des articles de jeu en bois \u00e0 usage th\u00e9rapeutique et des objets de jeu, y compris les cadeaux ou gaben de la p\u00e9dagogie Froebel (Fr\u00f6bel).<\/p>\n<p>SINA Spielzeug est membre du Deutscher Verband der Spielwarenindustrie, du Fachgruppe Holzspielzeug et du Pestalozzi-Fr\u00f6bel-Verband.<\/p>\n<p>Le monde de petits blocs de construction SINA Spielzeug convient aux enfants \u00e0 partir de 3 ans.<\/p>\n<p>Attention: petites pi\u00e8ces, ne convient pas aux enfants de moins de 3 ans.<\/p>\n<p>Contenu:<\/p>\n<p>76 pi\u00e8ces en bois<br \/>\n1 mod\u00e8le de grille<br \/>\nInstructions<\/p>\n","protected":false},"excerpt":{"rendered":"<p>Num\u00e9ro d&#8217;article : 40000<\/p>\n<p>Le monde des blocs de construction en bois durables fabriqu\u00e9s \u00e0 la main par SINA Spielzeug comprend les math\u00e9matiques de la th\u00e9orie \u00e9ducative de Froebel et promeut les comp\u00e9tences en math\u00e9matiques.<\/p>\n","protected":false},"featured_media":72243,"comment_status":"open","ping_status":"closed","template":"","meta":[],"product_brand":[],"product_cat":[215,8580,216,13150,635,13122,283,8526,7596,17241,17239,21257,13130,23020,289,624,288,7595,217,5851,13123,209,7589,212],"product_tag":[18499,1371,18500,1365,18476,18502,18498,18501],"class_list":{"0":"post-33727","1":"product","2":"type-product","3":"status-publish","4":"has-post-thumbnail","6":"product_cat-3-6-ans","7":"product_cat-6-12-ans-ecole-a-domicile","8":"product_cat-6-12-ans","9":"product_cat-blocs-de-construction-en-bois","10":"product_cat-competences-motrices","11":"product_cat-construire-enfiler","12":"product_cat-domaines-du-curriculum","13":"product_cat-fournitures-scolaires-a-domicile","14":"product_cat-froebel-fr","15":"product_cat-guide-cadeaux-3-6-ans","16":"product_cat-guide-cadeaux-educatifs","17":"product_cat-guides-cadeaux","18":"product_cat-jouer","19":"product_cat-jouets-en-bois","20":"product_cat-geometrie","21":"product_cat-formes","22":"product_cat-mathematiques-calcul","23":"product_cat-methode-deducation","24":"product_cat-marques","25":"product_cat-nouveautes","26":"product_cat-objets-de-jeu","27":"product_cat-sensorielles-motrices","28":"product_cat-sina-spielzeug-fr","29":"product_cat-tranche-dage","30":"product_tag-blocs-de-construction-de-froebel","31":"product_tag-blocs-de-construction-en-bois","32":"product_tag-bolcs-de-construction-de-frobel","33":"product_tag-jeu-mathematique","34":"product_tag-les-jouets-educatifs-froebel","35":"product_tag-materiaux-mathematiques-fr","36":"product_tag-sina-spielzeug-le-monde-des-petits-blocs-de-construction","37":"product_tag-solides-mathematiques","39":"first","40":"instock","41":"taxable","42":"shipping-taxable","43":"purchasable","44":"product-type-simple"},"yoast_head":"<!-- This site is optimized with the Yoast SEO plugin v27.1.1 - https:\/\/yoast.com\/product\/yoast-seo-wordpress\/ -->\n<title>Le monde des petits blocs - SINA Spielzeug - Teia Education &amp; Play<\/title>\n<meta name=\"description\" content=\"Le monde en blocs de construction en bois durables fabriqu\u00e9s \u00e0 la main de SINA Spielzeug comprend les bases des math\u00e9matiques de la th\u00e9orie \u00e9ducative de Froebel et promeut les comp\u00e9tences en math\u00e9matiques.\" \/>\n<meta name=\"robots\" content=\"index, follow, max-snippet:-1, max-image-preview:large, max-video-preview:-1\" \/>\n<link rel=\"canonical\" href=\"https:\/\/teiaeducation.ch\/fr\/produit\/monde-des-petits-blocs-de-construction-sina-spielzeug\/\" \/>\n<meta property=\"og:locale\" content=\"fr_FR\" \/>\n<meta property=\"og:type\" content=\"article\" \/>\n<meta property=\"og:title\" content=\"Le monde des petits blocs - SINA Spielzeug - Teia Education &amp; Play\" \/>\n<meta property=\"og:description\" content=\"Le monde en blocs de construction en bois durables fabriqu\u00e9s \u00e0 la main de SINA Spielzeug comprend les bases des math\u00e9matiques de la th\u00e9orie \u00e9ducative de Froebel et promeut les comp\u00e9tences en math\u00e9matiques.\" \/>\n<meta property=\"og:url\" content=\"https:\/\/teiaeducation.ch\/fr\/produit\/monde-des-petits-blocs-de-construction-sina-spielzeug\/\" \/>\n<meta property=\"og:site_name\" content=\"Sustainable Educational Products &amp; Ecological Toys\u00a0\" \/>\n<meta property=\"article:publisher\" content=\"https:\/\/www.facebook.com\/teiaeducation\/\" \/>\n<meta property=\"article:modified_time\" content=\"2021-01-23T11:30:45+00:00\" \/>\n<meta property=\"og:image\" content=\"https:\/\/teiaeducation.ch\/wp-content\/uploads\/2020\/12\/Small-building-blocks-world-SINA-Spielzeug-scaled.jpg\" \/>\n\t<meta property=\"og:image:width\" content=\"1200\" \/>\n\t<meta property=\"og:image:height\" content=\"801\" \/>\n\t<meta property=\"og:image:type\" content=\"image\/jpeg\" \/>\n<script type=\"application\/ld+json\" class=\"yoast-schema-graph\">{\"@context\":\"https:\/\/schema.org\",\"@graph\":[{\"@type\":\"WebPage\",\"@id\":\"https:\/\/teiaeducation.ch\/fr\/produit\/monde-des-petits-blocs-de-construction-sina-spielzeug\/\",\"url\":\"https:\/\/teiaeducation.ch\/fr\/produit\/monde-des-petits-blocs-de-construction-sina-spielzeug\/\",\"name\":\"Le monde des petits blocs - SINA Spielzeug - Teia Education & Play\",\"isPartOf\":{\"@id\":\"https:\/\/teiaeducation.ch\/fr\/#website\"},\"primaryImageOfPage\":{\"@id\":\"https:\/\/teiaeducation.ch\/fr\/produit\/monde-des-petits-blocs-de-construction-sina-spielzeug\/#primaryimage\"},\"image\":{\"@id\":\"https:\/\/teiaeducation.ch\/fr\/produit\/monde-des-petits-blocs-de-construction-sina-spielzeug\/#primaryimage\"},\"thumbnailUrl\":\"https:\/\/teiaeducation.ch\/wp-content\/uploads\/2020\/12\/Small-building-blocks-world-SINA-Spielzeug-1.jpg\",\"datePublished\":\"2020-12-17T07:46:40+00:00\",\"dateModified\":\"2021-01-23T11:30:45+00:00\",\"description\":\"Le monde en blocs de construction en bois durables fabriqu\u00e9s \u00e0 la main de SINA Spielzeug comprend les bases des math\u00e9matiques de la th\u00e9orie \u00e9ducative de Froebel et promeut les comp\u00e9tences en math\u00e9matiques.\",\"breadcrumb\":{\"@id\":\"https:\/\/teiaeducation.ch\/fr\/produit\/monde-des-petits-blocs-de-construction-sina-spielzeug\/#breadcrumb\"},\"inLanguage\":\"fr-FR\",\"potentialAction\":[{\"@type\":\"ReadAction\",\"target\":[\"https:\/\/teiaeducation.ch\/fr\/produit\/monde-des-petits-blocs-de-construction-sina-spielzeug\/\"]}]},{\"@type\":\"ImageObject\",\"inLanguage\":\"fr-FR\",\"@id\":\"https:\/\/teiaeducation.ch\/fr\/produit\/monde-des-petits-blocs-de-construction-sina-spielzeug\/#primaryimage\",\"url\":\"https:\/\/teiaeducation.ch\/wp-content\/uploads\/2020\/12\/Small-building-blocks-world-SINA-Spielzeug-1.jpg\",\"contentUrl\":\"https:\/\/teiaeducation.ch\/wp-content\/uploads\/2020\/12\/Small-building-blocks-world-SINA-Spielzeug-1.jpg\",\"width\":1080,\"height\":1080,\"caption\":\"Small building blocks world - SINA Spielzeug\"},{\"@type\":\"BreadcrumbList\",\"@id\":\"https:\/\/teiaeducation.ch\/fr\/produit\/monde-des-petits-blocs-de-construction-sina-spielzeug\/#breadcrumb\",\"itemListElement\":[{\"@type\":\"ListItem\",\"position\":1,\"name\":\"Home\",\"item\":\"https:\/\/teiaeducation.ch\/fr\/\"},{\"@type\":\"ListItem\",\"position\":2,\"name\":\"Boutique Teia Education &amp; Play\",\"item\":\"https:\/\/teiaeducation.ch\/fr\/boutique\/\"},{\"@type\":\"ListItem\",\"position\":3,\"name\":\"Domaines du Curriculum\",\"item\":\"https:\/\/teiaeducation.ch\/fr\/categorie-produit\/domaines-du-curriculum\/\"},{\"@type\":\"ListItem\",\"position\":4,\"name\":\"Sensorielles &amp; Motrices\",\"item\":\"https:\/\/teiaeducation.ch\/fr\/categorie-produit\/domaines-du-curriculum\/sensorielles-motrices\/\"},{\"@type\":\"ListItem\",\"position\":5,\"name\":\"Comp\u00e9tences Motrices\",\"item\":\"https:\/\/teiaeducation.ch\/fr\/categorie-produit\/domaines-du-curriculum\/sensorielles-motrices\/competences-motrices\/\"},{\"@type\":\"ListItem\",\"position\":6,\"name\":\"Le monde des petits blocs &#8211; SINA Spielzeug\"}]},{\"@type\":\"WebSite\",\"@id\":\"https:\/\/teiaeducation.ch\/fr\/#website\",\"url\":\"https:\/\/teiaeducation.ch\/fr\/\",\"name\":\"Sustainable Educational Products &amp; Ecological Toys\u00a0\",\"description\":\"Specialised Swiss shop selling sustainable educational toys and games, AMI certified Montessori materials, handmade ecological wooden Waldorf toys and arts &amp; crafts supplies, school supplies, children&#039;s furniture and Montessori reference and parenting books.\",\"publisher\":{\"@id\":\"https:\/\/teiaeducation.ch\/fr\/#organization\"},\"alternateName\":\"Teia Education & Play\",\"potentialAction\":[{\"@type\":\"SearchAction\",\"target\":{\"@type\":\"EntryPoint\",\"urlTemplate\":\"https:\/\/teiaeducation.ch\/fr\/?s={search_term_string}\"},\"query-input\":{\"@type\":\"PropertyValueSpecification\",\"valueRequired\":true,\"valueName\":\"search_term_string\"}}],\"inLanguage\":\"fr-FR\"},{\"@type\":\"Organization\",\"@id\":\"https:\/\/teiaeducation.ch\/fr\/#organization\",\"name\":\"Teia Education & Play\",\"url\":\"https:\/\/teiaeducation.ch\/fr\/\",\"logo\":{\"@type\":\"ImageObject\",\"inLanguage\":\"fr-FR\",\"@id\":\"https:\/\/teiaeducation.ch\/fr\/#\/schema\/logo\/image\/\",\"url\":\"https:\/\/teiaeducation.ch\/wp-content\/uploads\/2020\/11\/Teia-Education-Switzerland-e1620156442216.jpg\",\"contentUrl\":\"https:\/\/teiaeducation.ch\/wp-content\/uploads\/2020\/11\/Teia-Education-Switzerland-e1620156442216.jpg\",\"width\":166,\"height\":145,\"caption\":\"Teia Education & Play\"},\"image\":{\"@id\":\"https:\/\/teiaeducation.ch\/fr\/#\/schema\/logo\/image\/\"},\"sameAs\":[\"https:\/\/www.facebook.com\/teiaeducation\/\",\"https:\/\/x.com\/EducationTeia\",\"https:\/\/www.instagram.com\/teia.education\/\",\"https:\/\/www.linkedin.com\/company\/35501660\",\"https:\/\/www.pinterest.ch\/TeiaEducation\/\"]}]}<\/script>\n<!-- \/ Yoast SEO plugin. -->","yoast_head_json":{"title":"Le monde des petits blocs - SINA Spielzeug - Teia Education & Play","description":"Le monde en blocs de construction en bois durables fabriqu\u00e9s \u00e0 la main de SINA Spielzeug comprend les bases des math\u00e9matiques de la th\u00e9orie \u00e9ducative de Froebel et promeut les comp\u00e9tences en math\u00e9matiques.","robots":{"index":"index","follow":"follow","max-snippet":"max-snippet:-1","max-image-preview":"max-image-preview:large","max-video-preview":"max-video-preview:-1"},"canonical":"https:\/\/teiaeducation.ch\/fr\/produit\/monde-des-petits-blocs-de-construction-sina-spielzeug\/","og_locale":"fr_FR","og_type":"article","og_title":"Le monde des petits blocs - SINA Spielzeug - Teia Education & Play","og_description":"Le monde en blocs de construction en bois durables fabriqu\u00e9s \u00e0 la main de SINA Spielzeug comprend les bases des math\u00e9matiques de la th\u00e9orie \u00e9ducative de Froebel et promeut les comp\u00e9tences en math\u00e9matiques.","og_url":"https:\/\/teiaeducation.ch\/fr\/produit\/monde-des-petits-blocs-de-construction-sina-spielzeug\/","og_site_name":"Sustainable Educational Products &amp; Ecological Toys\u00a0","article_publisher":"https:\/\/www.facebook.com\/teiaeducation\/","article_modified_time":"2021-01-23T11:30:45+00:00","og_image":[{"width":1200,"height":801,"url":"https:\/\/teiaeducation.ch\/wp-content\/uploads\/2020\/12\/Small-building-blocks-world-SINA-Spielzeug-scaled.jpg","type":"image\/jpeg"}],"schema":{"@context":"https:\/\/schema.org","@graph":[{"@type":"WebPage","@id":"https:\/\/teiaeducation.ch\/fr\/produit\/monde-des-petits-blocs-de-construction-sina-spielzeug\/","url":"https:\/\/teiaeducation.ch\/fr\/produit\/monde-des-petits-blocs-de-construction-sina-spielzeug\/","name":"Le monde des petits blocs - SINA Spielzeug - Teia Education & Play","isPartOf":{"@id":"https:\/\/teiaeducation.ch\/fr\/#website"},"primaryImageOfPage":{"@id":"https:\/\/teiaeducation.ch\/fr\/produit\/monde-des-petits-blocs-de-construction-sina-spielzeug\/#primaryimage"},"image":{"@id":"https:\/\/teiaeducation.ch\/fr\/produit\/monde-des-petits-blocs-de-construction-sina-spielzeug\/#primaryimage"},"thumbnailUrl":"https:\/\/teiaeducation.ch\/wp-content\/uploads\/2020\/12\/Small-building-blocks-world-SINA-Spielzeug-1.jpg","datePublished":"2020-12-17T07:46:40+00:00","dateModified":"2021-01-23T11:30:45+00:00","description":"Le monde en blocs de construction en bois durables fabriqu\u00e9s \u00e0 la main de SINA Spielzeug comprend les bases des math\u00e9matiques de la th\u00e9orie \u00e9ducative de Froebel et promeut les comp\u00e9tences en math\u00e9matiques.","breadcrumb":{"@id":"https:\/\/teiaeducation.ch\/fr\/produit\/monde-des-petits-blocs-de-construction-sina-spielzeug\/#breadcrumb"},"inLanguage":"fr-FR","potentialAction":[{"@type":"ReadAction","target":["https:\/\/teiaeducation.ch\/fr\/produit\/monde-des-petits-blocs-de-construction-sina-spielzeug\/"]}]},{"@type":"ImageObject","inLanguage":"fr-FR","@id":"https:\/\/teiaeducation.ch\/fr\/produit\/monde-des-petits-blocs-de-construction-sina-spielzeug\/#primaryimage","url":"https:\/\/teiaeducation.ch\/wp-content\/uploads\/2020\/12\/Small-building-blocks-world-SINA-Spielzeug-1.jpg","contentUrl":"https:\/\/teiaeducation.ch\/wp-content\/uploads\/2020\/12\/Small-building-blocks-world-SINA-Spielzeug-1.jpg","width":1080,"height":1080,"caption":"Small building blocks world - SINA Spielzeug"},{"@type":"BreadcrumbList","@id":"https:\/\/teiaeducation.ch\/fr\/produit\/monde-des-petits-blocs-de-construction-sina-spielzeug\/#breadcrumb","itemListElement":[{"@type":"ListItem","position":1,"name":"Home","item":"https:\/\/teiaeducation.ch\/fr\/"},{"@type":"ListItem","position":2,"name":"Boutique Teia Education &amp; Play","item":"https:\/\/teiaeducation.ch\/fr\/boutique\/"},{"@type":"ListItem","position":3,"name":"Domaines du Curriculum","item":"https:\/\/teiaeducation.ch\/fr\/categorie-produit\/domaines-du-curriculum\/"},{"@type":"ListItem","position":4,"name":"Sensorielles &amp; Motrices","item":"https:\/\/teiaeducation.ch\/fr\/categorie-produit\/domaines-du-curriculum\/sensorielles-motrices\/"},{"@type":"ListItem","position":5,"name":"Comp\u00e9tences Motrices","item":"https:\/\/teiaeducation.ch\/fr\/categorie-produit\/domaines-du-curriculum\/sensorielles-motrices\/competences-motrices\/"},{"@type":"ListItem","position":6,"name":"Le monde des petits blocs &#8211; SINA Spielzeug"}]},{"@type":"WebSite","@id":"https:\/\/teiaeducation.ch\/fr\/#website","url":"https:\/\/teiaeducation.ch\/fr\/","name":"Sustainable Educational Products &amp; Ecological Toys\u00a0","description":"Specialised Swiss shop selling sustainable educational toys and games, AMI certified Montessori materials, handmade ecological wooden Waldorf toys and arts &amp; crafts supplies, school supplies, children&#039;s furniture and Montessori reference and parenting books.","publisher":{"@id":"https:\/\/teiaeducation.ch\/fr\/#organization"},"alternateName":"Teia Education & Play","potentialAction":[{"@type":"SearchAction","target":{"@type":"EntryPoint","urlTemplate":"https:\/\/teiaeducation.ch\/fr\/?s={search_term_string}"},"query-input":{"@type":"PropertyValueSpecification","valueRequired":true,"valueName":"search_term_string"}}],"inLanguage":"fr-FR"},{"@type":"Organization","@id":"https:\/\/teiaeducation.ch\/fr\/#organization","name":"Teia Education & Play","url":"https:\/\/teiaeducation.ch\/fr\/","logo":{"@type":"ImageObject","inLanguage":"fr-FR","@id":"https:\/\/teiaeducation.ch\/fr\/#\/schema\/logo\/image\/","url":"https:\/\/teiaeducation.ch\/wp-content\/uploads\/2020\/11\/Teia-Education-Switzerland-e1620156442216.jpg","contentUrl":"https:\/\/teiaeducation.ch\/wp-content\/uploads\/2020\/11\/Teia-Education-Switzerland-e1620156442216.jpg","width":166,"height":145,"caption":"Teia Education & Play"},"image":{"@id":"https:\/\/teiaeducation.ch\/fr\/#\/schema\/logo\/image\/"},"sameAs":["https:\/\/www.facebook.com\/teiaeducation\/","https:\/\/x.com\/EducationTeia","https:\/\/www.instagram.com\/teia.education\/","https:\/\/www.linkedin.com\/company\/35501660","https:\/\/www.pinterest.ch\/TeiaEducation\/"]}]}},"_links":{"self":[{"href":"https:\/\/teiaeducation.ch\/fr\/wp-json\/wp\/v2\/product\/33727","targetHints":{"allow":["GET"]}}],"collection":[{"href":"https:\/\/teiaeducation.ch\/fr\/wp-json\/wp\/v2\/product"}],"about":[{"href":"https:\/\/teiaeducation.ch\/fr\/wp-json\/wp\/v2\/types\/product"}],"replies":[{"embeddable":true,"href":"https:\/\/teiaeducation.ch\/fr\/wp-json\/wp\/v2\/comments?post=33727"}],"wp:featuredmedia":[{"embeddable":true,"href":"https:\/\/teiaeducation.ch\/fr\/wp-json\/wp\/v2\/media\/72243"}],"wp:attachment":[{"href":"https:\/\/teiaeducation.ch\/fr\/wp-json\/wp\/v2\/media?parent=33727"}],"wp:term":[{"taxonomy":"product_brand","embeddable":true,"href":"https:\/\/teiaeducation.ch\/fr\/wp-json\/wp\/v2\/product_brand?post=33727"},{"taxonomy":"product_cat","embeddable":true,"href":"https:\/\/teiaeducation.ch\/fr\/wp-json\/wp\/v2\/product_cat?post=33727"},{"taxonomy":"product_tag","embeddable":true,"href":"https:\/\/teiaeducation.ch\/fr\/wp-json\/wp\/v2\/product_tag?post=33727"}],"curies":[{"name":"wp","href":"https:\/\/api.w.org\/{rel}","templated":true}]}}