{"id":33854,"date":"2020-12-15T09:30:17","date_gmt":"2020-12-15T08:30:17","guid":{"rendered":"https:\/\/teiaeducation.ch\/product\/set-de-5-tampons-foret-ailefo\/"},"modified":"2025-10-01T11:20:40","modified_gmt":"2025-10-01T09:20:40","slug":"set-de-5-tampons-foret-ailefo","status":"publish","type":"product","link":"https:\/\/teiaeducation.ch\/fr\/produit\/set-de-5-tampons-foret-ailefo\/","title":{"rendered":"Ensemble de 5 tampons : for\u00eat &#8211; Ailefo"},"content":{"rendered":"<p>Ensemble de 5 tampons &#8220;histoires de la for\u00eat&#8221; \/ Outils pour p\u00e2te \u00e0 modeler &#8211; Ailefo<\/p>\n<p>L&#8217;ensemble de 5 tampons d&#8217;Ailefo pr\u00e9sente de jolis motifs sur le th\u00e8me histoires de la for\u00eat et d&#8217;Halloween &#8211; une citrouille, une sorci\u00e8re, un fant\u00f4me, une araign\u00e9e et une chauve-souris &#8211; et sont les outils parfaits pour un plaisir cr\u00e9atif avec la <a href=\"https:\/\/teiaeducation.ch\/fr\/produit\/grand-tube-de-pate-a-modeler-organique-ailefo\/\">p\u00e2te \u00e0 modeler<\/a>\u00a0!<\/p>\n<p>Ces jolis outils pour p\u00e2te \u00e0 modeler sont livr\u00e9s dans une jolie pochette en coton pour un rangement pratique. Les poign\u00e9es sont en bois de h\u00eatre durable certifi\u00e9 FSC et les tampons en silicone peuvent \u00eatre retir\u00e9s pour \u00eatre lav\u00e9s et passent au lave-vaisselle. Les deux parties sont approuv\u00e9es pour l&#8217;utilisation alimentaire. Chaque tampon mesure 5,5 cm de diam\u00e8tre.<\/p>\n<p>La p\u00e2te \u00e0 modeler organique Ailefo apporte aux parents une option s\u00fbre, non toxique, sans allergie et naturelle pour cette forme de jeu ador\u00e9e des enfants, avec un potentiel infini de cr\u00e9ativit\u00e9 et d&#8217;expression, de jeu th\u00e9rapeutique et d&#8217;apprentissage ludique.<\/p>\n<p>Produit dans une petite usine sur la belle \u00eele de Bornholm, au Danemark, selon les normes les plus strictes en mati\u00e8re de durabilit\u00e9, de respect des allergies et de design scandinave, la p\u00e2te \u00e0 modeler Ailefo contient 98 % d&#8217;ingr\u00e9dients certifi\u00e9s biologiques et plus de 90 % d&#8217;ingr\u00e9dients produits localement. Exempt de parfum, de parab\u00e8nes et d&#8217;allerg\u00e8nes de parfum, la p\u00e2te \u00e0 modeler Ailefo est \u00e0 base de plantes et de produits alimentaires et ne contient pas de noix, de traces de noix, de soja, d&#8217;\u0153ufs ou de produits laitiers. Veuillez noter qu&#8217;il n&#8217;est pas sans gluten.<\/p>\n<p>Les emballages d&#8217;Ailefo sont respectueux de l&#8217;environnement, notamment les tubes en papier recycl\u00e9 \u00e0 100 % et les barquettes en plastique PP de qualit\u00e9 alimentaire qui peuvent \u00eatre facilement r\u00e9utilis\u00e9es et recycl\u00e9es. Tout le bois utilis\u00e9 dans les outils et les tampons pour la p\u00e2te \u00e0 modeler d&#8217;Ailefo est certifi\u00e9 FSC pour garantir une production durable.<\/p>\n<p>L&#8217;ensemble de tampons Aliefo histoires de la for\u00eat convient aux enfants de 2 ans et plus.<\/p>\n<p>Contenu :<\/p>\n<p>5 tampons en bois<br \/>\n1 pochette de coton<\/p>\n","protected":false},"excerpt":{"rendered":"<p>Num\u00e9ro d&#8217;article: AO20110<\/p>\n<p>Les 5 tampons histoires de la for\u00eat sont des outils en bois certifi\u00e9s FSC et en silicone pour un plaisir cr\u00e9atif avec la p\u00e2te \u00e0 modeler Ailefo.<\/p>\n","protected":false},"featured_media":33075,"comment_status":"open","ping_status":"closed","template":"","meta":[],"product_brand":[],"product_cat":[208,215,18505,16898,20269,13130,13142,13127,20652,217,5851,20263,7603,212],"product_tag":[18515,18506,18516,18507,18509,18513,18511,18510,18508,18514,18517,18541,18512],"class_list":{"0":"post-33854","1":"product","2":"type-product","3":"status-publish","4":"has-post-thumbnail","6":"product_cat-1-3-ans","7":"product_cat-3-6-ans","8":"product_cat-ailefo-fr","9":"product_cat-collection-automne","10":"product_cat-estampage","11":"product_cat-jouer","12":"product_cat-jeu-sensoriel","13":"product_cat-creativite-beaux-arts-et-bricolage","14":"product_cat-modelage","15":"product_cat-marques","16":"product_cat-nouveautes","17":"product_cat-outils-creatifs-et-rangement","18":"product_cat-soldes","19":"product_cat-tranche-dage","20":"product_tag-accessoires-pour-pate-a-modeler","21":"product_tag-ailefo-fr","22":"product_tag-ailefo-suisse","23":"product_tag-fabrique-au-danemark","24":"product_tag-outils-pour-pate-a-modeler","25":"product_tag-tampons-ailefo","26":"product_tag-tampons-artisanaux-pour-les-enfants","27":"product_tag-tampons-pour-enfants","28":"product_tag-tampons-pour-pate-a-modeler","29":"product_tag-tampons-pour-pate-a-modeler-fr","30":"product_tag-tampons-pour-pate-a-modeler-durables","31":"product_tag-tampons-pour-pate-a-modeler-histoire-de-la-foret-et-dhalloween","32":"product_tag-tampons-soleil","34":"first","35":"instock","36":"sale","37":"taxable","38":"shipping-taxable","39":"purchasable","40":"product-type-simple"},"yoast_head":"<!-- This site is optimized with the Yoast SEO Premium plugin v25.8 (Yoast SEO v27.4) - https:\/\/yoast.com\/product\/yoast-seo-premium-wordpress\/ -->\n<title>Tampons for\u00eat - Ailefo - Teia Education &amp; Play<\/title>\n<meta name=\"description\" content=\"Les 5 tampons histoires de la for\u00eat sont des outils en bois certifi\u00e9s FSC et en silicone pour un plaisir cr\u00e9atif avec la p\u00e2te \u00e0 modeler Ailefo.\" \/>\n<meta name=\"robots\" content=\"index, follow, max-snippet:-1, max-image-preview:large, max-video-preview:-1\" \/>\n<link rel=\"canonical\" href=\"https:\/\/teiaeducation.ch\/fr\/produit\/set-de-5-tampons-foret-ailefo\/\" \/>\n<meta property=\"og:locale\" content=\"fr_FR\" \/>\n<meta property=\"og:type\" content=\"article\" \/>\n<meta property=\"og:title\" content=\"Ensemble de 5 tampons : for\u00eat - Ailefo\" \/>\n<meta property=\"og:description\" content=\"Les 5 tampons histoires de la for\u00eat sont des outils en bois certifi\u00e9s FSC et en silicone pour un plaisir cr\u00e9atif avec la p\u00e2te \u00e0 modeler Ailefo.\" \/>\n<meta property=\"og:url\" content=\"https:\/\/teiaeducation.ch\/fr\/produit\/set-de-5-tampons-foret-ailefo\/\" \/>\n<meta property=\"og:site_name\" content=\"Sustainable Educational Products &amp; Ecological Toys\u00a0\" \/>\n<meta property=\"article:publisher\" content=\"https:\/\/www.facebook.com\/teiaeducation\/\" \/>\n<meta property=\"article:modified_time\" content=\"2025-10-01T09:20:40+00:00\" \/>\n<meta property=\"og:image\" content=\"https:\/\/teiaeducation.ch\/wp-content\/uploads\/2020\/12\/Ailefo-forest-stories-stamps-modelling-clay.jpeg\" \/>\n\t<meta property=\"og:image:width\" content=\"806\" \/>\n\t<meta property=\"og:image:height\" content=\"900\" \/>\n\t<meta property=\"og:image:type\" content=\"image\/jpeg\" \/>\n<script type=\"application\/ld+json\" class=\"yoast-schema-graph\">{\"@context\":\"https:\\\/\\\/schema.org\",\"@graph\":[{\"@type\":\"WebPage\",\"@id\":\"https:\\\/\\\/teiaeducation.ch\\\/fr\\\/produit\\\/set-de-5-tampons-foret-ailefo\\\/\",\"url\":\"https:\\\/\\\/teiaeducation.ch\\\/fr\\\/produit\\\/set-de-5-tampons-foret-ailefo\\\/\",\"name\":\"Tampons for\u00eat - Ailefo - Teia Education & Play\",\"isPartOf\":{\"@id\":\"https:\\\/\\\/teiaeducation.ch\\\/fr\\\/#website\"},\"primaryImageOfPage\":{\"@id\":\"https:\\\/\\\/teiaeducation.ch\\\/fr\\\/produit\\\/set-de-5-tampons-foret-ailefo\\\/#primaryimage\"},\"image\":{\"@id\":\"https:\\\/\\\/teiaeducation.ch\\\/fr\\\/produit\\\/set-de-5-tampons-foret-ailefo\\\/#primaryimage\"},\"thumbnailUrl\":\"https:\\\/\\\/teiaeducation.ch\\\/wp-content\\\/uploads\\\/2020\\\/12\\\/Ailefo-forest-stories-stamps-modelling-clay.jpeg\",\"datePublished\":\"2020-12-15T08:30:17+00:00\",\"dateModified\":\"2025-10-01T09:20:40+00:00\",\"description\":\"Les 5 tampons histoires de la for\u00eat sont des outils en bois certifi\u00e9s FSC et en silicone pour un plaisir cr\u00e9atif avec la p\u00e2te \u00e0 modeler Ailefo.\",\"breadcrumb\":{\"@id\":\"https:\\\/\\\/teiaeducation.ch\\\/fr\\\/produit\\\/set-de-5-tampons-foret-ailefo\\\/#breadcrumb\"},\"inLanguage\":\"fr-FR\",\"potentialAction\":[{\"@type\":\"ReadAction\",\"target\":[\"https:\\\/\\\/teiaeducation.ch\\\/fr\\\/produit\\\/set-de-5-tampons-foret-ailefo\\\/\"]}]},{\"@type\":\"ImageObject\",\"inLanguage\":\"fr-FR\",\"@id\":\"https:\\\/\\\/teiaeducation.ch\\\/fr\\\/produit\\\/set-de-5-tampons-foret-ailefo\\\/#primaryimage\",\"url\":\"https:\\\/\\\/teiaeducation.ch\\\/wp-content\\\/uploads\\\/2020\\\/12\\\/Ailefo-forest-stories-stamps-modelling-clay.jpeg\",\"contentUrl\":\"https:\\\/\\\/teiaeducation.ch\\\/wp-content\\\/uploads\\\/2020\\\/12\\\/Ailefo-forest-stories-stamps-modelling-clay.jpeg\",\"width\":806,\"height\":900,\"caption\":\"Tampons pour p\u00e2te \u00e0 modeler histoire de la for\u00eat - Ailefo\"},{\"@type\":\"BreadcrumbList\",\"@id\":\"https:\\\/\\\/teiaeducation.ch\\\/fr\\\/produit\\\/set-de-5-tampons-foret-ailefo\\\/#breadcrumb\",\"itemListElement\":[{\"@type\":\"ListItem\",\"position\":1,\"name\":\"Home\",\"item\":\"https:\\\/\\\/teiaeducation.ch\\\/fr\\\/\"},{\"@type\":\"ListItem\",\"position\":2,\"name\":\"Boutique Teia Education &amp; Play\",\"item\":\"https:\\\/\\\/teiaeducation.ch\\\/fr\\\/boutique\\\/\"},{\"@type\":\"ListItem\",\"position\":3,\"name\":\"Loisirs Cr\u00e9atifs\",\"item\":\"https:\\\/\\\/teiaeducation.ch\\\/fr\\\/categorie-produit\\\/creativite-beaux-arts-et-bricolage\\\/\"},{\"@type\":\"ListItem\",\"position\":4,\"name\":\"Estampage\",\"item\":\"https:\\\/\\\/teiaeducation.ch\\\/fr\\\/categorie-produit\\\/creativite-beaux-arts-et-bricolage\\\/estampage\\\/\"},{\"@type\":\"ListItem\",\"position\":5,\"name\":\"Ensemble de 5 tampons : for\u00eat &#8211; Ailefo\"}]},{\"@type\":\"WebSite\",\"@id\":\"https:\\\/\\\/teiaeducation.ch\\\/fr\\\/#website\",\"url\":\"https:\\\/\\\/teiaeducation.ch\\\/fr\\\/\",\"name\":\"Sustainable Educational Products &amp; Ecological Toys\u00a0\",\"description\":\"Specialised Swiss shop selling sustainable educational toys and games, AMI certified Montessori materials, handmade ecological wooden Waldorf toys and arts &amp; crafts supplies, school supplies, children&#039;s furniture and Montessori reference and parenting books.\",\"publisher\":{\"@id\":\"https:\\\/\\\/teiaeducation.ch\\\/fr\\\/#organization\"},\"alternateName\":\"Teia Education & Play\",\"potentialAction\":[{\"@type\":\"SearchAction\",\"target\":{\"@type\":\"EntryPoint\",\"urlTemplate\":\"https:\\\/\\\/teiaeducation.ch\\\/fr\\\/?s={search_term_string}\"},\"query-input\":{\"@type\":\"PropertyValueSpecification\",\"valueRequired\":true,\"valueName\":\"search_term_string\"}}],\"inLanguage\":\"fr-FR\"},{\"@type\":\"Organization\",\"@id\":\"https:\\\/\\\/teiaeducation.ch\\\/fr\\\/#organization\",\"name\":\"Teia Education & Play\",\"url\":\"https:\\\/\\\/teiaeducation.ch\\\/fr\\\/\",\"logo\":{\"@type\":\"ImageObject\",\"inLanguage\":\"fr-FR\",\"@id\":\"https:\\\/\\\/teiaeducation.ch\\\/fr\\\/#\\\/schema\\\/logo\\\/image\\\/\",\"url\":\"https:\\\/\\\/teiaeducation.ch\\\/wp-content\\\/uploads\\\/2020\\\/11\\\/Teia-Education-Switzerland-e1620156442216.jpg\",\"contentUrl\":\"https:\\\/\\\/teiaeducation.ch\\\/wp-content\\\/uploads\\\/2020\\\/11\\\/Teia-Education-Switzerland-e1620156442216.jpg\",\"width\":166,\"height\":145,\"caption\":\"Teia Education & Play\"},\"image\":{\"@id\":\"https:\\\/\\\/teiaeducation.ch\\\/fr\\\/#\\\/schema\\\/logo\\\/image\\\/\"},\"sameAs\":[\"https:\\\/\\\/www.facebook.com\\\/teiaeducation\\\/\",\"https:\\\/\\\/x.com\\\/EducationTeia\",\"https:\\\/\\\/www.instagram.com\\\/teia.education\\\/\",\"https:\\\/\\\/www.linkedin.com\\\/company\\\/35501660\",\"https:\\\/\\\/www.pinterest.ch\\\/TeiaEducation\\\/\"]}]}<\/script>\n<meta property=\"product:price:amount\" content=\"22.90\" \/>\n<meta property=\"product:price:currency\" content=\"CHF\" \/>\n<meta property=\"og:availability\" content=\"instock\" \/>\n<meta property=\"product:availability\" content=\"instock\" \/>\n<meta property=\"product:retailer_item_id\" content=\"00000000000000000000000000000000000000000000032440\" \/>\n<meta property=\"product:condition\" content=\"new\" \/>\n<!-- \/ Yoast SEO Premium plugin. -->","yoast_head_json":{"title":"Tampons for\u00eat - Ailefo - Teia Education & Play","description":"Les 5 tampons histoires de la for\u00eat sont des outils en bois certifi\u00e9s FSC et en silicone pour un plaisir cr\u00e9atif avec la p\u00e2te \u00e0 modeler Ailefo.","robots":{"index":"index","follow":"follow","max-snippet":"max-snippet:-1","max-image-preview":"max-image-preview:large","max-video-preview":"max-video-preview:-1"},"canonical":"https:\/\/teiaeducation.ch\/fr\/produit\/set-de-5-tampons-foret-ailefo\/","og_locale":"fr_FR","og_type":"article","og_title":"Ensemble de 5 tampons : for\u00eat - Ailefo","og_description":"Les 5 tampons histoires de la for\u00eat sont des outils en bois certifi\u00e9s FSC et en silicone pour un plaisir cr\u00e9atif avec la p\u00e2te \u00e0 modeler Ailefo.","og_url":"https:\/\/teiaeducation.ch\/fr\/produit\/set-de-5-tampons-foret-ailefo\/","og_site_name":"Sustainable Educational Products &amp; Ecological Toys\u00a0","article_publisher":"https:\/\/www.facebook.com\/teiaeducation\/","article_modified_time":"2025-10-01T09:20:40+00:00","og_image":[{"width":806,"height":900,"url":"https:\/\/teiaeducation.ch\/wp-content\/uploads\/2020\/12\/Ailefo-forest-stories-stamps-modelling-clay.jpeg","type":"image\/jpeg"}],"schema":{"@context":"https:\/\/schema.org","@graph":[{"@type":"WebPage","@id":"https:\/\/teiaeducation.ch\/fr\/produit\/set-de-5-tampons-foret-ailefo\/","url":"https:\/\/teiaeducation.ch\/fr\/produit\/set-de-5-tampons-foret-ailefo\/","name":"Tampons for\u00eat - Ailefo - Teia Education & Play","isPartOf":{"@id":"https:\/\/teiaeducation.ch\/fr\/#website"},"primaryImageOfPage":{"@id":"https:\/\/teiaeducation.ch\/fr\/produit\/set-de-5-tampons-foret-ailefo\/#primaryimage"},"image":{"@id":"https:\/\/teiaeducation.ch\/fr\/produit\/set-de-5-tampons-foret-ailefo\/#primaryimage"},"thumbnailUrl":"https:\/\/teiaeducation.ch\/wp-content\/uploads\/2020\/12\/Ailefo-forest-stories-stamps-modelling-clay.jpeg","datePublished":"2020-12-15T08:30:17+00:00","dateModified":"2025-10-01T09:20:40+00:00","description":"Les 5 tampons histoires de la for\u00eat sont des outils en bois certifi\u00e9s FSC et en silicone pour un plaisir cr\u00e9atif avec la p\u00e2te \u00e0 modeler Ailefo.","breadcrumb":{"@id":"https:\/\/teiaeducation.ch\/fr\/produit\/set-de-5-tampons-foret-ailefo\/#breadcrumb"},"inLanguage":"fr-FR","potentialAction":[{"@type":"ReadAction","target":["https:\/\/teiaeducation.ch\/fr\/produit\/set-de-5-tampons-foret-ailefo\/"]}]},{"@type":"ImageObject","inLanguage":"fr-FR","@id":"https:\/\/teiaeducation.ch\/fr\/produit\/set-de-5-tampons-foret-ailefo\/#primaryimage","url":"https:\/\/teiaeducation.ch\/wp-content\/uploads\/2020\/12\/Ailefo-forest-stories-stamps-modelling-clay.jpeg","contentUrl":"https:\/\/teiaeducation.ch\/wp-content\/uploads\/2020\/12\/Ailefo-forest-stories-stamps-modelling-clay.jpeg","width":806,"height":900,"caption":"Tampons pour p\u00e2te \u00e0 modeler histoire de la for\u00eat - Ailefo"},{"@type":"BreadcrumbList","@id":"https:\/\/teiaeducation.ch\/fr\/produit\/set-de-5-tampons-foret-ailefo\/#breadcrumb","itemListElement":[{"@type":"ListItem","position":1,"name":"Home","item":"https:\/\/teiaeducation.ch\/fr\/"},{"@type":"ListItem","position":2,"name":"Boutique Teia Education &amp; Play","item":"https:\/\/teiaeducation.ch\/fr\/boutique\/"},{"@type":"ListItem","position":3,"name":"Loisirs Cr\u00e9atifs","item":"https:\/\/teiaeducation.ch\/fr\/categorie-produit\/creativite-beaux-arts-et-bricolage\/"},{"@type":"ListItem","position":4,"name":"Estampage","item":"https:\/\/teiaeducation.ch\/fr\/categorie-produit\/creativite-beaux-arts-et-bricolage\/estampage\/"},{"@type":"ListItem","position":5,"name":"Ensemble de 5 tampons : for\u00eat &#8211; Ailefo"}]},{"@type":"WebSite","@id":"https:\/\/teiaeducation.ch\/fr\/#website","url":"https:\/\/teiaeducation.ch\/fr\/","name":"Sustainable Educational Products &amp; Ecological Toys\u00a0","description":"Specialised Swiss shop selling sustainable educational toys and games, AMI certified Montessori materials, handmade ecological wooden Waldorf toys and arts &amp; crafts supplies, school supplies, children&#039;s furniture and Montessori reference and parenting books.","publisher":{"@id":"https:\/\/teiaeducation.ch\/fr\/#organization"},"alternateName":"Teia Education & Play","potentialAction":[{"@type":"SearchAction","target":{"@type":"EntryPoint","urlTemplate":"https:\/\/teiaeducation.ch\/fr\/?s={search_term_string}"},"query-input":{"@type":"PropertyValueSpecification","valueRequired":true,"valueName":"search_term_string"}}],"inLanguage":"fr-FR"},{"@type":"Organization","@id":"https:\/\/teiaeducation.ch\/fr\/#organization","name":"Teia Education & Play","url":"https:\/\/teiaeducation.ch\/fr\/","logo":{"@type":"ImageObject","inLanguage":"fr-FR","@id":"https:\/\/teiaeducation.ch\/fr\/#\/schema\/logo\/image\/","url":"https:\/\/teiaeducation.ch\/wp-content\/uploads\/2020\/11\/Teia-Education-Switzerland-e1620156442216.jpg","contentUrl":"https:\/\/teiaeducation.ch\/wp-content\/uploads\/2020\/11\/Teia-Education-Switzerland-e1620156442216.jpg","width":166,"height":145,"caption":"Teia Education & Play"},"image":{"@id":"https:\/\/teiaeducation.ch\/fr\/#\/schema\/logo\/image\/"},"sameAs":["https:\/\/www.facebook.com\/teiaeducation\/","https:\/\/x.com\/EducationTeia","https:\/\/www.instagram.com\/teia.education\/","https:\/\/www.linkedin.com\/company\/35501660","https:\/\/www.pinterest.ch\/TeiaEducation\/"]}]},"product_price_amount":"22.90","product_price_currency":"CHF","og_availability":"instock","product_availability":"instock","product_retailer_item_id":"00000000000000000000000000000000000000000000032440","product_condition":"new"},"_links":{"self":[{"href":"https:\/\/teiaeducation.ch\/fr\/wp-json\/wp\/v2\/product\/33854","targetHints":{"allow":["GET"]}}],"collection":[{"href":"https:\/\/teiaeducation.ch\/fr\/wp-json\/wp\/v2\/product"}],"about":[{"href":"https:\/\/teiaeducation.ch\/fr\/wp-json\/wp\/v2\/types\/product"}],"replies":[{"embeddable":true,"href":"https:\/\/teiaeducation.ch\/fr\/wp-json\/wp\/v2\/comments?post=33854"}],"wp:featuredmedia":[{"embeddable":true,"href":"https:\/\/teiaeducation.ch\/fr\/wp-json\/wp\/v2\/media\/33075"}],"wp:attachment":[{"href":"https:\/\/teiaeducation.ch\/fr\/wp-json\/wp\/v2\/media?parent=33854"}],"wp:term":[{"taxonomy":"product_brand","embeddable":true,"href":"https:\/\/teiaeducation.ch\/fr\/wp-json\/wp\/v2\/product_brand?post=33854"},{"taxonomy":"product_cat","embeddable":true,"href":"https:\/\/teiaeducation.ch\/fr\/wp-json\/wp\/v2\/product_cat?post=33854"},{"taxonomy":"product_tag","embeddable":true,"href":"https:\/\/teiaeducation.ch\/fr\/wp-json\/wp\/v2\/product_tag?post=33854"}],"curies":[{"name":"wp","href":"https:\/\/api.w.org\/{rel}","templated":true}]}}