{"id":33859,"date":"2026-01-23T11:50:56","date_gmt":"2026-01-23T10:50:56","guid":{"rendered":"https:\/\/teiaeducation.ch\/product\/service-a-the-dans-une-valise-moulin-roty\/"},"modified":"2023-03-13T15:19:58","modified_gmt":"2023-03-13T14:19:58","slug":"valise-dinette-a-the-moulin-roty","status":"publish","type":"product","link":"https:\/\/teiaeducation.ch\/fr\/produit\/valise-dinette-a-the-moulin-roty\/","title":{"rendered":"Valise d\u00eenette \u00e0 th\u00e9 &#8211; Moulin Roty"},"content":{"rendered":"<p>Le valise d\u00eenette \u00e0 th\u00e9 de Moulin Roty de la magnifique collection Les Parisiennes est absolument enchanteur.<\/p>\n<p>Avec ses 14 pi\u00e8ces pr\u00e9sent\u00e9es dans une jolie valise, cet adorable service \u00e0 th\u00e9 a tout pour une parfaite tea party ! Une th\u00e9i\u00e8re en m\u00e9tal, 4 tasses avec soucoupes et un plateau \u00e0 th\u00e9 sont tous d\u00e9cor\u00e9s dans les plus jolies couleurs rose, gris p\u00e2le et jaune et con\u00e7us avec de d\u00e9licats motifs floraux et des illustrations de la Tour Eiffel.<\/p>\n<p>Parfait pour s&#8217;amuser, le <a href=\"https:\/\/teiaeducation.ch\/fr\/categorie-produit\/jouer\/jeu-imaginatif-faire-semblant\/\">jeu de r\u00f4le imaginatif<\/a> avec poup\u00e9es et nounours, le d\u00eenette \u00e0 th\u00e9 est livr\u00e9 dans une superbe valise en carton de haute qualit\u00e9 et joliment d\u00e9cor\u00e9e qui mesure 29 x 19,5 cm.<\/p>\n<p><a href=\"https:\/\/teiaeducation.ch\/fr\/categorie-produit\/marques\/moulin-roty-fr\/\">Moulin Roty<\/a> est une marque Fran\u00e7aise bien connue pour la cr\u00e9ation de <a href=\"https:\/\/teiaeducation.ch\/fr\/categorie-produit\/jouer\/\">jouets<\/a> de belle qualit\u00e9 pour les enfants ayant une forte valeur \u00e9motionnelle. Chaque jouet est un vrai personnage qui raconte des histoires et est le fruit du travail et du d\u00e9vouement de l\u2019\u00e9quipe cr\u00e9ative de la marque. En passant entre les mains d\u2019une \u00e9quipe d\u2019illustrateurs et de stylistes au c\u0153ur du Moulin Roty, \u00e0 Nort-sur-Erdre, en France, chaque jouet a un monde avec des couleurs et des mat\u00e9riaux con\u00e7us sp\u00e9cifiquement pour lui.<\/p>\n<p>Chaque jouet est test\u00e9 et approuv\u00e9 par un laboratoire ind\u00e9pendant Fran\u00e7ais et tous les jouets de Moulin Roty sont conformes \u00e0 la norme europ\u00e9enne NF-EN71 et portent la marque CE. La plupart des tissus et mat\u00e9riaux utilis\u00e9s pour cr\u00e9er les jouets proviennent de France et d\u2019Europe pour leur cr\u00e9ativit\u00e9 et leur qualit\u00e9 technique, ainsi que leur non-toxicit\u00e9, et ont pass\u00e9 des tests rigoureux par Oeko-Tex.<\/p>\n<p>La collection Les Parisiennes est fabriqu\u00e9e en Chine dans une usine certifi\u00e9e ISO qui a \u00e9t\u00e9 s\u00e9lectionn\u00e9e par Moulin Roty avec le plus grand soin et avec laquelle la marque entretient une relation durable.<\/p>\n<p>Le valise d\u00eenette \u00e0 th\u00e9 Moulin Roty est recommand\u00e9 pour les enfants \u00e0 partir de 3 ans.<\/p>\n<p>Contenu :<\/p>\n<p>Service \u00e0 th\u00e9 de 14 pi\u00e8ces<br \/>\n1 valise pour le transport et le stockage<\/p>\n","protected":false},"excerpt":{"rendered":"<p>Num\u00e9ro d&#8217;article: 642531<\/p>\n<p>Le valise d\u00eenette \u00e0 th\u00e9 de Moulin Roty de la collection Les Parisiennes inclut une th\u00e9i\u00e8re en m\u00e9tal, 4 tasses avec soucoupes et un plateau \u00e0 th\u00e9.<\/p>\n","protected":false},"featured_media":32306,"comment_status":"open","ping_status":"closed","template":"","meta":[],"product_brand":[],"product_cat":[215,216,17241,21257,13130,13139,16899,217,5851,24313,212],"product_tag":[18570,18567,17377,18561,18342,18559,18560,18563,18568,18566,18562,18565,18564,18569],"class_list":{"0":"post-33859","1":"product","2":"type-product","3":"status-publish","4":"has-post-thumbnail","6":"product_cat-3-6-ans","7":"product_cat-6-12-ans","8":"product_cat-guide-cadeaux-3-6-ans","9":"product_cat-guides-cadeaux","10":"product_cat-jouer","11":"product_cat-jeu-imaginatif-faire-semblant","12":"product_cat-moulin-roty-fr","13":"product_cat-marques","14":"product_cat-nouveautes","15":"product_cat-saint-valentin","16":"product_cat-tranche-dage","17":"product_tag-jouer-au-service-a-the","18":"product_tag-jouet-service-a-the-rose-et-gris","19":"product_tag-moulin-roty-fr","20":"product_tag-moulin-roty-les-parisiennes-fr","21":"product_tag-moulin-roty-suisse-fr","22":"product_tag-moulin-roty-suisse-fr-2","23":"product_tag-moulin-roty-suisse-fr-3","24":"product_tag-moulin-roty-valise","25":"product_tag-service-a-the-dans-une-valise","26":"product_tag-service-a-the-en-metal","27":"product_tag-service-a-the-moulin-roty","28":"product_tag-service-a-the-moulin-roty-dans-une-valise-fr","29":"product_tag-service-a-the-moulin-roty-dans-une-valise","30":"product_tag-service-a-the-pour-enfants","32":"first","33":"instock","34":"taxable","35":"shipping-taxable","36":"purchasable","37":"product-type-simple"},"yoast_head":"<!-- This site is optimized with the Yoast SEO Premium plugin v25.8 (Yoast SEO v27.4) - https:\/\/yoast.com\/product\/yoast-seo-premium-wordpress\/ -->\n<title>Valise d\u00eenette \u00e0 th\u00e9 - Moulin Roty - Teia Education &amp; Play<\/title>\n<meta name=\"description\" content=\"Le valise d\u00eenette \u00e0 th\u00e9 de Moulin Roty de la collection Les Parisiennes inclut une th\u00e9i\u00e8re en m\u00e9tal, 4 tasses avec soucoupes et un plateau \u00e0 th\u00e9.\" \/>\n<meta name=\"robots\" content=\"index, follow, max-snippet:-1, max-image-preview:large, max-video-preview:-1\" \/>\n<link rel=\"canonical\" href=\"https:\/\/teiaeducation.ch\/fr\/produit\/valise-dinette-a-the-moulin-roty\/\" \/>\n<meta property=\"og:locale\" content=\"fr_FR\" \/>\n<meta property=\"og:type\" content=\"article\" \/>\n<meta property=\"og:title\" content=\"Valise d\u00eenette \u00e0 th\u00e9 - Moulin Roty\" \/>\n<meta property=\"og:description\" content=\"Le valise d\u00eenette \u00e0 th\u00e9 de Moulin Roty de la collection Les Parisiennes inclut une th\u00e9i\u00e8re en m\u00e9tal, 4 tasses avec soucoupes et un plateau \u00e0 th\u00e9.\" \/>\n<meta property=\"og:url\" content=\"https:\/\/teiaeducation.ch\/fr\/produit\/valise-dinette-a-the-moulin-roty\/\" \/>\n<meta property=\"og:site_name\" content=\"Sustainable Educational Products &amp; Ecological Toys\u00a0\" \/>\n<meta property=\"article:publisher\" content=\"https:\/\/www.facebook.com\/teiaeducation\/\" \/>\n<meta property=\"og:image\" content=\"https:\/\/teiaeducation.ch\/wp-content\/uploads\/2020\/11\/Tea-service-in-a-suitcase-Moulin-Roty.jpg\" \/>\n\t<meta property=\"og:image:width\" content=\"800\" \/>\n\t<meta property=\"og:image:height\" content=\"800\" \/>\n\t<meta property=\"og:image:type\" content=\"image\/jpeg\" \/>\n<script type=\"application\/ld+json\" class=\"yoast-schema-graph\">{\"@context\":\"https:\\\/\\\/schema.org\",\"@graph\":[{\"@type\":\"WebPage\",\"@id\":\"https:\\\/\\\/teiaeducation.ch\\\/fr\\\/produit\\\/valise-dinette-a-the-moulin-roty\\\/\",\"url\":\"https:\\\/\\\/teiaeducation.ch\\\/fr\\\/produit\\\/valise-dinette-a-the-moulin-roty\\\/\",\"name\":\"Valise d\u00eenette \u00e0 th\u00e9 - Moulin Roty - Teia Education & Play\",\"isPartOf\":{\"@id\":\"https:\\\/\\\/teiaeducation.ch\\\/fr\\\/#website\"},\"primaryImageOfPage\":{\"@id\":\"https:\\\/\\\/teiaeducation.ch\\\/fr\\\/produit\\\/valise-dinette-a-the-moulin-roty\\\/#primaryimage\"},\"image\":{\"@id\":\"https:\\\/\\\/teiaeducation.ch\\\/fr\\\/produit\\\/valise-dinette-a-the-moulin-roty\\\/#primaryimage\"},\"thumbnailUrl\":\"https:\\\/\\\/teiaeducation.ch\\\/wp-content\\\/uploads\\\/2020\\\/11\\\/Tea-service-in-a-suitcase-Moulin-Roty.jpg\",\"datePublished\":\"2026-01-23T10:50:56+00:00\",\"description\":\"Le valise d\u00eenette \u00e0 th\u00e9 de Moulin Roty de la collection Les Parisiennes inclut une th\u00e9i\u00e8re en m\u00e9tal, 4 tasses avec soucoupes et un plateau \u00e0 th\u00e9.\",\"breadcrumb\":{\"@id\":\"https:\\\/\\\/teiaeducation.ch\\\/fr\\\/produit\\\/valise-dinette-a-the-moulin-roty\\\/#breadcrumb\"},\"inLanguage\":\"fr-FR\",\"potentialAction\":[{\"@type\":\"ReadAction\",\"target\":[\"https:\\\/\\\/teiaeducation.ch\\\/fr\\\/produit\\\/valise-dinette-a-the-moulin-roty\\\/\"]}]},{\"@type\":\"ImageObject\",\"inLanguage\":\"fr-FR\",\"@id\":\"https:\\\/\\\/teiaeducation.ch\\\/fr\\\/produit\\\/valise-dinette-a-the-moulin-roty\\\/#primaryimage\",\"url\":\"https:\\\/\\\/teiaeducation.ch\\\/wp-content\\\/uploads\\\/2020\\\/11\\\/Tea-service-in-a-suitcase-Moulin-Roty.jpg\",\"contentUrl\":\"https:\\\/\\\/teiaeducation.ch\\\/wp-content\\\/uploads\\\/2020\\\/11\\\/Tea-service-in-a-suitcase-Moulin-Roty.jpg\",\"width\":800,\"height\":800,\"caption\":\"Service \u00e0 th\u00e9 dans une valise - Moulin Roty\"},{\"@type\":\"BreadcrumbList\",\"@id\":\"https:\\\/\\\/teiaeducation.ch\\\/fr\\\/produit\\\/valise-dinette-a-the-moulin-roty\\\/#breadcrumb\",\"itemListElement\":[{\"@type\":\"ListItem\",\"position\":1,\"name\":\"Home\",\"item\":\"https:\\\/\\\/teiaeducation.ch\\\/fr\\\/\"},{\"@type\":\"ListItem\",\"position\":2,\"name\":\"Boutique Teia Education &amp; Play\",\"item\":\"https:\\\/\\\/teiaeducation.ch\\\/fr\\\/boutique\\\/\"},{\"@type\":\"ListItem\",\"position\":3,\"name\":\"Tranche d'\u00c2ge\",\"item\":\"https:\\\/\\\/teiaeducation.ch\\\/fr\\\/categorie-produit\\\/tranche-dage\\\/\"},{\"@type\":\"ListItem\",\"position\":4,\"name\":\"3-6 Ans Maternelle\",\"item\":\"https:\\\/\\\/teiaeducation.ch\\\/fr\\\/categorie-produit\\\/tranche-dage\\\/3-6-ans\\\/\"},{\"@type\":\"ListItem\",\"position\":5,\"name\":\"Valise d\u00eenette \u00e0 th\u00e9 &#8211; Moulin Roty\"}]},{\"@type\":\"WebSite\",\"@id\":\"https:\\\/\\\/teiaeducation.ch\\\/fr\\\/#website\",\"url\":\"https:\\\/\\\/teiaeducation.ch\\\/fr\\\/\",\"name\":\"Sustainable Educational Products &amp; Ecological Toys\u00a0\",\"description\":\"Specialised Swiss shop selling sustainable educational toys and games, AMI certified Montessori materials, handmade ecological wooden Waldorf toys and arts &amp; crafts supplies, school supplies, children&#039;s furniture and Montessori reference and parenting books.\",\"publisher\":{\"@id\":\"https:\\\/\\\/teiaeducation.ch\\\/fr\\\/#organization\"},\"alternateName\":\"Teia Education & Play\",\"potentialAction\":[{\"@type\":\"SearchAction\",\"target\":{\"@type\":\"EntryPoint\",\"urlTemplate\":\"https:\\\/\\\/teiaeducation.ch\\\/fr\\\/?s={search_term_string}\"},\"query-input\":{\"@type\":\"PropertyValueSpecification\",\"valueRequired\":true,\"valueName\":\"search_term_string\"}}],\"inLanguage\":\"fr-FR\"},{\"@type\":\"Organization\",\"@id\":\"https:\\\/\\\/teiaeducation.ch\\\/fr\\\/#organization\",\"name\":\"Teia Education & Play\",\"url\":\"https:\\\/\\\/teiaeducation.ch\\\/fr\\\/\",\"logo\":{\"@type\":\"ImageObject\",\"inLanguage\":\"fr-FR\",\"@id\":\"https:\\\/\\\/teiaeducation.ch\\\/fr\\\/#\\\/schema\\\/logo\\\/image\\\/\",\"url\":\"https:\\\/\\\/teiaeducation.ch\\\/wp-content\\\/uploads\\\/2020\\\/11\\\/Teia-Education-Switzerland-e1620156442216.jpg\",\"contentUrl\":\"https:\\\/\\\/teiaeducation.ch\\\/wp-content\\\/uploads\\\/2020\\\/11\\\/Teia-Education-Switzerland-e1620156442216.jpg\",\"width\":166,\"height\":145,\"caption\":\"Teia Education & Play\"},\"image\":{\"@id\":\"https:\\\/\\\/teiaeducation.ch\\\/fr\\\/#\\\/schema\\\/logo\\\/image\\\/\"},\"sameAs\":[\"https:\\\/\\\/www.facebook.com\\\/teiaeducation\\\/\",\"https:\\\/\\\/x.com\\\/EducationTeia\",\"https:\\\/\\\/www.instagram.com\\\/teia.education\\\/\",\"https:\\\/\\\/www.linkedin.com\\\/company\\\/35501660\",\"https:\\\/\\\/www.pinterest.ch\\\/TeiaEducation\\\/\"]}]}<\/script>\n<meta property=\"product:price:amount\" content=\"64.90\" \/>\n<meta property=\"product:price:currency\" content=\"CHF\" \/>\n<meta property=\"og:availability\" content=\"instock\" \/>\n<meta property=\"product:availability\" content=\"instock\" \/>\n<meta property=\"product:retailer_item_id\" content=\"00000000000000000000000000000000000000000000032304\" \/>\n<meta property=\"product:condition\" content=\"new\" \/>\n<!-- \/ Yoast SEO Premium plugin. -->","yoast_head_json":{"title":"Valise d\u00eenette \u00e0 th\u00e9 - Moulin Roty - Teia Education & Play","description":"Le valise d\u00eenette \u00e0 th\u00e9 de Moulin Roty de la collection Les Parisiennes inclut une th\u00e9i\u00e8re en m\u00e9tal, 4 tasses avec soucoupes et un plateau \u00e0 th\u00e9.","robots":{"index":"index","follow":"follow","max-snippet":"max-snippet:-1","max-image-preview":"max-image-preview:large","max-video-preview":"max-video-preview:-1"},"canonical":"https:\/\/teiaeducation.ch\/fr\/produit\/valise-dinette-a-the-moulin-roty\/","og_locale":"fr_FR","og_type":"article","og_title":"Valise d\u00eenette \u00e0 th\u00e9 - Moulin Roty","og_description":"Le valise d\u00eenette \u00e0 th\u00e9 de Moulin Roty de la collection Les Parisiennes inclut une th\u00e9i\u00e8re en m\u00e9tal, 4 tasses avec soucoupes et un plateau \u00e0 th\u00e9.","og_url":"https:\/\/teiaeducation.ch\/fr\/produit\/valise-dinette-a-the-moulin-roty\/","og_site_name":"Sustainable Educational Products &amp; Ecological Toys\u00a0","article_publisher":"https:\/\/www.facebook.com\/teiaeducation\/","og_image":[{"width":800,"height":800,"url":"https:\/\/teiaeducation.ch\/wp-content\/uploads\/2020\/11\/Tea-service-in-a-suitcase-Moulin-Roty.jpg","type":"image\/jpeg"}],"schema":{"@context":"https:\/\/schema.org","@graph":[{"@type":"WebPage","@id":"https:\/\/teiaeducation.ch\/fr\/produit\/valise-dinette-a-the-moulin-roty\/","url":"https:\/\/teiaeducation.ch\/fr\/produit\/valise-dinette-a-the-moulin-roty\/","name":"Valise d\u00eenette \u00e0 th\u00e9 - Moulin Roty - Teia Education & Play","isPartOf":{"@id":"https:\/\/teiaeducation.ch\/fr\/#website"},"primaryImageOfPage":{"@id":"https:\/\/teiaeducation.ch\/fr\/produit\/valise-dinette-a-the-moulin-roty\/#primaryimage"},"image":{"@id":"https:\/\/teiaeducation.ch\/fr\/produit\/valise-dinette-a-the-moulin-roty\/#primaryimage"},"thumbnailUrl":"https:\/\/teiaeducation.ch\/wp-content\/uploads\/2020\/11\/Tea-service-in-a-suitcase-Moulin-Roty.jpg","datePublished":"2026-01-23T10:50:56+00:00","description":"Le valise d\u00eenette \u00e0 th\u00e9 de Moulin Roty de la collection Les Parisiennes inclut une th\u00e9i\u00e8re en m\u00e9tal, 4 tasses avec soucoupes et un plateau \u00e0 th\u00e9.","breadcrumb":{"@id":"https:\/\/teiaeducation.ch\/fr\/produit\/valise-dinette-a-the-moulin-roty\/#breadcrumb"},"inLanguage":"fr-FR","potentialAction":[{"@type":"ReadAction","target":["https:\/\/teiaeducation.ch\/fr\/produit\/valise-dinette-a-the-moulin-roty\/"]}]},{"@type":"ImageObject","inLanguage":"fr-FR","@id":"https:\/\/teiaeducation.ch\/fr\/produit\/valise-dinette-a-the-moulin-roty\/#primaryimage","url":"https:\/\/teiaeducation.ch\/wp-content\/uploads\/2020\/11\/Tea-service-in-a-suitcase-Moulin-Roty.jpg","contentUrl":"https:\/\/teiaeducation.ch\/wp-content\/uploads\/2020\/11\/Tea-service-in-a-suitcase-Moulin-Roty.jpg","width":800,"height":800,"caption":"Service \u00e0 th\u00e9 dans une valise - Moulin Roty"},{"@type":"BreadcrumbList","@id":"https:\/\/teiaeducation.ch\/fr\/produit\/valise-dinette-a-the-moulin-roty\/#breadcrumb","itemListElement":[{"@type":"ListItem","position":1,"name":"Home","item":"https:\/\/teiaeducation.ch\/fr\/"},{"@type":"ListItem","position":2,"name":"Boutique Teia Education &amp; Play","item":"https:\/\/teiaeducation.ch\/fr\/boutique\/"},{"@type":"ListItem","position":3,"name":"Tranche d'\u00c2ge","item":"https:\/\/teiaeducation.ch\/fr\/categorie-produit\/tranche-dage\/"},{"@type":"ListItem","position":4,"name":"3-6 Ans Maternelle","item":"https:\/\/teiaeducation.ch\/fr\/categorie-produit\/tranche-dage\/3-6-ans\/"},{"@type":"ListItem","position":5,"name":"Valise d\u00eenette \u00e0 th\u00e9 &#8211; Moulin Roty"}]},{"@type":"WebSite","@id":"https:\/\/teiaeducation.ch\/fr\/#website","url":"https:\/\/teiaeducation.ch\/fr\/","name":"Sustainable Educational Products &amp; Ecological Toys\u00a0","description":"Specialised Swiss shop selling sustainable educational toys and games, AMI certified Montessori materials, handmade ecological wooden Waldorf toys and arts &amp; crafts supplies, school supplies, children&#039;s furniture and Montessori reference and parenting books.","publisher":{"@id":"https:\/\/teiaeducation.ch\/fr\/#organization"},"alternateName":"Teia Education & Play","potentialAction":[{"@type":"SearchAction","target":{"@type":"EntryPoint","urlTemplate":"https:\/\/teiaeducation.ch\/fr\/?s={search_term_string}"},"query-input":{"@type":"PropertyValueSpecification","valueRequired":true,"valueName":"search_term_string"}}],"inLanguage":"fr-FR"},{"@type":"Organization","@id":"https:\/\/teiaeducation.ch\/fr\/#organization","name":"Teia Education & Play","url":"https:\/\/teiaeducation.ch\/fr\/","logo":{"@type":"ImageObject","inLanguage":"fr-FR","@id":"https:\/\/teiaeducation.ch\/fr\/#\/schema\/logo\/image\/","url":"https:\/\/teiaeducation.ch\/wp-content\/uploads\/2020\/11\/Teia-Education-Switzerland-e1620156442216.jpg","contentUrl":"https:\/\/teiaeducation.ch\/wp-content\/uploads\/2020\/11\/Teia-Education-Switzerland-e1620156442216.jpg","width":166,"height":145,"caption":"Teia Education & Play"},"image":{"@id":"https:\/\/teiaeducation.ch\/fr\/#\/schema\/logo\/image\/"},"sameAs":["https:\/\/www.facebook.com\/teiaeducation\/","https:\/\/x.com\/EducationTeia","https:\/\/www.instagram.com\/teia.education\/","https:\/\/www.linkedin.com\/company\/35501660","https:\/\/www.pinterest.ch\/TeiaEducation\/"]}]},"product_price_amount":"64.90","product_price_currency":"CHF","og_availability":"instock","product_availability":"instock","product_retailer_item_id":"00000000000000000000000000000000000000000000032304","product_condition":"new"},"_links":{"self":[{"href":"https:\/\/teiaeducation.ch\/fr\/wp-json\/wp\/v2\/product\/33859","targetHints":{"allow":["GET"]}}],"collection":[{"href":"https:\/\/teiaeducation.ch\/fr\/wp-json\/wp\/v2\/product"}],"about":[{"href":"https:\/\/teiaeducation.ch\/fr\/wp-json\/wp\/v2\/types\/product"}],"replies":[{"embeddable":true,"href":"https:\/\/teiaeducation.ch\/fr\/wp-json\/wp\/v2\/comments?post=33859"}],"wp:featuredmedia":[{"embeddable":true,"href":"https:\/\/teiaeducation.ch\/fr\/wp-json\/wp\/v2\/media\/32306"}],"wp:attachment":[{"href":"https:\/\/teiaeducation.ch\/fr\/wp-json\/wp\/v2\/media?parent=33859"}],"wp:term":[{"taxonomy":"product_brand","embeddable":true,"href":"https:\/\/teiaeducation.ch\/fr\/wp-json\/wp\/v2\/product_brand?post=33859"},{"taxonomy":"product_cat","embeddable":true,"href":"https:\/\/teiaeducation.ch\/fr\/wp-json\/wp\/v2\/product_cat?post=33859"},{"taxonomy":"product_tag","embeddable":true,"href":"https:\/\/teiaeducation.ch\/fr\/wp-json\/wp\/v2\/product_tag?post=33859"}],"curies":[{"name":"wp","href":"https:\/\/api.w.org\/{rel}","templated":true}]}}