{"id":33935,"date":"2020-12-19T21:30:58","date_gmt":"2021-02-04T12:23:46","guid":{"rendered":"https:\/\/teiaeducation.ch\/product\/sac-de-jeu-balade-dans-un-parc-play-go\/"},"modified":"2021-02-04T13:23:46","modified_gmt":"2021-02-04T12:23:46","slug":"sac-de-jeu-balade-dans-un-parc-play-go","status":"publish","type":"product","link":"https:\/\/teiaeducation.ch\/fr\/produit\/sac-de-jeu-balade-dans-un-parc-play-go\/","title":{"rendered":"Sac de jeu balade dans un parc &#8211; Play &amp; Go"},"content":{"rendered":"<p>Sac de jeu: balade dans un parc \/ Tapis de jeu et sac de rangement &#8211; Play &amp; Go<\/p>\n<p>Rendez le rangement des jouets amusant avec ce sac de jeu Play &amp; Go intuitif, pratique et unique &#8211; un tapis de jeu qui fait aussi sac de rangement.<\/p>\n<p>Le sac de jeu balade dans un parc de Play &amp; Go a un design moderne et \u00e9l\u00e9gant qui pr\u00e9sente les lettres de l&#8217;alphabet avec un d\u00e9cor de parc f\u00e9erique sur un c\u00f4t\u00e9 et des flamants et des \u00e9toiles imprim\u00e9s en rose sur l&#8217;autre. Ce magnifique et robuste tapis de jeu et sac de stockage emp\u00eache les jouets d&#8217;\u00eatre perdus et rend le rangement des jouets facile et rapide!<\/p>\n<p>Le sac de jeu balade dans un parc mesure 140 cm de diam\u00e8tre et constitue la solution de <a href=\"https:\/\/teiaeducation.ch\/product-category\/classroom-essentials\/furniture-storage\/\">rangement<\/a> id\u00e9ale pour tous les jouets, des blocs de construction aux voitures, en passant par les trains, les balles, les poup\u00e9es et les nounours. Le design portable et durable est id\u00e9al pour les excursions au parc, \u00e0 la plage ou dans n&#8217;importe quelle pi\u00e8ce de la maison, ce qui permet d&#8217;emporter facilement des jouets.<\/p>\n<p>Ouvrez le tapis de jeu pour jouer avec les enfants ou les b\u00e9b\u00e9s \u00e0 la maison ou partout et ensuite tout ranger en tirant simplement sur les cordes.<\/p>\n<p>Play &amp; Go est une marque belge cr\u00e9ative qui offre des produits durables de haute qualit\u00e9 pour vous, vos enfants et votre maison.<\/p>\n<p>Les designs et motifs exclusifs sont modernes et attrayants pour aller dans chaque pi\u00e8ce et donner envie de jouer. Les sacs Play &amp; Go rendent le rangement et l&#8217;organisation des jouets facile et rapide et sont fait en polycoton de haute qualit\u00e9 avec des designs et des motifs exclusifs. Ils sont produits sous des normes de protection de l\u2019environnement de calibre mondial.<\/p>\n<p>Contenu :<\/p>\n<p>1 tapis de jeu\/sac de stockage double face<\/p>\n","protected":false},"excerpt":{"rendered":"<p>Num\u00e9ro d&#8217;article : 47094<\/p>\n<p>Le sac de jeu balade dans un parc de Play &amp; Go est un tapis de jeu moderne et \u00e9l\u00e9gant qui fait aussi sac de rangement. Une super solution pour ranger des jouets qui rend le rangement de jouets facile!<\/p>\n","protected":false},"featured_media":33353,"comment_status":"open","ping_status":"closed","template":"","meta":[],"product_brand":[],"product_cat":[208,215,216,23635,18893,22344,17238,13130,217,5851,18442,23538,18457,18456,212],"product_tag":[18444,18453,18443,18448,18451,18458,18455,18447,18454,18446,18449,18445,18452,18450],"class_list":{"0":"post-33935","1":"product","2":"type-product","3":"status-publish","4":"has-post-thumbnail","6":"product_cat-1-3-ans","7":"product_cat-3-6-ans","8":"product_cat-6-12-ans","9":"product_cat-collection-dete","10":"product_cat-collection-printemps","11":"product_cat-collections-saisonnieres","12":"product_cat-guide-cadeaux-jouets-mous","13":"product_cat-jouer","14":"product_cat-marques","15":"product_cat-nouveautes","16":"product_cat-play-go-fr","17":"product_cat-soldes-dete","18":"product_cat-stockage-de-jouets","19":"product_cat-tapis-de-jeu","20":"product_cat-tranche-dage","21":"product_tag-play-go-suisse","22":"product_tag-sac-de-jouets-legumes","23":"product_tag-sac-de-jouets-play-go","24":"product_tag-sac-pour-jouets","25":"product_tag-sac-pour-jouets-legumes","26":"product_tag-sac-pour-jouets-legumes-play-go","27":"product_tag-solutions-de-rangement-de-jouets","28":"product_tag-solutions-de-stockage-de-jouets","29":"product_tag-stockage-de-jouets","30":"product_tag-stockage-de-jouets-et-tapis-de-jeu","31":"product_tag-tapis-de-jeu","32":"product_tag-tapis-de-jeu-et-sac-de-stockage","33":"product_tag-tapis-de-jeu-legumes-fr","34":"product_tag-tapis-de-jeu-legumes","36":"first","37":"outofstock","38":"sale","39":"taxable","40":"shipping-taxable","41":"purchasable","42":"product-type-simple"},"yoast_head":"<!-- This site is optimized with the Yoast SEO plugin v27.1.1 - https:\/\/yoast.com\/product\/yoast-seo-wordpress\/ -->\n<title>Sac de jeu balade dans un parc - Play &amp; Go - Teia Education &amp; Play<\/title>\n<meta name=\"description\" content=\"Le sac de jeu balade dans un parc de Play &amp; Go est un tapis de jeu et sac de rangement moderne et \u00e9l\u00e9gant. Une super solution pour ranger des jouets qui rend le rangement de jouets plus facile!\" \/>\n<meta name=\"robots\" content=\"index, follow, max-snippet:-1, max-image-preview:large, max-video-preview:-1\" \/>\n<link rel=\"canonical\" href=\"https:\/\/teiaeducation.ch\/fr\/produit\/sac-de-jeu-balade-dans-un-parc-play-go\/\" \/>\n<meta property=\"og:locale\" content=\"fr_FR\" \/>\n<meta property=\"og:type\" content=\"article\" \/>\n<meta property=\"og:title\" content=\"Sac de jeu balade dans un parc - Play &amp; Go - Teia Education &amp; Play\" \/>\n<meta property=\"og:description\" content=\"Le sac de jeu balade dans un parc de Play &amp; Go est un tapis de jeu et sac de rangement moderne et \u00e9l\u00e9gant. Une super solution pour ranger des jouets qui rend le rangement de jouets plus facile!\" \/>\n<meta property=\"og:url\" content=\"https:\/\/teiaeducation.ch\/fr\/produit\/sac-de-jeu-balade-dans-un-parc-play-go\/\" \/>\n<meta property=\"og:site_name\" content=\"Sustainable Educational Products &amp; Ecological Toys\u00a0\" \/>\n<meta property=\"article:publisher\" content=\"https:\/\/www.facebook.com\/teiaeducation\/\" \/>\n<meta property=\"og:image\" content=\"https:\/\/teiaeducation.ch\/wp-content\/uploads\/2020\/12\/Walk-in-a-park-play-bag-Play-mat-and-storage-bag-Play-Go.jpg\" \/>\n\t<meta property=\"og:image:width\" content=\"800\" \/>\n\t<meta property=\"og:image:height\" content=\"800\" \/>\n\t<meta property=\"og:image:type\" content=\"image\/jpeg\" \/>\n<script type=\"application\/ld+json\" class=\"yoast-schema-graph\">{\"@context\":\"https:\/\/schema.org\",\"@graph\":[{\"@type\":\"WebPage\",\"@id\":\"https:\/\/teiaeducation.ch\/fr\/produit\/sac-de-jeu-balade-dans-un-parc-play-go\/\",\"url\":\"https:\/\/teiaeducation.ch\/fr\/produit\/sac-de-jeu-balade-dans-un-parc-play-go\/\",\"name\":\"Sac de jeu balade dans un parc - Play &amp; Go - Teia Education & Play\",\"isPartOf\":{\"@id\":\"https:\/\/teiaeducation.ch\/fr\/#website\"},\"primaryImageOfPage\":{\"@id\":\"https:\/\/teiaeducation.ch\/fr\/produit\/sac-de-jeu-balade-dans-un-parc-play-go\/#primaryimage\"},\"image\":{\"@id\":\"https:\/\/teiaeducation.ch\/fr\/produit\/sac-de-jeu-balade-dans-un-parc-play-go\/#primaryimage\"},\"thumbnailUrl\":\"https:\/\/teiaeducation.ch\/wp-content\/uploads\/2020\/12\/Walk-in-a-park-play-bag-Play-mat-and-storage-bag-Play-Go.jpg\",\"datePublished\":\"2021-02-04T12:23:46+00:00\",\"description\":\"Le sac de jeu balade dans un parc de Play & Go est un tapis de jeu et sac de rangement moderne et \u00e9l\u00e9gant. Une super solution pour ranger des jouets qui rend le rangement de jouets plus facile!\",\"breadcrumb\":{\"@id\":\"https:\/\/teiaeducation.ch\/fr\/produit\/sac-de-jeu-balade-dans-un-parc-play-go\/#breadcrumb\"},\"inLanguage\":\"fr-FR\",\"potentialAction\":[{\"@type\":\"ReadAction\",\"target\":[\"https:\/\/teiaeducation.ch\/fr\/produit\/sac-de-jeu-balade-dans-un-parc-play-go\/\"]}]},{\"@type\":\"ImageObject\",\"inLanguage\":\"fr-FR\",\"@id\":\"https:\/\/teiaeducation.ch\/fr\/produit\/sac-de-jeu-balade-dans-un-parc-play-go\/#primaryimage\",\"url\":\"https:\/\/teiaeducation.ch\/wp-content\/uploads\/2020\/12\/Walk-in-a-park-play-bag-Play-mat-and-storage-bag-Play-Go.jpg\",\"contentUrl\":\"https:\/\/teiaeducation.ch\/wp-content\/uploads\/2020\/12\/Walk-in-a-park-play-bag-Play-mat-and-storage-bag-Play-Go.jpg\",\"width\":800,\"height\":800,\"caption\":\"Sac de jeu: balade dans un parc \/ Tapis de jeu et sac de rangement - Play &amp; Go\"},{\"@type\":\"BreadcrumbList\",\"@id\":\"https:\/\/teiaeducation.ch\/fr\/produit\/sac-de-jeu-balade-dans-un-parc-play-go\/#breadcrumb\",\"itemListElement\":[{\"@type\":\"ListItem\",\"position\":1,\"name\":\"Home\",\"item\":\"https:\/\/teiaeducation.ch\/fr\/\"},{\"@type\":\"ListItem\",\"position\":2,\"name\":\"Boutique Teia Education &amp; Play\",\"item\":\"https:\/\/teiaeducation.ch\/fr\/boutique\/\"},{\"@type\":\"ListItem\",\"position\":3,\"name\":\"Nos Marques\",\"item\":\"https:\/\/teiaeducation.ch\/fr\/categorie-produit\/marques\/\"},{\"@type\":\"ListItem\",\"position\":4,\"name\":\"Play &amp; Go\",\"item\":\"https:\/\/teiaeducation.ch\/fr\/categorie-produit\/marques\/play-go-fr\/\"},{\"@type\":\"ListItem\",\"position\":5,\"name\":\"Sac de jeu balade dans un parc &#8211; Play &amp; Go\"}]},{\"@type\":\"WebSite\",\"@id\":\"https:\/\/teiaeducation.ch\/fr\/#website\",\"url\":\"https:\/\/teiaeducation.ch\/fr\/\",\"name\":\"Sustainable Educational Products &amp; Ecological Toys\u00a0\",\"description\":\"Specialised Swiss shop selling sustainable educational toys and games, AMI certified Montessori materials, handmade ecological wooden Waldorf toys and arts &amp; crafts supplies, school supplies, children&#039;s furniture and Montessori reference and parenting books.\",\"publisher\":{\"@id\":\"https:\/\/teiaeducation.ch\/fr\/#organization\"},\"alternateName\":\"Teia Education & Play\",\"potentialAction\":[{\"@type\":\"SearchAction\",\"target\":{\"@type\":\"EntryPoint\",\"urlTemplate\":\"https:\/\/teiaeducation.ch\/fr\/?s={search_term_string}\"},\"query-input\":{\"@type\":\"PropertyValueSpecification\",\"valueRequired\":true,\"valueName\":\"search_term_string\"}}],\"inLanguage\":\"fr-FR\"},{\"@type\":\"Organization\",\"@id\":\"https:\/\/teiaeducation.ch\/fr\/#organization\",\"name\":\"Teia Education & Play\",\"url\":\"https:\/\/teiaeducation.ch\/fr\/\",\"logo\":{\"@type\":\"ImageObject\",\"inLanguage\":\"fr-FR\",\"@id\":\"https:\/\/teiaeducation.ch\/fr\/#\/schema\/logo\/image\/\",\"url\":\"https:\/\/teiaeducation.ch\/wp-content\/uploads\/2020\/11\/Teia-Education-Switzerland-e1620156442216.jpg\",\"contentUrl\":\"https:\/\/teiaeducation.ch\/wp-content\/uploads\/2020\/11\/Teia-Education-Switzerland-e1620156442216.jpg\",\"width\":166,\"height\":145,\"caption\":\"Teia Education & Play\"},\"image\":{\"@id\":\"https:\/\/teiaeducation.ch\/fr\/#\/schema\/logo\/image\/\"},\"sameAs\":[\"https:\/\/www.facebook.com\/teiaeducation\/\",\"https:\/\/x.com\/EducationTeia\",\"https:\/\/www.instagram.com\/teia.education\/\",\"https:\/\/www.linkedin.com\/company\/35501660\",\"https:\/\/www.pinterest.ch\/TeiaEducation\/\"]}]}<\/script>\n<!-- \/ Yoast SEO plugin. -->","yoast_head_json":{"title":"Sac de jeu balade dans un parc - Play &amp; Go - Teia Education & Play","description":"Le sac de jeu balade dans un parc de Play & Go est un tapis de jeu et sac de rangement moderne et \u00e9l\u00e9gant. Une super solution pour ranger des jouets qui rend le rangement de jouets plus facile!","robots":{"index":"index","follow":"follow","max-snippet":"max-snippet:-1","max-image-preview":"max-image-preview:large","max-video-preview":"max-video-preview:-1"},"canonical":"https:\/\/teiaeducation.ch\/fr\/produit\/sac-de-jeu-balade-dans-un-parc-play-go\/","og_locale":"fr_FR","og_type":"article","og_title":"Sac de jeu balade dans un parc - Play &amp; Go - Teia Education & Play","og_description":"Le sac de jeu balade dans un parc de Play & Go est un tapis de jeu et sac de rangement moderne et \u00e9l\u00e9gant. Une super solution pour ranger des jouets qui rend le rangement de jouets plus facile!","og_url":"https:\/\/teiaeducation.ch\/fr\/produit\/sac-de-jeu-balade-dans-un-parc-play-go\/","og_site_name":"Sustainable Educational Products &amp; Ecological Toys\u00a0","article_publisher":"https:\/\/www.facebook.com\/teiaeducation\/","og_image":[{"width":800,"height":800,"url":"https:\/\/teiaeducation.ch\/wp-content\/uploads\/2020\/12\/Walk-in-a-park-play-bag-Play-mat-and-storage-bag-Play-Go.jpg","type":"image\/jpeg"}],"schema":{"@context":"https:\/\/schema.org","@graph":[{"@type":"WebPage","@id":"https:\/\/teiaeducation.ch\/fr\/produit\/sac-de-jeu-balade-dans-un-parc-play-go\/","url":"https:\/\/teiaeducation.ch\/fr\/produit\/sac-de-jeu-balade-dans-un-parc-play-go\/","name":"Sac de jeu balade dans un parc - Play &amp; Go - Teia Education & Play","isPartOf":{"@id":"https:\/\/teiaeducation.ch\/fr\/#website"},"primaryImageOfPage":{"@id":"https:\/\/teiaeducation.ch\/fr\/produit\/sac-de-jeu-balade-dans-un-parc-play-go\/#primaryimage"},"image":{"@id":"https:\/\/teiaeducation.ch\/fr\/produit\/sac-de-jeu-balade-dans-un-parc-play-go\/#primaryimage"},"thumbnailUrl":"https:\/\/teiaeducation.ch\/wp-content\/uploads\/2020\/12\/Walk-in-a-park-play-bag-Play-mat-and-storage-bag-Play-Go.jpg","datePublished":"2021-02-04T12:23:46+00:00","description":"Le sac de jeu balade dans un parc de Play & Go est un tapis de jeu et sac de rangement moderne et \u00e9l\u00e9gant. Une super solution pour ranger des jouets qui rend le rangement de jouets plus facile!","breadcrumb":{"@id":"https:\/\/teiaeducation.ch\/fr\/produit\/sac-de-jeu-balade-dans-un-parc-play-go\/#breadcrumb"},"inLanguage":"fr-FR","potentialAction":[{"@type":"ReadAction","target":["https:\/\/teiaeducation.ch\/fr\/produit\/sac-de-jeu-balade-dans-un-parc-play-go\/"]}]},{"@type":"ImageObject","inLanguage":"fr-FR","@id":"https:\/\/teiaeducation.ch\/fr\/produit\/sac-de-jeu-balade-dans-un-parc-play-go\/#primaryimage","url":"https:\/\/teiaeducation.ch\/wp-content\/uploads\/2020\/12\/Walk-in-a-park-play-bag-Play-mat-and-storage-bag-Play-Go.jpg","contentUrl":"https:\/\/teiaeducation.ch\/wp-content\/uploads\/2020\/12\/Walk-in-a-park-play-bag-Play-mat-and-storage-bag-Play-Go.jpg","width":800,"height":800,"caption":"Sac de jeu: balade dans un parc \/ Tapis de jeu et sac de rangement - Play &amp; Go"},{"@type":"BreadcrumbList","@id":"https:\/\/teiaeducation.ch\/fr\/produit\/sac-de-jeu-balade-dans-un-parc-play-go\/#breadcrumb","itemListElement":[{"@type":"ListItem","position":1,"name":"Home","item":"https:\/\/teiaeducation.ch\/fr\/"},{"@type":"ListItem","position":2,"name":"Boutique Teia Education &amp; Play","item":"https:\/\/teiaeducation.ch\/fr\/boutique\/"},{"@type":"ListItem","position":3,"name":"Nos Marques","item":"https:\/\/teiaeducation.ch\/fr\/categorie-produit\/marques\/"},{"@type":"ListItem","position":4,"name":"Play &amp; Go","item":"https:\/\/teiaeducation.ch\/fr\/categorie-produit\/marques\/play-go-fr\/"},{"@type":"ListItem","position":5,"name":"Sac de jeu balade dans un parc &#8211; Play &amp; Go"}]},{"@type":"WebSite","@id":"https:\/\/teiaeducation.ch\/fr\/#website","url":"https:\/\/teiaeducation.ch\/fr\/","name":"Sustainable Educational Products &amp; Ecological Toys\u00a0","description":"Specialised Swiss shop selling sustainable educational toys and games, AMI certified Montessori materials, handmade ecological wooden Waldorf toys and arts &amp; crafts supplies, school supplies, children&#039;s furniture and Montessori reference and parenting books.","publisher":{"@id":"https:\/\/teiaeducation.ch\/fr\/#organization"},"alternateName":"Teia Education & Play","potentialAction":[{"@type":"SearchAction","target":{"@type":"EntryPoint","urlTemplate":"https:\/\/teiaeducation.ch\/fr\/?s={search_term_string}"},"query-input":{"@type":"PropertyValueSpecification","valueRequired":true,"valueName":"search_term_string"}}],"inLanguage":"fr-FR"},{"@type":"Organization","@id":"https:\/\/teiaeducation.ch\/fr\/#organization","name":"Teia Education & Play","url":"https:\/\/teiaeducation.ch\/fr\/","logo":{"@type":"ImageObject","inLanguage":"fr-FR","@id":"https:\/\/teiaeducation.ch\/fr\/#\/schema\/logo\/image\/","url":"https:\/\/teiaeducation.ch\/wp-content\/uploads\/2020\/11\/Teia-Education-Switzerland-e1620156442216.jpg","contentUrl":"https:\/\/teiaeducation.ch\/wp-content\/uploads\/2020\/11\/Teia-Education-Switzerland-e1620156442216.jpg","width":166,"height":145,"caption":"Teia Education & Play"},"image":{"@id":"https:\/\/teiaeducation.ch\/fr\/#\/schema\/logo\/image\/"},"sameAs":["https:\/\/www.facebook.com\/teiaeducation\/","https:\/\/x.com\/EducationTeia","https:\/\/www.instagram.com\/teia.education\/","https:\/\/www.linkedin.com\/company\/35501660","https:\/\/www.pinterest.ch\/TeiaEducation\/"]}]}},"_links":{"self":[{"href":"https:\/\/teiaeducation.ch\/fr\/wp-json\/wp\/v2\/product\/33935","targetHints":{"allow":["GET"]}}],"collection":[{"href":"https:\/\/teiaeducation.ch\/fr\/wp-json\/wp\/v2\/product"}],"about":[{"href":"https:\/\/teiaeducation.ch\/fr\/wp-json\/wp\/v2\/types\/product"}],"replies":[{"embeddable":true,"href":"https:\/\/teiaeducation.ch\/fr\/wp-json\/wp\/v2\/comments?post=33935"}],"wp:featuredmedia":[{"embeddable":true,"href":"https:\/\/teiaeducation.ch\/fr\/wp-json\/wp\/v2\/media\/33353"}],"wp:attachment":[{"href":"https:\/\/teiaeducation.ch\/fr\/wp-json\/wp\/v2\/media?parent=33935"}],"wp:term":[{"taxonomy":"product_brand","embeddable":true,"href":"https:\/\/teiaeducation.ch\/fr\/wp-json\/wp\/v2\/product_brand?post=33935"},{"taxonomy":"product_cat","embeddable":true,"href":"https:\/\/teiaeducation.ch\/fr\/wp-json\/wp\/v2\/product_cat?post=33935"},{"taxonomy":"product_tag","embeddable":true,"href":"https:\/\/teiaeducation.ch\/fr\/wp-json\/wp\/v2\/product_tag?post=33935"}],"curies":[{"name":"wp","href":"https:\/\/api.w.org\/{rel}","templated":true}]}}