{"id":33949,"date":"2023-04-11T11:00:22","date_gmt":"2023-04-11T09:00:22","guid":{"rendered":"https:\/\/teiaeducation.ch\/product\/figure-decorative-papillon-orange-grimms\/"},"modified":"2025-09-14T16:28:56","modified_gmt":"2025-09-14T14:28:56","slug":"figurine-decorative-papillon-orange-grimms","status":"publish","type":"product","link":"https:\/\/teiaeducation.ch\/fr\/produit\/figurine-decorative-papillon-orange-grimms\/","title":{"rendered":"Figurine d\u00e9corative papillon orange &#8211; Grimm&#8217;s"},"content":{"rendered":"<p>Figurine de papillon orange \/ D\u00e9coration anneau d&#8217;anniversaire Waldorf &#8211; Grimm&#8217;s<\/p>\n<p>Cette fantastique figurine de papillon d\u00e9coratif orange en bois de Grimm&#8217;s de notre collection <a href=\"https:\/\/teiaeducation.ch\/fr\/categorie-produit\/celebrations-fr\/\">c\u00e9l\u00e9brations<\/a>\u00a0est une jolie d\u00e9coration pour anneaux d&#8217;anniversaire faite \u00e0 la main.<\/p>\n<p>Les fabuleuses figurines d\u00e9coratives de Grimm&#8217;s sont parfaites pour d\u00e9corer leurs anneaux d&#8217;anniversaire de style Waldorf. Choisissez les animaux, jouets ou autres int\u00e9r\u00eats particuliers pr\u00e9f\u00e9r\u00e9s de votre enfant parmi l\u2019adorable gamme de figurines pour cr\u00e9er une d\u00e9coration vraiment personnelle et marquer les occasions sp\u00e9ciales avec cette merveilleuse tradition. Les figurines\u00a0d\u00e9coratives de Grimm&#8217;s font \u00e9galement un excellent ajout \u00e0 une d\u00e9corations saisonni\u00e8re ou \u00e0 une table nature.<\/p>\n<p>La figurine d\u00e9corative papillon orange de Grimm&#8217;s est faite \u00e0 la main \u00e0 partir de bois de tilleul et peinte \u00e0 la main avec une peinture non toxique \u00e0 base d&#8217;eau. Elle mesure 6cm de haut.<\/p>\n<p>Id\u00e9aux pour la maison, la cr\u00e8che, Waldorf ou l\u2019\u00e9cole Steiner, les magnifiques jouets en bois naturel Grimm&#8217;s sont fabriqu\u00e9s selon la philosophie Waldorf qui est bien connue pour encourager les enfants \u00e0 d\u00e9couvrir le jeu cr\u00e9atif de fa\u00e7on ind\u00e9pendante, sans limitations \u00e0 un rythme sans h\u00e2te. Les jouets en bois de Grimm&#8217;s sont color\u00e9s \u00e0 la main avec des peintures \u00e0 base d\u2019eau non toxiques et ne sont pas finis avec de la laque pour assurer les caract\u00e9ristiques originales du bois et pour qu&#8217;on puisse voir le grain \u00e0 travers. La surface des jouets fabriqu\u00e9s \u00e0 partir de bois europ\u00e9ens certifi\u00e9 FSC est laiss\u00e9e l\u00e9g\u00e8rement rugueuse, ce qui les rend plus facilement empilables et moins glissants.<\/p>\n<p>Les jouets en bois de Grimm&#8217;s sont fabriqu\u00e9s dans les manufacture de Grimm&#8217;s en Allemagne ainsi que dans plusieurs ateliers \u00e0 travers l\u2019Europe \u00e0 partir de diff\u00e9rents types de bois tels que l\u2019aulne, la chaux, le h\u00eatre et l\u2019\u00e9rable. Tout le bois utilis\u00e9 pour fabriquer les jouets de Grimm&#8217;s provient de for\u00eats europ\u00e9ennes g\u00e9r\u00e9es de mani\u00e8re durable.<\/p>\n<p>Veuillez noter que les jouets de Grimm&#8217;s sont toujours uniques, et portent des marques uniques faites par la nature. Le grain du bois a des structures et des couleurs changeantes qui servent de preuve de ses origines naturelles. Les variations uniques, les marques, les noeuds, les motifs, les rayures noires ou les taches sombres qui peuvent \u00eatre visibles dans le bois des jouets de Grimm&#8217;s sont une preuve de qualit\u00e9, et non des d\u00e9fauts.<\/p>\n<p>Avertissement! La figurine de papillon orange de Grimm&#8217;s est un objet d\u00e9coratif et ne convient pas pour jouer.<\/p>\n<p>Contenu:<\/p>\n<p>1 figurine d\u00e9corative en bois<\/p>\n","protected":false},"excerpt":{"rendered":"<p>Num\u00e9ro d&#8217;article: gri03430<\/p>\n<p>La figurine d\u00e9corative papillon orange de Grimm&#8217;s est une d\u00e9coration en bois pour l&#8217;anneau d\u2019anniversaire et c\u00e9l\u00e9brations de style Waldorf.<\/p>\n","protected":false},"featured_media":53237,"comment_status":"open","ping_status":"closed","template":"","meta":[],"product_brand":[],"product_cat":[22346,24874,17225,18893,17212,23021,7595,217,5851,22350,22348,212,1219],"product_tag":[18410,18409,18413,18414,18405,18406,18589,18404,18408,18411,8625,18588,17332,17334,17335,18407,17336,18412],"class_list":{"0":"post-33949","1":"product","2":"type-product","3":"status-publish","4":"has-post-thumbnail","6":"product_cat-anniversaires","7":"product_cat-celebrations-rituels-familiaux","8":"product_cat-celebrations-fr","9":"product_cat-collection-printemps","10":"product_cat-grimms-fr","11":"product_cat-jouets-waldorf","12":"product_cat-methode-deducation","13":"product_cat-marques","14":"product_cat-nouveautes","15":"product_cat-rituels-avent","16":"product_cat-natur-saisonale-tische","17":"product_cat-tranche-dage","18":"product_cat-waldorf-fr","19":"product_tag-anneau-danniversaire","20":"product_tag-anneau-danniversaire-de-grimm","21":"product_tag-anneau-danniversaire-waldorf","22":"product_tag-anneau-de-celebration-de-waldorf","23":"product_tag-anneaux-danniversaire-de-grimm","24":"product_tag-anneaux-de-celebration","25":"product_tag-decoration-papillon-de-grimms","26":"product_tag-decorations-danniversaire-en-bois","27":"product_tag-decorations-danniversaire-en-bois-de-grimm","28":"product_tag-decorations-pour-support-de-bougie","29":"product_tag-fabrique-en-allemagne","30":"product_tag-figure-decorative-papillon-de-grimms","31":"product_tag-grimm-suisse","32":"product_tag-grimm-suisse-fr","33":"product_tag-grimme-suisse","34":"product_tag-les-figures-decoratives-de-grimm","35":"product_tag-magasin-de-jouets-en-bois-grimm","36":"product_tag-support-de-bougies-danniversaire-en-bois","38":"first","39":"outofstock","40":"taxable","41":"shipping-taxable","42":"purchasable","43":"product-type-simple"},"yoast_head":"<!-- This site is optimized with the Yoast SEO plugin v27.1.1 - https:\/\/yoast.com\/product\/yoast-seo-wordpress\/ -->\n<title>Figurine d\u00e9corative papillon orange - Grimm&#039;s - Teia Education &amp; Play<\/title>\n<meta name=\"description\" content=\"La figurine d\u00e9corative papillon orange de Grimm&#039;s est une d\u00e9coration en bois pour l&#039;anneau d\u2019anniversaire et c\u00e9l\u00e9brations de style Waldorf.\" \/>\n<meta name=\"robots\" content=\"index, follow, max-snippet:-1, max-image-preview:large, max-video-preview:-1\" \/>\n<link rel=\"canonical\" href=\"https:\/\/teiaeducation.ch\/fr\/produit\/figurine-decorative-papillon-orange-grimms\/\" \/>\n<meta property=\"og:locale\" content=\"fr_FR\" \/>\n<meta property=\"og:type\" content=\"article\" \/>\n<meta property=\"og:title\" content=\"Figurine d\u00e9corative papillon orange - Grimm&#039;s - Teia Education &amp; Play\" \/>\n<meta property=\"og:description\" content=\"La figurine d\u00e9corative papillon orange de Grimm&#039;s est une d\u00e9coration en bois pour l&#039;anneau d\u2019anniversaire et c\u00e9l\u00e9brations de style Waldorf.\" \/>\n<meta property=\"og:url\" content=\"https:\/\/teiaeducation.ch\/fr\/produit\/figurine-decorative-papillon-orange-grimms\/\" \/>\n<meta property=\"og:site_name\" content=\"Sustainable Educational Products &amp; Ecological Toys\u00a0\" \/>\n<meta property=\"article:publisher\" content=\"https:\/\/www.facebook.com\/teiaeducation\/\" \/>\n<meta property=\"article:modified_time\" content=\"2025-09-14T14:28:56+00:00\" \/>\n<meta property=\"og:image\" content=\"https:\/\/teiaeducation.ch\/wp-content\/uploads\/2020\/12\/Waldorf-birthday-ring-decoration-yellow-butterfly-decorative-figure-Grimms.jpg\" \/>\n\t<meta property=\"og:image:width\" content=\"1280\" \/>\n\t<meta property=\"og:image:height\" content=\"1280\" \/>\n\t<meta property=\"og:image:type\" content=\"image\/jpeg\" \/>\n<script type=\"application\/ld+json\" class=\"yoast-schema-graph\">{\"@context\":\"https:\/\/schema.org\",\"@graph\":[{\"@type\":\"WebPage\",\"@id\":\"https:\/\/teiaeducation.ch\/fr\/produit\/figurine-decorative-papillon-orange-grimms\/\",\"url\":\"https:\/\/teiaeducation.ch\/fr\/produit\/figurine-decorative-papillon-orange-grimms\/\",\"name\":\"Figurine d\u00e9corative papillon orange - Grimm's - Teia Education & Play\",\"isPartOf\":{\"@id\":\"https:\/\/teiaeducation.ch\/fr\/#website\"},\"primaryImageOfPage\":{\"@id\":\"https:\/\/teiaeducation.ch\/fr\/produit\/figurine-decorative-papillon-orange-grimms\/#primaryimage\"},\"image\":{\"@id\":\"https:\/\/teiaeducation.ch\/fr\/produit\/figurine-decorative-papillon-orange-grimms\/#primaryimage\"},\"thumbnailUrl\":\"https:\/\/teiaeducation.ch\/wp-content\/uploads\/2020\/12\/Waldorf-birthday-ring-decoration-yellow-butterfly-decorative-figure-Grimms.jpg\",\"datePublished\":\"2023-04-11T09:00:22+00:00\",\"dateModified\":\"2025-09-14T14:28:56+00:00\",\"description\":\"La figurine d\u00e9corative papillon orange de Grimm's est une d\u00e9coration en bois pour l'anneau d\u2019anniversaire et c\u00e9l\u00e9brations de style Waldorf.\",\"breadcrumb\":{\"@id\":\"https:\/\/teiaeducation.ch\/fr\/produit\/figurine-decorative-papillon-orange-grimms\/#breadcrumb\"},\"inLanguage\":\"fr-FR\",\"potentialAction\":[{\"@type\":\"ReadAction\",\"target\":[\"https:\/\/teiaeducation.ch\/fr\/produit\/figurine-decorative-papillon-orange-grimms\/\"]}]},{\"@type\":\"ImageObject\",\"inLanguage\":\"fr-FR\",\"@id\":\"https:\/\/teiaeducation.ch\/fr\/produit\/figurine-decorative-papillon-orange-grimms\/#primaryimage\",\"url\":\"https:\/\/teiaeducation.ch\/wp-content\/uploads\/2020\/12\/Waldorf-birthday-ring-decoration-yellow-butterfly-decorative-figure-Grimms.jpg\",\"contentUrl\":\"https:\/\/teiaeducation.ch\/wp-content\/uploads\/2020\/12\/Waldorf-birthday-ring-decoration-yellow-butterfly-decorative-figure-Grimms.jpg\",\"width\":1280,\"height\":1280,\"caption\":\"Waldorf birthday ring decoration yellow butterfly decorative figure Grimm's\"},{\"@type\":\"BreadcrumbList\",\"@id\":\"https:\/\/teiaeducation.ch\/fr\/produit\/figurine-decorative-papillon-orange-grimms\/#breadcrumb\",\"itemListElement\":[{\"@type\":\"ListItem\",\"position\":1,\"name\":\"Home\",\"item\":\"https:\/\/teiaeducation.ch\/fr\/\"},{\"@type\":\"ListItem\",\"position\":2,\"name\":\"Boutique Teia Education &amp; Play\",\"item\":\"https:\/\/teiaeducation.ch\/fr\/boutique\/\"},{\"@type\":\"ListItem\",\"position\":3,\"name\":\"Nos Marques\",\"item\":\"https:\/\/teiaeducation.ch\/fr\/categorie-produit\/marques\/\"},{\"@type\":\"ListItem\",\"position\":4,\"name\":\"Grimm's\",\"item\":\"https:\/\/teiaeducation.ch\/fr\/categorie-produit\/marques\/grimms-fr\/\"},{\"@type\":\"ListItem\",\"position\":5,\"name\":\"Figurine d\u00e9corative papillon orange &#8211; Grimm&#8217;s\"}]},{\"@type\":\"WebSite\",\"@id\":\"https:\/\/teiaeducation.ch\/fr\/#website\",\"url\":\"https:\/\/teiaeducation.ch\/fr\/\",\"name\":\"Sustainable Educational Products &amp; Ecological Toys\u00a0\",\"description\":\"Specialised Swiss shop selling sustainable educational toys and games, AMI certified Montessori materials, handmade ecological wooden Waldorf toys and arts &amp; crafts supplies, school supplies, children&#039;s furniture and Montessori reference and parenting books.\",\"publisher\":{\"@id\":\"https:\/\/teiaeducation.ch\/fr\/#organization\"},\"alternateName\":\"Teia Education & Play\",\"potentialAction\":[{\"@type\":\"SearchAction\",\"target\":{\"@type\":\"EntryPoint\",\"urlTemplate\":\"https:\/\/teiaeducation.ch\/fr\/?s={search_term_string}\"},\"query-input\":{\"@type\":\"PropertyValueSpecification\",\"valueRequired\":true,\"valueName\":\"search_term_string\"}}],\"inLanguage\":\"fr-FR\"},{\"@type\":\"Organization\",\"@id\":\"https:\/\/teiaeducation.ch\/fr\/#organization\",\"name\":\"Teia Education & Play\",\"url\":\"https:\/\/teiaeducation.ch\/fr\/\",\"logo\":{\"@type\":\"ImageObject\",\"inLanguage\":\"fr-FR\",\"@id\":\"https:\/\/teiaeducation.ch\/fr\/#\/schema\/logo\/image\/\",\"url\":\"https:\/\/teiaeducation.ch\/wp-content\/uploads\/2020\/11\/Teia-Education-Switzerland-e1620156442216.jpg\",\"contentUrl\":\"https:\/\/teiaeducation.ch\/wp-content\/uploads\/2020\/11\/Teia-Education-Switzerland-e1620156442216.jpg\",\"width\":166,\"height\":145,\"caption\":\"Teia Education & Play\"},\"image\":{\"@id\":\"https:\/\/teiaeducation.ch\/fr\/#\/schema\/logo\/image\/\"},\"sameAs\":[\"https:\/\/www.facebook.com\/teiaeducation\/\",\"https:\/\/x.com\/EducationTeia\",\"https:\/\/www.instagram.com\/teia.education\/\",\"https:\/\/www.linkedin.com\/company\/35501660\",\"https:\/\/www.pinterest.ch\/TeiaEducation\/\"]}]}<\/script>\n<!-- \/ Yoast SEO plugin. -->","yoast_head_json":{"title":"Figurine d\u00e9corative papillon orange - Grimm's - Teia Education & Play","description":"La figurine d\u00e9corative papillon orange de Grimm's est une d\u00e9coration en bois pour l'anneau d\u2019anniversaire et c\u00e9l\u00e9brations de style Waldorf.","robots":{"index":"index","follow":"follow","max-snippet":"max-snippet:-1","max-image-preview":"max-image-preview:large","max-video-preview":"max-video-preview:-1"},"canonical":"https:\/\/teiaeducation.ch\/fr\/produit\/figurine-decorative-papillon-orange-grimms\/","og_locale":"fr_FR","og_type":"article","og_title":"Figurine d\u00e9corative papillon orange - Grimm's - Teia Education & Play","og_description":"La figurine d\u00e9corative papillon orange de Grimm's est une d\u00e9coration en bois pour l'anneau d\u2019anniversaire et c\u00e9l\u00e9brations de style Waldorf.","og_url":"https:\/\/teiaeducation.ch\/fr\/produit\/figurine-decorative-papillon-orange-grimms\/","og_site_name":"Sustainable Educational Products &amp; Ecological Toys\u00a0","article_publisher":"https:\/\/www.facebook.com\/teiaeducation\/","article_modified_time":"2025-09-14T14:28:56+00:00","og_image":[{"width":1280,"height":1280,"url":"https:\/\/teiaeducation.ch\/wp-content\/uploads\/2020\/12\/Waldorf-birthday-ring-decoration-yellow-butterfly-decorative-figure-Grimms.jpg","type":"image\/jpeg"}],"schema":{"@context":"https:\/\/schema.org","@graph":[{"@type":"WebPage","@id":"https:\/\/teiaeducation.ch\/fr\/produit\/figurine-decorative-papillon-orange-grimms\/","url":"https:\/\/teiaeducation.ch\/fr\/produit\/figurine-decorative-papillon-orange-grimms\/","name":"Figurine d\u00e9corative papillon orange - Grimm's - Teia Education & Play","isPartOf":{"@id":"https:\/\/teiaeducation.ch\/fr\/#website"},"primaryImageOfPage":{"@id":"https:\/\/teiaeducation.ch\/fr\/produit\/figurine-decorative-papillon-orange-grimms\/#primaryimage"},"image":{"@id":"https:\/\/teiaeducation.ch\/fr\/produit\/figurine-decorative-papillon-orange-grimms\/#primaryimage"},"thumbnailUrl":"https:\/\/teiaeducation.ch\/wp-content\/uploads\/2020\/12\/Waldorf-birthday-ring-decoration-yellow-butterfly-decorative-figure-Grimms.jpg","datePublished":"2023-04-11T09:00:22+00:00","dateModified":"2025-09-14T14:28:56+00:00","description":"La figurine d\u00e9corative papillon orange de Grimm's est une d\u00e9coration en bois pour l'anneau d\u2019anniversaire et c\u00e9l\u00e9brations de style Waldorf.","breadcrumb":{"@id":"https:\/\/teiaeducation.ch\/fr\/produit\/figurine-decorative-papillon-orange-grimms\/#breadcrumb"},"inLanguage":"fr-FR","potentialAction":[{"@type":"ReadAction","target":["https:\/\/teiaeducation.ch\/fr\/produit\/figurine-decorative-papillon-orange-grimms\/"]}]},{"@type":"ImageObject","inLanguage":"fr-FR","@id":"https:\/\/teiaeducation.ch\/fr\/produit\/figurine-decorative-papillon-orange-grimms\/#primaryimage","url":"https:\/\/teiaeducation.ch\/wp-content\/uploads\/2020\/12\/Waldorf-birthday-ring-decoration-yellow-butterfly-decorative-figure-Grimms.jpg","contentUrl":"https:\/\/teiaeducation.ch\/wp-content\/uploads\/2020\/12\/Waldorf-birthday-ring-decoration-yellow-butterfly-decorative-figure-Grimms.jpg","width":1280,"height":1280,"caption":"Waldorf birthday ring decoration yellow butterfly decorative figure Grimm's"},{"@type":"BreadcrumbList","@id":"https:\/\/teiaeducation.ch\/fr\/produit\/figurine-decorative-papillon-orange-grimms\/#breadcrumb","itemListElement":[{"@type":"ListItem","position":1,"name":"Home","item":"https:\/\/teiaeducation.ch\/fr\/"},{"@type":"ListItem","position":2,"name":"Boutique Teia Education &amp; Play","item":"https:\/\/teiaeducation.ch\/fr\/boutique\/"},{"@type":"ListItem","position":3,"name":"Nos Marques","item":"https:\/\/teiaeducation.ch\/fr\/categorie-produit\/marques\/"},{"@type":"ListItem","position":4,"name":"Grimm's","item":"https:\/\/teiaeducation.ch\/fr\/categorie-produit\/marques\/grimms-fr\/"},{"@type":"ListItem","position":5,"name":"Figurine d\u00e9corative papillon orange &#8211; Grimm&#8217;s"}]},{"@type":"WebSite","@id":"https:\/\/teiaeducation.ch\/fr\/#website","url":"https:\/\/teiaeducation.ch\/fr\/","name":"Sustainable Educational Products &amp; Ecological Toys\u00a0","description":"Specialised Swiss shop selling sustainable educational toys and games, AMI certified Montessori materials, handmade ecological wooden Waldorf toys and arts &amp; crafts supplies, school supplies, children&#039;s furniture and Montessori reference and parenting books.","publisher":{"@id":"https:\/\/teiaeducation.ch\/fr\/#organization"},"alternateName":"Teia Education & Play","potentialAction":[{"@type":"SearchAction","target":{"@type":"EntryPoint","urlTemplate":"https:\/\/teiaeducation.ch\/fr\/?s={search_term_string}"},"query-input":{"@type":"PropertyValueSpecification","valueRequired":true,"valueName":"search_term_string"}}],"inLanguage":"fr-FR"},{"@type":"Organization","@id":"https:\/\/teiaeducation.ch\/fr\/#organization","name":"Teia Education & Play","url":"https:\/\/teiaeducation.ch\/fr\/","logo":{"@type":"ImageObject","inLanguage":"fr-FR","@id":"https:\/\/teiaeducation.ch\/fr\/#\/schema\/logo\/image\/","url":"https:\/\/teiaeducation.ch\/wp-content\/uploads\/2020\/11\/Teia-Education-Switzerland-e1620156442216.jpg","contentUrl":"https:\/\/teiaeducation.ch\/wp-content\/uploads\/2020\/11\/Teia-Education-Switzerland-e1620156442216.jpg","width":166,"height":145,"caption":"Teia Education & Play"},"image":{"@id":"https:\/\/teiaeducation.ch\/fr\/#\/schema\/logo\/image\/"},"sameAs":["https:\/\/www.facebook.com\/teiaeducation\/","https:\/\/x.com\/EducationTeia","https:\/\/www.instagram.com\/teia.education\/","https:\/\/www.linkedin.com\/company\/35501660","https:\/\/www.pinterest.ch\/TeiaEducation\/"]}]}},"_links":{"self":[{"href":"https:\/\/teiaeducation.ch\/fr\/wp-json\/wp\/v2\/product\/33949","targetHints":{"allow":["GET"]}}],"collection":[{"href":"https:\/\/teiaeducation.ch\/fr\/wp-json\/wp\/v2\/product"}],"about":[{"href":"https:\/\/teiaeducation.ch\/fr\/wp-json\/wp\/v2\/types\/product"}],"replies":[{"embeddable":true,"href":"https:\/\/teiaeducation.ch\/fr\/wp-json\/wp\/v2\/comments?post=33949"}],"wp:featuredmedia":[{"embeddable":true,"href":"https:\/\/teiaeducation.ch\/fr\/wp-json\/wp\/v2\/media\/53237"}],"wp:attachment":[{"href":"https:\/\/teiaeducation.ch\/fr\/wp-json\/wp\/v2\/media?parent=33949"}],"wp:term":[{"taxonomy":"product_brand","embeddable":true,"href":"https:\/\/teiaeducation.ch\/fr\/wp-json\/wp\/v2\/product_brand?post=33949"},{"taxonomy":"product_cat","embeddable":true,"href":"https:\/\/teiaeducation.ch\/fr\/wp-json\/wp\/v2\/product_cat?post=33949"},{"taxonomy":"product_tag","embeddable":true,"href":"https:\/\/teiaeducation.ch\/fr\/wp-json\/wp\/v2\/product_tag?post=33949"}],"curies":[{"name":"wp","href":"https:\/\/api.w.org\/{rel}","templated":true}]}}