{"id":33991,"date":"2020-12-18T21:19:01","date_gmt":"2021-02-17T13:55:36","guid":{"rendered":"https:\/\/teiaeducation.ch\/product\/sac-de-jeu-a-rayures-moutardes-play-go\/"},"modified":"2021-02-17T14:55:36","modified_gmt":"2021-02-17T13:55:36","slug":"sac-de-jeu-rayures-mourade-play-go","status":"publish","type":"product","link":"https:\/\/teiaeducation.ch\/fr\/produit\/sac-de-jeu-rayures-mourade-play-go\/","title":{"rendered":"Sac de jeu \u00e0 rayures moutardes &#8211; Play &amp; Go"},"content":{"rendered":"<p>Sac de jeu \u00e0 rayures moutarde \/ Tapis de jeu et sac de rangement &#8211; Play &amp; Go<\/p>\n<p>Rendez le rangement des jouets amusant avec ce sac de jeu Play &amp; Go intuitif, pratique et unique &#8211; un tapis de jeu qui fait aussi sac de rangement.<\/p>\n<p>Le sac de jeu \u00e0 rayures moutarde de Play &amp; Go a un design moderne avec des rayures moutarde sur chaque c\u00f4t\u00e9. Ce magnifique et robuste tapis de jeu et sac de rangement emp\u00eache les jouets d&#8217;\u00eatre perdus et rend le rangement des jouets facile et rapide!<\/p>\n<p>Le sac de jeu \u00e0 rayures moutarde mesure 140cm de diam\u00e8tre et est la solution de jeu et de <a href=\"https:\/\/teiaeducation.ch\/product-category\/classroom-essentials\/furniture-storage\/\">rangement<\/a> parfaite pour tous les jouets, des blocs de construction, voitures, trains et balles aux poup\u00e9es et ours en peluche. Le design portable et durable est id\u00e9al pour les excursions au parc, \u00e0 la plage ou dans n&#8217;importe quelle pi\u00e8ce de la maison, ce qui permet d&#8217;emporter facilement des jouets.<\/p>\n<p>Ouvrez le tapis de jeu pour jouer avec les enfants ou les b\u00e9b\u00e9s \u00e0 la maison ou partout et ensuite tout ranger en tirant simplement sur les cordes.<\/p>\n<p>Play &amp; Go est une marque belge cr\u00e9ative qui offre des produits durables de haute qualit\u00e9 pour vous, vos enfants et votre maison.<\/p>\n<p>Les designs et motifs exclusifs sont modernes et attrayants pour aller dans chaque pi\u00e8ce et donner envie de jouer. Les sacs Play &amp; Go rendent le rangement et l&#8217;organisation des jouets facile et rapide et sont fait en polycoton de haute qualit\u00e9 avec des designs et des motifs exclusifs. Ils sont produits sous des normes de protection de l\u2019environnement de calibre mondial.<\/p>\n<p>Contenu :<\/p>\n<p>1 tapis de jeu \/ sac de rangement double face<\/p>\n","protected":false},"excerpt":{"rendered":"<p>Num\u00e9ro d&#8217;article: 47076<\/p>\n<p>Le sac de jeu \u00e0 rayures moutarde de Play &amp; Go est \u00e0 la fois un tapis de jeu et sac de rangement moderne. Une super solution pour ranger des jouets qui rend le rangement de jouets facile!<\/p>\n","protected":false},"featured_media":33331,"comment_status":"open","ping_status":"closed","template":"","meta":[],"product_brand":[],"product_cat":[208,215,216,16898,17238,13130,217,5851,18442,18457,18456,212],"product_tag":[18444,18453,18443,18448,18451,18455,18447,18454,18446,18449,18445,18450,18452],"class_list":{"0":"post-33991","1":"product","2":"type-product","3":"status-publish","4":"has-post-thumbnail","6":"product_cat-1-3-ans","7":"product_cat-3-6-ans","8":"product_cat-6-12-ans","9":"product_cat-collection-automne","10":"product_cat-guide-cadeaux-jouets-mous","11":"product_cat-jouer","12":"product_cat-marques","13":"product_cat-nouveautes","14":"product_cat-play-go-fr","15":"product_cat-stockage-de-jouets","16":"product_cat-tapis-de-jeu","17":"product_cat-tranche-dage","18":"product_tag-play-go-suisse","19":"product_tag-sac-de-jouets-legumes","20":"product_tag-sac-de-jouets-play-go","21":"product_tag-sac-pour-jouets","22":"product_tag-sac-pour-jouets-legumes","23":"product_tag-solutions-de-rangement-de-jouets","24":"product_tag-solutions-de-stockage-de-jouets","25":"product_tag-stockage-de-jouets","26":"product_tag-stockage-de-jouets-et-tapis-de-jeu","27":"product_tag-tapis-de-jeu","28":"product_tag-tapis-de-jeu-et-sac-de-stockage","29":"product_tag-tapis-de-jeu-legumes","30":"product_tag-tapis-de-jeu-legumes-fr","32":"first","33":"outofstock","34":"taxable","35":"shipping-taxable","36":"purchasable","37":"product-type-simple"},"yoast_head":"<!-- This site is optimized with the Yoast SEO plugin v27.1.1 - https:\/\/yoast.com\/product\/yoast-seo-wordpress\/ -->\n<title>Sac de jeu \u00e0 rayures moutardes - Play &amp; Go - Teia Education &amp; Play<\/title>\n<meta name=\"description\" content=\"Le sac de jeu \u00e0 rayures moutarde de Play &amp; Go est \u00e0 la fois un tapis de jeu moderne et \u00e9l\u00e9gant et un sac de rangement. Une super solution pour ranger des jouets qui rend le rangement de jouets facile!\" \/>\n<meta name=\"robots\" content=\"index, follow, max-snippet:-1, max-image-preview:large, max-video-preview:-1\" \/>\n<link rel=\"canonical\" href=\"https:\/\/teiaeducation.ch\/fr\/produit\/sac-de-jeu-rayures-mourade-play-go\/\" \/>\n<meta property=\"og:locale\" content=\"fr_FR\" \/>\n<meta property=\"og:type\" content=\"article\" \/>\n<meta property=\"og:title\" content=\"Sac de jeu \u00e0 rayures moutardes - Play &amp; Go - Teia Education &amp; Play\" \/>\n<meta property=\"og:description\" content=\"Le sac de jeu \u00e0 rayures moutarde de Play &amp; Go est \u00e0 la fois un tapis de jeu moderne et \u00e9l\u00e9gant et un sac de rangement. Une super solution pour ranger des jouets qui rend le rangement de jouets facile!\" \/>\n<meta property=\"og:url\" content=\"https:\/\/teiaeducation.ch\/fr\/produit\/sac-de-jeu-rayures-mourade-play-go\/\" \/>\n<meta property=\"og:site_name\" content=\"Sustainable Educational Products &amp; Ecological Toys\u00a0\" \/>\n<meta property=\"article:publisher\" content=\"https:\/\/www.facebook.com\/teiaeducation\/\" \/>\n<meta property=\"og:image\" content=\"https:\/\/teiaeducation.ch\/wp-content\/uploads\/2020\/12\/Stripes-mustard-play-bag-Play-mat-and-storage-bag-Play-Go.jpg\" \/>\n\t<meta property=\"og:image:width\" content=\"800\" \/>\n\t<meta property=\"og:image:height\" content=\"800\" \/>\n\t<meta property=\"og:image:type\" content=\"image\/jpeg\" \/>\n<script type=\"application\/ld+json\" class=\"yoast-schema-graph\">{\"@context\":\"https:\/\/schema.org\",\"@graph\":[{\"@type\":\"WebPage\",\"@id\":\"https:\/\/teiaeducation.ch\/fr\/produit\/sac-de-jeu-rayures-mourade-play-go\/\",\"url\":\"https:\/\/teiaeducation.ch\/fr\/produit\/sac-de-jeu-rayures-mourade-play-go\/\",\"name\":\"Sac de jeu \u00e0 rayures moutardes - Play &amp; Go - Teia Education & Play\",\"isPartOf\":{\"@id\":\"https:\/\/teiaeducation.ch\/fr\/#website\"},\"primaryImageOfPage\":{\"@id\":\"https:\/\/teiaeducation.ch\/fr\/produit\/sac-de-jeu-rayures-mourade-play-go\/#primaryimage\"},\"image\":{\"@id\":\"https:\/\/teiaeducation.ch\/fr\/produit\/sac-de-jeu-rayures-mourade-play-go\/#primaryimage\"},\"thumbnailUrl\":\"https:\/\/teiaeducation.ch\/wp-content\/uploads\/2020\/12\/Stripes-mustard-play-bag-Play-mat-and-storage-bag-Play-Go.jpg\",\"datePublished\":\"2021-02-17T13:55:36+00:00\",\"description\":\"Le sac de jeu \u00e0 rayures moutarde de Play & Go est \u00e0 la fois un tapis de jeu moderne et \u00e9l\u00e9gant et un sac de rangement. Une super solution pour ranger des jouets qui rend le rangement de jouets facile!\",\"breadcrumb\":{\"@id\":\"https:\/\/teiaeducation.ch\/fr\/produit\/sac-de-jeu-rayures-mourade-play-go\/#breadcrumb\"},\"inLanguage\":\"fr-FR\",\"potentialAction\":[{\"@type\":\"ReadAction\",\"target\":[\"https:\/\/teiaeducation.ch\/fr\/produit\/sac-de-jeu-rayures-mourade-play-go\/\"]}]},{\"@type\":\"ImageObject\",\"inLanguage\":\"fr-FR\",\"@id\":\"https:\/\/teiaeducation.ch\/fr\/produit\/sac-de-jeu-rayures-mourade-play-go\/#primaryimage\",\"url\":\"https:\/\/teiaeducation.ch\/wp-content\/uploads\/2020\/12\/Stripes-mustard-play-bag-Play-mat-and-storage-bag-Play-Go.jpg\",\"contentUrl\":\"https:\/\/teiaeducation.ch\/wp-content\/uploads\/2020\/12\/Stripes-mustard-play-bag-Play-mat-and-storage-bag-Play-Go.jpg\",\"width\":800,\"height\":800,\"caption\":\"Sac de jeu \u00e0 rayures moutarde : Tapis de jeu et sac de rangement - Play &amp; Go\"},{\"@type\":\"BreadcrumbList\",\"@id\":\"https:\/\/teiaeducation.ch\/fr\/produit\/sac-de-jeu-rayures-mourade-play-go\/#breadcrumb\",\"itemListElement\":[{\"@type\":\"ListItem\",\"position\":1,\"name\":\"Home\",\"item\":\"https:\/\/teiaeducation.ch\/fr\/\"},{\"@type\":\"ListItem\",\"position\":2,\"name\":\"Boutique Teia Education &amp; Play\",\"item\":\"https:\/\/teiaeducation.ch\/fr\/boutique\/\"},{\"@type\":\"ListItem\",\"position\":3,\"name\":\"Nos Marques\",\"item\":\"https:\/\/teiaeducation.ch\/fr\/categorie-produit\/marques\/\"},{\"@type\":\"ListItem\",\"position\":4,\"name\":\"Play &amp; Go\",\"item\":\"https:\/\/teiaeducation.ch\/fr\/categorie-produit\/marques\/play-go-fr\/\"},{\"@type\":\"ListItem\",\"position\":5,\"name\":\"Sac de jeu \u00e0 rayures moutardes &#8211; Play &amp; Go\"}]},{\"@type\":\"WebSite\",\"@id\":\"https:\/\/teiaeducation.ch\/fr\/#website\",\"url\":\"https:\/\/teiaeducation.ch\/fr\/\",\"name\":\"Sustainable Educational Products &amp; Ecological Toys\u00a0\",\"description\":\"Specialised Swiss shop selling sustainable educational toys and games, AMI certified Montessori materials, handmade ecological wooden Waldorf toys and arts &amp; crafts supplies, school supplies, children&#039;s furniture and Montessori reference and parenting books.\",\"publisher\":{\"@id\":\"https:\/\/teiaeducation.ch\/fr\/#organization\"},\"alternateName\":\"Teia Education & Play\",\"potentialAction\":[{\"@type\":\"SearchAction\",\"target\":{\"@type\":\"EntryPoint\",\"urlTemplate\":\"https:\/\/teiaeducation.ch\/fr\/?s={search_term_string}\"},\"query-input\":{\"@type\":\"PropertyValueSpecification\",\"valueRequired\":true,\"valueName\":\"search_term_string\"}}],\"inLanguage\":\"fr-FR\"},{\"@type\":\"Organization\",\"@id\":\"https:\/\/teiaeducation.ch\/fr\/#organization\",\"name\":\"Teia Education & Play\",\"url\":\"https:\/\/teiaeducation.ch\/fr\/\",\"logo\":{\"@type\":\"ImageObject\",\"inLanguage\":\"fr-FR\",\"@id\":\"https:\/\/teiaeducation.ch\/fr\/#\/schema\/logo\/image\/\",\"url\":\"https:\/\/teiaeducation.ch\/wp-content\/uploads\/2020\/11\/Teia-Education-Switzerland-e1620156442216.jpg\",\"contentUrl\":\"https:\/\/teiaeducation.ch\/wp-content\/uploads\/2020\/11\/Teia-Education-Switzerland-e1620156442216.jpg\",\"width\":166,\"height\":145,\"caption\":\"Teia Education & Play\"},\"image\":{\"@id\":\"https:\/\/teiaeducation.ch\/fr\/#\/schema\/logo\/image\/\"},\"sameAs\":[\"https:\/\/www.facebook.com\/teiaeducation\/\",\"https:\/\/x.com\/EducationTeia\",\"https:\/\/www.instagram.com\/teia.education\/\",\"https:\/\/www.linkedin.com\/company\/35501660\",\"https:\/\/www.pinterest.ch\/TeiaEducation\/\"]}]}<\/script>\n<!-- \/ Yoast SEO plugin. -->","yoast_head_json":{"title":"Sac de jeu \u00e0 rayures moutardes - Play &amp; Go - Teia Education & Play","description":"Le sac de jeu \u00e0 rayures moutarde de Play & Go est \u00e0 la fois un tapis de jeu moderne et \u00e9l\u00e9gant et un sac de rangement. Une super solution pour ranger des jouets qui rend le rangement de jouets facile!","robots":{"index":"index","follow":"follow","max-snippet":"max-snippet:-1","max-image-preview":"max-image-preview:large","max-video-preview":"max-video-preview:-1"},"canonical":"https:\/\/teiaeducation.ch\/fr\/produit\/sac-de-jeu-rayures-mourade-play-go\/","og_locale":"fr_FR","og_type":"article","og_title":"Sac de jeu \u00e0 rayures moutardes - Play &amp; Go - Teia Education & Play","og_description":"Le sac de jeu \u00e0 rayures moutarde de Play & Go est \u00e0 la fois un tapis de jeu moderne et \u00e9l\u00e9gant et un sac de rangement. Une super solution pour ranger des jouets qui rend le rangement de jouets facile!","og_url":"https:\/\/teiaeducation.ch\/fr\/produit\/sac-de-jeu-rayures-mourade-play-go\/","og_site_name":"Sustainable Educational Products &amp; Ecological Toys\u00a0","article_publisher":"https:\/\/www.facebook.com\/teiaeducation\/","og_image":[{"width":800,"height":800,"url":"https:\/\/teiaeducation.ch\/wp-content\/uploads\/2020\/12\/Stripes-mustard-play-bag-Play-mat-and-storage-bag-Play-Go.jpg","type":"image\/jpeg"}],"schema":{"@context":"https:\/\/schema.org","@graph":[{"@type":"WebPage","@id":"https:\/\/teiaeducation.ch\/fr\/produit\/sac-de-jeu-rayures-mourade-play-go\/","url":"https:\/\/teiaeducation.ch\/fr\/produit\/sac-de-jeu-rayures-mourade-play-go\/","name":"Sac de jeu \u00e0 rayures moutardes - Play &amp; Go - Teia Education & Play","isPartOf":{"@id":"https:\/\/teiaeducation.ch\/fr\/#website"},"primaryImageOfPage":{"@id":"https:\/\/teiaeducation.ch\/fr\/produit\/sac-de-jeu-rayures-mourade-play-go\/#primaryimage"},"image":{"@id":"https:\/\/teiaeducation.ch\/fr\/produit\/sac-de-jeu-rayures-mourade-play-go\/#primaryimage"},"thumbnailUrl":"https:\/\/teiaeducation.ch\/wp-content\/uploads\/2020\/12\/Stripes-mustard-play-bag-Play-mat-and-storage-bag-Play-Go.jpg","datePublished":"2021-02-17T13:55:36+00:00","description":"Le sac de jeu \u00e0 rayures moutarde de Play & Go est \u00e0 la fois un tapis de jeu moderne et \u00e9l\u00e9gant et un sac de rangement. Une super solution pour ranger des jouets qui rend le rangement de jouets facile!","breadcrumb":{"@id":"https:\/\/teiaeducation.ch\/fr\/produit\/sac-de-jeu-rayures-mourade-play-go\/#breadcrumb"},"inLanguage":"fr-FR","potentialAction":[{"@type":"ReadAction","target":["https:\/\/teiaeducation.ch\/fr\/produit\/sac-de-jeu-rayures-mourade-play-go\/"]}]},{"@type":"ImageObject","inLanguage":"fr-FR","@id":"https:\/\/teiaeducation.ch\/fr\/produit\/sac-de-jeu-rayures-mourade-play-go\/#primaryimage","url":"https:\/\/teiaeducation.ch\/wp-content\/uploads\/2020\/12\/Stripes-mustard-play-bag-Play-mat-and-storage-bag-Play-Go.jpg","contentUrl":"https:\/\/teiaeducation.ch\/wp-content\/uploads\/2020\/12\/Stripes-mustard-play-bag-Play-mat-and-storage-bag-Play-Go.jpg","width":800,"height":800,"caption":"Sac de jeu \u00e0 rayures moutarde : Tapis de jeu et sac de rangement - Play &amp; Go"},{"@type":"BreadcrumbList","@id":"https:\/\/teiaeducation.ch\/fr\/produit\/sac-de-jeu-rayures-mourade-play-go\/#breadcrumb","itemListElement":[{"@type":"ListItem","position":1,"name":"Home","item":"https:\/\/teiaeducation.ch\/fr\/"},{"@type":"ListItem","position":2,"name":"Boutique Teia Education &amp; Play","item":"https:\/\/teiaeducation.ch\/fr\/boutique\/"},{"@type":"ListItem","position":3,"name":"Nos Marques","item":"https:\/\/teiaeducation.ch\/fr\/categorie-produit\/marques\/"},{"@type":"ListItem","position":4,"name":"Play &amp; Go","item":"https:\/\/teiaeducation.ch\/fr\/categorie-produit\/marques\/play-go-fr\/"},{"@type":"ListItem","position":5,"name":"Sac de jeu \u00e0 rayures moutardes &#8211; Play &amp; Go"}]},{"@type":"WebSite","@id":"https:\/\/teiaeducation.ch\/fr\/#website","url":"https:\/\/teiaeducation.ch\/fr\/","name":"Sustainable Educational Products &amp; Ecological Toys\u00a0","description":"Specialised Swiss shop selling sustainable educational toys and games, AMI certified Montessori materials, handmade ecological wooden Waldorf toys and arts &amp; crafts supplies, school supplies, children&#039;s furniture and Montessori reference and parenting books.","publisher":{"@id":"https:\/\/teiaeducation.ch\/fr\/#organization"},"alternateName":"Teia Education & Play","potentialAction":[{"@type":"SearchAction","target":{"@type":"EntryPoint","urlTemplate":"https:\/\/teiaeducation.ch\/fr\/?s={search_term_string}"},"query-input":{"@type":"PropertyValueSpecification","valueRequired":true,"valueName":"search_term_string"}}],"inLanguage":"fr-FR"},{"@type":"Organization","@id":"https:\/\/teiaeducation.ch\/fr\/#organization","name":"Teia Education & Play","url":"https:\/\/teiaeducation.ch\/fr\/","logo":{"@type":"ImageObject","inLanguage":"fr-FR","@id":"https:\/\/teiaeducation.ch\/fr\/#\/schema\/logo\/image\/","url":"https:\/\/teiaeducation.ch\/wp-content\/uploads\/2020\/11\/Teia-Education-Switzerland-e1620156442216.jpg","contentUrl":"https:\/\/teiaeducation.ch\/wp-content\/uploads\/2020\/11\/Teia-Education-Switzerland-e1620156442216.jpg","width":166,"height":145,"caption":"Teia Education & Play"},"image":{"@id":"https:\/\/teiaeducation.ch\/fr\/#\/schema\/logo\/image\/"},"sameAs":["https:\/\/www.facebook.com\/teiaeducation\/","https:\/\/x.com\/EducationTeia","https:\/\/www.instagram.com\/teia.education\/","https:\/\/www.linkedin.com\/company\/35501660","https:\/\/www.pinterest.ch\/TeiaEducation\/"]}]}},"_links":{"self":[{"href":"https:\/\/teiaeducation.ch\/fr\/wp-json\/wp\/v2\/product\/33991","targetHints":{"allow":["GET"]}}],"collection":[{"href":"https:\/\/teiaeducation.ch\/fr\/wp-json\/wp\/v2\/product"}],"about":[{"href":"https:\/\/teiaeducation.ch\/fr\/wp-json\/wp\/v2\/types\/product"}],"replies":[{"embeddable":true,"href":"https:\/\/teiaeducation.ch\/fr\/wp-json\/wp\/v2\/comments?post=33991"}],"wp:featuredmedia":[{"embeddable":true,"href":"https:\/\/teiaeducation.ch\/fr\/wp-json\/wp\/v2\/media\/33331"}],"wp:attachment":[{"href":"https:\/\/teiaeducation.ch\/fr\/wp-json\/wp\/v2\/media?parent=33991"}],"wp:term":[{"taxonomy":"product_brand","embeddable":true,"href":"https:\/\/teiaeducation.ch\/fr\/wp-json\/wp\/v2\/product_brand?post=33991"},{"taxonomy":"product_cat","embeddable":true,"href":"https:\/\/teiaeducation.ch\/fr\/wp-json\/wp\/v2\/product_cat?post=33991"},{"taxonomy":"product_tag","embeddable":true,"href":"https:\/\/teiaeducation.ch\/fr\/wp-json\/wp\/v2\/product_tag?post=33991"}],"curies":[{"name":"wp","href":"https:\/\/api.w.org\/{rel}","templated":true}]}}