{"id":34041,"date":"2022-02-28T10:05:13","date_gmt":"2022-02-28T09:05:13","guid":{"rendered":"https:\/\/teiaeducation.ch\/?post_type=product&#038;p=34041"},"modified":"2022-03-10T09:09:20","modified_gmt":"2022-03-10T08:09:20","slug":"froebel-gabe-1-sina-spielzeug","status":"publish","type":"product","link":"https:\/\/teiaeducation.ch\/fr\/produit\/froebel-gabe-1-sina-spielzeug\/","title":{"rendered":"Froebel Gabe \/ Cadeau 1 &#8211; SINA Spielzeug"},"content":{"rendered":"<p>Gabe 1 de la gamme originale de cadeaux de jeu SINA Spielzeug, bas\u00e9e sur les plans originaux tels que con\u00e7us par Friedrich Froebel, se compose de 6 boules de fil brod\u00e9es en tricot d&#8217;un diam\u00e8tre d&#8217;environ 4 cm et de cordes boucl\u00e9es. Les trois premi\u00e8res boules de fil brod\u00e9es sont dans les couleurs primaires rouge, jaune et bleu et les trois autres sont dans les couleurs secondaires vert, orange et violet. Ensemble, les six boules repr\u00e9sentent les couleurs de l&#8217;arc-en-ciel.<\/p>\n<p>Les boules de fil brod\u00e9es sont souples et c\u00e8dent lorsqu&#8217;on les tient. Ils sont l\u00e9gers, ce qui permet \u00e0 un petit enfant de les attraper facilement et de les tenir d&#8217;une seule main. Les cordes en boucle permettent de jouer et d&#8217;explorer davantage avec les boules.<\/p>\n<p>Selon le p\u00e9dagogue allemand Friedrich Froebel (Fr\u00f6bel) et fondateur du jardin d&#8217;enfants, le premier jouet ou le jouet pr\u00e9f\u00e9r\u00e9 d&#8217;un enfant est une balle. Pour lui, la balle symbolise l&#8217;unit\u00e9 car elle est compl\u00e8te, enti\u00e8re et pure.<\/p>\n<p>Le jeu avec Gabe 1 initie le jeune enfant au monde physique et stimule l&#8217;interaction et le mouvement en tenant, roulant, lan\u00e7ant, balan\u00e7ant ou regardant la boule. Ce jouet \u00e9ducatif est adapt\u00e9 aux b\u00e9b\u00e9s et aux tout-petits et d\u00e9veloppe les capacit\u00e9s <a href=\"https:\/\/teiaeducation.ch\/product-category\/learning-themes\/sensory-motor-skills\/\">motrices<\/a>, la coordination \u0153il-main et les aide \u00e0 distinguer la forme, la couleur et le mouvement.<\/p>\n<p>Tous les jouets de SINA Spielzeug sont con\u00e7us et fabriqu\u00e9s \u00e0 la main dans l&#8217;atelier de la soci\u00e9t\u00e9 \u00e0 Neuhausen\/Erzgebirge, en Allemagne. D\u00e9velopp\u00e9 et fabriqu\u00e9 avec le plus grand soin, chaque produit SINA porte la marque CE et respecte toutes les exigences l\u00e9gales de la directive europ\u00e9enne sur la s\u00e9curit\u00e9 des jouets 2009\/48\/EC et EN 71 pour la s\u00e9curit\u00e9 des jouets. Plusieurs jouets SINA ont re\u00e7u le sceau Spielgut\u00ae.<br class=\"has-block tooltipstered\" \/>Des normes de s\u00e9curit\u00e9 \u00e9lev\u00e9es et d\u2019\u00e9thique sont exig\u00e9es des fournisseurs de mati\u00e8res premi\u00e8res ainsi qu\u2019une garantie que tous les mat\u00e9riaux et les pi\u00e8ces constitutives sont sans danger pour les enfants et sans toxines. Entreprise familiale dans l\u2019\u00e2me, la gamme SINA comprend des jouets didactiques en bois, des articles de jeu en bois \u00e0 usage th\u00e9rapeutique et des objets de jeu, y compris les cadeaux ou gaben de la p\u00e9dagogie Froebel (Fr\u00f6bel).<\/p>\n<p>SINA Spielzeug est membre du Deutscher Verband der Spielwarenindustrie, du Fachgruppe Holzspielzeug et du <a href=\"https:\/\/www.pfv.info\">Pestalozzi-Fr\u00f6bel-Verband<\/a>.<\/p>\n<p>Le Gabe 1 de SINA Spielzeug convient aux enfants \u00e2g\u00e9s de 1 an et plus.<\/p>\n<p>Contenu :<\/p>\n<p>6 boules de fil brod\u00e9es<br \/>\n6 fils color\u00e9s<br \/>\n1 aiguille<br \/>\n1 cadre en bois constitu\u00e9 de tiges<br \/>\n6 b\u00e2tons de bois<br \/>\n1 bo\u00eete en bois pour la pr\u00e9sentation et le stockage<\/p>\n","protected":false},"excerpt":{"rendered":"<p>Num\u00e9ro d&#8217;article: <span data-sheets-value=\"{\" data-sheets-userformat=\"{\">25300<\/span><\/p>\n<p>Gabe 1 de la gamme SINA Spielzeug de cadeaux de jeu bas\u00e9s sur les plans originaux de Friedrich Froebel avec 6 boules de fil brod\u00e9es.<\/p>\n","protected":false},"featured_media":44767,"comment_status":"open","ping_status":"closed","template":"","meta":[],"product_brand":[],"product_cat":[25968,208,633,635,283,8526,7596,17243,21257,8572,13130,13137,13142,638,7595,217,5851,13123,209,7589,212],"product_tag":[18459,18326,18330,18331,18328,18329,18327,8622,18325],"class_list":{"0":"post-34041","1":"product","2":"type-product","3":"status-publish","4":"has-post-thumbnail","6":"product_cat-0-12-mois-bebe","7":"product_cat-1-3-ans","8":"product_cat-apprendre-les-couleurs","9":"product_cat-competences-motrices","10":"product_cat-domaines-du-curriculum","11":"product_cat-fournitures-scolaires-a-domicile","12":"product_cat-froebel-fr","13":"product_cat-guide-cadeaux-0-12-mois","14":"product_cat-guides-cadeaux","15":"product_cat-jeu-et-apprentissage-pour-bebes-et-jeunes-enfants","16":"product_cat-jouer","17":"product_cat-jouets-en-tissu","18":"product_cat-jeu-sensoriel","19":"product_cat-sens","20":"product_cat-methode-deducation","21":"product_cat-marques","22":"product_cat-nouveautes","23":"product_cat-objets-de-jeu","24":"product_cat-sensorielles-motrices","25":"product_cat-sina-spielzeug-fr","26":"product_cat-tranche-dage","27":"product_tag-ange-gardien-musical-en-bois-sina-spielzeug","28":"product_tag-anges","29":"product_tag-anges-de-sina-spielzeug","30":"product_tag-anges-de-sina-spielzeug-fr","31":"product_tag-anges-musicaux","32":"product_tag-decoration-de-noel-pour-enfants","33":"product_tag-jouets-anges-en-bois","34":"product_tag-sina-spielzeug-fr","35":"product_tag-sina-spielzeug-suisse","37":"first","38":"outofstock","39":"taxable","40":"shipping-taxable","41":"purchasable","42":"product-type-simple"},"yoast_head":"<!-- This site is optimized with the Yoast SEO plugin v27.1.1 - https:\/\/yoast.com\/product\/yoast-seo-wordpress\/ -->\n<title>Froebel Gabe 1 - SINA Spielzeug - Teia Education &amp; Play<\/title>\n<meta name=\"description\" content=\"Gabe 1 de la gamme SINA Spielzeug de cadeaux de jeu bas\u00e9s sur les plans originaux de Friedrich Froebel avec 6 boules de fil brod\u00e9es.\" \/>\n<meta name=\"robots\" content=\"index, follow, max-snippet:-1, max-image-preview:large, max-video-preview:-1\" \/>\n<link rel=\"canonical\" href=\"https:\/\/teiaeducation.ch\/fr\/produit\/froebel-gabe-1-sina-spielzeug\/\" \/>\n<meta property=\"og:locale\" content=\"fr_FR\" \/>\n<meta property=\"og:type\" content=\"article\" \/>\n<meta property=\"og:title\" content=\"Froebel Gabe 1 - SINA Spielzeug - Teia Education &amp; Play\" \/>\n<meta property=\"og:description\" content=\"Gabe 1 de la gamme SINA Spielzeug de cadeaux de jeu bas\u00e9s sur les plans originaux de Friedrich Froebel avec 6 boules de fil brod\u00e9es.\" \/>\n<meta property=\"og:url\" content=\"https:\/\/teiaeducation.ch\/fr\/produit\/froebel-gabe-1-sina-spielzeug\/\" \/>\n<meta property=\"og:site_name\" content=\"Sustainable Educational Products &amp; Ecological Toys\u00a0\" \/>\n<meta property=\"article:publisher\" content=\"https:\/\/www.facebook.com\/teiaeducation\/\" \/>\n<meta property=\"article:modified_time\" content=\"2022-03-10T08:09:20+00:00\" \/>\n<meta property=\"og:image\" content=\"https:\/\/teiaeducation.ch\/wp-content\/uploads\/2022\/02\/SINA-Spielzeug-Friedrich-Froebel-Gabe-Gift-1_2.jpg\" \/>\n\t<meta property=\"og:image:width\" content=\"900\" \/>\n\t<meta property=\"og:image:height\" content=\"900\" \/>\n\t<meta property=\"og:image:type\" content=\"image\/jpeg\" \/>\n<script type=\"application\/ld+json\" class=\"yoast-schema-graph\">{\"@context\":\"https:\/\/schema.org\",\"@graph\":[{\"@type\":\"WebPage\",\"@id\":\"https:\/\/teiaeducation.ch\/fr\/produit\/froebel-gabe-1-sina-spielzeug\/\",\"url\":\"https:\/\/teiaeducation.ch\/fr\/produit\/froebel-gabe-1-sina-spielzeug\/\",\"name\":\"Froebel Gabe 1 - SINA Spielzeug - Teia Education & Play\",\"isPartOf\":{\"@id\":\"https:\/\/teiaeducation.ch\/fr\/#website\"},\"primaryImageOfPage\":{\"@id\":\"https:\/\/teiaeducation.ch\/fr\/produit\/froebel-gabe-1-sina-spielzeug\/#primaryimage\"},\"image\":{\"@id\":\"https:\/\/teiaeducation.ch\/fr\/produit\/froebel-gabe-1-sina-spielzeug\/#primaryimage\"},\"thumbnailUrl\":\"https:\/\/teiaeducation.ch\/wp-content\/uploads\/2022\/02\/SINA-Spielzeug-Friedrich-Froebel-Gabe-Gift-1_2.jpg\",\"datePublished\":\"2022-02-28T09:05:13+00:00\",\"dateModified\":\"2022-03-10T08:09:20+00:00\",\"description\":\"Gabe 1 de la gamme SINA Spielzeug de cadeaux de jeu bas\u00e9s sur les plans originaux de Friedrich Froebel avec 6 boules de fil brod\u00e9es.\",\"breadcrumb\":{\"@id\":\"https:\/\/teiaeducation.ch\/fr\/produit\/froebel-gabe-1-sina-spielzeug\/#breadcrumb\"},\"inLanguage\":\"fr-FR\",\"potentialAction\":[{\"@type\":\"ReadAction\",\"target\":[\"https:\/\/teiaeducation.ch\/fr\/produit\/froebel-gabe-1-sina-spielzeug\/\"]}]},{\"@type\":\"ImageObject\",\"inLanguage\":\"fr-FR\",\"@id\":\"https:\/\/teiaeducation.ch\/fr\/produit\/froebel-gabe-1-sina-spielzeug\/#primaryimage\",\"url\":\"https:\/\/teiaeducation.ch\/wp-content\/uploads\/2022\/02\/SINA-Spielzeug-Friedrich-Froebel-Gabe-Gift-1_2.jpg\",\"contentUrl\":\"https:\/\/teiaeducation.ch\/wp-content\/uploads\/2022\/02\/SINA-Spielzeug-Friedrich-Froebel-Gabe-Gift-1_2.jpg\",\"width\":900,\"height\":900,\"caption\":\"SINA Spielzeug Friedrich Froebel Gabe Cadeaux 1\"},{\"@type\":\"BreadcrumbList\",\"@id\":\"https:\/\/teiaeducation.ch\/fr\/produit\/froebel-gabe-1-sina-spielzeug\/#breadcrumb\",\"itemListElement\":[{\"@type\":\"ListItem\",\"position\":1,\"name\":\"Home\",\"item\":\"https:\/\/teiaeducation.ch\/fr\/\"},{\"@type\":\"ListItem\",\"position\":2,\"name\":\"Boutique Teia Education &amp; Play\",\"item\":\"https:\/\/teiaeducation.ch\/fr\/boutique\/\"},{\"@type\":\"ListItem\",\"position\":3,\"name\":\"Nos Marques\",\"item\":\"https:\/\/teiaeducation.ch\/fr\/categorie-produit\/marques\/\"},{\"@type\":\"ListItem\",\"position\":4,\"name\":\"SINA Spielzeug\",\"item\":\"https:\/\/teiaeducation.ch\/fr\/categorie-produit\/marques\/sina-spielzeug-fr\/\"},{\"@type\":\"ListItem\",\"position\":5,\"name\":\"Objets de Jeu Froebel\",\"item\":\"https:\/\/teiaeducation.ch\/fr\/categorie-produit\/marques\/sina-spielzeug-fr\/objets-de-jeu\/\"},{\"@type\":\"ListItem\",\"position\":6,\"name\":\"Froebel Gabe \/ Cadeau 1 &#8211; SINA Spielzeug\"}]},{\"@type\":\"WebSite\",\"@id\":\"https:\/\/teiaeducation.ch\/fr\/#website\",\"url\":\"https:\/\/teiaeducation.ch\/fr\/\",\"name\":\"Sustainable Educational Products &amp; Ecological Toys\u00a0\",\"description\":\"Specialised Swiss shop selling sustainable educational toys and games, AMI certified Montessori materials, handmade ecological wooden Waldorf toys and arts &amp; crafts supplies, school supplies, children&#039;s furniture and Montessori reference and parenting books.\",\"publisher\":{\"@id\":\"https:\/\/teiaeducation.ch\/fr\/#organization\"},\"alternateName\":\"Teia Education & Play\",\"potentialAction\":[{\"@type\":\"SearchAction\",\"target\":{\"@type\":\"EntryPoint\",\"urlTemplate\":\"https:\/\/teiaeducation.ch\/fr\/?s={search_term_string}\"},\"query-input\":{\"@type\":\"PropertyValueSpecification\",\"valueRequired\":true,\"valueName\":\"search_term_string\"}}],\"inLanguage\":\"fr-FR\"},{\"@type\":\"Organization\",\"@id\":\"https:\/\/teiaeducation.ch\/fr\/#organization\",\"name\":\"Teia Education & Play\",\"url\":\"https:\/\/teiaeducation.ch\/fr\/\",\"logo\":{\"@type\":\"ImageObject\",\"inLanguage\":\"fr-FR\",\"@id\":\"https:\/\/teiaeducation.ch\/fr\/#\/schema\/logo\/image\/\",\"url\":\"https:\/\/teiaeducation.ch\/wp-content\/uploads\/2020\/11\/Teia-Education-Switzerland-e1620156442216.jpg\",\"contentUrl\":\"https:\/\/teiaeducation.ch\/wp-content\/uploads\/2020\/11\/Teia-Education-Switzerland-e1620156442216.jpg\",\"width\":166,\"height\":145,\"caption\":\"Teia Education & Play\"},\"image\":{\"@id\":\"https:\/\/teiaeducation.ch\/fr\/#\/schema\/logo\/image\/\"},\"sameAs\":[\"https:\/\/www.facebook.com\/teiaeducation\/\",\"https:\/\/x.com\/EducationTeia\",\"https:\/\/www.instagram.com\/teia.education\/\",\"https:\/\/www.linkedin.com\/company\/35501660\",\"https:\/\/www.pinterest.ch\/TeiaEducation\/\"]}]}<\/script>\n<!-- \/ Yoast SEO plugin. -->","yoast_head_json":{"title":"Froebel Gabe 1 - SINA Spielzeug - Teia Education & Play","description":"Gabe 1 de la gamme SINA Spielzeug de cadeaux de jeu bas\u00e9s sur les plans originaux de Friedrich Froebel avec 6 boules de fil brod\u00e9es.","robots":{"index":"index","follow":"follow","max-snippet":"max-snippet:-1","max-image-preview":"max-image-preview:large","max-video-preview":"max-video-preview:-1"},"canonical":"https:\/\/teiaeducation.ch\/fr\/produit\/froebel-gabe-1-sina-spielzeug\/","og_locale":"fr_FR","og_type":"article","og_title":"Froebel Gabe 1 - SINA Spielzeug - Teia Education & Play","og_description":"Gabe 1 de la gamme SINA Spielzeug de cadeaux de jeu bas\u00e9s sur les plans originaux de Friedrich Froebel avec 6 boules de fil brod\u00e9es.","og_url":"https:\/\/teiaeducation.ch\/fr\/produit\/froebel-gabe-1-sina-spielzeug\/","og_site_name":"Sustainable Educational Products &amp; Ecological Toys\u00a0","article_publisher":"https:\/\/www.facebook.com\/teiaeducation\/","article_modified_time":"2022-03-10T08:09:20+00:00","og_image":[{"width":900,"height":900,"url":"https:\/\/teiaeducation.ch\/wp-content\/uploads\/2022\/02\/SINA-Spielzeug-Friedrich-Froebel-Gabe-Gift-1_2.jpg","type":"image\/jpeg"}],"schema":{"@context":"https:\/\/schema.org","@graph":[{"@type":"WebPage","@id":"https:\/\/teiaeducation.ch\/fr\/produit\/froebel-gabe-1-sina-spielzeug\/","url":"https:\/\/teiaeducation.ch\/fr\/produit\/froebel-gabe-1-sina-spielzeug\/","name":"Froebel Gabe 1 - SINA Spielzeug - Teia Education & Play","isPartOf":{"@id":"https:\/\/teiaeducation.ch\/fr\/#website"},"primaryImageOfPage":{"@id":"https:\/\/teiaeducation.ch\/fr\/produit\/froebel-gabe-1-sina-spielzeug\/#primaryimage"},"image":{"@id":"https:\/\/teiaeducation.ch\/fr\/produit\/froebel-gabe-1-sina-spielzeug\/#primaryimage"},"thumbnailUrl":"https:\/\/teiaeducation.ch\/wp-content\/uploads\/2022\/02\/SINA-Spielzeug-Friedrich-Froebel-Gabe-Gift-1_2.jpg","datePublished":"2022-02-28T09:05:13+00:00","dateModified":"2022-03-10T08:09:20+00:00","description":"Gabe 1 de la gamme SINA Spielzeug de cadeaux de jeu bas\u00e9s sur les plans originaux de Friedrich Froebel avec 6 boules de fil brod\u00e9es.","breadcrumb":{"@id":"https:\/\/teiaeducation.ch\/fr\/produit\/froebel-gabe-1-sina-spielzeug\/#breadcrumb"},"inLanguage":"fr-FR","potentialAction":[{"@type":"ReadAction","target":["https:\/\/teiaeducation.ch\/fr\/produit\/froebel-gabe-1-sina-spielzeug\/"]}]},{"@type":"ImageObject","inLanguage":"fr-FR","@id":"https:\/\/teiaeducation.ch\/fr\/produit\/froebel-gabe-1-sina-spielzeug\/#primaryimage","url":"https:\/\/teiaeducation.ch\/wp-content\/uploads\/2022\/02\/SINA-Spielzeug-Friedrich-Froebel-Gabe-Gift-1_2.jpg","contentUrl":"https:\/\/teiaeducation.ch\/wp-content\/uploads\/2022\/02\/SINA-Spielzeug-Friedrich-Froebel-Gabe-Gift-1_2.jpg","width":900,"height":900,"caption":"SINA Spielzeug Friedrich Froebel Gabe Cadeaux 1"},{"@type":"BreadcrumbList","@id":"https:\/\/teiaeducation.ch\/fr\/produit\/froebel-gabe-1-sina-spielzeug\/#breadcrumb","itemListElement":[{"@type":"ListItem","position":1,"name":"Home","item":"https:\/\/teiaeducation.ch\/fr\/"},{"@type":"ListItem","position":2,"name":"Boutique Teia Education &amp; Play","item":"https:\/\/teiaeducation.ch\/fr\/boutique\/"},{"@type":"ListItem","position":3,"name":"Nos Marques","item":"https:\/\/teiaeducation.ch\/fr\/categorie-produit\/marques\/"},{"@type":"ListItem","position":4,"name":"SINA Spielzeug","item":"https:\/\/teiaeducation.ch\/fr\/categorie-produit\/marques\/sina-spielzeug-fr\/"},{"@type":"ListItem","position":5,"name":"Objets de Jeu Froebel","item":"https:\/\/teiaeducation.ch\/fr\/categorie-produit\/marques\/sina-spielzeug-fr\/objets-de-jeu\/"},{"@type":"ListItem","position":6,"name":"Froebel Gabe \/ Cadeau 1 &#8211; SINA Spielzeug"}]},{"@type":"WebSite","@id":"https:\/\/teiaeducation.ch\/fr\/#website","url":"https:\/\/teiaeducation.ch\/fr\/","name":"Sustainable Educational Products &amp; Ecological Toys\u00a0","description":"Specialised Swiss shop selling sustainable educational toys and games, AMI certified Montessori materials, handmade ecological wooden Waldorf toys and arts &amp; crafts supplies, school supplies, children&#039;s furniture and Montessori reference and parenting books.","publisher":{"@id":"https:\/\/teiaeducation.ch\/fr\/#organization"},"alternateName":"Teia Education & Play","potentialAction":[{"@type":"SearchAction","target":{"@type":"EntryPoint","urlTemplate":"https:\/\/teiaeducation.ch\/fr\/?s={search_term_string}"},"query-input":{"@type":"PropertyValueSpecification","valueRequired":true,"valueName":"search_term_string"}}],"inLanguage":"fr-FR"},{"@type":"Organization","@id":"https:\/\/teiaeducation.ch\/fr\/#organization","name":"Teia Education & Play","url":"https:\/\/teiaeducation.ch\/fr\/","logo":{"@type":"ImageObject","inLanguage":"fr-FR","@id":"https:\/\/teiaeducation.ch\/fr\/#\/schema\/logo\/image\/","url":"https:\/\/teiaeducation.ch\/wp-content\/uploads\/2020\/11\/Teia-Education-Switzerland-e1620156442216.jpg","contentUrl":"https:\/\/teiaeducation.ch\/wp-content\/uploads\/2020\/11\/Teia-Education-Switzerland-e1620156442216.jpg","width":166,"height":145,"caption":"Teia Education & Play"},"image":{"@id":"https:\/\/teiaeducation.ch\/fr\/#\/schema\/logo\/image\/"},"sameAs":["https:\/\/www.facebook.com\/teiaeducation\/","https:\/\/x.com\/EducationTeia","https:\/\/www.instagram.com\/teia.education\/","https:\/\/www.linkedin.com\/company\/35501660","https:\/\/www.pinterest.ch\/TeiaEducation\/"]}]}},"_links":{"self":[{"href":"https:\/\/teiaeducation.ch\/fr\/wp-json\/wp\/v2\/product\/34041","targetHints":{"allow":["GET"]}}],"collection":[{"href":"https:\/\/teiaeducation.ch\/fr\/wp-json\/wp\/v2\/product"}],"about":[{"href":"https:\/\/teiaeducation.ch\/fr\/wp-json\/wp\/v2\/types\/product"}],"replies":[{"embeddable":true,"href":"https:\/\/teiaeducation.ch\/fr\/wp-json\/wp\/v2\/comments?post=34041"}],"wp:featuredmedia":[{"embeddable":true,"href":"https:\/\/teiaeducation.ch\/fr\/wp-json\/wp\/v2\/media\/44767"}],"wp:attachment":[{"href":"https:\/\/teiaeducation.ch\/fr\/wp-json\/wp\/v2\/media?parent=34041"}],"wp:term":[{"taxonomy":"product_brand","embeddable":true,"href":"https:\/\/teiaeducation.ch\/fr\/wp-json\/wp\/v2\/product_brand?post=34041"},{"taxonomy":"product_cat","embeddable":true,"href":"https:\/\/teiaeducation.ch\/fr\/wp-json\/wp\/v2\/product_cat?post=34041"},{"taxonomy":"product_tag","embeddable":true,"href":"https:\/\/teiaeducation.ch\/fr\/wp-json\/wp\/v2\/product_tag?post=34041"}],"curies":[{"name":"wp","href":"https:\/\/api.w.org\/{rel}","templated":true}]}}