{"id":34050,"date":"2022-02-28T10:06:05","date_gmt":"2022-02-28T09:06:05","guid":{"rendered":"https:\/\/teiaeducation.ch\/?post_type=product&#038;p=34050"},"modified":"2022-03-10T09:30:21","modified_gmt":"2022-03-10T08:30:21","slug":"froebel-gabe-cadeau-2-sina-spielzeug","status":"publish","type":"product","link":"https:\/\/teiaeducation.ch\/fr\/produit\/froebel-gabe-cadeau-2-sina-spielzeug\/","title":{"rendered":"Froebel Gabe \/ Cadeau 2 &#8211; SINA Spielzeug"},"content":{"rendered":"<p>La base de tous les autres cadeaux de jeu de la s\u00e9rie originale Froebel Gaben en bois, le Gabe ou cadeau 2 de SINA Spielzeug, avec la diff\u00e9rence de ses caract\u00e9ristiques, a \u00e9t\u00e9 surnomm\u00e9 le &#8220;plaisir des enfants&#8221; par Friedrich Froebel. Il se compose de solides en bois, \u00e0 savoir une sph\u00e8re, un cylindre et un cube.<\/p>\n<p>Invitez votre enfant \u00e0 toucher, sentir, tenir et examiner chaque solide, en commen\u00e7ant par la sph\u00e8re, puis le cylindre et enfin le cube. La principale exploration de Gabe 2 consiste \u00e0 manipuler, observer et comparer les diff\u00e9rentes formes de chaque pi\u00e8ce.<\/p>\n<p>L&#8217;ensemble de solides en bois est dot\u00e9 d&#8217;\u0153illets permettant de suspendre les solides : le cube est dot\u00e9 de trois trous &#8211; chacun traversant un axe de surface, un axe de coin et un axe de bord. Le deuxi\u00e8me ensemble de solides est utilis\u00e9 pour la comparaison. La bo\u00eete en bois contenant ce cadeau est utilis\u00e9e conjointement avec le b\u00e2ton pour faire tourner les solides suspendus autour des axes, 1 cadre pour l&#8217;assemblage et 6 ficelles pour suspendre les solides au cadre.<\/p>\n<p>Le jeu avec Gabe 2 jette les bases de la science et encourage l&#8217;enfant \u00e0 d\u00e9crire ses d\u00e9couvertes par le biais d&#8217;un jeu imaginatif. Ce jouet \u00e9ducatif, adapt\u00e9 aux enfants de 3 ans et plus, d\u00e9veloppe la <a href=\"https:\/\/teiaeducation.ch\/fr\/categorie-produit\/domaines-du-curriculum\/sensorielles-motrices\/competences-motrices\/\">motricit\u00e9<\/a> fine et les aide \u00e0 distinguer les formes g\u00e9om\u00e9triques, l&#8217;interconnexion des formes et des objets et les concepts de physique.<\/p>\n<p>Tous les jouets de SINA Spielzeug sont con\u00e7us et fabriqu\u00e9s \u00e0 la main dans l&#8217;atelier de la soci\u00e9t\u00e9 \u00e0 Neuhausen\/Erzgebirge, en Allemagne. D\u00e9velopp\u00e9 et fabriqu\u00e9 avec le plus grand soin, chaque produit SINA porte la marque CE et respecte toutes les exigences l\u00e9gales de la directive europ\u00e9enne sur la s\u00e9curit\u00e9 des jouets 2009\/48\/EC et EN 71 pour la s\u00e9curit\u00e9 des jouets. Plusieurs jouets SINA ont re\u00e7u le sceau Spielgut\u00ae.<br class=\"has-block tooltipstered\" \/>Des normes de s\u00e9curit\u00e9 \u00e9lev\u00e9es et d\u2019\u00e9thique sont exig\u00e9es des fournisseurs de mati\u00e8res premi\u00e8res ainsi qu\u2019une garantie que tous les mat\u00e9riaux et les pi\u00e8ces constitutives sont sans danger pour les enfants et sans toxines. Entreprise familiale dans l\u2019\u00e2me, la gamme SINA comprend des jouets didactiques en bois, des articles de jeu en bois \u00e0 usage th\u00e9rapeutique et des objets de jeu, y compris les cadeaux ou gaben de la p\u00e9dagogie Froebel (Fr\u00f6bel).<\/p>\n<p>SINA Spielzeug est membre du Deutscher Verband der Spielwarenindustrie, du Fachgruppe Holzspielzeug et du <a href=\"https:\/\/www.pfv.info\">Pestalozzi-Fr\u00f6bel-Verband<\/a>.<\/p>\n<p>Le Froebel Gabe 2 de SINA Spielzeug convient aux enfants \u00e2g\u00e9s de 2 ans et plus.<\/p>\n<p>Contenu:<\/p>\n<p>2 jeux de 3 solides en bois<br \/>\n1 cadre en bois constitu\u00e9 de tiges<br \/>\n3 b\u00e2tons de bois<br \/>\n1 bo\u00eete en bois pour la pr\u00e9sentation et le stockage<\/p>\n<p><iframe loading=\"lazy\" title=\"Froebel Kindergarten Gift 2 with Norman Brosterman Scott Bultman\" width=\"1020\" height=\"574\" src=\"https:\/\/www.youtube.com\/embed\/Cu-xTcMcjIA?start=137&#038;feature=oembed\" frameborder=\"0\" allow=\"accelerometer; autoplay; clipboard-write; encrypted-media; gyroscope; picture-in-picture\" allowfullscreen><\/iframe><\/p>\n","protected":false},"excerpt":{"rendered":"<p>Num\u00e9ro d&#8217;article: <span data-sheets-value=\"{\" data-sheets-userformat=\"{\">25301<\/span><\/p>\n<p>L&#8217;original Froebel Gabe \/ cadeau 2 de SINA Spielzeug se compose de solides en bois d&#8217;une sph\u00e8re, d&#8217;un cylindre et d&#8217;un cube.<\/p>\n","protected":false},"featured_media":44770,"comment_status":"open","ping_status":"closed","template":"","meta":[],"product_brand":[],"product_cat":[8527,215,13150,635,283,8526,7596,289,13142,624,288,7595,217,5851,13123,209,7589,212],"product_tag":[22585,22586,22587,8622,22588,18325],"class_list":{"0":"post-34050","1":"product","2":"type-product","3":"status-publish","4":"has-post-thumbnail","6":"product_cat-3-6-ans-ecole-a-domicile","7":"product_cat-3-6-ans","8":"product_cat-blocs-de-construction-en-bois","9":"product_cat-competences-motrices","10":"product_cat-domaines-du-curriculum","11":"product_cat-fournitures-scolaires-a-domicile","12":"product_cat-froebel-fr","13":"product_cat-geometrie","14":"product_cat-jeu-sensoriel","15":"product_cat-formes","16":"product_cat-mathematiques-calcul","17":"product_cat-methode-deducation","18":"product_cat-marques","19":"product_cat-nouveautes","20":"product_cat-objets-de-jeu","21":"product_cat-sensorielles-motrices","22":"product_cat-sina-spielzeug-fr","23":"product_cat-tranche-dage","24":"product_tag-friedrich-froebel-gabe-2-fr","25":"product_tag-froebel-cadeaux","26":"product_tag-original-friedrich-froebel-gabe","27":"product_tag-sina-spielzeug-fr","28":"product_tag-sina-spielzeug-cadeaux-de-jeu","29":"product_tag-sina-spielzeug-suisse","31":"first","32":"outofstock","33":"taxable","34":"shipping-taxable","35":"purchasable","36":"product-type-simple"},"yoast_head":"<!-- This site is optimized with the Yoast SEO plugin v27.1.1 - https:\/\/yoast.com\/product\/yoast-seo-wordpress\/ -->\n<title>Froebel Gabe \/ Cadeau 2 - SINA Spielzeug - Teia Education &amp; Play<\/title>\n<meta name=\"description\" content=\"L&#039;original Froebel Gabe \/ cadeau 2 de SINA Spielzeug se compose de solides en bois d&#039;une sph\u00e8re, d&#039;un cylindre et d&#039;un cube.\" \/>\n<meta name=\"robots\" content=\"index, follow, max-snippet:-1, max-image-preview:large, max-video-preview:-1\" \/>\n<link rel=\"canonical\" href=\"https:\/\/teiaeducation.ch\/fr\/produit\/froebel-gabe-cadeau-2-sina-spielzeug\/\" \/>\n<meta property=\"og:locale\" content=\"fr_FR\" \/>\n<meta property=\"og:type\" content=\"article\" \/>\n<meta property=\"og:title\" content=\"Froebel Gabe \/ Cadeau 2 - SINA Spielzeug - Teia Education &amp; Play\" \/>\n<meta property=\"og:description\" content=\"L&#039;original Froebel Gabe \/ cadeau 2 de SINA Spielzeug se compose de solides en bois d&#039;une sph\u00e8re, d&#039;un cylindre et d&#039;un cube.\" \/>\n<meta property=\"og:url\" content=\"https:\/\/teiaeducation.ch\/fr\/produit\/froebel-gabe-cadeau-2-sina-spielzeug\/\" \/>\n<meta property=\"og:site_name\" content=\"Sustainable Educational Products &amp; Ecological Toys\u00a0\" \/>\n<meta property=\"article:publisher\" content=\"https:\/\/www.facebook.com\/teiaeducation\/\" \/>\n<meta property=\"article:modified_time\" content=\"2022-03-10T08:30:21+00:00\" \/>\n<meta property=\"og:image\" content=\"https:\/\/teiaeducation.ch\/wp-content\/uploads\/2022\/02\/Froebel-Gabe-2-Original-Friedrich-Froebel-wooden-playing-gift-SINA-Spielzeug.jpg\" \/>\n\t<meta property=\"og:image:width\" content=\"900\" \/>\n\t<meta property=\"og:image:height\" content=\"900\" \/>\n\t<meta property=\"og:image:type\" content=\"image\/jpeg\" \/>\n<script type=\"application\/ld+json\" class=\"yoast-schema-graph\">{\"@context\":\"https:\/\/schema.org\",\"@graph\":[{\"@type\":\"WebPage\",\"@id\":\"https:\/\/teiaeducation.ch\/fr\/produit\/froebel-gabe-cadeau-2-sina-spielzeug\/\",\"url\":\"https:\/\/teiaeducation.ch\/fr\/produit\/froebel-gabe-cadeau-2-sina-spielzeug\/\",\"name\":\"Froebel Gabe \/ Cadeau 2 - SINA Spielzeug - Teia Education & Play\",\"isPartOf\":{\"@id\":\"https:\/\/teiaeducation.ch\/fr\/#website\"},\"primaryImageOfPage\":{\"@id\":\"https:\/\/teiaeducation.ch\/fr\/produit\/froebel-gabe-cadeau-2-sina-spielzeug\/#primaryimage\"},\"image\":{\"@id\":\"https:\/\/teiaeducation.ch\/fr\/produit\/froebel-gabe-cadeau-2-sina-spielzeug\/#primaryimage\"},\"thumbnailUrl\":\"https:\/\/teiaeducation.ch\/wp-content\/uploads\/2022\/02\/Froebel-Gabe-2-Original-Friedrich-Froebel-wooden-playing-gift-SINA-Spielzeug.jpg\",\"datePublished\":\"2022-02-28T09:06:05+00:00\",\"dateModified\":\"2022-03-10T08:30:21+00:00\",\"description\":\"L'original Froebel Gabe \/ cadeau 2 de SINA Spielzeug se compose de solides en bois d'une sph\u00e8re, d'un cylindre et d'un cube.\",\"breadcrumb\":{\"@id\":\"https:\/\/teiaeducation.ch\/fr\/produit\/froebel-gabe-cadeau-2-sina-spielzeug\/#breadcrumb\"},\"inLanguage\":\"fr-FR\",\"potentialAction\":[{\"@type\":\"ReadAction\",\"target\":[\"https:\/\/teiaeducation.ch\/fr\/produit\/froebel-gabe-cadeau-2-sina-spielzeug\/\"]}]},{\"@type\":\"ImageObject\",\"inLanguage\":\"fr-FR\",\"@id\":\"https:\/\/teiaeducation.ch\/fr\/produit\/froebel-gabe-cadeau-2-sina-spielzeug\/#primaryimage\",\"url\":\"https:\/\/teiaeducation.ch\/wp-content\/uploads\/2022\/02\/Froebel-Gabe-2-Original-Friedrich-Froebel-wooden-playing-gift-SINA-Spielzeug.jpg\",\"contentUrl\":\"https:\/\/teiaeducation.ch\/wp-content\/uploads\/2022\/02\/Froebel-Gabe-2-Original-Friedrich-Froebel-wooden-playing-gift-SINA-Spielzeug.jpg\",\"width\":900,\"height\":900,\"caption\":\"Froebel Gabe 2 Original Friedrich Froebel cadeau de jeu en bois - SINA Spielzeug\"},{\"@type\":\"BreadcrumbList\",\"@id\":\"https:\/\/teiaeducation.ch\/fr\/produit\/froebel-gabe-cadeau-2-sina-spielzeug\/#breadcrumb\",\"itemListElement\":[{\"@type\":\"ListItem\",\"position\":1,\"name\":\"Home\",\"item\":\"https:\/\/teiaeducation.ch\/fr\/\"},{\"@type\":\"ListItem\",\"position\":2,\"name\":\"Boutique Teia Education &amp; Play\",\"item\":\"https:\/\/teiaeducation.ch\/fr\/boutique\/\"},{\"@type\":\"ListItem\",\"position\":3,\"name\":\"Domaines du Curriculum\",\"item\":\"https:\/\/teiaeducation.ch\/fr\/categorie-produit\/domaines-du-curriculum\/\"},{\"@type\":\"ListItem\",\"position\":4,\"name\":\"Sensorielles &amp; Motrices\",\"item\":\"https:\/\/teiaeducation.ch\/fr\/categorie-produit\/domaines-du-curriculum\/sensorielles-motrices\/\"},{\"@type\":\"ListItem\",\"position\":5,\"name\":\"Comp\u00e9tences Motrices\",\"item\":\"https:\/\/teiaeducation.ch\/fr\/categorie-produit\/domaines-du-curriculum\/sensorielles-motrices\/competences-motrices\/\"},{\"@type\":\"ListItem\",\"position\":6,\"name\":\"Froebel Gabe \/ Cadeau 2 &#8211; SINA Spielzeug\"}]},{\"@type\":\"WebSite\",\"@id\":\"https:\/\/teiaeducation.ch\/fr\/#website\",\"url\":\"https:\/\/teiaeducation.ch\/fr\/\",\"name\":\"Sustainable Educational Products &amp; Ecological Toys\u00a0\",\"description\":\"Specialised Swiss shop selling sustainable educational toys and games, AMI certified Montessori materials, handmade ecological wooden Waldorf toys and arts &amp; crafts supplies, school supplies, children&#039;s furniture and Montessori reference and parenting books.\",\"publisher\":{\"@id\":\"https:\/\/teiaeducation.ch\/fr\/#organization\"},\"alternateName\":\"Teia Education & Play\",\"potentialAction\":[{\"@type\":\"SearchAction\",\"target\":{\"@type\":\"EntryPoint\",\"urlTemplate\":\"https:\/\/teiaeducation.ch\/fr\/?s={search_term_string}\"},\"query-input\":{\"@type\":\"PropertyValueSpecification\",\"valueRequired\":true,\"valueName\":\"search_term_string\"}}],\"inLanguage\":\"fr-FR\"},{\"@type\":\"Organization\",\"@id\":\"https:\/\/teiaeducation.ch\/fr\/#organization\",\"name\":\"Teia Education & Play\",\"url\":\"https:\/\/teiaeducation.ch\/fr\/\",\"logo\":{\"@type\":\"ImageObject\",\"inLanguage\":\"fr-FR\",\"@id\":\"https:\/\/teiaeducation.ch\/fr\/#\/schema\/logo\/image\/\",\"url\":\"https:\/\/teiaeducation.ch\/wp-content\/uploads\/2020\/11\/Teia-Education-Switzerland-e1620156442216.jpg\",\"contentUrl\":\"https:\/\/teiaeducation.ch\/wp-content\/uploads\/2020\/11\/Teia-Education-Switzerland-e1620156442216.jpg\",\"width\":166,\"height\":145,\"caption\":\"Teia Education & Play\"},\"image\":{\"@id\":\"https:\/\/teiaeducation.ch\/fr\/#\/schema\/logo\/image\/\"},\"sameAs\":[\"https:\/\/www.facebook.com\/teiaeducation\/\",\"https:\/\/x.com\/EducationTeia\",\"https:\/\/www.instagram.com\/teia.education\/\",\"https:\/\/www.linkedin.com\/company\/35501660\",\"https:\/\/www.pinterest.ch\/TeiaEducation\/\"]}]}<\/script>\n<!-- \/ Yoast SEO plugin. -->","yoast_head_json":{"title":"Froebel Gabe \/ Cadeau 2 - SINA Spielzeug - Teia Education & Play","description":"L'original Froebel Gabe \/ cadeau 2 de SINA Spielzeug se compose de solides en bois d'une sph\u00e8re, d'un cylindre et d'un cube.","robots":{"index":"index","follow":"follow","max-snippet":"max-snippet:-1","max-image-preview":"max-image-preview:large","max-video-preview":"max-video-preview:-1"},"canonical":"https:\/\/teiaeducation.ch\/fr\/produit\/froebel-gabe-cadeau-2-sina-spielzeug\/","og_locale":"fr_FR","og_type":"article","og_title":"Froebel Gabe \/ Cadeau 2 - SINA Spielzeug - Teia Education & Play","og_description":"L'original Froebel Gabe \/ cadeau 2 de SINA Spielzeug se compose de solides en bois d'une sph\u00e8re, d'un cylindre et d'un cube.","og_url":"https:\/\/teiaeducation.ch\/fr\/produit\/froebel-gabe-cadeau-2-sina-spielzeug\/","og_site_name":"Sustainable Educational Products &amp; Ecological Toys\u00a0","article_publisher":"https:\/\/www.facebook.com\/teiaeducation\/","article_modified_time":"2022-03-10T08:30:21+00:00","og_image":[{"width":900,"height":900,"url":"https:\/\/teiaeducation.ch\/wp-content\/uploads\/2022\/02\/Froebel-Gabe-2-Original-Friedrich-Froebel-wooden-playing-gift-SINA-Spielzeug.jpg","type":"image\/jpeg"}],"schema":{"@context":"https:\/\/schema.org","@graph":[{"@type":"WebPage","@id":"https:\/\/teiaeducation.ch\/fr\/produit\/froebel-gabe-cadeau-2-sina-spielzeug\/","url":"https:\/\/teiaeducation.ch\/fr\/produit\/froebel-gabe-cadeau-2-sina-spielzeug\/","name":"Froebel Gabe \/ Cadeau 2 - SINA Spielzeug - Teia Education & Play","isPartOf":{"@id":"https:\/\/teiaeducation.ch\/fr\/#website"},"primaryImageOfPage":{"@id":"https:\/\/teiaeducation.ch\/fr\/produit\/froebel-gabe-cadeau-2-sina-spielzeug\/#primaryimage"},"image":{"@id":"https:\/\/teiaeducation.ch\/fr\/produit\/froebel-gabe-cadeau-2-sina-spielzeug\/#primaryimage"},"thumbnailUrl":"https:\/\/teiaeducation.ch\/wp-content\/uploads\/2022\/02\/Froebel-Gabe-2-Original-Friedrich-Froebel-wooden-playing-gift-SINA-Spielzeug.jpg","datePublished":"2022-02-28T09:06:05+00:00","dateModified":"2022-03-10T08:30:21+00:00","description":"L'original Froebel Gabe \/ cadeau 2 de SINA Spielzeug se compose de solides en bois d'une sph\u00e8re, d'un cylindre et d'un cube.","breadcrumb":{"@id":"https:\/\/teiaeducation.ch\/fr\/produit\/froebel-gabe-cadeau-2-sina-spielzeug\/#breadcrumb"},"inLanguage":"fr-FR","potentialAction":[{"@type":"ReadAction","target":["https:\/\/teiaeducation.ch\/fr\/produit\/froebel-gabe-cadeau-2-sina-spielzeug\/"]}]},{"@type":"ImageObject","inLanguage":"fr-FR","@id":"https:\/\/teiaeducation.ch\/fr\/produit\/froebel-gabe-cadeau-2-sina-spielzeug\/#primaryimage","url":"https:\/\/teiaeducation.ch\/wp-content\/uploads\/2022\/02\/Froebel-Gabe-2-Original-Friedrich-Froebel-wooden-playing-gift-SINA-Spielzeug.jpg","contentUrl":"https:\/\/teiaeducation.ch\/wp-content\/uploads\/2022\/02\/Froebel-Gabe-2-Original-Friedrich-Froebel-wooden-playing-gift-SINA-Spielzeug.jpg","width":900,"height":900,"caption":"Froebel Gabe 2 Original Friedrich Froebel cadeau de jeu en bois - SINA Spielzeug"},{"@type":"BreadcrumbList","@id":"https:\/\/teiaeducation.ch\/fr\/produit\/froebel-gabe-cadeau-2-sina-spielzeug\/#breadcrumb","itemListElement":[{"@type":"ListItem","position":1,"name":"Home","item":"https:\/\/teiaeducation.ch\/fr\/"},{"@type":"ListItem","position":2,"name":"Boutique Teia Education &amp; Play","item":"https:\/\/teiaeducation.ch\/fr\/boutique\/"},{"@type":"ListItem","position":3,"name":"Domaines du Curriculum","item":"https:\/\/teiaeducation.ch\/fr\/categorie-produit\/domaines-du-curriculum\/"},{"@type":"ListItem","position":4,"name":"Sensorielles &amp; Motrices","item":"https:\/\/teiaeducation.ch\/fr\/categorie-produit\/domaines-du-curriculum\/sensorielles-motrices\/"},{"@type":"ListItem","position":5,"name":"Comp\u00e9tences Motrices","item":"https:\/\/teiaeducation.ch\/fr\/categorie-produit\/domaines-du-curriculum\/sensorielles-motrices\/competences-motrices\/"},{"@type":"ListItem","position":6,"name":"Froebel Gabe \/ Cadeau 2 &#8211; SINA Spielzeug"}]},{"@type":"WebSite","@id":"https:\/\/teiaeducation.ch\/fr\/#website","url":"https:\/\/teiaeducation.ch\/fr\/","name":"Sustainable Educational Products &amp; Ecological Toys\u00a0","description":"Specialised Swiss shop selling sustainable educational toys and games, AMI certified Montessori materials, handmade ecological wooden Waldorf toys and arts &amp; crafts supplies, school supplies, children&#039;s furniture and Montessori reference and parenting books.","publisher":{"@id":"https:\/\/teiaeducation.ch\/fr\/#organization"},"alternateName":"Teia Education & Play","potentialAction":[{"@type":"SearchAction","target":{"@type":"EntryPoint","urlTemplate":"https:\/\/teiaeducation.ch\/fr\/?s={search_term_string}"},"query-input":{"@type":"PropertyValueSpecification","valueRequired":true,"valueName":"search_term_string"}}],"inLanguage":"fr-FR"},{"@type":"Organization","@id":"https:\/\/teiaeducation.ch\/fr\/#organization","name":"Teia Education & Play","url":"https:\/\/teiaeducation.ch\/fr\/","logo":{"@type":"ImageObject","inLanguage":"fr-FR","@id":"https:\/\/teiaeducation.ch\/fr\/#\/schema\/logo\/image\/","url":"https:\/\/teiaeducation.ch\/wp-content\/uploads\/2020\/11\/Teia-Education-Switzerland-e1620156442216.jpg","contentUrl":"https:\/\/teiaeducation.ch\/wp-content\/uploads\/2020\/11\/Teia-Education-Switzerland-e1620156442216.jpg","width":166,"height":145,"caption":"Teia Education & Play"},"image":{"@id":"https:\/\/teiaeducation.ch\/fr\/#\/schema\/logo\/image\/"},"sameAs":["https:\/\/www.facebook.com\/teiaeducation\/","https:\/\/x.com\/EducationTeia","https:\/\/www.instagram.com\/teia.education\/","https:\/\/www.linkedin.com\/company\/35501660","https:\/\/www.pinterest.ch\/TeiaEducation\/"]}]}},"_links":{"self":[{"href":"https:\/\/teiaeducation.ch\/fr\/wp-json\/wp\/v2\/product\/34050","targetHints":{"allow":["GET"]}}],"collection":[{"href":"https:\/\/teiaeducation.ch\/fr\/wp-json\/wp\/v2\/product"}],"about":[{"href":"https:\/\/teiaeducation.ch\/fr\/wp-json\/wp\/v2\/types\/product"}],"replies":[{"embeddable":true,"href":"https:\/\/teiaeducation.ch\/fr\/wp-json\/wp\/v2\/comments?post=34050"}],"wp:featuredmedia":[{"embeddable":true,"href":"https:\/\/teiaeducation.ch\/fr\/wp-json\/wp\/v2\/media\/44770"}],"wp:attachment":[{"href":"https:\/\/teiaeducation.ch\/fr\/wp-json\/wp\/v2\/media?parent=34050"}],"wp:term":[{"taxonomy":"product_brand","embeddable":true,"href":"https:\/\/teiaeducation.ch\/fr\/wp-json\/wp\/v2\/product_brand?post=34050"},{"taxonomy":"product_cat","embeddable":true,"href":"https:\/\/teiaeducation.ch\/fr\/wp-json\/wp\/v2\/product_cat?post=34050"},{"taxonomy":"product_tag","embeddable":true,"href":"https:\/\/teiaeducation.ch\/fr\/wp-json\/wp\/v2\/product_tag?post=34050"}],"curies":[{"name":"wp","href":"https:\/\/api.w.org\/{rel}","templated":true}]}}