{"id":34054,"date":"2022-02-28T10:07:06","date_gmt":"2022-02-28T09:07:06","guid":{"rendered":"https:\/\/teiaeducation.ch\/?post_type=product&#038;p=34054"},"modified":"2022-03-10T09:33:34","modified_gmt":"2022-03-10T08:33:34","slug":"froebel-gabe-cadeau-3-sina-spielzeug","status":"publish","type":"product","link":"https:\/\/teiaeducation.ch\/fr\/produit\/froebel-gabe-cadeau-3-sina-spielzeug\/","title":{"rendered":"Froebel Gabe \/ Cadeau 3 &#8211; SINA Spielzeug"},"content":{"rendered":"<p>Pour un jeu de plus en plus diff\u00e9renci\u00e9, l&#8217;original SINA Spielzeug Gabe 3 de la s\u00e9rie de cadeaux en bois de Friedrich Froebel repr\u00e9sente le cube divis\u00e9. Il divise le cube de Gabe 2 en huit cubes mesurant 25 x 25 mm chacun et a pour point cl\u00e9 l&#8217;int\u00e9gralit\u00e9 qui montre \u00e0 l&#8217;enfant les pi\u00e8ces comme faisant partie du cube entier et leur relation \u00e0 l&#8217;ensemble.<\/p>\n<p>Pour bien comprendre l&#8217;ensemble, la bo\u00eete en bois de Gabe 3 est mise \u00e0 l&#8217;envers. La bo\u00eete est soulev\u00e9e avec pr\u00e9caution, r\u00e9v\u00e9lant le cube de Gabe 2 maintenant compos\u00e9 de huit cubes individuels. Ce rituel est une partie importante du jeu avec les Gaben 3 \u00e0 6, car en dispersant les blocs, le cube divis\u00e9 ne sera pas visible dans son ensemble au d\u00e9but.<\/p>\n<p>Le concept sous-jacent du jeu avec Gabe 3 est celui d&#8217;une unit\u00e9 de parties se d\u00e9pla\u00e7ant \u00e0 travers diverses formes avant de revenir \u00e0 l&#8217;ensemble en r\u00e9p\u00e9tant le cycle. Cette id\u00e9e permet \u00e0 l&#8217;enfant de comprendre tr\u00e8s t\u00f4t sa propre vie et son propre cycle.<\/p>\n<p>Ce jouet \u00e9ducatif est adapt\u00e9 aux enfants de 3 ans et plus et favorise le d\u00e9veloppement logique et ordonn\u00e9 des id\u00e9es. Gabe 3 encourage la diff\u00e9renciation et le jeu symbolique et d\u00e9veloppe les comp\u00e9tences <a href=\"https:\/\/teiaeducation.ch\/fr\/categorie-produit\/domaines-du-curriculum\/mathematiques-calcul\/\">math\u00e9matiques<\/a> telles que le tri, le comptage, les op\u00e9rations arithm\u00e9tiques, la compr\u00e9hension de base des fractions \u00e0 travers les parties d&#8217;un tout et enrichit le vocabulaire.<\/p>\n<p>Combin\u00e9s ensemble, les Gaben 3 \u00e0 6 fournissent \u00e0 l&#8217;enfant tous les types et formes de cubes en bois n\u00e9cessaires \u00e0 la construction, ce qui \u00e9tend son utilisation de l&#8217;\u00e9ducation \u00e0 un jeu de cubes en bois complet et traditionnel.<\/p>\n<p>Tous les jouets de SINA Spielzeug sont con\u00e7us et fabriqu\u00e9s \u00e0 la main dans l&#8217;atelier de la soci\u00e9t\u00e9 \u00e0 Neuhausen\/Erzgebirge, en Allemagne. D\u00e9velopp\u00e9 et fabriqu\u00e9 avec le plus grand soin, chaque produit SINA porte la marque CE et respecte toutes les exigences l\u00e9gales de la directive europ\u00e9enne sur la s\u00e9curit\u00e9 des jouets 2009\/48\/EC et EN 71 pour la s\u00e9curit\u00e9 des jouets. Plusieurs jouets SINA ont re\u00e7u le sceau Spielgut\u00ae.<br class=\"has-block tooltipstered\" \/>Des normes de s\u00e9curit\u00e9 \u00e9lev\u00e9es et d\u2019\u00e9thique sont exig\u00e9es des fournisseurs de mati\u00e8res premi\u00e8res ainsi qu\u2019une garantie que tous les mat\u00e9riaux et les pi\u00e8ces constitutives sont sans danger pour les enfants et sans toxines. Entreprise familiale dans l&#8217;\u00e2me, la gamme de SINA comprend des jouets didactiques en bois, des articles de jeu en bois \u00e0 usage th\u00e9rapeutique et des articles de jeu, y compris les cadeaux de jeu ou gaben de la p\u00e9dagogie Froebel (Fr\u00f6bel).<\/p>\n<p>SINA Spielzeug est membre du Deutscher Verband der Spielwarenindustrie, du Fachgruppe Holzspielzeug et du <a href=\"https:\/\/www.pfv.info\">Pestalozzi-Fr\u00f6bel-Verband<\/a>.<\/p>\n<p>Le Froebel Gabe 3 de SINA Spielzeug convient aux enfants \u00e2g\u00e9s de 2 ans et plus.<\/p>\n<p>Contenu:<\/p>\n<p>8 cubes en bois massif<br \/>\n1 bo\u00eete en bois pour la pr\u00e9sentation et le stockage<\/p>\n","protected":false},"excerpt":{"rendered":"<p>Num\u00e9ro d&#8217;article: <span data-sheets-value=\"{\" data-sheets-userformat=\"{\">25003<\/span><\/p>\n<p>Le SINA Spielzeug Gabe 3 des cadeaux de jeu originaux de Friedrich Froebel divise le cube de Gabe 2 en 8 cubes et repr\u00e9sente la totalit\u00e9.<\/p>\n","protected":false},"featured_media":34056,"comment_status":"open","ping_status":"closed","template":"","meta":[],"product_brand":[],"product_cat":[8527,215,13150,635,283,8526,7596,13130,289,13142,624,288,7595,217,5851,13123,209,7589,212],"product_tag":[22589,22586,22587,8622,22588,18325],"class_list":{"0":"post-34054","1":"product","2":"type-product","3":"status-publish","4":"has-post-thumbnail","6":"product_cat-3-6-ans-ecole-a-domicile","7":"product_cat-3-6-ans","8":"product_cat-blocs-de-construction-en-bois","9":"product_cat-competences-motrices","10":"product_cat-domaines-du-curriculum","11":"product_cat-fournitures-scolaires-a-domicile","12":"product_cat-froebel-fr","13":"product_cat-jouer","14":"product_cat-geometrie","15":"product_cat-jeu-sensoriel","16":"product_cat-formes","17":"product_cat-mathematiques-calcul","18":"product_cat-methode-deducation","19":"product_cat-marques","20":"product_cat-nouveautes","21":"product_cat-objets-de-jeu","22":"product_cat-sensorielles-motrices","23":"product_cat-sina-spielzeug-fr","24":"product_cat-tranche-dage","25":"product_tag-friedrich-froebel-gabe-3-fr","26":"product_tag-froebel-cadeaux","27":"product_tag-original-friedrich-froebel-gabe","28":"product_tag-sina-spielzeug-fr","29":"product_tag-sina-spielzeug-cadeaux-de-jeu","30":"product_tag-sina-spielzeug-suisse","32":"first","33":"instock","34":"taxable","35":"shipping-taxable","36":"purchasable","37":"product-type-simple"},"yoast_head":"<!-- This site is optimized with the Yoast SEO plugin v27.1.1 - https:\/\/yoast.com\/product\/yoast-seo-wordpress\/ -->\n<title>Froebel Gabe \/ Cadeau 3 - SINA Spielzeug - Teia Education &amp; Play<\/title>\n<meta name=\"description\" content=\"Le SINA Spielzeug Gabe 3 des cadeaux de jeu originaux de Friedrich Froebel divise le cube de Gabe 2 en 8 cubes et repr\u00e9sente la totalit\u00e9.\" \/>\n<meta name=\"robots\" content=\"index, follow, max-snippet:-1, max-image-preview:large, max-video-preview:-1\" \/>\n<link rel=\"canonical\" href=\"https:\/\/teiaeducation.ch\/fr\/produit\/froebel-gabe-cadeau-3-sina-spielzeug\/\" \/>\n<meta property=\"og:locale\" content=\"fr_FR\" \/>\n<meta property=\"og:type\" content=\"article\" \/>\n<meta property=\"og:title\" content=\"Froebel Gabe \/ Cadeau 3 - SINA Spielzeug - Teia Education &amp; Play\" \/>\n<meta property=\"og:description\" content=\"Le SINA Spielzeug Gabe 3 des cadeaux de jeu originaux de Friedrich Froebel divise le cube de Gabe 2 en 8 cubes et repr\u00e9sente la totalit\u00e9.\" \/>\n<meta property=\"og:url\" content=\"https:\/\/teiaeducation.ch\/fr\/produit\/froebel-gabe-cadeau-3-sina-spielzeug\/\" \/>\n<meta property=\"og:site_name\" content=\"Sustainable Educational Products &amp; Ecological Toys\u00a0\" \/>\n<meta property=\"article:publisher\" content=\"https:\/\/www.facebook.com\/teiaeducation\/\" \/>\n<meta property=\"article:modified_time\" content=\"2022-03-10T08:33:34+00:00\" \/>\n<meta property=\"og:image\" content=\"https:\/\/teiaeducation.ch\/wp-content\/uploads\/2021\/02\/Froebel-Gabe-3-Original-Friedrich-Froebel-wooden-playing-gift-SINA-Spielzeug.jpg\" \/>\n\t<meta property=\"og:image:width\" content=\"923\" \/>\n\t<meta property=\"og:image:height\" content=\"1026\" \/>\n\t<meta property=\"og:image:type\" content=\"image\/jpeg\" \/>\n<script type=\"application\/ld+json\" class=\"yoast-schema-graph\">{\"@context\":\"https:\/\/schema.org\",\"@graph\":[{\"@type\":\"WebPage\",\"@id\":\"https:\/\/teiaeducation.ch\/fr\/produit\/froebel-gabe-cadeau-3-sina-spielzeug\/\",\"url\":\"https:\/\/teiaeducation.ch\/fr\/produit\/froebel-gabe-cadeau-3-sina-spielzeug\/\",\"name\":\"Froebel Gabe \/ Cadeau 3 - SINA Spielzeug - Teia Education & Play\",\"isPartOf\":{\"@id\":\"https:\/\/teiaeducation.ch\/fr\/#website\"},\"primaryImageOfPage\":{\"@id\":\"https:\/\/teiaeducation.ch\/fr\/produit\/froebel-gabe-cadeau-3-sina-spielzeug\/#primaryimage\"},\"image\":{\"@id\":\"https:\/\/teiaeducation.ch\/fr\/produit\/froebel-gabe-cadeau-3-sina-spielzeug\/#primaryimage\"},\"thumbnailUrl\":\"https:\/\/teiaeducation.ch\/wp-content\/uploads\/2021\/02\/Froebel-Gabe-3-Original-Friedrich-Froebel-wooden-playing-gift-SINA-Spielzeug.jpg\",\"datePublished\":\"2022-02-28T09:07:06+00:00\",\"dateModified\":\"2022-03-10T08:33:34+00:00\",\"description\":\"Le SINA Spielzeug Gabe 3 des cadeaux de jeu originaux de Friedrich Froebel divise le cube de Gabe 2 en 8 cubes et repr\u00e9sente la totalit\u00e9.\",\"breadcrumb\":{\"@id\":\"https:\/\/teiaeducation.ch\/fr\/produit\/froebel-gabe-cadeau-3-sina-spielzeug\/#breadcrumb\"},\"inLanguage\":\"fr-FR\",\"potentialAction\":[{\"@type\":\"ReadAction\",\"target\":[\"https:\/\/teiaeducation.ch\/fr\/produit\/froebel-gabe-cadeau-3-sina-spielzeug\/\"]}]},{\"@type\":\"ImageObject\",\"inLanguage\":\"fr-FR\",\"@id\":\"https:\/\/teiaeducation.ch\/fr\/produit\/froebel-gabe-cadeau-3-sina-spielzeug\/#primaryimage\",\"url\":\"https:\/\/teiaeducation.ch\/wp-content\/uploads\/2021\/02\/Froebel-Gabe-3-Original-Friedrich-Froebel-wooden-playing-gift-SINA-Spielzeug.jpg\",\"contentUrl\":\"https:\/\/teiaeducation.ch\/wp-content\/uploads\/2021\/02\/Froebel-Gabe-3-Original-Friedrich-Froebel-wooden-playing-gift-SINA-Spielzeug.jpg\",\"width\":923,\"height\":1026,\"caption\":\"Froebel Gabe 3 : Cadeau de jeu original de Friedrich Froebel en bois - SINA Spielzeug\"},{\"@type\":\"BreadcrumbList\",\"@id\":\"https:\/\/teiaeducation.ch\/fr\/produit\/froebel-gabe-cadeau-3-sina-spielzeug\/#breadcrumb\",\"itemListElement\":[{\"@type\":\"ListItem\",\"position\":1,\"name\":\"Home\",\"item\":\"https:\/\/teiaeducation.ch\/fr\/\"},{\"@type\":\"ListItem\",\"position\":2,\"name\":\"Boutique Teia Education &amp; Play\",\"item\":\"https:\/\/teiaeducation.ch\/fr\/boutique\/\"},{\"@type\":\"ListItem\",\"position\":3,\"name\":\"Nos Marques\",\"item\":\"https:\/\/teiaeducation.ch\/fr\/categorie-produit\/marques\/\"},{\"@type\":\"ListItem\",\"position\":4,\"name\":\"SINA Spielzeug\",\"item\":\"https:\/\/teiaeducation.ch\/fr\/categorie-produit\/marques\/sina-spielzeug-fr\/\"},{\"@type\":\"ListItem\",\"position\":5,\"name\":\"Objets de Jeu Froebel\",\"item\":\"https:\/\/teiaeducation.ch\/fr\/categorie-produit\/marques\/sina-spielzeug-fr\/objets-de-jeu\/\"},{\"@type\":\"ListItem\",\"position\":6,\"name\":\"Froebel Gabe \/ Cadeau 3 &#8211; SINA Spielzeug\"}]},{\"@type\":\"WebSite\",\"@id\":\"https:\/\/teiaeducation.ch\/fr\/#website\",\"url\":\"https:\/\/teiaeducation.ch\/fr\/\",\"name\":\"Sustainable Educational Products &amp; Ecological Toys\u00a0\",\"description\":\"Specialised Swiss shop selling sustainable educational toys and games, AMI certified Montessori materials, handmade ecological wooden Waldorf toys and arts &amp; crafts supplies, school supplies, children&#039;s furniture and Montessori reference and parenting books.\",\"publisher\":{\"@id\":\"https:\/\/teiaeducation.ch\/fr\/#organization\"},\"alternateName\":\"Teia Education & Play\",\"potentialAction\":[{\"@type\":\"SearchAction\",\"target\":{\"@type\":\"EntryPoint\",\"urlTemplate\":\"https:\/\/teiaeducation.ch\/fr\/?s={search_term_string}\"},\"query-input\":{\"@type\":\"PropertyValueSpecification\",\"valueRequired\":true,\"valueName\":\"search_term_string\"}}],\"inLanguage\":\"fr-FR\"},{\"@type\":\"Organization\",\"@id\":\"https:\/\/teiaeducation.ch\/fr\/#organization\",\"name\":\"Teia Education & Play\",\"url\":\"https:\/\/teiaeducation.ch\/fr\/\",\"logo\":{\"@type\":\"ImageObject\",\"inLanguage\":\"fr-FR\",\"@id\":\"https:\/\/teiaeducation.ch\/fr\/#\/schema\/logo\/image\/\",\"url\":\"https:\/\/teiaeducation.ch\/wp-content\/uploads\/2020\/11\/Teia-Education-Switzerland-e1620156442216.jpg\",\"contentUrl\":\"https:\/\/teiaeducation.ch\/wp-content\/uploads\/2020\/11\/Teia-Education-Switzerland-e1620156442216.jpg\",\"width\":166,\"height\":145,\"caption\":\"Teia Education & Play\"},\"image\":{\"@id\":\"https:\/\/teiaeducation.ch\/fr\/#\/schema\/logo\/image\/\"},\"sameAs\":[\"https:\/\/www.facebook.com\/teiaeducation\/\",\"https:\/\/x.com\/EducationTeia\",\"https:\/\/www.instagram.com\/teia.education\/\",\"https:\/\/www.linkedin.com\/company\/35501660\",\"https:\/\/www.pinterest.ch\/TeiaEducation\/\"]}]}<\/script>\n<!-- \/ Yoast SEO plugin. -->","yoast_head_json":{"title":"Froebel Gabe \/ Cadeau 3 - SINA Spielzeug - Teia Education & Play","description":"Le SINA Spielzeug Gabe 3 des cadeaux de jeu originaux de Friedrich Froebel divise le cube de Gabe 2 en 8 cubes et repr\u00e9sente la totalit\u00e9.","robots":{"index":"index","follow":"follow","max-snippet":"max-snippet:-1","max-image-preview":"max-image-preview:large","max-video-preview":"max-video-preview:-1"},"canonical":"https:\/\/teiaeducation.ch\/fr\/produit\/froebel-gabe-cadeau-3-sina-spielzeug\/","og_locale":"fr_FR","og_type":"article","og_title":"Froebel Gabe \/ Cadeau 3 - SINA Spielzeug - Teia Education & Play","og_description":"Le SINA Spielzeug Gabe 3 des cadeaux de jeu originaux de Friedrich Froebel divise le cube de Gabe 2 en 8 cubes et repr\u00e9sente la totalit\u00e9.","og_url":"https:\/\/teiaeducation.ch\/fr\/produit\/froebel-gabe-cadeau-3-sina-spielzeug\/","og_site_name":"Sustainable Educational Products &amp; Ecological Toys\u00a0","article_publisher":"https:\/\/www.facebook.com\/teiaeducation\/","article_modified_time":"2022-03-10T08:33:34+00:00","og_image":[{"width":923,"height":1026,"url":"https:\/\/teiaeducation.ch\/wp-content\/uploads\/2021\/02\/Froebel-Gabe-3-Original-Friedrich-Froebel-wooden-playing-gift-SINA-Spielzeug.jpg","type":"image\/jpeg"}],"schema":{"@context":"https:\/\/schema.org","@graph":[{"@type":"WebPage","@id":"https:\/\/teiaeducation.ch\/fr\/produit\/froebel-gabe-cadeau-3-sina-spielzeug\/","url":"https:\/\/teiaeducation.ch\/fr\/produit\/froebel-gabe-cadeau-3-sina-spielzeug\/","name":"Froebel Gabe \/ Cadeau 3 - SINA Spielzeug - Teia Education & Play","isPartOf":{"@id":"https:\/\/teiaeducation.ch\/fr\/#website"},"primaryImageOfPage":{"@id":"https:\/\/teiaeducation.ch\/fr\/produit\/froebel-gabe-cadeau-3-sina-spielzeug\/#primaryimage"},"image":{"@id":"https:\/\/teiaeducation.ch\/fr\/produit\/froebel-gabe-cadeau-3-sina-spielzeug\/#primaryimage"},"thumbnailUrl":"https:\/\/teiaeducation.ch\/wp-content\/uploads\/2021\/02\/Froebel-Gabe-3-Original-Friedrich-Froebel-wooden-playing-gift-SINA-Spielzeug.jpg","datePublished":"2022-02-28T09:07:06+00:00","dateModified":"2022-03-10T08:33:34+00:00","description":"Le SINA Spielzeug Gabe 3 des cadeaux de jeu originaux de Friedrich Froebel divise le cube de Gabe 2 en 8 cubes et repr\u00e9sente la totalit\u00e9.","breadcrumb":{"@id":"https:\/\/teiaeducation.ch\/fr\/produit\/froebel-gabe-cadeau-3-sina-spielzeug\/#breadcrumb"},"inLanguage":"fr-FR","potentialAction":[{"@type":"ReadAction","target":["https:\/\/teiaeducation.ch\/fr\/produit\/froebel-gabe-cadeau-3-sina-spielzeug\/"]}]},{"@type":"ImageObject","inLanguage":"fr-FR","@id":"https:\/\/teiaeducation.ch\/fr\/produit\/froebel-gabe-cadeau-3-sina-spielzeug\/#primaryimage","url":"https:\/\/teiaeducation.ch\/wp-content\/uploads\/2021\/02\/Froebel-Gabe-3-Original-Friedrich-Froebel-wooden-playing-gift-SINA-Spielzeug.jpg","contentUrl":"https:\/\/teiaeducation.ch\/wp-content\/uploads\/2021\/02\/Froebel-Gabe-3-Original-Friedrich-Froebel-wooden-playing-gift-SINA-Spielzeug.jpg","width":923,"height":1026,"caption":"Froebel Gabe 3 : Cadeau de jeu original de Friedrich Froebel en bois - SINA Spielzeug"},{"@type":"BreadcrumbList","@id":"https:\/\/teiaeducation.ch\/fr\/produit\/froebel-gabe-cadeau-3-sina-spielzeug\/#breadcrumb","itemListElement":[{"@type":"ListItem","position":1,"name":"Home","item":"https:\/\/teiaeducation.ch\/fr\/"},{"@type":"ListItem","position":2,"name":"Boutique Teia Education &amp; Play","item":"https:\/\/teiaeducation.ch\/fr\/boutique\/"},{"@type":"ListItem","position":3,"name":"Nos Marques","item":"https:\/\/teiaeducation.ch\/fr\/categorie-produit\/marques\/"},{"@type":"ListItem","position":4,"name":"SINA Spielzeug","item":"https:\/\/teiaeducation.ch\/fr\/categorie-produit\/marques\/sina-spielzeug-fr\/"},{"@type":"ListItem","position":5,"name":"Objets de Jeu Froebel","item":"https:\/\/teiaeducation.ch\/fr\/categorie-produit\/marques\/sina-spielzeug-fr\/objets-de-jeu\/"},{"@type":"ListItem","position":6,"name":"Froebel Gabe \/ Cadeau 3 &#8211; SINA Spielzeug"}]},{"@type":"WebSite","@id":"https:\/\/teiaeducation.ch\/fr\/#website","url":"https:\/\/teiaeducation.ch\/fr\/","name":"Sustainable Educational Products &amp; Ecological Toys\u00a0","description":"Specialised Swiss shop selling sustainable educational toys and games, AMI certified Montessori materials, handmade ecological wooden Waldorf toys and arts &amp; crafts supplies, school supplies, children&#039;s furniture and Montessori reference and parenting books.","publisher":{"@id":"https:\/\/teiaeducation.ch\/fr\/#organization"},"alternateName":"Teia Education & Play","potentialAction":[{"@type":"SearchAction","target":{"@type":"EntryPoint","urlTemplate":"https:\/\/teiaeducation.ch\/fr\/?s={search_term_string}"},"query-input":{"@type":"PropertyValueSpecification","valueRequired":true,"valueName":"search_term_string"}}],"inLanguage":"fr-FR"},{"@type":"Organization","@id":"https:\/\/teiaeducation.ch\/fr\/#organization","name":"Teia Education & Play","url":"https:\/\/teiaeducation.ch\/fr\/","logo":{"@type":"ImageObject","inLanguage":"fr-FR","@id":"https:\/\/teiaeducation.ch\/fr\/#\/schema\/logo\/image\/","url":"https:\/\/teiaeducation.ch\/wp-content\/uploads\/2020\/11\/Teia-Education-Switzerland-e1620156442216.jpg","contentUrl":"https:\/\/teiaeducation.ch\/wp-content\/uploads\/2020\/11\/Teia-Education-Switzerland-e1620156442216.jpg","width":166,"height":145,"caption":"Teia Education & Play"},"image":{"@id":"https:\/\/teiaeducation.ch\/fr\/#\/schema\/logo\/image\/"},"sameAs":["https:\/\/www.facebook.com\/teiaeducation\/","https:\/\/x.com\/EducationTeia","https:\/\/www.instagram.com\/teia.education\/","https:\/\/www.linkedin.com\/company\/35501660","https:\/\/www.pinterest.ch\/TeiaEducation\/"]}]}},"_links":{"self":[{"href":"https:\/\/teiaeducation.ch\/fr\/wp-json\/wp\/v2\/product\/34054","targetHints":{"allow":["GET"]}}],"collection":[{"href":"https:\/\/teiaeducation.ch\/fr\/wp-json\/wp\/v2\/product"}],"about":[{"href":"https:\/\/teiaeducation.ch\/fr\/wp-json\/wp\/v2\/types\/product"}],"replies":[{"embeddable":true,"href":"https:\/\/teiaeducation.ch\/fr\/wp-json\/wp\/v2\/comments?post=34054"}],"wp:featuredmedia":[{"embeddable":true,"href":"https:\/\/teiaeducation.ch\/fr\/wp-json\/wp\/v2\/media\/34056"}],"wp:attachment":[{"href":"https:\/\/teiaeducation.ch\/fr\/wp-json\/wp\/v2\/media?parent=34054"}],"wp:term":[{"taxonomy":"product_brand","embeddable":true,"href":"https:\/\/teiaeducation.ch\/fr\/wp-json\/wp\/v2\/product_brand?post=34054"},{"taxonomy":"product_cat","embeddable":true,"href":"https:\/\/teiaeducation.ch\/fr\/wp-json\/wp\/v2\/product_cat?post=34054"},{"taxonomy":"product_tag","embeddable":true,"href":"https:\/\/teiaeducation.ch\/fr\/wp-json\/wp\/v2\/product_tag?post=34054"}],"curies":[{"name":"wp","href":"https:\/\/api.w.org\/{rel}","templated":true}]}}