{"id":34377,"date":"2020-12-22T21:50:11","date_gmt":"2020-12-22T20:50:11","guid":{"rendered":"https:\/\/teiaeducation.ch\/product\/petit-anneau-danniversaire-rose-et-violet-grimms\/"},"modified":"2024-12-02T14:40:36","modified_gmt":"2024-12-02T13:40:36","slug":"petit-anneau-danniversaire-rose-violer-grimms","status":"publish","type":"product","link":"https:\/\/teiaeducation.ch\/fr\/produit\/petit-anneau-danniversaire-rose-violer-grimms\/","title":{"rendered":"Petit anneau d&#8217;anniversaire rose-violet &#8211; Grimm&#8217;s"},"content":{"rendered":"<p>Petit anneau d&#8217;anniversaire rose et violet \/ Anneau de c\u00e9l\u00e9brations\u00a0Waldorf en bois fait main &#8211; Grimm&#8217;s<\/p>\n<p>Ce ravissant porte-bougie et d\u00e9coration inspir\u00e9e des f\u00eates de Waldorf constitue un merveilleux centre de table pour les c\u00e9l\u00e9brations ou pour orner votre table ou votre rebord de fen\u00eatre en. Le petit anneau d&#8217;anniversaire rose-violet de Grimm&#8217;s ajoute une atmosph\u00e8re sp\u00e9ciale et un sens de l&#8217;occasion \u00e0 toutes les <a href=\"https:\/\/teiaeducation.ch\/fr\/categorie-produit\/celebrations-fr\/\">c\u00e9l\u00e9brations<\/a> !<\/p>\n<p>Le petit anneau d&#8217;anniversaire rose-violet de Grimm&#8217;s est fabriqu\u00e9 \u00e0 la main \u00e0 partir de bois de tilleul et peint \u00e0 la main dans de jolis tons pastel avec une peinture non toxique \u00e0 base d&#8217;eau. Il mesure 22 cm de diam\u00e8tre.<\/p>\n<p>D\u00e9corez l\u2019anneau avec les belles figures d\u00e9coratives et les chiffres\u00a0de Grimm&#8217;s, repr\u00e9sentant l\u2019\u00e2ge de l\u2019enfant qui a son anniversaire et ses animaux pr\u00e9f\u00e9r\u00e9s, jouets ou tout autre int\u00e9r\u00eat particulier. Vous pouvez \u00e9galement ajouter des fleurs, des objets naturels, des lumi\u00e8res ou des bougies pour la d\u00e9coration parfaite pour votre c\u00e9l\u00e9bration.<\/p>\n<p>Aider les enfants \u00e0 c\u00e9l\u00e9brer et \u00e0 marquer des occasions sp\u00e9ciales avec cette joyeuse d\u00e9coration est s\u00fbr de devenir une tradition familiale pour les ann\u00e9es et les g\u00e9n\u00e9rations \u00e0 venir !<\/p>\n<p>Id\u00e9aux pour la maison, la cr\u00e8che, Waldorf ou l\u2019\u00e9cole Steiner, les magnifiques jouets en bois naturel de Grimm&#8217;s sont fabriqu\u00e9s selon la philosophie Waldorf qui est bien connue pour encourager les enfants \u00e0 d\u00e9couvrir le jeu cr\u00e9atif de fa\u00e7on ind\u00e9pendante, sans limitations \u00e0 un rythme sans h\u00e2te. Les jouets en bois de Grimm&#8217;s sont color\u00e9s \u00e0 la main avec des peintures \u00e0 base d\u2019eau non toxiques et ne sont pas finis avec de la laque pour assurer les caract\u00e9ristiques originales du bois et pour qu&#8217;on puisse voir le grain \u00e0 travers. La surface des jouets fabriqu\u00e9s \u00e0 partir de bois europ\u00e9ens certifi\u00e9 FSC est laiss\u00e9e l\u00e9g\u00e8rement rugueuse, ce qui les rend plus facilement empilables et moins glissants.<\/p>\n<p>Les jouets en bois de Grimm&#8217;s sont fabriqu\u00e9s dans les manufacture de Grimm&#8217;s en Allemagne ainsi que dans plusieurs ateliers \u00e0 travers l\u2019Europe \u00e0 partir de diff\u00e9rents types de bois tels que l\u2019aulne, la chaux, le h\u00eatre et l\u2019\u00e9rable. Tout le bois utilis\u00e9 pour fabriquer les jouets de Grimm&#8217;s provient de for\u00eats europ\u00e9ennes g\u00e9r\u00e9es de mani\u00e8re durable.<\/p>\n<p>Veuillez noter que les jouets de Grimm&#8217;s sont toujours uniques, et portent des marques uniques faites par la nature. Le grain du bois a des structures et des couleurs changeantes qui servent de preuve de ses origines naturelles. Les variations uniques, les marques, les noeuds, les motifs, les rayures noires ou les taches sombres qui peuvent \u00eatre visibles dans le bois des jouets de Grimm&#8217;s sont une preuve de qualit\u00e9, et non des d\u00e9fauts.<\/p>\n<p>Avertissement! L&#8217;anneau d&#8217;anniversaire rose de violet de Grimm&#8217;s est un objet de d\u00e9coration et n&#8217;est pas adapt\u00e9 pour jouer. Pour plus de s\u00e9curit\u00e9 si vous utilisez des bougies, veuillez utiliser des bougeoirs et vous assurer qu\u2019il n\u2019y a pas de papier ni de figure d\u00e9corative pr\u00e8s des flammes. Ce mat\u00e9riel est adapt\u00e9 aux enfants de 14 ans et plus.<\/p>\n<p>Contenu :<\/p>\n<p>4 pi\u00e8ces, chacune avec 3 trous<\/p>\n","protected":false},"excerpt":{"rendered":"<p>Num\u00e9ro d&#8217;article: gri02012<\/p>\n<p>Aider les enfants \u00e0 c\u00e9l\u00e9brer les c\u00e9l\u00e9brations et occasions sp\u00e9ciales Waldorf avec le petit anneau d\u2019anniversaire rose et violet de Grimm&#8217;s !<\/p>\n","protected":false},"featured_media":30596,"comment_status":"open","ping_status":"closed","template":"","meta":[],"product_brand":[],"product_cat":[22346,24874,17225,17212,16897,17243,17242,17241,23021,7595,217,5851,22350,1219],"product_tag":[18410,18409,18405,18406,18404,18408,18411,8625,17332,17334,17335,18407,17336,18412],"class_list":{"0":"post-34377","1":"product","2":"type-product","3":"status-publish","4":"has-post-thumbnail","6":"product_cat-anniversaires","7":"product_cat-celebrations-rituels-familiaux","8":"product_cat-celebrations-fr","9":"product_cat-grimms-fr","10":"product_cat-guide-cadeau-6-12-ans","11":"product_cat-guide-cadeaux-0-12-mois","12":"product_cat-guide-cadeaux-1-3-ans","13":"product_cat-guide-cadeaux-3-6-ans","14":"product_cat-jouets-waldorf","15":"product_cat-methode-deducation","16":"product_cat-marques","17":"product_cat-nouveautes","18":"product_cat-rituels-avent","19":"product_cat-waldorf-fr","20":"product_tag-anneau-danniversaire","21":"product_tag-anneau-danniversaire-de-grimm","22":"product_tag-anneaux-danniversaire-de-grimm","23":"product_tag-anneaux-de-celebration","24":"product_tag-decorations-danniversaire-en-bois","25":"product_tag-decorations-danniversaire-en-bois-de-grimm","26":"product_tag-decorations-pour-support-de-bougie","27":"product_tag-fabrique-en-allemagne","28":"product_tag-grimm-suisse","29":"product_tag-grimm-suisse-fr","30":"product_tag-grimme-suisse","31":"product_tag-les-figures-decoratives-de-grimm","32":"product_tag-magasin-de-jouets-en-bois-grimm","33":"product_tag-support-de-bougies-danniversaire-en-bois","35":"first","36":"instock","37":"taxable","38":"shipping-taxable","39":"purchasable","40":"product-type-simple"},"yoast_head":"<!-- This site is optimized with the Yoast SEO plugin v27.1.1 - https:\/\/yoast.com\/product\/yoast-seo-wordpress\/ -->\n<title>Petit anneau d&#039;anniversaire rose-violet - Grimm&#039;s - Teia Education &amp; Play<\/title>\n<meta name=\"description\" content=\"Aider les enfants \u00e0 c\u00e9l\u00e9brer les c\u00e9l\u00e9brations et occasions sp\u00e9ciales Waldorf avec le petit anneau d\u2019anniversaire rose et violet de Grimm&#039;s !\" \/>\n<meta name=\"robots\" content=\"index, follow, max-snippet:-1, max-image-preview:large, max-video-preview:-1\" \/>\n<link rel=\"canonical\" href=\"https:\/\/teiaeducation.ch\/fr\/produit\/petit-anneau-danniversaire-rose-violer-grimms\/\" \/>\n<meta property=\"og:locale\" content=\"fr_FR\" \/>\n<meta property=\"og:type\" content=\"article\" \/>\n<meta property=\"og:title\" content=\"Petit anneau d&#039;anniversaire rose-violet - Grimm&#039;s - Teia Education &amp; Play\" \/>\n<meta property=\"og:description\" content=\"Aider les enfants \u00e0 c\u00e9l\u00e9brer les c\u00e9l\u00e9brations et occasions sp\u00e9ciales Waldorf avec le petit anneau d\u2019anniversaire rose et violet de Grimm&#039;s !\" \/>\n<meta property=\"og:url\" content=\"https:\/\/teiaeducation.ch\/fr\/produit\/petit-anneau-danniversaire-rose-violer-grimms\/\" \/>\n<meta property=\"og:site_name\" content=\"Sustainable Educational Products &amp; Ecological Toys\u00a0\" \/>\n<meta property=\"article:publisher\" content=\"https:\/\/www.facebook.com\/teiaeducation\/\" \/>\n<meta property=\"article:modified_time\" content=\"2024-12-02T13:40:36+00:00\" \/>\n<meta property=\"og:image\" content=\"https:\/\/teiaeducation.ch\/wp-content\/uploads\/2020\/10\/Small-pink-purple-birthday-ring-Grimms.jpg\" \/>\n\t<meta property=\"og:image:width\" content=\"800\" \/>\n\t<meta property=\"og:image:height\" content=\"608\" \/>\n\t<meta property=\"og:image:type\" content=\"image\/jpeg\" \/>\n<script type=\"application\/ld+json\" class=\"yoast-schema-graph\">{\"@context\":\"https:\/\/schema.org\",\"@graph\":[{\"@type\":\"WebPage\",\"@id\":\"https:\/\/teiaeducation.ch\/fr\/produit\/petit-anneau-danniversaire-rose-violer-grimms\/\",\"url\":\"https:\/\/teiaeducation.ch\/fr\/produit\/petit-anneau-danniversaire-rose-violer-grimms\/\",\"name\":\"Petit anneau d'anniversaire rose-violet - Grimm's - Teia Education & Play\",\"isPartOf\":{\"@id\":\"https:\/\/teiaeducation.ch\/fr\/#website\"},\"primaryImageOfPage\":{\"@id\":\"https:\/\/teiaeducation.ch\/fr\/produit\/petit-anneau-danniversaire-rose-violer-grimms\/#primaryimage\"},\"image\":{\"@id\":\"https:\/\/teiaeducation.ch\/fr\/produit\/petit-anneau-danniversaire-rose-violer-grimms\/#primaryimage\"},\"thumbnailUrl\":\"https:\/\/teiaeducation.ch\/wp-content\/uploads\/2020\/10\/Small-pink-purple-birthday-ring-Grimms.jpg\",\"datePublished\":\"2020-12-22T20:50:11+00:00\",\"dateModified\":\"2024-12-02T13:40:36+00:00\",\"description\":\"Aider les enfants \u00e0 c\u00e9l\u00e9brer les c\u00e9l\u00e9brations et occasions sp\u00e9ciales Waldorf avec le petit anneau d\u2019anniversaire rose et violet de Grimm's !\",\"breadcrumb\":{\"@id\":\"https:\/\/teiaeducation.ch\/fr\/produit\/petit-anneau-danniversaire-rose-violer-grimms\/#breadcrumb\"},\"inLanguage\":\"fr-FR\",\"potentialAction\":[{\"@type\":\"ReadAction\",\"target\":[\"https:\/\/teiaeducation.ch\/fr\/produit\/petit-anneau-danniversaire-rose-violer-grimms\/\"]}]},{\"@type\":\"ImageObject\",\"inLanguage\":\"fr-FR\",\"@id\":\"https:\/\/teiaeducation.ch\/fr\/produit\/petit-anneau-danniversaire-rose-violer-grimms\/#primaryimage\",\"url\":\"https:\/\/teiaeducation.ch\/wp-content\/uploads\/2020\/10\/Small-pink-purple-birthday-ring-Grimms.jpg\",\"contentUrl\":\"https:\/\/teiaeducation.ch\/wp-content\/uploads\/2020\/10\/Small-pink-purple-birthday-ring-Grimms.jpg\",\"width\":800,\"height\":608,\"caption\":\"Petit anneau d'anniversaire c\u00e9l\u00e9brations\u00a0Waldorf rose et violet Grimm's\"},{\"@type\":\"BreadcrumbList\",\"@id\":\"https:\/\/teiaeducation.ch\/fr\/produit\/petit-anneau-danniversaire-rose-violer-grimms\/#breadcrumb\",\"itemListElement\":[{\"@type\":\"ListItem\",\"position\":1,\"name\":\"Home\",\"item\":\"https:\/\/teiaeducation.ch\/fr\/\"},{\"@type\":\"ListItem\",\"position\":2,\"name\":\"Boutique Teia Education &amp; Play\",\"item\":\"https:\/\/teiaeducation.ch\/fr\/boutique\/\"},{\"@type\":\"ListItem\",\"position\":3,\"name\":\"Nos Marques\",\"item\":\"https:\/\/teiaeducation.ch\/fr\/categorie-produit\/marques\/\"},{\"@type\":\"ListItem\",\"position\":4,\"name\":\"Grimm's\",\"item\":\"https:\/\/teiaeducation.ch\/fr\/categorie-produit\/marques\/grimms-fr\/\"},{\"@type\":\"ListItem\",\"position\":5,\"name\":\"C\u00e9l\u00e9brations &amp; Rituels Familiaux\",\"item\":\"https:\/\/teiaeducation.ch\/fr\/categorie-produit\/marques\/grimms-fr\/celebrations-rituels-familiaux\/\"},{\"@type\":\"ListItem\",\"position\":6,\"name\":\"Petit anneau d&#8217;anniversaire rose-violet &#8211; Grimm&#8217;s\"}]},{\"@type\":\"WebSite\",\"@id\":\"https:\/\/teiaeducation.ch\/fr\/#website\",\"url\":\"https:\/\/teiaeducation.ch\/fr\/\",\"name\":\"Sustainable Educational Products &amp; Ecological Toys\u00a0\",\"description\":\"Specialised Swiss shop selling sustainable educational toys and games, AMI certified Montessori materials, handmade ecological wooden Waldorf toys and arts &amp; crafts supplies, school supplies, children&#039;s furniture and Montessori reference and parenting books.\",\"publisher\":{\"@id\":\"https:\/\/teiaeducation.ch\/fr\/#organization\"},\"alternateName\":\"Teia Education & Play\",\"potentialAction\":[{\"@type\":\"SearchAction\",\"target\":{\"@type\":\"EntryPoint\",\"urlTemplate\":\"https:\/\/teiaeducation.ch\/fr\/?s={search_term_string}\"},\"query-input\":{\"@type\":\"PropertyValueSpecification\",\"valueRequired\":true,\"valueName\":\"search_term_string\"}}],\"inLanguage\":\"fr-FR\"},{\"@type\":\"Organization\",\"@id\":\"https:\/\/teiaeducation.ch\/fr\/#organization\",\"name\":\"Teia Education & Play\",\"url\":\"https:\/\/teiaeducation.ch\/fr\/\",\"logo\":{\"@type\":\"ImageObject\",\"inLanguage\":\"fr-FR\",\"@id\":\"https:\/\/teiaeducation.ch\/fr\/#\/schema\/logo\/image\/\",\"url\":\"https:\/\/teiaeducation.ch\/wp-content\/uploads\/2020\/11\/Teia-Education-Switzerland-e1620156442216.jpg\",\"contentUrl\":\"https:\/\/teiaeducation.ch\/wp-content\/uploads\/2020\/11\/Teia-Education-Switzerland-e1620156442216.jpg\",\"width\":166,\"height\":145,\"caption\":\"Teia Education & Play\"},\"image\":{\"@id\":\"https:\/\/teiaeducation.ch\/fr\/#\/schema\/logo\/image\/\"},\"sameAs\":[\"https:\/\/www.facebook.com\/teiaeducation\/\",\"https:\/\/x.com\/EducationTeia\",\"https:\/\/www.instagram.com\/teia.education\/\",\"https:\/\/www.linkedin.com\/company\/35501660\",\"https:\/\/www.pinterest.ch\/TeiaEducation\/\"]}]}<\/script>\n<!-- \/ Yoast SEO plugin. -->","yoast_head_json":{"title":"Petit anneau d'anniversaire rose-violet - Grimm's - Teia Education & Play","description":"Aider les enfants \u00e0 c\u00e9l\u00e9brer les c\u00e9l\u00e9brations et occasions sp\u00e9ciales Waldorf avec le petit anneau d\u2019anniversaire rose et violet de Grimm's !","robots":{"index":"index","follow":"follow","max-snippet":"max-snippet:-1","max-image-preview":"max-image-preview:large","max-video-preview":"max-video-preview:-1"},"canonical":"https:\/\/teiaeducation.ch\/fr\/produit\/petit-anneau-danniversaire-rose-violer-grimms\/","og_locale":"fr_FR","og_type":"article","og_title":"Petit anneau d'anniversaire rose-violet - Grimm's - Teia Education & Play","og_description":"Aider les enfants \u00e0 c\u00e9l\u00e9brer les c\u00e9l\u00e9brations et occasions sp\u00e9ciales Waldorf avec le petit anneau d\u2019anniversaire rose et violet de Grimm's !","og_url":"https:\/\/teiaeducation.ch\/fr\/produit\/petit-anneau-danniversaire-rose-violer-grimms\/","og_site_name":"Sustainable Educational Products &amp; Ecological Toys\u00a0","article_publisher":"https:\/\/www.facebook.com\/teiaeducation\/","article_modified_time":"2024-12-02T13:40:36+00:00","og_image":[{"width":800,"height":608,"url":"https:\/\/teiaeducation.ch\/wp-content\/uploads\/2020\/10\/Small-pink-purple-birthday-ring-Grimms.jpg","type":"image\/jpeg"}],"schema":{"@context":"https:\/\/schema.org","@graph":[{"@type":"WebPage","@id":"https:\/\/teiaeducation.ch\/fr\/produit\/petit-anneau-danniversaire-rose-violer-grimms\/","url":"https:\/\/teiaeducation.ch\/fr\/produit\/petit-anneau-danniversaire-rose-violer-grimms\/","name":"Petit anneau d'anniversaire rose-violet - Grimm's - Teia Education & Play","isPartOf":{"@id":"https:\/\/teiaeducation.ch\/fr\/#website"},"primaryImageOfPage":{"@id":"https:\/\/teiaeducation.ch\/fr\/produit\/petit-anneau-danniversaire-rose-violer-grimms\/#primaryimage"},"image":{"@id":"https:\/\/teiaeducation.ch\/fr\/produit\/petit-anneau-danniversaire-rose-violer-grimms\/#primaryimage"},"thumbnailUrl":"https:\/\/teiaeducation.ch\/wp-content\/uploads\/2020\/10\/Small-pink-purple-birthday-ring-Grimms.jpg","datePublished":"2020-12-22T20:50:11+00:00","dateModified":"2024-12-02T13:40:36+00:00","description":"Aider les enfants \u00e0 c\u00e9l\u00e9brer les c\u00e9l\u00e9brations et occasions sp\u00e9ciales Waldorf avec le petit anneau d\u2019anniversaire rose et violet de Grimm's !","breadcrumb":{"@id":"https:\/\/teiaeducation.ch\/fr\/produit\/petit-anneau-danniversaire-rose-violer-grimms\/#breadcrumb"},"inLanguage":"fr-FR","potentialAction":[{"@type":"ReadAction","target":["https:\/\/teiaeducation.ch\/fr\/produit\/petit-anneau-danniversaire-rose-violer-grimms\/"]}]},{"@type":"ImageObject","inLanguage":"fr-FR","@id":"https:\/\/teiaeducation.ch\/fr\/produit\/petit-anneau-danniversaire-rose-violer-grimms\/#primaryimage","url":"https:\/\/teiaeducation.ch\/wp-content\/uploads\/2020\/10\/Small-pink-purple-birthday-ring-Grimms.jpg","contentUrl":"https:\/\/teiaeducation.ch\/wp-content\/uploads\/2020\/10\/Small-pink-purple-birthday-ring-Grimms.jpg","width":800,"height":608,"caption":"Petit anneau d'anniversaire c\u00e9l\u00e9brations\u00a0Waldorf rose et violet Grimm's"},{"@type":"BreadcrumbList","@id":"https:\/\/teiaeducation.ch\/fr\/produit\/petit-anneau-danniversaire-rose-violer-grimms\/#breadcrumb","itemListElement":[{"@type":"ListItem","position":1,"name":"Home","item":"https:\/\/teiaeducation.ch\/fr\/"},{"@type":"ListItem","position":2,"name":"Boutique Teia Education &amp; Play","item":"https:\/\/teiaeducation.ch\/fr\/boutique\/"},{"@type":"ListItem","position":3,"name":"Nos Marques","item":"https:\/\/teiaeducation.ch\/fr\/categorie-produit\/marques\/"},{"@type":"ListItem","position":4,"name":"Grimm's","item":"https:\/\/teiaeducation.ch\/fr\/categorie-produit\/marques\/grimms-fr\/"},{"@type":"ListItem","position":5,"name":"C\u00e9l\u00e9brations &amp; Rituels Familiaux","item":"https:\/\/teiaeducation.ch\/fr\/categorie-produit\/marques\/grimms-fr\/celebrations-rituels-familiaux\/"},{"@type":"ListItem","position":6,"name":"Petit anneau d&#8217;anniversaire rose-violet &#8211; Grimm&#8217;s"}]},{"@type":"WebSite","@id":"https:\/\/teiaeducation.ch\/fr\/#website","url":"https:\/\/teiaeducation.ch\/fr\/","name":"Sustainable Educational Products &amp; Ecological Toys\u00a0","description":"Specialised Swiss shop selling sustainable educational toys and games, AMI certified Montessori materials, handmade ecological wooden Waldorf toys and arts &amp; crafts supplies, school supplies, children&#039;s furniture and Montessori reference and parenting books.","publisher":{"@id":"https:\/\/teiaeducation.ch\/fr\/#organization"},"alternateName":"Teia Education & Play","potentialAction":[{"@type":"SearchAction","target":{"@type":"EntryPoint","urlTemplate":"https:\/\/teiaeducation.ch\/fr\/?s={search_term_string}"},"query-input":{"@type":"PropertyValueSpecification","valueRequired":true,"valueName":"search_term_string"}}],"inLanguage":"fr-FR"},{"@type":"Organization","@id":"https:\/\/teiaeducation.ch\/fr\/#organization","name":"Teia Education & Play","url":"https:\/\/teiaeducation.ch\/fr\/","logo":{"@type":"ImageObject","inLanguage":"fr-FR","@id":"https:\/\/teiaeducation.ch\/fr\/#\/schema\/logo\/image\/","url":"https:\/\/teiaeducation.ch\/wp-content\/uploads\/2020\/11\/Teia-Education-Switzerland-e1620156442216.jpg","contentUrl":"https:\/\/teiaeducation.ch\/wp-content\/uploads\/2020\/11\/Teia-Education-Switzerland-e1620156442216.jpg","width":166,"height":145,"caption":"Teia Education & Play"},"image":{"@id":"https:\/\/teiaeducation.ch\/fr\/#\/schema\/logo\/image\/"},"sameAs":["https:\/\/www.facebook.com\/teiaeducation\/","https:\/\/x.com\/EducationTeia","https:\/\/www.instagram.com\/teia.education\/","https:\/\/www.linkedin.com\/company\/35501660","https:\/\/www.pinterest.ch\/TeiaEducation\/"]}]}},"_links":{"self":[{"href":"https:\/\/teiaeducation.ch\/fr\/wp-json\/wp\/v2\/product\/34377","targetHints":{"allow":["GET"]}}],"collection":[{"href":"https:\/\/teiaeducation.ch\/fr\/wp-json\/wp\/v2\/product"}],"about":[{"href":"https:\/\/teiaeducation.ch\/fr\/wp-json\/wp\/v2\/types\/product"}],"replies":[{"embeddable":true,"href":"https:\/\/teiaeducation.ch\/fr\/wp-json\/wp\/v2\/comments?post=34377"}],"wp:featuredmedia":[{"embeddable":true,"href":"https:\/\/teiaeducation.ch\/fr\/wp-json\/wp\/v2\/media\/30596"}],"wp:attachment":[{"href":"https:\/\/teiaeducation.ch\/fr\/wp-json\/wp\/v2\/media?parent=34377"}],"wp:term":[{"taxonomy":"product_brand","embeddable":true,"href":"https:\/\/teiaeducation.ch\/fr\/wp-json\/wp\/v2\/product_brand?post=34377"},{"taxonomy":"product_cat","embeddable":true,"href":"https:\/\/teiaeducation.ch\/fr\/wp-json\/wp\/v2\/product_cat?post=34377"},{"taxonomy":"product_tag","embeddable":true,"href":"https:\/\/teiaeducation.ch\/fr\/wp-json\/wp\/v2\/product_tag?post=34377"}],"curies":[{"name":"wp","href":"https:\/\/api.w.org\/{rel}","templated":true}]}}