{"id":35113,"date":"2021-01-27T16:43:33","date_gmt":"2021-01-27T15:43:33","guid":{"rendered":"https:\/\/teiaeducation.ch\/product\/plateau-n1-des-formes-de-la-terre-et-des-mers-nienhuis-montessori\/"},"modified":"2023-01-13T21:09:05","modified_gmt":"2023-01-13T20:09:05","slug":"plateaux-de-formes-terre-et-mers-1-nienhuis-montessori","status":"publish","type":"product","link":"https:\/\/teiaeducation.ch\/fr\/produit\/plateaux-de-formes-terre-et-mers-1-nienhuis-montessori\/","title":{"rendered":"Plateaux n\u00b01 des formes de la terre et des mers &#8211; Nienhuis Montessori"},"content":{"rendered":"<p>Plateaux n\u00b01 des formes de la terre et des mers \/ Mat\u00e9riel Montessori de g\u00e9ographie &#8211; Nienhuis Montessori<\/p>\n<p><span style=\"font-family: arial, helvetica, sans-serif;\">Les plateaux de formes de la terre et des mers Nienhuis Montessori (jeu 1) sont du mat\u00e9riel de <a href=\"https:\/\/teiaeducation.ch\/fr\/categorie-produit\/marques\/nienhuis-montessori-materiel-fr\/geographie\/\">g\u00e9ographie<\/a> utilis\u00e9 pour apprendre les noms<\/span><span style=\"font-family: arial, helvetica, sans-serif;\"> des formes de la terre et les mers du monde. En versant de l&#8217;eau bleue dans chaque plateau, une visualisation de l&#8217;endroit o\u00f9 la terre et l&#8217;eau se rencontrent, et de la fa\u00e7on dont les formes sont diff\u00e9rentes devient apparente <\/span><\/p>\n<p><span style=\"font-family: arial, helvetica, sans-serif;\">Le travail avec les plateaux de formes de la terre et des mers Nienhuis Montessori offre une exp\u00e9rience sensorielle aux jeunes apprenants tout en leur permettant de d\u00e9couvrir comment les formations terrestres sont sur\u00e9lev\u00e9es et les formations d&#8217;eau enfonc\u00e9es dans la terre. <\/span><\/p>\n<p>Le jeu 1 comprend 6 plateaux beiges mesurant 20 x 20 x 4 cm, chacun avec les formes compl\u00e9mentaires de la terre et des mers :<\/p>\n<p>&#8211; Lac<br \/>\n&#8211; \u00cele<br \/>\n&#8211; Golfe<br \/>\n&#8211; P\u00e9ninsule<br \/>\n&#8211; D\u00e9troit<br \/>\n&#8211; Isthme<\/p>\n<p><span style=\"font-family: arial, helvetica, sans-serif;\">Le<a href=\"https:\/\/teiaeducation.ch\/product\/land-and-water-form-trays-set-2-nienhuis-montessori\/\">jeu 2<\/a> des plateaux de formes de terre et des mers et un jeu de <a href=\"https:\/\/teiaeducation.ch\/fr\/produit\/cartes-des-contrastes-geographiques-1-nienhuis-montessori\/\">cartes de formes de terre<\/a> sont \u00e9galement disponibles s\u00e9par\u00e9ment dans notre boutique en ligne.<\/span><\/p>\n<p>La marque n\u00e9erlandaise Nienhuis Montessori est la marque leader mondiale Montessori, qui honore et perp\u00e9tue l\u2019h\u00e9ritage de Maria Montessori et fabrique la gamme la plus vaste et la plus innovante du mat\u00e9riel \u00e9ducatif Montessori. Les produits de haute qualit\u00e9 de Nienhuis Montessori fournissent aux enfants les outils dont ils ont besoin pour devenir ind\u00e9pendants et avoir un esprit critique. Tout les mat\u00e9riaux, le mobilier et le mat\u00e9riel p\u00e9dagogique de Nienhuis Montessori sont certifi\u00e9s par le comit\u00e9 des mat\u00e9riaux de l\u2019Association Montessori Internationale (<a href=\"https:\/\/montessori-ami.org\/\">AMI<\/a>) et sont m\u00e9ticuleusement con\u00e7us pour isoler les difficult\u00e9s afin que les enfants puissent se concentrer, se ma\u00eetriser et s\u2019\u00e9panouir.<\/p>\n<p>Nienhuis Montessori est l&#8217;une des marques g\u00e9r\u00e9es par la soci\u00e9t\u00e9 n\u00e9erlandaise Heutink International, qui fournit les meilleures marques \u00e9ducatives, qui sont orient\u00e9es vers l&#8217;apprentissage par le jeu.<\/p>\n<p>Ce mat\u00e9riel convient aux enfants \u00e2g\u00e9s de 4 ans et plus.<\/p>\n<p>Contenu :<\/p>\n<p>6 <span style=\"font-family: arial, helvetica, sans-serif;\">plateaux de formes de terre et des mers (20 x 20 x 4 cm<\/span>)<\/p>\n<p><em><span class=\"tlid-translation translation\" lang=\"fr\"><span title=\"\">Nous n'avons actuellement pas cet article en stock, mais il est disponible en pr\u00e9-commande.<\/span> <span class=\"\" title=\"\">Nous commanderons cet article pour vous aupr\u00e8s de notre fournisseur.<\/span> <span class=\"\" title=\"\">Veuillez allouer de 2 \u00e0 3 semaines maximum pour la livraison.<\/span><\/span><\/em><\/p>\n\t<div id=\"gap-2121966418\" class=\"gap-element clearfix\" style=\"display:block; height:auto;\">\n\t\t\n<style>\n#gap-2121966418 {\n  padding-top: 20px;\n}\n<\/style>\n\t<\/div>\n\t\n","protected":false},"excerpt":{"rendered":"<p>Num\u00e9ro d&#8217;article : 022700<\/p>\n<p>Les plateaux de formes de la terre et des mers Nienhuis Montessori (jeu 1) sont du mat\u00e9riel de g\u00e9ographie utilis\u00e9 pour apprendre les noms des formes de la terre et les mers du monde.<\/p>\n","protected":false},"featured_media":11873,"comment_status":"open","ping_status":"closed","template":"","meta":[],"product_brand":[],"product_cat":[215,216,285,635,284,283,272,763,594,7595,1218,207,217,209,212,612],"product_tag":[7629,768,803,18889,18890,1230,18888,1231,1229,7713],"class_list":{"0":"post-35113","1":"product","2":"type-product","3":"status-publish","4":"has-post-thumbnail","6":"product_cat-3-6-ans","7":"product_cat-6-12-ans","8":"product_cat-alphabetisation-langage","9":"product_cat-competences-motrices","10":"product_cat-culture-sciences","11":"product_cat-domaines-du-curriculum","12":"product_cat-geographie","13":"product_cat-la-science","14":"product_cat-terre-et-univers","15":"product_cat-methode-deducation","16":"product_cat-montessori-fr","17":"product_cat-nienhuis-montessori-materiel-fr","18":"product_cat-marques","19":"product_cat-sensorielles-motrices","20":"product_cat-tranche-dage","21":"product_cat-vocabulaire-fr","22":"product_tag-geographie","23":"product_tag-materiel-montessori-suisse","24":"product_tag-nienhuis-montessori-fr","25":"product_tag-nienhuis-montessori-materiel-de-geographie","26":"product_tag-nienhuis-montessori-materiel-suisse","27":"product_tag-petite-enfance-3-6","28":"product_tag-plateau-n1-des-formes-de-la-terre-et-des-mers-nienhuis-montessori","29":"product_tag-sens-visuel","30":"product_tag-sensoriel","31":"product_tag-terre","33":"first","34":"onbackorder","35":"sold-individually","36":"taxable","37":"shipping-taxable","38":"purchasable","39":"product-type-simple"},"yoast_head":"<!-- This site is optimized with the Yoast SEO plugin v27.1.1 - https:\/\/yoast.com\/product\/yoast-seo-wordpress\/ -->\n<title>Plateau n\u00b01 des formes de la terre et des mers - Nienhuis Montessori<\/title>\n<meta name=\"description\" content=\"Les plateaux de formes de la terre et des mers Nienhuis Montessori (jeu 1) sont du mat\u00e9riel de g\u00e9ographie pour apprendre les noms des formes.\" \/>\n<meta name=\"robots\" content=\"index, follow, max-snippet:-1, max-image-preview:large, max-video-preview:-1\" \/>\n<link rel=\"canonical\" href=\"https:\/\/teiaeducation.ch\/fr\/produit\/plateaux-de-formes-terre-et-mers-1-nienhuis-montessori\/\" \/>\n<meta property=\"og:locale\" content=\"fr_FR\" \/>\n<meta property=\"og:type\" content=\"article\" \/>\n<meta property=\"og:title\" content=\"Plateau n\u00b01 des formes de la terre et des mers - Nienhuis Montessori\" \/>\n<meta property=\"og:description\" content=\"Les plateaux de formes de la terre et des mers Nienhuis Montessori (jeu 1) sont du mat\u00e9riel de g\u00e9ographie pour apprendre les noms des formes.\" \/>\n<meta property=\"og:url\" content=\"https:\/\/teiaeducation.ch\/fr\/produit\/plateaux-de-formes-terre-et-mers-1-nienhuis-montessori\/\" \/>\n<meta property=\"og:site_name\" content=\"Sustainable Educational Products &amp; Ecological Toys\u00a0\" \/>\n<meta property=\"article:publisher\" content=\"https:\/\/www.facebook.com\/teiaeducation\/\" \/>\n<meta property=\"article:modified_time\" content=\"2023-01-13T20:09:05+00:00\" \/>\n<meta property=\"og:image\" content=\"https:\/\/teiaeducation.ch\/wp-content\/uploads\/2019\/05\/400_022700_main_or_1-scaled-scaled.jpg\" \/>\n\t<meta property=\"og:image:width\" content=\"2048\" \/>\n\t<meta property=\"og:image:height\" content=\"2048\" \/>\n\t<meta property=\"og:image:type\" content=\"image\/jpeg\" \/>\n<script type=\"application\/ld+json\" class=\"yoast-schema-graph\">{\"@context\":\"https:\/\/schema.org\",\"@graph\":[{\"@type\":\"WebPage\",\"@id\":\"https:\/\/teiaeducation.ch\/fr\/produit\/plateaux-de-formes-terre-et-mers-1-nienhuis-montessori\/\",\"url\":\"https:\/\/teiaeducation.ch\/fr\/produit\/plateaux-de-formes-terre-et-mers-1-nienhuis-montessori\/\",\"name\":\"Plateau n\u00b01 des formes de la terre et des mers - Nienhuis Montessori\",\"isPartOf\":{\"@id\":\"https:\/\/teiaeducation.ch\/fr\/#website\"},\"primaryImageOfPage\":{\"@id\":\"https:\/\/teiaeducation.ch\/fr\/produit\/plateaux-de-formes-terre-et-mers-1-nienhuis-montessori\/#primaryimage\"},\"image\":{\"@id\":\"https:\/\/teiaeducation.ch\/fr\/produit\/plateaux-de-formes-terre-et-mers-1-nienhuis-montessori\/#primaryimage\"},\"thumbnailUrl\":\"https:\/\/teiaeducation.ch\/wp-content\/uploads\/2019\/05\/400_022700_main_or_1-scaled-scaled.jpg\",\"datePublished\":\"2021-01-27T15:43:33+00:00\",\"dateModified\":\"2023-01-13T20:09:05+00:00\",\"description\":\"Les plateaux de formes de la terre et des mers Nienhuis Montessori (jeu 1) sont du mat\u00e9riel de g\u00e9ographie pour apprendre les noms des formes.\",\"breadcrumb\":{\"@id\":\"https:\/\/teiaeducation.ch\/fr\/produit\/plateaux-de-formes-terre-et-mers-1-nienhuis-montessori\/#breadcrumb\"},\"inLanguage\":\"fr-FR\",\"potentialAction\":[{\"@type\":\"ReadAction\",\"target\":[\"https:\/\/teiaeducation.ch\/fr\/produit\/plateaux-de-formes-terre-et-mers-1-nienhuis-montessori\/\"]}]},{\"@type\":\"ImageObject\",\"inLanguage\":\"fr-FR\",\"@id\":\"https:\/\/teiaeducation.ch\/fr\/produit\/plateaux-de-formes-terre-et-mers-1-nienhuis-montessori\/#primaryimage\",\"url\":\"https:\/\/teiaeducation.ch\/wp-content\/uploads\/2019\/05\/400_022700_main_or_1-scaled-scaled.jpg\",\"contentUrl\":\"https:\/\/teiaeducation.ch\/wp-content\/uploads\/2019\/05\/400_022700_main_or_1-scaled-scaled.jpg\",\"width\":2048,\"height\":2048,\"caption\":\"Plateau n\u00b01 des formes de la terre et des mers - Nienhuis Montessori\"},{\"@type\":\"BreadcrumbList\",\"@id\":\"https:\/\/teiaeducation.ch\/fr\/produit\/plateaux-de-formes-terre-et-mers-1-nienhuis-montessori\/#breadcrumb\",\"itemListElement\":[{\"@type\":\"ListItem\",\"position\":1,\"name\":\"Home\",\"item\":\"https:\/\/teiaeducation.ch\/fr\/\"},{\"@type\":\"ListItem\",\"position\":2,\"name\":\"Boutique Teia Education &amp; Play\",\"item\":\"https:\/\/teiaeducation.ch\/fr\/boutique\/\"},{\"@type\":\"ListItem\",\"position\":3,\"name\":\"Nos Marques\",\"item\":\"https:\/\/teiaeducation.ch\/fr\/categorie-produit\/marques\/\"},{\"@type\":\"ListItem\",\"position\":4,\"name\":\"Nienhuis Montessori Suisse\",\"item\":\"https:\/\/teiaeducation.ch\/fr\/categorie-produit\/marques\/nienhuis-montessori-materiel-fr\/\"},{\"@type\":\"ListItem\",\"position\":5,\"name\":\"G\u00e9ographie\",\"item\":\"https:\/\/teiaeducation.ch\/fr\/categorie-produit\/marques\/nienhuis-montessori-materiel-fr\/geographie\/\"},{\"@type\":\"ListItem\",\"position\":6,\"name\":\"Plateaux n\u00b01 des formes de la terre et des mers &#8211; Nienhuis Montessori\"}]},{\"@type\":\"WebSite\",\"@id\":\"https:\/\/teiaeducation.ch\/fr\/#website\",\"url\":\"https:\/\/teiaeducation.ch\/fr\/\",\"name\":\"Sustainable Educational Products &amp; Ecological Toys\u00a0\",\"description\":\"Specialised Swiss shop selling sustainable educational toys and games, AMI certified Montessori materials, handmade ecological wooden Waldorf toys and arts &amp; crafts supplies, school supplies, children&#039;s furniture and Montessori reference and parenting books.\",\"publisher\":{\"@id\":\"https:\/\/teiaeducation.ch\/fr\/#organization\"},\"alternateName\":\"Teia Education & Play\",\"potentialAction\":[{\"@type\":\"SearchAction\",\"target\":{\"@type\":\"EntryPoint\",\"urlTemplate\":\"https:\/\/teiaeducation.ch\/fr\/?s={search_term_string}\"},\"query-input\":{\"@type\":\"PropertyValueSpecification\",\"valueRequired\":true,\"valueName\":\"search_term_string\"}}],\"inLanguage\":\"fr-FR\"},{\"@type\":\"Organization\",\"@id\":\"https:\/\/teiaeducation.ch\/fr\/#organization\",\"name\":\"Teia Education & Play\",\"url\":\"https:\/\/teiaeducation.ch\/fr\/\",\"logo\":{\"@type\":\"ImageObject\",\"inLanguage\":\"fr-FR\",\"@id\":\"https:\/\/teiaeducation.ch\/fr\/#\/schema\/logo\/image\/\",\"url\":\"https:\/\/teiaeducation.ch\/wp-content\/uploads\/2020\/11\/Teia-Education-Switzerland-e1620156442216.jpg\",\"contentUrl\":\"https:\/\/teiaeducation.ch\/wp-content\/uploads\/2020\/11\/Teia-Education-Switzerland-e1620156442216.jpg\",\"width\":166,\"height\":145,\"caption\":\"Teia Education & Play\"},\"image\":{\"@id\":\"https:\/\/teiaeducation.ch\/fr\/#\/schema\/logo\/image\/\"},\"sameAs\":[\"https:\/\/www.facebook.com\/teiaeducation\/\",\"https:\/\/x.com\/EducationTeia\",\"https:\/\/www.instagram.com\/teia.education\/\",\"https:\/\/www.linkedin.com\/company\/35501660\",\"https:\/\/www.pinterest.ch\/TeiaEducation\/\"]}]}<\/script>\n<!-- \/ Yoast SEO plugin. -->","yoast_head_json":{"title":"Plateau n\u00b01 des formes de la terre et des mers - Nienhuis Montessori","description":"Les plateaux de formes de la terre et des mers Nienhuis Montessori (jeu 1) sont du mat\u00e9riel de g\u00e9ographie pour apprendre les noms des formes.","robots":{"index":"index","follow":"follow","max-snippet":"max-snippet:-1","max-image-preview":"max-image-preview:large","max-video-preview":"max-video-preview:-1"},"canonical":"https:\/\/teiaeducation.ch\/fr\/produit\/plateaux-de-formes-terre-et-mers-1-nienhuis-montessori\/","og_locale":"fr_FR","og_type":"article","og_title":"Plateau n\u00b01 des formes de la terre et des mers - Nienhuis Montessori","og_description":"Les plateaux de formes de la terre et des mers Nienhuis Montessori (jeu 1) sont du mat\u00e9riel de g\u00e9ographie pour apprendre les noms des formes.","og_url":"https:\/\/teiaeducation.ch\/fr\/produit\/plateaux-de-formes-terre-et-mers-1-nienhuis-montessori\/","og_site_name":"Sustainable Educational Products &amp; Ecological Toys\u00a0","article_publisher":"https:\/\/www.facebook.com\/teiaeducation\/","article_modified_time":"2023-01-13T20:09:05+00:00","og_image":[{"width":2048,"height":2048,"url":"https:\/\/teiaeducation.ch\/wp-content\/uploads\/2019\/05\/400_022700_main_or_1-scaled-scaled.jpg","type":"image\/jpeg"}],"schema":{"@context":"https:\/\/schema.org","@graph":[{"@type":"WebPage","@id":"https:\/\/teiaeducation.ch\/fr\/produit\/plateaux-de-formes-terre-et-mers-1-nienhuis-montessori\/","url":"https:\/\/teiaeducation.ch\/fr\/produit\/plateaux-de-formes-terre-et-mers-1-nienhuis-montessori\/","name":"Plateau n\u00b01 des formes de la terre et des mers - Nienhuis Montessori","isPartOf":{"@id":"https:\/\/teiaeducation.ch\/fr\/#website"},"primaryImageOfPage":{"@id":"https:\/\/teiaeducation.ch\/fr\/produit\/plateaux-de-formes-terre-et-mers-1-nienhuis-montessori\/#primaryimage"},"image":{"@id":"https:\/\/teiaeducation.ch\/fr\/produit\/plateaux-de-formes-terre-et-mers-1-nienhuis-montessori\/#primaryimage"},"thumbnailUrl":"https:\/\/teiaeducation.ch\/wp-content\/uploads\/2019\/05\/400_022700_main_or_1-scaled-scaled.jpg","datePublished":"2021-01-27T15:43:33+00:00","dateModified":"2023-01-13T20:09:05+00:00","description":"Les plateaux de formes de la terre et des mers Nienhuis Montessori (jeu 1) sont du mat\u00e9riel de g\u00e9ographie pour apprendre les noms des formes.","breadcrumb":{"@id":"https:\/\/teiaeducation.ch\/fr\/produit\/plateaux-de-formes-terre-et-mers-1-nienhuis-montessori\/#breadcrumb"},"inLanguage":"fr-FR","potentialAction":[{"@type":"ReadAction","target":["https:\/\/teiaeducation.ch\/fr\/produit\/plateaux-de-formes-terre-et-mers-1-nienhuis-montessori\/"]}]},{"@type":"ImageObject","inLanguage":"fr-FR","@id":"https:\/\/teiaeducation.ch\/fr\/produit\/plateaux-de-formes-terre-et-mers-1-nienhuis-montessori\/#primaryimage","url":"https:\/\/teiaeducation.ch\/wp-content\/uploads\/2019\/05\/400_022700_main_or_1-scaled-scaled.jpg","contentUrl":"https:\/\/teiaeducation.ch\/wp-content\/uploads\/2019\/05\/400_022700_main_or_1-scaled-scaled.jpg","width":2048,"height":2048,"caption":"Plateau n\u00b01 des formes de la terre et des mers - Nienhuis Montessori"},{"@type":"BreadcrumbList","@id":"https:\/\/teiaeducation.ch\/fr\/produit\/plateaux-de-formes-terre-et-mers-1-nienhuis-montessori\/#breadcrumb","itemListElement":[{"@type":"ListItem","position":1,"name":"Home","item":"https:\/\/teiaeducation.ch\/fr\/"},{"@type":"ListItem","position":2,"name":"Boutique Teia Education &amp; Play","item":"https:\/\/teiaeducation.ch\/fr\/boutique\/"},{"@type":"ListItem","position":3,"name":"Nos Marques","item":"https:\/\/teiaeducation.ch\/fr\/categorie-produit\/marques\/"},{"@type":"ListItem","position":4,"name":"Nienhuis Montessori Suisse","item":"https:\/\/teiaeducation.ch\/fr\/categorie-produit\/marques\/nienhuis-montessori-materiel-fr\/"},{"@type":"ListItem","position":5,"name":"G\u00e9ographie","item":"https:\/\/teiaeducation.ch\/fr\/categorie-produit\/marques\/nienhuis-montessori-materiel-fr\/geographie\/"},{"@type":"ListItem","position":6,"name":"Plateaux n\u00b01 des formes de la terre et des mers &#8211; Nienhuis Montessori"}]},{"@type":"WebSite","@id":"https:\/\/teiaeducation.ch\/fr\/#website","url":"https:\/\/teiaeducation.ch\/fr\/","name":"Sustainable Educational Products &amp; Ecological Toys\u00a0","description":"Specialised Swiss shop selling sustainable educational toys and games, AMI certified Montessori materials, handmade ecological wooden Waldorf toys and arts &amp; crafts supplies, school supplies, children&#039;s furniture and Montessori reference and parenting books.","publisher":{"@id":"https:\/\/teiaeducation.ch\/fr\/#organization"},"alternateName":"Teia Education & Play","potentialAction":[{"@type":"SearchAction","target":{"@type":"EntryPoint","urlTemplate":"https:\/\/teiaeducation.ch\/fr\/?s={search_term_string}"},"query-input":{"@type":"PropertyValueSpecification","valueRequired":true,"valueName":"search_term_string"}}],"inLanguage":"fr-FR"},{"@type":"Organization","@id":"https:\/\/teiaeducation.ch\/fr\/#organization","name":"Teia Education & Play","url":"https:\/\/teiaeducation.ch\/fr\/","logo":{"@type":"ImageObject","inLanguage":"fr-FR","@id":"https:\/\/teiaeducation.ch\/fr\/#\/schema\/logo\/image\/","url":"https:\/\/teiaeducation.ch\/wp-content\/uploads\/2020\/11\/Teia-Education-Switzerland-e1620156442216.jpg","contentUrl":"https:\/\/teiaeducation.ch\/wp-content\/uploads\/2020\/11\/Teia-Education-Switzerland-e1620156442216.jpg","width":166,"height":145,"caption":"Teia Education & Play"},"image":{"@id":"https:\/\/teiaeducation.ch\/fr\/#\/schema\/logo\/image\/"},"sameAs":["https:\/\/www.facebook.com\/teiaeducation\/","https:\/\/x.com\/EducationTeia","https:\/\/www.instagram.com\/teia.education\/","https:\/\/www.linkedin.com\/company\/35501660","https:\/\/www.pinterest.ch\/TeiaEducation\/"]}]}},"_links":{"self":[{"href":"https:\/\/teiaeducation.ch\/fr\/wp-json\/wp\/v2\/product\/35113","targetHints":{"allow":["GET"]}}],"collection":[{"href":"https:\/\/teiaeducation.ch\/fr\/wp-json\/wp\/v2\/product"}],"about":[{"href":"https:\/\/teiaeducation.ch\/fr\/wp-json\/wp\/v2\/types\/product"}],"replies":[{"embeddable":true,"href":"https:\/\/teiaeducation.ch\/fr\/wp-json\/wp\/v2\/comments?post=35113"}],"wp:featuredmedia":[{"embeddable":true,"href":"https:\/\/teiaeducation.ch\/fr\/wp-json\/wp\/v2\/media\/11873"}],"wp:attachment":[{"href":"https:\/\/teiaeducation.ch\/fr\/wp-json\/wp\/v2\/media?parent=35113"}],"wp:term":[{"taxonomy":"product_brand","embeddable":true,"href":"https:\/\/teiaeducation.ch\/fr\/wp-json\/wp\/v2\/product_brand?post=35113"},{"taxonomy":"product_cat","embeddable":true,"href":"https:\/\/teiaeducation.ch\/fr\/wp-json\/wp\/v2\/product_cat?post=35113"},{"taxonomy":"product_tag","embeddable":true,"href":"https:\/\/teiaeducation.ch\/fr\/wp-json\/wp\/v2\/product_tag?post=35113"}],"curies":[{"name":"wp","href":"https:\/\/api.w.org\/{rel}","templated":true}]}}