{"id":35118,"date":"2021-01-27T16:41:02","date_gmt":"2021-01-27T15:41:02","guid":{"rendered":"https:\/\/teiaeducation.ch\/product\/cartes-des-formes-geographiques-nienhuis-montessori\/"},"modified":"2023-01-13T21:09:00","modified_gmt":"2023-01-13T20:09:00","slug":"cartes-formes-geographiques-nienhuis-montessori","status":"publish","type":"product","link":"https:\/\/teiaeducation.ch\/fr\/produit\/cartes-formes-geographiques-nienhuis-montessori\/","title":{"rendered":"Cartes des formes g\u00e9ographiques &#8211; Nienhuis Montessori"},"content":{"rendered":"<p>Cartes des formes g\u00e9ographiques pour assortir les plateaux de la terre et des mers \/ Mat\u00e9riel Montessori de g\u00e9ographie &#8211; Nienhuis Montessori<\/p>\n<p>The Nienhuis Montessori land form cards set contains 10 thick plastic cards illustrating the different land and water form shapes and are a complementary geography material for the land and water form trays <a href=\"https:\/\/teiaeducation.ch\/product\/land-and-water-form-trays-set-1-nienhuis-montessori\/\">set 1<\/a> and <a href=\"https:\/\/teiaeducation.ch\/product\/land-and-water-form-trays-set-2-nienhuis-montessori\/\">set 2<\/a>.Le jeu de cartes des formes g\u00e9ographiques de Nienhuis est un mat\u00e9riel de g\u00e9ographie Montessori et contient 10 cartes d&#8217;images en plastique \u00e9pais correspondant aux plateaux de formes de la terre et des mers. Les cartes mesurent 20 x 20 cm et sont assorties \u00e0 l&#8217;un des plateaux Nienhuis Montessori sur les formes de la terre et des mers. <span style=\"font-family: arial, helvetica, sans-serif;\">Cemat\u00e9riel de <a href=\"https:\/\/teiaeducation.ch\/product-category\/brands\/nienhuis-montessori-educational-materials\/geography\/\">g\u00e9ographie<\/a> est utilis\u00e9 pour que l&#8217;enfant apprenne les noms des<\/span><span style=\"font-family: arial, helvetica, sans-serif;\"> diff\u00e9rentes formes de terre et d&#8217;eau <\/span>du monde. <\/p>\n<p><span style=\"font-family: arial, helvetica, sans-serif;\">En versant de l&#8217;eau bleue dans chaque plateau, une visualisation de l&#8217;endroit o\u00f9 la terre et l&#8217;eau se rencontrent, et de la fa\u00e7on dont les formes sont diff\u00e9rentes devient apparente<\/span><\/p>\n<p>Les<span style=\"font-family: arial, helvetica, sans-serif;\">cartes illustrent les formes terrestres et aquatiques compl\u00e9mentaires : un<\/span>syst\u00e8me de lacs, un archipel, une baie, un cap, un lac, une \u00eele, un golfe, une p\u00e9ninsule, un d\u00e9troit et un isthme.<\/p>\n<p>Une <a href=\"https:\/\/teiaeducation.ch\/product\/box-for-land-form-cards-nienhuis-montessori\/\">bo\u00eete en bois<\/a> permettant de ranger les cartes est <span style=\"font-family: arial, helvetica, sans-serif;\">\u00e9galement disponible s\u00e9par\u00e9ment dans notre boutique en ligne.<\/span><\/p>\n<p>La marque n\u00e9erlandaise Nienhuis Montessori est la marque leader mondiale Montessori, qui honore et perp\u00e9tue l\u2019h\u00e9ritage de Maria Montessori et fabrique la gamme la plus vaste et la plus innovante du mat\u00e9riel \u00e9ducatif Montessori. Les produits de haute qualit\u00e9 de Nienhuis Montessori fournissent aux enfants les outils dont ils ont besoin pour devenir ind\u00e9pendants et avoir un esprit critique. Tout les mat\u00e9riaux, le mobilier et le mat\u00e9riel p\u00e9dagogique de Nienhuis Montessori sont certifi\u00e9s par le comit\u00e9 des mat\u00e9riaux de l\u2019Association Montessori Internationale (<a href=\"https:\/\/montessori-ami.org\/\">AMI<\/a>) et sont m\u00e9ticuleusement con\u00e7us pour isoler les difficult\u00e9s afin que les enfants puissent se concentrer, se ma\u00eetriser et s\u2019\u00e9panouir.<\/p>\n<p>Nienhuis Montessori est l&#8217;une des marques g\u00e9r\u00e9es par la soci\u00e9t\u00e9 n\u00e9erlandaise Heutink International, qui fournit les meilleures marques \u00e9ducatives, qui sont orient\u00e9es vers l&#8217;apprentissage par le jeu.<\/p>\n<p>Ce mat\u00e9riel convient aux enfants \u00e2g\u00e9s de 4 ans et plus.<\/p>\n<p>Contenu :<\/p>\n<p>10 cartes illustr\u00e9es (20 x 20 cm)<\/p>\n","protected":false},"excerpt":{"rendered":"<p>Num\u00e9ro d&#8217;article : 022900<\/p>\n<p>Le jeu de cartes des formes g\u00e9ographiques de Nienhuis est un mat\u00e9riel de g\u00e9ographie Montessori et contient 10 cartes d&#8217;images en plastique \u00e9pais correspondant aux plateaux de formes de la terre et des mers.<\/p>\n","protected":false},"featured_media":11737,"comment_status":"open","ping_status":"closed","template":"","meta":[],"product_brand":[],"product_cat":[215,216,285,284,283,293,272,763,594,7595,1218,207,217,5851,292,212,612],"product_tag":[18892,7629,803,1230,1231,1229,7713],"class_list":{"0":"post-35118","1":"product","2":"type-product","3":"status-publish","4":"has-post-thumbnail","6":"product_cat-3-6-ans","7":"product_cat-6-12-ans","8":"product_cat-alphabetisation-langage","9":"product_cat-culture-sciences","10":"product_cat-domaines-du-curriculum","11":"product_cat-ensembles-dactivites","12":"product_cat-geographie","13":"product_cat-la-science","14":"product_cat-terre-et-univers","15":"product_cat-methode-deducation","16":"product_cat-montessori-fr","17":"product_cat-nienhuis-montessori-materiel-fr","18":"product_cat-marques","19":"product_cat-nouveautes","20":"product_cat-appui-au-curriculum","21":"product_cat-tranche-dage","22":"product_cat-vocabulaire-fr","23":"product_tag-cartes-des-formes-geographiques-nienhuis-montessori","24":"product_tag-geographie","25":"product_tag-nienhuis-montessori-fr","26":"product_tag-petite-enfance-3-6","27":"product_tag-sens-visuel","28":"product_tag-sensoriel","29":"product_tag-terre","31":"first","32":"onbackorder","33":"sold-individually","34":"taxable","35":"shipping-taxable","36":"purchasable","37":"product-type-simple"},"yoast_head":"<!-- This site is optimized with the Yoast SEO plugin v27.1.1 - https:\/\/yoast.com\/product\/yoast-seo-wordpress\/ -->\n<title>Cartes des formes g\u00e9ographiques - Nienhuis Montessori<\/title>\n<meta name=\"description\" content=\"Le jeu de cartes des formes g\u00e9ographiques de Nienhuis est un mat\u00e9riel de g\u00e9ographie Montessori et contient 10 cartes d&#039;images en plastique \u00e9pais correspondant aux plateaux de formes de la terre et des mers.\" \/>\n<meta name=\"robots\" content=\"index, follow, max-snippet:-1, max-image-preview:large, max-video-preview:-1\" \/>\n<link rel=\"canonical\" href=\"https:\/\/teiaeducation.ch\/fr\/produit\/cartes-formes-geographiques-nienhuis-montessori\/\" \/>\n<meta property=\"og:locale\" content=\"fr_FR\" \/>\n<meta property=\"og:type\" content=\"article\" \/>\n<meta property=\"og:title\" content=\"Cartes des formes g\u00e9ographiques - Nienhuis Montessori\" \/>\n<meta property=\"og:description\" content=\"Le jeu de cartes des formes g\u00e9ographiques de Nienhuis est un mat\u00e9riel de g\u00e9ographie Montessori et contient 10 cartes d&#039;images en plastique \u00e9pais correspondant aux plateaux de formes de la terre et des mers.\" \/>\n<meta property=\"og:url\" content=\"https:\/\/teiaeducation.ch\/fr\/produit\/cartes-formes-geographiques-nienhuis-montessori\/\" \/>\n<meta property=\"og:site_name\" content=\"Sustainable Educational Products &amp; Ecological Toys\u00a0\" \/>\n<meta property=\"article:publisher\" content=\"https:\/\/www.facebook.com\/teiaeducation\/\" \/>\n<meta property=\"article:modified_time\" content=\"2023-01-13T20:09:00+00:00\" \/>\n<meta property=\"og:image\" content=\"https:\/\/teiaeducation.ch\/wp-content\/uploads\/2019\/05\/400_022900_main_or_1-scaled-scaled.jpg\" \/>\n\t<meta property=\"og:image:width\" content=\"2048\" \/>\n\t<meta property=\"og:image:height\" content=\"2048\" \/>\n\t<meta property=\"og:image:type\" content=\"image\/jpeg\" \/>\n<script type=\"application\/ld+json\" class=\"yoast-schema-graph\">{\"@context\":\"https:\/\/schema.org\",\"@graph\":[{\"@type\":\"WebPage\",\"@id\":\"https:\/\/teiaeducation.ch\/fr\/produit\/cartes-formes-geographiques-nienhuis-montessori\/\",\"url\":\"https:\/\/teiaeducation.ch\/fr\/produit\/cartes-formes-geographiques-nienhuis-montessori\/\",\"name\":\"Cartes des formes g\u00e9ographiques - Nienhuis Montessori\",\"isPartOf\":{\"@id\":\"https:\/\/teiaeducation.ch\/fr\/#website\"},\"primaryImageOfPage\":{\"@id\":\"https:\/\/teiaeducation.ch\/fr\/produit\/cartes-formes-geographiques-nienhuis-montessori\/#primaryimage\"},\"image\":{\"@id\":\"https:\/\/teiaeducation.ch\/fr\/produit\/cartes-formes-geographiques-nienhuis-montessori\/#primaryimage\"},\"thumbnailUrl\":\"https:\/\/teiaeducation.ch\/wp-content\/uploads\/2019\/05\/400_022900_main_or_1-scaled-scaled.jpg\",\"datePublished\":\"2021-01-27T15:41:02+00:00\",\"dateModified\":\"2023-01-13T20:09:00+00:00\",\"description\":\"Le jeu de cartes des formes g\u00e9ographiques de Nienhuis est un mat\u00e9riel de g\u00e9ographie Montessori et contient 10 cartes d'images en plastique \u00e9pais correspondant aux plateaux de formes de la terre et des mers.\",\"breadcrumb\":{\"@id\":\"https:\/\/teiaeducation.ch\/fr\/produit\/cartes-formes-geographiques-nienhuis-montessori\/#breadcrumb\"},\"inLanguage\":\"fr-FR\",\"potentialAction\":[{\"@type\":\"ReadAction\",\"target\":[\"https:\/\/teiaeducation.ch\/fr\/produit\/cartes-formes-geographiques-nienhuis-montessori\/\"]}]},{\"@type\":\"ImageObject\",\"inLanguage\":\"fr-FR\",\"@id\":\"https:\/\/teiaeducation.ch\/fr\/produit\/cartes-formes-geographiques-nienhuis-montessori\/#primaryimage\",\"url\":\"https:\/\/teiaeducation.ch\/wp-content\/uploads\/2019\/05\/400_022900_main_or_1-scaled-scaled.jpg\",\"contentUrl\":\"https:\/\/teiaeducation.ch\/wp-content\/uploads\/2019\/05\/400_022900_main_or_1-scaled-scaled.jpg\",\"width\":2048,\"height\":2048,\"caption\":\"Cartes des formes g\u00e9ographiques - Nienhuis Montessori\"},{\"@type\":\"BreadcrumbList\",\"@id\":\"https:\/\/teiaeducation.ch\/fr\/produit\/cartes-formes-geographiques-nienhuis-montessori\/#breadcrumb\",\"itemListElement\":[{\"@type\":\"ListItem\",\"position\":1,\"name\":\"Home\",\"item\":\"https:\/\/teiaeducation.ch\/fr\/\"},{\"@type\":\"ListItem\",\"position\":2,\"name\":\"Boutique Teia Education &amp; Play\",\"item\":\"https:\/\/teiaeducation.ch\/fr\/boutique\/\"},{\"@type\":\"ListItem\",\"position\":3,\"name\":\"Nos Marques\",\"item\":\"https:\/\/teiaeducation.ch\/fr\/categorie-produit\/marques\/\"},{\"@type\":\"ListItem\",\"position\":4,\"name\":\"Nienhuis Montessori Suisse\",\"item\":\"https:\/\/teiaeducation.ch\/fr\/categorie-produit\/marques\/nienhuis-montessori-materiel-fr\/\"},{\"@type\":\"ListItem\",\"position\":5,\"name\":\"G\u00e9ographie\",\"item\":\"https:\/\/teiaeducation.ch\/fr\/categorie-produit\/marques\/nienhuis-montessori-materiel-fr\/geographie\/\"},{\"@type\":\"ListItem\",\"position\":6,\"name\":\"Cartes des formes g\u00e9ographiques &#8211; Nienhuis Montessori\"}]},{\"@type\":\"WebSite\",\"@id\":\"https:\/\/teiaeducation.ch\/fr\/#website\",\"url\":\"https:\/\/teiaeducation.ch\/fr\/\",\"name\":\"Sustainable Educational Products &amp; Ecological Toys\u00a0\",\"description\":\"Specialised Swiss shop selling sustainable educational toys and games, AMI certified Montessori materials, handmade ecological wooden Waldorf toys and arts &amp; crafts supplies, school supplies, children&#039;s furniture and Montessori reference and parenting books.\",\"publisher\":{\"@id\":\"https:\/\/teiaeducation.ch\/fr\/#organization\"},\"alternateName\":\"Teia Education & Play\",\"potentialAction\":[{\"@type\":\"SearchAction\",\"target\":{\"@type\":\"EntryPoint\",\"urlTemplate\":\"https:\/\/teiaeducation.ch\/fr\/?s={search_term_string}\"},\"query-input\":{\"@type\":\"PropertyValueSpecification\",\"valueRequired\":true,\"valueName\":\"search_term_string\"}}],\"inLanguage\":\"fr-FR\"},{\"@type\":\"Organization\",\"@id\":\"https:\/\/teiaeducation.ch\/fr\/#organization\",\"name\":\"Teia Education & Play\",\"url\":\"https:\/\/teiaeducation.ch\/fr\/\",\"logo\":{\"@type\":\"ImageObject\",\"inLanguage\":\"fr-FR\",\"@id\":\"https:\/\/teiaeducation.ch\/fr\/#\/schema\/logo\/image\/\",\"url\":\"https:\/\/teiaeducation.ch\/wp-content\/uploads\/2020\/11\/Teia-Education-Switzerland-e1620156442216.jpg\",\"contentUrl\":\"https:\/\/teiaeducation.ch\/wp-content\/uploads\/2020\/11\/Teia-Education-Switzerland-e1620156442216.jpg\",\"width\":166,\"height\":145,\"caption\":\"Teia Education & Play\"},\"image\":{\"@id\":\"https:\/\/teiaeducation.ch\/fr\/#\/schema\/logo\/image\/\"},\"sameAs\":[\"https:\/\/www.facebook.com\/teiaeducation\/\",\"https:\/\/x.com\/EducationTeia\",\"https:\/\/www.instagram.com\/teia.education\/\",\"https:\/\/www.linkedin.com\/company\/35501660\",\"https:\/\/www.pinterest.ch\/TeiaEducation\/\"]}]}<\/script>\n<!-- \/ Yoast SEO plugin. -->","yoast_head_json":{"title":"Cartes des formes g\u00e9ographiques - Nienhuis Montessori","description":"Le jeu de cartes des formes g\u00e9ographiques de Nienhuis est un mat\u00e9riel de g\u00e9ographie Montessori et contient 10 cartes d'images en plastique \u00e9pais correspondant aux plateaux de formes de la terre et des mers.","robots":{"index":"index","follow":"follow","max-snippet":"max-snippet:-1","max-image-preview":"max-image-preview:large","max-video-preview":"max-video-preview:-1"},"canonical":"https:\/\/teiaeducation.ch\/fr\/produit\/cartes-formes-geographiques-nienhuis-montessori\/","og_locale":"fr_FR","og_type":"article","og_title":"Cartes des formes g\u00e9ographiques - Nienhuis Montessori","og_description":"Le jeu de cartes des formes g\u00e9ographiques de Nienhuis est un mat\u00e9riel de g\u00e9ographie Montessori et contient 10 cartes d'images en plastique \u00e9pais correspondant aux plateaux de formes de la terre et des mers.","og_url":"https:\/\/teiaeducation.ch\/fr\/produit\/cartes-formes-geographiques-nienhuis-montessori\/","og_site_name":"Sustainable Educational Products &amp; Ecological Toys\u00a0","article_publisher":"https:\/\/www.facebook.com\/teiaeducation\/","article_modified_time":"2023-01-13T20:09:00+00:00","og_image":[{"width":2048,"height":2048,"url":"https:\/\/teiaeducation.ch\/wp-content\/uploads\/2019\/05\/400_022900_main_or_1-scaled-scaled.jpg","type":"image\/jpeg"}],"schema":{"@context":"https:\/\/schema.org","@graph":[{"@type":"WebPage","@id":"https:\/\/teiaeducation.ch\/fr\/produit\/cartes-formes-geographiques-nienhuis-montessori\/","url":"https:\/\/teiaeducation.ch\/fr\/produit\/cartes-formes-geographiques-nienhuis-montessori\/","name":"Cartes des formes g\u00e9ographiques - Nienhuis Montessori","isPartOf":{"@id":"https:\/\/teiaeducation.ch\/fr\/#website"},"primaryImageOfPage":{"@id":"https:\/\/teiaeducation.ch\/fr\/produit\/cartes-formes-geographiques-nienhuis-montessori\/#primaryimage"},"image":{"@id":"https:\/\/teiaeducation.ch\/fr\/produit\/cartes-formes-geographiques-nienhuis-montessori\/#primaryimage"},"thumbnailUrl":"https:\/\/teiaeducation.ch\/wp-content\/uploads\/2019\/05\/400_022900_main_or_1-scaled-scaled.jpg","datePublished":"2021-01-27T15:41:02+00:00","dateModified":"2023-01-13T20:09:00+00:00","description":"Le jeu de cartes des formes g\u00e9ographiques de Nienhuis est un mat\u00e9riel de g\u00e9ographie Montessori et contient 10 cartes d'images en plastique \u00e9pais correspondant aux plateaux de formes de la terre et des mers.","breadcrumb":{"@id":"https:\/\/teiaeducation.ch\/fr\/produit\/cartes-formes-geographiques-nienhuis-montessori\/#breadcrumb"},"inLanguage":"fr-FR","potentialAction":[{"@type":"ReadAction","target":["https:\/\/teiaeducation.ch\/fr\/produit\/cartes-formes-geographiques-nienhuis-montessori\/"]}]},{"@type":"ImageObject","inLanguage":"fr-FR","@id":"https:\/\/teiaeducation.ch\/fr\/produit\/cartes-formes-geographiques-nienhuis-montessori\/#primaryimage","url":"https:\/\/teiaeducation.ch\/wp-content\/uploads\/2019\/05\/400_022900_main_or_1-scaled-scaled.jpg","contentUrl":"https:\/\/teiaeducation.ch\/wp-content\/uploads\/2019\/05\/400_022900_main_or_1-scaled-scaled.jpg","width":2048,"height":2048,"caption":"Cartes des formes g\u00e9ographiques - Nienhuis Montessori"},{"@type":"BreadcrumbList","@id":"https:\/\/teiaeducation.ch\/fr\/produit\/cartes-formes-geographiques-nienhuis-montessori\/#breadcrumb","itemListElement":[{"@type":"ListItem","position":1,"name":"Home","item":"https:\/\/teiaeducation.ch\/fr\/"},{"@type":"ListItem","position":2,"name":"Boutique Teia Education &amp; Play","item":"https:\/\/teiaeducation.ch\/fr\/boutique\/"},{"@type":"ListItem","position":3,"name":"Nos Marques","item":"https:\/\/teiaeducation.ch\/fr\/categorie-produit\/marques\/"},{"@type":"ListItem","position":4,"name":"Nienhuis Montessori Suisse","item":"https:\/\/teiaeducation.ch\/fr\/categorie-produit\/marques\/nienhuis-montessori-materiel-fr\/"},{"@type":"ListItem","position":5,"name":"G\u00e9ographie","item":"https:\/\/teiaeducation.ch\/fr\/categorie-produit\/marques\/nienhuis-montessori-materiel-fr\/geographie\/"},{"@type":"ListItem","position":6,"name":"Cartes des formes g\u00e9ographiques &#8211; Nienhuis Montessori"}]},{"@type":"WebSite","@id":"https:\/\/teiaeducation.ch\/fr\/#website","url":"https:\/\/teiaeducation.ch\/fr\/","name":"Sustainable Educational Products &amp; Ecological Toys\u00a0","description":"Specialised Swiss shop selling sustainable educational toys and games, AMI certified Montessori materials, handmade ecological wooden Waldorf toys and arts &amp; crafts supplies, school supplies, children&#039;s furniture and Montessori reference and parenting books.","publisher":{"@id":"https:\/\/teiaeducation.ch\/fr\/#organization"},"alternateName":"Teia Education & Play","potentialAction":[{"@type":"SearchAction","target":{"@type":"EntryPoint","urlTemplate":"https:\/\/teiaeducation.ch\/fr\/?s={search_term_string}"},"query-input":{"@type":"PropertyValueSpecification","valueRequired":true,"valueName":"search_term_string"}}],"inLanguage":"fr-FR"},{"@type":"Organization","@id":"https:\/\/teiaeducation.ch\/fr\/#organization","name":"Teia Education & Play","url":"https:\/\/teiaeducation.ch\/fr\/","logo":{"@type":"ImageObject","inLanguage":"fr-FR","@id":"https:\/\/teiaeducation.ch\/fr\/#\/schema\/logo\/image\/","url":"https:\/\/teiaeducation.ch\/wp-content\/uploads\/2020\/11\/Teia-Education-Switzerland-e1620156442216.jpg","contentUrl":"https:\/\/teiaeducation.ch\/wp-content\/uploads\/2020\/11\/Teia-Education-Switzerland-e1620156442216.jpg","width":166,"height":145,"caption":"Teia Education & Play"},"image":{"@id":"https:\/\/teiaeducation.ch\/fr\/#\/schema\/logo\/image\/"},"sameAs":["https:\/\/www.facebook.com\/teiaeducation\/","https:\/\/x.com\/EducationTeia","https:\/\/www.instagram.com\/teia.education\/","https:\/\/www.linkedin.com\/company\/35501660","https:\/\/www.pinterest.ch\/TeiaEducation\/"]}]}},"_links":{"self":[{"href":"https:\/\/teiaeducation.ch\/fr\/wp-json\/wp\/v2\/product\/35118","targetHints":{"allow":["GET"]}}],"collection":[{"href":"https:\/\/teiaeducation.ch\/fr\/wp-json\/wp\/v2\/product"}],"about":[{"href":"https:\/\/teiaeducation.ch\/fr\/wp-json\/wp\/v2\/types\/product"}],"replies":[{"embeddable":true,"href":"https:\/\/teiaeducation.ch\/fr\/wp-json\/wp\/v2\/comments?post=35118"}],"wp:featuredmedia":[{"embeddable":true,"href":"https:\/\/teiaeducation.ch\/fr\/wp-json\/wp\/v2\/media\/11737"}],"wp:attachment":[{"href":"https:\/\/teiaeducation.ch\/fr\/wp-json\/wp\/v2\/media?parent=35118"}],"wp:term":[{"taxonomy":"product_brand","embeddable":true,"href":"https:\/\/teiaeducation.ch\/fr\/wp-json\/wp\/v2\/product_brand?post=35118"},{"taxonomy":"product_cat","embeddable":true,"href":"https:\/\/teiaeducation.ch\/fr\/wp-json\/wp\/v2\/product_cat?post=35118"},{"taxonomy":"product_tag","embeddable":true,"href":"https:\/\/teiaeducation.ch\/fr\/wp-json\/wp\/v2\/product_tag?post=35118"}],"curies":[{"name":"wp","href":"https:\/\/api.w.org\/{rel}","templated":true}]}}