{"id":35119,"date":"2021-10-08T15:55:04","date_gmt":"2021-10-08T13:55:04","guid":{"rendered":"https:\/\/teiaeducation.ch\/product\/planche-a-tracer-arc-en-ciel-en-bois-threewood\/"},"modified":"2021-11-22T15:13:53","modified_gmt":"2021-11-22T14:13:53","slug":"planche-a-tracer-arc-en-ciel-en-bois-threewood","status":"publish","type":"product","link":"https:\/\/teiaeducation.ch\/fr\/produit\/planche-a-tracer-arc-en-ciel-en-bois-threewood\/","title":{"rendered":"Planche \u00e0 tracer arc-en-ciel en bois &#8211; Threewood"},"content":{"rendered":"<p>Planche \u00e0 tracer arc-en-ciel en bois fait main \/ Jouet d&#8217;apprentissage d&#8217;inspiration Montessori &#8211; Threewood<\/p>\n<p>La planche \u00e0 tracer en bois arc-en-ciel de Threewood avec les chiffres de 1 \u00e0 10 est un merveilleux jouet d&#8217;apprentissage sensoriel des math\u00e9matiques fait main pour les jeunes enfants !<\/p>\n<p>Les enfants auront beaucoup de plaisir \u00e0 tracer les lignes de l&#8217;arc-en-ciel avec leur index ou le stylo en bois inclus, tout en affinant leur motricit\u00e9 fine et en renfor\u00e7ant leurs mains pour se pr\u00e9parer \u00e0 l&#8217;\u00e9criture ! Pour s&#8217;entra\u00eener \u00e0 compter, le nombre correspondant de boules de feutre est plac\u00e9 dans les petits arcs de l&#8217;arc-en-ciel sur la planche, elles peuvent \u00e9galement \u00eatre utilis\u00e9es pour un jeu cr\u00e9atif en d\u00e9corant l&#8217;arc-en-ciel avec ses belles couleurs vives. Apprendre \u00e0 compter et \u00e0 reconna\u00eetre les chiffres devient un jeu amusant et pratique avec ce jouet \u00e9ducatif con\u00e7u et fabriqu\u00e9 avec amour, parfait pour l&#8217;apprentissage et le jeu Montessori \u00e0 la maison.<\/p>\n<p>Ce magnifique jouet d&#8217;apprentissage tactile naturel et de tr\u00e8s haute qualit\u00e9 est fabriqu\u00e9 \u00e0 la main en ch\u00eane massif et comprend 55 boules de laine feutr\u00e9e aux couleurs de l&#8217;arc-en-ciel, deux stylos en bois pour le tra\u00e7age, 2 billes en verre et un magnifique petit sac de rangement en lin pour les boules de feutre.<\/p>\n<p>La planche \u00e0 tracer en ch\u00eane massif est finie \u00e0 l&#8217;huile naturelle et mesure 36 x 20 cm pour une \u00e9paisseur de 1,8 cm. Les stylos sont fabriqu\u00e9s en contreplaqu\u00e9, les billes en verre et les boules en pure laine. Cet ensemble de planche \u00e0 tracer arc-en-ciel en bois est fabriqu\u00e9 \u00e0 la main en Ukraine.<\/p>\n<p>Threewood est une \u00e9quipe ukrainienne compos\u00e9e d&#8217;un mari et d&#8217;une femme, Yuriy et Olga, qui cr\u00e9ent d&#8217;\u00e9tonnants jouets et mat\u00e9riels d&#8217;apprentissage faits main, inspir\u00e9s de la p\u00e9dagogie <a href=\"https:\/\/teiaeducation.ch\/fr\/categorie-produit\/methode-deducation\/montessori-fr\/\">Montessori<\/a>. Le nom Threewood repr\u00e9sente leurs 3 enfants et la passion pour le travail du bois que Yuriy a h\u00e9rit\u00e9 de son p\u00e8re et de son grand-p\u00e8re. Ces jouets en bois fabriqu\u00e9s \u00e0 la main sont pour la plupart sculpt\u00e9s dans du ch\u00eane et sont de la plus haute qualit\u00e9 et conception, promettant long\u00e9vit\u00e9 et apprentissage ludique pour des g\u00e9n\u00e9rations !<\/p>\n<p>Contenu :<\/p>\n<p>1 planche \u00e0 tracer arc-en-ciel en ch\u00eane<br \/>\n55 boules de feutre<br \/>\n2 stylos en bois<br \/>\n2 billes de verre<br \/>\n1 sac en lin pour ranger les boules de feutre<\/p>\n","protected":false},"excerpt":{"rendered":"<p>Num\u00e9ro d&#8217;article: TW011<\/p>\n<p>La planche \u00e0 tra\u00e7er arc-en-ciel en bois Threewood avec des boules de feutre est un merveilleux jouet d&#8217;apprentissage inspir\u00e9 des math\u00e9matiques sensoriels Montessori pour les jeunes enfants!<\/p>\n","protected":false},"featured_media":57494,"comment_status":"open","ping_status":"closed","template":"","meta":[],"product_brand":[],"product_cat":[8527,215,216,285,13128,606,633,23635,18893,22344,635,283,8526,17239,21257,13130,23020,22181,1220,13142,630,8567,288,7595,1218,217,5851,24313,209,18894,212],"product_tag":[18899,18901,18898,18897,18903,18896,18904,18905,18908,18895,18902,18900,18906,18907],"class_list":{"0":"post-35119","1":"product","2":"type-product","3":"status-publish","4":"has-post-thumbnail","6":"product_cat-3-6-ans-ecole-a-domicile","7":"product_cat-3-6-ans","8":"product_cat-6-12-ans","9":"product_cat-alphabetisation-langage","10":"product_cat-apprendre-a-compter","11":"product_cat-apprendre-a-ecrire","12":"product_cat-apprendre-les-couleurs","13":"product_cat-collection-dete","14":"product_cat-collection-printemps","15":"product_cat-collections-saisonnieres","16":"product_cat-competences-motrices","17":"product_cat-domaines-du-curriculum","18":"product_cat-fournitures-scolaires-a-domicile","19":"product_cat-guide-cadeaux-educatifs","20":"product_cat-guides-cadeaux","21":"product_cat-jouer","22":"product_cat-jouets-en-bois","23":"product_cat-jouets-montessori","24":"product_cat-traditionnelle","25":"product_cat-jeu-sensoriel","26":"product_cat-nombres","27":"product_cat-materiel-scolaire-montessori","28":"product_cat-mathematiques-calcul","29":"product_cat-methode-deducation","30":"product_cat-montessori-fr","31":"product_cat-marques","32":"product_cat-nouveautes","33":"product_cat-saint-valentin","34":"product_cat-sensorielles-motrices","35":"product_cat-threewood-fr","36":"product_cat-tranche-dage","37":"product_tag-fabrique-en-ukraine","38":"product_tag-jouet-dapprentissage-dinspiration-montessori","39":"product_tag-jouet-dapprentissage-de-lalphabet-en-bois","40":"product_tag-jouet-dapprentissage-en-bois-fabrique-a-la-main","41":"product_tag-jouet-dapprentissage-montessori-fabrique-a-la-main","42":"product_tag-jouets-montessori-de-threewood","43":"product_tag-lettres-et-mots-en-bois","44":"product_tag-planche-a-lettres-en-bois-threewood","45":"product_tag-planche-a-tracer-en-bois-arc-en-ciel-threewood","46":"product_tag-tableau-alphabetique-en-bois-anglais-threewood","47":"product_tag-tableau-alphabetique-en-bois-de-threewood","48":"product_tag-tableau-dalphabet-anglais-threewood","49":"product_tag-tableau-de-tracage-de-lalphabet-en-bois-threewood","50":"product_tag-tableau-de-tracage-des-chiffres-en-bois-threewood","52":"first","53":"instock","54":"taxable","55":"shipping-taxable","56":"purchasable","57":"product-type-simple"},"yoast_head":"<!-- This site is optimized with the Yoast SEO plugin v27.3 - https:\/\/yoast.com\/product\/yoast-seo-wordpress\/ -->\n<title>Planche \u00e0 tracer arc-en-ciel en bois - Threewood - Teia Education &amp; Play<\/title>\n<meta name=\"description\" content=\"La planche \u00e0 tracer arc-en-ciel en bois Threewood avec boules de feutre est un merveilleux jouet d&#039;apprentissage inspir\u00e9 de Montessori.\" \/>\n<meta name=\"robots\" content=\"index, follow, max-snippet:-1, max-image-preview:large, max-video-preview:-1\" \/>\n<link rel=\"canonical\" href=\"https:\/\/teiaeducation.ch\/fr\/produit\/planche-a-tracer-arc-en-ciel-en-bois-threewood\/\" \/>\n<meta property=\"og:locale\" content=\"fr_FR\" \/>\n<meta property=\"og:type\" content=\"article\" \/>\n<meta property=\"og:title\" content=\"Planche \u00e0 tracer arc-en-ciel en bois - Threewood - Teia Education &amp; Play\" \/>\n<meta property=\"og:description\" content=\"La planche \u00e0 tracer arc-en-ciel en bois Threewood avec boules de feutre est un merveilleux jouet d&#039;apprentissage inspir\u00e9 de Montessori.\" \/>\n<meta property=\"og:url\" content=\"https:\/\/teiaeducation.ch\/fr\/produit\/planche-a-tracer-arc-en-ciel-en-bois-threewood\/\" \/>\n<meta property=\"og:site_name\" content=\"Sustainable Educational Products &amp; Ecological Toys\u00a0\" \/>\n<meta property=\"article:publisher\" content=\"https:\/\/www.facebook.com\/teiaeducation\/\" \/>\n<meta property=\"article:modified_time\" content=\"2021-11-22T14:13:53+00:00\" \/>\n<meta property=\"og:image\" content=\"https:\/\/teiaeducation.ch\/wp-content\/uploads\/2021\/03\/Wooden-rainbow-tracing-board-Threewood.jpg\" \/>\n\t<meta property=\"og:image:width\" content=\"1588\" \/>\n\t<meta property=\"og:image:height\" content=\"1588\" \/>\n\t<meta property=\"og:image:type\" content=\"image\/jpeg\" \/>\n<script type=\"application\/ld+json\" class=\"yoast-schema-graph\">{\"@context\":\"https:\\\/\\\/schema.org\",\"@graph\":[{\"@type\":\"WebPage\",\"@id\":\"https:\\\/\\\/teiaeducation.ch\\\/fr\\\/produit\\\/planche-a-tracer-arc-en-ciel-en-bois-threewood\\\/\",\"url\":\"https:\\\/\\\/teiaeducation.ch\\\/fr\\\/produit\\\/planche-a-tracer-arc-en-ciel-en-bois-threewood\\\/\",\"name\":\"Planche \u00e0 tracer arc-en-ciel en bois - Threewood - Teia Education & Play\",\"isPartOf\":{\"@id\":\"https:\\\/\\\/teiaeducation.ch\\\/fr\\\/#website\"},\"primaryImageOfPage\":{\"@id\":\"https:\\\/\\\/teiaeducation.ch\\\/fr\\\/produit\\\/planche-a-tracer-arc-en-ciel-en-bois-threewood\\\/#primaryimage\"},\"image\":{\"@id\":\"https:\\\/\\\/teiaeducation.ch\\\/fr\\\/produit\\\/planche-a-tracer-arc-en-ciel-en-bois-threewood\\\/#primaryimage\"},\"thumbnailUrl\":\"https:\\\/\\\/teiaeducation.ch\\\/wp-content\\\/uploads\\\/2021\\\/10\\\/Handmade-Montessori-inspired-learning-toy-Wooden-rainbow-tracing-board-Threewood-scaled.webp\",\"datePublished\":\"2021-10-08T13:55:04+00:00\",\"dateModified\":\"2021-11-22T14:13:53+00:00\",\"description\":\"La planche \u00e0 tracer arc-en-ciel en bois Threewood avec boules de feutre est un merveilleux jouet d'apprentissage inspir\u00e9 de Montessori.\",\"breadcrumb\":{\"@id\":\"https:\\\/\\\/teiaeducation.ch\\\/fr\\\/produit\\\/planche-a-tracer-arc-en-ciel-en-bois-threewood\\\/#breadcrumb\"},\"inLanguage\":\"fr-FR\",\"potentialAction\":[{\"@type\":\"ReadAction\",\"target\":[\"https:\\\/\\\/teiaeducation.ch\\\/fr\\\/produit\\\/planche-a-tracer-arc-en-ciel-en-bois-threewood\\\/\"]}]},{\"@type\":\"ImageObject\",\"inLanguage\":\"fr-FR\",\"@id\":\"https:\\\/\\\/teiaeducation.ch\\\/fr\\\/produit\\\/planche-a-tracer-arc-en-ciel-en-bois-threewood\\\/#primaryimage\",\"url\":\"https:\\\/\\\/teiaeducation.ch\\\/wp-content\\\/uploads\\\/2021\\\/10\\\/Handmade-Montessori-inspired-learning-toy-Wooden-rainbow-tracing-board-Threewood-scaled.webp\",\"contentUrl\":\"https:\\\/\\\/teiaeducation.ch\\\/wp-content\\\/uploads\\\/2021\\\/10\\\/Handmade-Montessori-inspired-learning-toy-Wooden-rainbow-tracing-board-Threewood-scaled.webp\",\"width\":2048,\"height\":1536,\"caption\":\"Handmade Montessori inspired learning toy Wooden rainbow tracing board Threewood\"},{\"@type\":\"BreadcrumbList\",\"@id\":\"https:\\\/\\\/teiaeducation.ch\\\/fr\\\/produit\\\/planche-a-tracer-arc-en-ciel-en-bois-threewood\\\/#breadcrumb\",\"itemListElement\":[{\"@type\":\"ListItem\",\"position\":1,\"name\":\"Home\",\"item\":\"https:\\\/\\\/teiaeducation.ch\\\/fr\\\/\"},{\"@type\":\"ListItem\",\"position\":2,\"name\":\"Boutique Teia Education &amp; Play\",\"item\":\"https:\\\/\\\/teiaeducation.ch\\\/fr\\\/boutique\\\/\"},{\"@type\":\"ListItem\",\"position\":3,\"name\":\"Domaines du Curriculum\",\"item\":\"https:\\\/\\\/teiaeducation.ch\\\/fr\\\/categorie-produit\\\/domaines-du-curriculum\\\/\"},{\"@type\":\"ListItem\",\"position\":4,\"name\":\"Math\u00e9matiques &amp; Calcul\",\"item\":\"https:\\\/\\\/teiaeducation.ch\\\/fr\\\/categorie-produit\\\/domaines-du-curriculum\\\/mathematiques-calcul\\\/\"},{\"@type\":\"ListItem\",\"position\":5,\"name\":\"Apprendre \u00e0 Compter\",\"item\":\"https:\\\/\\\/teiaeducation.ch\\\/fr\\\/categorie-produit\\\/domaines-du-curriculum\\\/mathematiques-calcul\\\/apprendre-a-compter\\\/\"},{\"@type\":\"ListItem\",\"position\":6,\"name\":\"Planche \u00e0 tracer arc-en-ciel en bois &#8211; Threewood\"}]},{\"@type\":\"WebSite\",\"@id\":\"https:\\\/\\\/teiaeducation.ch\\\/fr\\\/#website\",\"url\":\"https:\\\/\\\/teiaeducation.ch\\\/fr\\\/\",\"name\":\"Sustainable Educational Products &amp; Ecological Toys\u00a0\",\"description\":\"Specialised Swiss shop selling sustainable educational toys and games, AMI certified Montessori materials, handmade ecological wooden Waldorf toys and arts &amp; crafts supplies, school supplies, children&#039;s furniture and Montessori reference and parenting books.\",\"publisher\":{\"@id\":\"https:\\\/\\\/teiaeducation.ch\\\/fr\\\/#organization\"},\"alternateName\":\"Teia Education & Play\",\"potentialAction\":[{\"@type\":\"SearchAction\",\"target\":{\"@type\":\"EntryPoint\",\"urlTemplate\":\"https:\\\/\\\/teiaeducation.ch\\\/fr\\\/?s={search_term_string}\"},\"query-input\":{\"@type\":\"PropertyValueSpecification\",\"valueRequired\":true,\"valueName\":\"search_term_string\"}}],\"inLanguage\":\"fr-FR\"},{\"@type\":\"Organization\",\"@id\":\"https:\\\/\\\/teiaeducation.ch\\\/fr\\\/#organization\",\"name\":\"Teia Education & Play\",\"url\":\"https:\\\/\\\/teiaeducation.ch\\\/fr\\\/\",\"logo\":{\"@type\":\"ImageObject\",\"inLanguage\":\"fr-FR\",\"@id\":\"https:\\\/\\\/teiaeducation.ch\\\/fr\\\/#\\\/schema\\\/logo\\\/image\\\/\",\"url\":\"https:\\\/\\\/teiaeducation.ch\\\/wp-content\\\/uploads\\\/2020\\\/11\\\/Teia-Education-Switzerland-e1620156442216.jpg\",\"contentUrl\":\"https:\\\/\\\/teiaeducation.ch\\\/wp-content\\\/uploads\\\/2020\\\/11\\\/Teia-Education-Switzerland-e1620156442216.jpg\",\"width\":166,\"height\":145,\"caption\":\"Teia Education & Play\"},\"image\":{\"@id\":\"https:\\\/\\\/teiaeducation.ch\\\/fr\\\/#\\\/schema\\\/logo\\\/image\\\/\"},\"sameAs\":[\"https:\\\/\\\/www.facebook.com\\\/teiaeducation\\\/\",\"https:\\\/\\\/x.com\\\/EducationTeia\",\"https:\\\/\\\/www.instagram.com\\\/teia.education\\\/\",\"https:\\\/\\\/www.linkedin.com\\\/company\\\/35501660\",\"https:\\\/\\\/www.pinterest.ch\\\/TeiaEducation\\\/\"]}]}<\/script>\n<!-- \/ Yoast SEO plugin. -->","yoast_head_json":{"title":"Planche \u00e0 tracer arc-en-ciel en bois - Threewood - Teia Education & Play","description":"La planche \u00e0 tracer arc-en-ciel en bois Threewood avec boules de feutre est un merveilleux jouet d'apprentissage inspir\u00e9 de Montessori.","robots":{"index":"index","follow":"follow","max-snippet":"max-snippet:-1","max-image-preview":"max-image-preview:large","max-video-preview":"max-video-preview:-1"},"canonical":"https:\/\/teiaeducation.ch\/fr\/produit\/planche-a-tracer-arc-en-ciel-en-bois-threewood\/","og_locale":"fr_FR","og_type":"article","og_title":"Planche \u00e0 tracer arc-en-ciel en bois - Threewood - Teia Education & Play","og_description":"La planche \u00e0 tracer arc-en-ciel en bois Threewood avec boules de feutre est un merveilleux jouet d'apprentissage inspir\u00e9 de Montessori.","og_url":"https:\/\/teiaeducation.ch\/fr\/produit\/planche-a-tracer-arc-en-ciel-en-bois-threewood\/","og_site_name":"Sustainable Educational Products &amp; Ecological Toys\u00a0","article_publisher":"https:\/\/www.facebook.com\/teiaeducation\/","article_modified_time":"2021-11-22T14:13:53+00:00","og_image":[{"width":1588,"height":1588,"url":"https:\/\/teiaeducation.ch\/wp-content\/uploads\/2021\/03\/Wooden-rainbow-tracing-board-Threewood.jpg","type":"image\/jpeg"}],"schema":{"@context":"https:\/\/schema.org","@graph":[{"@type":"WebPage","@id":"https:\/\/teiaeducation.ch\/fr\/produit\/planche-a-tracer-arc-en-ciel-en-bois-threewood\/","url":"https:\/\/teiaeducation.ch\/fr\/produit\/planche-a-tracer-arc-en-ciel-en-bois-threewood\/","name":"Planche \u00e0 tracer arc-en-ciel en bois - Threewood - Teia Education & Play","isPartOf":{"@id":"https:\/\/teiaeducation.ch\/fr\/#website"},"primaryImageOfPage":{"@id":"https:\/\/teiaeducation.ch\/fr\/produit\/planche-a-tracer-arc-en-ciel-en-bois-threewood\/#primaryimage"},"image":{"@id":"https:\/\/teiaeducation.ch\/fr\/produit\/planche-a-tracer-arc-en-ciel-en-bois-threewood\/#primaryimage"},"thumbnailUrl":"https:\/\/teiaeducation.ch\/wp-content\/uploads\/2021\/10\/Handmade-Montessori-inspired-learning-toy-Wooden-rainbow-tracing-board-Threewood-scaled.webp","datePublished":"2021-10-08T13:55:04+00:00","dateModified":"2021-11-22T14:13:53+00:00","description":"La planche \u00e0 tracer arc-en-ciel en bois Threewood avec boules de feutre est un merveilleux jouet d'apprentissage inspir\u00e9 de Montessori.","breadcrumb":{"@id":"https:\/\/teiaeducation.ch\/fr\/produit\/planche-a-tracer-arc-en-ciel-en-bois-threewood\/#breadcrumb"},"inLanguage":"fr-FR","potentialAction":[{"@type":"ReadAction","target":["https:\/\/teiaeducation.ch\/fr\/produit\/planche-a-tracer-arc-en-ciel-en-bois-threewood\/"]}]},{"@type":"ImageObject","inLanguage":"fr-FR","@id":"https:\/\/teiaeducation.ch\/fr\/produit\/planche-a-tracer-arc-en-ciel-en-bois-threewood\/#primaryimage","url":"https:\/\/teiaeducation.ch\/wp-content\/uploads\/2021\/10\/Handmade-Montessori-inspired-learning-toy-Wooden-rainbow-tracing-board-Threewood-scaled.webp","contentUrl":"https:\/\/teiaeducation.ch\/wp-content\/uploads\/2021\/10\/Handmade-Montessori-inspired-learning-toy-Wooden-rainbow-tracing-board-Threewood-scaled.webp","width":2048,"height":1536,"caption":"Handmade Montessori inspired learning toy Wooden rainbow tracing board Threewood"},{"@type":"BreadcrumbList","@id":"https:\/\/teiaeducation.ch\/fr\/produit\/planche-a-tracer-arc-en-ciel-en-bois-threewood\/#breadcrumb","itemListElement":[{"@type":"ListItem","position":1,"name":"Home","item":"https:\/\/teiaeducation.ch\/fr\/"},{"@type":"ListItem","position":2,"name":"Boutique Teia Education &amp; Play","item":"https:\/\/teiaeducation.ch\/fr\/boutique\/"},{"@type":"ListItem","position":3,"name":"Domaines du Curriculum","item":"https:\/\/teiaeducation.ch\/fr\/categorie-produit\/domaines-du-curriculum\/"},{"@type":"ListItem","position":4,"name":"Math\u00e9matiques &amp; Calcul","item":"https:\/\/teiaeducation.ch\/fr\/categorie-produit\/domaines-du-curriculum\/mathematiques-calcul\/"},{"@type":"ListItem","position":5,"name":"Apprendre \u00e0 Compter","item":"https:\/\/teiaeducation.ch\/fr\/categorie-produit\/domaines-du-curriculum\/mathematiques-calcul\/apprendre-a-compter\/"},{"@type":"ListItem","position":6,"name":"Planche \u00e0 tracer arc-en-ciel en bois &#8211; Threewood"}]},{"@type":"WebSite","@id":"https:\/\/teiaeducation.ch\/fr\/#website","url":"https:\/\/teiaeducation.ch\/fr\/","name":"Sustainable Educational Products &amp; Ecological Toys\u00a0","description":"Specialised Swiss shop selling sustainable educational toys and games, AMI certified Montessori materials, handmade ecological wooden Waldorf toys and arts &amp; crafts supplies, school supplies, children&#039;s furniture and Montessori reference and parenting books.","publisher":{"@id":"https:\/\/teiaeducation.ch\/fr\/#organization"},"alternateName":"Teia Education & Play","potentialAction":[{"@type":"SearchAction","target":{"@type":"EntryPoint","urlTemplate":"https:\/\/teiaeducation.ch\/fr\/?s={search_term_string}"},"query-input":{"@type":"PropertyValueSpecification","valueRequired":true,"valueName":"search_term_string"}}],"inLanguage":"fr-FR"},{"@type":"Organization","@id":"https:\/\/teiaeducation.ch\/fr\/#organization","name":"Teia Education & Play","url":"https:\/\/teiaeducation.ch\/fr\/","logo":{"@type":"ImageObject","inLanguage":"fr-FR","@id":"https:\/\/teiaeducation.ch\/fr\/#\/schema\/logo\/image\/","url":"https:\/\/teiaeducation.ch\/wp-content\/uploads\/2020\/11\/Teia-Education-Switzerland-e1620156442216.jpg","contentUrl":"https:\/\/teiaeducation.ch\/wp-content\/uploads\/2020\/11\/Teia-Education-Switzerland-e1620156442216.jpg","width":166,"height":145,"caption":"Teia Education & Play"},"image":{"@id":"https:\/\/teiaeducation.ch\/fr\/#\/schema\/logo\/image\/"},"sameAs":["https:\/\/www.facebook.com\/teiaeducation\/","https:\/\/x.com\/EducationTeia","https:\/\/www.instagram.com\/teia.education\/","https:\/\/www.linkedin.com\/company\/35501660","https:\/\/www.pinterest.ch\/TeiaEducation\/"]}]}},"_links":{"self":[{"href":"https:\/\/teiaeducation.ch\/fr\/wp-json\/wp\/v2\/product\/35119","targetHints":{"allow":["GET"]}}],"collection":[{"href":"https:\/\/teiaeducation.ch\/fr\/wp-json\/wp\/v2\/product"}],"about":[{"href":"https:\/\/teiaeducation.ch\/fr\/wp-json\/wp\/v2\/types\/product"}],"replies":[{"embeddable":true,"href":"https:\/\/teiaeducation.ch\/fr\/wp-json\/wp\/v2\/comments?post=35119"}],"wp:featuredmedia":[{"embeddable":true,"href":"https:\/\/teiaeducation.ch\/fr\/wp-json\/wp\/v2\/media\/57494"}],"wp:attachment":[{"href":"https:\/\/teiaeducation.ch\/fr\/wp-json\/wp\/v2\/media?parent=35119"}],"wp:term":[{"taxonomy":"product_brand","embeddable":true,"href":"https:\/\/teiaeducation.ch\/fr\/wp-json\/wp\/v2\/product_brand?post=35119"},{"taxonomy":"product_cat","embeddable":true,"href":"https:\/\/teiaeducation.ch\/fr\/wp-json\/wp\/v2\/product_cat?post=35119"},{"taxonomy":"product_tag","embeddable":true,"href":"https:\/\/teiaeducation.ch\/fr\/wp-json\/wp\/v2\/product_tag?post=35119"}],"curies":[{"name":"wp","href":"https:\/\/api.w.org\/{rel}","templated":true}]}}