{"id":35129,"date":"2021-10-08T10:59:31","date_gmt":"2021-10-08T08:59:31","guid":{"rendered":"https:\/\/teiaeducation.ch\/product\/jeux-de-lettres-en-bois-anglais-threewood\/"},"modified":"2021-11-22T15:06:57","modified_gmt":"2021-11-22T14:06:57","slug":"jeu-de-lettres-en-bois-anglais-threewood","status":"publish","type":"product","link":"https:\/\/teiaeducation.ch\/fr\/produit\/jeu-de-lettres-en-bois-anglais-threewood\/","title":{"rendered":"Jeu de lettres en bois : Anglais &#8211; Threewood"},"content":{"rendered":"<p>Jeu de lettres en bois fait main et deux ensembles avec lettres et mots en anglais \/ Jouet d&#8217;apprentissage d&#8217;inspiration Montessori &#8211; Threewood<\/p>\n<p>Le jeu de lettres en anglais en bois de Threewood avec deux jeux de lettres r\u00e9versibles sont un merveilleux jouet artisanal d&#8217;apprentissage des langues pour les jeunes enfants !<\/p>\n<p>Les enfants s&#8217;amuseront beaucoup \u00e0 apprendre leurs lettres et \u00e0 \u00e9peler des mots simples, m\u00eame s&#8217;ils apprennent encore \u00e0 \u00e9crire, en pla\u00e7ant les tuiles de lettres. L&#8217;orthographe et la lecture deviennent un jeu amusant et pratique avec ce jouet \u00e9ducatif con\u00e7u et fabriqu\u00e9 avec amour, parfait pour l&#8217;apprentissage et le jeu Montessori \u00e0 la maison.<\/p>\n<p>Ce jouet d&#8217;apprentissage tactile magnifiquement naturel et de tr\u00e8s haute qualit\u00e9 comprend deux supports pour organiser les lettres, tous deux fabriqu\u00e9s \u00e0 la main en ch\u00eane massif. Un jeu de 26 tuiles d&#8217;alphabet anglais minuscules faits \u00e0 la main et un jeu de tuiles de lettres majuscules (soit un total de 52 tuiles de lettres) sont inclus dans un beau sac de rangement en lin. Les tuiles sont toutes recto-verso pour apporter encore plus de valeur d&#8217;apprentissage &#8211; au dos de chaque tuile de lettre se trouve une liste de 5 mots commen\u00e7ant par cette lettre \u00e0 lire et \u00e9peler.<\/p>\n<p>Les supports de lettres et de mots en ch\u00eane massif sont finis \u00e0 l&#8217;huile naturelle. Chaque support mesure 9 x 20 cm et 1,8 cm d&#8217;\u00e9paisseur Les lettres sont fabriqu\u00e9es en contreplaqu\u00e9. L&#8217;ensemble des lettres de l&#8217;alphabet en bois est fabriqu\u00e9 \u00e0 la main en Ukraine.<\/p>\n<p>Threewood est une \u00e9quipe ukrainienne compos\u00e9e d&#8217;un mari et d&#8217;une femme, Yuriy et Olga, qui cr\u00e9ent d&#8217;\u00e9tonnants jouets et mat\u00e9riels d&#8217;apprentissage faits main, inspir\u00e9s de la p\u00e9dagogie <a href=\"https:\/\/teiaeducation.ch\/fr\/categorie-produit\/methode-deducation\/montessori-fr\/\">Montessori<\/a>. Le nom Threewood repr\u00e9sente leurs 3 enfants et la passion pour le travail du bois que Yuriy a h\u00e9rit\u00e9 de son p\u00e8re et de son grand-p\u00e8re. Ces jouets en bois fabriqu\u00e9s \u00e0 la main sont pour la plupart sculpt\u00e9s dans du ch\u00eane et sont de la plus haute qualit\u00e9 et conception, promettant long\u00e9vit\u00e9 et apprentissage ludique pour des g\u00e9n\u00e9rations !<\/p>\n<p>Contenu :<\/p>\n<p>2 supports en ch\u00eane<br \/>\n26 tuiles majuscules double face avec l&#8217;alphabet anglais d&#8217;un c\u00f4t\u00e9 et 5 mots au verso<br \/>\n26 tuiles minuscules double face avec l&#8217;alphabet anglais d&#8217;un c\u00f4t\u00e9 et 5 mots au verso<br \/>\n2 sacs en lin pour ranger les tuiles de lettres<\/p>\n","protected":false},"excerpt":{"rendered":"<p>Num\u00e9ro d&#8217;article: TW010<\/p>\n<p>Le jeu de lettres en bois Threewood en anglais avec des ensembles de tuiles r\u00e9versibles avec des lettres et des mots est un jouet d&#8217;apprentissage inspir\u00e9 de Montessori !<\/p>\n","protected":false},"featured_media":34946,"comment_status":"open","ping_status":"closed","template":"","meta":[],"product_brand":[],"product_cat":[8527,215,216,285,606,605,283,8526,17241,17239,21257,13130,23020,22181,1220,607,8567,7595,1218,217,5851,18894,212,612],"product_tag":[18899,18901,18898,18897,18903,18896,18904,18905,18895,18902,18900],"class_list":{"0":"post-35129","1":"product","2":"type-product","3":"status-publish","4":"has-post-thumbnail","6":"product_cat-3-6-ans-ecole-a-domicile","7":"product_cat-3-6-ans","8":"product_cat-6-12-ans","9":"product_cat-alphabetisation-langage","10":"product_cat-apprendre-a-ecrire","11":"product_cat-apprendre-a-lire","12":"product_cat-domaines-du-curriculum","13":"product_cat-fournitures-scolaires-a-domicile","14":"product_cat-guide-cadeaux-3-6-ans","15":"product_cat-guide-cadeaux-educatifs","16":"product_cat-guides-cadeaux","17":"product_cat-jouer","18":"product_cat-jouets-en-bois","19":"product_cat-jouets-montessori","20":"product_cat-traditionnelle","21":"product_cat-des-lettres","22":"product_cat-materiel-scolaire-montessori","23":"product_cat-methode-deducation","24":"product_cat-montessori-fr","25":"product_cat-marques","26":"product_cat-nouveautes","27":"product_cat-threewood-fr","28":"product_cat-tranche-dage","29":"product_cat-vocabulaire-fr","30":"product_tag-fabrique-en-ukraine","31":"product_tag-jouet-dapprentissage-dinspiration-montessori","32":"product_tag-jouet-dapprentissage-de-lalphabet-en-bois","33":"product_tag-jouet-dapprentissage-en-bois-fabrique-a-la-main","34":"product_tag-jouet-dapprentissage-montessori-fabrique-a-la-main","35":"product_tag-jouets-montessori-de-threewood","36":"product_tag-lettres-et-mots-en-bois","37":"product_tag-planche-a-lettres-en-bois-threewood","38":"product_tag-tableau-alphabetique-en-bois-anglais-threewood","39":"product_tag-tableau-alphabetique-en-bois-de-threewood","40":"product_tag-tableau-dalphabet-anglais-threewood","42":"first","43":"instock","44":"taxable","45":"shipping-taxable","46":"purchasable","47":"product-type-simple"},"yoast_head":"<!-- This site is optimized with the Yoast SEO plugin v27.1.1 - https:\/\/yoast.com\/product\/yoast-seo-wordpress\/ -->\n<title>Jeu de lettres en bois : Anglais - Threewood - Teia Education &amp; Play<\/title>\n<meta name=\"description\" content=\"Le jeu de lettres en bois Threewood en anglais avec des lettres et des mots est un jouet d&#039;apprentissage Montessori !\" \/>\n<meta name=\"robots\" content=\"index, follow, max-snippet:-1, max-image-preview:large, max-video-preview:-1\" \/>\n<link rel=\"canonical\" href=\"https:\/\/teiaeducation.ch\/fr\/produit\/jeu-de-lettres-en-bois-anglais-threewood\/\" \/>\n<meta property=\"og:locale\" content=\"fr_FR\" \/>\n<meta property=\"og:type\" content=\"article\" \/>\n<meta property=\"og:title\" content=\"Jeu de lettres en bois : Anglais - Threewood - Teia Education &amp; Play\" \/>\n<meta property=\"og:description\" content=\"Le jeu de lettres en bois Threewood en anglais avec des lettres et des mots est un jouet d&#039;apprentissage Montessori !\" \/>\n<meta property=\"og:url\" content=\"https:\/\/teiaeducation.ch\/fr\/produit\/jeu-de-lettres-en-bois-anglais-threewood\/\" \/>\n<meta property=\"og:site_name\" content=\"Sustainable Educational Products &amp; Ecological Toys\u00a0\" \/>\n<meta property=\"article:publisher\" content=\"https:\/\/www.facebook.com\/teiaeducation\/\" \/>\n<meta property=\"article:modified_time\" content=\"2021-11-22T14:06:57+00:00\" \/>\n<meta property=\"og:image\" content=\"https:\/\/teiaeducation.ch\/wp-content\/uploads\/2021\/03\/Wooden-letters-sets-English-Threewood.jpg\" \/>\n\t<meta property=\"og:image:width\" content=\"1588\" \/>\n\t<meta property=\"og:image:height\" content=\"1588\" \/>\n\t<meta property=\"og:image:type\" content=\"image\/jpeg\" \/>\n<script type=\"application\/ld+json\" class=\"yoast-schema-graph\">{\"@context\":\"https:\/\/schema.org\",\"@graph\":[{\"@type\":\"WebPage\",\"@id\":\"https:\/\/teiaeducation.ch\/fr\/produit\/jeu-de-lettres-en-bois-anglais-threewood\/\",\"url\":\"https:\/\/teiaeducation.ch\/fr\/produit\/jeu-de-lettres-en-bois-anglais-threewood\/\",\"name\":\"Jeu de lettres en bois : Anglais - Threewood - Teia Education & Play\",\"isPartOf\":{\"@id\":\"https:\/\/teiaeducation.ch\/fr\/#website\"},\"primaryImageOfPage\":{\"@id\":\"https:\/\/teiaeducation.ch\/fr\/produit\/jeu-de-lettres-en-bois-anglais-threewood\/#primaryimage\"},\"image\":{\"@id\":\"https:\/\/teiaeducation.ch\/fr\/produit\/jeu-de-lettres-en-bois-anglais-threewood\/#primaryimage\"},\"thumbnailUrl\":\"https:\/\/teiaeducation.ch\/wp-content\/uploads\/2021\/03\/Wooden-letters-sets-English-Threewood.jpg\",\"datePublished\":\"2021-10-08T08:59:31+00:00\",\"dateModified\":\"2021-11-22T14:06:57+00:00\",\"description\":\"Le jeu de lettres en bois Threewood en anglais avec des lettres et des mots est un jouet d'apprentissage Montessori !\",\"breadcrumb\":{\"@id\":\"https:\/\/teiaeducation.ch\/fr\/produit\/jeu-de-lettres-en-bois-anglais-threewood\/#breadcrumb\"},\"inLanguage\":\"fr-FR\",\"potentialAction\":[{\"@type\":\"ReadAction\",\"target\":[\"https:\/\/teiaeducation.ch\/fr\/produit\/jeu-de-lettres-en-bois-anglais-threewood\/\"]}]},{\"@type\":\"ImageObject\",\"inLanguage\":\"fr-FR\",\"@id\":\"https:\/\/teiaeducation.ch\/fr\/produit\/jeu-de-lettres-en-bois-anglais-threewood\/#primaryimage\",\"url\":\"https:\/\/teiaeducation.ch\/wp-content\/uploads\/2021\/03\/Wooden-letters-sets-English-Threewood.jpg\",\"contentUrl\":\"https:\/\/teiaeducation.ch\/wp-content\/uploads\/2021\/03\/Wooden-letters-sets-English-Threewood.jpg\",\"width\":1588,\"height\":1588,\"caption\":\"Jouet d'apprentissage fabriqu\u00e9 \u00e0 la main et inspir\u00e9 de Montessori Jeu de lettres en bois anglais - Threewood\"},{\"@type\":\"BreadcrumbList\",\"@id\":\"https:\/\/teiaeducation.ch\/fr\/produit\/jeu-de-lettres-en-bois-anglais-threewood\/#breadcrumb\",\"itemListElement\":[{\"@type\":\"ListItem\",\"position\":1,\"name\":\"Home\",\"item\":\"https:\/\/teiaeducation.ch\/fr\/\"},{\"@type\":\"ListItem\",\"position\":2,\"name\":\"Boutique Teia Education &amp; Play\",\"item\":\"https:\/\/teiaeducation.ch\/fr\/boutique\/\"},{\"@type\":\"ListItem\",\"position\":3,\"name\":\"Domaines du Curriculum\",\"item\":\"https:\/\/teiaeducation.ch\/fr\/categorie-produit\/domaines-du-curriculum\/\"},{\"@type\":\"ListItem\",\"position\":4,\"name\":\"Alphab\u00e9tisation &amp; Langage\",\"item\":\"https:\/\/teiaeducation.ch\/fr\/categorie-produit\/domaines-du-curriculum\/alphabetisation-langage\/\"},{\"@type\":\"ListItem\",\"position\":5,\"name\":\"Apprendre \u00e0 \u00c9crire\",\"item\":\"https:\/\/teiaeducation.ch\/fr\/categorie-produit\/domaines-du-curriculum\/alphabetisation-langage\/apprendre-a-ecrire\/\"},{\"@type\":\"ListItem\",\"position\":6,\"name\":\"Jeu de lettres en bois : Anglais &#8211; Threewood\"}]},{\"@type\":\"WebSite\",\"@id\":\"https:\/\/teiaeducation.ch\/fr\/#website\",\"url\":\"https:\/\/teiaeducation.ch\/fr\/\",\"name\":\"Sustainable Educational Products &amp; Ecological Toys\u00a0\",\"description\":\"Specialised Swiss shop selling sustainable educational toys and games, AMI certified Montessori materials, handmade ecological wooden Waldorf toys and arts &amp; crafts supplies, school supplies, children&#039;s furniture and Montessori reference and parenting books.\",\"publisher\":{\"@id\":\"https:\/\/teiaeducation.ch\/fr\/#organization\"},\"alternateName\":\"Teia Education & Play\",\"potentialAction\":[{\"@type\":\"SearchAction\",\"target\":{\"@type\":\"EntryPoint\",\"urlTemplate\":\"https:\/\/teiaeducation.ch\/fr\/?s={search_term_string}\"},\"query-input\":{\"@type\":\"PropertyValueSpecification\",\"valueRequired\":true,\"valueName\":\"search_term_string\"}}],\"inLanguage\":\"fr-FR\"},{\"@type\":\"Organization\",\"@id\":\"https:\/\/teiaeducation.ch\/fr\/#organization\",\"name\":\"Teia Education & Play\",\"url\":\"https:\/\/teiaeducation.ch\/fr\/\",\"logo\":{\"@type\":\"ImageObject\",\"inLanguage\":\"fr-FR\",\"@id\":\"https:\/\/teiaeducation.ch\/fr\/#\/schema\/logo\/image\/\",\"url\":\"https:\/\/teiaeducation.ch\/wp-content\/uploads\/2020\/11\/Teia-Education-Switzerland-e1620156442216.jpg\",\"contentUrl\":\"https:\/\/teiaeducation.ch\/wp-content\/uploads\/2020\/11\/Teia-Education-Switzerland-e1620156442216.jpg\",\"width\":166,\"height\":145,\"caption\":\"Teia Education & Play\"},\"image\":{\"@id\":\"https:\/\/teiaeducation.ch\/fr\/#\/schema\/logo\/image\/\"},\"sameAs\":[\"https:\/\/www.facebook.com\/teiaeducation\/\",\"https:\/\/x.com\/EducationTeia\",\"https:\/\/www.instagram.com\/teia.education\/\",\"https:\/\/www.linkedin.com\/company\/35501660\",\"https:\/\/www.pinterest.ch\/TeiaEducation\/\"]}]}<\/script>\n<!-- \/ Yoast SEO plugin. -->","yoast_head_json":{"title":"Jeu de lettres en bois : Anglais - Threewood - Teia Education & Play","description":"Le jeu de lettres en bois Threewood en anglais avec des lettres et des mots est un jouet d'apprentissage Montessori !","robots":{"index":"index","follow":"follow","max-snippet":"max-snippet:-1","max-image-preview":"max-image-preview:large","max-video-preview":"max-video-preview:-1"},"canonical":"https:\/\/teiaeducation.ch\/fr\/produit\/jeu-de-lettres-en-bois-anglais-threewood\/","og_locale":"fr_FR","og_type":"article","og_title":"Jeu de lettres en bois : Anglais - Threewood - Teia Education & Play","og_description":"Le jeu de lettres en bois Threewood en anglais avec des lettres et des mots est un jouet d'apprentissage Montessori !","og_url":"https:\/\/teiaeducation.ch\/fr\/produit\/jeu-de-lettres-en-bois-anglais-threewood\/","og_site_name":"Sustainable Educational Products &amp; Ecological Toys\u00a0","article_publisher":"https:\/\/www.facebook.com\/teiaeducation\/","article_modified_time":"2021-11-22T14:06:57+00:00","og_image":[{"width":1588,"height":1588,"url":"https:\/\/teiaeducation.ch\/wp-content\/uploads\/2021\/03\/Wooden-letters-sets-English-Threewood.jpg","type":"image\/jpeg"}],"schema":{"@context":"https:\/\/schema.org","@graph":[{"@type":"WebPage","@id":"https:\/\/teiaeducation.ch\/fr\/produit\/jeu-de-lettres-en-bois-anglais-threewood\/","url":"https:\/\/teiaeducation.ch\/fr\/produit\/jeu-de-lettres-en-bois-anglais-threewood\/","name":"Jeu de lettres en bois : Anglais - Threewood - Teia Education & Play","isPartOf":{"@id":"https:\/\/teiaeducation.ch\/fr\/#website"},"primaryImageOfPage":{"@id":"https:\/\/teiaeducation.ch\/fr\/produit\/jeu-de-lettres-en-bois-anglais-threewood\/#primaryimage"},"image":{"@id":"https:\/\/teiaeducation.ch\/fr\/produit\/jeu-de-lettres-en-bois-anglais-threewood\/#primaryimage"},"thumbnailUrl":"https:\/\/teiaeducation.ch\/wp-content\/uploads\/2021\/03\/Wooden-letters-sets-English-Threewood.jpg","datePublished":"2021-10-08T08:59:31+00:00","dateModified":"2021-11-22T14:06:57+00:00","description":"Le jeu de lettres en bois Threewood en anglais avec des lettres et des mots est un jouet d'apprentissage Montessori !","breadcrumb":{"@id":"https:\/\/teiaeducation.ch\/fr\/produit\/jeu-de-lettres-en-bois-anglais-threewood\/#breadcrumb"},"inLanguage":"fr-FR","potentialAction":[{"@type":"ReadAction","target":["https:\/\/teiaeducation.ch\/fr\/produit\/jeu-de-lettres-en-bois-anglais-threewood\/"]}]},{"@type":"ImageObject","inLanguage":"fr-FR","@id":"https:\/\/teiaeducation.ch\/fr\/produit\/jeu-de-lettres-en-bois-anglais-threewood\/#primaryimage","url":"https:\/\/teiaeducation.ch\/wp-content\/uploads\/2021\/03\/Wooden-letters-sets-English-Threewood.jpg","contentUrl":"https:\/\/teiaeducation.ch\/wp-content\/uploads\/2021\/03\/Wooden-letters-sets-English-Threewood.jpg","width":1588,"height":1588,"caption":"Jouet d'apprentissage fabriqu\u00e9 \u00e0 la main et inspir\u00e9 de Montessori Jeu de lettres en bois anglais - Threewood"},{"@type":"BreadcrumbList","@id":"https:\/\/teiaeducation.ch\/fr\/produit\/jeu-de-lettres-en-bois-anglais-threewood\/#breadcrumb","itemListElement":[{"@type":"ListItem","position":1,"name":"Home","item":"https:\/\/teiaeducation.ch\/fr\/"},{"@type":"ListItem","position":2,"name":"Boutique Teia Education &amp; Play","item":"https:\/\/teiaeducation.ch\/fr\/boutique\/"},{"@type":"ListItem","position":3,"name":"Domaines du Curriculum","item":"https:\/\/teiaeducation.ch\/fr\/categorie-produit\/domaines-du-curriculum\/"},{"@type":"ListItem","position":4,"name":"Alphab\u00e9tisation &amp; Langage","item":"https:\/\/teiaeducation.ch\/fr\/categorie-produit\/domaines-du-curriculum\/alphabetisation-langage\/"},{"@type":"ListItem","position":5,"name":"Apprendre \u00e0 \u00c9crire","item":"https:\/\/teiaeducation.ch\/fr\/categorie-produit\/domaines-du-curriculum\/alphabetisation-langage\/apprendre-a-ecrire\/"},{"@type":"ListItem","position":6,"name":"Jeu de lettres en bois : Anglais &#8211; Threewood"}]},{"@type":"WebSite","@id":"https:\/\/teiaeducation.ch\/fr\/#website","url":"https:\/\/teiaeducation.ch\/fr\/","name":"Sustainable Educational Products &amp; Ecological Toys\u00a0","description":"Specialised Swiss shop selling sustainable educational toys and games, AMI certified Montessori materials, handmade ecological wooden Waldorf toys and arts &amp; crafts supplies, school supplies, children&#039;s furniture and Montessori reference and parenting books.","publisher":{"@id":"https:\/\/teiaeducation.ch\/fr\/#organization"},"alternateName":"Teia Education & Play","potentialAction":[{"@type":"SearchAction","target":{"@type":"EntryPoint","urlTemplate":"https:\/\/teiaeducation.ch\/fr\/?s={search_term_string}"},"query-input":{"@type":"PropertyValueSpecification","valueRequired":true,"valueName":"search_term_string"}}],"inLanguage":"fr-FR"},{"@type":"Organization","@id":"https:\/\/teiaeducation.ch\/fr\/#organization","name":"Teia Education & Play","url":"https:\/\/teiaeducation.ch\/fr\/","logo":{"@type":"ImageObject","inLanguage":"fr-FR","@id":"https:\/\/teiaeducation.ch\/fr\/#\/schema\/logo\/image\/","url":"https:\/\/teiaeducation.ch\/wp-content\/uploads\/2020\/11\/Teia-Education-Switzerland-e1620156442216.jpg","contentUrl":"https:\/\/teiaeducation.ch\/wp-content\/uploads\/2020\/11\/Teia-Education-Switzerland-e1620156442216.jpg","width":166,"height":145,"caption":"Teia Education & Play"},"image":{"@id":"https:\/\/teiaeducation.ch\/fr\/#\/schema\/logo\/image\/"},"sameAs":["https:\/\/www.facebook.com\/teiaeducation\/","https:\/\/x.com\/EducationTeia","https:\/\/www.instagram.com\/teia.education\/","https:\/\/www.linkedin.com\/company\/35501660","https:\/\/www.pinterest.ch\/TeiaEducation\/"]}]}},"_links":{"self":[{"href":"https:\/\/teiaeducation.ch\/fr\/wp-json\/wp\/v2\/product\/35129","targetHints":{"allow":["GET"]}}],"collection":[{"href":"https:\/\/teiaeducation.ch\/fr\/wp-json\/wp\/v2\/product"}],"about":[{"href":"https:\/\/teiaeducation.ch\/fr\/wp-json\/wp\/v2\/types\/product"}],"replies":[{"embeddable":true,"href":"https:\/\/teiaeducation.ch\/fr\/wp-json\/wp\/v2\/comments?post=35129"}],"wp:featuredmedia":[{"embeddable":true,"href":"https:\/\/teiaeducation.ch\/fr\/wp-json\/wp\/v2\/media\/34946"}],"wp:attachment":[{"href":"https:\/\/teiaeducation.ch\/fr\/wp-json\/wp\/v2\/media?parent=35129"}],"wp:term":[{"taxonomy":"product_brand","embeddable":true,"href":"https:\/\/teiaeducation.ch\/fr\/wp-json\/wp\/v2\/product_brand?post=35129"},{"taxonomy":"product_cat","embeddable":true,"href":"https:\/\/teiaeducation.ch\/fr\/wp-json\/wp\/v2\/product_cat?post=35129"},{"taxonomy":"product_tag","embeddable":true,"href":"https:\/\/teiaeducation.ch\/fr\/wp-json\/wp\/v2\/product_tag?post=35129"}],"curies":[{"name":"wp","href":"https:\/\/api.w.org\/{rel}","templated":true}]}}