{"id":35130,"date":"2021-10-08T11:00:49","date_gmt":"2021-10-08T09:00:49","guid":{"rendered":"https:\/\/teiaeducation.ch\/product\/planche-a-chiffres-en-bois-threewood\/"},"modified":"2025-09-23T21:45:40","modified_gmt":"2025-09-23T19:45:40","slug":"planche-a-chiffres-en-bois-threewood","status":"publish","type":"product","link":"https:\/\/teiaeducation.ch\/fr\/produit\/planche-a-chiffres-en-bois-threewood\/","title":{"rendered":"Planche \u00e0 chiffres en bois &#8211; Threewood"},"content":{"rendered":"<p>Planche \u00e0 chiffres r\u00e9versible en bois fabriqu\u00e9 \u00e0 la main avec des cartes r\u00e9versibles \/ Jouet d&#8217;apprentissage d&#8217;inspiration Montessori &#8211; Threewood<\/p>\n<p>La planche \u00e0 chiffres r\u00e9versible en bois de Threewood, avec ses boules de feutre color\u00e9es, est un merveilleux jouet d&#8217;apprentissage des math\u00e9matiques fait main pour les jeunes enfants !<\/p>\n<p>Les enfants s&#8217;amuseront beaucoup \u00e0 apprendre leurs chiffres et \u00e0 faire des calculs simples, m\u00eame s&#8217;ils apprennent encore \u00e0 \u00e9crire, en pla\u00e7ant les cartes de chiffres et les boules de feutre dans le tableau r\u00e9versible sculpt\u00e9 \u00e0 la main. Compter, calculer et reconna\u00eetre les chiffres devient un jeu amusant et pratique avec ce jouet \u00e9ducatif con\u00e7u et fabriqu\u00e9 avec amour, parfait pour l&#8217;apprentissage et le jeu Montessori \u00e0 la maison.<\/p>\n<p>Ce jouet d&#8217;apprentissage tactile, magnifiquement naturel et de tr\u00e8s haute qualit\u00e9, comprend une planche de jeu r\u00e9versible, avec au dos un support pour les chiffres et une planche, fabriqu\u00e9 \u00e0 la main en ch\u00eane massif, pour organiser les chiffres et les symboles, ainsi que pour placer les boules en feutre. Deux jeux de 5 cartes recto-verso (r\u00e9versibles) avec les chiffres de 1 \u00e0 10 et 2 cartes r\u00e9versibles avec les symboles math\u00e9matiques +, &#8211; ,= ainsi que 10 boules de feutre en laine fabriqu\u00e9es \u00e0 la main sont inclus dans un beau sac de rangement en lin.<\/p>\n<p>La planche \u00e0 chiffres en ch\u00eane massif est finie \u00e0 l&#8217;huile naturelle. Elle mesure 10 x 20 cm et 1,8 cm d&#8217;\u00e9paisseur Les cartes de chiffres sont fabriqu\u00e9s en contreplaqu\u00e9 et les boules en pure laine. L&#8217;ensemble de ce jeu de chiffres en bois est fabriqu\u00e9 \u00e0 la main en Ukraine.<\/p>\n<p>Threewood est une \u00e9quipe ukrainienne compos\u00e9e d&#8217;un mari et d&#8217;une femme, Yuriy et Olga, qui cr\u00e9ent d&#8217;\u00e9tonnants jouets et mat\u00e9riels d&#8217;apprentissage faits main, inspir\u00e9s de la p\u00e9dagogie <a href=\"https:\/\/teiaeducation.ch\/fr\/categorie-produit\/methode-deducation\/montessori-fr\/\">Montessori<\/a>. Le nom Threewood repr\u00e9sente leurs 3 enfants et la passion pour le travail du bois que Yuriy a h\u00e9rit\u00e9 de son p\u00e8re et de son grand-p\u00e8re. Ces jouets en bois fabriqu\u00e9s \u00e0 la main sont pour la plupart sculpt\u00e9s dans du ch\u00eane et sont de la plus haute qualit\u00e9 et conception, promettant long\u00e9vit\u00e9 et apprentissage ludique pour des g\u00e9n\u00e9rations !<\/p>\n<p>Contenu :<\/p>\n<p>1 planche \u00e0 chiffres r\u00e9versible en ch\u00eane<br \/>\n10 cartes \u00e0 chiffres recto-verso<br \/>\n4 cartes de symboles math\u00e9matiques \u00e0 recto-verso<br \/>\n10 boules de feutre en laine<br \/>\n1 sac en lin pour ranger les cartes de chiffres<\/p>\n","protected":false},"excerpt":{"rendered":"<p>Num\u00e9ro d&#8217;article: TW009<\/p>\n<p>La planche \u00e0 chiffres en bois Threewood avec des boules de feutre en laine pure est un merveilleux jouet d&#8217;apprentissage fait main et inspir\u00e9 de Montessori pour les jeunes enfants !<\/p>\n","protected":false},"featured_media":57467,"comment_status":"open","ping_status":"closed","template":"","meta":[],"product_brand":[],"product_cat":[8527,215,216,13128,22032,22344,283,8526,17241,17239,21257,13130,23020,22181,613,1220,23650,630,8567,288,7595,1218,217,5851,18894,212,612],"product_tag":[18899,18901,18898,18897,18903,18896,18904,18910,18895,18902,18900],"class_list":{"0":"post-35130","1":"product","2":"type-product","3":"status-publish","4":"has-post-thumbnail","6":"product_cat-3-6-ans-ecole-a-domicile","7":"product_cat-3-6-ans","8":"product_cat-6-12-ans","9":"product_cat-apprendre-a-compter","10":"product_cat-cadeaux-du-calendrier-de-lavent-et-de-noel","11":"product_cat-collections-saisonnieres","12":"product_cat-domaines-du-curriculum","13":"product_cat-fournitures-scolaires-a-domicile","14":"product_cat-guide-cadeaux-3-6-ans","15":"product_cat-guide-cadeaux-educatifs","16":"product_cat-guides-cadeaux","17":"product_cat-jouer","18":"product_cat-jouets-en-bois","19":"product_cat-jouets-montessori","20":"product_cat-laddition","21":"product_cat-traditionnelle","22":"product_cat-la-rentree-scolaire","23":"product_cat-nombres","24":"product_cat-materiel-scolaire-montessori","25":"product_cat-mathematiques-calcul","26":"product_cat-methode-deducation","27":"product_cat-montessori-fr","28":"product_cat-marques","29":"product_cat-nouveautes","30":"product_cat-threewood-fr","31":"product_cat-tranche-dage","32":"product_cat-vocabulaire-fr","33":"product_tag-fabrique-en-ukraine","34":"product_tag-jouet-dapprentissage-dinspiration-montessori","35":"product_tag-jouet-dapprentissage-de-lalphabet-en-bois","36":"product_tag-jouet-dapprentissage-en-bois-fabrique-a-la-main","37":"product_tag-jouet-dapprentissage-montessori-fabrique-a-la-main","38":"product_tag-jouets-montessori-de-threewood","39":"product_tag-lettres-et-mots-en-bois","40":"product_tag-planche-a-chiffres-en-bois-threewood","41":"product_tag-tableau-alphabetique-en-bois-anglais-threewood","42":"product_tag-tableau-alphabetique-en-bois-de-threewood","43":"product_tag-tableau-dalphabet-anglais-threewood","45":"first","46":"instock","47":"taxable","48":"shipping-taxable","49":"purchasable","50":"product-type-simple"},"yoast_head":"<!-- This site is optimized with the Yoast SEO plugin v27.3 - https:\/\/yoast.com\/product\/yoast-seo-wordpress\/ -->\n<title>Planche \u00e0 chiffres en bois - Threewood - Teia Education &amp; Play<\/title>\n<meta name=\"description\" content=\"La planche \u00e0 chiffres en bois Threewood avec des boules de feutre en laine pure est un merveilleux jouet d&#039;apprentissage Montessori.\" \/>\n<meta name=\"robots\" content=\"index, follow, max-snippet:-1, max-image-preview:large, max-video-preview:-1\" \/>\n<link rel=\"canonical\" href=\"https:\/\/teiaeducation.ch\/fr\/produit\/planche-a-chiffres-en-bois-threewood\/\" \/>\n<meta property=\"og:locale\" content=\"fr_FR\" \/>\n<meta property=\"og:type\" content=\"article\" \/>\n<meta property=\"og:title\" content=\"Planche \u00e0 chiffres en bois - Threewood - Teia Education &amp; Play\" \/>\n<meta property=\"og:description\" content=\"La planche \u00e0 chiffres en bois Threewood avec des boules de feutre en laine pure est un merveilleux jouet d&#039;apprentissage Montessori.\" \/>\n<meta property=\"og:url\" content=\"https:\/\/teiaeducation.ch\/fr\/produit\/planche-a-chiffres-en-bois-threewood\/\" \/>\n<meta property=\"og:site_name\" content=\"Sustainable Educational Products &amp; Ecological Toys\u00a0\" \/>\n<meta property=\"article:publisher\" content=\"https:\/\/www.facebook.com\/teiaeducation\/\" \/>\n<meta property=\"article:modified_time\" content=\"2025-09-23T19:45:40+00:00\" \/>\n<meta property=\"og:image\" content=\"https:\/\/teiaeducation.ch\/wp-content\/uploads\/2021\/10\/handmade-Montessori-inspired-learning-toy-Wooden-numbers-board-Threewood-scaled.webp\" \/>\n\t<meta property=\"og:image:width\" content=\"2048\" \/>\n\t<meta property=\"og:image:height\" content=\"1860\" \/>\n\t<meta property=\"og:image:type\" content=\"image\/webp\" \/>\n<script type=\"application\/ld+json\" class=\"yoast-schema-graph\">{\"@context\":\"https:\\\/\\\/schema.org\",\"@graph\":[{\"@type\":\"WebPage\",\"@id\":\"https:\\\/\\\/teiaeducation.ch\\\/fr\\\/produit\\\/planche-a-chiffres-en-bois-threewood\\\/\",\"url\":\"https:\\\/\\\/teiaeducation.ch\\\/fr\\\/produit\\\/planche-a-chiffres-en-bois-threewood\\\/\",\"name\":\"Planche \u00e0 chiffres en bois - Threewood - Teia Education & Play\",\"isPartOf\":{\"@id\":\"https:\\\/\\\/teiaeducation.ch\\\/fr\\\/#website\"},\"primaryImageOfPage\":{\"@id\":\"https:\\\/\\\/teiaeducation.ch\\\/fr\\\/produit\\\/planche-a-chiffres-en-bois-threewood\\\/#primaryimage\"},\"image\":{\"@id\":\"https:\\\/\\\/teiaeducation.ch\\\/fr\\\/produit\\\/planche-a-chiffres-en-bois-threewood\\\/#primaryimage\"},\"thumbnailUrl\":\"https:\\\/\\\/teiaeducation.ch\\\/wp-content\\\/uploads\\\/2021\\\/10\\\/handmade-Montessori-inspired-learning-toy-Wooden-numbers-board-Threewood-scaled.webp\",\"datePublished\":\"2021-10-08T09:00:49+00:00\",\"dateModified\":\"2025-09-23T19:45:40+00:00\",\"description\":\"La planche \u00e0 chiffres en bois Threewood avec des boules de feutre en laine pure est un merveilleux jouet d'apprentissage Montessori.\",\"breadcrumb\":{\"@id\":\"https:\\\/\\\/teiaeducation.ch\\\/fr\\\/produit\\\/planche-a-chiffres-en-bois-threewood\\\/#breadcrumb\"},\"inLanguage\":\"fr-FR\",\"potentialAction\":[{\"@type\":\"ReadAction\",\"target\":[\"https:\\\/\\\/teiaeducation.ch\\\/fr\\\/produit\\\/planche-a-chiffres-en-bois-threewood\\\/\"]}]},{\"@type\":\"ImageObject\",\"inLanguage\":\"fr-FR\",\"@id\":\"https:\\\/\\\/teiaeducation.ch\\\/fr\\\/produit\\\/planche-a-chiffres-en-bois-threewood\\\/#primaryimage\",\"url\":\"https:\\\/\\\/teiaeducation.ch\\\/wp-content\\\/uploads\\\/2021\\\/10\\\/handmade-Montessori-inspired-learning-toy-Wooden-numbers-board-Threewood-scaled.webp\",\"contentUrl\":\"https:\\\/\\\/teiaeducation.ch\\\/wp-content\\\/uploads\\\/2021\\\/10\\\/handmade-Montessori-inspired-learning-toy-Wooden-numbers-board-Threewood-scaled.webp\",\"width\":2048,\"height\":1860,\"caption\":\"handmade Montessori inspired learning toy Wooden numbers board Threewood\"},{\"@type\":\"BreadcrumbList\",\"@id\":\"https:\\\/\\\/teiaeducation.ch\\\/fr\\\/produit\\\/planche-a-chiffres-en-bois-threewood\\\/#breadcrumb\",\"itemListElement\":[{\"@type\":\"ListItem\",\"position\":1,\"name\":\"Home\",\"item\":\"https:\\\/\\\/teiaeducation.ch\\\/fr\\\/\"},{\"@type\":\"ListItem\",\"position\":2,\"name\":\"Boutique Teia Education &amp; Play\",\"item\":\"https:\\\/\\\/teiaeducation.ch\\\/fr\\\/boutique\\\/\"},{\"@type\":\"ListItem\",\"position\":3,\"name\":\"Domaines du Curriculum\",\"item\":\"https:\\\/\\\/teiaeducation.ch\\\/fr\\\/categorie-produit\\\/domaines-du-curriculum\\\/\"},{\"@type\":\"ListItem\",\"position\":4,\"name\":\"Math\u00e9matiques &amp; Calcul\",\"item\":\"https:\\\/\\\/teiaeducation.ch\\\/fr\\\/categorie-produit\\\/domaines-du-curriculum\\\/mathematiques-calcul\\\/\"},{\"@type\":\"ListItem\",\"position\":5,\"name\":\"Apprendre \u00e0 Compter\",\"item\":\"https:\\\/\\\/teiaeducation.ch\\\/fr\\\/categorie-produit\\\/domaines-du-curriculum\\\/mathematiques-calcul\\\/apprendre-a-compter\\\/\"},{\"@type\":\"ListItem\",\"position\":6,\"name\":\"Planche \u00e0 chiffres en bois &#8211; Threewood\"}]},{\"@type\":\"WebSite\",\"@id\":\"https:\\\/\\\/teiaeducation.ch\\\/fr\\\/#website\",\"url\":\"https:\\\/\\\/teiaeducation.ch\\\/fr\\\/\",\"name\":\"Sustainable Educational Products &amp; Ecological Toys\u00a0\",\"description\":\"Specialised Swiss shop selling sustainable educational toys and games, AMI certified Montessori materials, handmade ecological wooden Waldorf toys and arts &amp; crafts supplies, school supplies, children&#039;s furniture and Montessori reference and parenting books.\",\"publisher\":{\"@id\":\"https:\\\/\\\/teiaeducation.ch\\\/fr\\\/#organization\"},\"alternateName\":\"Teia Education & Play\",\"potentialAction\":[{\"@type\":\"SearchAction\",\"target\":{\"@type\":\"EntryPoint\",\"urlTemplate\":\"https:\\\/\\\/teiaeducation.ch\\\/fr\\\/?s={search_term_string}\"},\"query-input\":{\"@type\":\"PropertyValueSpecification\",\"valueRequired\":true,\"valueName\":\"search_term_string\"}}],\"inLanguage\":\"fr-FR\"},{\"@type\":\"Organization\",\"@id\":\"https:\\\/\\\/teiaeducation.ch\\\/fr\\\/#organization\",\"name\":\"Teia Education & Play\",\"url\":\"https:\\\/\\\/teiaeducation.ch\\\/fr\\\/\",\"logo\":{\"@type\":\"ImageObject\",\"inLanguage\":\"fr-FR\",\"@id\":\"https:\\\/\\\/teiaeducation.ch\\\/fr\\\/#\\\/schema\\\/logo\\\/image\\\/\",\"url\":\"https:\\\/\\\/teiaeducation.ch\\\/wp-content\\\/uploads\\\/2020\\\/11\\\/Teia-Education-Switzerland-e1620156442216.jpg\",\"contentUrl\":\"https:\\\/\\\/teiaeducation.ch\\\/wp-content\\\/uploads\\\/2020\\\/11\\\/Teia-Education-Switzerland-e1620156442216.jpg\",\"width\":166,\"height\":145,\"caption\":\"Teia Education & Play\"},\"image\":{\"@id\":\"https:\\\/\\\/teiaeducation.ch\\\/fr\\\/#\\\/schema\\\/logo\\\/image\\\/\"},\"sameAs\":[\"https:\\\/\\\/www.facebook.com\\\/teiaeducation\\\/\",\"https:\\\/\\\/x.com\\\/EducationTeia\",\"https:\\\/\\\/www.instagram.com\\\/teia.education\\\/\",\"https:\\\/\\\/www.linkedin.com\\\/company\\\/35501660\",\"https:\\\/\\\/www.pinterest.ch\\\/TeiaEducation\\\/\"]}]}<\/script>\n<!-- \/ Yoast SEO plugin. -->","yoast_head_json":{"title":"Planche \u00e0 chiffres en bois - Threewood - Teia Education & Play","description":"La planche \u00e0 chiffres en bois Threewood avec des boules de feutre en laine pure est un merveilleux jouet d'apprentissage Montessori.","robots":{"index":"index","follow":"follow","max-snippet":"max-snippet:-1","max-image-preview":"max-image-preview:large","max-video-preview":"max-video-preview:-1"},"canonical":"https:\/\/teiaeducation.ch\/fr\/produit\/planche-a-chiffres-en-bois-threewood\/","og_locale":"fr_FR","og_type":"article","og_title":"Planche \u00e0 chiffres en bois - Threewood - Teia Education & Play","og_description":"La planche \u00e0 chiffres en bois Threewood avec des boules de feutre en laine pure est un merveilleux jouet d'apprentissage Montessori.","og_url":"https:\/\/teiaeducation.ch\/fr\/produit\/planche-a-chiffres-en-bois-threewood\/","og_site_name":"Sustainable Educational Products &amp; Ecological Toys\u00a0","article_publisher":"https:\/\/www.facebook.com\/teiaeducation\/","article_modified_time":"2025-09-23T19:45:40+00:00","og_image":[{"width":2048,"height":1860,"url":"https:\/\/teiaeducation.ch\/wp-content\/uploads\/2021\/10\/handmade-Montessori-inspired-learning-toy-Wooden-numbers-board-Threewood-scaled.webp","type":"image\/webp"}],"schema":{"@context":"https:\/\/schema.org","@graph":[{"@type":"WebPage","@id":"https:\/\/teiaeducation.ch\/fr\/produit\/planche-a-chiffres-en-bois-threewood\/","url":"https:\/\/teiaeducation.ch\/fr\/produit\/planche-a-chiffres-en-bois-threewood\/","name":"Planche \u00e0 chiffres en bois - Threewood - Teia Education & Play","isPartOf":{"@id":"https:\/\/teiaeducation.ch\/fr\/#website"},"primaryImageOfPage":{"@id":"https:\/\/teiaeducation.ch\/fr\/produit\/planche-a-chiffres-en-bois-threewood\/#primaryimage"},"image":{"@id":"https:\/\/teiaeducation.ch\/fr\/produit\/planche-a-chiffres-en-bois-threewood\/#primaryimage"},"thumbnailUrl":"https:\/\/teiaeducation.ch\/wp-content\/uploads\/2021\/10\/handmade-Montessori-inspired-learning-toy-Wooden-numbers-board-Threewood-scaled.webp","datePublished":"2021-10-08T09:00:49+00:00","dateModified":"2025-09-23T19:45:40+00:00","description":"La planche \u00e0 chiffres en bois Threewood avec des boules de feutre en laine pure est un merveilleux jouet d'apprentissage Montessori.","breadcrumb":{"@id":"https:\/\/teiaeducation.ch\/fr\/produit\/planche-a-chiffres-en-bois-threewood\/#breadcrumb"},"inLanguage":"fr-FR","potentialAction":[{"@type":"ReadAction","target":["https:\/\/teiaeducation.ch\/fr\/produit\/planche-a-chiffres-en-bois-threewood\/"]}]},{"@type":"ImageObject","inLanguage":"fr-FR","@id":"https:\/\/teiaeducation.ch\/fr\/produit\/planche-a-chiffres-en-bois-threewood\/#primaryimage","url":"https:\/\/teiaeducation.ch\/wp-content\/uploads\/2021\/10\/handmade-Montessori-inspired-learning-toy-Wooden-numbers-board-Threewood-scaled.webp","contentUrl":"https:\/\/teiaeducation.ch\/wp-content\/uploads\/2021\/10\/handmade-Montessori-inspired-learning-toy-Wooden-numbers-board-Threewood-scaled.webp","width":2048,"height":1860,"caption":"handmade Montessori inspired learning toy Wooden numbers board Threewood"},{"@type":"BreadcrumbList","@id":"https:\/\/teiaeducation.ch\/fr\/produit\/planche-a-chiffres-en-bois-threewood\/#breadcrumb","itemListElement":[{"@type":"ListItem","position":1,"name":"Home","item":"https:\/\/teiaeducation.ch\/fr\/"},{"@type":"ListItem","position":2,"name":"Boutique Teia Education &amp; Play","item":"https:\/\/teiaeducation.ch\/fr\/boutique\/"},{"@type":"ListItem","position":3,"name":"Domaines du Curriculum","item":"https:\/\/teiaeducation.ch\/fr\/categorie-produit\/domaines-du-curriculum\/"},{"@type":"ListItem","position":4,"name":"Math\u00e9matiques &amp; Calcul","item":"https:\/\/teiaeducation.ch\/fr\/categorie-produit\/domaines-du-curriculum\/mathematiques-calcul\/"},{"@type":"ListItem","position":5,"name":"Apprendre \u00e0 Compter","item":"https:\/\/teiaeducation.ch\/fr\/categorie-produit\/domaines-du-curriculum\/mathematiques-calcul\/apprendre-a-compter\/"},{"@type":"ListItem","position":6,"name":"Planche \u00e0 chiffres en bois &#8211; Threewood"}]},{"@type":"WebSite","@id":"https:\/\/teiaeducation.ch\/fr\/#website","url":"https:\/\/teiaeducation.ch\/fr\/","name":"Sustainable Educational Products &amp; Ecological Toys\u00a0","description":"Specialised Swiss shop selling sustainable educational toys and games, AMI certified Montessori materials, handmade ecological wooden Waldorf toys and arts &amp; crafts supplies, school supplies, children&#039;s furniture and Montessori reference and parenting books.","publisher":{"@id":"https:\/\/teiaeducation.ch\/fr\/#organization"},"alternateName":"Teia Education & Play","potentialAction":[{"@type":"SearchAction","target":{"@type":"EntryPoint","urlTemplate":"https:\/\/teiaeducation.ch\/fr\/?s={search_term_string}"},"query-input":{"@type":"PropertyValueSpecification","valueRequired":true,"valueName":"search_term_string"}}],"inLanguage":"fr-FR"},{"@type":"Organization","@id":"https:\/\/teiaeducation.ch\/fr\/#organization","name":"Teia Education & Play","url":"https:\/\/teiaeducation.ch\/fr\/","logo":{"@type":"ImageObject","inLanguage":"fr-FR","@id":"https:\/\/teiaeducation.ch\/fr\/#\/schema\/logo\/image\/","url":"https:\/\/teiaeducation.ch\/wp-content\/uploads\/2020\/11\/Teia-Education-Switzerland-e1620156442216.jpg","contentUrl":"https:\/\/teiaeducation.ch\/wp-content\/uploads\/2020\/11\/Teia-Education-Switzerland-e1620156442216.jpg","width":166,"height":145,"caption":"Teia Education & Play"},"image":{"@id":"https:\/\/teiaeducation.ch\/fr\/#\/schema\/logo\/image\/"},"sameAs":["https:\/\/www.facebook.com\/teiaeducation\/","https:\/\/x.com\/EducationTeia","https:\/\/www.instagram.com\/teia.education\/","https:\/\/www.linkedin.com\/company\/35501660","https:\/\/www.pinterest.ch\/TeiaEducation\/"]}]}},"_links":{"self":[{"href":"https:\/\/teiaeducation.ch\/fr\/wp-json\/wp\/v2\/product\/35130","targetHints":{"allow":["GET"]}}],"collection":[{"href":"https:\/\/teiaeducation.ch\/fr\/wp-json\/wp\/v2\/product"}],"about":[{"href":"https:\/\/teiaeducation.ch\/fr\/wp-json\/wp\/v2\/types\/product"}],"replies":[{"embeddable":true,"href":"https:\/\/teiaeducation.ch\/fr\/wp-json\/wp\/v2\/comments?post=35130"}],"wp:featuredmedia":[{"embeddable":true,"href":"https:\/\/teiaeducation.ch\/fr\/wp-json\/wp\/v2\/media\/57467"}],"wp:attachment":[{"href":"https:\/\/teiaeducation.ch\/fr\/wp-json\/wp\/v2\/media?parent=35130"}],"wp:term":[{"taxonomy":"product_brand","embeddable":true,"href":"https:\/\/teiaeducation.ch\/fr\/wp-json\/wp\/v2\/product_brand?post=35130"},{"taxonomy":"product_cat","embeddable":true,"href":"https:\/\/teiaeducation.ch\/fr\/wp-json\/wp\/v2\/product_cat?post=35130"},{"taxonomy":"product_tag","embeddable":true,"href":"https:\/\/teiaeducation.ch\/fr\/wp-json\/wp\/v2\/product_tag?post=35130"}],"curies":[{"name":"wp","href":"https:\/\/api.w.org\/{rel}","templated":true}]}}