{"id":35133,"date":"2022-03-17T14:50:19","date_gmt":"2022-03-17T13:50:19","guid":{"rendered":"https:\/\/teiaeducation.ch\/product\/livre-si-tu-descends-dans-les-bois-aujourdhui-rachel-piercey\/"},"modified":"2021-05-08T14:31:36","modified_gmt":"2021-05-08T12:31:36","slug":"if-you-go-down-to-the-woods-today-rachel-piercey","status":"publish","type":"product","link":"https:\/\/teiaeducation.ch\/fr\/produit\/if-you-go-down-to-the-woods-today-rachel-piercey\/","title":{"rendered":"If you go down to the woods today &#8211; Rachel Piercey"},"content":{"rendered":"<div class=\"Rte\">\n<p>Poetry book if you go down to the woods today (Livre de po\u00e9sie si tu descends dans les bois aujourd&#8217;hui) de Rachel Piercey<\/p>\n<p>If you go down to the woods today \u00e9crit par Rachel Piercey est un beau livre de po\u00e9sie, explorant une ann\u00e9e magique dans les bois. D\u00e9couvre les merveilles quotidiennes de la nature et le passage des saisons dans ce <a href=\"https:\/\/teiaeducation.ch\/fr\/categorie-produit\/appui-au-curriculum\/livres-appui-au-curriculum\/\">livre<\/a> cartonn\u00e9 magnifiquement illustr\u00e9.<\/p>\n<p>Avec son grand format de 31 x 25,6 cm, si tu descends dans les bois aujourd&#8217;hui pr\u00e9sente 20 tableaux r\u00e9parti sur deux pages, chacune consacr\u00e9e \u00e0 des \u00e9v\u00e9nements cl\u00e9s ou \u00e0 des rites de passage dans la journ\u00e9e d&#8217;un enfant, qui sont rendus vivants par les charmants amis des bois de l&#8217;illustratrice Freya Hartas.<\/p>\n<p>Rejoigne l&#8217;ours dans son voyage du printemps \u00e0 l&#8217;hiver avec de nombreux amis \u00e0 rencontrer, des endroits \u00e0 explorer et des choses \u00e0 rep\u00e9rer en chemin dans les bois !<\/p>\n<p>If you go down to the woods today est recommand\u00e9e pour les enfants de tous \u00e2ges.<\/p>\n<p>Rachel Piercey est po\u00e8te, \u00e9ditrice et tutrice ind\u00e9pendante. Elle a co\u00e9dit\u00e9 trois anthologies de po\u00e9sie pour enfants avec Emma Press, pr\u00e9sente r\u00e9guli\u00e8rement ses \u0153uvres et anime des ateliers de po\u00e9sie dans les \u00e9coles primaires. Les po\u00e8mes pour adultes de Rachel ont \u00e9t\u00e9 publi\u00e9s dans diverses revues comme The Poetry Review, Magma et The Rialto, ainsi que dans deux brochures chez Emma Press et une chez HappenStance. Elle vit \u00e0 Londres.<\/p>\n<p>Freya Hartas est une illustratrice bas\u00e9e au Royaume-Uni, sp\u00e9cialis\u00e9e dans les livres pour enfants, et l&#8217;illustratrice du best-seller <a href=\"https:\/\/teiaeducation.ch\/fr\/produit\/livre-slow-down-rachel-williams\/\">Slow Down<\/a>. Elle vit dans la ville dynamique de Bristol avec son partenaire et leur vieux chat noir Katsu et travaille depuis son bureau confortable et encombr\u00e9 dans un studio partag\u00e9 en bas de la rue. Elle est dipl\u00f4m\u00e9e de l&#8217;universit\u00e9 de Falmouth avec une mention tr\u00e8s bien en illustration BA en 2014. Freya adore faire appara\u00eetre des personnages, des animaux et des monstres pleins d&#8217;humour, en cr\u00e9ant les mondes les plus fantastiques pour qu&#8217;ils puissent y vivre et s&#8217;y perdre.<\/p>\n<p>Le livre if you go down to the woods today est publi\u00e9 par Magic Cat Publishing (date de sortie : mars 2021) et contient de belles illustrations de Freya Hartas.<\/p>\n<p>Contenu :<\/p>\n<p>1 livre cartonn\u00e9 en anglais, 40 pages \/ 20 tableaux.<\/p>\n<\/div>\n","protected":false},"excerpt":{"rendered":"<p>Num\u00e9ro d&#8217;article : 34923929<\/p>\n<p>If you go down to the woods today \u00e9crit par Rachel Piercey est un beau livre de po\u00e9sie, qui explore une ann\u00e9e magique dans les bois.<\/p>\n","protected":false},"featured_media":35102,"comment_status":"open","ping_status":"closed","template":"","meta":[],"product_brand":[],"product_cat":[8527,215,8580,216,285,605,16898,22343,18893,22344,284,17223,283,18919,593,8526,592,21258,21257,22421,18913,13130,1220,20663,18912,20662,8567,7595,217,5851,598,292,212,1219],"product_tag":[18922,18916,18917,18911,18920,18915,18918,18921,18914],"class_list":{"0":"post-35133","1":"product","2":"type-product","3":"status-publish","4":"has-post-thumbnail","6":"product_cat-3-6-ans-ecole-a-domicile","7":"product_cat-3-6-ans","8":"product_cat-6-12-ans-ecole-a-domicile","9":"product_cat-6-12-ans","10":"product_cat-alphabetisation-langage","11":"product_cat-apprendre-a-lire","12":"product_cat-collection-automne","13":"product_cat-collection-hiver","14":"product_cat-collection-printemps","15":"product_cat-collections-saisonnieres","16":"product_cat-culture-sciences","17":"product_cat-cycles-de-vie","18":"product_cat-domaines-du-curriculum","19":"product_cat-editions-magic-cat","20":"product_cat-etudes-botaniques","21":"product_cat-fournitures-scolaires-a-domicile","22":"product_cat-geographie-animale","23":"product_cat-guide-cadeaux-livres","24":"product_cat-guides-cadeaux","25":"product_cat-idees-cadeaux-pour-paques","26":"product_cat-jeu-de-la-nature","27":"product_cat-jouer","28":"product_cat-traditionnelle","29":"product_cat-livres-de-contes","30":"product_cat-livres-pour-enfants","31":"product_cat-livres-saisonniers","32":"product_cat-materiel-scolaire-montessori","33":"product_cat-methode-deducation","34":"product_cat-marques","35":"product_cat-nouveautes","36":"product_cat-saisons-meteo","37":"product_cat-appui-au-curriculum","38":"product_cat-tranche-dage","39":"product_cat-waldorf-fr","40":"product_tag-freya-hartas-fr","41":"product_tag-histoires-de-la-nature","42":"product_tag-histoires-de-la-nature-pour-les-enfants","43":"product_tag-livre-de-lenfance-lente","44":"product_tag-livre-de-poesie-si-vous-descendez-dans-les-bois-aujourdhui-par-rachel-piercey","45":"product_tag-livre-pour-enfants-slow-down","46":"product_tag-livres-calmes-pour-enfants","47":"product_tag-rachel-piercey-fr","48":"product_tag-ralentissez-rachel-williams","50":"first","51":"instock","52":"taxable","53":"shipping-taxable","54":"purchasable","55":"product-type-simple"},"yoast_head":"<!-- This site is optimized with the Yoast SEO plugin v27.1.1 - https:\/\/yoast.com\/product\/yoast-seo-wordpress\/ -->\n<title>If you go down to the woods today - Rachel Piercey<\/title>\n<meta name=\"description\" content=\"If you go down to the woods today \u00e9crit par Rachel Piercey est un beau livre de po\u00e9sie, qui explore une ann\u00e9e magique dans les bois.\" \/>\n<meta name=\"robots\" content=\"index, follow, max-snippet:-1, max-image-preview:large, max-video-preview:-1\" \/>\n<link rel=\"canonical\" href=\"https:\/\/teiaeducation.ch\/fr\/produit\/if-you-go-down-to-the-woods-today-rachel-piercey\/\" \/>\n<meta property=\"og:locale\" content=\"fr_FR\" \/>\n<meta property=\"og:type\" content=\"article\" \/>\n<meta property=\"og:title\" content=\"If you go down to the woods today - Rachel Piercey\" \/>\n<meta property=\"og:description\" content=\"If you go down to the woods today \u00e9crit par Rachel Piercey est un beau livre de po\u00e9sie, qui explore une ann\u00e9e magique dans les bois.\" \/>\n<meta property=\"og:url\" content=\"https:\/\/teiaeducation.ch\/fr\/produit\/if-you-go-down-to-the-woods-today-rachel-piercey\/\" \/>\n<meta property=\"og:site_name\" content=\"Sustainable Educational Products &amp; Ecological Toys\u00a0\" \/>\n<meta property=\"article:publisher\" content=\"https:\/\/www.facebook.com\/teiaeducation\/\" \/>\n<meta property=\"og:image\" content=\"https:\/\/teiaeducation.ch\/wp-content\/uploads\/2021\/04\/Book-if-you-go-down-to-the-woods-today-by-Rachel-Piercey.jpg\" \/>\n\t<meta property=\"og:image:width\" content=\"1200\" \/>\n\t<meta property=\"og:image:height\" content=\"1200\" \/>\n\t<meta property=\"og:image:type\" content=\"image\/jpeg\" \/>\n<script type=\"application\/ld+json\" class=\"yoast-schema-graph\">{\"@context\":\"https:\/\/schema.org\",\"@graph\":[{\"@type\":\"WebPage\",\"@id\":\"https:\/\/teiaeducation.ch\/fr\/produit\/if-you-go-down-to-the-woods-today-rachel-piercey\/\",\"url\":\"https:\/\/teiaeducation.ch\/fr\/produit\/if-you-go-down-to-the-woods-today-rachel-piercey\/\",\"name\":\"If you go down to the woods today - Rachel Piercey\",\"isPartOf\":{\"@id\":\"https:\/\/teiaeducation.ch\/fr\/#website\"},\"primaryImageOfPage\":{\"@id\":\"https:\/\/teiaeducation.ch\/fr\/produit\/if-you-go-down-to-the-woods-today-rachel-piercey\/#primaryimage\"},\"image\":{\"@id\":\"https:\/\/teiaeducation.ch\/fr\/produit\/if-you-go-down-to-the-woods-today-rachel-piercey\/#primaryimage\"},\"thumbnailUrl\":\"https:\/\/teiaeducation.ch\/wp-content\/uploads\/2021\/04\/Book-if-you-go-down-to-the-woods-today-by-Rachel-Piercey.jpg\",\"datePublished\":\"2022-03-17T13:50:19+00:00\",\"description\":\"If you go down to the woods today \u00e9crit par Rachel Piercey est un beau livre de po\u00e9sie, qui explore une ann\u00e9e magique dans les bois.\",\"breadcrumb\":{\"@id\":\"https:\/\/teiaeducation.ch\/fr\/produit\/if-you-go-down-to-the-woods-today-rachel-piercey\/#breadcrumb\"},\"inLanguage\":\"fr-FR\",\"potentialAction\":[{\"@type\":\"ReadAction\",\"target\":[\"https:\/\/teiaeducation.ch\/fr\/produit\/if-you-go-down-to-the-woods-today-rachel-piercey\/\"]}]},{\"@type\":\"ImageObject\",\"inLanguage\":\"fr-FR\",\"@id\":\"https:\/\/teiaeducation.ch\/fr\/produit\/if-you-go-down-to-the-woods-today-rachel-piercey\/#primaryimage\",\"url\":\"https:\/\/teiaeducation.ch\/wp-content\/uploads\/2021\/04\/Book-if-you-go-down-to-the-woods-today-by-Rachel-Piercey.jpg\",\"contentUrl\":\"https:\/\/teiaeducation.ch\/wp-content\/uploads\/2021\/04\/Book-if-you-go-down-to-the-woods-today-by-Rachel-Piercey.jpg\",\"width\":1200,\"height\":1200,\"caption\":\"Poetry book If you go down to the woods today - Rachel Piercey\"},{\"@type\":\"BreadcrumbList\",\"@id\":\"https:\/\/teiaeducation.ch\/fr\/produit\/if-you-go-down-to-the-woods-today-rachel-piercey\/#breadcrumb\",\"itemListElement\":[{\"@type\":\"ListItem\",\"position\":1,\"name\":\"Home\",\"item\":\"https:\/\/teiaeducation.ch\/fr\/\"},{\"@type\":\"ListItem\",\"position\":2,\"name\":\"Boutique Teia Education &amp; Play\",\"item\":\"https:\/\/teiaeducation.ch\/fr\/boutique\/\"},{\"@type\":\"ListItem\",\"position\":3,\"name\":\"Domaines du Curriculum\",\"item\":\"https:\/\/teiaeducation.ch\/fr\/categorie-produit\/domaines-du-curriculum\/\"},{\"@type\":\"ListItem\",\"position\":4,\"name\":\"Alphab\u00e9tisation &amp; Langage\",\"item\":\"https:\/\/teiaeducation.ch\/fr\/categorie-produit\/domaines-du-curriculum\/alphabetisation-langage\/\"},{\"@type\":\"ListItem\",\"position\":5,\"name\":\"Apprendre \u00e0 Lire\",\"item\":\"https:\/\/teiaeducation.ch\/fr\/categorie-produit\/domaines-du-curriculum\/alphabetisation-langage\/apprendre-a-lire\/\"},{\"@type\":\"ListItem\",\"position\":6,\"name\":\"If you go down to the woods today &#8211; Rachel Piercey\"}]},{\"@type\":\"WebSite\",\"@id\":\"https:\/\/teiaeducation.ch\/fr\/#website\",\"url\":\"https:\/\/teiaeducation.ch\/fr\/\",\"name\":\"Sustainable Educational Products &amp; Ecological Toys\u00a0\",\"description\":\"Specialised Swiss shop selling sustainable educational toys and games, AMI certified Montessori materials, handmade ecological wooden Waldorf toys and arts &amp; crafts supplies, school supplies, children&#039;s furniture and Montessori reference and parenting books.\",\"publisher\":{\"@id\":\"https:\/\/teiaeducation.ch\/fr\/#organization\"},\"alternateName\":\"Teia Education & Play\",\"potentialAction\":[{\"@type\":\"SearchAction\",\"target\":{\"@type\":\"EntryPoint\",\"urlTemplate\":\"https:\/\/teiaeducation.ch\/fr\/?s={search_term_string}\"},\"query-input\":{\"@type\":\"PropertyValueSpecification\",\"valueRequired\":true,\"valueName\":\"search_term_string\"}}],\"inLanguage\":\"fr-FR\"},{\"@type\":\"Organization\",\"@id\":\"https:\/\/teiaeducation.ch\/fr\/#organization\",\"name\":\"Teia Education & Play\",\"url\":\"https:\/\/teiaeducation.ch\/fr\/\",\"logo\":{\"@type\":\"ImageObject\",\"inLanguage\":\"fr-FR\",\"@id\":\"https:\/\/teiaeducation.ch\/fr\/#\/schema\/logo\/image\/\",\"url\":\"https:\/\/teiaeducation.ch\/wp-content\/uploads\/2020\/11\/Teia-Education-Switzerland-e1620156442216.jpg\",\"contentUrl\":\"https:\/\/teiaeducation.ch\/wp-content\/uploads\/2020\/11\/Teia-Education-Switzerland-e1620156442216.jpg\",\"width\":166,\"height\":145,\"caption\":\"Teia Education & Play\"},\"image\":{\"@id\":\"https:\/\/teiaeducation.ch\/fr\/#\/schema\/logo\/image\/\"},\"sameAs\":[\"https:\/\/www.facebook.com\/teiaeducation\/\",\"https:\/\/x.com\/EducationTeia\",\"https:\/\/www.instagram.com\/teia.education\/\",\"https:\/\/www.linkedin.com\/company\/35501660\",\"https:\/\/www.pinterest.ch\/TeiaEducation\/\"]}]}<\/script>\n<!-- \/ Yoast SEO plugin. -->","yoast_head_json":{"title":"If you go down to the woods today - Rachel Piercey","description":"If you go down to the woods today \u00e9crit par Rachel Piercey est un beau livre de po\u00e9sie, qui explore une ann\u00e9e magique dans les bois.","robots":{"index":"index","follow":"follow","max-snippet":"max-snippet:-1","max-image-preview":"max-image-preview:large","max-video-preview":"max-video-preview:-1"},"canonical":"https:\/\/teiaeducation.ch\/fr\/produit\/if-you-go-down-to-the-woods-today-rachel-piercey\/","og_locale":"fr_FR","og_type":"article","og_title":"If you go down to the woods today - Rachel Piercey","og_description":"If you go down to the woods today \u00e9crit par Rachel Piercey est un beau livre de po\u00e9sie, qui explore une ann\u00e9e magique dans les bois.","og_url":"https:\/\/teiaeducation.ch\/fr\/produit\/if-you-go-down-to-the-woods-today-rachel-piercey\/","og_site_name":"Sustainable Educational Products &amp; Ecological Toys\u00a0","article_publisher":"https:\/\/www.facebook.com\/teiaeducation\/","og_image":[{"width":1200,"height":1200,"url":"https:\/\/teiaeducation.ch\/wp-content\/uploads\/2021\/04\/Book-if-you-go-down-to-the-woods-today-by-Rachel-Piercey.jpg","type":"image\/jpeg"}],"schema":{"@context":"https:\/\/schema.org","@graph":[{"@type":"WebPage","@id":"https:\/\/teiaeducation.ch\/fr\/produit\/if-you-go-down-to-the-woods-today-rachel-piercey\/","url":"https:\/\/teiaeducation.ch\/fr\/produit\/if-you-go-down-to-the-woods-today-rachel-piercey\/","name":"If you go down to the woods today - Rachel Piercey","isPartOf":{"@id":"https:\/\/teiaeducation.ch\/fr\/#website"},"primaryImageOfPage":{"@id":"https:\/\/teiaeducation.ch\/fr\/produit\/if-you-go-down-to-the-woods-today-rachel-piercey\/#primaryimage"},"image":{"@id":"https:\/\/teiaeducation.ch\/fr\/produit\/if-you-go-down-to-the-woods-today-rachel-piercey\/#primaryimage"},"thumbnailUrl":"https:\/\/teiaeducation.ch\/wp-content\/uploads\/2021\/04\/Book-if-you-go-down-to-the-woods-today-by-Rachel-Piercey.jpg","datePublished":"2022-03-17T13:50:19+00:00","description":"If you go down to the woods today \u00e9crit par Rachel Piercey est un beau livre de po\u00e9sie, qui explore une ann\u00e9e magique dans les bois.","breadcrumb":{"@id":"https:\/\/teiaeducation.ch\/fr\/produit\/if-you-go-down-to-the-woods-today-rachel-piercey\/#breadcrumb"},"inLanguage":"fr-FR","potentialAction":[{"@type":"ReadAction","target":["https:\/\/teiaeducation.ch\/fr\/produit\/if-you-go-down-to-the-woods-today-rachel-piercey\/"]}]},{"@type":"ImageObject","inLanguage":"fr-FR","@id":"https:\/\/teiaeducation.ch\/fr\/produit\/if-you-go-down-to-the-woods-today-rachel-piercey\/#primaryimage","url":"https:\/\/teiaeducation.ch\/wp-content\/uploads\/2021\/04\/Book-if-you-go-down-to-the-woods-today-by-Rachel-Piercey.jpg","contentUrl":"https:\/\/teiaeducation.ch\/wp-content\/uploads\/2021\/04\/Book-if-you-go-down-to-the-woods-today-by-Rachel-Piercey.jpg","width":1200,"height":1200,"caption":"Poetry book If you go down to the woods today - Rachel Piercey"},{"@type":"BreadcrumbList","@id":"https:\/\/teiaeducation.ch\/fr\/produit\/if-you-go-down-to-the-woods-today-rachel-piercey\/#breadcrumb","itemListElement":[{"@type":"ListItem","position":1,"name":"Home","item":"https:\/\/teiaeducation.ch\/fr\/"},{"@type":"ListItem","position":2,"name":"Boutique Teia Education &amp; Play","item":"https:\/\/teiaeducation.ch\/fr\/boutique\/"},{"@type":"ListItem","position":3,"name":"Domaines du Curriculum","item":"https:\/\/teiaeducation.ch\/fr\/categorie-produit\/domaines-du-curriculum\/"},{"@type":"ListItem","position":4,"name":"Alphab\u00e9tisation &amp; Langage","item":"https:\/\/teiaeducation.ch\/fr\/categorie-produit\/domaines-du-curriculum\/alphabetisation-langage\/"},{"@type":"ListItem","position":5,"name":"Apprendre \u00e0 Lire","item":"https:\/\/teiaeducation.ch\/fr\/categorie-produit\/domaines-du-curriculum\/alphabetisation-langage\/apprendre-a-lire\/"},{"@type":"ListItem","position":6,"name":"If you go down to the woods today &#8211; Rachel Piercey"}]},{"@type":"WebSite","@id":"https:\/\/teiaeducation.ch\/fr\/#website","url":"https:\/\/teiaeducation.ch\/fr\/","name":"Sustainable Educational Products &amp; Ecological Toys\u00a0","description":"Specialised Swiss shop selling sustainable educational toys and games, AMI certified Montessori materials, handmade ecological wooden Waldorf toys and arts &amp; crafts supplies, school supplies, children&#039;s furniture and Montessori reference and parenting books.","publisher":{"@id":"https:\/\/teiaeducation.ch\/fr\/#organization"},"alternateName":"Teia Education & Play","potentialAction":[{"@type":"SearchAction","target":{"@type":"EntryPoint","urlTemplate":"https:\/\/teiaeducation.ch\/fr\/?s={search_term_string}"},"query-input":{"@type":"PropertyValueSpecification","valueRequired":true,"valueName":"search_term_string"}}],"inLanguage":"fr-FR"},{"@type":"Organization","@id":"https:\/\/teiaeducation.ch\/fr\/#organization","name":"Teia Education & Play","url":"https:\/\/teiaeducation.ch\/fr\/","logo":{"@type":"ImageObject","inLanguage":"fr-FR","@id":"https:\/\/teiaeducation.ch\/fr\/#\/schema\/logo\/image\/","url":"https:\/\/teiaeducation.ch\/wp-content\/uploads\/2020\/11\/Teia-Education-Switzerland-e1620156442216.jpg","contentUrl":"https:\/\/teiaeducation.ch\/wp-content\/uploads\/2020\/11\/Teia-Education-Switzerland-e1620156442216.jpg","width":166,"height":145,"caption":"Teia Education & Play"},"image":{"@id":"https:\/\/teiaeducation.ch\/fr\/#\/schema\/logo\/image\/"},"sameAs":["https:\/\/www.facebook.com\/teiaeducation\/","https:\/\/x.com\/EducationTeia","https:\/\/www.instagram.com\/teia.education\/","https:\/\/www.linkedin.com\/company\/35501660","https:\/\/www.pinterest.ch\/TeiaEducation\/"]}]}},"_links":{"self":[{"href":"https:\/\/teiaeducation.ch\/fr\/wp-json\/wp\/v2\/product\/35133","targetHints":{"allow":["GET"]}}],"collection":[{"href":"https:\/\/teiaeducation.ch\/fr\/wp-json\/wp\/v2\/product"}],"about":[{"href":"https:\/\/teiaeducation.ch\/fr\/wp-json\/wp\/v2\/types\/product"}],"replies":[{"embeddable":true,"href":"https:\/\/teiaeducation.ch\/fr\/wp-json\/wp\/v2\/comments?post=35133"}],"wp:featuredmedia":[{"embeddable":true,"href":"https:\/\/teiaeducation.ch\/fr\/wp-json\/wp\/v2\/media\/35102"}],"wp:attachment":[{"href":"https:\/\/teiaeducation.ch\/fr\/wp-json\/wp\/v2\/media?parent=35133"}],"wp:term":[{"taxonomy":"product_brand","embeddable":true,"href":"https:\/\/teiaeducation.ch\/fr\/wp-json\/wp\/v2\/product_brand?post=35133"},{"taxonomy":"product_cat","embeddable":true,"href":"https:\/\/teiaeducation.ch\/fr\/wp-json\/wp\/v2\/product_cat?post=35133"},{"taxonomy":"product_tag","embeddable":true,"href":"https:\/\/teiaeducation.ch\/fr\/wp-json\/wp\/v2\/product_tag?post=35133"}],"curies":[{"name":"wp","href":"https:\/\/api.w.org\/{rel}","templated":true}]}}