{"id":35134,"date":"2023-10-13T13:18:32","date_gmt":"2023-10-13T11:18:32","guid":{"rendered":"https:\/\/teiaeducation.ch\/product\/livre-collection-cadeaux-des-saisons-gerda-muller\/"},"modified":"2024-03-16T07:55:14","modified_gmt":"2024-03-16T06:55:14","slug":"book-seasons-gift-collection-gerda-muller-2","status":"publish","type":"product","link":"https:\/\/teiaeducation.ch\/fr\/produit\/book-seasons-gift-collection-gerda-muller-2\/","title":{"rendered":"La collection des saisons &#8211; Gerda Muller"},"content":{"rendered":"<div class=\"Rte\">\n<p>La collection de\u00a0livres d&#8217;images des saisons de Gerda Muller, collection cadeau<\/p>\n<p>Une adorable collection de cadeaux de saison Gerda Muller comprenant des mini-\u00e9ditions de ses <a href=\"https:\/\/teiaeducation.ch\/fr\/categorie-produit\/appui-au-curriculum\/livres-appui-au-curriculum\/\">livres<\/a> de bord &#8220;saisons&#8221; bien-aim\u00e9s : printemps, \u00e9t\u00e9, automne et hiver. Cette magnifique collection de livres sans textes conduit le jeune enfant \u00e0 travers les saisons de l&#8217;ann\u00e9e dans des images amusantes et actives. Chaque page montre les activit\u00e9s r\u00e9guli\u00e8res de la journ\u00e9e et de l&#8217;ann\u00e9e, ou des sc\u00e8nes de la nature et des d\u00e9tails saisonniers \u00e0 rep\u00e9rer.<\/p>\n<p>Les livres d&#8217;images inspirent la cr\u00e9ativit\u00e9, l&#8217;imagination et la narration chez les enfants. Chacun des quatre livres contient sa propre saison remplie de dessins d\u00e9taill\u00e9s sur 12 pages. L&#8217;automne et l&#8217;hiver, c&#8217;est la chute des feuilles, le ramassage des marrons, les cerfs-volants et les confitures, le pelletage de la neige, le patinage sur glace, le nourrissage des oiseaux et le confort de l&#8217;int\u00e9rieur avec le sapin de No\u00ebl. Et le printemps et l&#8217;\u00e9t\u00e9 sont synonymes de semailles, de peinture d&#8217;\u0153ufs de P\u00e2ques, d&#8217;observation des b\u00e9b\u00e9s oiseaux, de jeux dans la nature, de consommation de glaces et de pique-niques en soir\u00e9e.<\/p>\n<p>Laissez l&#8217;histoire de chaque livre \u00e0 l&#8217;enfant pour qu&#8217;il soit diff\u00e9rent, avec toujours de nouvelles choses \u00e0 d\u00e9couvrir et de nouvelles histoires \u00e0 raconter !<\/p>\n<p>Gerda Muller, n\u00e9e en 1926 \u00e0 Naarden, aux Pays-Bas, est un auteur nomm\u00e9 par USSBY pour ses livres internationaux exceptionnels. Elle a fr\u00e9quent\u00e9 l&#8217;\u00c9cole des Beaux-Arts d&#8217;Amsterdam et l&#8217;\u00c9cole Estienne de Paris et a illustr\u00e9 plus de 120 livres pour enfants qui ont \u00e9t\u00e9 traduits dans de nombreuses langues. Elle est l&#8217;illustratrice des livres Floris Boucle d&#8217;or et les trois ours, Les musiciens de la ville de Br\u00eame, Une ann\u00e9e autour du grand ch\u00eane, Une ann\u00e9e dans notre nouveau jardin, Comment poussent mes fruits, O\u00f9 vont-ils quand il pleut et Comment pousse mon jardin ?<\/p>\n<p>Le coffret de la collection livres d&#8217;images des saisons Gerda Muller est publi\u00e9 par Floris Books.<\/p>\n<p>Contenu :<\/p>\n<p>4 livres d&#8217;images cartonn\u00e9s en anglais, 12 pages chacun.<\/p>\n<\/div>\n","protected":false},"excerpt":{"rendered":"<p>Num\u00e9ro d&#8217;article : 24112388<\/p>\n<p>La collection des saisons de Gerda Muller est compos\u00e9 de livres sans texte &#8211; printemps, \u00e9t\u00e9, automne et hiver &#8211; qui guident enfant \u00e0 travers les saisons.<\/p>\n","protected":false},"featured_media":35109,"comment_status":"open","ping_status":"closed","template":"","meta":[],"product_brand":[],"product_cat":[208,8527,215,8580,216,285,605,16898,17225,23635,22343,18893,22344,284,17223,283,593,8526,592,21258,21257,22421,18913,13130,1220,20661,18923,18912,20662,8567,7595,1218,217,5851,598,292,22348,212,1219],"product_tag":[18924,18916,18917,18911,18915,18918,18925],"class_list":{"0":"post-35134","1":"product","2":"type-product","3":"status-publish","4":"has-post-thumbnail","6":"product_cat-1-3-ans","7":"product_cat-3-6-ans-ecole-a-domicile","8":"product_cat-3-6-ans","9":"product_cat-6-12-ans-ecole-a-domicile","10":"product_cat-6-12-ans","11":"product_cat-alphabetisation-langage","12":"product_cat-apprendre-a-lire","13":"product_cat-collection-automne","14":"product_cat-celebrations-fr","15":"product_cat-collection-dete","16":"product_cat-collection-hiver","17":"product_cat-collection-printemps","18":"product_cat-collections-saisonnieres","19":"product_cat-culture-sciences","20":"product_cat-cycles-de-vie","21":"product_cat-domaines-du-curriculum","22":"product_cat-etudes-botaniques","23":"product_cat-fournitures-scolaires-a-domicile","24":"product_cat-geographie-animale","25":"product_cat-guide-cadeaux-livres","26":"product_cat-guides-cadeaux","27":"product_cat-idees-cadeaux-pour-paques","28":"product_cat-jeu-de-la-nature","29":"product_cat-jouer","30":"product_cat-traditionnelle","31":"product_cat-livres-dimages","32":"product_cat-livres-floris","33":"product_cat-livres-pour-enfants","34":"product_cat-livres-saisonniers","35":"product_cat-materiel-scolaire-montessori","36":"product_cat-methode-deducation","37":"product_cat-montessori-fr","38":"product_cat-marques","39":"product_cat-nouveautes","40":"product_cat-saisons-meteo","41":"product_cat-appui-au-curriculum","42":"product_cat-natur-saisonale-tische","43":"product_cat-tranche-dage","44":"product_cat-waldorf-fr","45":"product_tag-collection-des-saisons-de-gerda-muller","46":"product_tag-histoires-de-la-nature","47":"product_tag-histoires-de-la-nature-pour-les-enfants","48":"product_tag-livre-de-lenfance-lente","49":"product_tag-livre-pour-enfants-slow-down","50":"product_tag-livres-calmes-pour-enfants","51":"product_tag-livres-dimages-sur-les-saisons-pour-enfants","53":"first","54":"outofstock","55":"taxable","56":"shipping-taxable","57":"purchasable","58":"product-type-simple"},"yoast_head":"<!-- This site is optimized with the Yoast SEO plugin v27.1.1 - https:\/\/yoast.com\/product\/yoast-seo-wordpress\/ -->\n<title>La collection livres d&#039;images des saisons - Gerda Muller<\/title>\n<meta name=\"description\" content=\"La collection des saisons de Gerda Muller est compos\u00e9 de livres d&#039;images - printemps, \u00e9t\u00e9, automne et hiver - qui guident enfant \u00e0 travers les saisons.\" \/>\n<meta name=\"robots\" content=\"index, follow, max-snippet:-1, max-image-preview:large, max-video-preview:-1\" \/>\n<link rel=\"canonical\" href=\"https:\/\/teiaeducation.ch\/fr\/produit\/book-seasons-gift-collection-gerda-muller-2\/\" \/>\n<meta property=\"og:locale\" content=\"fr_FR\" \/>\n<meta property=\"og:type\" content=\"article\" \/>\n<meta property=\"og:title\" content=\"La collection livres d&#039;images des saisons - Gerda Muller\" \/>\n<meta property=\"og:description\" content=\"La collection des saisons de Gerda Muller est compos\u00e9 de livres d&#039;images - printemps, \u00e9t\u00e9, automne et hiver - qui guident enfant \u00e0 travers les saisons.\" \/>\n<meta property=\"og:url\" content=\"https:\/\/teiaeducation.ch\/fr\/produit\/book-seasons-gift-collection-gerda-muller-2\/\" \/>\n<meta property=\"og:site_name\" content=\"Sustainable Educational Products &amp; Ecological Toys\u00a0\" \/>\n<meta property=\"article:publisher\" content=\"https:\/\/www.facebook.com\/teiaeducation\/\" \/>\n<meta property=\"article:modified_time\" content=\"2024-03-16T06:55:14+00:00\" \/>\n<meta property=\"og:image\" content=\"https:\/\/teiaeducation.ch\/wp-content\/uploads\/2021\/04\/The-Gerda-Muller-seasons-picture-board-books-gift-collection-set.jpg\" \/>\n\t<meta property=\"og:image:width\" content=\"611\" \/>\n\t<meta property=\"og:image:height\" content=\"640\" \/>\n\t<meta property=\"og:image:type\" content=\"image\/jpeg\" \/>\n<script type=\"application\/ld+json\" class=\"yoast-schema-graph\">{\"@context\":\"https:\/\/schema.org\",\"@graph\":[{\"@type\":\"WebPage\",\"@id\":\"https:\/\/teiaeducation.ch\/fr\/produit\/book-seasons-gift-collection-gerda-muller-2\/\",\"url\":\"https:\/\/teiaeducation.ch\/fr\/produit\/book-seasons-gift-collection-gerda-muller-2\/\",\"name\":\"La collection livres d'images des saisons - Gerda Muller\",\"isPartOf\":{\"@id\":\"https:\/\/teiaeducation.ch\/fr\/#website\"},\"primaryImageOfPage\":{\"@id\":\"https:\/\/teiaeducation.ch\/fr\/produit\/book-seasons-gift-collection-gerda-muller-2\/#primaryimage\"},\"image\":{\"@id\":\"https:\/\/teiaeducation.ch\/fr\/produit\/book-seasons-gift-collection-gerda-muller-2\/#primaryimage\"},\"thumbnailUrl\":\"https:\/\/teiaeducation.ch\/wp-content\/uploads\/2021\/04\/The-Gerda-Muller-seasons-picture-board-books-gift-collection-set.jpg\",\"datePublished\":\"2023-10-13T11:18:32+00:00\",\"dateModified\":\"2024-03-16T06:55:14+00:00\",\"description\":\"La collection des saisons de Gerda Muller est compos\u00e9 de livres d'images - printemps, \u00e9t\u00e9, automne et hiver - qui guident enfant \u00e0 travers les saisons.\",\"breadcrumb\":{\"@id\":\"https:\/\/teiaeducation.ch\/fr\/produit\/book-seasons-gift-collection-gerda-muller-2\/#breadcrumb\"},\"inLanguage\":\"fr-FR\",\"potentialAction\":[{\"@type\":\"ReadAction\",\"target\":[\"https:\/\/teiaeducation.ch\/fr\/produit\/book-seasons-gift-collection-gerda-muller-2\/\"]}]},{\"@type\":\"ImageObject\",\"inLanguage\":\"fr-FR\",\"@id\":\"https:\/\/teiaeducation.ch\/fr\/produit\/book-seasons-gift-collection-gerda-muller-2\/#primaryimage\",\"url\":\"https:\/\/teiaeducation.ch\/wp-content\/uploads\/2021\/04\/The-Gerda-Muller-seasons-picture-board-books-gift-collection-set.jpg\",\"contentUrl\":\"https:\/\/teiaeducation.ch\/wp-content\/uploads\/2021\/04\/The-Gerda-Muller-seasons-picture-board-books-gift-collection-set.jpg\",\"width\":611,\"height\":640,\"caption\":\"La collection de livres des saisons de Gerda Muller, collection cadeau\"},{\"@type\":\"BreadcrumbList\",\"@id\":\"https:\/\/teiaeducation.ch\/fr\/produit\/book-seasons-gift-collection-gerda-muller-2\/#breadcrumb\",\"itemListElement\":[{\"@type\":\"ListItem\",\"position\":1,\"name\":\"Home\",\"item\":\"https:\/\/teiaeducation.ch\/fr\/\"},{\"@type\":\"ListItem\",\"position\":2,\"name\":\"Boutique Teia Education &amp; Play\",\"item\":\"https:\/\/teiaeducation.ch\/fr\/boutique\/\"},{\"@type\":\"ListItem\",\"position\":3,\"name\":\"Domaines du Curriculum\",\"item\":\"https:\/\/teiaeducation.ch\/fr\/categorie-produit\/domaines-du-curriculum\/\"},{\"@type\":\"ListItem\",\"position\":4,\"name\":\"Alphab\u00e9tisation &amp; Langage\",\"item\":\"https:\/\/teiaeducation.ch\/fr\/categorie-produit\/domaines-du-curriculum\/alphabetisation-langage\/\"},{\"@type\":\"ListItem\",\"position\":5,\"name\":\"Apprendre \u00e0 Lire\",\"item\":\"https:\/\/teiaeducation.ch\/fr\/categorie-produit\/domaines-du-curriculum\/alphabetisation-langage\/apprendre-a-lire\/\"},{\"@type\":\"ListItem\",\"position\":6,\"name\":\"La collection des saisons &#8211; Gerda Muller\"}]},{\"@type\":\"WebSite\",\"@id\":\"https:\/\/teiaeducation.ch\/fr\/#website\",\"url\":\"https:\/\/teiaeducation.ch\/fr\/\",\"name\":\"Sustainable Educational Products &amp; Ecological Toys\u00a0\",\"description\":\"Specialised Swiss shop selling sustainable educational toys and games, AMI certified Montessori materials, handmade ecological wooden Waldorf toys and arts &amp; crafts supplies, school supplies, children&#039;s furniture and Montessori reference and parenting books.\",\"publisher\":{\"@id\":\"https:\/\/teiaeducation.ch\/fr\/#organization\"},\"alternateName\":\"Teia Education & Play\",\"potentialAction\":[{\"@type\":\"SearchAction\",\"target\":{\"@type\":\"EntryPoint\",\"urlTemplate\":\"https:\/\/teiaeducation.ch\/fr\/?s={search_term_string}\"},\"query-input\":{\"@type\":\"PropertyValueSpecification\",\"valueRequired\":true,\"valueName\":\"search_term_string\"}}],\"inLanguage\":\"fr-FR\"},{\"@type\":\"Organization\",\"@id\":\"https:\/\/teiaeducation.ch\/fr\/#organization\",\"name\":\"Teia Education & Play\",\"url\":\"https:\/\/teiaeducation.ch\/fr\/\",\"logo\":{\"@type\":\"ImageObject\",\"inLanguage\":\"fr-FR\",\"@id\":\"https:\/\/teiaeducation.ch\/fr\/#\/schema\/logo\/image\/\",\"url\":\"https:\/\/teiaeducation.ch\/wp-content\/uploads\/2020\/11\/Teia-Education-Switzerland-e1620156442216.jpg\",\"contentUrl\":\"https:\/\/teiaeducation.ch\/wp-content\/uploads\/2020\/11\/Teia-Education-Switzerland-e1620156442216.jpg\",\"width\":166,\"height\":145,\"caption\":\"Teia Education & Play\"},\"image\":{\"@id\":\"https:\/\/teiaeducation.ch\/fr\/#\/schema\/logo\/image\/\"},\"sameAs\":[\"https:\/\/www.facebook.com\/teiaeducation\/\",\"https:\/\/x.com\/EducationTeia\",\"https:\/\/www.instagram.com\/teia.education\/\",\"https:\/\/www.linkedin.com\/company\/35501660\",\"https:\/\/www.pinterest.ch\/TeiaEducation\/\"]}]}<\/script>\n<!-- \/ Yoast SEO plugin. -->","yoast_head_json":{"title":"La collection livres d'images des saisons - Gerda Muller","description":"La collection des saisons de Gerda Muller est compos\u00e9 de livres d'images - printemps, \u00e9t\u00e9, automne et hiver - qui guident enfant \u00e0 travers les saisons.","robots":{"index":"index","follow":"follow","max-snippet":"max-snippet:-1","max-image-preview":"max-image-preview:large","max-video-preview":"max-video-preview:-1"},"canonical":"https:\/\/teiaeducation.ch\/fr\/produit\/book-seasons-gift-collection-gerda-muller-2\/","og_locale":"fr_FR","og_type":"article","og_title":"La collection livres d'images des saisons - Gerda Muller","og_description":"La collection des saisons de Gerda Muller est compos\u00e9 de livres d'images - printemps, \u00e9t\u00e9, automne et hiver - qui guident enfant \u00e0 travers les saisons.","og_url":"https:\/\/teiaeducation.ch\/fr\/produit\/book-seasons-gift-collection-gerda-muller-2\/","og_site_name":"Sustainable Educational Products &amp; Ecological Toys\u00a0","article_publisher":"https:\/\/www.facebook.com\/teiaeducation\/","article_modified_time":"2024-03-16T06:55:14+00:00","og_image":[{"width":611,"height":640,"url":"https:\/\/teiaeducation.ch\/wp-content\/uploads\/2021\/04\/The-Gerda-Muller-seasons-picture-board-books-gift-collection-set.jpg","type":"image\/jpeg"}],"schema":{"@context":"https:\/\/schema.org","@graph":[{"@type":"WebPage","@id":"https:\/\/teiaeducation.ch\/fr\/produit\/book-seasons-gift-collection-gerda-muller-2\/","url":"https:\/\/teiaeducation.ch\/fr\/produit\/book-seasons-gift-collection-gerda-muller-2\/","name":"La collection livres d'images des saisons - Gerda Muller","isPartOf":{"@id":"https:\/\/teiaeducation.ch\/fr\/#website"},"primaryImageOfPage":{"@id":"https:\/\/teiaeducation.ch\/fr\/produit\/book-seasons-gift-collection-gerda-muller-2\/#primaryimage"},"image":{"@id":"https:\/\/teiaeducation.ch\/fr\/produit\/book-seasons-gift-collection-gerda-muller-2\/#primaryimage"},"thumbnailUrl":"https:\/\/teiaeducation.ch\/wp-content\/uploads\/2021\/04\/The-Gerda-Muller-seasons-picture-board-books-gift-collection-set.jpg","datePublished":"2023-10-13T11:18:32+00:00","dateModified":"2024-03-16T06:55:14+00:00","description":"La collection des saisons de Gerda Muller est compos\u00e9 de livres d'images - printemps, \u00e9t\u00e9, automne et hiver - qui guident enfant \u00e0 travers les saisons.","breadcrumb":{"@id":"https:\/\/teiaeducation.ch\/fr\/produit\/book-seasons-gift-collection-gerda-muller-2\/#breadcrumb"},"inLanguage":"fr-FR","potentialAction":[{"@type":"ReadAction","target":["https:\/\/teiaeducation.ch\/fr\/produit\/book-seasons-gift-collection-gerda-muller-2\/"]}]},{"@type":"ImageObject","inLanguage":"fr-FR","@id":"https:\/\/teiaeducation.ch\/fr\/produit\/book-seasons-gift-collection-gerda-muller-2\/#primaryimage","url":"https:\/\/teiaeducation.ch\/wp-content\/uploads\/2021\/04\/The-Gerda-Muller-seasons-picture-board-books-gift-collection-set.jpg","contentUrl":"https:\/\/teiaeducation.ch\/wp-content\/uploads\/2021\/04\/The-Gerda-Muller-seasons-picture-board-books-gift-collection-set.jpg","width":611,"height":640,"caption":"La collection de livres des saisons de Gerda Muller, collection cadeau"},{"@type":"BreadcrumbList","@id":"https:\/\/teiaeducation.ch\/fr\/produit\/book-seasons-gift-collection-gerda-muller-2\/#breadcrumb","itemListElement":[{"@type":"ListItem","position":1,"name":"Home","item":"https:\/\/teiaeducation.ch\/fr\/"},{"@type":"ListItem","position":2,"name":"Boutique Teia Education &amp; Play","item":"https:\/\/teiaeducation.ch\/fr\/boutique\/"},{"@type":"ListItem","position":3,"name":"Domaines du Curriculum","item":"https:\/\/teiaeducation.ch\/fr\/categorie-produit\/domaines-du-curriculum\/"},{"@type":"ListItem","position":4,"name":"Alphab\u00e9tisation &amp; Langage","item":"https:\/\/teiaeducation.ch\/fr\/categorie-produit\/domaines-du-curriculum\/alphabetisation-langage\/"},{"@type":"ListItem","position":5,"name":"Apprendre \u00e0 Lire","item":"https:\/\/teiaeducation.ch\/fr\/categorie-produit\/domaines-du-curriculum\/alphabetisation-langage\/apprendre-a-lire\/"},{"@type":"ListItem","position":6,"name":"La collection des saisons &#8211; Gerda Muller"}]},{"@type":"WebSite","@id":"https:\/\/teiaeducation.ch\/fr\/#website","url":"https:\/\/teiaeducation.ch\/fr\/","name":"Sustainable Educational Products &amp; Ecological Toys\u00a0","description":"Specialised Swiss shop selling sustainable educational toys and games, AMI certified Montessori materials, handmade ecological wooden Waldorf toys and arts &amp; crafts supplies, school supplies, children&#039;s furniture and Montessori reference and parenting books.","publisher":{"@id":"https:\/\/teiaeducation.ch\/fr\/#organization"},"alternateName":"Teia Education & Play","potentialAction":[{"@type":"SearchAction","target":{"@type":"EntryPoint","urlTemplate":"https:\/\/teiaeducation.ch\/fr\/?s={search_term_string}"},"query-input":{"@type":"PropertyValueSpecification","valueRequired":true,"valueName":"search_term_string"}}],"inLanguage":"fr-FR"},{"@type":"Organization","@id":"https:\/\/teiaeducation.ch\/fr\/#organization","name":"Teia Education & Play","url":"https:\/\/teiaeducation.ch\/fr\/","logo":{"@type":"ImageObject","inLanguage":"fr-FR","@id":"https:\/\/teiaeducation.ch\/fr\/#\/schema\/logo\/image\/","url":"https:\/\/teiaeducation.ch\/wp-content\/uploads\/2020\/11\/Teia-Education-Switzerland-e1620156442216.jpg","contentUrl":"https:\/\/teiaeducation.ch\/wp-content\/uploads\/2020\/11\/Teia-Education-Switzerland-e1620156442216.jpg","width":166,"height":145,"caption":"Teia Education & Play"},"image":{"@id":"https:\/\/teiaeducation.ch\/fr\/#\/schema\/logo\/image\/"},"sameAs":["https:\/\/www.facebook.com\/teiaeducation\/","https:\/\/x.com\/EducationTeia","https:\/\/www.instagram.com\/teia.education\/","https:\/\/www.linkedin.com\/company\/35501660","https:\/\/www.pinterest.ch\/TeiaEducation\/"]}]}},"_links":{"self":[{"href":"https:\/\/teiaeducation.ch\/fr\/wp-json\/wp\/v2\/product\/35134","targetHints":{"allow":["GET"]}}],"collection":[{"href":"https:\/\/teiaeducation.ch\/fr\/wp-json\/wp\/v2\/product"}],"about":[{"href":"https:\/\/teiaeducation.ch\/fr\/wp-json\/wp\/v2\/types\/product"}],"replies":[{"embeddable":true,"href":"https:\/\/teiaeducation.ch\/fr\/wp-json\/wp\/v2\/comments?post=35134"}],"wp:featuredmedia":[{"embeddable":true,"href":"https:\/\/teiaeducation.ch\/fr\/wp-json\/wp\/v2\/media\/35109"}],"wp:attachment":[{"href":"https:\/\/teiaeducation.ch\/fr\/wp-json\/wp\/v2\/media?parent=35134"}],"wp:term":[{"taxonomy":"product_brand","embeddable":true,"href":"https:\/\/teiaeducation.ch\/fr\/wp-json\/wp\/v2\/product_brand?post=35134"},{"taxonomy":"product_cat","embeddable":true,"href":"https:\/\/teiaeducation.ch\/fr\/wp-json\/wp\/v2\/product_cat?post=35134"},{"taxonomy":"product_tag","embeddable":true,"href":"https:\/\/teiaeducation.ch\/fr\/wp-json\/wp\/v2\/product_tag?post=35134"}],"curies":[{"name":"wp","href":"https:\/\/api.w.org\/{rel}","templated":true}]}}