{"id":35136,"date":"2022-04-05T14:32:35","date_gmt":"2022-04-05T12:32:35","guid":{"rendered":"https:\/\/teiaeducation.ch\/product\/livre-slow-down-rachel-williams\/"},"modified":"2021-05-08T14:25:56","modified_gmt":"2021-05-08T12:25:56","slug":"livre-slow-down-rachel-williams","status":"publish","type":"product","link":"https:\/\/teiaeducation.ch\/fr\/produit\/livre-slow-down-rachel-williams\/","title":{"rendered":"Slow down &#8211; Rachel Williams"},"content":{"rendered":"<p>Livre slow down de Rachel Williams<\/p>\n<p>Le <a href=\"https:\/\/teiaeducation.ch\/fr\/categorie-produit\/appui-au-curriculum\/livres-appui-au-curriculum\/\">livre<\/a> inspirant de Rachel Williams, slow down (ralentir) : apportez le calme dans un monde occup\u00e9 avec 50 histoires de la nature, est exactement ce dont les enfants ont besoin aujourd&#8217;hui ! Ce charmant livre encourage un rythme plus lent de l&#8217;enfance, en observant toutes les transformations magiques qui ont lieu dans la nature chaque jour.<\/p>\n<p>Tout autour de nous, la nature accomplit de v\u00e9ritables miracles. Chaque jour, heure par heure, des transformations se produisent, une nouvelle vie \u00e9merge, des choses apparemment impossibles se produisent ou les plan\u00e8tes et les mar\u00e9es se d\u00e9placent. Slow down pr\u00e9sente 50 histoires de nature qui aident les enfants \u00e0 rep\u00e9rer les merveilles de la nature.<\/p>\n<p>Souvent, nous passons n\u00e9gligemment \u00e0 c\u00f4t\u00e9 de ces miracles de la vie quotidienne. Nous consid\u00e9rons beaucoup de choses comme allant de soi, mais nous ne savons pas ce qui se cache exactement derri\u00e8re. Gr\u00e2ce aux les 50 petites histoires de ce livre, les enfants peuvent faire une pause et d\u00e9couvrir la nature en toute conscience. Chaque histoire raconte un petit \u00e9pisode de la nature et de la vie des animaux et des plantes : comment une \u00e9toile de mer marche sur le fond marin, la taupe creuse ses terriers, un canard apprend \u00e0 nager \u00e0 sa prog\u00e9niture, un arc-en-ciel ou un orage se forme, le t\u00eatard devient une grenouille, comment la lune change au cours du mois ou comment la ros\u00e9e s&#8217;accumule sur les feuilles le matin.<\/p>\n<p>Ce sont des histoires merveilleuses \u00e0 partager en famille et des aventures inspirantes d&#8217;exploration et de d\u00e9couverte dans la nature. Et ceux qui connaissent ces merveilles les prot\u00e9geront au lieu de les d\u00e9truire n\u00e9gligemment.<\/p>\n<p>Slow down est recommand\u00e9 pour tous les enfants, en particulier ceux \u00e2g\u00e9s de 5 \u00e0 8 ans.<\/p>\n<p>N\u00e9e en Australie, Rachel Williams a \u00e9tudi\u00e9 l&#8217;\u00e9criture cr\u00e9ative avant de devenir r\u00e9dactrice et \u00e9ditrice de livres pour enfants. Elle est l&#8217;auteur de nombreux livres pour enfants, dont Atlas des aventures d&#8217;animaux et Illuminature. Elle vit \u00e0 Londres avec ses enfants et a r\u00e9cemment fond\u00e9 la maison d&#8217;\u00e9dition &#8220;Magic Cat&#8221; avec Jenny Broom.<\/p>\n<p>Le livre &#8220;slow down&#8221; est publi\u00e9 par Magic Cat Publishing et contient de belles illustrations de Freya Hartas.<\/p>\n<p>Contenu :<\/p>\n<p>1 livre cartonn\u00e9 en anglais, 121 pages.<\/p>\n","protected":false},"excerpt":{"rendered":"<p>Num\u00e9ro d&#8217;article : 32949257<\/p>\n<p>Le livre inspirant slow down de Rachel William apporte le calme \u00e0 un monde occup\u00e9 avec 50 histoires de nature qui encouragent une enfance naturelle, au rythme plus lent.<\/p>\n","protected":false},"featured_media":35091,"comment_status":"open","ping_status":"closed","template":"","meta":[],"product_brand":[],"product_cat":[8527,215,8580,216,285,605,16898,23635,22343,18893,22344,284,17223,283,18919,593,8526,21258,21257,22421,18913,13130,1220,18912,20660,8567,7595,1218,217,5851,598,292,212,1219],"product_tag":[18916,18917,18911,18915,18918,18914],"class_list":{"0":"post-35136","1":"product","2":"type-product","3":"status-publish","4":"has-post-thumbnail","6":"product_cat-3-6-ans-ecole-a-domicile","7":"product_cat-3-6-ans","8":"product_cat-6-12-ans-ecole-a-domicile","9":"product_cat-6-12-ans","10":"product_cat-alphabetisation-langage","11":"product_cat-apprendre-a-lire","12":"product_cat-collection-automne","13":"product_cat-collection-dete","14":"product_cat-collection-hiver","15":"product_cat-collection-printemps","16":"product_cat-collections-saisonnieres","17":"product_cat-culture-sciences","18":"product_cat-cycles-de-vie","19":"product_cat-domaines-du-curriculum","20":"product_cat-editions-magic-cat","21":"product_cat-etudes-botaniques","22":"product_cat-fournitures-scolaires-a-domicile","23":"product_cat-guide-cadeaux-livres","24":"product_cat-guides-cadeaux","25":"product_cat-idees-cadeaux-pour-paques","26":"product_cat-jeu-de-la-nature","27":"product_cat-jouer","28":"product_cat-traditionnelle","29":"product_cat-livres-pour-enfants","30":"product_cat-livres-sur-la-nature","31":"product_cat-materiel-scolaire-montessori","32":"product_cat-methode-deducation","33":"product_cat-montessori-fr","34":"product_cat-marques","35":"product_cat-nouveautes","36":"product_cat-saisons-meteo","37":"product_cat-appui-au-curriculum","38":"product_cat-tranche-dage","39":"product_cat-waldorf-fr","40":"product_tag-histoires-de-la-nature","41":"product_tag-histoires-de-la-nature-pour-les-enfants","42":"product_tag-livre-de-lenfance-lente","43":"product_tag-livre-pour-enfants-slow-down","44":"product_tag-livres-calmes-pour-enfants","45":"product_tag-ralentissez-rachel-williams","47":"first","48":"instock","49":"taxable","50":"shipping-taxable","51":"purchasable","52":"product-type-simple"},"yoast_head":"<!-- This site is optimized with the Yoast SEO plugin v27.1.1 - https:\/\/yoast.com\/product\/yoast-seo-wordpress\/ -->\n<title>Livre slow down: apporte le calme dans un monde occup\u00e9 - Rachel Williams<\/title>\n<meta name=\"description\" content=\"Le livre slow down de Rachel Williams apporte le calme \u00e0 un monde occup\u00e9 avec 50 histoires de nature qui encouragent une enfance naturelle.\" \/>\n<meta name=\"robots\" content=\"index, follow, max-snippet:-1, max-image-preview:large, max-video-preview:-1\" \/>\n<link rel=\"canonical\" href=\"https:\/\/teiaeducation.ch\/fr\/produit\/livre-slow-down-rachel-williams\/\" \/>\n<meta property=\"og:locale\" content=\"fr_FR\" \/>\n<meta property=\"og:type\" content=\"article\" \/>\n<meta property=\"og:title\" content=\"Livre slow down: apporte le calme dans un monde occup\u00e9 - Rachel Williams\" \/>\n<meta property=\"og:description\" content=\"Le livre slow down de Rachel Williams apporte le calme \u00e0 un monde occup\u00e9 avec 50 histoires de nature qui encouragent une enfance naturelle.\" \/>\n<meta property=\"og:url\" content=\"https:\/\/teiaeducation.ch\/fr\/produit\/livre-slow-down-rachel-williams\/\" \/>\n<meta property=\"og:site_name\" content=\"Sustainable Educational Products &amp; Ecological Toys\u00a0\" \/>\n<meta property=\"article:publisher\" content=\"https:\/\/www.facebook.com\/teiaeducation\/\" \/>\n<meta property=\"og:image\" content=\"https:\/\/teiaeducation.ch\/wp-content\/uploads\/2021\/04\/Book-slow-down-by-Rachel-Williams-1.jpg\" \/>\n\t<meta property=\"og:image:width\" content=\"1600\" \/>\n\t<meta property=\"og:image:height\" content=\"1067\" \/>\n\t<meta property=\"og:image:type\" content=\"image\/jpeg\" \/>\n<script type=\"application\/ld+json\" class=\"yoast-schema-graph\">{\"@context\":\"https:\/\/schema.org\",\"@graph\":[{\"@type\":\"WebPage\",\"@id\":\"https:\/\/teiaeducation.ch\/fr\/produit\/livre-slow-down-rachel-williams\/\",\"url\":\"https:\/\/teiaeducation.ch\/fr\/produit\/livre-slow-down-rachel-williams\/\",\"name\":\"Livre slow down: apporte le calme dans un monde occup\u00e9 - Rachel Williams\",\"isPartOf\":{\"@id\":\"https:\/\/teiaeducation.ch\/fr\/#website\"},\"primaryImageOfPage\":{\"@id\":\"https:\/\/teiaeducation.ch\/fr\/produit\/livre-slow-down-rachel-williams\/#primaryimage\"},\"image\":{\"@id\":\"https:\/\/teiaeducation.ch\/fr\/produit\/livre-slow-down-rachel-williams\/#primaryimage\"},\"thumbnailUrl\":\"https:\/\/teiaeducation.ch\/wp-content\/uploads\/2021\/04\/Book-slow-down-by-Rachel-Williams-1.jpg\",\"datePublished\":\"2022-04-05T12:32:35+00:00\",\"description\":\"Le livre slow down de Rachel Williams apporte le calme \u00e0 un monde occup\u00e9 avec 50 histoires de nature qui encouragent une enfance naturelle.\",\"breadcrumb\":{\"@id\":\"https:\/\/teiaeducation.ch\/fr\/produit\/livre-slow-down-rachel-williams\/#breadcrumb\"},\"inLanguage\":\"fr-FR\",\"potentialAction\":[{\"@type\":\"ReadAction\",\"target\":[\"https:\/\/teiaeducation.ch\/fr\/produit\/livre-slow-down-rachel-williams\/\"]}]},{\"@type\":\"ImageObject\",\"inLanguage\":\"fr-FR\",\"@id\":\"https:\/\/teiaeducation.ch\/fr\/produit\/livre-slow-down-rachel-williams\/#primaryimage\",\"url\":\"https:\/\/teiaeducation.ch\/wp-content\/uploads\/2021\/04\/Book-slow-down-by-Rachel-Williams-1.jpg\",\"contentUrl\":\"https:\/\/teiaeducation.ch\/wp-content\/uploads\/2021\/04\/Book-slow-down-by-Rachel-Williams-1.jpg\",\"width\":1600,\"height\":1067,\"caption\":\"Livre slow down by Rachel Williams\"},{\"@type\":\"BreadcrumbList\",\"@id\":\"https:\/\/teiaeducation.ch\/fr\/produit\/livre-slow-down-rachel-williams\/#breadcrumb\",\"itemListElement\":[{\"@type\":\"ListItem\",\"position\":1,\"name\":\"Home\",\"item\":\"https:\/\/teiaeducation.ch\/fr\/\"},{\"@type\":\"ListItem\",\"position\":2,\"name\":\"Boutique Teia Education &amp; Play\",\"item\":\"https:\/\/teiaeducation.ch\/fr\/boutique\/\"},{\"@type\":\"ListItem\",\"position\":3,\"name\":\"Nos Marques\",\"item\":\"https:\/\/teiaeducation.ch\/fr\/categorie-produit\/marques\/\"},{\"@type\":\"ListItem\",\"position\":4,\"name\":\"\u00c9ditions Magic Cat\",\"item\":\"https:\/\/teiaeducation.ch\/fr\/categorie-produit\/marques\/editions-magic-cat\/\"},{\"@type\":\"ListItem\",\"position\":5,\"name\":\"Slow down &#8211; Rachel Williams\"}]},{\"@type\":\"WebSite\",\"@id\":\"https:\/\/teiaeducation.ch\/fr\/#website\",\"url\":\"https:\/\/teiaeducation.ch\/fr\/\",\"name\":\"Sustainable Educational Products &amp; Ecological Toys\u00a0\",\"description\":\"Specialised Swiss shop selling sustainable educational toys and games, AMI certified Montessori materials, handmade ecological wooden Waldorf toys and arts &amp; crafts supplies, school supplies, children&#039;s furniture and Montessori reference and parenting books.\",\"publisher\":{\"@id\":\"https:\/\/teiaeducation.ch\/fr\/#organization\"},\"alternateName\":\"Teia Education & Play\",\"potentialAction\":[{\"@type\":\"SearchAction\",\"target\":{\"@type\":\"EntryPoint\",\"urlTemplate\":\"https:\/\/teiaeducation.ch\/fr\/?s={search_term_string}\"},\"query-input\":{\"@type\":\"PropertyValueSpecification\",\"valueRequired\":true,\"valueName\":\"search_term_string\"}}],\"inLanguage\":\"fr-FR\"},{\"@type\":\"Organization\",\"@id\":\"https:\/\/teiaeducation.ch\/fr\/#organization\",\"name\":\"Teia Education & Play\",\"url\":\"https:\/\/teiaeducation.ch\/fr\/\",\"logo\":{\"@type\":\"ImageObject\",\"inLanguage\":\"fr-FR\",\"@id\":\"https:\/\/teiaeducation.ch\/fr\/#\/schema\/logo\/image\/\",\"url\":\"https:\/\/teiaeducation.ch\/wp-content\/uploads\/2020\/11\/Teia-Education-Switzerland-e1620156442216.jpg\",\"contentUrl\":\"https:\/\/teiaeducation.ch\/wp-content\/uploads\/2020\/11\/Teia-Education-Switzerland-e1620156442216.jpg\",\"width\":166,\"height\":145,\"caption\":\"Teia Education & Play\"},\"image\":{\"@id\":\"https:\/\/teiaeducation.ch\/fr\/#\/schema\/logo\/image\/\"},\"sameAs\":[\"https:\/\/www.facebook.com\/teiaeducation\/\",\"https:\/\/x.com\/EducationTeia\",\"https:\/\/www.instagram.com\/teia.education\/\",\"https:\/\/www.linkedin.com\/company\/35501660\",\"https:\/\/www.pinterest.ch\/TeiaEducation\/\"]}]}<\/script>\n<!-- \/ Yoast SEO plugin. -->","yoast_head_json":{"title":"Livre slow down: apporte le calme dans un monde occup\u00e9 - Rachel Williams","description":"Le livre slow down de Rachel Williams apporte le calme \u00e0 un monde occup\u00e9 avec 50 histoires de nature qui encouragent une enfance naturelle.","robots":{"index":"index","follow":"follow","max-snippet":"max-snippet:-1","max-image-preview":"max-image-preview:large","max-video-preview":"max-video-preview:-1"},"canonical":"https:\/\/teiaeducation.ch\/fr\/produit\/livre-slow-down-rachel-williams\/","og_locale":"fr_FR","og_type":"article","og_title":"Livre slow down: apporte le calme dans un monde occup\u00e9 - Rachel Williams","og_description":"Le livre slow down de Rachel Williams apporte le calme \u00e0 un monde occup\u00e9 avec 50 histoires de nature qui encouragent une enfance naturelle.","og_url":"https:\/\/teiaeducation.ch\/fr\/produit\/livre-slow-down-rachel-williams\/","og_site_name":"Sustainable Educational Products &amp; Ecological Toys\u00a0","article_publisher":"https:\/\/www.facebook.com\/teiaeducation\/","og_image":[{"width":1600,"height":1067,"url":"https:\/\/teiaeducation.ch\/wp-content\/uploads\/2021\/04\/Book-slow-down-by-Rachel-Williams-1.jpg","type":"image\/jpeg"}],"schema":{"@context":"https:\/\/schema.org","@graph":[{"@type":"WebPage","@id":"https:\/\/teiaeducation.ch\/fr\/produit\/livre-slow-down-rachel-williams\/","url":"https:\/\/teiaeducation.ch\/fr\/produit\/livre-slow-down-rachel-williams\/","name":"Livre slow down: apporte le calme dans un monde occup\u00e9 - Rachel Williams","isPartOf":{"@id":"https:\/\/teiaeducation.ch\/fr\/#website"},"primaryImageOfPage":{"@id":"https:\/\/teiaeducation.ch\/fr\/produit\/livre-slow-down-rachel-williams\/#primaryimage"},"image":{"@id":"https:\/\/teiaeducation.ch\/fr\/produit\/livre-slow-down-rachel-williams\/#primaryimage"},"thumbnailUrl":"https:\/\/teiaeducation.ch\/wp-content\/uploads\/2021\/04\/Book-slow-down-by-Rachel-Williams-1.jpg","datePublished":"2022-04-05T12:32:35+00:00","description":"Le livre slow down de Rachel Williams apporte le calme \u00e0 un monde occup\u00e9 avec 50 histoires de nature qui encouragent une enfance naturelle.","breadcrumb":{"@id":"https:\/\/teiaeducation.ch\/fr\/produit\/livre-slow-down-rachel-williams\/#breadcrumb"},"inLanguage":"fr-FR","potentialAction":[{"@type":"ReadAction","target":["https:\/\/teiaeducation.ch\/fr\/produit\/livre-slow-down-rachel-williams\/"]}]},{"@type":"ImageObject","inLanguage":"fr-FR","@id":"https:\/\/teiaeducation.ch\/fr\/produit\/livre-slow-down-rachel-williams\/#primaryimage","url":"https:\/\/teiaeducation.ch\/wp-content\/uploads\/2021\/04\/Book-slow-down-by-Rachel-Williams-1.jpg","contentUrl":"https:\/\/teiaeducation.ch\/wp-content\/uploads\/2021\/04\/Book-slow-down-by-Rachel-Williams-1.jpg","width":1600,"height":1067,"caption":"Livre slow down by Rachel Williams"},{"@type":"BreadcrumbList","@id":"https:\/\/teiaeducation.ch\/fr\/produit\/livre-slow-down-rachel-williams\/#breadcrumb","itemListElement":[{"@type":"ListItem","position":1,"name":"Home","item":"https:\/\/teiaeducation.ch\/fr\/"},{"@type":"ListItem","position":2,"name":"Boutique Teia Education &amp; Play","item":"https:\/\/teiaeducation.ch\/fr\/boutique\/"},{"@type":"ListItem","position":3,"name":"Nos Marques","item":"https:\/\/teiaeducation.ch\/fr\/categorie-produit\/marques\/"},{"@type":"ListItem","position":4,"name":"\u00c9ditions Magic Cat","item":"https:\/\/teiaeducation.ch\/fr\/categorie-produit\/marques\/editions-magic-cat\/"},{"@type":"ListItem","position":5,"name":"Slow down &#8211; Rachel Williams"}]},{"@type":"WebSite","@id":"https:\/\/teiaeducation.ch\/fr\/#website","url":"https:\/\/teiaeducation.ch\/fr\/","name":"Sustainable Educational Products &amp; Ecological Toys\u00a0","description":"Specialised Swiss shop selling sustainable educational toys and games, AMI certified Montessori materials, handmade ecological wooden Waldorf toys and arts &amp; crafts supplies, school supplies, children&#039;s furniture and Montessori reference and parenting books.","publisher":{"@id":"https:\/\/teiaeducation.ch\/fr\/#organization"},"alternateName":"Teia Education & Play","potentialAction":[{"@type":"SearchAction","target":{"@type":"EntryPoint","urlTemplate":"https:\/\/teiaeducation.ch\/fr\/?s={search_term_string}"},"query-input":{"@type":"PropertyValueSpecification","valueRequired":true,"valueName":"search_term_string"}}],"inLanguage":"fr-FR"},{"@type":"Organization","@id":"https:\/\/teiaeducation.ch\/fr\/#organization","name":"Teia Education & Play","url":"https:\/\/teiaeducation.ch\/fr\/","logo":{"@type":"ImageObject","inLanguage":"fr-FR","@id":"https:\/\/teiaeducation.ch\/fr\/#\/schema\/logo\/image\/","url":"https:\/\/teiaeducation.ch\/wp-content\/uploads\/2020\/11\/Teia-Education-Switzerland-e1620156442216.jpg","contentUrl":"https:\/\/teiaeducation.ch\/wp-content\/uploads\/2020\/11\/Teia-Education-Switzerland-e1620156442216.jpg","width":166,"height":145,"caption":"Teia Education & Play"},"image":{"@id":"https:\/\/teiaeducation.ch\/fr\/#\/schema\/logo\/image\/"},"sameAs":["https:\/\/www.facebook.com\/teiaeducation\/","https:\/\/x.com\/EducationTeia","https:\/\/www.instagram.com\/teia.education\/","https:\/\/www.linkedin.com\/company\/35501660","https:\/\/www.pinterest.ch\/TeiaEducation\/"]}]}},"_links":{"self":[{"href":"https:\/\/teiaeducation.ch\/fr\/wp-json\/wp\/v2\/product\/35136","targetHints":{"allow":["GET"]}}],"collection":[{"href":"https:\/\/teiaeducation.ch\/fr\/wp-json\/wp\/v2\/product"}],"about":[{"href":"https:\/\/teiaeducation.ch\/fr\/wp-json\/wp\/v2\/types\/product"}],"replies":[{"embeddable":true,"href":"https:\/\/teiaeducation.ch\/fr\/wp-json\/wp\/v2\/comments?post=35136"}],"wp:featuredmedia":[{"embeddable":true,"href":"https:\/\/teiaeducation.ch\/fr\/wp-json\/wp\/v2\/media\/35091"}],"wp:attachment":[{"href":"https:\/\/teiaeducation.ch\/fr\/wp-json\/wp\/v2\/media?parent=35136"}],"wp:term":[{"taxonomy":"product_brand","embeddable":true,"href":"https:\/\/teiaeducation.ch\/fr\/wp-json\/wp\/v2\/product_brand?post=35136"},{"taxonomy":"product_cat","embeddable":true,"href":"https:\/\/teiaeducation.ch\/fr\/wp-json\/wp\/v2\/product_cat?post=35136"},{"taxonomy":"product_tag","embeddable":true,"href":"https:\/\/teiaeducation.ch\/fr\/wp-json\/wp\/v2\/product_tag?post=35136"}],"curies":[{"name":"wp","href":"https:\/\/api.w.org\/{rel}","templated":true}]}}