{"id":35138,"date":"2021-03-30T15:23:09","date_gmt":"2021-03-30T13:23:09","guid":{"rendered":"https:\/\/teiaeducation.ch\/product\/planche-a-tracer-en-bois-threewood\/"},"modified":"2024-12-29T10:12:47","modified_gmt":"2024-12-29T09:12:47","slug":"planche-a-tracer-en-bois-threewood","status":"publish","type":"product","link":"https:\/\/teiaeducation.ch\/fr\/produit\/planche-a-tracer-en-bois-threewood\/","title":{"rendered":"Planche \u00e0 tracer en bois &#8211; Threewood"},"content":{"rendered":"<p>Planche \u00e0 tracer d&#8217;\u00e9criture r\u00e9versible en bois fait main \/ Jouet d&#8217;apprentissage d&#8217;inspiration Montessori &#8211; Threewood<\/p>\n<p>La planche \u00e0 tracer r\u00e9versible en bois de Threewood, avec ses motifs d&#8217;\u00e9criture, est un merveilleux jouet artisanal d&#8217;apprentissage sensoriel du langage pour les jeunes enfants !<\/p>\n<p>Les enfants auront beaucoup de plaisir \u00e0 tracer les motifs avec leur index ou le stylo en bois inclus, tout en affinant leur motricit\u00e9 fine et en renfor\u00e7ant leurs mains pour se pr\u00e9parer \u00e0 l&#8217;\u00e9criture ! L&#8217;apprentissage de l&#8217;\u00e9criture et de la lecture devient un jeu amusant et pratique avec ce jouet \u00e9ducatif con\u00e7u et fabriqu\u00e9 avec amour, parfait pour l&#8217;apprentissage et le jeu Montessori \u00e0 domicile.<\/p>\n<p>Ce jouet d&#8217;apprentissage tactile magnifiquement naturel et de tr\u00e8s haute qualit\u00e9 pr\u00e9sente deux faces, chacune avec des motifs d&#8217;\u00e9criture distincts qui imitent les lettres de l&#8217;alphabet : d&#8217;un c\u00f4t\u00e9 des formes courbes et de l&#8217;autre des lignes droites. Fait main en ch\u00eane massif, la planche \u00e0 tracer r\u00e9versible comprend deux stylos en bois pour le tra\u00e7age et un magnifique petit sac de rangement en lin pour les stylos.<\/p>\n<p>La planche \u00e0 tracer en ch\u00eane massif est finie \u00e0 l&#8217;huile naturelle et mesure 20 x 20 cm pour une \u00e9paisseur de 1,8 cm. Les stylos sont fabriqu\u00e9s en contreplaqu\u00e9. Cet ensemble est fabriqu\u00e9 \u00e0 la main en Ukraine.<\/p>\n<p>Threewood est une \u00e9quipe ukrainienne compos\u00e9e d&#8217;un mari et d&#8217;une femme, Yuriy et Olga, qui cr\u00e9ent d&#8217;\u00e9tonnants jouets et mat\u00e9riels d&#8217;apprentissage faits main, inspir\u00e9s de la p\u00e9dagogie <a href=\"https:\/\/teiaeducation.ch\/fr\/categorie-produit\/methode-deducation\/montessori-fr\/\">Montessori<\/a>. Le nom Threewood repr\u00e9sente leurs 3 enfants et la passion pour le travail du bois que Yuriy a h\u00e9rit\u00e9 de son p\u00e8re et de son grand-p\u00e8re. Ces jouets en bois fabriqu\u00e9s \u00e0 la main sont pour la plupart sculpt\u00e9s dans du ch\u00eane et sont de la plus haute qualit\u00e9 et conception, promettant long\u00e9vit\u00e9 et apprentissage ludique pour des g\u00e9n\u00e9rations !<\/p>\n<p>Contenu :<\/p>\n<p>1 planche \u00e0 tracer r\u00e9versible en ch\u00eane<br \/>\n2 stylos en bois<br \/>\n1 sac en lin pour le rangement des stylos<\/p>\n","protected":false},"excerpt":{"rendered":"<p>Num\u00e9ro d&#8217;article: TW006<\/p>\n<p>La planche \u00e0 tracer en bois Threewood avec motifs d&#8217;\u00e9criture est un merveilleux jouet d&#8217;apprentissage du langage sensoriel inspir\u00e9 de Montessori et fabriqu\u00e9 \u00e0 la main pour les jeunes enfants !<\/p>\n","protected":false},"featured_media":34915,"comment_status":"open","ping_status":"closed","template":"","meta":[],"product_brand":[],"product_cat":[8527,215,216,285,606,605,22344,635,283,8526,17239,21257,13130,23020,22181,1220,23650,8567,7595,1218,217,5851,209,18894,212],"product_tag":[18899,18901,18898,18897,18903,18896,18904,18905,18895,18902,18900],"class_list":{"0":"post-35138","1":"product","2":"type-product","3":"status-publish","4":"has-post-thumbnail","6":"product_cat-3-6-ans-ecole-a-domicile","7":"product_cat-3-6-ans","8":"product_cat-6-12-ans","9":"product_cat-alphabetisation-langage","10":"product_cat-apprendre-a-ecrire","11":"product_cat-apprendre-a-lire","12":"product_cat-collections-saisonnieres","13":"product_cat-competences-motrices","14":"product_cat-domaines-du-curriculum","15":"product_cat-fournitures-scolaires-a-domicile","16":"product_cat-guide-cadeaux-educatifs","17":"product_cat-guides-cadeaux","18":"product_cat-jouer","19":"product_cat-jouets-en-bois","20":"product_cat-jouets-montessori","21":"product_cat-traditionnelle","22":"product_cat-la-rentree-scolaire","23":"product_cat-materiel-scolaire-montessori","24":"product_cat-methode-deducation","25":"product_cat-montessori-fr","26":"product_cat-marques","27":"product_cat-nouveautes","28":"product_cat-sensorielles-motrices","29":"product_cat-threewood-fr","30":"product_cat-tranche-dage","31":"product_tag-fabrique-en-ukraine","32":"product_tag-jouet-dapprentissage-dinspiration-montessori","33":"product_tag-jouet-dapprentissage-de-lalphabet-en-bois","34":"product_tag-jouet-dapprentissage-en-bois-fabrique-a-la-main","35":"product_tag-jouet-dapprentissage-montessori-fabrique-a-la-main","36":"product_tag-jouets-montessori-de-threewood","37":"product_tag-lettres-et-mots-en-bois","38":"product_tag-planche-a-lettres-en-bois-threewood","39":"product_tag-tableau-alphabetique-en-bois-anglais-threewood","40":"product_tag-tableau-alphabetique-en-bois-de-threewood","41":"product_tag-tableau-dalphabet-anglais-threewood","43":"first","44":"outofstock","45":"taxable","46":"shipping-taxable","47":"purchasable","48":"product-type-simple"},"yoast_head":"<!-- This site is optimized with the Yoast SEO plugin v27.1.1 - https:\/\/yoast.com\/product\/yoast-seo-wordpress\/ -->\n<title>Planche \u00e0 tracer en bois - Threewood - Teia Education &amp; Play<\/title>\n<meta name=\"description\" content=\"La planche \u00e0 tracer en bois fait main de Threewood avec motifs d&#039;\u00e9criture est un jouet d&#039;apprentissage inspir\u00e9 de la m\u00e9thode Montessori.\" \/>\n<meta name=\"robots\" content=\"index, follow, max-snippet:-1, max-image-preview:large, max-video-preview:-1\" \/>\n<link rel=\"canonical\" href=\"https:\/\/teiaeducation.ch\/fr\/produit\/planche-a-tracer-en-bois-threewood\/\" \/>\n<meta property=\"og:locale\" content=\"fr_FR\" \/>\n<meta property=\"og:type\" content=\"article\" \/>\n<meta property=\"og:title\" content=\"Planche \u00e0 tracer en bois - Threewood - Teia Education &amp; Play\" \/>\n<meta property=\"og:description\" content=\"La planche \u00e0 tracer en bois fait main de Threewood avec motifs d&#039;\u00e9criture est un jouet d&#039;apprentissage inspir\u00e9 de la m\u00e9thode Montessori.\" \/>\n<meta property=\"og:url\" content=\"https:\/\/teiaeducation.ch\/fr\/produit\/planche-a-tracer-en-bois-threewood\/\" \/>\n<meta property=\"og:site_name\" content=\"Sustainable Educational Products &amp; Ecological Toys\u00a0\" \/>\n<meta property=\"article:publisher\" content=\"https:\/\/www.facebook.com\/teiaeducation\/\" \/>\n<meta property=\"article:modified_time\" content=\"2024-12-29T09:12:47+00:00\" \/>\n<meta property=\"og:image\" content=\"https:\/\/teiaeducation.ch\/wp-content\/uploads\/2021\/03\/Wooden-tracing-board-Threewood.jpg\" \/>\n\t<meta property=\"og:image:width\" content=\"1588\" \/>\n\t<meta property=\"og:image:height\" content=\"1588\" \/>\n\t<meta property=\"og:image:type\" content=\"image\/jpeg\" \/>\n<script type=\"application\/ld+json\" class=\"yoast-schema-graph\">{\"@context\":\"https:\/\/schema.org\",\"@graph\":[{\"@type\":\"WebPage\",\"@id\":\"https:\/\/teiaeducation.ch\/fr\/produit\/planche-a-tracer-en-bois-threewood\/\",\"url\":\"https:\/\/teiaeducation.ch\/fr\/produit\/planche-a-tracer-en-bois-threewood\/\",\"name\":\"Planche \u00e0 tracer en bois - Threewood - Teia Education & Play\",\"isPartOf\":{\"@id\":\"https:\/\/teiaeducation.ch\/fr\/#website\"},\"primaryImageOfPage\":{\"@id\":\"https:\/\/teiaeducation.ch\/fr\/produit\/planche-a-tracer-en-bois-threewood\/#primaryimage\"},\"image\":{\"@id\":\"https:\/\/teiaeducation.ch\/fr\/produit\/planche-a-tracer-en-bois-threewood\/#primaryimage\"},\"thumbnailUrl\":\"https:\/\/teiaeducation.ch\/wp-content\/uploads\/2021\/03\/Wooden-tracing-board-Threewood.jpg\",\"datePublished\":\"2021-03-30T13:23:09+00:00\",\"dateModified\":\"2024-12-29T09:12:47+00:00\",\"description\":\"La planche \u00e0 tracer en bois fait main de Threewood avec motifs d'\u00e9criture est un jouet d'apprentissage inspir\u00e9 de la m\u00e9thode Montessori.\",\"breadcrumb\":{\"@id\":\"https:\/\/teiaeducation.ch\/fr\/produit\/planche-a-tracer-en-bois-threewood\/#breadcrumb\"},\"inLanguage\":\"fr-FR\",\"potentialAction\":[{\"@type\":\"ReadAction\",\"target\":[\"https:\/\/teiaeducation.ch\/fr\/produit\/planche-a-tracer-en-bois-threewood\/\"]}]},{\"@type\":\"ImageObject\",\"inLanguage\":\"fr-FR\",\"@id\":\"https:\/\/teiaeducation.ch\/fr\/produit\/planche-a-tracer-en-bois-threewood\/#primaryimage\",\"url\":\"https:\/\/teiaeducation.ch\/wp-content\/uploads\/2021\/03\/Wooden-tracing-board-Threewood.jpg\",\"contentUrl\":\"https:\/\/teiaeducation.ch\/wp-content\/uploads\/2021\/03\/Wooden-tracing-board-Threewood.jpg\",\"width\":1588,\"height\":1588,\"caption\":\"Planche \u00e0 tracer d'\u00e9criture r\u00e9versible en bois fait main \/ Jouet d'apprentissage d'inspiration Montessori - Threewood\"},{\"@type\":\"BreadcrumbList\",\"@id\":\"https:\/\/teiaeducation.ch\/fr\/produit\/planche-a-tracer-en-bois-threewood\/#breadcrumb\",\"itemListElement\":[{\"@type\":\"ListItem\",\"position\":1,\"name\":\"Home\",\"item\":\"https:\/\/teiaeducation.ch\/fr\/\"},{\"@type\":\"ListItem\",\"position\":2,\"name\":\"Boutique Teia Education &amp; Play\",\"item\":\"https:\/\/teiaeducation.ch\/fr\/boutique\/\"},{\"@type\":\"ListItem\",\"position\":3,\"name\":\"Domaines du Curriculum\",\"item\":\"https:\/\/teiaeducation.ch\/fr\/categorie-produit\/domaines-du-curriculum\/\"},{\"@type\":\"ListItem\",\"position\":4,\"name\":\"Alphab\u00e9tisation &amp; Langage\",\"item\":\"https:\/\/teiaeducation.ch\/fr\/categorie-produit\/domaines-du-curriculum\/alphabetisation-langage\/\"},{\"@type\":\"ListItem\",\"position\":5,\"name\":\"Apprendre \u00e0 \u00c9crire\",\"item\":\"https:\/\/teiaeducation.ch\/fr\/categorie-produit\/domaines-du-curriculum\/alphabetisation-langage\/apprendre-a-ecrire\/\"},{\"@type\":\"ListItem\",\"position\":6,\"name\":\"Planche \u00e0 tracer en bois &#8211; Threewood\"}]},{\"@type\":\"WebSite\",\"@id\":\"https:\/\/teiaeducation.ch\/fr\/#website\",\"url\":\"https:\/\/teiaeducation.ch\/fr\/\",\"name\":\"Sustainable Educational Products &amp; Ecological Toys\u00a0\",\"description\":\"Specialised Swiss shop selling sustainable educational toys and games, AMI certified Montessori materials, handmade ecological wooden Waldorf toys and arts &amp; crafts supplies, school supplies, children&#039;s furniture and Montessori reference and parenting books.\",\"publisher\":{\"@id\":\"https:\/\/teiaeducation.ch\/fr\/#organization\"},\"alternateName\":\"Teia Education & Play\",\"potentialAction\":[{\"@type\":\"SearchAction\",\"target\":{\"@type\":\"EntryPoint\",\"urlTemplate\":\"https:\/\/teiaeducation.ch\/fr\/?s={search_term_string}\"},\"query-input\":{\"@type\":\"PropertyValueSpecification\",\"valueRequired\":true,\"valueName\":\"search_term_string\"}}],\"inLanguage\":\"fr-FR\"},{\"@type\":\"Organization\",\"@id\":\"https:\/\/teiaeducation.ch\/fr\/#organization\",\"name\":\"Teia Education & Play\",\"url\":\"https:\/\/teiaeducation.ch\/fr\/\",\"logo\":{\"@type\":\"ImageObject\",\"inLanguage\":\"fr-FR\",\"@id\":\"https:\/\/teiaeducation.ch\/fr\/#\/schema\/logo\/image\/\",\"url\":\"https:\/\/teiaeducation.ch\/wp-content\/uploads\/2020\/11\/Teia-Education-Switzerland-e1620156442216.jpg\",\"contentUrl\":\"https:\/\/teiaeducation.ch\/wp-content\/uploads\/2020\/11\/Teia-Education-Switzerland-e1620156442216.jpg\",\"width\":166,\"height\":145,\"caption\":\"Teia Education & Play\"},\"image\":{\"@id\":\"https:\/\/teiaeducation.ch\/fr\/#\/schema\/logo\/image\/\"},\"sameAs\":[\"https:\/\/www.facebook.com\/teiaeducation\/\",\"https:\/\/x.com\/EducationTeia\",\"https:\/\/www.instagram.com\/teia.education\/\",\"https:\/\/www.linkedin.com\/company\/35501660\",\"https:\/\/www.pinterest.ch\/TeiaEducation\/\"]}]}<\/script>\n<!-- \/ Yoast SEO plugin. -->","yoast_head_json":{"title":"Planche \u00e0 tracer en bois - Threewood - Teia Education & Play","description":"La planche \u00e0 tracer en bois fait main de Threewood avec motifs d'\u00e9criture est un jouet d'apprentissage inspir\u00e9 de la m\u00e9thode Montessori.","robots":{"index":"index","follow":"follow","max-snippet":"max-snippet:-1","max-image-preview":"max-image-preview:large","max-video-preview":"max-video-preview:-1"},"canonical":"https:\/\/teiaeducation.ch\/fr\/produit\/planche-a-tracer-en-bois-threewood\/","og_locale":"fr_FR","og_type":"article","og_title":"Planche \u00e0 tracer en bois - Threewood - Teia Education & Play","og_description":"La planche \u00e0 tracer en bois fait main de Threewood avec motifs d'\u00e9criture est un jouet d'apprentissage inspir\u00e9 de la m\u00e9thode Montessori.","og_url":"https:\/\/teiaeducation.ch\/fr\/produit\/planche-a-tracer-en-bois-threewood\/","og_site_name":"Sustainable Educational Products &amp; Ecological Toys\u00a0","article_publisher":"https:\/\/www.facebook.com\/teiaeducation\/","article_modified_time":"2024-12-29T09:12:47+00:00","og_image":[{"width":1588,"height":1588,"url":"https:\/\/teiaeducation.ch\/wp-content\/uploads\/2021\/03\/Wooden-tracing-board-Threewood.jpg","type":"image\/jpeg"}],"schema":{"@context":"https:\/\/schema.org","@graph":[{"@type":"WebPage","@id":"https:\/\/teiaeducation.ch\/fr\/produit\/planche-a-tracer-en-bois-threewood\/","url":"https:\/\/teiaeducation.ch\/fr\/produit\/planche-a-tracer-en-bois-threewood\/","name":"Planche \u00e0 tracer en bois - Threewood - Teia Education & Play","isPartOf":{"@id":"https:\/\/teiaeducation.ch\/fr\/#website"},"primaryImageOfPage":{"@id":"https:\/\/teiaeducation.ch\/fr\/produit\/planche-a-tracer-en-bois-threewood\/#primaryimage"},"image":{"@id":"https:\/\/teiaeducation.ch\/fr\/produit\/planche-a-tracer-en-bois-threewood\/#primaryimage"},"thumbnailUrl":"https:\/\/teiaeducation.ch\/wp-content\/uploads\/2021\/03\/Wooden-tracing-board-Threewood.jpg","datePublished":"2021-03-30T13:23:09+00:00","dateModified":"2024-12-29T09:12:47+00:00","description":"La planche \u00e0 tracer en bois fait main de Threewood avec motifs d'\u00e9criture est un jouet d'apprentissage inspir\u00e9 de la m\u00e9thode Montessori.","breadcrumb":{"@id":"https:\/\/teiaeducation.ch\/fr\/produit\/planche-a-tracer-en-bois-threewood\/#breadcrumb"},"inLanguage":"fr-FR","potentialAction":[{"@type":"ReadAction","target":["https:\/\/teiaeducation.ch\/fr\/produit\/planche-a-tracer-en-bois-threewood\/"]}]},{"@type":"ImageObject","inLanguage":"fr-FR","@id":"https:\/\/teiaeducation.ch\/fr\/produit\/planche-a-tracer-en-bois-threewood\/#primaryimage","url":"https:\/\/teiaeducation.ch\/wp-content\/uploads\/2021\/03\/Wooden-tracing-board-Threewood.jpg","contentUrl":"https:\/\/teiaeducation.ch\/wp-content\/uploads\/2021\/03\/Wooden-tracing-board-Threewood.jpg","width":1588,"height":1588,"caption":"Planche \u00e0 tracer d'\u00e9criture r\u00e9versible en bois fait main \/ Jouet d'apprentissage d'inspiration Montessori - Threewood"},{"@type":"BreadcrumbList","@id":"https:\/\/teiaeducation.ch\/fr\/produit\/planche-a-tracer-en-bois-threewood\/#breadcrumb","itemListElement":[{"@type":"ListItem","position":1,"name":"Home","item":"https:\/\/teiaeducation.ch\/fr\/"},{"@type":"ListItem","position":2,"name":"Boutique Teia Education &amp; Play","item":"https:\/\/teiaeducation.ch\/fr\/boutique\/"},{"@type":"ListItem","position":3,"name":"Domaines du Curriculum","item":"https:\/\/teiaeducation.ch\/fr\/categorie-produit\/domaines-du-curriculum\/"},{"@type":"ListItem","position":4,"name":"Alphab\u00e9tisation &amp; Langage","item":"https:\/\/teiaeducation.ch\/fr\/categorie-produit\/domaines-du-curriculum\/alphabetisation-langage\/"},{"@type":"ListItem","position":5,"name":"Apprendre \u00e0 \u00c9crire","item":"https:\/\/teiaeducation.ch\/fr\/categorie-produit\/domaines-du-curriculum\/alphabetisation-langage\/apprendre-a-ecrire\/"},{"@type":"ListItem","position":6,"name":"Planche \u00e0 tracer en bois &#8211; Threewood"}]},{"@type":"WebSite","@id":"https:\/\/teiaeducation.ch\/fr\/#website","url":"https:\/\/teiaeducation.ch\/fr\/","name":"Sustainable Educational Products &amp; Ecological Toys\u00a0","description":"Specialised Swiss shop selling sustainable educational toys and games, AMI certified Montessori materials, handmade ecological wooden Waldorf toys and arts &amp; crafts supplies, school supplies, children&#039;s furniture and Montessori reference and parenting books.","publisher":{"@id":"https:\/\/teiaeducation.ch\/fr\/#organization"},"alternateName":"Teia Education & Play","potentialAction":[{"@type":"SearchAction","target":{"@type":"EntryPoint","urlTemplate":"https:\/\/teiaeducation.ch\/fr\/?s={search_term_string}"},"query-input":{"@type":"PropertyValueSpecification","valueRequired":true,"valueName":"search_term_string"}}],"inLanguage":"fr-FR"},{"@type":"Organization","@id":"https:\/\/teiaeducation.ch\/fr\/#organization","name":"Teia Education & Play","url":"https:\/\/teiaeducation.ch\/fr\/","logo":{"@type":"ImageObject","inLanguage":"fr-FR","@id":"https:\/\/teiaeducation.ch\/fr\/#\/schema\/logo\/image\/","url":"https:\/\/teiaeducation.ch\/wp-content\/uploads\/2020\/11\/Teia-Education-Switzerland-e1620156442216.jpg","contentUrl":"https:\/\/teiaeducation.ch\/wp-content\/uploads\/2020\/11\/Teia-Education-Switzerland-e1620156442216.jpg","width":166,"height":145,"caption":"Teia Education & Play"},"image":{"@id":"https:\/\/teiaeducation.ch\/fr\/#\/schema\/logo\/image\/"},"sameAs":["https:\/\/www.facebook.com\/teiaeducation\/","https:\/\/x.com\/EducationTeia","https:\/\/www.instagram.com\/teia.education\/","https:\/\/www.linkedin.com\/company\/35501660","https:\/\/www.pinterest.ch\/TeiaEducation\/"]}]}},"_links":{"self":[{"href":"https:\/\/teiaeducation.ch\/fr\/wp-json\/wp\/v2\/product\/35138","targetHints":{"allow":["GET"]}}],"collection":[{"href":"https:\/\/teiaeducation.ch\/fr\/wp-json\/wp\/v2\/product"}],"about":[{"href":"https:\/\/teiaeducation.ch\/fr\/wp-json\/wp\/v2\/types\/product"}],"replies":[{"embeddable":true,"href":"https:\/\/teiaeducation.ch\/fr\/wp-json\/wp\/v2\/comments?post=35138"}],"wp:featuredmedia":[{"embeddable":true,"href":"https:\/\/teiaeducation.ch\/fr\/wp-json\/wp\/v2\/media\/34915"}],"wp:attachment":[{"href":"https:\/\/teiaeducation.ch\/fr\/wp-json\/wp\/v2\/media?parent=35138"}],"wp:term":[{"taxonomy":"product_brand","embeddable":true,"href":"https:\/\/teiaeducation.ch\/fr\/wp-json\/wp\/v2\/product_brand?post=35138"},{"taxonomy":"product_cat","embeddable":true,"href":"https:\/\/teiaeducation.ch\/fr\/wp-json\/wp\/v2\/product_cat?post=35138"},{"taxonomy":"product_tag","embeddable":true,"href":"https:\/\/teiaeducation.ch\/fr\/wp-json\/wp\/v2\/product_tag?post=35138"}],"curies":[{"name":"wp","href":"https:\/\/api.w.org\/{rel}","templated":true}]}}