{"id":35141,"date":"2021-06-10T11:00:09","date_gmt":"2021-06-10T09:00:09","guid":{"rendered":"https:\/\/teiaeducation.ch\/product\/livre-foraging-with-kids-adele-nozedar\/"},"modified":"2021-10-08T20:18:54","modified_gmt":"2021-10-08T18:18:54","slug":"livre-foraging-with-kids-adele-nozedar","status":"publish","type":"product","link":"https:\/\/teiaeducation.ch\/fr\/produit\/livre-foraging-with-kids-adele-nozedar\/","title":{"rendered":"Foraging with kids &#8211; Adele Nozedar"},"content":{"rendered":"<p>Livre foraging with kids par Adele Nozedar \/ Un guide de la recherche de nourriture en famille<\/p>\n<p>Le livre d&#8217;Adele Nozedar, foraging with kids : 52 aliments sauvages et gratuits \u00e0 d\u00e9guster avec vos enfants, est un excellent guide de la recherche de nourriture en famille.<\/p>\n<p>Adele Nozedar est l&#8217;auteur britannique de best-sellers sur la recherche de nourriture et son guide pratique et amusant encourage les familles \u00e0 sortir et \u00e0 interagir avec leur environnement, en embrassant la nature.<\/p>\n<p>Parfait antidote au temps pass\u00e9 devant les \u00e9crans et aux modes de vie s\u00e9dentaires d&#8217;aujourd&#8217;hui, le <a href=\"https:\/\/teiaeducation.ch\/fr\/categorie-produit\/appui-au-curriculum\/livres-appui-au-curriculum\/\">livre<\/a> \u00e0 couverture cartonn\u00e9 &#8220;Foraging with kids&#8221; est rempli de projets amusants autour de 50 plantes faciles \u00e0 identifier que l&#8217;on trouve en abondance dans le monde entier, dans les parcs, les for\u00eats et les haies. Le livre est adapt\u00e9e \u00e0 tous les lieux de vie, de la ville \u00e0 la campagne.<\/p>\n<p>Un excellent moyen de promouvoir une alimentation saine, les enfants sont beaucoup plus susceptibles de manger sainement lorsqu&#8217;ils ont aid\u00e9 \u00e0 trouver les ingr\u00e9dients ! Il y a aussi beaucoup d&#8217;id\u00e9es pour utiliser vos trouvailles d&#8217;autres fa\u00e7ons, y compris la fabrication de savon avec des conques et l&#8217;arr\u00eat de l&#8217;h\u00e9morragie de coupures mineures avec de l&#8217;herbe aux bless\u00e9s.<\/p>\n<p>Avec de magnifiques illustrations dessin\u00e9es \u00e0 la main et toutes les informations n\u00e9cessaires \u00e0 l&#8217;identification, ce livre propose une gamme inspirante de projets pratiques et amusants qui permettront \u00e0 toute la famille de s&#8217;amuser en plein air.<\/p>\n<p>Adele Nozedar est un auteur, un r\u00e9dacteur gastronomique et une fourrag\u00e8re passionn\u00e9e. Elle a notamment publi\u00e9 The Hedgerow Handbook et The Garden Forager. Elle a fond\u00e9 Brecon Beacons Foraging, qui propose des cours r\u00e9guliers de recherche de nourriture destin\u00e9s \u00e0 \u00e9veiller vos sens et \u00e0 vous aider \u00e0 trouver et \u00e0 reconna\u00eetre les plantes, les champignons et la faune qui nous entourent.<\/p>\n<p>Le livre &#8220;foraging with kids&#8221; est publi\u00e9 par Random House, New York, \u00c9tats-Unis.<\/p>\n<p>Contenu :<\/p>\n<p>1 livre cartonn\u00e9, 224 pages.<\/p>\n","protected":false},"excerpt":{"rendered":"<p>Num\u00e9ro d&#8217;article: 25366073<\/p>\n<p>Le livre d&#8217;Adele Nozedar, Foraging with Kids explore 52 aliments sauvages et gratuits \u00e0 d\u00e9guster avec vos enfants, et est un excellent guide de la recherche de nourriture en famille.<\/p>\n","protected":false},"featured_media":62938,"comment_status":"open","ping_status":"closed","template":"","meta":[],"product_brand":[],"product_cat":[8527,215,8580,216,16898,23635,18893,22344,284,283,593,8526,18913,13130,23132,1220,291,311,20665,8567,7595,1218,217,5851,18935,292,212,1219],"product_tag":[18934,18932,18931,18933,18928,18927,18926,18936,18929,18930],"class_list":{"0":"post-35141","1":"product","2":"type-product","3":"status-publish","4":"has-post-thumbnail","6":"product_cat-3-6-ans-ecole-a-domicile","7":"product_cat-3-6-ans","8":"product_cat-6-12-ans-ecole-a-domicile","9":"product_cat-6-12-ans","10":"product_cat-collection-automne","11":"product_cat-collection-dete","12":"product_cat-collection-printemps","13":"product_cat-collections-saisonnieres","14":"product_cat-culture-sciences","15":"product_cat-domaines-du-curriculum","16":"product_cat-etudes-botaniques","17":"product_cat-fournitures-scolaires-a-domicile","18":"product_cat-jeu-de-la-nature","19":"product_cat-jouer","20":"product_cat-jouets-de-plein-air","21":"product_cat-traditionnelle","22":"product_cat-la-vie-pratique","23":"product_cat-livres-appui-au-curriculum","24":"product_cat-manuels-de-loisirs-creatifs","25":"product_cat-materiel-scolaire-montessori","26":"product_cat-methode-deducation","27":"product_cat-montessori-fr","28":"product_cat-marques","29":"product_cat-nouveautes","30":"product_cat-random-house-n-y-fr","31":"product_cat-appui-au-curriculum","32":"product_cat-tranche-dage","33":"product_cat-waldorf-fr","34":"product_tag-activites-dans-la-nature-avec-des-enfants","35":"product_tag-activites-de-plein-air-pour-les-enfants","36":"product_tag-activites-de-plein-air-pour-les-familles","37":"product_tag-adele-nozedar-livres","38":"product_tag-fourrage-en-famille","39":"product_tag-la-recherche-de-nourriture-avec-les-enfants-fr","40":"product_tag-la-recherche-de-nourriture-avec-les-enfants","41":"product_tag-livre-foraging-with-kids-by-adele-nozedar","42":"product_tag-livres-sur-la-recherche-de-nourriture","43":"product_tag-une-recherche-sure-de-nourriture","45":"first","46":"instock","47":"taxable","48":"shipping-taxable","49":"purchasable","50":"product-type-simple"},"yoast_head":"<!-- This site is optimized with the Yoast SEO plugin v27.1.1 - https:\/\/yoast.com\/product\/yoast-seo-wordpress\/ -->\n<title>Livre foraging with kids par Adele Nozedar<\/title>\n<meta name=\"description\" content=\"Le livre d&#039;Adele Nozedar, foraging with kids : 52 aliments sauvages et gratuits \u00e0 d\u00e9guster, est un excellent guide de la recherche de nourriture en famille.\" \/>\n<meta name=\"robots\" content=\"index, follow, max-snippet:-1, max-image-preview:large, max-video-preview:-1\" \/>\n<link rel=\"canonical\" href=\"https:\/\/teiaeducation.ch\/fr\/produit\/livre-foraging-with-kids-adele-nozedar\/\" \/>\n<meta property=\"og:locale\" content=\"fr_FR\" \/>\n<meta property=\"og:type\" content=\"article\" \/>\n<meta property=\"og:title\" content=\"Livre foraging with kids par Adele Nozedar\" \/>\n<meta property=\"og:description\" content=\"Le livre d&#039;Adele Nozedar, foraging with kids : 52 aliments sauvages et gratuits \u00e0 d\u00e9guster, est un excellent guide de la recherche de nourriture en famille.\" \/>\n<meta property=\"og:url\" content=\"https:\/\/teiaeducation.ch\/fr\/produit\/livre-foraging-with-kids-adele-nozedar\/\" \/>\n<meta property=\"og:site_name\" content=\"Sustainable Educational Products &amp; Ecological Toys\u00a0\" \/>\n<meta property=\"article:publisher\" content=\"https:\/\/www.facebook.com\/teiaeducation\/\" \/>\n<meta property=\"article:modified_time\" content=\"2021-10-08T18:18:54+00:00\" \/>\n<meta property=\"og:image\" content=\"https:\/\/teiaeducation.ch\/wp-content\/uploads\/2021\/06\/guide-safe-family-foraging-Book-foraging-with-kids-by-Adele-Nozedar.jpg\" \/>\n\t<meta property=\"og:image:width\" content=\"901\" \/>\n\t<meta property=\"og:image:height\" content=\"1018\" \/>\n\t<meta property=\"og:image:type\" content=\"image\/jpeg\" \/>\n<script type=\"application\/ld+json\" class=\"yoast-schema-graph\">{\"@context\":\"https:\/\/schema.org\",\"@graph\":[{\"@type\":\"WebPage\",\"@id\":\"https:\/\/teiaeducation.ch\/fr\/produit\/livre-foraging-with-kids-adele-nozedar\/\",\"url\":\"https:\/\/teiaeducation.ch\/fr\/produit\/livre-foraging-with-kids-adele-nozedar\/\",\"name\":\"Livre foraging with kids par Adele Nozedar\",\"isPartOf\":{\"@id\":\"https:\/\/teiaeducation.ch\/fr\/#website\"},\"primaryImageOfPage\":{\"@id\":\"https:\/\/teiaeducation.ch\/fr\/produit\/livre-foraging-with-kids-adele-nozedar\/#primaryimage\"},\"image\":{\"@id\":\"https:\/\/teiaeducation.ch\/fr\/produit\/livre-foraging-with-kids-adele-nozedar\/#primaryimage\"},\"thumbnailUrl\":\"https:\/\/teiaeducation.ch\/wp-content\/uploads\/2021\/06\/guide-safe-family-foraging-Book-foraging-with-kids-by-Adele-Nozedar.jpg\",\"datePublished\":\"2021-06-10T09:00:09+00:00\",\"dateModified\":\"2021-10-08T18:18:54+00:00\",\"description\":\"Le livre d'Adele Nozedar, foraging with kids : 52 aliments sauvages et gratuits \u00e0 d\u00e9guster, est un excellent guide de la recherche de nourriture en famille.\",\"breadcrumb\":{\"@id\":\"https:\/\/teiaeducation.ch\/fr\/produit\/livre-foraging-with-kids-adele-nozedar\/#breadcrumb\"},\"inLanguage\":\"fr-FR\",\"potentialAction\":[{\"@type\":\"ReadAction\",\"target\":[\"https:\/\/teiaeducation.ch\/fr\/produit\/livre-foraging-with-kids-adele-nozedar\/\"]}]},{\"@type\":\"ImageObject\",\"inLanguage\":\"fr-FR\",\"@id\":\"https:\/\/teiaeducation.ch\/fr\/produit\/livre-foraging-with-kids-adele-nozedar\/#primaryimage\",\"url\":\"https:\/\/teiaeducation.ch\/wp-content\/uploads\/2021\/06\/guide-safe-family-foraging-Book-foraging-with-kids-by-Adele-Nozedar.jpg\",\"contentUrl\":\"https:\/\/teiaeducation.ch\/wp-content\/uploads\/2021\/06\/guide-safe-family-foraging-Book-foraging-with-kids-by-Adele-Nozedar.jpg\",\"width\":901,\"height\":1018,\"caption\":\"guide safe family foraging Book foraging with kids by Adele Nozedar\"},{\"@type\":\"BreadcrumbList\",\"@id\":\"https:\/\/teiaeducation.ch\/fr\/produit\/livre-foraging-with-kids-adele-nozedar\/#breadcrumb\",\"itemListElement\":[{\"@type\":\"ListItem\",\"position\":1,\"name\":\"Home\",\"item\":\"https:\/\/teiaeducation.ch\/fr\/\"},{\"@type\":\"ListItem\",\"position\":2,\"name\":\"Boutique Teia Education &amp; Play\",\"item\":\"https:\/\/teiaeducation.ch\/fr\/boutique\/\"},{\"@type\":\"ListItem\",\"position\":3,\"name\":\"Nos Marques\",\"item\":\"https:\/\/teiaeducation.ch\/fr\/categorie-produit\/marques\/\"},{\"@type\":\"ListItem\",\"position\":4,\"name\":\"Random House N.Y.\",\"item\":\"https:\/\/teiaeducation.ch\/fr\/categorie-produit\/marques\/random-house-n-y-fr\/\"},{\"@type\":\"ListItem\",\"position\":5,\"name\":\"Foraging with kids &#8211; Adele Nozedar\"}]},{\"@type\":\"WebSite\",\"@id\":\"https:\/\/teiaeducation.ch\/fr\/#website\",\"url\":\"https:\/\/teiaeducation.ch\/fr\/\",\"name\":\"Sustainable Educational Products &amp; Ecological Toys\u00a0\",\"description\":\"Specialised Swiss shop selling sustainable educational toys and games, AMI certified Montessori materials, handmade ecological wooden Waldorf toys and arts &amp; crafts supplies, school supplies, children&#039;s furniture and Montessori reference and parenting books.\",\"publisher\":{\"@id\":\"https:\/\/teiaeducation.ch\/fr\/#organization\"},\"alternateName\":\"Teia Education & Play\",\"potentialAction\":[{\"@type\":\"SearchAction\",\"target\":{\"@type\":\"EntryPoint\",\"urlTemplate\":\"https:\/\/teiaeducation.ch\/fr\/?s={search_term_string}\"},\"query-input\":{\"@type\":\"PropertyValueSpecification\",\"valueRequired\":true,\"valueName\":\"search_term_string\"}}],\"inLanguage\":\"fr-FR\"},{\"@type\":\"Organization\",\"@id\":\"https:\/\/teiaeducation.ch\/fr\/#organization\",\"name\":\"Teia Education & Play\",\"url\":\"https:\/\/teiaeducation.ch\/fr\/\",\"logo\":{\"@type\":\"ImageObject\",\"inLanguage\":\"fr-FR\",\"@id\":\"https:\/\/teiaeducation.ch\/fr\/#\/schema\/logo\/image\/\",\"url\":\"https:\/\/teiaeducation.ch\/wp-content\/uploads\/2020\/11\/Teia-Education-Switzerland-e1620156442216.jpg\",\"contentUrl\":\"https:\/\/teiaeducation.ch\/wp-content\/uploads\/2020\/11\/Teia-Education-Switzerland-e1620156442216.jpg\",\"width\":166,\"height\":145,\"caption\":\"Teia Education & Play\"},\"image\":{\"@id\":\"https:\/\/teiaeducation.ch\/fr\/#\/schema\/logo\/image\/\"},\"sameAs\":[\"https:\/\/www.facebook.com\/teiaeducation\/\",\"https:\/\/x.com\/EducationTeia\",\"https:\/\/www.instagram.com\/teia.education\/\",\"https:\/\/www.linkedin.com\/company\/35501660\",\"https:\/\/www.pinterest.ch\/TeiaEducation\/\"]}]}<\/script>\n<!-- \/ Yoast SEO plugin. -->","yoast_head_json":{"title":"Livre foraging with kids par Adele Nozedar","description":"Le livre d'Adele Nozedar, foraging with kids : 52 aliments sauvages et gratuits \u00e0 d\u00e9guster, est un excellent guide de la recherche de nourriture en famille.","robots":{"index":"index","follow":"follow","max-snippet":"max-snippet:-1","max-image-preview":"max-image-preview:large","max-video-preview":"max-video-preview:-1"},"canonical":"https:\/\/teiaeducation.ch\/fr\/produit\/livre-foraging-with-kids-adele-nozedar\/","og_locale":"fr_FR","og_type":"article","og_title":"Livre foraging with kids par Adele Nozedar","og_description":"Le livre d'Adele Nozedar, foraging with kids : 52 aliments sauvages et gratuits \u00e0 d\u00e9guster, est un excellent guide de la recherche de nourriture en famille.","og_url":"https:\/\/teiaeducation.ch\/fr\/produit\/livre-foraging-with-kids-adele-nozedar\/","og_site_name":"Sustainable Educational Products &amp; Ecological Toys\u00a0","article_publisher":"https:\/\/www.facebook.com\/teiaeducation\/","article_modified_time":"2021-10-08T18:18:54+00:00","og_image":[{"width":901,"height":1018,"url":"https:\/\/teiaeducation.ch\/wp-content\/uploads\/2021\/06\/guide-safe-family-foraging-Book-foraging-with-kids-by-Adele-Nozedar.jpg","type":"image\/jpeg"}],"schema":{"@context":"https:\/\/schema.org","@graph":[{"@type":"WebPage","@id":"https:\/\/teiaeducation.ch\/fr\/produit\/livre-foraging-with-kids-adele-nozedar\/","url":"https:\/\/teiaeducation.ch\/fr\/produit\/livre-foraging-with-kids-adele-nozedar\/","name":"Livre foraging with kids par Adele Nozedar","isPartOf":{"@id":"https:\/\/teiaeducation.ch\/fr\/#website"},"primaryImageOfPage":{"@id":"https:\/\/teiaeducation.ch\/fr\/produit\/livre-foraging-with-kids-adele-nozedar\/#primaryimage"},"image":{"@id":"https:\/\/teiaeducation.ch\/fr\/produit\/livre-foraging-with-kids-adele-nozedar\/#primaryimage"},"thumbnailUrl":"https:\/\/teiaeducation.ch\/wp-content\/uploads\/2021\/06\/guide-safe-family-foraging-Book-foraging-with-kids-by-Adele-Nozedar.jpg","datePublished":"2021-06-10T09:00:09+00:00","dateModified":"2021-10-08T18:18:54+00:00","description":"Le livre d'Adele Nozedar, foraging with kids : 52 aliments sauvages et gratuits \u00e0 d\u00e9guster, est un excellent guide de la recherche de nourriture en famille.","breadcrumb":{"@id":"https:\/\/teiaeducation.ch\/fr\/produit\/livre-foraging-with-kids-adele-nozedar\/#breadcrumb"},"inLanguage":"fr-FR","potentialAction":[{"@type":"ReadAction","target":["https:\/\/teiaeducation.ch\/fr\/produit\/livre-foraging-with-kids-adele-nozedar\/"]}]},{"@type":"ImageObject","inLanguage":"fr-FR","@id":"https:\/\/teiaeducation.ch\/fr\/produit\/livre-foraging-with-kids-adele-nozedar\/#primaryimage","url":"https:\/\/teiaeducation.ch\/wp-content\/uploads\/2021\/06\/guide-safe-family-foraging-Book-foraging-with-kids-by-Adele-Nozedar.jpg","contentUrl":"https:\/\/teiaeducation.ch\/wp-content\/uploads\/2021\/06\/guide-safe-family-foraging-Book-foraging-with-kids-by-Adele-Nozedar.jpg","width":901,"height":1018,"caption":"guide safe family foraging Book foraging with kids by Adele Nozedar"},{"@type":"BreadcrumbList","@id":"https:\/\/teiaeducation.ch\/fr\/produit\/livre-foraging-with-kids-adele-nozedar\/#breadcrumb","itemListElement":[{"@type":"ListItem","position":1,"name":"Home","item":"https:\/\/teiaeducation.ch\/fr\/"},{"@type":"ListItem","position":2,"name":"Boutique Teia Education &amp; Play","item":"https:\/\/teiaeducation.ch\/fr\/boutique\/"},{"@type":"ListItem","position":3,"name":"Nos Marques","item":"https:\/\/teiaeducation.ch\/fr\/categorie-produit\/marques\/"},{"@type":"ListItem","position":4,"name":"Random House N.Y.","item":"https:\/\/teiaeducation.ch\/fr\/categorie-produit\/marques\/random-house-n-y-fr\/"},{"@type":"ListItem","position":5,"name":"Foraging with kids &#8211; Adele Nozedar"}]},{"@type":"WebSite","@id":"https:\/\/teiaeducation.ch\/fr\/#website","url":"https:\/\/teiaeducation.ch\/fr\/","name":"Sustainable Educational Products &amp; Ecological Toys\u00a0","description":"Specialised Swiss shop selling sustainable educational toys and games, AMI certified Montessori materials, handmade ecological wooden Waldorf toys and arts &amp; crafts supplies, school supplies, children&#039;s furniture and Montessori reference and parenting books.","publisher":{"@id":"https:\/\/teiaeducation.ch\/fr\/#organization"},"alternateName":"Teia Education & Play","potentialAction":[{"@type":"SearchAction","target":{"@type":"EntryPoint","urlTemplate":"https:\/\/teiaeducation.ch\/fr\/?s={search_term_string}"},"query-input":{"@type":"PropertyValueSpecification","valueRequired":true,"valueName":"search_term_string"}}],"inLanguage":"fr-FR"},{"@type":"Organization","@id":"https:\/\/teiaeducation.ch\/fr\/#organization","name":"Teia Education & Play","url":"https:\/\/teiaeducation.ch\/fr\/","logo":{"@type":"ImageObject","inLanguage":"fr-FR","@id":"https:\/\/teiaeducation.ch\/fr\/#\/schema\/logo\/image\/","url":"https:\/\/teiaeducation.ch\/wp-content\/uploads\/2020\/11\/Teia-Education-Switzerland-e1620156442216.jpg","contentUrl":"https:\/\/teiaeducation.ch\/wp-content\/uploads\/2020\/11\/Teia-Education-Switzerland-e1620156442216.jpg","width":166,"height":145,"caption":"Teia Education & Play"},"image":{"@id":"https:\/\/teiaeducation.ch\/fr\/#\/schema\/logo\/image\/"},"sameAs":["https:\/\/www.facebook.com\/teiaeducation\/","https:\/\/x.com\/EducationTeia","https:\/\/www.instagram.com\/teia.education\/","https:\/\/www.linkedin.com\/company\/35501660","https:\/\/www.pinterest.ch\/TeiaEducation\/"]}]}},"_links":{"self":[{"href":"https:\/\/teiaeducation.ch\/fr\/wp-json\/wp\/v2\/product\/35141","targetHints":{"allow":["GET"]}}],"collection":[{"href":"https:\/\/teiaeducation.ch\/fr\/wp-json\/wp\/v2\/product"}],"about":[{"href":"https:\/\/teiaeducation.ch\/fr\/wp-json\/wp\/v2\/types\/product"}],"replies":[{"embeddable":true,"href":"https:\/\/teiaeducation.ch\/fr\/wp-json\/wp\/v2\/comments?post=35141"}],"wp:featuredmedia":[{"embeddable":true,"href":"https:\/\/teiaeducation.ch\/fr\/wp-json\/wp\/v2\/media\/62938"}],"wp:attachment":[{"href":"https:\/\/teiaeducation.ch\/fr\/wp-json\/wp\/v2\/media?parent=35141"}],"wp:term":[{"taxonomy":"product_brand","embeddable":true,"href":"https:\/\/teiaeducation.ch\/fr\/wp-json\/wp\/v2\/product_brand?post=35141"},{"taxonomy":"product_cat","embeddable":true,"href":"https:\/\/teiaeducation.ch\/fr\/wp-json\/wp\/v2\/product_cat?post=35141"},{"taxonomy":"product_tag","embeddable":true,"href":"https:\/\/teiaeducation.ch\/fr\/wp-json\/wp\/v2\/product_tag?post=35141"}],"curies":[{"name":"wp","href":"https:\/\/api.w.org\/{rel}","templated":true}]}}