{"id":35144,"date":"2021-07-01T12:53:30","date_gmt":"2021-07-01T10:53:30","guid":{"rendered":"https:\/\/teiaeducation.ch\/product\/livre-the-montessori-toddler-simone-davies\/"},"modified":"2024-01-15T13:32:50","modified_gmt":"2024-01-15T12:32:50","slug":"livre-the-montessori-toddler-simone-davies","status":"publish","type":"product","link":"https:\/\/teiaeducation.ch\/fr\/produit\/livre-the-montessori-toddler-simone-davies\/","title":{"rendered":"The Montessori toddler &#8211; Simone Davies"},"content":{"rendered":"<p>Livre the Montessori toddler par Simone Davies \/ Guide parental Montessori pour les tout-petits<\/p>\n<p>Le livre de Simone Davies, The Montessori Toddler &#8211; A comprehensive parent&#8217;s guide to raising a curious and responsible human being (Montessori pour les tout-petits, un guide parental complet pour \u00e9lever un \u00eatre humain curieux et responsable), vous aide \u00e0 apporter les avantages de l&#8217;\u00e9ducation Montessori dans votre maison et \u00e0 \u00e9lever les tout-petits \u00e0 la mani\u00e8re <a href=\"https:\/\/teiaeducation.ch\/fr\/categorie-produit\/methode-deducation\/montessori-fr\/\">Montessori<\/a>.<\/p>\n<p>L&#8217;auteur, Simone Davies, est une enseignante Montessori agr\u00e9\u00e9e par l&#8217;AMI (Association Montessori Internationale) et une m\u00e8re. Dans ce livre indispensable et perspicace, elle vous montre comment ramener le calme dans votre maison et comment utiliser les valeurs \u00e9ducatives d&#8217;une classe Montessori pour cr\u00e9er des espaces conviviaux dans votre maison et encourager la curiosit\u00e9, la responsabilit\u00e9, le respect et l&#8217;amour de l&#8217;apprentissage chez votre enfant.<\/p>\n<p>Des comp\u00e9tences Montessori utiles au quotidien sont partag\u00e9es, y compris des astuces pour l&#8217;ind\u00e9pendance, comme le retournement de manteau, et apprendre \u00e0 votre enfant \u00e0 verser son eau et \u00e0 nettoyer les d\u00e9g\u00e2ts. Ce livre montre \u00e9galement aux parents comment \u00eatre pr\u00e9sents, \u00eatre le guide de leur enfant \u00e0 la mani\u00e8re Montessori, et g\u00e9rer les crises de col\u00e8re et les comportements probl\u00e9matiques de mani\u00e8re efficace et calme sans recourir aux menaces.<\/p>\n<p>Simone Davies renverse l&#8217;id\u00e9e des &#8220;terribles deux ans&#8221; dans ce livre formidable et nous aide \u00e0 c\u00e9l\u00e9brer v\u00e9ritablement chaque \u00e9tape de l&#8217;enfance. Magnifiquement con\u00e7u, ce livre est un guide accessible pour faire de votre maison et de votre vie familiale un havre de paix propice au d\u00e9veloppement intellectuel et \u00e9motionnel de votre enfant.<\/p>\n<p>The Montessori Toddler est magnifiquement illustr\u00e9 par Hiyoko Imai et publi\u00e9 par Workman Publishing, New York, \u00c9tats-Unis.<\/p>\n<p>Contenu :<\/p>\n<p>1 livre \u00e0 couverture souple, 248 pages.<\/p>\n","protected":false},"excerpt":{"rendered":"<p>Num\u00e9ro d&#8217;article : 27758695<\/p>\n<p>Le livre de Simone Davies, the Montessori toddler &#8211;\u00a0Montessori pour les tout-petits &#8211; est un guide parental complet pour \u00e9lever un \u00eatre humain curieux et responsable.<\/p>\n","protected":false},"featured_media":53681,"comment_status":"open","ping_status":"closed","template":"","meta":[],"product_brand":[],"product_cat":[208,22344,8526,8572,23650,311,20666,20667,8567,7595,1218,217,5851,292,212],"product_tag":[18950,18956,18955,18957,18952,18948,18947,18953,18951,18949,18954],"class_list":{"0":"post-35144","1":"product","2":"type-product","3":"status-publish","4":"has-post-thumbnail","6":"product_cat-1-3-ans","7":"product_cat-collections-saisonnieres","8":"product_cat-fournitures-scolaires-a-domicile","9":"product_cat-jeu-et-apprentissage-pour-bebes-et-jeunes-enfants","10":"product_cat-la-rentree-scolaire","11":"product_cat-livres-appui-au-curriculum","12":"product_cat-livres-montessori","13":"product_cat-livres-sur-la-parentalite","14":"product_cat-materiel-scolaire-montessori","15":"product_cat-methode-deducation","16":"product_cat-montessori-fr","17":"product_cat-marques","18":"product_cat-nouveautes","19":"product_cat-appui-au-curriculum","20":"product_cat-tranche-dage","21":"product_tag-guide-parental-montessori","22":"product_tag-leducation-des-enfants-selon-le-modele-montessori","23":"product_tag-le-calme-dans-la-parentalite","24":"product_tag-livre-the-montessori-toddler-by-simone-davies","25":"product_tag-livres-sur-leducation-des-enfants","26":"product_tag-livres-sur-la-parentalite-montessori","27":"product_tag-montessori-a-la-maison","28":"product_tag-montessori-pour-les-tout-petits","29":"product_tag-montessori-tout-petits","30":"product_tag-parentalite-montessori","31":"product_tag-une-parentalite-efficace","33":"first","34":"instock","35":"taxable","36":"shipping-taxable","37":"purchasable","38":"product-type-variable"},"yoast_head":"<!-- This site is optimized with the Yoast SEO Premium plugin v25.8 (Yoast SEO v27.4) - https:\/\/yoast.com\/product\/yoast-seo-premium-wordpress\/ -->\n<title>Livre the Montessori toddler par Simone Davies<\/title>\n<meta name=\"description\" content=\"Le livre de Simone Davies, the Montessori toddler, est un guide parental complet pour \u00e9lever des tout-petits curieux et responsable.\" \/>\n<meta name=\"robots\" content=\"index, follow, max-snippet:-1, max-image-preview:large, max-video-preview:-1\" \/>\n<link rel=\"canonical\" href=\"https:\/\/teiaeducation.ch\/fr\/produit\/livre-the-montessori-toddler-simone-davies\/\" \/>\n<meta property=\"og:locale\" content=\"fr_FR\" \/>\n<meta property=\"og:type\" content=\"article\" \/>\n<meta property=\"og:title\" content=\"The Montessori toddler - Simone Davies\" \/>\n<meta property=\"og:description\" content=\"Le livre de Simone Davies, the Montessori toddler, est un guide parental complet pour \u00e9lever des tout-petits curieux et responsable.\" \/>\n<meta property=\"og:url\" content=\"https:\/\/teiaeducation.ch\/fr\/produit\/livre-the-montessori-toddler-simone-davies\/\" \/>\n<meta property=\"og:site_name\" content=\"Sustainable Educational Products &amp; Ecological Toys\u00a0\" \/>\n<meta property=\"article:publisher\" content=\"https:\/\/www.facebook.com\/teiaeducation\/\" \/>\n<meta property=\"article:modified_time\" content=\"2024-01-15T12:32:50+00:00\" \/>\n<meta property=\"og:image\" content=\"https:\/\/teiaeducation.ch\/wp-content\/uploads\/2021\/04\/Book-the-Montessori-toddler-Simone-Davies-scaled.jpg\" \/>\n\t<meta property=\"og:image:width\" content=\"1523\" \/>\n\t<meta property=\"og:image:height\" content=\"2048\" \/>\n\t<meta property=\"og:image:type\" content=\"image\/jpeg\" \/>\n<script type=\"application\/ld+json\" class=\"yoast-schema-graph\">{\"@context\":\"https:\\\/\\\/schema.org\",\"@graph\":[{\"@type\":\"WebPage\",\"@id\":\"https:\\\/\\\/teiaeducation.ch\\\/fr\\\/produit\\\/livre-the-montessori-toddler-simone-davies\\\/\",\"url\":\"https:\\\/\\\/teiaeducation.ch\\\/fr\\\/produit\\\/livre-the-montessori-toddler-simone-davies\\\/\",\"name\":\"Livre the Montessori toddler par Simone Davies\",\"isPartOf\":{\"@id\":\"https:\\\/\\\/teiaeducation.ch\\\/fr\\\/#website\"},\"primaryImageOfPage\":{\"@id\":\"https:\\\/\\\/teiaeducation.ch\\\/fr\\\/produit\\\/livre-the-montessori-toddler-simone-davies\\\/#primaryimage\"},\"image\":{\"@id\":\"https:\\\/\\\/teiaeducation.ch\\\/fr\\\/produit\\\/livre-the-montessori-toddler-simone-davies\\\/#primaryimage\"},\"thumbnailUrl\":\"https:\\\/\\\/teiaeducation.ch\\\/wp-content\\\/uploads\\\/2021\\\/04\\\/Book-the-Montessori-toddler-Simone-Davies-scaled.jpg\",\"datePublished\":\"2021-07-01T10:53:30+00:00\",\"dateModified\":\"2024-01-15T12:32:50+00:00\",\"description\":\"Le livre de Simone Davies, the Montessori toddler, est un guide parental complet pour \u00e9lever des tout-petits curieux et responsable.\",\"breadcrumb\":{\"@id\":\"https:\\\/\\\/teiaeducation.ch\\\/fr\\\/produit\\\/livre-the-montessori-toddler-simone-davies\\\/#breadcrumb\"},\"inLanguage\":\"fr-FR\",\"potentialAction\":[{\"@type\":\"ReadAction\",\"target\":[\"https:\\\/\\\/teiaeducation.ch\\\/fr\\\/produit\\\/livre-the-montessori-toddler-simone-davies\\\/\"]}]},{\"@type\":\"ImageObject\",\"inLanguage\":\"fr-FR\",\"@id\":\"https:\\\/\\\/teiaeducation.ch\\\/fr\\\/produit\\\/livre-the-montessori-toddler-simone-davies\\\/#primaryimage\",\"url\":\"https:\\\/\\\/teiaeducation.ch\\\/wp-content\\\/uploads\\\/2021\\\/04\\\/Book-the-Montessori-toddler-Simone-Davies-scaled.jpg\",\"contentUrl\":\"https:\\\/\\\/teiaeducation.ch\\\/wp-content\\\/uploads\\\/2021\\\/04\\\/Book-the-Montessori-toddler-Simone-Davies-scaled.jpg\",\"width\":1523,\"height\":2048,\"caption\":\"Book the Montessori toddler by Simone Davies\"},{\"@type\":\"BreadcrumbList\",\"@id\":\"https:\\\/\\\/teiaeducation.ch\\\/fr\\\/produit\\\/livre-the-montessori-toddler-simone-davies\\\/#breadcrumb\",\"itemListElement\":[{\"@type\":\"ListItem\",\"position\":1,\"name\":\"Home\",\"item\":\"https:\\\/\\\/teiaeducation.ch\\\/fr\\\/\"},{\"@type\":\"ListItem\",\"position\":2,\"name\":\"Boutique Teia Education &amp; Play\",\"item\":\"https:\\\/\\\/teiaeducation.ch\\\/fr\\\/boutique\\\/\"},{\"@type\":\"ListItem\",\"position\":3,\"name\":\"Supports P\u00e9dagogiques\",\"item\":\"https:\\\/\\\/teiaeducation.ch\\\/fr\\\/categorie-produit\\\/appui-au-curriculum\\\/\"},{\"@type\":\"ListItem\",\"position\":4,\"name\":\"Livres\",\"item\":\"https:\\\/\\\/teiaeducation.ch\\\/fr\\\/categorie-produit\\\/appui-au-curriculum\\\/livres-appui-au-curriculum\\\/\"},{\"@type\":\"ListItem\",\"position\":5,\"name\":\"Livres Montessori\",\"item\":\"https:\\\/\\\/teiaeducation.ch\\\/fr\\\/categorie-produit\\\/appui-au-curriculum\\\/livres-appui-au-curriculum\\\/livres-montessori\\\/\"},{\"@type\":\"ListItem\",\"position\":6,\"name\":\"The Montessori toddler &#8211; Simone Davies\"}]},{\"@type\":\"WebSite\",\"@id\":\"https:\\\/\\\/teiaeducation.ch\\\/fr\\\/#website\",\"url\":\"https:\\\/\\\/teiaeducation.ch\\\/fr\\\/\",\"name\":\"Sustainable Educational Products &amp; Ecological Toys\u00a0\",\"description\":\"Specialised Swiss shop selling sustainable educational toys and games, AMI certified Montessori materials, handmade ecological wooden Waldorf toys and arts &amp; crafts supplies, school supplies, children&#039;s furniture and Montessori reference and parenting books.\",\"publisher\":{\"@id\":\"https:\\\/\\\/teiaeducation.ch\\\/fr\\\/#organization\"},\"alternateName\":\"Teia Education & Play\",\"potentialAction\":[{\"@type\":\"SearchAction\",\"target\":{\"@type\":\"EntryPoint\",\"urlTemplate\":\"https:\\\/\\\/teiaeducation.ch\\\/fr\\\/?s={search_term_string}\"},\"query-input\":{\"@type\":\"PropertyValueSpecification\",\"valueRequired\":true,\"valueName\":\"search_term_string\"}}],\"inLanguage\":\"fr-FR\"},{\"@type\":\"Organization\",\"@id\":\"https:\\\/\\\/teiaeducation.ch\\\/fr\\\/#organization\",\"name\":\"Teia Education & Play\",\"url\":\"https:\\\/\\\/teiaeducation.ch\\\/fr\\\/\",\"logo\":{\"@type\":\"ImageObject\",\"inLanguage\":\"fr-FR\",\"@id\":\"https:\\\/\\\/teiaeducation.ch\\\/fr\\\/#\\\/schema\\\/logo\\\/image\\\/\",\"url\":\"https:\\\/\\\/teiaeducation.ch\\\/wp-content\\\/uploads\\\/2020\\\/11\\\/Teia-Education-Switzerland-e1620156442216.jpg\",\"contentUrl\":\"https:\\\/\\\/teiaeducation.ch\\\/wp-content\\\/uploads\\\/2020\\\/11\\\/Teia-Education-Switzerland-e1620156442216.jpg\",\"width\":166,\"height\":145,\"caption\":\"Teia Education & Play\"},\"image\":{\"@id\":\"https:\\\/\\\/teiaeducation.ch\\\/fr\\\/#\\\/schema\\\/logo\\\/image\\\/\"},\"sameAs\":[\"https:\\\/\\\/www.facebook.com\\\/teiaeducation\\\/\",\"https:\\\/\\\/x.com\\\/EducationTeia\",\"https:\\\/\\\/www.instagram.com\\\/teia.education\\\/\",\"https:\\\/\\\/www.linkedin.com\\\/company\\\/35501660\",\"https:\\\/\\\/www.pinterest.ch\\\/TeiaEducation\\\/\"]}]}<\/script>\n<meta property=\"og:availability\" content=\"instock\" \/>\n<meta property=\"product:availability\" content=\"instock\" \/>\n<meta property=\"product:retailer_item_id\" content=\"00000000000000000000000000000000000000000000035041\" \/>\n<meta property=\"product:condition\" content=\"new\" \/>\n<!-- \/ Yoast SEO Premium plugin. -->","yoast_head_json":{"title":"Livre the Montessori toddler par Simone Davies","description":"Le livre de Simone Davies, the Montessori toddler, est un guide parental complet pour \u00e9lever des tout-petits curieux et responsable.","robots":{"index":"index","follow":"follow","max-snippet":"max-snippet:-1","max-image-preview":"max-image-preview:large","max-video-preview":"max-video-preview:-1"},"canonical":"https:\/\/teiaeducation.ch\/fr\/produit\/livre-the-montessori-toddler-simone-davies\/","og_locale":"fr_FR","og_type":"article","og_title":"The Montessori toddler - Simone Davies","og_description":"Le livre de Simone Davies, the Montessori toddler, est un guide parental complet pour \u00e9lever des tout-petits curieux et responsable.","og_url":"https:\/\/teiaeducation.ch\/fr\/produit\/livre-the-montessori-toddler-simone-davies\/","og_site_name":"Sustainable Educational Products &amp; Ecological Toys\u00a0","article_publisher":"https:\/\/www.facebook.com\/teiaeducation\/","article_modified_time":"2024-01-15T12:32:50+00:00","og_image":[{"width":1523,"height":2048,"url":"https:\/\/teiaeducation.ch\/wp-content\/uploads\/2021\/04\/Book-the-Montessori-toddler-Simone-Davies-scaled.jpg","type":"image\/jpeg"}],"schema":{"@context":"https:\/\/schema.org","@graph":[{"@type":"WebPage","@id":"https:\/\/teiaeducation.ch\/fr\/produit\/livre-the-montessori-toddler-simone-davies\/","url":"https:\/\/teiaeducation.ch\/fr\/produit\/livre-the-montessori-toddler-simone-davies\/","name":"Livre the Montessori toddler par Simone Davies","isPartOf":{"@id":"https:\/\/teiaeducation.ch\/fr\/#website"},"primaryImageOfPage":{"@id":"https:\/\/teiaeducation.ch\/fr\/produit\/livre-the-montessori-toddler-simone-davies\/#primaryimage"},"image":{"@id":"https:\/\/teiaeducation.ch\/fr\/produit\/livre-the-montessori-toddler-simone-davies\/#primaryimage"},"thumbnailUrl":"https:\/\/teiaeducation.ch\/wp-content\/uploads\/2021\/04\/Book-the-Montessori-toddler-Simone-Davies-scaled.jpg","datePublished":"2021-07-01T10:53:30+00:00","dateModified":"2024-01-15T12:32:50+00:00","description":"Le livre de Simone Davies, the Montessori toddler, est un guide parental complet pour \u00e9lever des tout-petits curieux et responsable.","breadcrumb":{"@id":"https:\/\/teiaeducation.ch\/fr\/produit\/livre-the-montessori-toddler-simone-davies\/#breadcrumb"},"inLanguage":"fr-FR","potentialAction":[{"@type":"ReadAction","target":["https:\/\/teiaeducation.ch\/fr\/produit\/livre-the-montessori-toddler-simone-davies\/"]}]},{"@type":"ImageObject","inLanguage":"fr-FR","@id":"https:\/\/teiaeducation.ch\/fr\/produit\/livre-the-montessori-toddler-simone-davies\/#primaryimage","url":"https:\/\/teiaeducation.ch\/wp-content\/uploads\/2021\/04\/Book-the-Montessori-toddler-Simone-Davies-scaled.jpg","contentUrl":"https:\/\/teiaeducation.ch\/wp-content\/uploads\/2021\/04\/Book-the-Montessori-toddler-Simone-Davies-scaled.jpg","width":1523,"height":2048,"caption":"Book the Montessori toddler by Simone Davies"},{"@type":"BreadcrumbList","@id":"https:\/\/teiaeducation.ch\/fr\/produit\/livre-the-montessori-toddler-simone-davies\/#breadcrumb","itemListElement":[{"@type":"ListItem","position":1,"name":"Home","item":"https:\/\/teiaeducation.ch\/fr\/"},{"@type":"ListItem","position":2,"name":"Boutique Teia Education &amp; Play","item":"https:\/\/teiaeducation.ch\/fr\/boutique\/"},{"@type":"ListItem","position":3,"name":"Supports P\u00e9dagogiques","item":"https:\/\/teiaeducation.ch\/fr\/categorie-produit\/appui-au-curriculum\/"},{"@type":"ListItem","position":4,"name":"Livres","item":"https:\/\/teiaeducation.ch\/fr\/categorie-produit\/appui-au-curriculum\/livres-appui-au-curriculum\/"},{"@type":"ListItem","position":5,"name":"Livres Montessori","item":"https:\/\/teiaeducation.ch\/fr\/categorie-produit\/appui-au-curriculum\/livres-appui-au-curriculum\/livres-montessori\/"},{"@type":"ListItem","position":6,"name":"The Montessori toddler &#8211; Simone Davies"}]},{"@type":"WebSite","@id":"https:\/\/teiaeducation.ch\/fr\/#website","url":"https:\/\/teiaeducation.ch\/fr\/","name":"Sustainable Educational Products &amp; Ecological Toys\u00a0","description":"Specialised Swiss shop selling sustainable educational toys and games, AMI certified Montessori materials, handmade ecological wooden Waldorf toys and arts &amp; crafts supplies, school supplies, children&#039;s furniture and Montessori reference and parenting books.","publisher":{"@id":"https:\/\/teiaeducation.ch\/fr\/#organization"},"alternateName":"Teia Education & Play","potentialAction":[{"@type":"SearchAction","target":{"@type":"EntryPoint","urlTemplate":"https:\/\/teiaeducation.ch\/fr\/?s={search_term_string}"},"query-input":{"@type":"PropertyValueSpecification","valueRequired":true,"valueName":"search_term_string"}}],"inLanguage":"fr-FR"},{"@type":"Organization","@id":"https:\/\/teiaeducation.ch\/fr\/#organization","name":"Teia Education & Play","url":"https:\/\/teiaeducation.ch\/fr\/","logo":{"@type":"ImageObject","inLanguage":"fr-FR","@id":"https:\/\/teiaeducation.ch\/fr\/#\/schema\/logo\/image\/","url":"https:\/\/teiaeducation.ch\/wp-content\/uploads\/2020\/11\/Teia-Education-Switzerland-e1620156442216.jpg","contentUrl":"https:\/\/teiaeducation.ch\/wp-content\/uploads\/2020\/11\/Teia-Education-Switzerland-e1620156442216.jpg","width":166,"height":145,"caption":"Teia Education & Play"},"image":{"@id":"https:\/\/teiaeducation.ch\/fr\/#\/schema\/logo\/image\/"},"sameAs":["https:\/\/www.facebook.com\/teiaeducation\/","https:\/\/x.com\/EducationTeia","https:\/\/www.instagram.com\/teia.education\/","https:\/\/www.linkedin.com\/company\/35501660","https:\/\/www.pinterest.ch\/TeiaEducation\/"]}]},"og_availability":"instock","product_availability":"instock","product_retailer_item_id":"00000000000000000000000000000000000000000000035041","product_condition":"new"},"_links":{"self":[{"href":"https:\/\/teiaeducation.ch\/fr\/wp-json\/wp\/v2\/product\/35144","targetHints":{"allow":["GET"]}}],"collection":[{"href":"https:\/\/teiaeducation.ch\/fr\/wp-json\/wp\/v2\/product"}],"about":[{"href":"https:\/\/teiaeducation.ch\/fr\/wp-json\/wp\/v2\/types\/product"}],"replies":[{"embeddable":true,"href":"https:\/\/teiaeducation.ch\/fr\/wp-json\/wp\/v2\/comments?post=35144"}],"wp:featuredmedia":[{"embeddable":true,"href":"https:\/\/teiaeducation.ch\/fr\/wp-json\/wp\/v2\/media\/53681"}],"wp:attachment":[{"href":"https:\/\/teiaeducation.ch\/fr\/wp-json\/wp\/v2\/media?parent=35144"}],"wp:term":[{"taxonomy":"product_brand","embeddable":true,"href":"https:\/\/teiaeducation.ch\/fr\/wp-json\/wp\/v2\/product_brand?post=35144"},{"taxonomy":"product_cat","embeddable":true,"href":"https:\/\/teiaeducation.ch\/fr\/wp-json\/wp\/v2\/product_cat?post=35144"},{"taxonomy":"product_tag","embeddable":true,"href":"https:\/\/teiaeducation.ch\/fr\/wp-json\/wp\/v2\/product_tag?post=35144"}],"curies":[{"name":"wp","href":"https:\/\/api.w.org\/{rel}","templated":true}]}}