{"id":35207,"date":"2021-04-11T15:46:52","date_gmt":"2021-04-11T13:46:52","guid":{"rendered":"https:\/\/teiaeducation.ch\/product\/lalbum-de-fleurs-et-de-feuilles-gluckskafer\/"},"modified":"2021-11-03T17:06:01","modified_gmt":"2021-11-03T16:06:01","slug":"album-de-fleurs-et-feuilles-gluckskafer","status":"publish","type":"product","link":"https:\/\/teiaeducation.ch\/fr\/produit\/album-de-fleurs-et-feuilles-gluckskafer\/","title":{"rendered":"L&#8217;album de fleurs et de feuilles &#8211; Gl\u00fccksk\u00e4fer"},"content":{"rendered":"<p>L&#8217;album de fleurs et de feuilles press\u00e9es &#8211; Gl\u00fccksk\u00e4fer<\/p>\n<p>L&#8217;album de fleurs et de feuilles de Gl\u00fccksk\u00e4fer est le support id\u00e9al pour les fleurs et les feuilles <a href=\"https:\/\/teiaeducation.ch\/fr\/produit\/presse-a-fleurs-18-x-18cm-gluckskafer\/\">press\u00e9es<\/a>.<\/p>\n<p>Ce beau livre encourage les enfants \u00e0 sortir et \u00e0 chercher de belles fleurs et feuilles. Il s&#8217;agit d&#8217;un livre de collection \u00e0 conserver pour enrichir les \u00e9tudes de botanique et de nature, en exposant toutes les fleurs et plantes press\u00e9es de votre enfant en un seul endroit. Ce livre, qui accompagne parfaitement une presse \u00e0 fleurs, est un outil p\u00e9dagogique utile pour les \u00e9tudes Montessori et Waldorf sur la nature et la botanique et un compl\u00e9ment amusant \u00e0 ce charmant passe-temps traditionnel de l&#8217;enfance.<\/p>\n<p>Id\u00e9ale pour jouer \u00e0 la maison, \u00e0 la cr\u00e8che, \u00e0 l\u2019\u00e9cole Waldorf Steiner, la gamme de jouets en bois color\u00e9s Gl\u00fccksk\u00e4fer est con\u00e7ue selon la philosophie Waldorf qui est bien connue pour encourager les enfants \u00e0 d\u00e9couvrir le jeu cr\u00e9atif de mani\u00e8re ind\u00e9pendante et sans limites. Tous les jouets de haute qualit\u00e9 de Gl\u00fccksk\u00e4fer sont fabriqu\u00e9s et color\u00e9s \u00e0 la main en Allemagne avec des peintures non toxiques \u00e0 base d&#8217;eau et ne sont pas finis avec une laque afin de laisser transpara\u00eetre les caract\u00e9ristiques originales du bois et du grain.<\/p>\n<p>Avec des notes et des suggestions en allemand, cet album de fleurs et de feuilles est au format A4 et adapt\u00e9 aux enfants de 3 ans et plus.<\/p>\n<p>Contenu :<\/p>\n<p>1 album format A4 en allemand<\/p>\n","protected":false},"excerpt":{"rendered":"<p>Num\u00e9ro d&#8217;article: 525265<\/p>\n<p>L&#8217;album de fleurs et de feuilles de Gl\u00fccksk\u00e4fer est parfait pour que les enfants puissent exposer leurs articles de presse \u00e0 fleurs et \u00e9tudier leurs trouvailles dans la nature.<\/p>\n","protected":false},"featured_media":35157,"comment_status":"open","ping_status":"closed","template":"","meta":[],"product_brand":[],"product_cat":[8527,215,8580,216,20653,16898,23635,18893,22344,284,283,593,8526,13119,17240,21257,22421,20651,18913,13130,1220,291,20658,20657,18912,13127,7595,217,5851,292,212,1219],"product_tag":[19022,19016,19019,19017,19020,19018,18024,19021],"class_list":{"0":"post-35207","1":"product","2":"type-product","3":"status-publish","4":"has-post-thumbnail","6":"product_cat-3-6-ans-ecole-a-domicile","7":"product_cat-3-6-ans","8":"product_cat-6-12-ans-ecole-a-domicile","9":"product_cat-6-12-ans","10":"product_cat-art-des-fleurs-pressees","11":"product_cat-collection-automne","12":"product_cat-collection-dete","13":"product_cat-collection-printemps","14":"product_cat-collections-saisonnieres","15":"product_cat-culture-sciences","16":"product_cat-domaines-du-curriculum","17":"product_cat-etudes-botaniques","18":"product_cat-fournitures-scolaires-a-domicile","19":"product_cat-gluckskafer-fr","20":"product_cat-guide-cadeaux-creatif","21":"product_cat-guides-cadeaux","22":"product_cat-idees-cadeaux-pour-paques","23":"product_cat-jardinage","24":"product_cat-jeu-de-la-nature","25":"product_cat-jouer","26":"product_cat-traditionnelle","27":"product_cat-la-vie-pratique","28":"product_cat-livres-dactivites-et-autocollants","29":"product_cat-livres-de-loisirs-creatifs","30":"product_cat-livres-pour-enfants","31":"product_cat-creativite-beaux-arts-et-bricolage","32":"product_cat-methode-deducation","33":"product_cat-marques","34":"product_cat-nouveautes","35":"product_cat-appui-au-curriculum","36":"product_cat-tranche-dage","37":"product_cat-waldorf-fr","38":"product_tag-activites-de-presse-a-fleurs","39":"product_tag-activites-traditionnelles-pour-les-enfants","40":"product_tag-album-de-fleurs","41":"product_tag-album-de-fleurs-pressees","42":"product_tag-album-de-la-nature","43":"product_tag-album-pour-les-fleurs-et-les-feuilles","44":"product_tag-gluckskafer-fr","45":"product_tag-pressage-de-fleurs-pour-les-enfants","47":"first","48":"instock","49":"taxable","50":"shipping-taxable","51":"purchasable","52":"product-type-simple"},"yoast_head":"<!-- This site is optimized with the Yoast SEO Premium plugin v25.8 (Yoast SEO v27.4) - https:\/\/yoast.com\/product\/yoast-seo-premium-wordpress\/ -->\n<title>L&#039;album de fleurs et de feuilles - Gl\u00fccksk\u00e4fer - Teia Education &amp; Play<\/title>\n<meta name=\"description\" content=\"L&#039;album de fleurs et de feuilles de Gl\u00fccksk\u00e4fer est parfait pour que les enfants puissent exposer leurs fleurs et les feuilles press\u00e9es.\" \/>\n<meta name=\"robots\" content=\"index, follow, max-snippet:-1, max-image-preview:large, max-video-preview:-1\" \/>\n<link rel=\"canonical\" href=\"https:\/\/teiaeducation.ch\/fr\/produit\/album-de-fleurs-et-feuilles-gluckskafer\/\" \/>\n<meta property=\"og:locale\" content=\"fr_FR\" \/>\n<meta property=\"og:type\" content=\"article\" \/>\n<meta property=\"og:title\" content=\"L&#039;album de fleurs et de feuilles - Gl\u00fccksk\u00e4fer\" \/>\n<meta property=\"og:description\" content=\"L&#039;album de fleurs et de feuilles de Gl\u00fccksk\u00e4fer est parfait pour que les enfants puissent exposer leurs fleurs et les feuilles press\u00e9es.\" \/>\n<meta property=\"og:url\" content=\"https:\/\/teiaeducation.ch\/fr\/produit\/album-de-fleurs-et-feuilles-gluckskafer\/\" \/>\n<meta property=\"og:site_name\" content=\"Sustainable Educational Products &amp; Ecological Toys\u00a0\" \/>\n<meta property=\"article:publisher\" content=\"https:\/\/www.facebook.com\/teiaeducation\/\" \/>\n<meta property=\"article:modified_time\" content=\"2021-11-03T16:06:01+00:00\" \/>\n<meta property=\"og:image\" content=\"https:\/\/teiaeducation.ch\/wp-content\/uploads\/2021\/04\/Scrapbook-for-flowers-and-leaves-Gluckskafer.jpg\" \/>\n\t<meta property=\"og:image:width\" content=\"683\" \/>\n\t<meta property=\"og:image:height\" content=\"455\" \/>\n\t<meta property=\"og:image:type\" content=\"image\/jpeg\" \/>\n<script type=\"application\/ld+json\" class=\"yoast-schema-graph\">{\"@context\":\"https:\\\/\\\/schema.org\",\"@graph\":[{\"@type\":\"WebPage\",\"@id\":\"https:\\\/\\\/teiaeducation.ch\\\/fr\\\/produit\\\/album-de-fleurs-et-feuilles-gluckskafer\\\/\",\"url\":\"https:\\\/\\\/teiaeducation.ch\\\/fr\\\/produit\\\/album-de-fleurs-et-feuilles-gluckskafer\\\/\",\"name\":\"L'album de fleurs et de feuilles - Gl\u00fccksk\u00e4fer - Teia Education & Play\",\"isPartOf\":{\"@id\":\"https:\\\/\\\/teiaeducation.ch\\\/fr\\\/#website\"},\"primaryImageOfPage\":{\"@id\":\"https:\\\/\\\/teiaeducation.ch\\\/fr\\\/produit\\\/album-de-fleurs-et-feuilles-gluckskafer\\\/#primaryimage\"},\"image\":{\"@id\":\"https:\\\/\\\/teiaeducation.ch\\\/fr\\\/produit\\\/album-de-fleurs-et-feuilles-gluckskafer\\\/#primaryimage\"},\"thumbnailUrl\":\"https:\\\/\\\/teiaeducation.ch\\\/wp-content\\\/uploads\\\/2021\\\/04\\\/Scrapbook-for-flowers-and-leaves-Gluckskafer.jpg\",\"datePublished\":\"2021-04-11T13:46:52+00:00\",\"dateModified\":\"2021-11-03T16:06:01+00:00\",\"description\":\"L'album de fleurs et de feuilles de Gl\u00fccksk\u00e4fer est parfait pour que les enfants puissent exposer leurs fleurs et les feuilles press\u00e9es.\",\"breadcrumb\":{\"@id\":\"https:\\\/\\\/teiaeducation.ch\\\/fr\\\/produit\\\/album-de-fleurs-et-feuilles-gluckskafer\\\/#breadcrumb\"},\"inLanguage\":\"fr-FR\",\"potentialAction\":[{\"@type\":\"ReadAction\",\"target\":[\"https:\\\/\\\/teiaeducation.ch\\\/fr\\\/produit\\\/album-de-fleurs-et-feuilles-gluckskafer\\\/\"]}]},{\"@type\":\"ImageObject\",\"inLanguage\":\"fr-FR\",\"@id\":\"https:\\\/\\\/teiaeducation.ch\\\/fr\\\/produit\\\/album-de-fleurs-et-feuilles-gluckskafer\\\/#primaryimage\",\"url\":\"https:\\\/\\\/teiaeducation.ch\\\/wp-content\\\/uploads\\\/2021\\\/04\\\/Scrapbook-for-flowers-and-leaves-Gluckskafer.jpg\",\"contentUrl\":\"https:\\\/\\\/teiaeducation.ch\\\/wp-content\\\/uploads\\\/2021\\\/04\\\/Scrapbook-for-flowers-and-leaves-Gluckskafer.jpg\",\"width\":683,\"height\":455,\"caption\":\"L'album de fleurs et de feuilles press\u00e9es Gl\u00fccksk\u00e4fer\"},{\"@type\":\"BreadcrumbList\",\"@id\":\"https:\\\/\\\/teiaeducation.ch\\\/fr\\\/produit\\\/album-de-fleurs-et-feuilles-gluckskafer\\\/#breadcrumb\",\"itemListElement\":[{\"@type\":\"ListItem\",\"position\":1,\"name\":\"Home\",\"item\":\"https:\\\/\\\/teiaeducation.ch\\\/fr\\\/\"},{\"@type\":\"ListItem\",\"position\":2,\"name\":\"Boutique Teia Education &amp; Play\",\"item\":\"https:\\\/\\\/teiaeducation.ch\\\/fr\\\/boutique\\\/\"},{\"@type\":\"ListItem\",\"position\":3,\"name\":\"Nos Marques\",\"item\":\"https:\\\/\\\/teiaeducation.ch\\\/fr\\\/categorie-produit\\\/marques\\\/\"},{\"@type\":\"ListItem\",\"position\":4,\"name\":\"Gl\u00fccksk\u00e4fer\",\"item\":\"https:\\\/\\\/teiaeducation.ch\\\/fr\\\/categorie-produit\\\/marques\\\/gluckskafer-fr\\\/\"},{\"@type\":\"ListItem\",\"position\":5,\"name\":\"L&#8217;album de fleurs et de feuilles &#8211; Gl\u00fccksk\u00e4fer\"}]},{\"@type\":\"WebSite\",\"@id\":\"https:\\\/\\\/teiaeducation.ch\\\/fr\\\/#website\",\"url\":\"https:\\\/\\\/teiaeducation.ch\\\/fr\\\/\",\"name\":\"Sustainable Educational Products &amp; Ecological Toys\u00a0\",\"description\":\"Specialised Swiss shop selling sustainable educational toys and games, AMI certified Montessori materials, handmade ecological wooden Waldorf toys and arts &amp; crafts supplies, school supplies, children&#039;s furniture and Montessori reference and parenting books.\",\"publisher\":{\"@id\":\"https:\\\/\\\/teiaeducation.ch\\\/fr\\\/#organization\"},\"alternateName\":\"Teia Education & Play\",\"potentialAction\":[{\"@type\":\"SearchAction\",\"target\":{\"@type\":\"EntryPoint\",\"urlTemplate\":\"https:\\\/\\\/teiaeducation.ch\\\/fr\\\/?s={search_term_string}\"},\"query-input\":{\"@type\":\"PropertyValueSpecification\",\"valueRequired\":true,\"valueName\":\"search_term_string\"}}],\"inLanguage\":\"fr-FR\"},{\"@type\":\"Organization\",\"@id\":\"https:\\\/\\\/teiaeducation.ch\\\/fr\\\/#organization\",\"name\":\"Teia Education & Play\",\"url\":\"https:\\\/\\\/teiaeducation.ch\\\/fr\\\/\",\"logo\":{\"@type\":\"ImageObject\",\"inLanguage\":\"fr-FR\",\"@id\":\"https:\\\/\\\/teiaeducation.ch\\\/fr\\\/#\\\/schema\\\/logo\\\/image\\\/\",\"url\":\"https:\\\/\\\/teiaeducation.ch\\\/wp-content\\\/uploads\\\/2020\\\/11\\\/Teia-Education-Switzerland-e1620156442216.jpg\",\"contentUrl\":\"https:\\\/\\\/teiaeducation.ch\\\/wp-content\\\/uploads\\\/2020\\\/11\\\/Teia-Education-Switzerland-e1620156442216.jpg\",\"width\":166,\"height\":145,\"caption\":\"Teia Education & Play\"},\"image\":{\"@id\":\"https:\\\/\\\/teiaeducation.ch\\\/fr\\\/#\\\/schema\\\/logo\\\/image\\\/\"},\"sameAs\":[\"https:\\\/\\\/www.facebook.com\\\/teiaeducation\\\/\",\"https:\\\/\\\/x.com\\\/EducationTeia\",\"https:\\\/\\\/www.instagram.com\\\/teia.education\\\/\",\"https:\\\/\\\/www.linkedin.com\\\/company\\\/35501660\",\"https:\\\/\\\/www.pinterest.ch\\\/TeiaEducation\\\/\"]}]}<\/script>\n<meta property=\"product:price:amount\" content=\"24.90\" \/>\n<meta property=\"product:price:currency\" content=\"CHF\" \/>\n<meta property=\"og:availability\" content=\"instock\" \/>\n<meta property=\"product:availability\" content=\"instock\" \/>\n<meta property=\"product:retailer_item_id\" content=\"00000000000000000000000000000000000000000000035155\" \/>\n<meta property=\"product:condition\" content=\"new\" \/>\n<!-- \/ Yoast SEO Premium plugin. -->","yoast_head_json":{"title":"L'album de fleurs et de feuilles - Gl\u00fccksk\u00e4fer - Teia Education & Play","description":"L'album de fleurs et de feuilles de Gl\u00fccksk\u00e4fer est parfait pour que les enfants puissent exposer leurs fleurs et les feuilles press\u00e9es.","robots":{"index":"index","follow":"follow","max-snippet":"max-snippet:-1","max-image-preview":"max-image-preview:large","max-video-preview":"max-video-preview:-1"},"canonical":"https:\/\/teiaeducation.ch\/fr\/produit\/album-de-fleurs-et-feuilles-gluckskafer\/","og_locale":"fr_FR","og_type":"article","og_title":"L'album de fleurs et de feuilles - Gl\u00fccksk\u00e4fer","og_description":"L'album de fleurs et de feuilles de Gl\u00fccksk\u00e4fer est parfait pour que les enfants puissent exposer leurs fleurs et les feuilles press\u00e9es.","og_url":"https:\/\/teiaeducation.ch\/fr\/produit\/album-de-fleurs-et-feuilles-gluckskafer\/","og_site_name":"Sustainable Educational Products &amp; Ecological Toys\u00a0","article_publisher":"https:\/\/www.facebook.com\/teiaeducation\/","article_modified_time":"2021-11-03T16:06:01+00:00","og_image":[{"width":683,"height":455,"url":"https:\/\/teiaeducation.ch\/wp-content\/uploads\/2021\/04\/Scrapbook-for-flowers-and-leaves-Gluckskafer.jpg","type":"image\/jpeg"}],"schema":{"@context":"https:\/\/schema.org","@graph":[{"@type":"WebPage","@id":"https:\/\/teiaeducation.ch\/fr\/produit\/album-de-fleurs-et-feuilles-gluckskafer\/","url":"https:\/\/teiaeducation.ch\/fr\/produit\/album-de-fleurs-et-feuilles-gluckskafer\/","name":"L'album de fleurs et de feuilles - Gl\u00fccksk\u00e4fer - Teia Education & Play","isPartOf":{"@id":"https:\/\/teiaeducation.ch\/fr\/#website"},"primaryImageOfPage":{"@id":"https:\/\/teiaeducation.ch\/fr\/produit\/album-de-fleurs-et-feuilles-gluckskafer\/#primaryimage"},"image":{"@id":"https:\/\/teiaeducation.ch\/fr\/produit\/album-de-fleurs-et-feuilles-gluckskafer\/#primaryimage"},"thumbnailUrl":"https:\/\/teiaeducation.ch\/wp-content\/uploads\/2021\/04\/Scrapbook-for-flowers-and-leaves-Gluckskafer.jpg","datePublished":"2021-04-11T13:46:52+00:00","dateModified":"2021-11-03T16:06:01+00:00","description":"L'album de fleurs et de feuilles de Gl\u00fccksk\u00e4fer est parfait pour que les enfants puissent exposer leurs fleurs et les feuilles press\u00e9es.","breadcrumb":{"@id":"https:\/\/teiaeducation.ch\/fr\/produit\/album-de-fleurs-et-feuilles-gluckskafer\/#breadcrumb"},"inLanguage":"fr-FR","potentialAction":[{"@type":"ReadAction","target":["https:\/\/teiaeducation.ch\/fr\/produit\/album-de-fleurs-et-feuilles-gluckskafer\/"]}]},{"@type":"ImageObject","inLanguage":"fr-FR","@id":"https:\/\/teiaeducation.ch\/fr\/produit\/album-de-fleurs-et-feuilles-gluckskafer\/#primaryimage","url":"https:\/\/teiaeducation.ch\/wp-content\/uploads\/2021\/04\/Scrapbook-for-flowers-and-leaves-Gluckskafer.jpg","contentUrl":"https:\/\/teiaeducation.ch\/wp-content\/uploads\/2021\/04\/Scrapbook-for-flowers-and-leaves-Gluckskafer.jpg","width":683,"height":455,"caption":"L'album de fleurs et de feuilles press\u00e9es Gl\u00fccksk\u00e4fer"},{"@type":"BreadcrumbList","@id":"https:\/\/teiaeducation.ch\/fr\/produit\/album-de-fleurs-et-feuilles-gluckskafer\/#breadcrumb","itemListElement":[{"@type":"ListItem","position":1,"name":"Home","item":"https:\/\/teiaeducation.ch\/fr\/"},{"@type":"ListItem","position":2,"name":"Boutique Teia Education &amp; Play","item":"https:\/\/teiaeducation.ch\/fr\/boutique\/"},{"@type":"ListItem","position":3,"name":"Nos Marques","item":"https:\/\/teiaeducation.ch\/fr\/categorie-produit\/marques\/"},{"@type":"ListItem","position":4,"name":"Gl\u00fccksk\u00e4fer","item":"https:\/\/teiaeducation.ch\/fr\/categorie-produit\/marques\/gluckskafer-fr\/"},{"@type":"ListItem","position":5,"name":"L&#8217;album de fleurs et de feuilles &#8211; Gl\u00fccksk\u00e4fer"}]},{"@type":"WebSite","@id":"https:\/\/teiaeducation.ch\/fr\/#website","url":"https:\/\/teiaeducation.ch\/fr\/","name":"Sustainable Educational Products &amp; Ecological Toys\u00a0","description":"Specialised Swiss shop selling sustainable educational toys and games, AMI certified Montessori materials, handmade ecological wooden Waldorf toys and arts &amp; crafts supplies, school supplies, children&#039;s furniture and Montessori reference and parenting books.","publisher":{"@id":"https:\/\/teiaeducation.ch\/fr\/#organization"},"alternateName":"Teia Education & Play","potentialAction":[{"@type":"SearchAction","target":{"@type":"EntryPoint","urlTemplate":"https:\/\/teiaeducation.ch\/fr\/?s={search_term_string}"},"query-input":{"@type":"PropertyValueSpecification","valueRequired":true,"valueName":"search_term_string"}}],"inLanguage":"fr-FR"},{"@type":"Organization","@id":"https:\/\/teiaeducation.ch\/fr\/#organization","name":"Teia Education & Play","url":"https:\/\/teiaeducation.ch\/fr\/","logo":{"@type":"ImageObject","inLanguage":"fr-FR","@id":"https:\/\/teiaeducation.ch\/fr\/#\/schema\/logo\/image\/","url":"https:\/\/teiaeducation.ch\/wp-content\/uploads\/2020\/11\/Teia-Education-Switzerland-e1620156442216.jpg","contentUrl":"https:\/\/teiaeducation.ch\/wp-content\/uploads\/2020\/11\/Teia-Education-Switzerland-e1620156442216.jpg","width":166,"height":145,"caption":"Teia Education & Play"},"image":{"@id":"https:\/\/teiaeducation.ch\/fr\/#\/schema\/logo\/image\/"},"sameAs":["https:\/\/www.facebook.com\/teiaeducation\/","https:\/\/x.com\/EducationTeia","https:\/\/www.instagram.com\/teia.education\/","https:\/\/www.linkedin.com\/company\/35501660","https:\/\/www.pinterest.ch\/TeiaEducation\/"]}]},"product_price_amount":"24.90","product_price_currency":"CHF","og_availability":"instock","product_availability":"instock","product_retailer_item_id":"00000000000000000000000000000000000000000000035155","product_condition":"new"},"_links":{"self":[{"href":"https:\/\/teiaeducation.ch\/fr\/wp-json\/wp\/v2\/product\/35207","targetHints":{"allow":["GET"]}}],"collection":[{"href":"https:\/\/teiaeducation.ch\/fr\/wp-json\/wp\/v2\/product"}],"about":[{"href":"https:\/\/teiaeducation.ch\/fr\/wp-json\/wp\/v2\/types\/product"}],"replies":[{"embeddable":true,"href":"https:\/\/teiaeducation.ch\/fr\/wp-json\/wp\/v2\/comments?post=35207"}],"wp:featuredmedia":[{"embeddable":true,"href":"https:\/\/teiaeducation.ch\/fr\/wp-json\/wp\/v2\/media\/35157"}],"wp:attachment":[{"href":"https:\/\/teiaeducation.ch\/fr\/wp-json\/wp\/v2\/media?parent=35207"}],"wp:term":[{"taxonomy":"product_brand","embeddable":true,"href":"https:\/\/teiaeducation.ch\/fr\/wp-json\/wp\/v2\/product_brand?post=35207"},{"taxonomy":"product_cat","embeddable":true,"href":"https:\/\/teiaeducation.ch\/fr\/wp-json\/wp\/v2\/product_cat?post=35207"},{"taxonomy":"product_tag","embeddable":true,"href":"https:\/\/teiaeducation.ch\/fr\/wp-json\/wp\/v2\/product_tag?post=35207"}],"curies":[{"name":"wp","href":"https:\/\/api.w.org\/{rel}","templated":true}]}}