{"id":35357,"date":"2022-03-14T10:40:22","date_gmt":"2022-03-14T09:40:22","guid":{"rendered":"https:\/\/teiaeducation.ch\/?post_type=product&#038;p=35357"},"modified":"2024-06-15T14:59:39","modified_gmt":"2024-06-15T12:59:39","slug":"livre-old-enough-to-save-the-planet-loll-kirby","status":"publish","type":"product","link":"https:\/\/teiaeducation.ch\/fr\/produit\/livre-old-enough-to-save-the-planet-loll-kirby\/","title":{"rendered":"Old enough to save the planet &#8211; Loll Kirby"},"content":{"rendered":"<div class=\"Rte\">\n<p>Livre old enough to save the planet de Loll Kirby<\/p>\n<p>Laisse-toi inspirer par des enfants de la vie r\u00e9elle qui agissent contre le changement climatique&#8230; Old enough to save the planet (assez grands pour sauver la plan\u00e8te) est un <a href=\"https:\/\/teiaeducation.ch\/fr\/categorie-produit\/livres-pour-enfants\/\">livre<\/a> inspirant de Loll Kirby qui examine de plus pr\u00e8s 12 jeunes activistes du changement climatique du monde entier. Suis les enfants dans leur mission de sensibilisation \u00e0 l&#8217;action contre le changement climatique et les d\u00e9fis qu&#8217;ils doivent relever.<\/p>\n<p>Avec une pr\u00e9face des dirigeants de la gr\u00e8ve des \u00e9coles pour le changement climatique, le livre d\u00e9crit le travail qu&#8217;ils accomplissent pour avoir un impact positif dans leurs communaut\u00e9s. Qu&#8217;il s&#8217;agisse d&#8217;utiliser moins de plastique, de sauver les arbres, l&#8217;oc\u00e9an ou les abeilles, &#8220;old enough to save the planet&#8221; fournit des informations factuelles ainsi que les t\u00e9moignages de 12 jeunes activistes.<\/p>\n<p>Des faits sur l&#8217;\u00e9cologie et la biodiversit\u00e9 ainsi que des conseils pour devenir un bon citoyen du monde sont diss\u00e9min\u00e9s sur les magnifiques pages illustr\u00e9es du livre.<\/p>\n<p>Old enough to save the planet est un livre inspirant et motivant recommand\u00e9 pour les enfants \u00e2g\u00e9s de 7 ans et plus. L&#8217;avenir de notre plan\u00e8te commence avec chacun d&#8217;entre nous !<\/p>\n<p>Loll Kirby a pass\u00e9 de nombreuses ann\u00e9es \u00e0 \u00eatre inspir\u00e9e par les jeunes, gr\u00e2ce \u00e0 son travail d&#8217;enseignante en \u00e9cole primaire et d&#8217;animatrice d&#8217;\u00e9cole foresti\u00e8re, et en passant chaque jour avec ses trois adorables fils. Elle pense que les enfants ont les meilleures id\u00e9es et qu&#8217;ils ne sont jamais trop petits pour commencer \u00e0 faire la diff\u00e9rence. Loll aime la gentillesse, les boutons de chocolat noir et rep\u00e9rer les nuages aux formes int\u00e9ressantes lorsqu&#8217;elle court \u00e0 Leamington Spa, o\u00f9 elle vit avec sa famille. Loll a \u00e9crit ce livre pour tous ceux qui veulent apporter des changements positifs dans le monde.<\/p>\n<p>Adelina Lirius est une illustratrice dont les dessins de nature et d&#8217;animaux sont connus dans le monde entier pour leur caract\u00e8re ludique et leur couleur. Elle vit \u00e0 Stockholm, en Su\u00e8de.<\/p>\n<p>Le livre &#8220;old enough to save the planet&#8221; est publi\u00e9 par Magic Cat Publishing et contient de belles illustrations d&#8217;Adelina Lirius.<\/p>\n<p>Contenu :<\/p>\n<p>1 livre cartonn\u00e9 en anglais, 32 pages.<\/p>\n<\/div>\n","protected":false},"excerpt":{"rendered":"<p>Num\u00e9ro d&#8217;article: 34840435<\/p>\n<p>Old enough to save the planet est un livre inspirant de Loll Kirby qui examine de plus pr\u00e8s 12 jeunes activistes du changement climatique du monde entier.<\/p>\n","protected":false},"featured_media":35359,"comment_status":"open","ping_status":"closed","template":"","meta":[],"product_brand":[],"product_cat":[8580,216,285,605,18893,22344,284,283,18919,8526,596,21258,21257,22421,18913,13130,1220,20663,18912,8567,7595,1218,217,5851,292,212,1219],"product_tag":[18916,18917,19413,18918],"class_list":{"0":"post-35357","1":"product","2":"type-product","3":"status-publish","4":"has-post-thumbnail","6":"product_cat-6-12-ans-ecole-a-domicile","7":"product_cat-6-12-ans","8":"product_cat-alphabetisation-langage","9":"product_cat-apprendre-a-lire","10":"product_cat-collection-printemps","11":"product_cat-collections-saisonnieres","12":"product_cat-culture-sciences","13":"product_cat-domaines-du-curriculum","14":"product_cat-editions-magic-cat","15":"product_cat-fournitures-scolaires-a-domicile","16":"product_cat-geographie-humaine-culture","17":"product_cat-guide-cadeaux-livres","18":"product_cat-guides-cadeaux","19":"product_cat-idees-cadeaux-pour-paques","20":"product_cat-jeu-de-la-nature","21":"product_cat-jouer","22":"product_cat-traditionnelle","23":"product_cat-livres-de-contes","24":"product_cat-livres-pour-enfants","25":"product_cat-materiel-scolaire-montessori","26":"product_cat-methode-deducation","27":"product_cat-montessori-fr","28":"product_cat-marques","29":"product_cat-nouveautes","30":"product_cat-appui-au-curriculum","31":"product_cat-tranche-dage","32":"product_cat-waldorf-fr","33":"product_tag-histoires-de-la-nature","34":"product_tag-histoires-de-la-nature-pour-les-enfants","35":"product_tag-livre-old-enough-to-save-the-planet-by-loll-kirby","36":"product_tag-livres-calmes-pour-enfants","38":"first","39":"instock","40":"taxable","41":"shipping-taxable","42":"purchasable","43":"product-type-simple"},"yoast_head":"<!-- This site is optimized with the Yoast SEO plugin v27.1.1 - https:\/\/yoast.com\/product\/yoast-seo-wordpress\/ -->\n<title>Old enough to save the planet - Loll Kirby<\/title>\n<meta name=\"description\" content=\"Old enough to save the planet est un livre inspirant de Loll Kirby qui examine de plus pr\u00e8s 12 jeunes activistes du changement climatique du monde entier.\" \/>\n<meta name=\"robots\" content=\"index, follow, max-snippet:-1, max-image-preview:large, max-video-preview:-1\" \/>\n<link rel=\"canonical\" href=\"https:\/\/teiaeducation.ch\/fr\/produit\/livre-old-enough-to-save-the-planet-loll-kirby\/\" \/>\n<meta property=\"og:locale\" content=\"fr_FR\" \/>\n<meta property=\"og:type\" content=\"article\" \/>\n<meta property=\"og:title\" content=\"Old enough to save the planet - Loll Kirby\" \/>\n<meta property=\"og:description\" content=\"Old enough to save the planet est un livre inspirant de Loll Kirby qui examine de plus pr\u00e8s 12 jeunes activistes du changement climatique du monde entier.\" \/>\n<meta property=\"og:url\" content=\"https:\/\/teiaeducation.ch\/fr\/produit\/livre-old-enough-to-save-the-planet-loll-kirby\/\" \/>\n<meta property=\"og:site_name\" content=\"Sustainable Educational Products &amp; Ecological Toys\u00a0\" \/>\n<meta property=\"article:publisher\" content=\"https:\/\/www.facebook.com\/teiaeducation\/\" \/>\n<meta property=\"article:modified_time\" content=\"2024-06-15T12:59:39+00:00\" \/>\n<meta property=\"og:image\" content=\"https:\/\/teiaeducation.ch\/wp-content\/uploads\/2021\/04\/Book-old-enough-to-save-the-planet-by-Loll-Kirby.jpg\" \/>\n\t<meta property=\"og:image:width\" content=\"1200\" \/>\n\t<meta property=\"og:image:height\" content=\"1200\" \/>\n\t<meta property=\"og:image:type\" content=\"image\/jpeg\" \/>\n<script type=\"application\/ld+json\" class=\"yoast-schema-graph\">{\"@context\":\"https:\/\/schema.org\",\"@graph\":[{\"@type\":\"WebPage\",\"@id\":\"https:\/\/teiaeducation.ch\/fr\/produit\/livre-old-enough-to-save-the-planet-loll-kirby\/\",\"url\":\"https:\/\/teiaeducation.ch\/fr\/produit\/livre-old-enough-to-save-the-planet-loll-kirby\/\",\"name\":\"Old enough to save the planet - Loll Kirby\",\"isPartOf\":{\"@id\":\"https:\/\/teiaeducation.ch\/fr\/#website\"},\"primaryImageOfPage\":{\"@id\":\"https:\/\/teiaeducation.ch\/fr\/produit\/livre-old-enough-to-save-the-planet-loll-kirby\/#primaryimage\"},\"image\":{\"@id\":\"https:\/\/teiaeducation.ch\/fr\/produit\/livre-old-enough-to-save-the-planet-loll-kirby\/#primaryimage\"},\"thumbnailUrl\":\"https:\/\/teiaeducation.ch\/wp-content\/uploads\/2021\/04\/Book-old-enough-to-save-the-planet-by-Loll-Kirby.jpg\",\"datePublished\":\"2022-03-14T09:40:22+00:00\",\"dateModified\":\"2024-06-15T12:59:39+00:00\",\"description\":\"Old enough to save the planet est un livre inspirant de Loll Kirby qui examine de plus pr\u00e8s 12 jeunes activistes du changement climatique du monde entier.\",\"breadcrumb\":{\"@id\":\"https:\/\/teiaeducation.ch\/fr\/produit\/livre-old-enough-to-save-the-planet-loll-kirby\/#breadcrumb\"},\"inLanguage\":\"fr-FR\",\"potentialAction\":[{\"@type\":\"ReadAction\",\"target\":[\"https:\/\/teiaeducation.ch\/fr\/produit\/livre-old-enough-to-save-the-planet-loll-kirby\/\"]}]},{\"@type\":\"ImageObject\",\"inLanguage\":\"fr-FR\",\"@id\":\"https:\/\/teiaeducation.ch\/fr\/produit\/livre-old-enough-to-save-the-planet-loll-kirby\/#primaryimage\",\"url\":\"https:\/\/teiaeducation.ch\/wp-content\/uploads\/2021\/04\/Book-old-enough-to-save-the-planet-by-Loll-Kirby.jpg\",\"contentUrl\":\"https:\/\/teiaeducation.ch\/wp-content\/uploads\/2021\/04\/Book-old-enough-to-save-the-planet-by-Loll-Kirby.jpg\",\"width\":1200,\"height\":1200,\"caption\":\"Livre Old Enough to Save the Planet\"},{\"@type\":\"BreadcrumbList\",\"@id\":\"https:\/\/teiaeducation.ch\/fr\/produit\/livre-old-enough-to-save-the-planet-loll-kirby\/#breadcrumb\",\"itemListElement\":[{\"@type\":\"ListItem\",\"position\":1,\"name\":\"Home\",\"item\":\"https:\/\/teiaeducation.ch\/fr\/\"},{\"@type\":\"ListItem\",\"position\":2,\"name\":\"Boutique Teia Education &amp; Play\",\"item\":\"https:\/\/teiaeducation.ch\/fr\/boutique\/\"},{\"@type\":\"ListItem\",\"position\":3,\"name\":\"Domaines du Curriculum\",\"item\":\"https:\/\/teiaeducation.ch\/fr\/categorie-produit\/domaines-du-curriculum\/\"},{\"@type\":\"ListItem\",\"position\":4,\"name\":\"Alphab\u00e9tisation &amp; Langage\",\"item\":\"https:\/\/teiaeducation.ch\/fr\/categorie-produit\/domaines-du-curriculum\/alphabetisation-langage\/\"},{\"@type\":\"ListItem\",\"position\":5,\"name\":\"Apprendre \u00e0 Lire\",\"item\":\"https:\/\/teiaeducation.ch\/fr\/categorie-produit\/domaines-du-curriculum\/alphabetisation-langage\/apprendre-a-lire\/\"},{\"@type\":\"ListItem\",\"position\":6,\"name\":\"Old enough to save the planet &#8211; Loll Kirby\"}]},{\"@type\":\"WebSite\",\"@id\":\"https:\/\/teiaeducation.ch\/fr\/#website\",\"url\":\"https:\/\/teiaeducation.ch\/fr\/\",\"name\":\"Sustainable Educational Products &amp; Ecological Toys\u00a0\",\"description\":\"Specialised Swiss shop selling sustainable educational toys and games, AMI certified Montessori materials, handmade ecological wooden Waldorf toys and arts &amp; crafts supplies, school supplies, children&#039;s furniture and Montessori reference and parenting books.\",\"publisher\":{\"@id\":\"https:\/\/teiaeducation.ch\/fr\/#organization\"},\"alternateName\":\"Teia Education & Play\",\"potentialAction\":[{\"@type\":\"SearchAction\",\"target\":{\"@type\":\"EntryPoint\",\"urlTemplate\":\"https:\/\/teiaeducation.ch\/fr\/?s={search_term_string}\"},\"query-input\":{\"@type\":\"PropertyValueSpecification\",\"valueRequired\":true,\"valueName\":\"search_term_string\"}}],\"inLanguage\":\"fr-FR\"},{\"@type\":\"Organization\",\"@id\":\"https:\/\/teiaeducation.ch\/fr\/#organization\",\"name\":\"Teia Education & Play\",\"url\":\"https:\/\/teiaeducation.ch\/fr\/\",\"logo\":{\"@type\":\"ImageObject\",\"inLanguage\":\"fr-FR\",\"@id\":\"https:\/\/teiaeducation.ch\/fr\/#\/schema\/logo\/image\/\",\"url\":\"https:\/\/teiaeducation.ch\/wp-content\/uploads\/2020\/11\/Teia-Education-Switzerland-e1620156442216.jpg\",\"contentUrl\":\"https:\/\/teiaeducation.ch\/wp-content\/uploads\/2020\/11\/Teia-Education-Switzerland-e1620156442216.jpg\",\"width\":166,\"height\":145,\"caption\":\"Teia Education & Play\"},\"image\":{\"@id\":\"https:\/\/teiaeducation.ch\/fr\/#\/schema\/logo\/image\/\"},\"sameAs\":[\"https:\/\/www.facebook.com\/teiaeducation\/\",\"https:\/\/x.com\/EducationTeia\",\"https:\/\/www.instagram.com\/teia.education\/\",\"https:\/\/www.linkedin.com\/company\/35501660\",\"https:\/\/www.pinterest.ch\/TeiaEducation\/\"]}]}<\/script>\n<!-- \/ Yoast SEO plugin. -->","yoast_head_json":{"title":"Old enough to save the planet - Loll Kirby","description":"Old enough to save the planet est un livre inspirant de Loll Kirby qui examine de plus pr\u00e8s 12 jeunes activistes du changement climatique du monde entier.","robots":{"index":"index","follow":"follow","max-snippet":"max-snippet:-1","max-image-preview":"max-image-preview:large","max-video-preview":"max-video-preview:-1"},"canonical":"https:\/\/teiaeducation.ch\/fr\/produit\/livre-old-enough-to-save-the-planet-loll-kirby\/","og_locale":"fr_FR","og_type":"article","og_title":"Old enough to save the planet - Loll Kirby","og_description":"Old enough to save the planet est un livre inspirant de Loll Kirby qui examine de plus pr\u00e8s 12 jeunes activistes du changement climatique du monde entier.","og_url":"https:\/\/teiaeducation.ch\/fr\/produit\/livre-old-enough-to-save-the-planet-loll-kirby\/","og_site_name":"Sustainable Educational Products &amp; Ecological Toys\u00a0","article_publisher":"https:\/\/www.facebook.com\/teiaeducation\/","article_modified_time":"2024-06-15T12:59:39+00:00","og_image":[{"width":1200,"height":1200,"url":"https:\/\/teiaeducation.ch\/wp-content\/uploads\/2021\/04\/Book-old-enough-to-save-the-planet-by-Loll-Kirby.jpg","type":"image\/jpeg"}],"schema":{"@context":"https:\/\/schema.org","@graph":[{"@type":"WebPage","@id":"https:\/\/teiaeducation.ch\/fr\/produit\/livre-old-enough-to-save-the-planet-loll-kirby\/","url":"https:\/\/teiaeducation.ch\/fr\/produit\/livre-old-enough-to-save-the-planet-loll-kirby\/","name":"Old enough to save the planet - Loll Kirby","isPartOf":{"@id":"https:\/\/teiaeducation.ch\/fr\/#website"},"primaryImageOfPage":{"@id":"https:\/\/teiaeducation.ch\/fr\/produit\/livre-old-enough-to-save-the-planet-loll-kirby\/#primaryimage"},"image":{"@id":"https:\/\/teiaeducation.ch\/fr\/produit\/livre-old-enough-to-save-the-planet-loll-kirby\/#primaryimage"},"thumbnailUrl":"https:\/\/teiaeducation.ch\/wp-content\/uploads\/2021\/04\/Book-old-enough-to-save-the-planet-by-Loll-Kirby.jpg","datePublished":"2022-03-14T09:40:22+00:00","dateModified":"2024-06-15T12:59:39+00:00","description":"Old enough to save the planet est un livre inspirant de Loll Kirby qui examine de plus pr\u00e8s 12 jeunes activistes du changement climatique du monde entier.","breadcrumb":{"@id":"https:\/\/teiaeducation.ch\/fr\/produit\/livre-old-enough-to-save-the-planet-loll-kirby\/#breadcrumb"},"inLanguage":"fr-FR","potentialAction":[{"@type":"ReadAction","target":["https:\/\/teiaeducation.ch\/fr\/produit\/livre-old-enough-to-save-the-planet-loll-kirby\/"]}]},{"@type":"ImageObject","inLanguage":"fr-FR","@id":"https:\/\/teiaeducation.ch\/fr\/produit\/livre-old-enough-to-save-the-planet-loll-kirby\/#primaryimage","url":"https:\/\/teiaeducation.ch\/wp-content\/uploads\/2021\/04\/Book-old-enough-to-save-the-planet-by-Loll-Kirby.jpg","contentUrl":"https:\/\/teiaeducation.ch\/wp-content\/uploads\/2021\/04\/Book-old-enough-to-save-the-planet-by-Loll-Kirby.jpg","width":1200,"height":1200,"caption":"Livre Old Enough to Save the Planet"},{"@type":"BreadcrumbList","@id":"https:\/\/teiaeducation.ch\/fr\/produit\/livre-old-enough-to-save-the-planet-loll-kirby\/#breadcrumb","itemListElement":[{"@type":"ListItem","position":1,"name":"Home","item":"https:\/\/teiaeducation.ch\/fr\/"},{"@type":"ListItem","position":2,"name":"Boutique Teia Education &amp; Play","item":"https:\/\/teiaeducation.ch\/fr\/boutique\/"},{"@type":"ListItem","position":3,"name":"Domaines du Curriculum","item":"https:\/\/teiaeducation.ch\/fr\/categorie-produit\/domaines-du-curriculum\/"},{"@type":"ListItem","position":4,"name":"Alphab\u00e9tisation &amp; Langage","item":"https:\/\/teiaeducation.ch\/fr\/categorie-produit\/domaines-du-curriculum\/alphabetisation-langage\/"},{"@type":"ListItem","position":5,"name":"Apprendre \u00e0 Lire","item":"https:\/\/teiaeducation.ch\/fr\/categorie-produit\/domaines-du-curriculum\/alphabetisation-langage\/apprendre-a-lire\/"},{"@type":"ListItem","position":6,"name":"Old enough to save the planet &#8211; Loll Kirby"}]},{"@type":"WebSite","@id":"https:\/\/teiaeducation.ch\/fr\/#website","url":"https:\/\/teiaeducation.ch\/fr\/","name":"Sustainable Educational Products &amp; Ecological Toys\u00a0","description":"Specialised Swiss shop selling sustainable educational toys and games, AMI certified Montessori materials, handmade ecological wooden Waldorf toys and arts &amp; crafts supplies, school supplies, children&#039;s furniture and Montessori reference and parenting books.","publisher":{"@id":"https:\/\/teiaeducation.ch\/fr\/#organization"},"alternateName":"Teia Education & Play","potentialAction":[{"@type":"SearchAction","target":{"@type":"EntryPoint","urlTemplate":"https:\/\/teiaeducation.ch\/fr\/?s={search_term_string}"},"query-input":{"@type":"PropertyValueSpecification","valueRequired":true,"valueName":"search_term_string"}}],"inLanguage":"fr-FR"},{"@type":"Organization","@id":"https:\/\/teiaeducation.ch\/fr\/#organization","name":"Teia Education & Play","url":"https:\/\/teiaeducation.ch\/fr\/","logo":{"@type":"ImageObject","inLanguage":"fr-FR","@id":"https:\/\/teiaeducation.ch\/fr\/#\/schema\/logo\/image\/","url":"https:\/\/teiaeducation.ch\/wp-content\/uploads\/2020\/11\/Teia-Education-Switzerland-e1620156442216.jpg","contentUrl":"https:\/\/teiaeducation.ch\/wp-content\/uploads\/2020\/11\/Teia-Education-Switzerland-e1620156442216.jpg","width":166,"height":145,"caption":"Teia Education & Play"},"image":{"@id":"https:\/\/teiaeducation.ch\/fr\/#\/schema\/logo\/image\/"},"sameAs":["https:\/\/www.facebook.com\/teiaeducation\/","https:\/\/x.com\/EducationTeia","https:\/\/www.instagram.com\/teia.education\/","https:\/\/www.linkedin.com\/company\/35501660","https:\/\/www.pinterest.ch\/TeiaEducation\/"]}]}},"_links":{"self":[{"href":"https:\/\/teiaeducation.ch\/fr\/wp-json\/wp\/v2\/product\/35357","targetHints":{"allow":["GET"]}}],"collection":[{"href":"https:\/\/teiaeducation.ch\/fr\/wp-json\/wp\/v2\/product"}],"about":[{"href":"https:\/\/teiaeducation.ch\/fr\/wp-json\/wp\/v2\/types\/product"}],"replies":[{"embeddable":true,"href":"https:\/\/teiaeducation.ch\/fr\/wp-json\/wp\/v2\/comments?post=35357"}],"wp:featuredmedia":[{"embeddable":true,"href":"https:\/\/teiaeducation.ch\/fr\/wp-json\/wp\/v2\/media\/35359"}],"wp:attachment":[{"href":"https:\/\/teiaeducation.ch\/fr\/wp-json\/wp\/v2\/media?parent=35357"}],"wp:term":[{"taxonomy":"product_brand","embeddable":true,"href":"https:\/\/teiaeducation.ch\/fr\/wp-json\/wp\/v2\/product_brand?post=35357"},{"taxonomy":"product_cat","embeddable":true,"href":"https:\/\/teiaeducation.ch\/fr\/wp-json\/wp\/v2\/product_cat?post=35357"},{"taxonomy":"product_tag","embeddable":true,"href":"https:\/\/teiaeducation.ch\/fr\/wp-json\/wp\/v2\/product_tag?post=35357"}],"curies":[{"name":"wp","href":"https:\/\/api.w.org\/{rel}","templated":true}]}}