{"id":35396,"date":"2021-04-06T22:56:41","date_gmt":"2021-04-06T20:56:41","guid":{"rendered":"https:\/\/teiaeducation.ch\/product\/porte-de-reve-rose-des-lutins-scintillant-droomdeurtjes\/"},"modified":"2021-04-17T17:36:17","modified_gmt":"2021-04-17T15:36:17","slug":"porte-reve-rose-lutins-scintillant-droomdeurtjes","status":"publish","type":"product","link":"https:\/\/teiaeducation.ch\/fr\/produit\/porte-reve-rose-lutins-scintillant-droomdeurtjes\/","title":{"rendered":"Porte de r\u00eave: rose des lutins scintillant &#8211; Droomdeurtjes"},"content":{"rendered":"<p>Porte de r\u00eave: rose des lutins scintillant &#8211; Droomdeurtjes<\/p>\n<p>Inspir\u00e9e de la p\u00e9dagogie Waldorf, la porte de r\u00eave scintillante en rose lutin de la marque n\u00e9erlandaise Droomdeurtjes encourage le <a href=\"https:\/\/teiaeducation.ch\/product-category\/play\/open-ended-play\/\">jeu ouvert<\/a>et ne manquera pas d&#8217;apporter de la magie dans le monde d&#8217;un enfant, de donner vie \u00e0 sa fantaisie et sera un cadeau parfait pour toutes les occasions ! Le kit de d\u00e9marrage porte de r\u00eave comprend une porte de r\u00eave en bois robuste, fabriqu\u00e9e \u00e0 la main, mesurant 15 x 12,5 x 2,5 centim\u00e8tres, une cl\u00e9 magique et une bo\u00eete aux lettres assortie pour envoyer et recevoir du courrier de r\u00eave.<\/p>\n<p>Cette jolie porte scintillante en rose des lutins avec des paillettes biod\u00e9gradables a un rev\u00eatement sp\u00e9cial qui emp\u00eache les paillettes de se d\u00e9tacher.<\/p>\n<p>La porte de r\u00eave n&#8217;est pas seulement une belle addition \u00e0 une cr\u00e8che, une chambre d&#8217;enfant ou un espace de jeu, son concept est bas\u00e9 sur l&#8217;aide apport\u00e9e aux enfants dans leurs exp\u00e9riences quotidiennes. La porte de r\u00eave invite les enfants \u00e0 cr\u00e9er leur propre endroit s\u00fbr et laisser libre cours \u00e0 leur imagination. Un elfe, un dragon ou toute cr\u00e9ature mythique est invit\u00e9 \u00e0 franchir la porte du r\u00eave et \u00e0 devenir son compagnon.<\/p>\n<p>En plus de favoriser l&#8217;empathie et l&#8217;imagination, les portes de r\u00eave stimulent \u00e9galement la cr\u00e9ativit\u00e9 des enfants d\u00e8s leur plus jeune \u00e2ge en leur permettant de d\u00e9corer les alentours de la porte. Une collection d&#8217;accessoires et d&#8217;autocollants est \u00e9galement disponible dans notre boutique en ligne, mais la d\u00e9coration de la porte de r\u00eave et de ses environs peut \u00eatre laiss\u00e9e \u00e0 la cr\u00e9ativit\u00e9 de l&#8217;enfant.<\/p>\n<p>La porte des r\u00eaves est aussi r\u00e9guli\u00e8rement utilis\u00e9e par les enseignants comme support p\u00e9dagogique, et par les coachs d&#8217;enfants et les psychologues pour aider l&#8217;enfant \u00e0 se sentir plus \u00e0 l&#8217;aise pour exprimer ses \u00e9motions.<\/p>\n<p>Les portes de r\u00eave sont certifi\u00e9es CE, fabriqu\u00e9es \u00e0 la main \u00e0 partir de bois provenant de sources durables et finies avec une peinture non toxique \u00e0 base d&#8217;eau aux Pays-Bas. Les portes de r\u00eave sont livr\u00e9es dans un emballage cadeau solide en carton recycl\u00e9.<\/p>\n<p>Contenu :<\/p>\n<p>1 porte de r\u00eave en bois faite \u00e0 la main en rose des lutins scintillant (hauteur : 15cm | largeur : 12,5cm | \u00e9paisseur : 2,5 cm)<br \/>\n1 bo\u00eete aux lettres en bois faite \u00e0 la main en rose des lutins<br \/>\n1 cl\u00e9 magique<\/p>\n","protected":false},"excerpt":{"rendered":"<p>Num\u00e9ro d&#8217;article: <span data-sheets-value=\"{\"1\":2,\"2\":\"DD202003\"}\" data-sheets-userformat=\"{\"2\":10753,\"3\":{\"1\":0},\"12\":0,\"14\":{\"1\":2,\"2\":0},\"16\":12}\">DD202015<\/span><\/p>\n<p>Inspir\u00e9e de la p\u00e9dagogie Waldorf, la porte de r\u00eave Droomdeurtjes en rose des lutins scintillant apporte de la magie dans le monde de l&#8217;enfant et constitue un cadeau parfait pour toutes les occasions !<\/p>\n","protected":false},"featured_media":35022,"comment_status":"open","ping_status":"closed","template":"","meta":[],"product_brand":[],"product_cat":[208,215,216,17208,13130,23020,23021,13139,13140,7595,217,212,1219],"product_tag":[19075,19076,19073,19074,18116,17462,6714,17986,19077,19078],"class_list":{"0":"post-35396","1":"product","2":"type-product","3":"status-publish","4":"has-post-thumbnail","6":"product_cat-1-3-ans","7":"product_cat-3-6-ans","8":"product_cat-6-12-ans","9":"product_cat-droomdeurtjes-fr","10":"product_cat-jouer","11":"product_cat-jouets-en-bois","12":"product_cat-jouets-waldorf","13":"product_cat-jeu-imaginatif-faire-semblant","14":"product_cat-jeu-libre","15":"product_cat-methode-deducation","16":"product_cat-marques","17":"product_cat-tranche-dage","18":"product_cat-waldorf-fr","19":"product_tag-decoration-de-chambre-denfant-en-bois","20":"product_tag-decoration-pour-chambre-denfant","21":"product_tag-droomdeurtjes-fr","22":"product_tag-fabrique-aux-pays-bas","23":"product_tag-jeu-imaginatif","24":"product_tag-jeux-libres-en-bois","25":"product_tag-jouets-en-bois-faits-a-la-main","26":"product_tag-jouets-en-bois-waldorf-fr","27":"product_tag-porte-de-reve-suisse","28":"product_tag-support-pedagogique","30":"first","31":"outofstock","32":"taxable","33":"shipping-taxable","34":"purchasable","35":"product-type-simple"},"yoast_head":"<!-- This site is optimized with the Yoast SEO plugin v27.1.1 - https:\/\/yoast.com\/product\/yoast-seo-wordpress\/ -->\n<title>Porte de r\u00eave: rose des lutins scintillant - Droomdeurtjes - Teia Education &amp; Play<\/title>\n<meta name=\"description\" content=\"Inspir\u00e9e de la p\u00e9dagogie Waldorf, la porte de r\u00eave Droomdeurtjes en rose des lutins scintillants apporte de la magie dans le monde de l&#039;enfant et constitue un cadeau parfait !\" \/>\n<meta name=\"robots\" content=\"index, follow, max-snippet:-1, max-image-preview:large, max-video-preview:-1\" \/>\n<link rel=\"canonical\" href=\"https:\/\/teiaeducation.ch\/fr\/produit\/porte-reve-rose-lutins-scintillant-droomdeurtjes\/\" \/>\n<meta property=\"og:locale\" content=\"fr_FR\" \/>\n<meta property=\"og:type\" content=\"article\" \/>\n<meta property=\"og:title\" content=\"Porte de r\u00eave: rose des lutins scintillant - Droomdeurtjes - Teia Education &amp; Play\" \/>\n<meta property=\"og:description\" content=\"Inspir\u00e9e de la p\u00e9dagogie Waldorf, la porte de r\u00eave Droomdeurtjes en rose des lutins scintillants apporte de la magie dans le monde de l&#039;enfant et constitue un cadeau parfait !\" \/>\n<meta property=\"og:url\" content=\"https:\/\/teiaeducation.ch\/fr\/produit\/porte-reve-rose-lutins-scintillant-droomdeurtjes\/\" \/>\n<meta property=\"og:site_name\" content=\"Sustainable Educational Products &amp; Ecological Toys\u00a0\" \/>\n<meta property=\"article:publisher\" content=\"https:\/\/www.facebook.com\/teiaeducation\/\" \/>\n<meta property=\"article:modified_time\" content=\"2021-04-17T15:36:17+00:00\" \/>\n<meta property=\"og:image\" content=\"https:\/\/teiaeducation.ch\/wp-content\/uploads\/2021\/04\/Dream-Door-Twinkledoor-Elves-Pink-Droomdeurtjes-Teia-Education-Switzerland.jpg\" \/>\n\t<meta property=\"og:image:width\" content=\"800\" \/>\n\t<meta property=\"og:image:height\" content=\"706\" \/>\n\t<meta property=\"og:image:type\" content=\"image\/jpeg\" \/>\n<script type=\"application\/ld+json\" class=\"yoast-schema-graph\">{\"@context\":\"https:\/\/schema.org\",\"@graph\":[{\"@type\":\"WebPage\",\"@id\":\"https:\/\/teiaeducation.ch\/fr\/produit\/porte-reve-rose-lutins-scintillant-droomdeurtjes\/\",\"url\":\"https:\/\/teiaeducation.ch\/fr\/produit\/porte-reve-rose-lutins-scintillant-droomdeurtjes\/\",\"name\":\"Porte de r\u00eave: rose des lutins scintillant - Droomdeurtjes - Teia Education & Play\",\"isPartOf\":{\"@id\":\"https:\/\/teiaeducation.ch\/fr\/#website\"},\"primaryImageOfPage\":{\"@id\":\"https:\/\/teiaeducation.ch\/fr\/produit\/porte-reve-rose-lutins-scintillant-droomdeurtjes\/#primaryimage\"},\"image\":{\"@id\":\"https:\/\/teiaeducation.ch\/fr\/produit\/porte-reve-rose-lutins-scintillant-droomdeurtjes\/#primaryimage\"},\"thumbnailUrl\":\"https:\/\/teiaeducation.ch\/wp-content\/uploads\/2021\/04\/Dream-Door-Twinkledoor-Elves-Pink-Droomdeurtjes-Teia-Education-Switzerland.jpg\",\"datePublished\":\"2021-04-06T20:56:41+00:00\",\"dateModified\":\"2021-04-17T15:36:17+00:00\",\"description\":\"Inspir\u00e9e de la p\u00e9dagogie Waldorf, la porte de r\u00eave Droomdeurtjes en rose des lutins scintillants apporte de la magie dans le monde de l'enfant et constitue un cadeau parfait !\",\"breadcrumb\":{\"@id\":\"https:\/\/teiaeducation.ch\/fr\/produit\/porte-reve-rose-lutins-scintillant-droomdeurtjes\/#breadcrumb\"},\"inLanguage\":\"fr-FR\",\"potentialAction\":[{\"@type\":\"ReadAction\",\"target\":[\"https:\/\/teiaeducation.ch\/fr\/produit\/porte-reve-rose-lutins-scintillant-droomdeurtjes\/\"]}]},{\"@type\":\"ImageObject\",\"inLanguage\":\"fr-FR\",\"@id\":\"https:\/\/teiaeducation.ch\/fr\/produit\/porte-reve-rose-lutins-scintillant-droomdeurtjes\/#primaryimage\",\"url\":\"https:\/\/teiaeducation.ch\/wp-content\/uploads\/2021\/04\/Dream-Door-Twinkledoor-Elves-Pink-Droomdeurtjes-Teia-Education-Switzerland.jpg\",\"contentUrl\":\"https:\/\/teiaeducation.ch\/wp-content\/uploads\/2021\/04\/Dream-Door-Twinkledoor-Elves-Pink-Droomdeurtjes-Teia-Education-Switzerland.jpg\",\"width\":800,\"height\":706,\"caption\":\"Porte de r\u00eave rose des lutins scintillant - Droomdeurtjes - Teia Education Suisse\"},{\"@type\":\"BreadcrumbList\",\"@id\":\"https:\/\/teiaeducation.ch\/fr\/produit\/porte-reve-rose-lutins-scintillant-droomdeurtjes\/#breadcrumb\",\"itemListElement\":[{\"@type\":\"ListItem\",\"position\":1,\"name\":\"Home\",\"item\":\"https:\/\/teiaeducation.ch\/fr\/\"},{\"@type\":\"ListItem\",\"position\":2,\"name\":\"Boutique Teia Education &amp; Play\",\"item\":\"https:\/\/teiaeducation.ch\/fr\/boutique\/\"},{\"@type\":\"ListItem\",\"position\":3,\"name\":\"Tranche d'\u00c2ge\",\"item\":\"https:\/\/teiaeducation.ch\/fr\/categorie-produit\/tranche-dage\/\"},{\"@type\":\"ListItem\",\"position\":4,\"name\":\"1-3 Ans Jeunes Enfants\",\"item\":\"https:\/\/teiaeducation.ch\/fr\/categorie-produit\/tranche-dage\/1-3-ans\/\"},{\"@type\":\"ListItem\",\"position\":5,\"name\":\"Porte de r\u00eave: rose des lutins scintillant &#8211; Droomdeurtjes\"}]},{\"@type\":\"WebSite\",\"@id\":\"https:\/\/teiaeducation.ch\/fr\/#website\",\"url\":\"https:\/\/teiaeducation.ch\/fr\/\",\"name\":\"Sustainable Educational Products &amp; Ecological Toys\u00a0\",\"description\":\"Specialised Swiss shop selling sustainable educational toys and games, AMI certified Montessori materials, handmade ecological wooden Waldorf toys and arts &amp; crafts supplies, school supplies, children&#039;s furniture and Montessori reference and parenting books.\",\"publisher\":{\"@id\":\"https:\/\/teiaeducation.ch\/fr\/#organization\"},\"alternateName\":\"Teia Education & Play\",\"potentialAction\":[{\"@type\":\"SearchAction\",\"target\":{\"@type\":\"EntryPoint\",\"urlTemplate\":\"https:\/\/teiaeducation.ch\/fr\/?s={search_term_string}\"},\"query-input\":{\"@type\":\"PropertyValueSpecification\",\"valueRequired\":true,\"valueName\":\"search_term_string\"}}],\"inLanguage\":\"fr-FR\"},{\"@type\":\"Organization\",\"@id\":\"https:\/\/teiaeducation.ch\/fr\/#organization\",\"name\":\"Teia Education & Play\",\"url\":\"https:\/\/teiaeducation.ch\/fr\/\",\"logo\":{\"@type\":\"ImageObject\",\"inLanguage\":\"fr-FR\",\"@id\":\"https:\/\/teiaeducation.ch\/fr\/#\/schema\/logo\/image\/\",\"url\":\"https:\/\/teiaeducation.ch\/wp-content\/uploads\/2020\/11\/Teia-Education-Switzerland-e1620156442216.jpg\",\"contentUrl\":\"https:\/\/teiaeducation.ch\/wp-content\/uploads\/2020\/11\/Teia-Education-Switzerland-e1620156442216.jpg\",\"width\":166,\"height\":145,\"caption\":\"Teia Education & Play\"},\"image\":{\"@id\":\"https:\/\/teiaeducation.ch\/fr\/#\/schema\/logo\/image\/\"},\"sameAs\":[\"https:\/\/www.facebook.com\/teiaeducation\/\",\"https:\/\/x.com\/EducationTeia\",\"https:\/\/www.instagram.com\/teia.education\/\",\"https:\/\/www.linkedin.com\/company\/35501660\",\"https:\/\/www.pinterest.ch\/TeiaEducation\/\"]}]}<\/script>\n<!-- \/ Yoast SEO plugin. -->","yoast_head_json":{"title":"Porte de r\u00eave: rose des lutins scintillant - Droomdeurtjes - Teia Education & Play","description":"Inspir\u00e9e de la p\u00e9dagogie Waldorf, la porte de r\u00eave Droomdeurtjes en rose des lutins scintillants apporte de la magie dans le monde de l'enfant et constitue un cadeau parfait !","robots":{"index":"index","follow":"follow","max-snippet":"max-snippet:-1","max-image-preview":"max-image-preview:large","max-video-preview":"max-video-preview:-1"},"canonical":"https:\/\/teiaeducation.ch\/fr\/produit\/porte-reve-rose-lutins-scintillant-droomdeurtjes\/","og_locale":"fr_FR","og_type":"article","og_title":"Porte de r\u00eave: rose des lutins scintillant - Droomdeurtjes - Teia Education & Play","og_description":"Inspir\u00e9e de la p\u00e9dagogie Waldorf, la porte de r\u00eave Droomdeurtjes en rose des lutins scintillants apporte de la magie dans le monde de l'enfant et constitue un cadeau parfait !","og_url":"https:\/\/teiaeducation.ch\/fr\/produit\/porte-reve-rose-lutins-scintillant-droomdeurtjes\/","og_site_name":"Sustainable Educational Products &amp; Ecological Toys\u00a0","article_publisher":"https:\/\/www.facebook.com\/teiaeducation\/","article_modified_time":"2021-04-17T15:36:17+00:00","og_image":[{"width":800,"height":706,"url":"https:\/\/teiaeducation.ch\/wp-content\/uploads\/2021\/04\/Dream-Door-Twinkledoor-Elves-Pink-Droomdeurtjes-Teia-Education-Switzerland.jpg","type":"image\/jpeg"}],"schema":{"@context":"https:\/\/schema.org","@graph":[{"@type":"WebPage","@id":"https:\/\/teiaeducation.ch\/fr\/produit\/porte-reve-rose-lutins-scintillant-droomdeurtjes\/","url":"https:\/\/teiaeducation.ch\/fr\/produit\/porte-reve-rose-lutins-scintillant-droomdeurtjes\/","name":"Porte de r\u00eave: rose des lutins scintillant - Droomdeurtjes - Teia Education & Play","isPartOf":{"@id":"https:\/\/teiaeducation.ch\/fr\/#website"},"primaryImageOfPage":{"@id":"https:\/\/teiaeducation.ch\/fr\/produit\/porte-reve-rose-lutins-scintillant-droomdeurtjes\/#primaryimage"},"image":{"@id":"https:\/\/teiaeducation.ch\/fr\/produit\/porte-reve-rose-lutins-scintillant-droomdeurtjes\/#primaryimage"},"thumbnailUrl":"https:\/\/teiaeducation.ch\/wp-content\/uploads\/2021\/04\/Dream-Door-Twinkledoor-Elves-Pink-Droomdeurtjes-Teia-Education-Switzerland.jpg","datePublished":"2021-04-06T20:56:41+00:00","dateModified":"2021-04-17T15:36:17+00:00","description":"Inspir\u00e9e de la p\u00e9dagogie Waldorf, la porte de r\u00eave Droomdeurtjes en rose des lutins scintillants apporte de la magie dans le monde de l'enfant et constitue un cadeau parfait !","breadcrumb":{"@id":"https:\/\/teiaeducation.ch\/fr\/produit\/porte-reve-rose-lutins-scintillant-droomdeurtjes\/#breadcrumb"},"inLanguage":"fr-FR","potentialAction":[{"@type":"ReadAction","target":["https:\/\/teiaeducation.ch\/fr\/produit\/porte-reve-rose-lutins-scintillant-droomdeurtjes\/"]}]},{"@type":"ImageObject","inLanguage":"fr-FR","@id":"https:\/\/teiaeducation.ch\/fr\/produit\/porte-reve-rose-lutins-scintillant-droomdeurtjes\/#primaryimage","url":"https:\/\/teiaeducation.ch\/wp-content\/uploads\/2021\/04\/Dream-Door-Twinkledoor-Elves-Pink-Droomdeurtjes-Teia-Education-Switzerland.jpg","contentUrl":"https:\/\/teiaeducation.ch\/wp-content\/uploads\/2021\/04\/Dream-Door-Twinkledoor-Elves-Pink-Droomdeurtjes-Teia-Education-Switzerland.jpg","width":800,"height":706,"caption":"Porte de r\u00eave rose des lutins scintillant - Droomdeurtjes - Teia Education Suisse"},{"@type":"BreadcrumbList","@id":"https:\/\/teiaeducation.ch\/fr\/produit\/porte-reve-rose-lutins-scintillant-droomdeurtjes\/#breadcrumb","itemListElement":[{"@type":"ListItem","position":1,"name":"Home","item":"https:\/\/teiaeducation.ch\/fr\/"},{"@type":"ListItem","position":2,"name":"Boutique Teia Education &amp; Play","item":"https:\/\/teiaeducation.ch\/fr\/boutique\/"},{"@type":"ListItem","position":3,"name":"Tranche d'\u00c2ge","item":"https:\/\/teiaeducation.ch\/fr\/categorie-produit\/tranche-dage\/"},{"@type":"ListItem","position":4,"name":"1-3 Ans Jeunes Enfants","item":"https:\/\/teiaeducation.ch\/fr\/categorie-produit\/tranche-dage\/1-3-ans\/"},{"@type":"ListItem","position":5,"name":"Porte de r\u00eave: rose des lutins scintillant &#8211; Droomdeurtjes"}]},{"@type":"WebSite","@id":"https:\/\/teiaeducation.ch\/fr\/#website","url":"https:\/\/teiaeducation.ch\/fr\/","name":"Sustainable Educational Products &amp; Ecological Toys\u00a0","description":"Specialised Swiss shop selling sustainable educational toys and games, AMI certified Montessori materials, handmade ecological wooden Waldorf toys and arts &amp; crafts supplies, school supplies, children&#039;s furniture and Montessori reference and parenting books.","publisher":{"@id":"https:\/\/teiaeducation.ch\/fr\/#organization"},"alternateName":"Teia Education & Play","potentialAction":[{"@type":"SearchAction","target":{"@type":"EntryPoint","urlTemplate":"https:\/\/teiaeducation.ch\/fr\/?s={search_term_string}"},"query-input":{"@type":"PropertyValueSpecification","valueRequired":true,"valueName":"search_term_string"}}],"inLanguage":"fr-FR"},{"@type":"Organization","@id":"https:\/\/teiaeducation.ch\/fr\/#organization","name":"Teia Education & Play","url":"https:\/\/teiaeducation.ch\/fr\/","logo":{"@type":"ImageObject","inLanguage":"fr-FR","@id":"https:\/\/teiaeducation.ch\/fr\/#\/schema\/logo\/image\/","url":"https:\/\/teiaeducation.ch\/wp-content\/uploads\/2020\/11\/Teia-Education-Switzerland-e1620156442216.jpg","contentUrl":"https:\/\/teiaeducation.ch\/wp-content\/uploads\/2020\/11\/Teia-Education-Switzerland-e1620156442216.jpg","width":166,"height":145,"caption":"Teia Education & Play"},"image":{"@id":"https:\/\/teiaeducation.ch\/fr\/#\/schema\/logo\/image\/"},"sameAs":["https:\/\/www.facebook.com\/teiaeducation\/","https:\/\/x.com\/EducationTeia","https:\/\/www.instagram.com\/teia.education\/","https:\/\/www.linkedin.com\/company\/35501660","https:\/\/www.pinterest.ch\/TeiaEducation\/"]}]}},"_links":{"self":[{"href":"https:\/\/teiaeducation.ch\/fr\/wp-json\/wp\/v2\/product\/35396","targetHints":{"allow":["GET"]}}],"collection":[{"href":"https:\/\/teiaeducation.ch\/fr\/wp-json\/wp\/v2\/product"}],"about":[{"href":"https:\/\/teiaeducation.ch\/fr\/wp-json\/wp\/v2\/types\/product"}],"replies":[{"embeddable":true,"href":"https:\/\/teiaeducation.ch\/fr\/wp-json\/wp\/v2\/comments?post=35396"}],"wp:featuredmedia":[{"embeddable":true,"href":"https:\/\/teiaeducation.ch\/fr\/wp-json\/wp\/v2\/media\/35022"}],"wp:attachment":[{"href":"https:\/\/teiaeducation.ch\/fr\/wp-json\/wp\/v2\/media?parent=35396"}],"wp:term":[{"taxonomy":"product_brand","embeddable":true,"href":"https:\/\/teiaeducation.ch\/fr\/wp-json\/wp\/v2\/product_brand?post=35396"},{"taxonomy":"product_cat","embeddable":true,"href":"https:\/\/teiaeducation.ch\/fr\/wp-json\/wp\/v2\/product_cat?post=35396"},{"taxonomy":"product_tag","embeddable":true,"href":"https:\/\/teiaeducation.ch\/fr\/wp-json\/wp\/v2\/product_tag?post=35396"}],"curies":[{"name":"wp","href":"https:\/\/api.w.org\/{rel}","templated":true}]}}