{"id":35400,"date":"2021-04-07T10:04:40","date_gmt":"2021-04-07T08:04:40","guid":{"rendered":"https:\/\/teiaeducation.ch\/product\/porte-de-reve-table-avec-tabourets-droomdeurtjes\/"},"modified":"2021-04-18T13:45:57","modified_gmt":"2021-04-18T11:45:57","slug":"table-tabourets-porte-reve-droomdeurtjes","status":"publish","type":"product","link":"https:\/\/teiaeducation.ch\/fr\/produit\/table-tabourets-porte-reve-droomdeurtjes\/","title":{"rendered":"Porte de r\u00eave: table avec tabourets &#8211; Droomdeurtjes"},"content":{"rendered":"<p>Ensemble d&#8217;accessoires porte de r\u00eave, table avec tabourets &#8211; Droomdeurtjes<\/p>\n<p>Il est temps de d\u00e9corer ! Cet ensemble fantaisiste de d\u00e9licieux meubles miniatures de la gamme d&#8217;accessoires Droomdeurtjes sert \u00e0 d\u00e9corer les alentours de la porte de r\u00eave et \u00e0 faire en sorte que les elfes ou les dragons se sentent bienvenus. L&#8217;ensemble comprend une petite table et deux tabourets, parfaitement dimensionn\u00e9s pour accueillir les plus petits des amis ! Toutes les pi\u00e8ces de l&#8217;ensemble sont fabriqu\u00e9es \u00e0 la main \u00e0 partir de bois certifi\u00e9 FSC et finies \u00e0 la main avec une peinture non toxique \u00e0 base d&#8217;eau.<\/p>\n<p>La base des tabourets et de la table est faite de bois brut, les plateaux de la table et des tabourets sont peints dans de jolies teintes pastel et finis avec des pois blancs. Ce set d&#8217;accessoires est disponible dans les couleurs suivantes : turquoise, vert printemps, bleu ciel et rose elfique (veuillez s\u00e9lectionner la couleur souhait\u00e9e dans le menu)<\/p>\n<p>Inspir\u00e9e de la p\u00e9dagogie <a href=\"https:\/\/teiaeducation.ch\/product-category\/education-method\/waldorf\/\">Waldorf<\/a>, la porte de r\u00eave de la marque n\u00e9erlandaise Droomdeurtjes ne manquera pas d&#8217;apporter de la magie dans l&#8217;univers d&#8217;un enfant, de donner vie \u00e0 sa fantaisie et sera un cadeau parfait pour toutes les occasions ! La porte de r\u00eave n&#8217;est pas seulement une belle addition \u00e0 une cr\u00e8che, une chambre d&#8217;enfant ou un espace de jeu, son concept est bas\u00e9 sur l&#8217;aide apport\u00e9e aux enfants dans leurs exp\u00e9riences quotidiennes. La porte de r\u00eave invite les enfants \u00e0 cr\u00e9er leur propre endroit s\u00fbr et laisser libre cours \u00e0 leur imagination. Un elfe, un dragon ou toute cr\u00e9ature mythique est invit\u00e9 \u00e0 franchir la porte du r\u00eave et \u00e0 devenir son compagnon.<\/p>\n<p>La porte des r\u00eaves est aussi r\u00e9guli\u00e8rement utilis\u00e9e par les enseignants comme support p\u00e9dagogique, et par les coachs d&#8217;enfants et les psychologues pour aider l&#8217;enfant \u00e0 se sentir plus \u00e0 l&#8217;aise pour exprimer ses \u00e9motions.<\/p>\n<p>Toutes les portes de r\u00eave et la gamme d&#8217;accessoires sont certifi\u00e9es CE, fabriqu\u00e9es \u00e0 la main \u00e0 partir de bois et de mat\u00e9riaux naturels provenant de sources durables et sont finies avec une peinture \u00e0 l&#8217;eau non toxique aux Pays-Bas.<\/p>\n<p>L&#8217;ensemble d&#8217;accessoires table et tabourets Droomdeurtjes convient aux enfants de 3 ans et plus.<\/p>\n<p>Contenu :<\/p>\n<p>1 table en bois<br \/>\n2 tabourets en bois<\/p>\n<p>* la porte de r\u00eave illustr\u00e9e n&#8217;est pas incluse<\/p>\n","protected":false},"excerpt":{"rendered":"<p>Num\u00e9ro d&#8217;article: <span data-sheets-value=\"{\"1\":2,\"2\":\"WS202001\"}\" data-sheets-userformat=\"{\"2\":577,\"3\":{\"1\":0},\"9\":0,\"12\":0}\">WS202016<\/span><\/p>\n<p>L&#8217;ensemble table et tabourets de Droomdeurtjes est utilis\u00e9 pour d\u00e9corer les environs de la porte de r\u00eave et faire en sorte que les elfes ou les dragons se sentent bienvenus.<\/p>\n","protected":false},"featured_media":35051,"comment_status":"open","ping_status":"closed","template":"","meta":[],"product_brand":[],"product_cat":[215,216,17208,17241,21257,13130,23020,23021,13139,13140,13136,7595,217,212,1219],"product_tag":[19079,19075,19076,19073,19074,18116,17462,6714,17986,19077,19078],"class_list":{"0":"post-35400","1":"product","2":"type-product","3":"status-publish","4":"has-post-thumbnail","6":"product_cat-3-6-ans","7":"product_cat-6-12-ans","8":"product_cat-droomdeurtjes-fr","9":"product_cat-guide-cadeaux-3-6-ans","10":"product_cat-guides-cadeaux","11":"product_cat-jouer","12":"product_cat-jouets-en-bois","13":"product_cat-jouets-waldorf","14":"product_cat-jeu-imaginatif-faire-semblant","15":"product_cat-jeu-libre","16":"product_cat-maisons-de-poupees-batiments","17":"product_cat-methode-deducation","18":"product_cat-marques","19":"product_cat-tranche-dage","20":"product_cat-waldorf-fr","21":"product_tag-accessoires-droomdeurtjes","22":"product_tag-decoration-de-chambre-denfant-en-bois","23":"product_tag-decoration-pour-chambre-denfant","24":"product_tag-droomdeurtjes-fr","25":"product_tag-fabrique-aux-pays-bas","26":"product_tag-jeu-imaginatif","27":"product_tag-jeux-libres-en-bois","28":"product_tag-jouets-en-bois-faits-a-la-main","29":"product_tag-jouets-en-bois-waldorf-fr","30":"product_tag-porte-de-reve-suisse","31":"product_tag-support-pedagogique","33":"first","34":"instock","35":"taxable","36":"shipping-taxable","37":"purchasable","38":"product-type-variable","39":"has-default-attributes"},"yoast_head":"<!-- This site is optimized with the Yoast SEO plugin v27.1.1 - https:\/\/yoast.com\/product\/yoast-seo-wordpress\/ -->\n<title>Porte de r\u00eave: table avec tabourets - Droomdeurtjes - Teia Education &amp; Play<\/title>\n<meta name=\"description\" content=\"Le set d&#039;accessoires table et tabourets de Droomdeurtjes sert \u00e0 d\u00e9corer les alentours de la porte de r\u00eave et \u00e0 faire en sorte que les elfes ou les dragons se sentent bienvenus.\" \/>\n<meta name=\"robots\" content=\"index, follow, max-snippet:-1, max-image-preview:large, max-video-preview:-1\" \/>\n<link rel=\"canonical\" href=\"https:\/\/teiaeducation.ch\/fr\/produit\/table-tabourets-porte-reve-droomdeurtjes\/\" \/>\n<meta property=\"og:locale\" content=\"fr_FR\" \/>\n<meta property=\"og:type\" content=\"article\" \/>\n<meta property=\"og:title\" content=\"Porte de r\u00eave: table avec tabourets - Droomdeurtjes - Teia Education &amp; Play\" \/>\n<meta property=\"og:description\" content=\"Le set d&#039;accessoires table et tabourets de Droomdeurtjes sert \u00e0 d\u00e9corer les alentours de la porte de r\u00eave et \u00e0 faire en sorte que les elfes ou les dragons se sentent bienvenus.\" \/>\n<meta property=\"og:url\" content=\"https:\/\/teiaeducation.ch\/fr\/produit\/table-tabourets-porte-reve-droomdeurtjes\/\" \/>\n<meta property=\"og:site_name\" content=\"Sustainable Educational Products &amp; Ecological Toys\u00a0\" \/>\n<meta property=\"article:publisher\" content=\"https:\/\/www.facebook.com\/teiaeducation\/\" \/>\n<meta property=\"article:modified_time\" content=\"2021-04-18T11:45:57+00:00\" \/>\n<meta property=\"og:image\" content=\"https:\/\/teiaeducation.ch\/wp-content\/uploads\/2021\/04\/Dream-Table-and-Stools-Set-Cornflower-Blue-Droomdeurtjes-Teia-Education-Switzerland.jpg\" \/>\n\t<meta property=\"og:image:width\" content=\"800\" \/>\n\t<meta property=\"og:image:height\" content=\"685\" \/>\n\t<meta property=\"og:image:type\" content=\"image\/jpeg\" \/>\n<script type=\"application\/ld+json\" class=\"yoast-schema-graph\">{\"@context\":\"https:\/\/schema.org\",\"@graph\":[{\"@type\":\"WebPage\",\"@id\":\"https:\/\/teiaeducation.ch\/fr\/produit\/table-tabourets-porte-reve-droomdeurtjes\/\",\"url\":\"https:\/\/teiaeducation.ch\/fr\/produit\/table-tabourets-porte-reve-droomdeurtjes\/\",\"name\":\"Porte de r\u00eave: table avec tabourets - Droomdeurtjes - Teia Education & Play\",\"isPartOf\":{\"@id\":\"https:\/\/teiaeducation.ch\/fr\/#website\"},\"primaryImageOfPage\":{\"@id\":\"https:\/\/teiaeducation.ch\/fr\/produit\/table-tabourets-porte-reve-droomdeurtjes\/#primaryimage\"},\"image\":{\"@id\":\"https:\/\/teiaeducation.ch\/fr\/produit\/table-tabourets-porte-reve-droomdeurtjes\/#primaryimage\"},\"thumbnailUrl\":\"https:\/\/teiaeducation.ch\/wp-content\/uploads\/2021\/04\/Dream-Table-and-Stools-Set-Cornflower-Blue-Droomdeurtjes-Teia-Education-Switzerland.jpg\",\"datePublished\":\"2021-04-07T08:04:40+00:00\",\"dateModified\":\"2021-04-18T11:45:57+00:00\",\"description\":\"Le set d'accessoires table et tabourets de Droomdeurtjes sert \u00e0 d\u00e9corer les alentours de la porte de r\u00eave et \u00e0 faire en sorte que les elfes ou les dragons se sentent bienvenus.\",\"breadcrumb\":{\"@id\":\"https:\/\/teiaeducation.ch\/fr\/produit\/table-tabourets-porte-reve-droomdeurtjes\/#breadcrumb\"},\"inLanguage\":\"fr-FR\",\"potentialAction\":[{\"@type\":\"ReadAction\",\"target\":[\"https:\/\/teiaeducation.ch\/fr\/produit\/table-tabourets-porte-reve-droomdeurtjes\/\"]}]},{\"@type\":\"ImageObject\",\"inLanguage\":\"fr-FR\",\"@id\":\"https:\/\/teiaeducation.ch\/fr\/produit\/table-tabourets-porte-reve-droomdeurtjes\/#primaryimage\",\"url\":\"https:\/\/teiaeducation.ch\/wp-content\/uploads\/2021\/04\/Dream-Table-and-Stools-Set-Cornflower-Blue-Droomdeurtjes-Teia-Education-Switzerland.jpg\",\"contentUrl\":\"https:\/\/teiaeducation.ch\/wp-content\/uploads\/2021\/04\/Dream-Table-and-Stools-Set-Cornflower-Blue-Droomdeurtjes-Teia-Education-Switzerland.jpg\",\"width\":800,\"height\":685,\"caption\":\"Ensemble table et tabourets de r\u00eave bleu ciel - Droomdeurtjes - Teia Education Suisse\"},{\"@type\":\"BreadcrumbList\",\"@id\":\"https:\/\/teiaeducation.ch\/fr\/produit\/table-tabourets-porte-reve-droomdeurtjes\/#breadcrumb\",\"itemListElement\":[{\"@type\":\"ListItem\",\"position\":1,\"name\":\"Home\",\"item\":\"https:\/\/teiaeducation.ch\/fr\/\"},{\"@type\":\"ListItem\",\"position\":2,\"name\":\"Boutique Teia Education &amp; Play\",\"item\":\"https:\/\/teiaeducation.ch\/fr\/boutique\/\"},{\"@type\":\"ListItem\",\"position\":3,\"name\":\"Nos Marques\",\"item\":\"https:\/\/teiaeducation.ch\/fr\/categorie-produit\/marques\/\"},{\"@type\":\"ListItem\",\"position\":4,\"name\":\"Droomdeurtjes\",\"item\":\"https:\/\/teiaeducation.ch\/fr\/categorie-produit\/marques\/droomdeurtjes-fr\/\"},{\"@type\":\"ListItem\",\"position\":5,\"name\":\"Porte de r\u00eave: table avec tabourets &#8211; Droomdeurtjes\"}]},{\"@type\":\"WebSite\",\"@id\":\"https:\/\/teiaeducation.ch\/fr\/#website\",\"url\":\"https:\/\/teiaeducation.ch\/fr\/\",\"name\":\"Sustainable Educational Products &amp; Ecological Toys\u00a0\",\"description\":\"Specialised Swiss shop selling sustainable educational toys and games, AMI certified Montessori materials, handmade ecological wooden Waldorf toys and arts &amp; crafts supplies, school supplies, children&#039;s furniture and Montessori reference and parenting books.\",\"publisher\":{\"@id\":\"https:\/\/teiaeducation.ch\/fr\/#organization\"},\"alternateName\":\"Teia Education & Play\",\"potentialAction\":[{\"@type\":\"SearchAction\",\"target\":{\"@type\":\"EntryPoint\",\"urlTemplate\":\"https:\/\/teiaeducation.ch\/fr\/?s={search_term_string}\"},\"query-input\":{\"@type\":\"PropertyValueSpecification\",\"valueRequired\":true,\"valueName\":\"search_term_string\"}}],\"inLanguage\":\"fr-FR\"},{\"@type\":\"Organization\",\"@id\":\"https:\/\/teiaeducation.ch\/fr\/#organization\",\"name\":\"Teia Education & Play\",\"url\":\"https:\/\/teiaeducation.ch\/fr\/\",\"logo\":{\"@type\":\"ImageObject\",\"inLanguage\":\"fr-FR\",\"@id\":\"https:\/\/teiaeducation.ch\/fr\/#\/schema\/logo\/image\/\",\"url\":\"https:\/\/teiaeducation.ch\/wp-content\/uploads\/2020\/11\/Teia-Education-Switzerland-e1620156442216.jpg\",\"contentUrl\":\"https:\/\/teiaeducation.ch\/wp-content\/uploads\/2020\/11\/Teia-Education-Switzerland-e1620156442216.jpg\",\"width\":166,\"height\":145,\"caption\":\"Teia Education & Play\"},\"image\":{\"@id\":\"https:\/\/teiaeducation.ch\/fr\/#\/schema\/logo\/image\/\"},\"sameAs\":[\"https:\/\/www.facebook.com\/teiaeducation\/\",\"https:\/\/x.com\/EducationTeia\",\"https:\/\/www.instagram.com\/teia.education\/\",\"https:\/\/www.linkedin.com\/company\/35501660\",\"https:\/\/www.pinterest.ch\/TeiaEducation\/\"]}]}<\/script>\n<!-- \/ Yoast SEO plugin. -->","yoast_head_json":{"title":"Porte de r\u00eave: table avec tabourets - Droomdeurtjes - Teia Education & Play","description":"Le set d'accessoires table et tabourets de Droomdeurtjes sert \u00e0 d\u00e9corer les alentours de la porte de r\u00eave et \u00e0 faire en sorte que les elfes ou les dragons se sentent bienvenus.","robots":{"index":"index","follow":"follow","max-snippet":"max-snippet:-1","max-image-preview":"max-image-preview:large","max-video-preview":"max-video-preview:-1"},"canonical":"https:\/\/teiaeducation.ch\/fr\/produit\/table-tabourets-porte-reve-droomdeurtjes\/","og_locale":"fr_FR","og_type":"article","og_title":"Porte de r\u00eave: table avec tabourets - Droomdeurtjes - Teia Education & Play","og_description":"Le set d'accessoires table et tabourets de Droomdeurtjes sert \u00e0 d\u00e9corer les alentours de la porte de r\u00eave et \u00e0 faire en sorte que les elfes ou les dragons se sentent bienvenus.","og_url":"https:\/\/teiaeducation.ch\/fr\/produit\/table-tabourets-porte-reve-droomdeurtjes\/","og_site_name":"Sustainable Educational Products &amp; Ecological Toys\u00a0","article_publisher":"https:\/\/www.facebook.com\/teiaeducation\/","article_modified_time":"2021-04-18T11:45:57+00:00","og_image":[{"width":800,"height":685,"url":"https:\/\/teiaeducation.ch\/wp-content\/uploads\/2021\/04\/Dream-Table-and-Stools-Set-Cornflower-Blue-Droomdeurtjes-Teia-Education-Switzerland.jpg","type":"image\/jpeg"}],"schema":{"@context":"https:\/\/schema.org","@graph":[{"@type":"WebPage","@id":"https:\/\/teiaeducation.ch\/fr\/produit\/table-tabourets-porte-reve-droomdeurtjes\/","url":"https:\/\/teiaeducation.ch\/fr\/produit\/table-tabourets-porte-reve-droomdeurtjes\/","name":"Porte de r\u00eave: table avec tabourets - Droomdeurtjes - Teia Education & Play","isPartOf":{"@id":"https:\/\/teiaeducation.ch\/fr\/#website"},"primaryImageOfPage":{"@id":"https:\/\/teiaeducation.ch\/fr\/produit\/table-tabourets-porte-reve-droomdeurtjes\/#primaryimage"},"image":{"@id":"https:\/\/teiaeducation.ch\/fr\/produit\/table-tabourets-porte-reve-droomdeurtjes\/#primaryimage"},"thumbnailUrl":"https:\/\/teiaeducation.ch\/wp-content\/uploads\/2021\/04\/Dream-Table-and-Stools-Set-Cornflower-Blue-Droomdeurtjes-Teia-Education-Switzerland.jpg","datePublished":"2021-04-07T08:04:40+00:00","dateModified":"2021-04-18T11:45:57+00:00","description":"Le set d'accessoires table et tabourets de Droomdeurtjes sert \u00e0 d\u00e9corer les alentours de la porte de r\u00eave et \u00e0 faire en sorte que les elfes ou les dragons se sentent bienvenus.","breadcrumb":{"@id":"https:\/\/teiaeducation.ch\/fr\/produit\/table-tabourets-porte-reve-droomdeurtjes\/#breadcrumb"},"inLanguage":"fr-FR","potentialAction":[{"@type":"ReadAction","target":["https:\/\/teiaeducation.ch\/fr\/produit\/table-tabourets-porte-reve-droomdeurtjes\/"]}]},{"@type":"ImageObject","inLanguage":"fr-FR","@id":"https:\/\/teiaeducation.ch\/fr\/produit\/table-tabourets-porte-reve-droomdeurtjes\/#primaryimage","url":"https:\/\/teiaeducation.ch\/wp-content\/uploads\/2021\/04\/Dream-Table-and-Stools-Set-Cornflower-Blue-Droomdeurtjes-Teia-Education-Switzerland.jpg","contentUrl":"https:\/\/teiaeducation.ch\/wp-content\/uploads\/2021\/04\/Dream-Table-and-Stools-Set-Cornflower-Blue-Droomdeurtjes-Teia-Education-Switzerland.jpg","width":800,"height":685,"caption":"Ensemble table et tabourets de r\u00eave bleu ciel - Droomdeurtjes - Teia Education Suisse"},{"@type":"BreadcrumbList","@id":"https:\/\/teiaeducation.ch\/fr\/produit\/table-tabourets-porte-reve-droomdeurtjes\/#breadcrumb","itemListElement":[{"@type":"ListItem","position":1,"name":"Home","item":"https:\/\/teiaeducation.ch\/fr\/"},{"@type":"ListItem","position":2,"name":"Boutique Teia Education &amp; Play","item":"https:\/\/teiaeducation.ch\/fr\/boutique\/"},{"@type":"ListItem","position":3,"name":"Nos Marques","item":"https:\/\/teiaeducation.ch\/fr\/categorie-produit\/marques\/"},{"@type":"ListItem","position":4,"name":"Droomdeurtjes","item":"https:\/\/teiaeducation.ch\/fr\/categorie-produit\/marques\/droomdeurtjes-fr\/"},{"@type":"ListItem","position":5,"name":"Porte de r\u00eave: table avec tabourets &#8211; Droomdeurtjes"}]},{"@type":"WebSite","@id":"https:\/\/teiaeducation.ch\/fr\/#website","url":"https:\/\/teiaeducation.ch\/fr\/","name":"Sustainable Educational Products &amp; Ecological Toys\u00a0","description":"Specialised Swiss shop selling sustainable educational toys and games, AMI certified Montessori materials, handmade ecological wooden Waldorf toys and arts &amp; crafts supplies, school supplies, children&#039;s furniture and Montessori reference and parenting books.","publisher":{"@id":"https:\/\/teiaeducation.ch\/fr\/#organization"},"alternateName":"Teia Education & Play","potentialAction":[{"@type":"SearchAction","target":{"@type":"EntryPoint","urlTemplate":"https:\/\/teiaeducation.ch\/fr\/?s={search_term_string}"},"query-input":{"@type":"PropertyValueSpecification","valueRequired":true,"valueName":"search_term_string"}}],"inLanguage":"fr-FR"},{"@type":"Organization","@id":"https:\/\/teiaeducation.ch\/fr\/#organization","name":"Teia Education & Play","url":"https:\/\/teiaeducation.ch\/fr\/","logo":{"@type":"ImageObject","inLanguage":"fr-FR","@id":"https:\/\/teiaeducation.ch\/fr\/#\/schema\/logo\/image\/","url":"https:\/\/teiaeducation.ch\/wp-content\/uploads\/2020\/11\/Teia-Education-Switzerland-e1620156442216.jpg","contentUrl":"https:\/\/teiaeducation.ch\/wp-content\/uploads\/2020\/11\/Teia-Education-Switzerland-e1620156442216.jpg","width":166,"height":145,"caption":"Teia Education & Play"},"image":{"@id":"https:\/\/teiaeducation.ch\/fr\/#\/schema\/logo\/image\/"},"sameAs":["https:\/\/www.facebook.com\/teiaeducation\/","https:\/\/x.com\/EducationTeia","https:\/\/www.instagram.com\/teia.education\/","https:\/\/www.linkedin.com\/company\/35501660","https:\/\/www.pinterest.ch\/TeiaEducation\/"]}]}},"_links":{"self":[{"href":"https:\/\/teiaeducation.ch\/fr\/wp-json\/wp\/v2\/product\/35400","targetHints":{"allow":["GET"]}}],"collection":[{"href":"https:\/\/teiaeducation.ch\/fr\/wp-json\/wp\/v2\/product"}],"about":[{"href":"https:\/\/teiaeducation.ch\/fr\/wp-json\/wp\/v2\/types\/product"}],"replies":[{"embeddable":true,"href":"https:\/\/teiaeducation.ch\/fr\/wp-json\/wp\/v2\/comments?post=35400"}],"wp:featuredmedia":[{"embeddable":true,"href":"https:\/\/teiaeducation.ch\/fr\/wp-json\/wp\/v2\/media\/35051"}],"wp:attachment":[{"href":"https:\/\/teiaeducation.ch\/fr\/wp-json\/wp\/v2\/media?parent=35400"}],"wp:term":[{"taxonomy":"product_brand","embeddable":true,"href":"https:\/\/teiaeducation.ch\/fr\/wp-json\/wp\/v2\/product_brand?post=35400"},{"taxonomy":"product_cat","embeddable":true,"href":"https:\/\/teiaeducation.ch\/fr\/wp-json\/wp\/v2\/product_cat?post=35400"},{"taxonomy":"product_tag","embeddable":true,"href":"https:\/\/teiaeducation.ch\/fr\/wp-json\/wp\/v2\/product_tag?post=35400"}],"curies":[{"name":"wp","href":"https:\/\/api.w.org\/{rel}","templated":true}]}}