{"id":35405,"date":"2021-04-07T11:23:47","date_gmt":"2021-04-07T09:23:47","guid":{"rendered":"https:\/\/teiaeducation.ch\/product\/porte-de-reve-nichoir-a-oiseaux-droomdeurtjes\/"},"modified":"2021-04-18T13:53:09","modified_gmt":"2021-04-18T11:53:09","slug":"nichoir-oiseaux-porte-reve-droomdeurtjes","status":"publish","type":"product","link":"https:\/\/teiaeducation.ch\/fr\/produit\/nichoir-oiseaux-porte-reve-droomdeurtjes\/","title":{"rendered":"Porte de r\u00eave: nichoir \u00e0 oiseaux &#8211; Droomdeurtjes"},"content":{"rendered":"<p>Accessoire pour porte de r\u00eave, nichoir \u00e0 oiseauc &#8211; Drommdeurtjes<\/p>\n<p>Il est temps de d\u00e9corer ! Ce ravissant nichoir \u00e0 oiseaux miniature de la gamme d&#8217;accessoires Droomdeurtjes est utilis\u00e9 pour d\u00e9corer les alentours de la porte de r\u00eave. Les elfes ou les dragons sont connus pour avoir de nombreux amis oiseaux et le nichoir les fera se sentir les bienvenus. Le nichoir est parfaitement dimensionn\u00e9 pour accueillir les plus petits amis oiseaux ! Elle est fabriqu\u00e9e \u00e0 la main \u00e0 partir de bois certifi\u00e9 FSC et finie \u00e0 la main avec une peinture non toxique \u00e0 base d&#8217;eau.<\/p>\n<p>Cet accessoire de nichoir \u00e0 oiseaux est disponible dans les couleurs bleu et rose et mesure 2,5 x 3cm. (veuillez s\u00e9lectionner la couleur souhait\u00e9e dans le menu)<\/p>\n<p>Inspir\u00e9e de la p\u00e9dagogie <a href=\"https:\/\/teiaeducation.ch\/product-category\/education-method\/waldorf\/\">Waldorf<\/a>, la porte de r\u00eave de la marque n\u00e9erlandaise Droomdeurtjes ne manquera pas d&#8217;apporter de la magie dans l&#8217;univers d&#8217;un enfant, de donner vie \u00e0 sa fantaisie et sera un cadeau parfait pour toutes les occasions ! La porte de r\u00eave n&#8217;est pas seulement une belle addition \u00e0 une cr\u00e8che, une chambre d&#8217;enfant ou un espace de jeu, son concept est bas\u00e9 sur l&#8217;aide apport\u00e9e aux enfants dans leurs exp\u00e9riences quotidiennes. La porte de r\u00eave invite les enfants \u00e0 cr\u00e9er leur propre endroit s\u00fbr et laisser libre cours \u00e0 leur imagination. Un elfe, un dragon ou toute cr\u00e9ature mythique est invit\u00e9e \u00e0 franchir la porte de r\u00eave et \u00e0 devenir son compagnon.<\/p>\n<p>La porte de r\u00eave est aussi r\u00e9guli\u00e8rement utilis\u00e9e par les enseignants comme support p\u00e9dagogique, et par les coachs d&#8217;enfants et les psychologues pour aider l&#8217;enfant \u00e0 se sentir plus \u00e0 l&#8217;aise pour exprimer ses \u00e9motions.<\/p>\n<p>Toutes les portes de r\u00eave et la gamme d&#8217;accessoires sont certifi\u00e9es CE, fabriqu\u00e9es \u00e0 la main \u00e0 partir de bois et de mat\u00e9riaux naturels provenant de sources durables et sont finies avec une peinture \u00e0 l&#8217;eau non toxique aux Pays-Bas.<\/p>\n<p>L&#8217;accessoire de nichoir \u00e0 oiseaux Droomdeurtjes convient aux enfants de 3 ans et plus.<\/p>\n<p>Contenu :<\/p>\n<p>1 nichoir \u00e0 oiseaux en bois<\/p>\n","protected":false},"excerpt":{"rendered":"<p>Num\u00e9ro d&#8217;article: <span data-sheets-value=\"{\"1\":2,\"2\":\"WS202001\"}\" data-sheets-userformat=\"{\"2\":577,\"3\":{\"1\":0},\"9\":0,\"12\":0}\">WS202017<\/span><\/p>\n<p>Le nichoir \u00e0 oiseaux de la gamme d&#8217;accessoires Droomdeurtjes est utilis\u00e9 pour d\u00e9corer les environs de la porte de r\u00eave et faire en sorte que les elfes ou les dragons se sentent bienvenus.<\/p>\n","protected":false},"featured_media":35061,"comment_status":"open","ping_status":"closed","template":"","meta":[],"product_brand":[],"product_cat":[215,216,17208,17241,13130,23020,23021,13139,13140,13136,7595,217,212,1219],"product_tag":[19079,19075,19076,19073,19074,18116,17462,6714,17986,19077,19078],"class_list":{"0":"post-35405","1":"product","2":"type-product","3":"status-publish","4":"has-post-thumbnail","6":"product_cat-3-6-ans","7":"product_cat-6-12-ans","8":"product_cat-droomdeurtjes-fr","9":"product_cat-guide-cadeaux-3-6-ans","10":"product_cat-jouer","11":"product_cat-jouets-en-bois","12":"product_cat-jouets-waldorf","13":"product_cat-jeu-imaginatif-faire-semblant","14":"product_cat-jeu-libre","15":"product_cat-maisons-de-poupees-batiments","16":"product_cat-methode-deducation","17":"product_cat-marques","18":"product_cat-tranche-dage","19":"product_cat-waldorf-fr","20":"product_tag-accessoires-droomdeurtjes","21":"product_tag-decoration-de-chambre-denfant-en-bois","22":"product_tag-decoration-pour-chambre-denfant","23":"product_tag-droomdeurtjes-fr","24":"product_tag-fabrique-aux-pays-bas","25":"product_tag-jeu-imaginatif","26":"product_tag-jeux-libres-en-bois","27":"product_tag-jouets-en-bois-faits-a-la-main","28":"product_tag-jouets-en-bois-waldorf-fr","29":"product_tag-porte-de-reve-suisse","30":"product_tag-support-pedagogique","32":"first","33":"instock","34":"taxable","35":"shipping-taxable","36":"purchasable","37":"product-type-variable","38":"has-default-attributes"},"yoast_head":"<!-- This site is optimized with the Yoast SEO plugin v27.1.1 - https:\/\/yoast.com\/product\/yoast-seo-wordpress\/ -->\n<title>Porte de r\u00eave: nichoir \u00e0 oiseaux - Droomdeurtjes - Teia Education &amp; Play<\/title>\n<meta name=\"description\" content=\"Le nichoir \u00e0 oiseaux de la gamme d&#039;accessoires Droomdeurtjes est utilis\u00e9 pour d\u00e9corer les environs de la porte de r\u00eave et faire en sorte que les elfes ou les dragons se sentent bienvenus.\" \/>\n<meta name=\"robots\" content=\"index, follow, max-snippet:-1, max-image-preview:large, max-video-preview:-1\" \/>\n<link rel=\"canonical\" href=\"https:\/\/teiaeducation.ch\/fr\/produit\/nichoir-oiseaux-porte-reve-droomdeurtjes\/\" \/>\n<meta property=\"og:locale\" content=\"fr_FR\" \/>\n<meta property=\"og:type\" content=\"article\" \/>\n<meta property=\"og:title\" content=\"Porte de r\u00eave: nichoir \u00e0 oiseaux - Droomdeurtjes - Teia Education &amp; Play\" \/>\n<meta property=\"og:description\" content=\"Le nichoir \u00e0 oiseaux de la gamme d&#039;accessoires Droomdeurtjes est utilis\u00e9 pour d\u00e9corer les environs de la porte de r\u00eave et faire en sorte que les elfes ou les dragons se sentent bienvenus.\" \/>\n<meta property=\"og:url\" content=\"https:\/\/teiaeducation.ch\/fr\/produit\/nichoir-oiseaux-porte-reve-droomdeurtjes\/\" \/>\n<meta property=\"og:site_name\" content=\"Sustainable Educational Products &amp; Ecological Toys\u00a0\" \/>\n<meta property=\"article:publisher\" content=\"https:\/\/www.facebook.com\/teiaeducation\/\" \/>\n<meta property=\"article:modified_time\" content=\"2021-04-18T11:53:09+00:00\" \/>\n<meta property=\"og:image\" content=\"https:\/\/teiaeducation.ch\/wp-content\/uploads\/2021\/04\/Dream-Door-Birdhouse-Blue-Droomdeurtjes-Teia-Education-Switzerland.jpg\" \/>\n\t<meta property=\"og:image:width\" content=\"800\" \/>\n\t<meta property=\"og:image:height\" content=\"704\" \/>\n\t<meta property=\"og:image:type\" content=\"image\/jpeg\" \/>\n<script type=\"application\/ld+json\" class=\"yoast-schema-graph\">{\"@context\":\"https:\/\/schema.org\",\"@graph\":[{\"@type\":\"WebPage\",\"@id\":\"https:\/\/teiaeducation.ch\/fr\/produit\/nichoir-oiseaux-porte-reve-droomdeurtjes\/\",\"url\":\"https:\/\/teiaeducation.ch\/fr\/produit\/nichoir-oiseaux-porte-reve-droomdeurtjes\/\",\"name\":\"Porte de r\u00eave: nichoir \u00e0 oiseaux - Droomdeurtjes - Teia Education & Play\",\"isPartOf\":{\"@id\":\"https:\/\/teiaeducation.ch\/fr\/#website\"},\"primaryImageOfPage\":{\"@id\":\"https:\/\/teiaeducation.ch\/fr\/produit\/nichoir-oiseaux-porte-reve-droomdeurtjes\/#primaryimage\"},\"image\":{\"@id\":\"https:\/\/teiaeducation.ch\/fr\/produit\/nichoir-oiseaux-porte-reve-droomdeurtjes\/#primaryimage\"},\"thumbnailUrl\":\"https:\/\/teiaeducation.ch\/wp-content\/uploads\/2021\/04\/Dream-Door-Birdhouse-Blue-Droomdeurtjes-Teia-Education-Switzerland.jpg\",\"datePublished\":\"2021-04-07T09:23:47+00:00\",\"dateModified\":\"2021-04-18T11:53:09+00:00\",\"description\":\"Le nichoir \u00e0 oiseaux de la gamme d'accessoires Droomdeurtjes est utilis\u00e9 pour d\u00e9corer les environs de la porte de r\u00eave et faire en sorte que les elfes ou les dragons se sentent bienvenus.\",\"breadcrumb\":{\"@id\":\"https:\/\/teiaeducation.ch\/fr\/produit\/nichoir-oiseaux-porte-reve-droomdeurtjes\/#breadcrumb\"},\"inLanguage\":\"fr-FR\",\"potentialAction\":[{\"@type\":\"ReadAction\",\"target\":[\"https:\/\/teiaeducation.ch\/fr\/produit\/nichoir-oiseaux-porte-reve-droomdeurtjes\/\"]}]},{\"@type\":\"ImageObject\",\"inLanguage\":\"fr-FR\",\"@id\":\"https:\/\/teiaeducation.ch\/fr\/produit\/nichoir-oiseaux-porte-reve-droomdeurtjes\/#primaryimage\",\"url\":\"https:\/\/teiaeducation.ch\/wp-content\/uploads\/2021\/04\/Dream-Door-Birdhouse-Blue-Droomdeurtjes-Teia-Education-Switzerland.jpg\",\"contentUrl\":\"https:\/\/teiaeducation.ch\/wp-content\/uploads\/2021\/04\/Dream-Door-Birdhouse-Blue-Droomdeurtjes-Teia-Education-Switzerland.jpg\",\"width\":800,\"height\":704,\"caption\":\"Nichoir \u00e0 oiseaux porte de r\u00eave bleu - Teia Education Suisse\"},{\"@type\":\"BreadcrumbList\",\"@id\":\"https:\/\/teiaeducation.ch\/fr\/produit\/nichoir-oiseaux-porte-reve-droomdeurtjes\/#breadcrumb\",\"itemListElement\":[{\"@type\":\"ListItem\",\"position\":1,\"name\":\"Home\",\"item\":\"https:\/\/teiaeducation.ch\/fr\/\"},{\"@type\":\"ListItem\",\"position\":2,\"name\":\"Boutique Teia Education &amp; Play\",\"item\":\"https:\/\/teiaeducation.ch\/fr\/boutique\/\"},{\"@type\":\"ListItem\",\"position\":3,\"name\":\"Nos Marques\",\"item\":\"https:\/\/teiaeducation.ch\/fr\/categorie-produit\/marques\/\"},{\"@type\":\"ListItem\",\"position\":4,\"name\":\"Droomdeurtjes\",\"item\":\"https:\/\/teiaeducation.ch\/fr\/categorie-produit\/marques\/droomdeurtjes-fr\/\"},{\"@type\":\"ListItem\",\"position\":5,\"name\":\"Porte de r\u00eave: nichoir \u00e0 oiseaux &#8211; Droomdeurtjes\"}]},{\"@type\":\"WebSite\",\"@id\":\"https:\/\/teiaeducation.ch\/fr\/#website\",\"url\":\"https:\/\/teiaeducation.ch\/fr\/\",\"name\":\"Sustainable Educational Products &amp; Ecological Toys\u00a0\",\"description\":\"Specialised Swiss shop selling sustainable educational toys and games, AMI certified Montessori materials, handmade ecological wooden Waldorf toys and arts &amp; crafts supplies, school supplies, children&#039;s furniture and Montessori reference and parenting books.\",\"publisher\":{\"@id\":\"https:\/\/teiaeducation.ch\/fr\/#organization\"},\"alternateName\":\"Teia Education & Play\",\"potentialAction\":[{\"@type\":\"SearchAction\",\"target\":{\"@type\":\"EntryPoint\",\"urlTemplate\":\"https:\/\/teiaeducation.ch\/fr\/?s={search_term_string}\"},\"query-input\":{\"@type\":\"PropertyValueSpecification\",\"valueRequired\":true,\"valueName\":\"search_term_string\"}}],\"inLanguage\":\"fr-FR\"},{\"@type\":\"Organization\",\"@id\":\"https:\/\/teiaeducation.ch\/fr\/#organization\",\"name\":\"Teia Education & Play\",\"url\":\"https:\/\/teiaeducation.ch\/fr\/\",\"logo\":{\"@type\":\"ImageObject\",\"inLanguage\":\"fr-FR\",\"@id\":\"https:\/\/teiaeducation.ch\/fr\/#\/schema\/logo\/image\/\",\"url\":\"https:\/\/teiaeducation.ch\/wp-content\/uploads\/2020\/11\/Teia-Education-Switzerland-e1620156442216.jpg\",\"contentUrl\":\"https:\/\/teiaeducation.ch\/wp-content\/uploads\/2020\/11\/Teia-Education-Switzerland-e1620156442216.jpg\",\"width\":166,\"height\":145,\"caption\":\"Teia Education & Play\"},\"image\":{\"@id\":\"https:\/\/teiaeducation.ch\/fr\/#\/schema\/logo\/image\/\"},\"sameAs\":[\"https:\/\/www.facebook.com\/teiaeducation\/\",\"https:\/\/x.com\/EducationTeia\",\"https:\/\/www.instagram.com\/teia.education\/\",\"https:\/\/www.linkedin.com\/company\/35501660\",\"https:\/\/www.pinterest.ch\/TeiaEducation\/\"]}]}<\/script>\n<!-- \/ Yoast SEO plugin. -->","yoast_head_json":{"title":"Porte de r\u00eave: nichoir \u00e0 oiseaux - Droomdeurtjes - Teia Education & Play","description":"Le nichoir \u00e0 oiseaux de la gamme d'accessoires Droomdeurtjes est utilis\u00e9 pour d\u00e9corer les environs de la porte de r\u00eave et faire en sorte que les elfes ou les dragons se sentent bienvenus.","robots":{"index":"index","follow":"follow","max-snippet":"max-snippet:-1","max-image-preview":"max-image-preview:large","max-video-preview":"max-video-preview:-1"},"canonical":"https:\/\/teiaeducation.ch\/fr\/produit\/nichoir-oiseaux-porte-reve-droomdeurtjes\/","og_locale":"fr_FR","og_type":"article","og_title":"Porte de r\u00eave: nichoir \u00e0 oiseaux - Droomdeurtjes - Teia Education & Play","og_description":"Le nichoir \u00e0 oiseaux de la gamme d'accessoires Droomdeurtjes est utilis\u00e9 pour d\u00e9corer les environs de la porte de r\u00eave et faire en sorte que les elfes ou les dragons se sentent bienvenus.","og_url":"https:\/\/teiaeducation.ch\/fr\/produit\/nichoir-oiseaux-porte-reve-droomdeurtjes\/","og_site_name":"Sustainable Educational Products &amp; Ecological Toys\u00a0","article_publisher":"https:\/\/www.facebook.com\/teiaeducation\/","article_modified_time":"2021-04-18T11:53:09+00:00","og_image":[{"width":800,"height":704,"url":"https:\/\/teiaeducation.ch\/wp-content\/uploads\/2021\/04\/Dream-Door-Birdhouse-Blue-Droomdeurtjes-Teia-Education-Switzerland.jpg","type":"image\/jpeg"}],"schema":{"@context":"https:\/\/schema.org","@graph":[{"@type":"WebPage","@id":"https:\/\/teiaeducation.ch\/fr\/produit\/nichoir-oiseaux-porte-reve-droomdeurtjes\/","url":"https:\/\/teiaeducation.ch\/fr\/produit\/nichoir-oiseaux-porte-reve-droomdeurtjes\/","name":"Porte de r\u00eave: nichoir \u00e0 oiseaux - Droomdeurtjes - Teia Education & Play","isPartOf":{"@id":"https:\/\/teiaeducation.ch\/fr\/#website"},"primaryImageOfPage":{"@id":"https:\/\/teiaeducation.ch\/fr\/produit\/nichoir-oiseaux-porte-reve-droomdeurtjes\/#primaryimage"},"image":{"@id":"https:\/\/teiaeducation.ch\/fr\/produit\/nichoir-oiseaux-porte-reve-droomdeurtjes\/#primaryimage"},"thumbnailUrl":"https:\/\/teiaeducation.ch\/wp-content\/uploads\/2021\/04\/Dream-Door-Birdhouse-Blue-Droomdeurtjes-Teia-Education-Switzerland.jpg","datePublished":"2021-04-07T09:23:47+00:00","dateModified":"2021-04-18T11:53:09+00:00","description":"Le nichoir \u00e0 oiseaux de la gamme d'accessoires Droomdeurtjes est utilis\u00e9 pour d\u00e9corer les environs de la porte de r\u00eave et faire en sorte que les elfes ou les dragons se sentent bienvenus.","breadcrumb":{"@id":"https:\/\/teiaeducation.ch\/fr\/produit\/nichoir-oiseaux-porte-reve-droomdeurtjes\/#breadcrumb"},"inLanguage":"fr-FR","potentialAction":[{"@type":"ReadAction","target":["https:\/\/teiaeducation.ch\/fr\/produit\/nichoir-oiseaux-porte-reve-droomdeurtjes\/"]}]},{"@type":"ImageObject","inLanguage":"fr-FR","@id":"https:\/\/teiaeducation.ch\/fr\/produit\/nichoir-oiseaux-porte-reve-droomdeurtjes\/#primaryimage","url":"https:\/\/teiaeducation.ch\/wp-content\/uploads\/2021\/04\/Dream-Door-Birdhouse-Blue-Droomdeurtjes-Teia-Education-Switzerland.jpg","contentUrl":"https:\/\/teiaeducation.ch\/wp-content\/uploads\/2021\/04\/Dream-Door-Birdhouse-Blue-Droomdeurtjes-Teia-Education-Switzerland.jpg","width":800,"height":704,"caption":"Nichoir \u00e0 oiseaux porte de r\u00eave bleu - Teia Education Suisse"},{"@type":"BreadcrumbList","@id":"https:\/\/teiaeducation.ch\/fr\/produit\/nichoir-oiseaux-porte-reve-droomdeurtjes\/#breadcrumb","itemListElement":[{"@type":"ListItem","position":1,"name":"Home","item":"https:\/\/teiaeducation.ch\/fr\/"},{"@type":"ListItem","position":2,"name":"Boutique Teia Education &amp; Play","item":"https:\/\/teiaeducation.ch\/fr\/boutique\/"},{"@type":"ListItem","position":3,"name":"Nos Marques","item":"https:\/\/teiaeducation.ch\/fr\/categorie-produit\/marques\/"},{"@type":"ListItem","position":4,"name":"Droomdeurtjes","item":"https:\/\/teiaeducation.ch\/fr\/categorie-produit\/marques\/droomdeurtjes-fr\/"},{"@type":"ListItem","position":5,"name":"Porte de r\u00eave: nichoir \u00e0 oiseaux &#8211; Droomdeurtjes"}]},{"@type":"WebSite","@id":"https:\/\/teiaeducation.ch\/fr\/#website","url":"https:\/\/teiaeducation.ch\/fr\/","name":"Sustainable Educational Products &amp; Ecological Toys\u00a0","description":"Specialised Swiss shop selling sustainable educational toys and games, AMI certified Montessori materials, handmade ecological wooden Waldorf toys and arts &amp; crafts supplies, school supplies, children&#039;s furniture and Montessori reference and parenting books.","publisher":{"@id":"https:\/\/teiaeducation.ch\/fr\/#organization"},"alternateName":"Teia Education & Play","potentialAction":[{"@type":"SearchAction","target":{"@type":"EntryPoint","urlTemplate":"https:\/\/teiaeducation.ch\/fr\/?s={search_term_string}"},"query-input":{"@type":"PropertyValueSpecification","valueRequired":true,"valueName":"search_term_string"}}],"inLanguage":"fr-FR"},{"@type":"Organization","@id":"https:\/\/teiaeducation.ch\/fr\/#organization","name":"Teia Education & Play","url":"https:\/\/teiaeducation.ch\/fr\/","logo":{"@type":"ImageObject","inLanguage":"fr-FR","@id":"https:\/\/teiaeducation.ch\/fr\/#\/schema\/logo\/image\/","url":"https:\/\/teiaeducation.ch\/wp-content\/uploads\/2020\/11\/Teia-Education-Switzerland-e1620156442216.jpg","contentUrl":"https:\/\/teiaeducation.ch\/wp-content\/uploads\/2020\/11\/Teia-Education-Switzerland-e1620156442216.jpg","width":166,"height":145,"caption":"Teia Education & Play"},"image":{"@id":"https:\/\/teiaeducation.ch\/fr\/#\/schema\/logo\/image\/"},"sameAs":["https:\/\/www.facebook.com\/teiaeducation\/","https:\/\/x.com\/EducationTeia","https:\/\/www.instagram.com\/teia.education\/","https:\/\/www.linkedin.com\/company\/35501660","https:\/\/www.pinterest.ch\/TeiaEducation\/"]}]}},"_links":{"self":[{"href":"https:\/\/teiaeducation.ch\/fr\/wp-json\/wp\/v2\/product\/35405","targetHints":{"allow":["GET"]}}],"collection":[{"href":"https:\/\/teiaeducation.ch\/fr\/wp-json\/wp\/v2\/product"}],"about":[{"href":"https:\/\/teiaeducation.ch\/fr\/wp-json\/wp\/v2\/types\/product"}],"replies":[{"embeddable":true,"href":"https:\/\/teiaeducation.ch\/fr\/wp-json\/wp\/v2\/comments?post=35405"}],"wp:featuredmedia":[{"embeddable":true,"href":"https:\/\/teiaeducation.ch\/fr\/wp-json\/wp\/v2\/media\/35061"}],"wp:attachment":[{"href":"https:\/\/teiaeducation.ch\/fr\/wp-json\/wp\/v2\/media?parent=35405"}],"wp:term":[{"taxonomy":"product_brand","embeddable":true,"href":"https:\/\/teiaeducation.ch\/fr\/wp-json\/wp\/v2\/product_brand?post=35405"},{"taxonomy":"product_cat","embeddable":true,"href":"https:\/\/teiaeducation.ch\/fr\/wp-json\/wp\/v2\/product_cat?post=35405"},{"taxonomy":"product_tag","embeddable":true,"href":"https:\/\/teiaeducation.ch\/fr\/wp-json\/wp\/v2\/product_tag?post=35405"}],"curies":[{"name":"wp","href":"https:\/\/api.w.org\/{rel}","templated":true}]}}