{"id":35412,"date":"2021-04-11T15:41:15","date_gmt":"2021-04-11T13:41:15","guid":{"rendered":"https:\/\/teiaeducation.ch\/product\/presse-a-fleurs-18-x-18cm-gluckskafer\/"},"modified":"2021-11-03T17:09:03","modified_gmt":"2021-11-03T16:09:03","slug":"presse-a-fleurs-18-x-18cm-gluckskafer","status":"publish","type":"product","link":"https:\/\/teiaeducation.ch\/fr\/produit\/presse-a-fleurs-18-x-18cm-gluckskafer\/","title":{"rendered":"Presse \u00e0 fleurs 18 x 18cm &#8211; Gl\u00fccksk\u00e4fer"},"content":{"rendered":"<p>Presse \u00e0 fleurs 18 x 18cm pour enfants &#8211; Gl\u00fccksk\u00e4fer<\/p>\n<p>Cette presse \u00e0 fleurs Gl\u00fccksk\u00e4fer est parfaite pour les petites mains ! Le pressage des fleurs est une activit\u00e9 charmante et \u00e9ducative pour les enfants, qui leur permet d&#8217;\u00e9tudier les plantes et les fleurs \u00e0 l&#8217;ext\u00e9rieur, d&#8217;apprendre leurs noms et de cr\u00e9er des objets artisanaux avec leurs fleurs press\u00e9es dans l&#8217;album de fleurs et de feuilles.<\/p>\n<p>Un passe-temps r\u00e9fl\u00e9chi et apaisant, id\u00e9al pour profiter d&#8217;une enfance au rythme plus lent, le pressage de fleurs fait appel au jeu <a href=\"https:\/\/teiaeducation.ch\/fr\/categorie-produit\/jouer\/jeu-de-la-nature\/\">naturel<\/a> et encourage la cr\u00e9ativit\u00e9 et la patience. Il est \u00e9galement id\u00e9al pour soutenir les le\u00e7ons Montessori de botanique, les activit\u00e9s Waldorf et pour suivre les int\u00e9r\u00eats de votre enfant pour les fleurs, les plantes et la nature.<\/p>\n<p>Il s&#8217;agit d&#8217;une presse \u00e0 fleurs en bois de haute qualit\u00e9 fabriqu\u00e9e en Allemagne par Gl\u00fccksk\u00e4fer. La presse \u00e0 fleurs est fabriqu\u00e9e en contreplaqu\u00e9 et mesure 18 x 18 cm, ce qui permet d&#8217;y placer de nombreuses fleurs.<\/p>\n<p>Id\u00e9ale pour jouer \u00e0 la maison, \u00e0 la cr\u00e8che, \u00e0 l\u2019\u00e9cole Waldorf Steiner, la gamme de jouets en bois color\u00e9s Gl\u00fccksk\u00e4fer est con\u00e7ue selon la philosophie Waldorf qui est bien connue pour encourager les enfants \u00e0 d\u00e9couvrir le jeu cr\u00e9atif de mani\u00e8re ind\u00e9pendante et sans limites. Tous les jouets de haute qualit\u00e9 de Gl\u00fccksk\u00e4fer sont fabriqu\u00e9s et color\u00e9s \u00e0 la main en Allemagne avec des peintures non toxiques \u00e0 base d&#8217;eau et ne sont pas finis avec une laque afin de laisser transpara\u00eetre les caract\u00e9ristiques originales du bois et du grain.<\/p>\n<p>Avertissement! Ne convient pas aux enfants de moins de 36 mois. Risque d&#8217;\u00e9touffement en raison des petites pi\u00e8ces qui peuvent \u00eatre aval\u00e9es.<\/p>\n<p>La presse \u00e0 fleurs Gl\u00fccksk\u00e4fer convient aux enfants de 3 ans et plus.<\/p>\n<p>Contenu :<\/p>\n<p>1 presse \u00e0 fleurs 18 x 18 cm.<\/p>\n","protected":false},"excerpt":{"rendered":"<p>Num\u00e9ro d&#8217;article: 525261<\/p>\n<p>La presse \u00e0 fleurs Gl\u00fccksk\u00e4fer de 18cm est fabriqu\u00e9e en Allemagne et constitue une activit\u00e9 nature agr\u00e9able et \u00e9ducative pour les enfants.<\/p>\n","protected":false},"featured_media":35143,"comment_status":"open","ping_status":"closed","template":"","meta":[],"product_brand":[],"product_cat":[8527,215,8580,216,20653,23635,18893,22344,284,283,593,8526,13119,17240,20651,18913,13130,1220,291,13127,7595,217,5851,212,1219],"product_tag":[19097,19093,19016,8625,18024,19092,19096,19094,19089,19095,19090,19091],"class_list":{"0":"post-35412","1":"product","2":"type-product","3":"status-publish","4":"has-post-thumbnail","6":"product_cat-3-6-ans-ecole-a-domicile","7":"product_cat-3-6-ans","8":"product_cat-6-12-ans-ecole-a-domicile","9":"product_cat-6-12-ans","10":"product_cat-art-des-fleurs-pressees","11":"product_cat-collection-dete","12":"product_cat-collection-printemps","13":"product_cat-collections-saisonnieres","14":"product_cat-culture-sciences","15":"product_cat-domaines-du-curriculum","16":"product_cat-etudes-botaniques","17":"product_cat-fournitures-scolaires-a-domicile","18":"product_cat-gluckskafer-fr","19":"product_cat-guide-cadeaux-creatif","20":"product_cat-jardinage","21":"product_cat-jeu-de-la-nature","22":"product_cat-jouer","23":"product_cat-traditionnelle","24":"product_cat-la-vie-pratique","25":"product_cat-creativite-beaux-arts-et-bricolage","26":"product_cat-methode-deducation","27":"product_cat-marques","28":"product_cat-nouveautes","29":"product_cat-tranche-dage","30":"product_cat-waldorf-fr","31":"product_tag-activites-botaniques-pour-les-enfants","32":"product_tag-activites-nature-pour-les-enfants","33":"product_tag-activites-traditionnelles-pour-les-enfants","34":"product_tag-fabrique-en-allemagne","35":"product_tag-gluckskafer-fr","36":"product_tag-jeu-de-la-nature","37":"product_tag-loisirs-traditionnels-pour-les-enfants","38":"product_tag-pressage-de-fleurs","39":"product_tag-presse-a-fleurs","40":"product_tag-presse-a-fleurs-gluckskafer","41":"product_tag-presse-a-fleurs-pour-enfants","42":"product_tag-presse-a-fleurs-suisse","44":"first","45":"instock","46":"taxable","47":"shipping-taxable","48":"purchasable","49":"product-type-simple"},"yoast_head":"<!-- This site is optimized with the Yoast SEO plugin v27.1.1 - https:\/\/yoast.com\/product\/yoast-seo-wordpress\/ -->\n<title>Presse \u00e0 fleurs Gl\u00fccksk\u00e4fer - Teia Education &amp; Play<\/title>\n<meta name=\"description\" content=\"La presse \u00e0 fleurs Gl\u00fccksk\u00e4fer 18cm est fabriqu\u00e9e en Allemagne et constitue une activit\u00e9 nature agr\u00e9able et \u00e9ducative pour les enfants.\" \/>\n<meta name=\"robots\" content=\"index, follow, max-snippet:-1, max-image-preview:large, max-video-preview:-1\" \/>\n<link rel=\"canonical\" href=\"https:\/\/teiaeducation.ch\/fr\/produit\/presse-a-fleurs-18-x-18cm-gluckskafer\/\" \/>\n<meta property=\"og:locale\" content=\"fr_FR\" \/>\n<meta property=\"og:type\" content=\"article\" \/>\n<meta property=\"og:title\" content=\"Presse \u00e0 fleurs Gl\u00fccksk\u00e4fer - Teia Education &amp; Play\" \/>\n<meta property=\"og:description\" content=\"La presse \u00e0 fleurs Gl\u00fccksk\u00e4fer 18cm est fabriqu\u00e9e en Allemagne et constitue une activit\u00e9 nature agr\u00e9able et \u00e9ducative pour les enfants.\" \/>\n<meta property=\"og:url\" content=\"https:\/\/teiaeducation.ch\/fr\/produit\/presse-a-fleurs-18-x-18cm-gluckskafer\/\" \/>\n<meta property=\"og:site_name\" content=\"Sustainable Educational Products &amp; Ecological Toys\u00a0\" \/>\n<meta property=\"article:publisher\" content=\"https:\/\/www.facebook.com\/teiaeducation\/\" \/>\n<meta property=\"article:modified_time\" content=\"2021-11-03T16:09:03+00:00\" \/>\n<meta property=\"og:image\" content=\"https:\/\/teiaeducation.ch\/wp-content\/uploads\/2021\/04\/Flower-press-18-x-18cm-Gluckskafer.jpg\" \/>\n\t<meta property=\"og:image:width\" content=\"800\" \/>\n\t<meta property=\"og:image:height\" content=\"800\" \/>\n\t<meta property=\"og:image:type\" content=\"image\/jpeg\" \/>\n<script type=\"application\/ld+json\" class=\"yoast-schema-graph\">{\"@context\":\"https:\/\/schema.org\",\"@graph\":[{\"@type\":\"WebPage\",\"@id\":\"https:\/\/teiaeducation.ch\/fr\/produit\/presse-a-fleurs-18-x-18cm-gluckskafer\/\",\"url\":\"https:\/\/teiaeducation.ch\/fr\/produit\/presse-a-fleurs-18-x-18cm-gluckskafer\/\",\"name\":\"Presse \u00e0 fleurs Gl\u00fccksk\u00e4fer - Teia Education & Play\",\"isPartOf\":{\"@id\":\"https:\/\/teiaeducation.ch\/fr\/#website\"},\"primaryImageOfPage\":{\"@id\":\"https:\/\/teiaeducation.ch\/fr\/produit\/presse-a-fleurs-18-x-18cm-gluckskafer\/#primaryimage\"},\"image\":{\"@id\":\"https:\/\/teiaeducation.ch\/fr\/produit\/presse-a-fleurs-18-x-18cm-gluckskafer\/#primaryimage\"},\"thumbnailUrl\":\"https:\/\/teiaeducation.ch\/wp-content\/uploads\/2021\/04\/Flower-press-18-x-18cm-Gluckskafer.jpg\",\"datePublished\":\"2021-04-11T13:41:15+00:00\",\"dateModified\":\"2021-11-03T16:09:03+00:00\",\"description\":\"La presse \u00e0 fleurs Gl\u00fccksk\u00e4fer 18cm est fabriqu\u00e9e en Allemagne et constitue une activit\u00e9 nature agr\u00e9able et \u00e9ducative pour les enfants.\",\"breadcrumb\":{\"@id\":\"https:\/\/teiaeducation.ch\/fr\/produit\/presse-a-fleurs-18-x-18cm-gluckskafer\/#breadcrumb\"},\"inLanguage\":\"fr-FR\",\"potentialAction\":[{\"@type\":\"ReadAction\",\"target\":[\"https:\/\/teiaeducation.ch\/fr\/produit\/presse-a-fleurs-18-x-18cm-gluckskafer\/\"]}]},{\"@type\":\"ImageObject\",\"inLanguage\":\"fr-FR\",\"@id\":\"https:\/\/teiaeducation.ch\/fr\/produit\/presse-a-fleurs-18-x-18cm-gluckskafer\/#primaryimage\",\"url\":\"https:\/\/teiaeducation.ch\/wp-content\/uploads\/2021\/04\/Flower-press-18-x-18cm-Gluckskafer.jpg\",\"contentUrl\":\"https:\/\/teiaeducation.ch\/wp-content\/uploads\/2021\/04\/Flower-press-18-x-18cm-Gluckskafer.jpg\",\"width\":800,\"height\":800,\"caption\":\"Presse \u00e0 fleurs 18 x 18cm - Gl\u00fccksk\u00e4fer\"},{\"@type\":\"BreadcrumbList\",\"@id\":\"https:\/\/teiaeducation.ch\/fr\/produit\/presse-a-fleurs-18-x-18cm-gluckskafer\/#breadcrumb\",\"itemListElement\":[{\"@type\":\"ListItem\",\"position\":1,\"name\":\"Home\",\"item\":\"https:\/\/teiaeducation.ch\/fr\/\"},{\"@type\":\"ListItem\",\"position\":2,\"name\":\"Boutique Teia Education &amp; Play\",\"item\":\"https:\/\/teiaeducation.ch\/fr\/boutique\/\"},{\"@type\":\"ListItem\",\"position\":3,\"name\":\"Nos Marques\",\"item\":\"https:\/\/teiaeducation.ch\/fr\/categorie-produit\/marques\/\"},{\"@type\":\"ListItem\",\"position\":4,\"name\":\"Gl\u00fccksk\u00e4fer\",\"item\":\"https:\/\/teiaeducation.ch\/fr\/categorie-produit\/marques\/gluckskafer-fr\/\"},{\"@type\":\"ListItem\",\"position\":5,\"name\":\"Presse \u00e0 fleurs 18 x 18cm &#8211; Gl\u00fccksk\u00e4fer\"}]},{\"@type\":\"WebSite\",\"@id\":\"https:\/\/teiaeducation.ch\/fr\/#website\",\"url\":\"https:\/\/teiaeducation.ch\/fr\/\",\"name\":\"Sustainable Educational Products &amp; Ecological Toys\u00a0\",\"description\":\"Specialised Swiss shop selling sustainable educational toys and games, AMI certified Montessori materials, handmade ecological wooden Waldorf toys and arts &amp; crafts supplies, school supplies, children&#039;s furniture and Montessori reference and parenting books.\",\"publisher\":{\"@id\":\"https:\/\/teiaeducation.ch\/fr\/#organization\"},\"alternateName\":\"Teia Education & Play\",\"potentialAction\":[{\"@type\":\"SearchAction\",\"target\":{\"@type\":\"EntryPoint\",\"urlTemplate\":\"https:\/\/teiaeducation.ch\/fr\/?s={search_term_string}\"},\"query-input\":{\"@type\":\"PropertyValueSpecification\",\"valueRequired\":true,\"valueName\":\"search_term_string\"}}],\"inLanguage\":\"fr-FR\"},{\"@type\":\"Organization\",\"@id\":\"https:\/\/teiaeducation.ch\/fr\/#organization\",\"name\":\"Teia Education & Play\",\"url\":\"https:\/\/teiaeducation.ch\/fr\/\",\"logo\":{\"@type\":\"ImageObject\",\"inLanguage\":\"fr-FR\",\"@id\":\"https:\/\/teiaeducation.ch\/fr\/#\/schema\/logo\/image\/\",\"url\":\"https:\/\/teiaeducation.ch\/wp-content\/uploads\/2020\/11\/Teia-Education-Switzerland-e1620156442216.jpg\",\"contentUrl\":\"https:\/\/teiaeducation.ch\/wp-content\/uploads\/2020\/11\/Teia-Education-Switzerland-e1620156442216.jpg\",\"width\":166,\"height\":145,\"caption\":\"Teia Education & Play\"},\"image\":{\"@id\":\"https:\/\/teiaeducation.ch\/fr\/#\/schema\/logo\/image\/\"},\"sameAs\":[\"https:\/\/www.facebook.com\/teiaeducation\/\",\"https:\/\/x.com\/EducationTeia\",\"https:\/\/www.instagram.com\/teia.education\/\",\"https:\/\/www.linkedin.com\/company\/35501660\",\"https:\/\/www.pinterest.ch\/TeiaEducation\/\"]}]}<\/script>\n<!-- \/ Yoast SEO plugin. -->","yoast_head_json":{"title":"Presse \u00e0 fleurs Gl\u00fccksk\u00e4fer - Teia Education & Play","description":"La presse \u00e0 fleurs Gl\u00fccksk\u00e4fer 18cm est fabriqu\u00e9e en Allemagne et constitue une activit\u00e9 nature agr\u00e9able et \u00e9ducative pour les enfants.","robots":{"index":"index","follow":"follow","max-snippet":"max-snippet:-1","max-image-preview":"max-image-preview:large","max-video-preview":"max-video-preview:-1"},"canonical":"https:\/\/teiaeducation.ch\/fr\/produit\/presse-a-fleurs-18-x-18cm-gluckskafer\/","og_locale":"fr_FR","og_type":"article","og_title":"Presse \u00e0 fleurs Gl\u00fccksk\u00e4fer - Teia Education & Play","og_description":"La presse \u00e0 fleurs Gl\u00fccksk\u00e4fer 18cm est fabriqu\u00e9e en Allemagne et constitue une activit\u00e9 nature agr\u00e9able et \u00e9ducative pour les enfants.","og_url":"https:\/\/teiaeducation.ch\/fr\/produit\/presse-a-fleurs-18-x-18cm-gluckskafer\/","og_site_name":"Sustainable Educational Products &amp; Ecological Toys\u00a0","article_publisher":"https:\/\/www.facebook.com\/teiaeducation\/","article_modified_time":"2021-11-03T16:09:03+00:00","og_image":[{"width":800,"height":800,"url":"https:\/\/teiaeducation.ch\/wp-content\/uploads\/2021\/04\/Flower-press-18-x-18cm-Gluckskafer.jpg","type":"image\/jpeg"}],"schema":{"@context":"https:\/\/schema.org","@graph":[{"@type":"WebPage","@id":"https:\/\/teiaeducation.ch\/fr\/produit\/presse-a-fleurs-18-x-18cm-gluckskafer\/","url":"https:\/\/teiaeducation.ch\/fr\/produit\/presse-a-fleurs-18-x-18cm-gluckskafer\/","name":"Presse \u00e0 fleurs Gl\u00fccksk\u00e4fer - Teia Education & Play","isPartOf":{"@id":"https:\/\/teiaeducation.ch\/fr\/#website"},"primaryImageOfPage":{"@id":"https:\/\/teiaeducation.ch\/fr\/produit\/presse-a-fleurs-18-x-18cm-gluckskafer\/#primaryimage"},"image":{"@id":"https:\/\/teiaeducation.ch\/fr\/produit\/presse-a-fleurs-18-x-18cm-gluckskafer\/#primaryimage"},"thumbnailUrl":"https:\/\/teiaeducation.ch\/wp-content\/uploads\/2021\/04\/Flower-press-18-x-18cm-Gluckskafer.jpg","datePublished":"2021-04-11T13:41:15+00:00","dateModified":"2021-11-03T16:09:03+00:00","description":"La presse \u00e0 fleurs Gl\u00fccksk\u00e4fer 18cm est fabriqu\u00e9e en Allemagne et constitue une activit\u00e9 nature agr\u00e9able et \u00e9ducative pour les enfants.","breadcrumb":{"@id":"https:\/\/teiaeducation.ch\/fr\/produit\/presse-a-fleurs-18-x-18cm-gluckskafer\/#breadcrumb"},"inLanguage":"fr-FR","potentialAction":[{"@type":"ReadAction","target":["https:\/\/teiaeducation.ch\/fr\/produit\/presse-a-fleurs-18-x-18cm-gluckskafer\/"]}]},{"@type":"ImageObject","inLanguage":"fr-FR","@id":"https:\/\/teiaeducation.ch\/fr\/produit\/presse-a-fleurs-18-x-18cm-gluckskafer\/#primaryimage","url":"https:\/\/teiaeducation.ch\/wp-content\/uploads\/2021\/04\/Flower-press-18-x-18cm-Gluckskafer.jpg","contentUrl":"https:\/\/teiaeducation.ch\/wp-content\/uploads\/2021\/04\/Flower-press-18-x-18cm-Gluckskafer.jpg","width":800,"height":800,"caption":"Presse \u00e0 fleurs 18 x 18cm - Gl\u00fccksk\u00e4fer"},{"@type":"BreadcrumbList","@id":"https:\/\/teiaeducation.ch\/fr\/produit\/presse-a-fleurs-18-x-18cm-gluckskafer\/#breadcrumb","itemListElement":[{"@type":"ListItem","position":1,"name":"Home","item":"https:\/\/teiaeducation.ch\/fr\/"},{"@type":"ListItem","position":2,"name":"Boutique Teia Education &amp; Play","item":"https:\/\/teiaeducation.ch\/fr\/boutique\/"},{"@type":"ListItem","position":3,"name":"Nos Marques","item":"https:\/\/teiaeducation.ch\/fr\/categorie-produit\/marques\/"},{"@type":"ListItem","position":4,"name":"Gl\u00fccksk\u00e4fer","item":"https:\/\/teiaeducation.ch\/fr\/categorie-produit\/marques\/gluckskafer-fr\/"},{"@type":"ListItem","position":5,"name":"Presse \u00e0 fleurs 18 x 18cm &#8211; Gl\u00fccksk\u00e4fer"}]},{"@type":"WebSite","@id":"https:\/\/teiaeducation.ch\/fr\/#website","url":"https:\/\/teiaeducation.ch\/fr\/","name":"Sustainable Educational Products &amp; Ecological Toys\u00a0","description":"Specialised Swiss shop selling sustainable educational toys and games, AMI certified Montessori materials, handmade ecological wooden Waldorf toys and arts &amp; crafts supplies, school supplies, children&#039;s furniture and Montessori reference and parenting books.","publisher":{"@id":"https:\/\/teiaeducation.ch\/fr\/#organization"},"alternateName":"Teia Education & Play","potentialAction":[{"@type":"SearchAction","target":{"@type":"EntryPoint","urlTemplate":"https:\/\/teiaeducation.ch\/fr\/?s={search_term_string}"},"query-input":{"@type":"PropertyValueSpecification","valueRequired":true,"valueName":"search_term_string"}}],"inLanguage":"fr-FR"},{"@type":"Organization","@id":"https:\/\/teiaeducation.ch\/fr\/#organization","name":"Teia Education & Play","url":"https:\/\/teiaeducation.ch\/fr\/","logo":{"@type":"ImageObject","inLanguage":"fr-FR","@id":"https:\/\/teiaeducation.ch\/fr\/#\/schema\/logo\/image\/","url":"https:\/\/teiaeducation.ch\/wp-content\/uploads\/2020\/11\/Teia-Education-Switzerland-e1620156442216.jpg","contentUrl":"https:\/\/teiaeducation.ch\/wp-content\/uploads\/2020\/11\/Teia-Education-Switzerland-e1620156442216.jpg","width":166,"height":145,"caption":"Teia Education & Play"},"image":{"@id":"https:\/\/teiaeducation.ch\/fr\/#\/schema\/logo\/image\/"},"sameAs":["https:\/\/www.facebook.com\/teiaeducation\/","https:\/\/x.com\/EducationTeia","https:\/\/www.instagram.com\/teia.education\/","https:\/\/www.linkedin.com\/company\/35501660","https:\/\/www.pinterest.ch\/TeiaEducation\/"]}]}},"_links":{"self":[{"href":"https:\/\/teiaeducation.ch\/fr\/wp-json\/wp\/v2\/product\/35412","targetHints":{"allow":["GET"]}}],"collection":[{"href":"https:\/\/teiaeducation.ch\/fr\/wp-json\/wp\/v2\/product"}],"about":[{"href":"https:\/\/teiaeducation.ch\/fr\/wp-json\/wp\/v2\/types\/product"}],"replies":[{"embeddable":true,"href":"https:\/\/teiaeducation.ch\/fr\/wp-json\/wp\/v2\/comments?post=35412"}],"wp:featuredmedia":[{"embeddable":true,"href":"https:\/\/teiaeducation.ch\/fr\/wp-json\/wp\/v2\/media\/35143"}],"wp:attachment":[{"href":"https:\/\/teiaeducation.ch\/fr\/wp-json\/wp\/v2\/media?parent=35412"}],"wp:term":[{"taxonomy":"product_brand","embeddable":true,"href":"https:\/\/teiaeducation.ch\/fr\/wp-json\/wp\/v2\/product_brand?post=35412"},{"taxonomy":"product_cat","embeddable":true,"href":"https:\/\/teiaeducation.ch\/fr\/wp-json\/wp\/v2\/product_cat?post=35412"},{"taxonomy":"product_tag","embeddable":true,"href":"https:\/\/teiaeducation.ch\/fr\/wp-json\/wp\/v2\/product_tag?post=35412"}],"curies":[{"name":"wp","href":"https:\/\/api.w.org\/{rel}","templated":true}]}}