{"id":35413,"date":"2021-04-11T15:33:18","date_gmt":"2021-04-11T13:33:18","guid":{"rendered":"https:\/\/teiaeducation.ch\/product\/ensemble-de-seaux-en-metal-4-pieces-rouge-bleu-gluckskafer\/"},"modified":"2021-11-03T17:12:59","modified_gmt":"2021-11-03T16:12:59","slug":"seau-en-metal-4-pieces-rouge-bleu-gluckskafer","status":"publish","type":"product","link":"https:\/\/teiaeducation.ch\/fr\/produit\/seau-en-metal-4-pieces-rouge-bleu-gluckskafer\/","title":{"rendered":"Ensemble de seaux en m\u00e9tal rouge\/bleu &#8211; Gl\u00fccksk\u00e4fer"},"content":{"rendered":"<p>Ensemble de 4 seaux et pelles en m\u00e9tal rouge et bleu \/ Outils de jardinage et bac \u00e0 sable pour enfants &#8211; Gl\u00fccksk\u00e4fer<\/p>\n<p>L&#8217;ensemble de 4 seaux en m\u00e9tal de Gl\u00fccksk\u00e4fer en rouge et bleu comprend un seau, un r\u00e2teau, un tamis et une petite pelle. L&#8217;ensemble seau et pelle en m\u00e9tal parfait pour s&#8217;amuser dans le bac \u00e0 sable, au bord de la mer ou dans le jardin ! L&#8217;ensemble de seaux en m\u00e9tal de 4 pi\u00e8ces en rouge et bleu comprend un seau, un r\u00e2teau, un tamis et une petite pelle.<\/p>\n<p>Cet ensemble en m\u00e9tal de haute qualit\u00e9 d&#8217;outils traditionnels pour le sable ou le jardin est robuste, tr\u00e8s bien fait et de taille parfaite pour les enfants. Le seau mesure 15 cm de haut, le r\u00e2teau 24 cm de long et la pelle 22 cm de long. Le tamis a un diam\u00e8tre de 17 cm.<\/p>\n<p>Cet ensemble seau et b\u00eache en m\u00e9tal pour enfants est une merveilleuse alternative durable au plastique, avec des poign\u00e9es en bois lisse et un m\u00e9tal peint en rouge vif ou en bleu (rev\u00eatement en poudre). Ce joli ensemble est livr\u00e9 dans un sac en filet de coton pour un rangement et un transport faciles sur la plage.<\/p>\n<p>Les enfants peuvent s&#8217;amuser en plein air en jouant \u00e0 la plage ou dans le bac \u00e0 sable avec ces jouets de sable ou en aidant dans le jardin, en ratissant et en creusant ou en construisant dans le sable. Inspirez les jardiniers juniors ou invitez des heures de plaisir \u00e0 la plage et de <a href=\"https:\/\/teiaeducation.ch\/fr\/categorie-produit\/jouer\/jeu-de-la-nature\/\">jeu de nature<\/a> Waldorf ou laissez les petits apprendre par imitation avec ces outils \u00e0 taille d&#8217;enfant de la p\u00e9dagogie Montessori.<\/p>\n<p>Id\u00e9ale pour jouer \u00e0 la maison, \u00e0 la cr\u00e8che, \u00e0 l\u2019\u00e9cole Waldorf Steiner, la gamme de jouets en bois color\u00e9s Gl\u00fccksk\u00e4fer est con\u00e7ue selon la philosophie Waldorf qui est bien connue pour encourager les enfants \u00e0 d\u00e9couvrir le jeu cr\u00e9atif de mani\u00e8re ind\u00e9pendante et sans limites. Tous les jouets de haute qualit\u00e9 de Gl\u00fccksk\u00e4fer sont fabriqu\u00e9s et color\u00e9s \u00e0 la main en Allemagne avec des peintures non toxiques \u00e0 base d&#8217;eau et ne sont pas finis avec une laque afin de laisser transpara\u00eetre les caract\u00e9ristiques originales du bois et du grain.<\/p>\n<p>L&#8217;ensemble de seaux en m\u00e9tal de 4 pi\u00e8ces Gl\u00fccksk\u00e4fer est recommand\u00e9 pour les 2 ans et plus.<\/p>\n<p>Contenu :<\/p>\n<p>5 articles, dont 4 pi\u00e8ces en bois et en m\u00e9tal &#8211; 1 seau, 1 r\u00e2teau, 1 pelle et 1 tamis<br \/>\n1 sac en filet de coton pour le stockage et le transport<\/p>\n","protected":false},"excerpt":{"rendered":"<p>Num\u00e9ro d&#8217;article: 535064<\/p>\n<p>L&#8217;ensemble seau en m\u00e9tal de haute qualit\u00e9 de Gl\u00fccksk\u00e4fer comprend un seau de taille enfant, un r\u00e2teau, un tamis et une petite pelle.<\/p>\n","protected":false},"featured_media":35171,"comment_status":"open","ping_status":"closed","template":"","meta":[],"product_brand":[],"product_cat":[208,215,23635,18893,22344,284,283,593,13119,20651,18913,20669,13130,18969,23132,291,13127,217,5851,212],"product_tag":[19104,19100,19103,18027,19108,19109,19105,19106,19098,19101,19102,19107,19099],"class_list":{"0":"post-35413","1":"product","2":"type-product","3":"status-publish","4":"has-post-thumbnail","6":"product_cat-1-3-ans","7":"product_cat-3-6-ans","8":"product_cat-collection-dete","9":"product_cat-collection-printemps","10":"product_cat-collections-saisonnieres","11":"product_cat-culture-sciences","12":"product_cat-domaines-du-curriculum","13":"product_cat-etudes-botaniques","14":"product_cat-gluckskafer-fr","15":"product_cat-jardinage","16":"product_cat-jeu-de-la-nature","17":"product_cat-jeux-de-sable","18":"product_cat-jouer","19":"product_cat-jouets-actifs","20":"product_cat-jouets-de-plein-air","21":"product_cat-la-vie-pratique","22":"product_cat-creativite-beaux-arts-et-bricolage","23":"product_cat-marques","24":"product_cat-nouveautes","25":"product_cat-tranche-dage","26":"product_tag-alternative-aux-jouets-en-plastique","27":"product_tag-ensemble-de-seaux-en-metal-gluckskafer","28":"product_tag-ensemble-seau-et-beche-en-metal","29":"product_tag-gluckskafer-suisse","30":"product_tag-jouets-dexterieur-waldorf","31":"product_tag-jouets-de-jardinage-en-metal","32":"product_tag-jouets-de-plage-verts","33":"product_tag-outils-de-jardinage-montessori","34":"product_tag-outils-de-jardinage-pour-enfants","35":"product_tag-outils-de-jardinage-pour-enfants-en-metal-et-en-bois-jouets-de-sable","36":"product_tag-outils-de-sable-en-metal-pour-enfants","37":"product_tag-outils-de-sable-montessori","38":"product_tag-seau-et-beche-en-metal-pour-enfants","40":"first","41":"outofstock","42":"taxable","43":"shipping-taxable","44":"purchasable","45":"product-type-simple"},"yoast_head":"<!-- This site is optimized with the Yoast SEO plugin v27.1.1 - https:\/\/yoast.com\/product\/yoast-seo-wordpress\/ -->\n<title>Ensemble de seaux en m\u00e9tal rouge\/bleu - Gl\u00fccksk\u00e4fer - Teia Education &amp; Play<\/title>\n<meta name=\"description\" content=\"L&#039;ensemble seau en m\u00e9tal de haute qualit\u00e9 de Gl\u00fccksk\u00e4fer comprend un seau de taille enfant, un r\u00e2teau, un tamis et une petite pelle.\" \/>\n<meta name=\"robots\" content=\"index, follow, max-snippet:-1, max-image-preview:large, max-video-preview:-1\" \/>\n<link rel=\"canonical\" href=\"https:\/\/teiaeducation.ch\/fr\/produit\/seau-en-metal-4-pieces-rouge-bleu-gluckskafer\/\" \/>\n<meta property=\"og:locale\" content=\"fr_FR\" \/>\n<meta property=\"og:type\" content=\"article\" \/>\n<meta property=\"og:title\" content=\"Ensemble de seaux en m\u00e9tal rouge\/bleu - Gl\u00fccksk\u00e4fer - Teia Education &amp; Play\" \/>\n<meta property=\"og:description\" content=\"L&#039;ensemble seau en m\u00e9tal de haute qualit\u00e9 de Gl\u00fccksk\u00e4fer comprend un seau de taille enfant, un r\u00e2teau, un tamis et une petite pelle.\" \/>\n<meta property=\"og:url\" content=\"https:\/\/teiaeducation.ch\/fr\/produit\/seau-en-metal-4-pieces-rouge-bleu-gluckskafer\/\" \/>\n<meta property=\"og:site_name\" content=\"Sustainable Educational Products &amp; Ecological Toys\u00a0\" \/>\n<meta property=\"article:publisher\" content=\"https:\/\/www.facebook.com\/teiaeducation\/\" \/>\n<meta property=\"article:modified_time\" content=\"2021-11-03T16:12:59+00:00\" \/>\n<meta property=\"og:image\" content=\"https:\/\/teiaeducation.ch\/wp-content\/uploads\/2021\/04\/4-piece-metal-bucket-set-red-blue-Gluckskafer.jpg\" \/>\n\t<meta property=\"og:image:width\" content=\"575\" \/>\n\t<meta property=\"og:image:height\" content=\"575\" \/>\n\t<meta property=\"og:image:type\" content=\"image\/jpeg\" \/>\n<script type=\"application\/ld+json\" class=\"yoast-schema-graph\">{\"@context\":\"https:\/\/schema.org\",\"@graph\":[{\"@type\":\"WebPage\",\"@id\":\"https:\/\/teiaeducation.ch\/fr\/produit\/seau-en-metal-4-pieces-rouge-bleu-gluckskafer\/\",\"url\":\"https:\/\/teiaeducation.ch\/fr\/produit\/seau-en-metal-4-pieces-rouge-bleu-gluckskafer\/\",\"name\":\"Ensemble de seaux en m\u00e9tal rouge\/bleu - Gl\u00fccksk\u00e4fer - Teia Education & Play\",\"isPartOf\":{\"@id\":\"https:\/\/teiaeducation.ch\/fr\/#website\"},\"primaryImageOfPage\":{\"@id\":\"https:\/\/teiaeducation.ch\/fr\/produit\/seau-en-metal-4-pieces-rouge-bleu-gluckskafer\/#primaryimage\"},\"image\":{\"@id\":\"https:\/\/teiaeducation.ch\/fr\/produit\/seau-en-metal-4-pieces-rouge-bleu-gluckskafer\/#primaryimage\"},\"thumbnailUrl\":\"https:\/\/teiaeducation.ch\/wp-content\/uploads\/2021\/04\/4-piece-metal-bucket-set-red-blue-Gluckskafer.jpg\",\"datePublished\":\"2021-04-11T13:33:18+00:00\",\"dateModified\":\"2021-11-03T16:12:59+00:00\",\"description\":\"L'ensemble seau en m\u00e9tal de haute qualit\u00e9 de Gl\u00fccksk\u00e4fer comprend un seau de taille enfant, un r\u00e2teau, un tamis et une petite pelle.\",\"breadcrumb\":{\"@id\":\"https:\/\/teiaeducation.ch\/fr\/produit\/seau-en-metal-4-pieces-rouge-bleu-gluckskafer\/#breadcrumb\"},\"inLanguage\":\"fr-FR\",\"potentialAction\":[{\"@type\":\"ReadAction\",\"target\":[\"https:\/\/teiaeducation.ch\/fr\/produit\/seau-en-metal-4-pieces-rouge-bleu-gluckskafer\/\"]}]},{\"@type\":\"ImageObject\",\"inLanguage\":\"fr-FR\",\"@id\":\"https:\/\/teiaeducation.ch\/fr\/produit\/seau-en-metal-4-pieces-rouge-bleu-gluckskafer\/#primaryimage\",\"url\":\"https:\/\/teiaeducation.ch\/wp-content\/uploads\/2021\/04\/4-piece-metal-bucket-set-red-blue-Gluckskafer.jpg\",\"contentUrl\":\"https:\/\/teiaeducation.ch\/wp-content\/uploads\/2021\/04\/4-piece-metal-bucket-set-red-blue-Gluckskafer.jpg\",\"width\":575,\"height\":575,\"caption\":\"Outils de jardinage pour le sable - Set de 4 seaux en m\u00e9tal rouge\/bleu - Gl\u00fccksk\u00e4fer\"},{\"@type\":\"BreadcrumbList\",\"@id\":\"https:\/\/teiaeducation.ch\/fr\/produit\/seau-en-metal-4-pieces-rouge-bleu-gluckskafer\/#breadcrumb\",\"itemListElement\":[{\"@type\":\"ListItem\",\"position\":1,\"name\":\"Home\",\"item\":\"https:\/\/teiaeducation.ch\/fr\/\"},{\"@type\":\"ListItem\",\"position\":2,\"name\":\"Boutique Teia Education &amp; Play\",\"item\":\"https:\/\/teiaeducation.ch\/fr\/boutique\/\"},{\"@type\":\"ListItem\",\"position\":3,\"name\":\"Nos Marques\",\"item\":\"https:\/\/teiaeducation.ch\/fr\/categorie-produit\/marques\/\"},{\"@type\":\"ListItem\",\"position\":4,\"name\":\"Gl\u00fccksk\u00e4fer\",\"item\":\"https:\/\/teiaeducation.ch\/fr\/categorie-produit\/marques\/gluckskafer-fr\/\"},{\"@type\":\"ListItem\",\"position\":5,\"name\":\"Ensemble de seaux en m\u00e9tal rouge\/bleu &#8211; Gl\u00fccksk\u00e4fer\"}]},{\"@type\":\"WebSite\",\"@id\":\"https:\/\/teiaeducation.ch\/fr\/#website\",\"url\":\"https:\/\/teiaeducation.ch\/fr\/\",\"name\":\"Sustainable Educational Products &amp; Ecological Toys\u00a0\",\"description\":\"Specialised Swiss shop selling sustainable educational toys and games, AMI certified Montessori materials, handmade ecological wooden Waldorf toys and arts &amp; crafts supplies, school supplies, children&#039;s furniture and Montessori reference and parenting books.\",\"publisher\":{\"@id\":\"https:\/\/teiaeducation.ch\/fr\/#organization\"},\"alternateName\":\"Teia Education & Play\",\"potentialAction\":[{\"@type\":\"SearchAction\",\"target\":{\"@type\":\"EntryPoint\",\"urlTemplate\":\"https:\/\/teiaeducation.ch\/fr\/?s={search_term_string}\"},\"query-input\":{\"@type\":\"PropertyValueSpecification\",\"valueRequired\":true,\"valueName\":\"search_term_string\"}}],\"inLanguage\":\"fr-FR\"},{\"@type\":\"Organization\",\"@id\":\"https:\/\/teiaeducation.ch\/fr\/#organization\",\"name\":\"Teia Education & Play\",\"url\":\"https:\/\/teiaeducation.ch\/fr\/\",\"logo\":{\"@type\":\"ImageObject\",\"inLanguage\":\"fr-FR\",\"@id\":\"https:\/\/teiaeducation.ch\/fr\/#\/schema\/logo\/image\/\",\"url\":\"https:\/\/teiaeducation.ch\/wp-content\/uploads\/2020\/11\/Teia-Education-Switzerland-e1620156442216.jpg\",\"contentUrl\":\"https:\/\/teiaeducation.ch\/wp-content\/uploads\/2020\/11\/Teia-Education-Switzerland-e1620156442216.jpg\",\"width\":166,\"height\":145,\"caption\":\"Teia Education & Play\"},\"image\":{\"@id\":\"https:\/\/teiaeducation.ch\/fr\/#\/schema\/logo\/image\/\"},\"sameAs\":[\"https:\/\/www.facebook.com\/teiaeducation\/\",\"https:\/\/x.com\/EducationTeia\",\"https:\/\/www.instagram.com\/teia.education\/\",\"https:\/\/www.linkedin.com\/company\/35501660\",\"https:\/\/www.pinterest.ch\/TeiaEducation\/\"]}]}<\/script>\n<!-- \/ Yoast SEO plugin. -->","yoast_head_json":{"title":"Ensemble de seaux en m\u00e9tal rouge\/bleu - Gl\u00fccksk\u00e4fer - Teia Education & Play","description":"L'ensemble seau en m\u00e9tal de haute qualit\u00e9 de Gl\u00fccksk\u00e4fer comprend un seau de taille enfant, un r\u00e2teau, un tamis et une petite pelle.","robots":{"index":"index","follow":"follow","max-snippet":"max-snippet:-1","max-image-preview":"max-image-preview:large","max-video-preview":"max-video-preview:-1"},"canonical":"https:\/\/teiaeducation.ch\/fr\/produit\/seau-en-metal-4-pieces-rouge-bleu-gluckskafer\/","og_locale":"fr_FR","og_type":"article","og_title":"Ensemble de seaux en m\u00e9tal rouge\/bleu - Gl\u00fccksk\u00e4fer - Teia Education & Play","og_description":"L'ensemble seau en m\u00e9tal de haute qualit\u00e9 de Gl\u00fccksk\u00e4fer comprend un seau de taille enfant, un r\u00e2teau, un tamis et une petite pelle.","og_url":"https:\/\/teiaeducation.ch\/fr\/produit\/seau-en-metal-4-pieces-rouge-bleu-gluckskafer\/","og_site_name":"Sustainable Educational Products &amp; Ecological Toys\u00a0","article_publisher":"https:\/\/www.facebook.com\/teiaeducation\/","article_modified_time":"2021-11-03T16:12:59+00:00","og_image":[{"width":575,"height":575,"url":"https:\/\/teiaeducation.ch\/wp-content\/uploads\/2021\/04\/4-piece-metal-bucket-set-red-blue-Gluckskafer.jpg","type":"image\/jpeg"}],"schema":{"@context":"https:\/\/schema.org","@graph":[{"@type":"WebPage","@id":"https:\/\/teiaeducation.ch\/fr\/produit\/seau-en-metal-4-pieces-rouge-bleu-gluckskafer\/","url":"https:\/\/teiaeducation.ch\/fr\/produit\/seau-en-metal-4-pieces-rouge-bleu-gluckskafer\/","name":"Ensemble de seaux en m\u00e9tal rouge\/bleu - Gl\u00fccksk\u00e4fer - Teia Education & Play","isPartOf":{"@id":"https:\/\/teiaeducation.ch\/fr\/#website"},"primaryImageOfPage":{"@id":"https:\/\/teiaeducation.ch\/fr\/produit\/seau-en-metal-4-pieces-rouge-bleu-gluckskafer\/#primaryimage"},"image":{"@id":"https:\/\/teiaeducation.ch\/fr\/produit\/seau-en-metal-4-pieces-rouge-bleu-gluckskafer\/#primaryimage"},"thumbnailUrl":"https:\/\/teiaeducation.ch\/wp-content\/uploads\/2021\/04\/4-piece-metal-bucket-set-red-blue-Gluckskafer.jpg","datePublished":"2021-04-11T13:33:18+00:00","dateModified":"2021-11-03T16:12:59+00:00","description":"L'ensemble seau en m\u00e9tal de haute qualit\u00e9 de Gl\u00fccksk\u00e4fer comprend un seau de taille enfant, un r\u00e2teau, un tamis et une petite pelle.","breadcrumb":{"@id":"https:\/\/teiaeducation.ch\/fr\/produit\/seau-en-metal-4-pieces-rouge-bleu-gluckskafer\/#breadcrumb"},"inLanguage":"fr-FR","potentialAction":[{"@type":"ReadAction","target":["https:\/\/teiaeducation.ch\/fr\/produit\/seau-en-metal-4-pieces-rouge-bleu-gluckskafer\/"]}]},{"@type":"ImageObject","inLanguage":"fr-FR","@id":"https:\/\/teiaeducation.ch\/fr\/produit\/seau-en-metal-4-pieces-rouge-bleu-gluckskafer\/#primaryimage","url":"https:\/\/teiaeducation.ch\/wp-content\/uploads\/2021\/04\/4-piece-metal-bucket-set-red-blue-Gluckskafer.jpg","contentUrl":"https:\/\/teiaeducation.ch\/wp-content\/uploads\/2021\/04\/4-piece-metal-bucket-set-red-blue-Gluckskafer.jpg","width":575,"height":575,"caption":"Outils de jardinage pour le sable - Set de 4 seaux en m\u00e9tal rouge\/bleu - Gl\u00fccksk\u00e4fer"},{"@type":"BreadcrumbList","@id":"https:\/\/teiaeducation.ch\/fr\/produit\/seau-en-metal-4-pieces-rouge-bleu-gluckskafer\/#breadcrumb","itemListElement":[{"@type":"ListItem","position":1,"name":"Home","item":"https:\/\/teiaeducation.ch\/fr\/"},{"@type":"ListItem","position":2,"name":"Boutique Teia Education &amp; Play","item":"https:\/\/teiaeducation.ch\/fr\/boutique\/"},{"@type":"ListItem","position":3,"name":"Nos Marques","item":"https:\/\/teiaeducation.ch\/fr\/categorie-produit\/marques\/"},{"@type":"ListItem","position":4,"name":"Gl\u00fccksk\u00e4fer","item":"https:\/\/teiaeducation.ch\/fr\/categorie-produit\/marques\/gluckskafer-fr\/"},{"@type":"ListItem","position":5,"name":"Ensemble de seaux en m\u00e9tal rouge\/bleu &#8211; Gl\u00fccksk\u00e4fer"}]},{"@type":"WebSite","@id":"https:\/\/teiaeducation.ch\/fr\/#website","url":"https:\/\/teiaeducation.ch\/fr\/","name":"Sustainable Educational Products &amp; Ecological Toys\u00a0","description":"Specialised Swiss shop selling sustainable educational toys and games, AMI certified Montessori materials, handmade ecological wooden Waldorf toys and arts &amp; crafts supplies, school supplies, children&#039;s furniture and Montessori reference and parenting books.","publisher":{"@id":"https:\/\/teiaeducation.ch\/fr\/#organization"},"alternateName":"Teia Education & Play","potentialAction":[{"@type":"SearchAction","target":{"@type":"EntryPoint","urlTemplate":"https:\/\/teiaeducation.ch\/fr\/?s={search_term_string}"},"query-input":{"@type":"PropertyValueSpecification","valueRequired":true,"valueName":"search_term_string"}}],"inLanguage":"fr-FR"},{"@type":"Organization","@id":"https:\/\/teiaeducation.ch\/fr\/#organization","name":"Teia Education & Play","url":"https:\/\/teiaeducation.ch\/fr\/","logo":{"@type":"ImageObject","inLanguage":"fr-FR","@id":"https:\/\/teiaeducation.ch\/fr\/#\/schema\/logo\/image\/","url":"https:\/\/teiaeducation.ch\/wp-content\/uploads\/2020\/11\/Teia-Education-Switzerland-e1620156442216.jpg","contentUrl":"https:\/\/teiaeducation.ch\/wp-content\/uploads\/2020\/11\/Teia-Education-Switzerland-e1620156442216.jpg","width":166,"height":145,"caption":"Teia Education & Play"},"image":{"@id":"https:\/\/teiaeducation.ch\/fr\/#\/schema\/logo\/image\/"},"sameAs":["https:\/\/www.facebook.com\/teiaeducation\/","https:\/\/x.com\/EducationTeia","https:\/\/www.instagram.com\/teia.education\/","https:\/\/www.linkedin.com\/company\/35501660","https:\/\/www.pinterest.ch\/TeiaEducation\/"]}]}},"_links":{"self":[{"href":"https:\/\/teiaeducation.ch\/fr\/wp-json\/wp\/v2\/product\/35413","targetHints":{"allow":["GET"]}}],"collection":[{"href":"https:\/\/teiaeducation.ch\/fr\/wp-json\/wp\/v2\/product"}],"about":[{"href":"https:\/\/teiaeducation.ch\/fr\/wp-json\/wp\/v2\/types\/product"}],"replies":[{"embeddable":true,"href":"https:\/\/teiaeducation.ch\/fr\/wp-json\/wp\/v2\/comments?post=35413"}],"wp:featuredmedia":[{"embeddable":true,"href":"https:\/\/teiaeducation.ch\/fr\/wp-json\/wp\/v2\/media\/35171"}],"wp:attachment":[{"href":"https:\/\/teiaeducation.ch\/fr\/wp-json\/wp\/v2\/media?parent=35413"}],"wp:term":[{"taxonomy":"product_brand","embeddable":true,"href":"https:\/\/teiaeducation.ch\/fr\/wp-json\/wp\/v2\/product_brand?post=35413"},{"taxonomy":"product_cat","embeddable":true,"href":"https:\/\/teiaeducation.ch\/fr\/wp-json\/wp\/v2\/product_cat?post=35413"},{"taxonomy":"product_tag","embeddable":true,"href":"https:\/\/teiaeducation.ch\/fr\/wp-json\/wp\/v2\/product_tag?post=35413"}],"curies":[{"name":"wp","href":"https:\/\/api.w.org\/{rel}","templated":true}]}}