{"id":35417,"date":"2021-04-11T15:18:21","date_gmt":"2021-04-11T13:18:21","guid":{"rendered":"https:\/\/teiaeducation.ch\/product\/set-doutils-de-jardinage-pour-enfants-3-pieces-bleu-gluckskafer\/"},"modified":"2021-11-03T17:16:34","modified_gmt":"2021-11-03T16:16:34","slug":"enfants-outil-de-jardin-set-3-pieces-rouge-gluckskafer-2","status":"publish","type":"product","link":"https:\/\/teiaeducation.ch\/fr\/produit\/enfants-outil-de-jardin-set-3-pieces-rouge-gluckskafer-2\/","title":{"rendered":"Outils de jardinage enfants 3 pi\u00e8ces : bleu &#8211; Gl\u00fccksk\u00e4fer"},"content":{"rendered":"<p>Set de 3 outils de jardinage 39cm bleu \/ Outils de jardinage en bois pour enfants &#8211; Gl\u00fccksk\u00e4fer<\/p>\n<p>Le robuste ensemble d&#8217;outils de jardinage en bois pour enfants de Gl\u00fccksk\u00e4fer comprend un r\u00e2teau, une b\u00eache et une pelle pour s&#8217;amuser dans le jardin, dans le bac \u00e0 sable ou au bord de la mer.<\/p>\n<p>Cet ensemble de haute qualit\u00e9 d&#8217;outils de jardin traditionnels pour enfants est de taille parfaite pour les enfants. Ils mesurent 39 cm de haut et ont des poign\u00e9es en bois lisse avec des t\u00eates en m\u00e9tal peintes en bleu vif.<\/p>\n<p>Les enfants peuvent s&#8217;amuser en plein air en aidant \u00e0 ratisser et \u00e0 creuser dans le jardin ou \u00e0 construire dans le sable. Inspirez les jardiniers juniors dans les <a href=\"https:\/\/teiaeducation.ch\/fr\/categorie-produit\/jouer\/jeu-de-la-nature\/\">jeux de la nature<\/a> Waldorf ou laissez les petits apprendre par imitation avec ces outils \u00e0 taille humaine de la p\u00e9dagogie Montessori.<\/p>\n<p>Id\u00e9ale pour jouer \u00e0 la maison, \u00e0 la cr\u00e8che, \u00e0 l\u2019\u00e9cole Waldorf Steiner, la gamme de jouets en bois color\u00e9s Gl\u00fccksk\u00e4fer est con\u00e7ue selon la philosophie Waldorf qui est bien connue pour encourager les enfants \u00e0 d\u00e9couvrir le jeu cr\u00e9atif de mani\u00e8re ind\u00e9pendante et sans limites. Tous les jouets de haute qualit\u00e9 de Gl\u00fccksk\u00e4fer sont fabriqu\u00e9s et color\u00e9s \u00e0 la main en Allemagne avec des peintures non toxiques \u00e0 base d&#8217;eau et ne sont pas finis avec une laque afin de laisser transpara\u00eetre les caract\u00e9ristiques originales du bois et du grain.<\/p>\n<p>L&#8217;ensemble d&#8217;outils de jardinage pour enfants Gl\u00fccksk\u00e4fer convient aux enfants \u00e2g\u00e9s de 10 mois et plus.<\/p>\n<p>Avertissement! Ne convient pas pour les enfants de moins de 10 mois. Risque de blessure \u00e0 la gorge.<\/p>\n<p>Contenu :<\/p>\n<p>3 outils de jardinage en bois et en m\u00e9tal &#8211; 1 r\u00e2teau, 1 b\u00eache et 1 pelle.<\/p>\n","protected":false},"excerpt":{"rendered":"<p>Num\u00e9ro d&#8217;article: 535396<\/p>\n<p>Les outils de jardinage enfant en bleu de Gl\u00fccksk\u00e4fer comprend des outils de jardinage en bois de haute qualit\u00e9 pour jouer \u00e0 l&#8217;ext\u00e9rieur.<\/p>\n","protected":false},"featured_media":35195,"comment_status":"open","ping_status":"closed","template":"","meta":[],"product_brand":[],"product_cat":[208,215,216,23635,18893,22344,284,283,593,13119,21257,22421,20651,18913,20669,13130,18969,23132,1220,291,13127,7595,1218,217,5851,212,1219],"product_tag":[19124,19129,18024,19122,19120,19123,19128,19126,19127,19121,19098,19119,19130,19125],"class_list":{"0":"post-35417","1":"product","2":"type-product","3":"status-publish","4":"has-post-thumbnail","6":"product_cat-1-3-ans","7":"product_cat-3-6-ans","8":"product_cat-6-12-ans","9":"product_cat-collection-dete","10":"product_cat-collection-printemps","11":"product_cat-collections-saisonnieres","12":"product_cat-culture-sciences","13":"product_cat-domaines-du-curriculum","14":"product_cat-etudes-botaniques","15":"product_cat-gluckskafer-fr","16":"product_cat-guides-cadeaux","17":"product_cat-idees-cadeaux-pour-paques","18":"product_cat-jardinage","19":"product_cat-jeu-de-la-nature","20":"product_cat-jeux-de-sable","21":"product_cat-jouer","22":"product_cat-jouets-actifs","23":"product_cat-jouets-de-plein-air","24":"product_cat-traditionnelle","25":"product_cat-la-vie-pratique","26":"product_cat-creativite-beaux-arts-et-bricolage","27":"product_cat-methode-deducation","28":"product_cat-montessori-fr","29":"product_cat-marques","30":"product_cat-nouveautes","31":"product_cat-tranche-dage","32":"product_cat-waldorf-fr","33":"product_tag-beche-en-metal-pour-enfants","34":"product_tag-beche-pour-enfant-en-bois-et-metal","35":"product_tag-gluckskafer-fr","36":"product_tag-outils-de-jardin-en-bois-pour-enfants","37":"product_tag-outils-de-jardinage-a-taille-denfant","38":"product_tag-outils-de-jardinage-en-bois-pour-enfants","39":"product_tag-outils-de-jardinage-gluckskafer","40":"product_tag-outils-de-jardinage-montessori-fr","41":"product_tag-outils-de-jardinage-montessori-fr-2","42":"product_tag-outils-de-jardinage-pour-enfants-fr-2","43":"product_tag-outils-de-jardinage-pour-enfants","44":"product_tag-outils-de-jardinage-pour-enfants-fr","45":"product_tag-outils-de-jardinage-pour-enfants-de-haute-qualite","46":"product_tag-rateau-en-bois-pour-enfants","48":"first","49":"instock","50":"taxable","51":"shipping-taxable","52":"purchasable","53":"product-type-simple"},"yoast_head":"<!-- This site is optimized with the Yoast SEO plugin v27.1.1 - https:\/\/yoast.com\/product\/yoast-seo-wordpress\/ -->\n<title>Outils de jardinage enfants 3 pi\u00e8ces : bleu - Gl\u00fccksk\u00e4fer - Teia Education &amp; Play<\/title>\n<meta name=\"description\" content=\"Les outils de jardinage enfant en bleu de Gl\u00fccksk\u00e4fer comprend des outils de jardinage en bois de haute qualit\u00e9 pour jouer \u00e0 l&#039;ext\u00e9rieur.\" \/>\n<meta name=\"robots\" content=\"index, follow, max-snippet:-1, max-image-preview:large, max-video-preview:-1\" \/>\n<link rel=\"canonical\" href=\"https:\/\/teiaeducation.ch\/fr\/produit\/enfants-outil-de-jardin-set-3-pieces-rouge-gluckskafer-2\/\" \/>\n<meta property=\"og:locale\" content=\"fr_FR\" \/>\n<meta property=\"og:type\" content=\"article\" \/>\n<meta property=\"og:title\" content=\"Outils de jardinage enfants 3 pi\u00e8ces : bleu - Gl\u00fccksk\u00e4fer - Teia Education &amp; Play\" \/>\n<meta property=\"og:description\" content=\"Les outils de jardinage enfant en bleu de Gl\u00fccksk\u00e4fer comprend des outils de jardinage en bois de haute qualit\u00e9 pour jouer \u00e0 l&#039;ext\u00e9rieur.\" \/>\n<meta property=\"og:url\" content=\"https:\/\/teiaeducation.ch\/fr\/produit\/enfants-outil-de-jardin-set-3-pieces-rouge-gluckskafer-2\/\" \/>\n<meta property=\"og:site_name\" content=\"Sustainable Educational Products &amp; Ecological Toys\u00a0\" \/>\n<meta property=\"article:publisher\" content=\"https:\/\/www.facebook.com\/teiaeducation\/\" \/>\n<meta property=\"article:modified_time\" content=\"2021-11-03T16:16:34+00:00\" \/>\n<meta property=\"og:image\" content=\"https:\/\/teiaeducation.ch\/wp-content\/uploads\/2021\/04\/Children-garden-tool-set-3-pieces-blue-Gluckskafer.jpg\" \/>\n\t<meta property=\"og:image:width\" content=\"800\" \/>\n\t<meta property=\"og:image:height\" content=\"800\" \/>\n\t<meta property=\"og:image:type\" content=\"image\/jpeg\" \/>\n<script type=\"application\/ld+json\" class=\"yoast-schema-graph\">{\"@context\":\"https:\/\/schema.org\",\"@graph\":[{\"@type\":\"WebPage\",\"@id\":\"https:\/\/teiaeducation.ch\/fr\/produit\/enfants-outil-de-jardin-set-3-pieces-rouge-gluckskafer-2\/\",\"url\":\"https:\/\/teiaeducation.ch\/fr\/produit\/enfants-outil-de-jardin-set-3-pieces-rouge-gluckskafer-2\/\",\"name\":\"Outils de jardinage enfants 3 pi\u00e8ces : bleu - Gl\u00fccksk\u00e4fer - Teia Education & Play\",\"isPartOf\":{\"@id\":\"https:\/\/teiaeducation.ch\/fr\/#website\"},\"primaryImageOfPage\":{\"@id\":\"https:\/\/teiaeducation.ch\/fr\/produit\/enfants-outil-de-jardin-set-3-pieces-rouge-gluckskafer-2\/#primaryimage\"},\"image\":{\"@id\":\"https:\/\/teiaeducation.ch\/fr\/produit\/enfants-outil-de-jardin-set-3-pieces-rouge-gluckskafer-2\/#primaryimage\"},\"thumbnailUrl\":\"https:\/\/teiaeducation.ch\/wp-content\/uploads\/2021\/04\/Children-garden-tool-set-3-pieces-blue-Gluckskafer.jpg\",\"datePublished\":\"2021-04-11T13:18:21+00:00\",\"dateModified\":\"2021-11-03T16:16:34+00:00\",\"description\":\"Les outils de jardinage enfant en bleu de Gl\u00fccksk\u00e4fer comprend des outils de jardinage en bois de haute qualit\u00e9 pour jouer \u00e0 l'ext\u00e9rieur.\",\"breadcrumb\":{\"@id\":\"https:\/\/teiaeducation.ch\/fr\/produit\/enfants-outil-de-jardin-set-3-pieces-rouge-gluckskafer-2\/#breadcrumb\"},\"inLanguage\":\"fr-FR\",\"potentialAction\":[{\"@type\":\"ReadAction\",\"target\":[\"https:\/\/teiaeducation.ch\/fr\/produit\/enfants-outil-de-jardin-set-3-pieces-rouge-gluckskafer-2\/\"]}]},{\"@type\":\"ImageObject\",\"inLanguage\":\"fr-FR\",\"@id\":\"https:\/\/teiaeducation.ch\/fr\/produit\/enfants-outil-de-jardin-set-3-pieces-rouge-gluckskafer-2\/#primaryimage\",\"url\":\"https:\/\/teiaeducation.ch\/wp-content\/uploads\/2021\/04\/Children-garden-tool-set-3-pieces-blue-Gluckskafer.jpg\",\"contentUrl\":\"https:\/\/teiaeducation.ch\/wp-content\/uploads\/2021\/04\/Children-garden-tool-set-3-pieces-blue-Gluckskafer.jpg\",\"width\":800,\"height\":800,\"caption\":\"Set d'outils de jardinage pour enfants 3 pi\u00e8ces- bleu - Gl\u00fccksk\u00e4fer\"},{\"@type\":\"BreadcrumbList\",\"@id\":\"https:\/\/teiaeducation.ch\/fr\/produit\/enfants-outil-de-jardin-set-3-pieces-rouge-gluckskafer-2\/#breadcrumb\",\"itemListElement\":[{\"@type\":\"ListItem\",\"position\":1,\"name\":\"Home\",\"item\":\"https:\/\/teiaeducation.ch\/fr\/\"},{\"@type\":\"ListItem\",\"position\":2,\"name\":\"Boutique Teia Education &amp; Play\",\"item\":\"https:\/\/teiaeducation.ch\/fr\/boutique\/\"},{\"@type\":\"ListItem\",\"position\":3,\"name\":\"Domaines du Curriculum\",\"item\":\"https:\/\/teiaeducation.ch\/fr\/categorie-produit\/domaines-du-curriculum\/\"},{\"@type\":\"ListItem\",\"position\":4,\"name\":\"Culture &amp; Sciences\",\"item\":\"https:\/\/teiaeducation.ch\/fr\/categorie-produit\/domaines-du-curriculum\/culture-sciences\/\"},{\"@type\":\"ListItem\",\"position\":5,\"name\":\"\u00c9tudes Botaniques\",\"item\":\"https:\/\/teiaeducation.ch\/fr\/categorie-produit\/domaines-du-curriculum\/culture-sciences\/etudes-botaniques\/\"},{\"@type\":\"ListItem\",\"position\":6,\"name\":\"Outils de jardinage enfants 3 pi\u00e8ces : bleu &#8211; Gl\u00fccksk\u00e4fer\"}]},{\"@type\":\"WebSite\",\"@id\":\"https:\/\/teiaeducation.ch\/fr\/#website\",\"url\":\"https:\/\/teiaeducation.ch\/fr\/\",\"name\":\"Sustainable Educational Products &amp; Ecological Toys\u00a0\",\"description\":\"Specialised Swiss shop selling sustainable educational toys and games, AMI certified Montessori materials, handmade ecological wooden Waldorf toys and arts &amp; crafts supplies, school supplies, children&#039;s furniture and Montessori reference and parenting books.\",\"publisher\":{\"@id\":\"https:\/\/teiaeducation.ch\/fr\/#organization\"},\"alternateName\":\"Teia Education & Play\",\"potentialAction\":[{\"@type\":\"SearchAction\",\"target\":{\"@type\":\"EntryPoint\",\"urlTemplate\":\"https:\/\/teiaeducation.ch\/fr\/?s={search_term_string}\"},\"query-input\":{\"@type\":\"PropertyValueSpecification\",\"valueRequired\":true,\"valueName\":\"search_term_string\"}}],\"inLanguage\":\"fr-FR\"},{\"@type\":\"Organization\",\"@id\":\"https:\/\/teiaeducation.ch\/fr\/#organization\",\"name\":\"Teia Education & Play\",\"url\":\"https:\/\/teiaeducation.ch\/fr\/\",\"logo\":{\"@type\":\"ImageObject\",\"inLanguage\":\"fr-FR\",\"@id\":\"https:\/\/teiaeducation.ch\/fr\/#\/schema\/logo\/image\/\",\"url\":\"https:\/\/teiaeducation.ch\/wp-content\/uploads\/2020\/11\/Teia-Education-Switzerland-e1620156442216.jpg\",\"contentUrl\":\"https:\/\/teiaeducation.ch\/wp-content\/uploads\/2020\/11\/Teia-Education-Switzerland-e1620156442216.jpg\",\"width\":166,\"height\":145,\"caption\":\"Teia Education & Play\"},\"image\":{\"@id\":\"https:\/\/teiaeducation.ch\/fr\/#\/schema\/logo\/image\/\"},\"sameAs\":[\"https:\/\/www.facebook.com\/teiaeducation\/\",\"https:\/\/x.com\/EducationTeia\",\"https:\/\/www.instagram.com\/teia.education\/\",\"https:\/\/www.linkedin.com\/company\/35501660\",\"https:\/\/www.pinterest.ch\/TeiaEducation\/\"]}]}<\/script>\n<!-- \/ Yoast SEO plugin. -->","yoast_head_json":{"title":"Outils de jardinage enfants 3 pi\u00e8ces : bleu - Gl\u00fccksk\u00e4fer - Teia Education & Play","description":"Les outils de jardinage enfant en bleu de Gl\u00fccksk\u00e4fer comprend des outils de jardinage en bois de haute qualit\u00e9 pour jouer \u00e0 l'ext\u00e9rieur.","robots":{"index":"index","follow":"follow","max-snippet":"max-snippet:-1","max-image-preview":"max-image-preview:large","max-video-preview":"max-video-preview:-1"},"canonical":"https:\/\/teiaeducation.ch\/fr\/produit\/enfants-outil-de-jardin-set-3-pieces-rouge-gluckskafer-2\/","og_locale":"fr_FR","og_type":"article","og_title":"Outils de jardinage enfants 3 pi\u00e8ces : bleu - Gl\u00fccksk\u00e4fer - Teia Education & Play","og_description":"Les outils de jardinage enfant en bleu de Gl\u00fccksk\u00e4fer comprend des outils de jardinage en bois de haute qualit\u00e9 pour jouer \u00e0 l'ext\u00e9rieur.","og_url":"https:\/\/teiaeducation.ch\/fr\/produit\/enfants-outil-de-jardin-set-3-pieces-rouge-gluckskafer-2\/","og_site_name":"Sustainable Educational Products &amp; Ecological Toys\u00a0","article_publisher":"https:\/\/www.facebook.com\/teiaeducation\/","article_modified_time":"2021-11-03T16:16:34+00:00","og_image":[{"width":800,"height":800,"url":"https:\/\/teiaeducation.ch\/wp-content\/uploads\/2021\/04\/Children-garden-tool-set-3-pieces-blue-Gluckskafer.jpg","type":"image\/jpeg"}],"schema":{"@context":"https:\/\/schema.org","@graph":[{"@type":"WebPage","@id":"https:\/\/teiaeducation.ch\/fr\/produit\/enfants-outil-de-jardin-set-3-pieces-rouge-gluckskafer-2\/","url":"https:\/\/teiaeducation.ch\/fr\/produit\/enfants-outil-de-jardin-set-3-pieces-rouge-gluckskafer-2\/","name":"Outils de jardinage enfants 3 pi\u00e8ces : bleu - Gl\u00fccksk\u00e4fer - Teia Education & Play","isPartOf":{"@id":"https:\/\/teiaeducation.ch\/fr\/#website"},"primaryImageOfPage":{"@id":"https:\/\/teiaeducation.ch\/fr\/produit\/enfants-outil-de-jardin-set-3-pieces-rouge-gluckskafer-2\/#primaryimage"},"image":{"@id":"https:\/\/teiaeducation.ch\/fr\/produit\/enfants-outil-de-jardin-set-3-pieces-rouge-gluckskafer-2\/#primaryimage"},"thumbnailUrl":"https:\/\/teiaeducation.ch\/wp-content\/uploads\/2021\/04\/Children-garden-tool-set-3-pieces-blue-Gluckskafer.jpg","datePublished":"2021-04-11T13:18:21+00:00","dateModified":"2021-11-03T16:16:34+00:00","description":"Les outils de jardinage enfant en bleu de Gl\u00fccksk\u00e4fer comprend des outils de jardinage en bois de haute qualit\u00e9 pour jouer \u00e0 l'ext\u00e9rieur.","breadcrumb":{"@id":"https:\/\/teiaeducation.ch\/fr\/produit\/enfants-outil-de-jardin-set-3-pieces-rouge-gluckskafer-2\/#breadcrumb"},"inLanguage":"fr-FR","potentialAction":[{"@type":"ReadAction","target":["https:\/\/teiaeducation.ch\/fr\/produit\/enfants-outil-de-jardin-set-3-pieces-rouge-gluckskafer-2\/"]}]},{"@type":"ImageObject","inLanguage":"fr-FR","@id":"https:\/\/teiaeducation.ch\/fr\/produit\/enfants-outil-de-jardin-set-3-pieces-rouge-gluckskafer-2\/#primaryimage","url":"https:\/\/teiaeducation.ch\/wp-content\/uploads\/2021\/04\/Children-garden-tool-set-3-pieces-blue-Gluckskafer.jpg","contentUrl":"https:\/\/teiaeducation.ch\/wp-content\/uploads\/2021\/04\/Children-garden-tool-set-3-pieces-blue-Gluckskafer.jpg","width":800,"height":800,"caption":"Set d'outils de jardinage pour enfants 3 pi\u00e8ces- bleu - Gl\u00fccksk\u00e4fer"},{"@type":"BreadcrumbList","@id":"https:\/\/teiaeducation.ch\/fr\/produit\/enfants-outil-de-jardin-set-3-pieces-rouge-gluckskafer-2\/#breadcrumb","itemListElement":[{"@type":"ListItem","position":1,"name":"Home","item":"https:\/\/teiaeducation.ch\/fr\/"},{"@type":"ListItem","position":2,"name":"Boutique Teia Education &amp; Play","item":"https:\/\/teiaeducation.ch\/fr\/boutique\/"},{"@type":"ListItem","position":3,"name":"Domaines du Curriculum","item":"https:\/\/teiaeducation.ch\/fr\/categorie-produit\/domaines-du-curriculum\/"},{"@type":"ListItem","position":4,"name":"Culture &amp; Sciences","item":"https:\/\/teiaeducation.ch\/fr\/categorie-produit\/domaines-du-curriculum\/culture-sciences\/"},{"@type":"ListItem","position":5,"name":"\u00c9tudes Botaniques","item":"https:\/\/teiaeducation.ch\/fr\/categorie-produit\/domaines-du-curriculum\/culture-sciences\/etudes-botaniques\/"},{"@type":"ListItem","position":6,"name":"Outils de jardinage enfants 3 pi\u00e8ces : bleu &#8211; Gl\u00fccksk\u00e4fer"}]},{"@type":"WebSite","@id":"https:\/\/teiaeducation.ch\/fr\/#website","url":"https:\/\/teiaeducation.ch\/fr\/","name":"Sustainable Educational Products &amp; Ecological Toys\u00a0","description":"Specialised Swiss shop selling sustainable educational toys and games, AMI certified Montessori materials, handmade ecological wooden Waldorf toys and arts &amp; crafts supplies, school supplies, children&#039;s furniture and Montessori reference and parenting books.","publisher":{"@id":"https:\/\/teiaeducation.ch\/fr\/#organization"},"alternateName":"Teia Education & Play","potentialAction":[{"@type":"SearchAction","target":{"@type":"EntryPoint","urlTemplate":"https:\/\/teiaeducation.ch\/fr\/?s={search_term_string}"},"query-input":{"@type":"PropertyValueSpecification","valueRequired":true,"valueName":"search_term_string"}}],"inLanguage":"fr-FR"},{"@type":"Organization","@id":"https:\/\/teiaeducation.ch\/fr\/#organization","name":"Teia Education & Play","url":"https:\/\/teiaeducation.ch\/fr\/","logo":{"@type":"ImageObject","inLanguage":"fr-FR","@id":"https:\/\/teiaeducation.ch\/fr\/#\/schema\/logo\/image\/","url":"https:\/\/teiaeducation.ch\/wp-content\/uploads\/2020\/11\/Teia-Education-Switzerland-e1620156442216.jpg","contentUrl":"https:\/\/teiaeducation.ch\/wp-content\/uploads\/2020\/11\/Teia-Education-Switzerland-e1620156442216.jpg","width":166,"height":145,"caption":"Teia Education & Play"},"image":{"@id":"https:\/\/teiaeducation.ch\/fr\/#\/schema\/logo\/image\/"},"sameAs":["https:\/\/www.facebook.com\/teiaeducation\/","https:\/\/x.com\/EducationTeia","https:\/\/www.instagram.com\/teia.education\/","https:\/\/www.linkedin.com\/company\/35501660","https:\/\/www.pinterest.ch\/TeiaEducation\/"]}]}},"_links":{"self":[{"href":"https:\/\/teiaeducation.ch\/fr\/wp-json\/wp\/v2\/product\/35417","targetHints":{"allow":["GET"]}}],"collection":[{"href":"https:\/\/teiaeducation.ch\/fr\/wp-json\/wp\/v2\/product"}],"about":[{"href":"https:\/\/teiaeducation.ch\/fr\/wp-json\/wp\/v2\/types\/product"}],"replies":[{"embeddable":true,"href":"https:\/\/teiaeducation.ch\/fr\/wp-json\/wp\/v2\/comments?post=35417"}],"wp:featuredmedia":[{"embeddable":true,"href":"https:\/\/teiaeducation.ch\/fr\/wp-json\/wp\/v2\/media\/35195"}],"wp:attachment":[{"href":"https:\/\/teiaeducation.ch\/fr\/wp-json\/wp\/v2\/media?parent=35417"}],"wp:term":[{"taxonomy":"product_brand","embeddable":true,"href":"https:\/\/teiaeducation.ch\/fr\/wp-json\/wp\/v2\/product_brand?post=35417"},{"taxonomy":"product_cat","embeddable":true,"href":"https:\/\/teiaeducation.ch\/fr\/wp-json\/wp\/v2\/product_cat?post=35417"},{"taxonomy":"product_tag","embeddable":true,"href":"https:\/\/teiaeducation.ch\/fr\/wp-json\/wp\/v2\/product_tag?post=35417"}],"curies":[{"name":"wp","href":"https:\/\/api.w.org\/{rel}","templated":true}]}}