{"id":35419,"date":"2021-04-13T16:30:35","date_gmt":"2021-04-13T14:30:35","guid":{"rendered":"https:\/\/teiaeducation.ch\/product\/mallette-du-botaniste-moulin-roty\/"},"modified":"2023-03-13T14:36:28","modified_gmt":"2023-03-13T13:36:28","slug":"valise-du-botaniste-moulin-roty","status":"publish","type":"product","link":"https:\/\/teiaeducation.ch\/fr\/produit\/valise-du-botaniste-moulin-roty\/","title":{"rendered":"Valise du botaniste &#8211; Moulin Roty"},"content":{"rendered":"<p>La jolie valise de botaniste de Moulin Roty pour enfants est parfaite pour le jeune botaniste en herbe &#8211; elle contient tous les ustensiles n\u00e9cessaires pour observer la nature et faire s\u00e9cher les pr\u00e9cieuses feuilles et fleurs !<\/p>\n<p>Cette valise magnifiquement illustr\u00e9e contient tout ce qu&#8217;il faut pour qu&#8217;un enfant puisse explorer et examiner de plus pr\u00e8s tous les tr\u00e9sors collect\u00e9s et s&#8217;immerger dans le monde de la <a href=\"https:\/\/teiaeducation.ch\/fr\/categorie-produit\/jouer\/jeu-de-la-nature\/\">nature<\/a>. Offrant des heures d&#8217;amusement, la valise contient une presse \u00e0 fleurs, une loupe, un journal de la nature et trois bo\u00eetes pour contenir des tr\u00e9sors secrets.<\/p>\n<p>La valise du botaniste est fabriqu\u00e9e en carton imprim\u00e9, orn\u00e9e de belles illustrations dans le style fran\u00e7ais fantaisiste qui fait la renomm\u00e9e de Moulin Roty, et poss\u00e8de une poign\u00e9e en m\u00e9tal. C&#8217;est le\u00a0kit indispensable pour explorer et observer la nature, est un cadeau id\u00e9al pour tout enfant \u00e0 partir de 4 ans !<\/p>\n<p>Parfaite pour les petits jardiniers et <a href=\"https:\/\/teiaeducation.ch\/fr\/categorie-produit\/domaines-du-curriculum\/culture-sciences\/etudes-botaniques\/\">botanistes<\/a>, la valise du botaniste Moulin Roty fait partie de la merveilleuse collection &#8220;Le Jardin du Moulin&#8221;. Dans un univers illustr\u00e9 d&#8217;aquarelles, riche en <a href=\"https:\/\/teiaeducation.ch\/fr\/categorie-produit\/domaines-du-curriculum\/sensorielles-motrices\/apprendre-les-couleurs\/\">couleurs<\/a> et en <a href=\"https:\/\/teiaeducation.ch\/fr\/categorie-produit\/jouer\/animaux-fermes\/\">animaux<\/a> rigolos, la collection Jardin du Moulin offre tout ce qu&#8217;il faut pour initier les enfants \u00e0 la d\u00e9couverte de la nature, au fil des <a href=\"https:\/\/teiaeducation.ch\/fr\/categorie-produit\/domaines-du-curriculum\/culture-sciences\/saisons-meteo\/\">saisons<\/a>. Ils pourront devenir botanistes en observant et en jouant avec la faune et la flore. Mettre les mains dans la terre pour d\u00e9couvrir les secrets des fruits et l\u00e9gumes en devenant jardiniers. Ou enfin se mettre dans la peau d&#8217;un explorateur en partant \u00e0 la d\u00e9couverte de nouveaux horizons ! La collection propose de v\u00e9ritables outils pour mettre en pratique le savoir-faire de l&#8217;enfant au jardinage, mais aussi des jeux ludo-\u00e9ducatifs pour approfondir la connaissance de la nature et du <a href=\"https:\/\/teiaeducation.ch\/fr\/categorie-produit\/domaines-du-curriculum\/culture-sciences\/terre-et-univers\/\">monde<\/a> qui nous entoure !<\/p>\n<p><a href=\"https:\/\/teiaeducation.ch\/fr\/categorie-produit\/marques\/moulin-roty-fr\/\">Moulin Roty<\/a> est une marque Fran\u00e7aise bien connue pour la cr\u00e9ation de <a href=\"https:\/\/teiaeducation.ch\/fr\/categorie-produit\/jouer\/\">jouets<\/a> de belle qualit\u00e9 pour les enfants ayant une forte valeur \u00e9motionnelle. Chaque jouet est un vrai personnage qui raconte des histoires et est le fruit du travail et du d\u00e9vouement de l\u2019\u00e9quipe cr\u00e9ative de la marque. En passant entre les mains d\u2019une \u00e9quipe d\u2019illustrateurs et de stylistes au c\u0153ur du Moulin Roty, \u00e0 Nort-sur-Erdre, en France, chaque jouet a un monde avec des couleurs et des mat\u00e9riaux con\u00e7us sp\u00e9cifiquement pour lui.<\/p>\n<p>Chaque jouet est test\u00e9 et approuv\u00e9 par un laboratoire ind\u00e9pendant Fran\u00e7ais et tous les jouets de Moulin Roty sont conformes \u00e0 la norme europ\u00e9enne NF-EN71 et portent la marque CE. La plupart des tissus et mat\u00e9riaux utilis\u00e9s pour cr\u00e9er les jouets proviennent de France et d\u2019Europe pour leur cr\u00e9ativit\u00e9 et leur qualit\u00e9 technique, ainsi que leur non-toxicit\u00e9, et ont pass\u00e9 des tests rigoureux par Oeko-Tex.<\/p>\n<p>La valise du botaniste Moulin Roty est recommand\u00e9e pour les enfants \u00e0 partir de 4 ans.<\/p>\n<p>Contenu :<\/p>\n<p>1 valise (30 x 21 x 9.5 cm)<br \/>\n1 presse \u00e0 fleurs<br \/>\n1 loupe<br \/>\n1 journal de la nature<br \/>\n3 bo\u00eetes<\/p>\n","protected":false},"excerpt":{"rendered":"<p>Num\u00e9ro d&#8217;article: 712209<\/p>\n<p>La mallette du botaniste Moulin Roty le jardin du Moulin pour enfants contient tous les ustensiles n\u00e9cessaires pour observer la nature et faire s\u00e9cher les pr\u00e9cieuses feuilles et fleurs.<\/p>\n","protected":false},"featured_media":35309,"comment_status":"open","ping_status":"closed","template":"","meta":[],"product_brand":[],"product_cat":[8527,215,216,285,20653,23635,18893,22344,284,283,293,593,8526,17239,21257,20651,18913,13130,23132,20648,291,13127,8567,7595,16899,217,5851,292,212,612],"product_tag":[19139,19133,19138,19136,19134,19135,19137,19131,19140,19132,18559,18560,18342],"class_list":{"0":"post-35419","1":"product","2":"type-product","3":"status-publish","4":"has-post-thumbnail","6":"product_cat-3-6-ans-ecole-a-domicile","7":"product_cat-3-6-ans","8":"product_cat-6-12-ans","9":"product_cat-alphabetisation-langage","10":"product_cat-art-des-fleurs-pressees","11":"product_cat-collection-dete","12":"product_cat-collection-printemps","13":"product_cat-collections-saisonnieres","14":"product_cat-culture-sciences","15":"product_cat-domaines-du-curriculum","16":"product_cat-ensembles-dactivites","17":"product_cat-etudes-botaniques","18":"product_cat-fournitures-scolaires-a-domicile","19":"product_cat-guide-cadeaux-educatifs","20":"product_cat-guides-cadeaux","21":"product_cat-jardinage","22":"product_cat-jeu-de-la-nature","23":"product_cat-jouer","24":"product_cat-jouets-de-plein-air","25":"product_cat-kits-de-creation","26":"product_cat-la-vie-pratique","27":"product_cat-creativite-beaux-arts-et-bricolage","28":"product_cat-materiel-scolaire-montessori","29":"product_cat-methode-deducation","30":"product_cat-moulin-roty-fr","31":"product_cat-marques","32":"product_cat-nouveautes","33":"product_cat-appui-au-curriculum","34":"product_cat-tranche-dage","35":"product_cat-vocabulaire-fr","36":"product_tag-jeu-de-memoire-sur-le-theme-de-la-nature-moulin-roty-le-jardin-du-moulin","37":"product_tag-jeu-du-lot-de-nature","38":"product_tag-jeux-de-loto-pour-enfants","39":"product_tag-jeux-de-societe-sur-la-faune-et-la-flore","40":"product_tag-jeux-pour-enfants-sur-le-theme-de-la-nature","41":"product_tag-le-jardin-du-moulin-collection-fr","42":"product_tag-loto-de-la-faune","43":"product_tag-loto-nature-de-moulin-roty","44":"product_tag-mallette-de-botaniste-pour-enfants-moulin-roty-le-jardin-du-moulin","45":"product_tag-moulin-roty-le-jardin-du-moulin-fr","46":"product_tag-moulin-roty-suisse-fr-2","47":"product_tag-moulin-roty-suisse-fr-3","48":"product_tag-moulin-roty-suisse-fr","50":"first","51":"instock","52":"taxable","53":"shipping-taxable","54":"purchasable","55":"product-type-simple"},"yoast_head":"<!-- This site is optimized with the Yoast SEO plugin v27.1.1 - https:\/\/yoast.com\/product\/yoast-seo-wordpress\/ -->\n<title>Valise du botaniste - Moulin Roty - Teia Education &amp; Play<\/title>\n<meta name=\"description\" content=\"La valise du botaniste Moulin Roty le jardin contient tous les ustensiles n\u00e9cessaires pour observer la nature et faire s\u00e9cher feuilles et fleurs.\" \/>\n<meta name=\"robots\" content=\"index, follow, max-snippet:-1, max-image-preview:large, max-video-preview:-1\" \/>\n<link rel=\"canonical\" href=\"https:\/\/teiaeducation.ch\/fr\/produit\/valise-du-botaniste-moulin-roty\/\" \/>\n<meta property=\"og:locale\" content=\"fr_FR\" \/>\n<meta property=\"og:type\" content=\"article\" \/>\n<meta property=\"og:title\" content=\"Valise du botaniste - Moulin Roty - Teia Education &amp; Play\" \/>\n<meta property=\"og:description\" content=\"La valise du botaniste Moulin Roty le jardin contient tous les ustensiles n\u00e9cessaires pour observer la nature et faire s\u00e9cher feuilles et fleurs.\" \/>\n<meta property=\"og:url\" content=\"https:\/\/teiaeducation.ch\/fr\/produit\/valise-du-botaniste-moulin-roty\/\" \/>\n<meta property=\"og:site_name\" content=\"Sustainable Educational Products &amp; Ecological Toys\u00a0\" \/>\n<meta property=\"article:publisher\" content=\"https:\/\/www.facebook.com\/teiaeducation\/\" \/>\n<meta property=\"article:modified_time\" content=\"2023-03-13T13:36:28+00:00\" \/>\n<meta property=\"og:image\" content=\"https:\/\/teiaeducation.ch\/wp-content\/uploads\/2021\/04\/Botanist-case-for-children-Moulin-Roty-Le-Jardin-du-Moulin.jpg\" \/>\n\t<meta property=\"og:image:width\" content=\"1500\" \/>\n\t<meta property=\"og:image:height\" content=\"1500\" \/>\n\t<meta property=\"og:image:type\" content=\"image\/jpeg\" \/>\n<script type=\"application\/ld+json\" class=\"yoast-schema-graph\">{\"@context\":\"https:\/\/schema.org\",\"@graph\":[{\"@type\":\"WebPage\",\"@id\":\"https:\/\/teiaeducation.ch\/fr\/produit\/valise-du-botaniste-moulin-roty\/\",\"url\":\"https:\/\/teiaeducation.ch\/fr\/produit\/valise-du-botaniste-moulin-roty\/\",\"name\":\"Valise du botaniste - Moulin Roty - Teia Education & Play\",\"isPartOf\":{\"@id\":\"https:\/\/teiaeducation.ch\/fr\/#website\"},\"primaryImageOfPage\":{\"@id\":\"https:\/\/teiaeducation.ch\/fr\/produit\/valise-du-botaniste-moulin-roty\/#primaryimage\"},\"image\":{\"@id\":\"https:\/\/teiaeducation.ch\/fr\/produit\/valise-du-botaniste-moulin-roty\/#primaryimage\"},\"thumbnailUrl\":\"https:\/\/teiaeducation.ch\/wp-content\/uploads\/2021\/04\/Botanist-case-for-children-Moulin-Roty-Le-Jardin-du-Moulin.jpg\",\"datePublished\":\"2021-04-13T14:30:35+00:00\",\"dateModified\":\"2023-03-13T13:36:28+00:00\",\"description\":\"La valise du botaniste Moulin Roty le jardin contient tous les ustensiles n\u00e9cessaires pour observer la nature et faire s\u00e9cher feuilles et fleurs.\",\"breadcrumb\":{\"@id\":\"https:\/\/teiaeducation.ch\/fr\/produit\/valise-du-botaniste-moulin-roty\/#breadcrumb\"},\"inLanguage\":\"fr-FR\",\"potentialAction\":[{\"@type\":\"ReadAction\",\"target\":[\"https:\/\/teiaeducation.ch\/fr\/produit\/valise-du-botaniste-moulin-roty\/\"]}]},{\"@type\":\"ImageObject\",\"inLanguage\":\"fr-FR\",\"@id\":\"https:\/\/teiaeducation.ch\/fr\/produit\/valise-du-botaniste-moulin-roty\/#primaryimage\",\"url\":\"https:\/\/teiaeducation.ch\/wp-content\/uploads\/2021\/04\/Botanist-case-for-children-Moulin-Roty-Le-Jardin-du-Moulin.jpg\",\"contentUrl\":\"https:\/\/teiaeducation.ch\/wp-content\/uploads\/2021\/04\/Botanist-case-for-children-Moulin-Roty-Le-Jardin-du-Moulin.jpg\",\"width\":1500,\"height\":1500,\"caption\":\"Mallette du botaniste pour enfants - Moulin Roty Le Jardin du Moulin\"},{\"@type\":\"BreadcrumbList\",\"@id\":\"https:\/\/teiaeducation.ch\/fr\/produit\/valise-du-botaniste-moulin-roty\/#breadcrumb\",\"itemListElement\":[{\"@type\":\"ListItem\",\"position\":1,\"name\":\"Home\",\"item\":\"https:\/\/teiaeducation.ch\/fr\/\"},{\"@type\":\"ListItem\",\"position\":2,\"name\":\"Boutique Teia Education &amp; Play\",\"item\":\"https:\/\/teiaeducation.ch\/fr\/boutique\/\"},{\"@type\":\"ListItem\",\"position\":3,\"name\":\"Nos Marques\",\"item\":\"https:\/\/teiaeducation.ch\/fr\/categorie-produit\/marques\/\"},{\"@type\":\"ListItem\",\"position\":4,\"name\":\"Moulin Roty\",\"item\":\"https:\/\/teiaeducation.ch\/fr\/categorie-produit\/marques\/moulin-roty-fr\/\"},{\"@type\":\"ListItem\",\"position\":5,\"name\":\"Valise du botaniste &#8211; Moulin Roty\"}]},{\"@type\":\"WebSite\",\"@id\":\"https:\/\/teiaeducation.ch\/fr\/#website\",\"url\":\"https:\/\/teiaeducation.ch\/fr\/\",\"name\":\"Sustainable Educational Products &amp; Ecological Toys\u00a0\",\"description\":\"Specialised Swiss shop selling sustainable educational toys and games, AMI certified Montessori materials, handmade ecological wooden Waldorf toys and arts &amp; crafts supplies, school supplies, children&#039;s furniture and Montessori reference and parenting books.\",\"publisher\":{\"@id\":\"https:\/\/teiaeducation.ch\/fr\/#organization\"},\"alternateName\":\"Teia Education & Play\",\"potentialAction\":[{\"@type\":\"SearchAction\",\"target\":{\"@type\":\"EntryPoint\",\"urlTemplate\":\"https:\/\/teiaeducation.ch\/fr\/?s={search_term_string}\"},\"query-input\":{\"@type\":\"PropertyValueSpecification\",\"valueRequired\":true,\"valueName\":\"search_term_string\"}}],\"inLanguage\":\"fr-FR\"},{\"@type\":\"Organization\",\"@id\":\"https:\/\/teiaeducation.ch\/fr\/#organization\",\"name\":\"Teia Education & Play\",\"url\":\"https:\/\/teiaeducation.ch\/fr\/\",\"logo\":{\"@type\":\"ImageObject\",\"inLanguage\":\"fr-FR\",\"@id\":\"https:\/\/teiaeducation.ch\/fr\/#\/schema\/logo\/image\/\",\"url\":\"https:\/\/teiaeducation.ch\/wp-content\/uploads\/2020\/11\/Teia-Education-Switzerland-e1620156442216.jpg\",\"contentUrl\":\"https:\/\/teiaeducation.ch\/wp-content\/uploads\/2020\/11\/Teia-Education-Switzerland-e1620156442216.jpg\",\"width\":166,\"height\":145,\"caption\":\"Teia Education & Play\"},\"image\":{\"@id\":\"https:\/\/teiaeducation.ch\/fr\/#\/schema\/logo\/image\/\"},\"sameAs\":[\"https:\/\/www.facebook.com\/teiaeducation\/\",\"https:\/\/x.com\/EducationTeia\",\"https:\/\/www.instagram.com\/teia.education\/\",\"https:\/\/www.linkedin.com\/company\/35501660\",\"https:\/\/www.pinterest.ch\/TeiaEducation\/\"]}]}<\/script>\n<!-- \/ Yoast SEO plugin. -->","yoast_head_json":{"title":"Valise du botaniste - Moulin Roty - Teia Education & Play","description":"La valise du botaniste Moulin Roty le jardin contient tous les ustensiles n\u00e9cessaires pour observer la nature et faire s\u00e9cher feuilles et fleurs.","robots":{"index":"index","follow":"follow","max-snippet":"max-snippet:-1","max-image-preview":"max-image-preview:large","max-video-preview":"max-video-preview:-1"},"canonical":"https:\/\/teiaeducation.ch\/fr\/produit\/valise-du-botaniste-moulin-roty\/","og_locale":"fr_FR","og_type":"article","og_title":"Valise du botaniste - Moulin Roty - Teia Education & Play","og_description":"La valise du botaniste Moulin Roty le jardin contient tous les ustensiles n\u00e9cessaires pour observer la nature et faire s\u00e9cher feuilles et fleurs.","og_url":"https:\/\/teiaeducation.ch\/fr\/produit\/valise-du-botaniste-moulin-roty\/","og_site_name":"Sustainable Educational Products &amp; Ecological Toys\u00a0","article_publisher":"https:\/\/www.facebook.com\/teiaeducation\/","article_modified_time":"2023-03-13T13:36:28+00:00","og_image":[{"width":1500,"height":1500,"url":"https:\/\/teiaeducation.ch\/wp-content\/uploads\/2021\/04\/Botanist-case-for-children-Moulin-Roty-Le-Jardin-du-Moulin.jpg","type":"image\/jpeg"}],"schema":{"@context":"https:\/\/schema.org","@graph":[{"@type":"WebPage","@id":"https:\/\/teiaeducation.ch\/fr\/produit\/valise-du-botaniste-moulin-roty\/","url":"https:\/\/teiaeducation.ch\/fr\/produit\/valise-du-botaniste-moulin-roty\/","name":"Valise du botaniste - Moulin Roty - Teia Education & Play","isPartOf":{"@id":"https:\/\/teiaeducation.ch\/fr\/#website"},"primaryImageOfPage":{"@id":"https:\/\/teiaeducation.ch\/fr\/produit\/valise-du-botaniste-moulin-roty\/#primaryimage"},"image":{"@id":"https:\/\/teiaeducation.ch\/fr\/produit\/valise-du-botaniste-moulin-roty\/#primaryimage"},"thumbnailUrl":"https:\/\/teiaeducation.ch\/wp-content\/uploads\/2021\/04\/Botanist-case-for-children-Moulin-Roty-Le-Jardin-du-Moulin.jpg","datePublished":"2021-04-13T14:30:35+00:00","dateModified":"2023-03-13T13:36:28+00:00","description":"La valise du botaniste Moulin Roty le jardin contient tous les ustensiles n\u00e9cessaires pour observer la nature et faire s\u00e9cher feuilles et fleurs.","breadcrumb":{"@id":"https:\/\/teiaeducation.ch\/fr\/produit\/valise-du-botaniste-moulin-roty\/#breadcrumb"},"inLanguage":"fr-FR","potentialAction":[{"@type":"ReadAction","target":["https:\/\/teiaeducation.ch\/fr\/produit\/valise-du-botaniste-moulin-roty\/"]}]},{"@type":"ImageObject","inLanguage":"fr-FR","@id":"https:\/\/teiaeducation.ch\/fr\/produit\/valise-du-botaniste-moulin-roty\/#primaryimage","url":"https:\/\/teiaeducation.ch\/wp-content\/uploads\/2021\/04\/Botanist-case-for-children-Moulin-Roty-Le-Jardin-du-Moulin.jpg","contentUrl":"https:\/\/teiaeducation.ch\/wp-content\/uploads\/2021\/04\/Botanist-case-for-children-Moulin-Roty-Le-Jardin-du-Moulin.jpg","width":1500,"height":1500,"caption":"Mallette du botaniste pour enfants - Moulin Roty Le Jardin du Moulin"},{"@type":"BreadcrumbList","@id":"https:\/\/teiaeducation.ch\/fr\/produit\/valise-du-botaniste-moulin-roty\/#breadcrumb","itemListElement":[{"@type":"ListItem","position":1,"name":"Home","item":"https:\/\/teiaeducation.ch\/fr\/"},{"@type":"ListItem","position":2,"name":"Boutique Teia Education &amp; Play","item":"https:\/\/teiaeducation.ch\/fr\/boutique\/"},{"@type":"ListItem","position":3,"name":"Nos Marques","item":"https:\/\/teiaeducation.ch\/fr\/categorie-produit\/marques\/"},{"@type":"ListItem","position":4,"name":"Moulin Roty","item":"https:\/\/teiaeducation.ch\/fr\/categorie-produit\/marques\/moulin-roty-fr\/"},{"@type":"ListItem","position":5,"name":"Valise du botaniste &#8211; Moulin Roty"}]},{"@type":"WebSite","@id":"https:\/\/teiaeducation.ch\/fr\/#website","url":"https:\/\/teiaeducation.ch\/fr\/","name":"Sustainable Educational Products &amp; Ecological Toys\u00a0","description":"Specialised Swiss shop selling sustainable educational toys and games, AMI certified Montessori materials, handmade ecological wooden Waldorf toys and arts &amp; crafts supplies, school supplies, children&#039;s furniture and Montessori reference and parenting books.","publisher":{"@id":"https:\/\/teiaeducation.ch\/fr\/#organization"},"alternateName":"Teia Education & Play","potentialAction":[{"@type":"SearchAction","target":{"@type":"EntryPoint","urlTemplate":"https:\/\/teiaeducation.ch\/fr\/?s={search_term_string}"},"query-input":{"@type":"PropertyValueSpecification","valueRequired":true,"valueName":"search_term_string"}}],"inLanguage":"fr-FR"},{"@type":"Organization","@id":"https:\/\/teiaeducation.ch\/fr\/#organization","name":"Teia Education & Play","url":"https:\/\/teiaeducation.ch\/fr\/","logo":{"@type":"ImageObject","inLanguage":"fr-FR","@id":"https:\/\/teiaeducation.ch\/fr\/#\/schema\/logo\/image\/","url":"https:\/\/teiaeducation.ch\/wp-content\/uploads\/2020\/11\/Teia-Education-Switzerland-e1620156442216.jpg","contentUrl":"https:\/\/teiaeducation.ch\/wp-content\/uploads\/2020\/11\/Teia-Education-Switzerland-e1620156442216.jpg","width":166,"height":145,"caption":"Teia Education & Play"},"image":{"@id":"https:\/\/teiaeducation.ch\/fr\/#\/schema\/logo\/image\/"},"sameAs":["https:\/\/www.facebook.com\/teiaeducation\/","https:\/\/x.com\/EducationTeia","https:\/\/www.instagram.com\/teia.education\/","https:\/\/www.linkedin.com\/company\/35501660","https:\/\/www.pinterest.ch\/TeiaEducation\/"]}]}},"_links":{"self":[{"href":"https:\/\/teiaeducation.ch\/fr\/wp-json\/wp\/v2\/product\/35419","targetHints":{"allow":["GET"]}}],"collection":[{"href":"https:\/\/teiaeducation.ch\/fr\/wp-json\/wp\/v2\/product"}],"about":[{"href":"https:\/\/teiaeducation.ch\/fr\/wp-json\/wp\/v2\/types\/product"}],"replies":[{"embeddable":true,"href":"https:\/\/teiaeducation.ch\/fr\/wp-json\/wp\/v2\/comments?post=35419"}],"wp:featuredmedia":[{"embeddable":true,"href":"https:\/\/teiaeducation.ch\/fr\/wp-json\/wp\/v2\/media\/35309"}],"wp:attachment":[{"href":"https:\/\/teiaeducation.ch\/fr\/wp-json\/wp\/v2\/media?parent=35419"}],"wp:term":[{"taxonomy":"product_brand","embeddable":true,"href":"https:\/\/teiaeducation.ch\/fr\/wp-json\/wp\/v2\/product_brand?post=35419"},{"taxonomy":"product_cat","embeddable":true,"href":"https:\/\/teiaeducation.ch\/fr\/wp-json\/wp\/v2\/product_cat?post=35419"},{"taxonomy":"product_tag","embeddable":true,"href":"https:\/\/teiaeducation.ch\/fr\/wp-json\/wp\/v2\/product_tag?post=35419"}],"curies":[{"name":"wp","href":"https:\/\/api.w.org\/{rel}","templated":true}]}}