{"id":35420,"date":"2021-04-13T15:09:50","date_gmt":"2021-04-13T13:09:50","guid":{"rendered":"https:\/\/teiaeducation.ch\/product\/memory-nature-moulin-roty\/"},"modified":"2024-05-24T11:03:53","modified_gmt":"2024-05-24T09:03:53","slug":"le-memo-de-la-nature-moulin-roty","status":"publish","type":"product","link":"https:\/\/teiaeducation.ch\/fr\/produit\/le-memo-de-la-nature-moulin-roty\/","title":{"rendered":"Le m\u00e9mo de la nature &#8211; Moulin Roty"},"content":{"rendered":"<p>Le jeu de m\u00e9mo\u00a0sur le th\u00e8me de la nature de Moulin Roty est un jeu d&#8217;enfant intemporel !<\/p>\n<p>Avec de belles illustrations sur le th\u00e8me de la flore et de la faune dans le style fran\u00e7ais charmant et fantaisiste qui a fait la renomm\u00e9e du Moulin Roty, les enfants peuvent apprendre le nom de nombreux animaux, oiseaux, fleurs et plantes tout en am\u00e9liorant leur m\u00e9moire, leur sens de l&#8217;observation et leur concentration.<\/p>\n<p>Parfait pour les jours de pluie et les soir\u00e9es en famille, ce joli jeu de m\u00e9moire de la collection &#8220;Le Jardin du Moulin&#8221; ne manquera pas d&#8217;inspirer les futurs jardiniers, botanistes et amoureux de la nature. Essaye d&#8217;\u00eatre le premier \u00e0 trouver les paires multiples le plus rapidement possible. Apr\u00e8s avoir \u00e9tal\u00e9 les cartes face cach\u00e9e, chaque joueur retourne deux cartes. S&#8217;ils sont identiques, le joueur les gagne, sinon il les retourne \u00e0 nouveau. Le but est de m\u00e9moriser le plus grand nombre de paires possible.<\/p>\n<p>Le jeu de m\u00e9mo de la nature Moulin Roty contient 72 cartes illustr\u00e9es en carton imprim\u00e9 de haute qualit\u00e9.<\/p>\n<p>Parfaite pour les petits jardiniers et <a href=\"https:\/\/teiaeducation.ch\/fr\/categorie-produit\/domaines-du-curriculum\/culture-sciences\/etudes-botaniques\/\">botanistes<\/a>, le m\u00e9mo de la nature\u00a0Moulin Roty fait partie de la merveilleuse collection &#8220;Le Jardin du Moulin&#8221;. Dans un univers illustr\u00e9 d&#8217;aquarelles, riche en <a href=\"https:\/\/teiaeducation.ch\/fr\/categorie-produit\/domaines-du-curriculum\/sensorielles-motrices\/apprendre-les-couleurs\/\">couleurs<\/a> et en <a href=\"https:\/\/teiaeducation.ch\/fr\/categorie-produit\/jouer\/animaux-fermes\/\">animaux<\/a> rigolos, la collection Jardin du Moulin offre tout ce qu&#8217;il faut pour initier les enfants \u00e0 la d\u00e9couverte de la nature, au fil des <a href=\"https:\/\/teiaeducation.ch\/fr\/categorie-produit\/domaines-du-curriculum\/culture-sciences\/saisons-meteo\/\">saisons<\/a>. Ils pourront devenir botanistes en observant et en jouant avec la faune et la flore. Mettre les mains dans la terre pour d\u00e9couvrir les secrets des fruits et l\u00e9gumes en devenant jardiniers. Ou enfin se mettre dans la peau d&#8217;un explorateur en partant \u00e0 la d\u00e9couverte de nouveaux horizons ! La collection propose de v\u00e9ritables outils pour mettre en pratique le savoir-faire de l&#8217;enfant au jardinage, mais aussi des jeux ludo-\u00e9ducatifs pour approfondir la connaissance de la nature et du <a href=\"https:\/\/teiaeducation.ch\/fr\/categorie-produit\/domaines-du-curriculum\/culture-sciences\/terre-et-univers\/\">monde<\/a> qui nous entoure !<\/p>\n<p><a href=\"https:\/\/teiaeducation.ch\/fr\/categorie-produit\/marques\/moulin-roty-fr\/\">Moulin Roty<\/a> est une marque Fran\u00e7aise bien connue pour la cr\u00e9ation de <a href=\"https:\/\/teiaeducation.ch\/fr\/categorie-produit\/jouer\/\">jouets<\/a> de belle qualit\u00e9 pour les enfants ayant une forte valeur \u00e9motionnelle. Chaque jouet est un vrai personnage qui raconte des histoires et est le fruit du travail et du d\u00e9vouement de l\u2019\u00e9quipe cr\u00e9ative de la marque. En passant entre les mains d\u2019une \u00e9quipe d\u2019illustrateurs et de stylistes au c\u0153ur du Moulin Roty, \u00e0 Nort-sur-Erdre, en France, chaque jouet a un monde avec des couleurs et des mat\u00e9riaux con\u00e7us sp\u00e9cifiquement pour lui.<\/p>\n<p>Chaque jouet est test\u00e9 et approuv\u00e9 par un laboratoire ind\u00e9pendant Fran\u00e7ais et tous les jouets de Moulin Roty sont conformes \u00e0 la norme europ\u00e9enne NF-EN71 et portent la marque CE. La plupart des tissus et mat\u00e9riaux utilis\u00e9s pour cr\u00e9er les jouets proviennent de France et d\u2019Europe pour leur cr\u00e9ativit\u00e9 et leur qualit\u00e9 technique, ainsi que leur non-toxicit\u00e9, et ont pass\u00e9 des tests rigoureux par Oeko-Tex.<\/p>\n<p>Le m\u00e9mo de la nature du Moulin Roty est recommand\u00e9 pour les enfants \u00e0 partir de 2 ans.<\/p>\n<p>Contenu :<\/p>\n<p>72 cartes illustr\u00e9es dans une bo\u00eete<\/p>\n","protected":false},"excerpt":{"rendered":"<p>Num\u00e9ro d&#8217;article: 712386<\/p>\n<p>Le jeu de m\u00e9mo\u00a0sur le th\u00e8me de la nature de Moulin Roty est un jeu d&#8217;enfant intemporel avec de belles illustrations sur le th\u00e8me de la flore et de la faune.<\/p>\n","protected":false},"featured_media":35303,"comment_status":"open","ping_status":"closed","template":"","meta":[],"product_brand":[],"product_cat":[215,285,18893,22344,284,283,593,592,17241,17239,21257,18913,13133,13130,16899,217,5851,212,612],"product_tag":[19139,19133,19138,19136,19134,19135,19137,19131,19132,18560,18342,18559],"class_list":{"0":"post-35420","1":"product","2":"type-product","3":"status-publish","4":"has-post-thumbnail","6":"product_cat-3-6-ans","7":"product_cat-alphabetisation-langage","8":"product_cat-collection-printemps","9":"product_cat-collections-saisonnieres","10":"product_cat-culture-sciences","11":"product_cat-domaines-du-curriculum","12":"product_cat-etudes-botaniques","13":"product_cat-geographie-animale","14":"product_cat-guide-cadeaux-3-6-ans","15":"product_cat-guide-cadeaux-educatifs","16":"product_cat-guides-cadeaux","17":"product_cat-jeu-de-la-nature","18":"product_cat-jeux-de-societe","19":"product_cat-jouer","20":"product_cat-moulin-roty-fr","21":"product_cat-marques","22":"product_cat-nouveautes","23":"product_cat-tranche-dage","24":"product_cat-vocabulaire-fr","25":"product_tag-jeu-de-memoire-sur-le-theme-de-la-nature-moulin-roty-le-jardin-du-moulin","26":"product_tag-jeu-du-lot-de-nature","27":"product_tag-jeux-de-loto-pour-enfants","28":"product_tag-jeux-de-societe-sur-la-faune-et-la-flore","29":"product_tag-jeux-pour-enfants-sur-le-theme-de-la-nature","30":"product_tag-le-jardin-du-moulin-collection-fr","31":"product_tag-loto-de-la-faune","32":"product_tag-loto-nature-de-moulin-roty","33":"product_tag-moulin-roty-le-jardin-du-moulin-fr","34":"product_tag-moulin-roty-suisse-fr-3","35":"product_tag-moulin-roty-suisse-fr","36":"product_tag-moulin-roty-suisse-fr-2","38":"first","39":"outofstock","40":"taxable","41":"shipping-taxable","42":"purchasable","43":"product-type-simple"},"yoast_head":"<!-- This site is optimized with the Yoast SEO Premium plugin v25.8 (Yoast SEO v27.4) - https:\/\/yoast.com\/product\/yoast-seo-premium-wordpress\/ -->\n<title>Le m\u00e9mo de la nature - Moulin Roty - Teia Education &amp; Play<\/title>\n<meta name=\"description\" content=\"Le jeu de m\u00e9mo\u00a0sur le th\u00e8me de la nature de Moulin Roty est un jeu d&#039;enfant intemporel avec de belles illustrations sur le th\u00e8me de la flore et de la faune.\" \/>\n<meta name=\"robots\" content=\"index, follow, max-snippet:-1, max-image-preview:large, max-video-preview:-1\" \/>\n<link rel=\"canonical\" href=\"https:\/\/teiaeducation.ch\/fr\/produit\/le-memo-de-la-nature-moulin-roty\/\" \/>\n<meta property=\"og:locale\" content=\"fr_FR\" \/>\n<meta property=\"og:type\" content=\"article\" \/>\n<meta property=\"og:title\" content=\"Le m\u00e9mo de la nature - Moulin Roty\" \/>\n<meta property=\"og:description\" content=\"Le jeu de m\u00e9mo\u00a0sur le th\u00e8me de la nature de Moulin Roty est un jeu d&#039;enfant intemporel avec de belles illustrations sur le th\u00e8me de la flore et de la faune.\" \/>\n<meta property=\"og:url\" content=\"https:\/\/teiaeducation.ch\/fr\/produit\/le-memo-de-la-nature-moulin-roty\/\" \/>\n<meta property=\"og:site_name\" content=\"Sustainable Educational Products &amp; Ecological Toys\u00a0\" \/>\n<meta property=\"article:publisher\" content=\"https:\/\/www.facebook.com\/teiaeducation\/\" \/>\n<meta property=\"article:modified_time\" content=\"2024-05-24T09:03:53+00:00\" \/>\n<meta property=\"og:image\" content=\"https:\/\/teiaeducation.ch\/wp-content\/uploads\/2021\/04\/Nature-themed-memory-game-Moulin-Roty-Le-Jardin-du-Moulin.jpg\" \/>\n\t<meta property=\"og:image:width\" content=\"800\" \/>\n\t<meta property=\"og:image:height\" content=\"800\" \/>\n\t<meta property=\"og:image:type\" content=\"image\/jpeg\" \/>\n<script type=\"application\/ld+json\" class=\"yoast-schema-graph\">{\"@context\":\"https:\\\/\\\/schema.org\",\"@graph\":[{\"@type\":\"WebPage\",\"@id\":\"https:\\\/\\\/teiaeducation.ch\\\/fr\\\/produit\\\/le-memo-de-la-nature-moulin-roty\\\/\",\"url\":\"https:\\\/\\\/teiaeducation.ch\\\/fr\\\/produit\\\/le-memo-de-la-nature-moulin-roty\\\/\",\"name\":\"Le m\u00e9mo de la nature - Moulin Roty - Teia Education & Play\",\"isPartOf\":{\"@id\":\"https:\\\/\\\/teiaeducation.ch\\\/fr\\\/#website\"},\"primaryImageOfPage\":{\"@id\":\"https:\\\/\\\/teiaeducation.ch\\\/fr\\\/produit\\\/le-memo-de-la-nature-moulin-roty\\\/#primaryimage\"},\"image\":{\"@id\":\"https:\\\/\\\/teiaeducation.ch\\\/fr\\\/produit\\\/le-memo-de-la-nature-moulin-roty\\\/#primaryimage\"},\"thumbnailUrl\":\"https:\\\/\\\/teiaeducation.ch\\\/wp-content\\\/uploads\\\/2021\\\/04\\\/Nature-themed-memory-game-Moulin-Roty-Le-Jardin-du-Moulin.jpg\",\"datePublished\":\"2021-04-13T13:09:50+00:00\",\"dateModified\":\"2024-05-24T09:03:53+00:00\",\"description\":\"Le jeu de m\u00e9mo\u00a0sur le th\u00e8me de la nature de Moulin Roty est un jeu d'enfant intemporel avec de belles illustrations sur le th\u00e8me de la flore et de la faune.\",\"breadcrumb\":{\"@id\":\"https:\\\/\\\/teiaeducation.ch\\\/fr\\\/produit\\\/le-memo-de-la-nature-moulin-roty\\\/#breadcrumb\"},\"inLanguage\":\"fr-FR\",\"potentialAction\":[{\"@type\":\"ReadAction\",\"target\":[\"https:\\\/\\\/teiaeducation.ch\\\/fr\\\/produit\\\/le-memo-de-la-nature-moulin-roty\\\/\"]}]},{\"@type\":\"ImageObject\",\"inLanguage\":\"fr-FR\",\"@id\":\"https:\\\/\\\/teiaeducation.ch\\\/fr\\\/produit\\\/le-memo-de-la-nature-moulin-roty\\\/#primaryimage\",\"url\":\"https:\\\/\\\/teiaeducation.ch\\\/wp-content\\\/uploads\\\/2021\\\/04\\\/Nature-themed-memory-game-Moulin-Roty-Le-Jardin-du-Moulin.jpg\",\"contentUrl\":\"https:\\\/\\\/teiaeducation.ch\\\/wp-content\\\/uploads\\\/2021\\\/04\\\/Nature-themed-memory-game-Moulin-Roty-Le-Jardin-du-Moulin.jpg\",\"width\":800,\"height\":800,\"caption\":\"Jeu de m\u00e9moire sur le th\u00e8me de la nature - Moulin Roty Le Jardin du Moulin\"},{\"@type\":\"BreadcrumbList\",\"@id\":\"https:\\\/\\\/teiaeducation.ch\\\/fr\\\/produit\\\/le-memo-de-la-nature-moulin-roty\\\/#breadcrumb\",\"itemListElement\":[{\"@type\":\"ListItem\",\"position\":1,\"name\":\"Home\",\"item\":\"https:\\\/\\\/teiaeducation.ch\\\/fr\\\/\"},{\"@type\":\"ListItem\",\"position\":2,\"name\":\"Boutique Teia Education &amp; Play\",\"item\":\"https:\\\/\\\/teiaeducation.ch\\\/fr\\\/boutique\\\/\"},{\"@type\":\"ListItem\",\"position\":3,\"name\":\"Domaines du Curriculum\",\"item\":\"https:\\\/\\\/teiaeducation.ch\\\/fr\\\/categorie-produit\\\/domaines-du-curriculum\\\/\"},{\"@type\":\"ListItem\",\"position\":4,\"name\":\"Culture &amp; Sciences\",\"item\":\"https:\\\/\\\/teiaeducation.ch\\\/fr\\\/categorie-produit\\\/domaines-du-curriculum\\\/culture-sciences\\\/\"},{\"@type\":\"ListItem\",\"position\":5,\"name\":\"\u00c9tudes Botaniques\",\"item\":\"https:\\\/\\\/teiaeducation.ch\\\/fr\\\/categorie-produit\\\/domaines-du-curriculum\\\/culture-sciences\\\/etudes-botaniques\\\/\"},{\"@type\":\"ListItem\",\"position\":6,\"name\":\"Le m\u00e9mo de la nature &#8211; Moulin Roty\"}]},{\"@type\":\"WebSite\",\"@id\":\"https:\\\/\\\/teiaeducation.ch\\\/fr\\\/#website\",\"url\":\"https:\\\/\\\/teiaeducation.ch\\\/fr\\\/\",\"name\":\"Sustainable Educational Products &amp; Ecological Toys\u00a0\",\"description\":\"Specialised Swiss shop selling sustainable educational toys and games, AMI certified Montessori materials, handmade ecological wooden Waldorf toys and arts &amp; crafts supplies, school supplies, children&#039;s furniture and Montessori reference and parenting books.\",\"publisher\":{\"@id\":\"https:\\\/\\\/teiaeducation.ch\\\/fr\\\/#organization\"},\"alternateName\":\"Teia Education & Play\",\"potentialAction\":[{\"@type\":\"SearchAction\",\"target\":{\"@type\":\"EntryPoint\",\"urlTemplate\":\"https:\\\/\\\/teiaeducation.ch\\\/fr\\\/?s={search_term_string}\"},\"query-input\":{\"@type\":\"PropertyValueSpecification\",\"valueRequired\":true,\"valueName\":\"search_term_string\"}}],\"inLanguage\":\"fr-FR\"},{\"@type\":\"Organization\",\"@id\":\"https:\\\/\\\/teiaeducation.ch\\\/fr\\\/#organization\",\"name\":\"Teia Education & Play\",\"url\":\"https:\\\/\\\/teiaeducation.ch\\\/fr\\\/\",\"logo\":{\"@type\":\"ImageObject\",\"inLanguage\":\"fr-FR\",\"@id\":\"https:\\\/\\\/teiaeducation.ch\\\/fr\\\/#\\\/schema\\\/logo\\\/image\\\/\",\"url\":\"https:\\\/\\\/teiaeducation.ch\\\/wp-content\\\/uploads\\\/2020\\\/11\\\/Teia-Education-Switzerland-e1620156442216.jpg\",\"contentUrl\":\"https:\\\/\\\/teiaeducation.ch\\\/wp-content\\\/uploads\\\/2020\\\/11\\\/Teia-Education-Switzerland-e1620156442216.jpg\",\"width\":166,\"height\":145,\"caption\":\"Teia Education & Play\"},\"image\":{\"@id\":\"https:\\\/\\\/teiaeducation.ch\\\/fr\\\/#\\\/schema\\\/logo\\\/image\\\/\"},\"sameAs\":[\"https:\\\/\\\/www.facebook.com\\\/teiaeducation\\\/\",\"https:\\\/\\\/x.com\\\/EducationTeia\",\"https:\\\/\\\/www.instagram.com\\\/teia.education\\\/\",\"https:\\\/\\\/www.linkedin.com\\\/company\\\/35501660\",\"https:\\\/\\\/www.pinterest.ch\\\/TeiaEducation\\\/\"]}]}<\/script>\n<meta property=\"product:price:amount\" content=\"22.90\" \/>\n<meta property=\"product:price:currency\" content=\"CHF\" \/>\n<meta property=\"og:availability\" content=\"out of stock\" \/>\n<meta property=\"product:availability\" content=\"out of stock\" \/>\n<meta property=\"product:retailer_item_id\" content=\"00000000000000000000000000000000000000000000035201\" \/>\n<meta property=\"product:condition\" content=\"new\" \/>\n<!-- \/ Yoast SEO Premium plugin. -->","yoast_head_json":{"title":"Le m\u00e9mo de la nature - Moulin Roty - Teia Education & Play","description":"Le jeu de m\u00e9mo\u00a0sur le th\u00e8me de la nature de Moulin Roty est un jeu d'enfant intemporel avec de belles illustrations sur le th\u00e8me de la flore et de la faune.","robots":{"index":"index","follow":"follow","max-snippet":"max-snippet:-1","max-image-preview":"max-image-preview:large","max-video-preview":"max-video-preview:-1"},"canonical":"https:\/\/teiaeducation.ch\/fr\/produit\/le-memo-de-la-nature-moulin-roty\/","og_locale":"fr_FR","og_type":"article","og_title":"Le m\u00e9mo de la nature - Moulin Roty","og_description":"Le jeu de m\u00e9mo\u00a0sur le th\u00e8me de la nature de Moulin Roty est un jeu d'enfant intemporel avec de belles illustrations sur le th\u00e8me de la flore et de la faune.","og_url":"https:\/\/teiaeducation.ch\/fr\/produit\/le-memo-de-la-nature-moulin-roty\/","og_site_name":"Sustainable Educational Products &amp; Ecological Toys\u00a0","article_publisher":"https:\/\/www.facebook.com\/teiaeducation\/","article_modified_time":"2024-05-24T09:03:53+00:00","og_image":[{"width":800,"height":800,"url":"https:\/\/teiaeducation.ch\/wp-content\/uploads\/2021\/04\/Nature-themed-memory-game-Moulin-Roty-Le-Jardin-du-Moulin.jpg","type":"image\/jpeg"}],"schema":{"@context":"https:\/\/schema.org","@graph":[{"@type":"WebPage","@id":"https:\/\/teiaeducation.ch\/fr\/produit\/le-memo-de-la-nature-moulin-roty\/","url":"https:\/\/teiaeducation.ch\/fr\/produit\/le-memo-de-la-nature-moulin-roty\/","name":"Le m\u00e9mo de la nature - Moulin Roty - Teia Education & Play","isPartOf":{"@id":"https:\/\/teiaeducation.ch\/fr\/#website"},"primaryImageOfPage":{"@id":"https:\/\/teiaeducation.ch\/fr\/produit\/le-memo-de-la-nature-moulin-roty\/#primaryimage"},"image":{"@id":"https:\/\/teiaeducation.ch\/fr\/produit\/le-memo-de-la-nature-moulin-roty\/#primaryimage"},"thumbnailUrl":"https:\/\/teiaeducation.ch\/wp-content\/uploads\/2021\/04\/Nature-themed-memory-game-Moulin-Roty-Le-Jardin-du-Moulin.jpg","datePublished":"2021-04-13T13:09:50+00:00","dateModified":"2024-05-24T09:03:53+00:00","description":"Le jeu de m\u00e9mo\u00a0sur le th\u00e8me de la nature de Moulin Roty est un jeu d'enfant intemporel avec de belles illustrations sur le th\u00e8me de la flore et de la faune.","breadcrumb":{"@id":"https:\/\/teiaeducation.ch\/fr\/produit\/le-memo-de-la-nature-moulin-roty\/#breadcrumb"},"inLanguage":"fr-FR","potentialAction":[{"@type":"ReadAction","target":["https:\/\/teiaeducation.ch\/fr\/produit\/le-memo-de-la-nature-moulin-roty\/"]}]},{"@type":"ImageObject","inLanguage":"fr-FR","@id":"https:\/\/teiaeducation.ch\/fr\/produit\/le-memo-de-la-nature-moulin-roty\/#primaryimage","url":"https:\/\/teiaeducation.ch\/wp-content\/uploads\/2021\/04\/Nature-themed-memory-game-Moulin-Roty-Le-Jardin-du-Moulin.jpg","contentUrl":"https:\/\/teiaeducation.ch\/wp-content\/uploads\/2021\/04\/Nature-themed-memory-game-Moulin-Roty-Le-Jardin-du-Moulin.jpg","width":800,"height":800,"caption":"Jeu de m\u00e9moire sur le th\u00e8me de la nature - Moulin Roty Le Jardin du Moulin"},{"@type":"BreadcrumbList","@id":"https:\/\/teiaeducation.ch\/fr\/produit\/le-memo-de-la-nature-moulin-roty\/#breadcrumb","itemListElement":[{"@type":"ListItem","position":1,"name":"Home","item":"https:\/\/teiaeducation.ch\/fr\/"},{"@type":"ListItem","position":2,"name":"Boutique Teia Education &amp; Play","item":"https:\/\/teiaeducation.ch\/fr\/boutique\/"},{"@type":"ListItem","position":3,"name":"Domaines du Curriculum","item":"https:\/\/teiaeducation.ch\/fr\/categorie-produit\/domaines-du-curriculum\/"},{"@type":"ListItem","position":4,"name":"Culture &amp; Sciences","item":"https:\/\/teiaeducation.ch\/fr\/categorie-produit\/domaines-du-curriculum\/culture-sciences\/"},{"@type":"ListItem","position":5,"name":"\u00c9tudes Botaniques","item":"https:\/\/teiaeducation.ch\/fr\/categorie-produit\/domaines-du-curriculum\/culture-sciences\/etudes-botaniques\/"},{"@type":"ListItem","position":6,"name":"Le m\u00e9mo de la nature &#8211; Moulin Roty"}]},{"@type":"WebSite","@id":"https:\/\/teiaeducation.ch\/fr\/#website","url":"https:\/\/teiaeducation.ch\/fr\/","name":"Sustainable Educational Products &amp; Ecological Toys\u00a0","description":"Specialised Swiss shop selling sustainable educational toys and games, AMI certified Montessori materials, handmade ecological wooden Waldorf toys and arts &amp; crafts supplies, school supplies, children&#039;s furniture and Montessori reference and parenting books.","publisher":{"@id":"https:\/\/teiaeducation.ch\/fr\/#organization"},"alternateName":"Teia Education & Play","potentialAction":[{"@type":"SearchAction","target":{"@type":"EntryPoint","urlTemplate":"https:\/\/teiaeducation.ch\/fr\/?s={search_term_string}"},"query-input":{"@type":"PropertyValueSpecification","valueRequired":true,"valueName":"search_term_string"}}],"inLanguage":"fr-FR"},{"@type":"Organization","@id":"https:\/\/teiaeducation.ch\/fr\/#organization","name":"Teia Education & Play","url":"https:\/\/teiaeducation.ch\/fr\/","logo":{"@type":"ImageObject","inLanguage":"fr-FR","@id":"https:\/\/teiaeducation.ch\/fr\/#\/schema\/logo\/image\/","url":"https:\/\/teiaeducation.ch\/wp-content\/uploads\/2020\/11\/Teia-Education-Switzerland-e1620156442216.jpg","contentUrl":"https:\/\/teiaeducation.ch\/wp-content\/uploads\/2020\/11\/Teia-Education-Switzerland-e1620156442216.jpg","width":166,"height":145,"caption":"Teia Education & Play"},"image":{"@id":"https:\/\/teiaeducation.ch\/fr\/#\/schema\/logo\/image\/"},"sameAs":["https:\/\/www.facebook.com\/teiaeducation\/","https:\/\/x.com\/EducationTeia","https:\/\/www.instagram.com\/teia.education\/","https:\/\/www.linkedin.com\/company\/35501660","https:\/\/www.pinterest.ch\/TeiaEducation\/"]}]},"product_price_amount":"22.90","product_price_currency":"CHF","og_availability":"out of stock","product_availability":"out of stock","product_retailer_item_id":"00000000000000000000000000000000000000000000035201","product_condition":"new"},"_links":{"self":[{"href":"https:\/\/teiaeducation.ch\/fr\/wp-json\/wp\/v2\/product\/35420","targetHints":{"allow":["GET"]}}],"collection":[{"href":"https:\/\/teiaeducation.ch\/fr\/wp-json\/wp\/v2\/product"}],"about":[{"href":"https:\/\/teiaeducation.ch\/fr\/wp-json\/wp\/v2\/types\/product"}],"replies":[{"embeddable":true,"href":"https:\/\/teiaeducation.ch\/fr\/wp-json\/wp\/v2\/comments?post=35420"}],"wp:featuredmedia":[{"embeddable":true,"href":"https:\/\/teiaeducation.ch\/fr\/wp-json\/wp\/v2\/media\/35303"}],"wp:attachment":[{"href":"https:\/\/teiaeducation.ch\/fr\/wp-json\/wp\/v2\/media?parent=35420"}],"wp:term":[{"taxonomy":"product_brand","embeddable":true,"href":"https:\/\/teiaeducation.ch\/fr\/wp-json\/wp\/v2\/product_brand?post=35420"},{"taxonomy":"product_cat","embeddable":true,"href":"https:\/\/teiaeducation.ch\/fr\/wp-json\/wp\/v2\/product_cat?post=35420"},{"taxonomy":"product_tag","embeddable":true,"href":"https:\/\/teiaeducation.ch\/fr\/wp-json\/wp\/v2\/product_tag?post=35420"}],"curies":[{"name":"wp","href":"https:\/\/api.w.org\/{rel}","templated":true}]}}