{"id":35421,"date":"2021-04-13T14:58:50","date_gmt":"2021-04-13T12:58:50","guid":{"rendered":"https:\/\/teiaeducation.ch\/product\/loto-nature-moulin-roty\/"},"modified":"2023-03-13T14:37:27","modified_gmt":"2023-03-13T13:37:27","slug":"le-loto-de-la-nature-moulin-roty","status":"publish","type":"product","link":"https:\/\/teiaeducation.ch\/fr\/produit\/le-loto-de-la-nature-moulin-roty\/","title":{"rendered":"Le loto de la nature &#8211; Moulin Roty"},"content":{"rendered":"<p>Le jeu de loto sur le th\u00e8me de la nature de Moulin Roty est un jeu d&#8217;enfant intemporel !<\/p>\n<p>Gr\u00e2ce \u00e0 de magnifiques illustrations de la faune et de la flore dans le style fran\u00e7ais charmant et fantaisiste qui a fait la r\u00e9putation de Moulin Roty, les enfants peuvent apprendre les noms de nombreux animaux, oiseaux, fleurs et plantes en fran\u00e7ais et en anglais, tout en am\u00e9liorant leurs capacit\u00e9s d&#8217;observation et de concentration.<\/p>\n<p>Parfait pour les jours de pluie et les soir\u00e9es en famille, ce joli jeu de loto de la collection &#8220;Le Jardin du Moulin&#8221; ne manquera pas d&#8217;inspirer les futurs jardiniers, botanistes et amoureux de la nature. Essaye d&#8217;\u00eatre le premier \u00e0 trouver toutes les cartes correspondantes pour ta planche en retournant une carte \u00e0 tour de r\u00f4le. Observe \u00e9galement les ajouts amusants aux illustrations, la canne \u00e0 p\u00eache du martin-p\u00eacheur et le parapluie du rouge-gorge donnent vraiment vie aux mignons personnages !<\/p>\n<p>Le jeu de loto de la nature de Moulin Roty contient 36 cartes illustr\u00e9es et 6 planches \u00e0 double face. La bo\u00eete mesure 22,5 x 12 x 4,5 cm et est fabriqu\u00e9 en carton imprim\u00e9 de haute qualit\u00e9.<\/p>\n<p>Parfaite pour les petits jardiniers et <a href=\"https:\/\/teiaeducation.ch\/fr\/categorie-produit\/domaines-du-curriculum\/culture-sciences\/etudes-botaniques\/\">botanistes<\/a>, le loto de la nature\u00a0Moulin Roty fait partie de la merveilleuse collection &#8220;Le Jardin du Moulin&#8221;. Dans un univers illustr\u00e9 d&#8217;aquarelles, riche en <a href=\"https:\/\/teiaeducation.ch\/fr\/categorie-produit\/domaines-du-curriculum\/sensorielles-motrices\/apprendre-les-couleurs\/\">couleurs<\/a> et en <a href=\"https:\/\/teiaeducation.ch\/fr\/categorie-produit\/jouer\/animaux-fermes\/\">animaux<\/a> rigolos, la collection Jardin du Moulin offre tout ce qu&#8217;il faut pour initier les enfants \u00e0 la d\u00e9couverte de la nature, au fil des <a href=\"https:\/\/teiaeducation.ch\/fr\/categorie-produit\/domaines-du-curriculum\/culture-sciences\/saisons-meteo\/\">saisons<\/a>. Ils pourront devenir botanistes en observant et en jouant avec la faune et la flore. Mettre les mains dans la terre pour d\u00e9couvrir les secrets des fruits et l\u00e9gumes en devenant jardiniers. Ou enfin se mettre dans la peau d&#8217;un explorateur en partant \u00e0 la d\u00e9couverte de nouveaux horizons ! La collection propose de v\u00e9ritables outils pour mettre en pratique le savoir-faire de l&#8217;enfant au jardinage, mais aussi des jeux ludo-\u00e9ducatifs pour approfondir la connaissance de la nature et du <a href=\"https:\/\/teiaeducation.ch\/fr\/categorie-produit\/domaines-du-curriculum\/culture-sciences\/terre-et-univers\/\">monde<\/a> qui nous entoure !<\/p>\n<p><a href=\"https:\/\/teiaeducation.ch\/fr\/categorie-produit\/marques\/moulin-roty-fr\/\">Moulin Roty<\/a> est une marque Fran\u00e7aise bien connue pour la cr\u00e9ation de <a href=\"https:\/\/teiaeducation.ch\/fr\/categorie-produit\/jouer\/\">jouets<\/a> de belle qualit\u00e9 pour les enfants ayant une forte valeur \u00e9motionnelle. Chaque jouet est un vrai personnage qui raconte des histoires et est le fruit du travail et du d\u00e9vouement de l\u2019\u00e9quipe cr\u00e9ative de la marque. En passant entre les mains d\u2019une \u00e9quipe d\u2019illustrateurs et de stylistes au c\u0153ur du Moulin Roty, \u00e0 Nort-sur-Erdre, en France, chaque jouet a un monde avec des couleurs et des mat\u00e9riaux con\u00e7us sp\u00e9cifiquement pour lui.<\/p>\n<p>Chaque jouet est test\u00e9 et approuv\u00e9 par un laboratoire ind\u00e9pendant Fran\u00e7ais et tous les jouets de Moulin Roty sont conformes \u00e0 la norme europ\u00e9enne NF-EN71 et portent la marque CE. La plupart des tissus et mat\u00e9riaux utilis\u00e9s pour cr\u00e9er les jouets proviennent de France et d\u2019Europe pour leur cr\u00e9ativit\u00e9 et leur qualit\u00e9 technique, ainsi que leur non-toxicit\u00e9, et ont pass\u00e9 des tests rigoureux par Oeko-Tex.<\/p>\n<p>Le jeu du loto de la nature de Moulin Roty est recommand\u00e9 aux enfants \u00e0 partir de 3 ans.<\/p>\n<p>Contenu :<\/p>\n<p>1 jeu de soci\u00e9t\u00e9 avec 36 cartes et 6 plateaux double face dans une bo\u00eete.<\/p>\n","protected":false},"excerpt":{"rendered":"<p>Num\u00e9ro d&#8217;article: 712387<\/p>\n<p>Le jeu de loto de la nature de Moulin Roty est un jeu d&#8217;enfant intemporel avec de belles illustrations sur le th\u00e8me de la flore et de la faune.<\/p>\n","protected":false},"featured_media":35204,"comment_status":"open","ping_status":"closed","template":"","meta":[],"product_brand":[],"product_cat":[215,285,16898,18893,22344,284,283,593,592,17241,17239,21257,22421,18913,13133,13130,23650,16899,217,5851,212,612],"product_tag":[19133,19138,19136,19134,19135,19137,19131,19132,18342,18559,18560],"class_list":{"0":"post-35421","1":"product","2":"type-product","3":"status-publish","4":"has-post-thumbnail","6":"product_cat-3-6-ans","7":"product_cat-alphabetisation-langage","8":"product_cat-collection-automne","9":"product_cat-collection-printemps","10":"product_cat-collections-saisonnieres","11":"product_cat-culture-sciences","12":"product_cat-domaines-du-curriculum","13":"product_cat-etudes-botaniques","14":"product_cat-geographie-animale","15":"product_cat-guide-cadeaux-3-6-ans","16":"product_cat-guide-cadeaux-educatifs","17":"product_cat-guides-cadeaux","18":"product_cat-idees-cadeaux-pour-paques","19":"product_cat-jeu-de-la-nature","20":"product_cat-jeux-de-societe","21":"product_cat-jouer","22":"product_cat-la-rentree-scolaire","23":"product_cat-moulin-roty-fr","24":"product_cat-marques","25":"product_cat-nouveautes","26":"product_cat-tranche-dage","27":"product_cat-vocabulaire-fr","28":"product_tag-jeu-du-lot-de-nature","29":"product_tag-jeux-de-loto-pour-enfants","30":"product_tag-jeux-de-societe-sur-la-faune-et-la-flore","31":"product_tag-jeux-pour-enfants-sur-le-theme-de-la-nature","32":"product_tag-le-jardin-du-moulin-collection-fr","33":"product_tag-loto-de-la-faune","34":"product_tag-loto-nature-de-moulin-roty","35":"product_tag-moulin-roty-le-jardin-du-moulin-fr","36":"product_tag-moulin-roty-suisse-fr","37":"product_tag-moulin-roty-suisse-fr-2","38":"product_tag-moulin-roty-suisse-fr-3","40":"first","41":"outofstock","42":"taxable","43":"shipping-taxable","44":"purchasable","45":"product-type-simple"},"yoast_head":"<!-- This site is optimized with the Yoast SEO plugin v27.1.1 - https:\/\/yoast.com\/product\/yoast-seo-wordpress\/ -->\n<title>Le loto de la nature - Moulin Roty - Teia Education &amp; Play<\/title>\n<meta name=\"description\" content=\"Le jeu de loto de la nature de Moulin Roty est un jeu d&#039;enfant intemporel avec de belles illustrations sur le th\u00e8me de la flore et de la faune.\" \/>\n<meta name=\"robots\" content=\"index, follow, max-snippet:-1, max-image-preview:large, max-video-preview:-1\" \/>\n<link rel=\"canonical\" href=\"https:\/\/teiaeducation.ch\/fr\/produit\/le-loto-de-la-nature-moulin-roty\/\" \/>\n<meta property=\"og:locale\" content=\"fr_FR\" \/>\n<meta property=\"og:type\" content=\"article\" \/>\n<meta property=\"og:title\" content=\"Le loto de la nature - Moulin Roty - Teia Education &amp; Play\" \/>\n<meta property=\"og:description\" content=\"Le jeu de loto de la nature de Moulin Roty est un jeu d&#039;enfant intemporel avec de belles illustrations sur le th\u00e8me de la flore et de la faune.\" \/>\n<meta property=\"og:url\" content=\"https:\/\/teiaeducation.ch\/fr\/produit\/le-loto-de-la-nature-moulin-roty\/\" \/>\n<meta property=\"og:site_name\" content=\"Sustainable Educational Products &amp; Ecological Toys\u00a0\" \/>\n<meta property=\"article:publisher\" content=\"https:\/\/www.facebook.com\/teiaeducation\/\" \/>\n<meta property=\"article:modified_time\" content=\"2023-03-13T13:37:27+00:00\" \/>\n<meta property=\"og:image\" content=\"https:\/\/teiaeducation.ch\/wp-content\/uploads\/2021\/04\/Nature-lotto-Moulin-Roty.jpg\" \/>\n\t<meta property=\"og:image:width\" content=\"800\" \/>\n\t<meta property=\"og:image:height\" content=\"800\" \/>\n\t<meta property=\"og:image:type\" content=\"image\/jpeg\" \/>\n<script type=\"application\/ld+json\" class=\"yoast-schema-graph\">{\"@context\":\"https:\/\/schema.org\",\"@graph\":[{\"@type\":\"WebPage\",\"@id\":\"https:\/\/teiaeducation.ch\/fr\/produit\/le-loto-de-la-nature-moulin-roty\/\",\"url\":\"https:\/\/teiaeducation.ch\/fr\/produit\/le-loto-de-la-nature-moulin-roty\/\",\"name\":\"Le loto de la nature - Moulin Roty - Teia Education & Play\",\"isPartOf\":{\"@id\":\"https:\/\/teiaeducation.ch\/fr\/#website\"},\"primaryImageOfPage\":{\"@id\":\"https:\/\/teiaeducation.ch\/fr\/produit\/le-loto-de-la-nature-moulin-roty\/#primaryimage\"},\"image\":{\"@id\":\"https:\/\/teiaeducation.ch\/fr\/produit\/le-loto-de-la-nature-moulin-roty\/#primaryimage\"},\"thumbnailUrl\":\"https:\/\/teiaeducation.ch\/wp-content\/uploads\/2021\/04\/Nature-lotto-Moulin-Roty.jpg\",\"datePublished\":\"2021-04-13T12:58:50+00:00\",\"dateModified\":\"2023-03-13T13:37:27+00:00\",\"description\":\"Le jeu de loto de la nature de Moulin Roty est un jeu d'enfant intemporel avec de belles illustrations sur le th\u00e8me de la flore et de la faune.\",\"breadcrumb\":{\"@id\":\"https:\/\/teiaeducation.ch\/fr\/produit\/le-loto-de-la-nature-moulin-roty\/#breadcrumb\"},\"inLanguage\":\"fr-FR\",\"potentialAction\":[{\"@type\":\"ReadAction\",\"target\":[\"https:\/\/teiaeducation.ch\/fr\/produit\/le-loto-de-la-nature-moulin-roty\/\"]}]},{\"@type\":\"ImageObject\",\"inLanguage\":\"fr-FR\",\"@id\":\"https:\/\/teiaeducation.ch\/fr\/produit\/le-loto-de-la-nature-moulin-roty\/#primaryimage\",\"url\":\"https:\/\/teiaeducation.ch\/wp-content\/uploads\/2021\/04\/Nature-lotto-Moulin-Roty.jpg\",\"contentUrl\":\"https:\/\/teiaeducation.ch\/wp-content\/uploads\/2021\/04\/Nature-lotto-Moulin-Roty.jpg\",\"width\":800,\"height\":800,\"caption\":\"Le Jardin du Moulin Jeu de loto sur le th\u00e8me de la nature - Moulin Roty\"},{\"@type\":\"BreadcrumbList\",\"@id\":\"https:\/\/teiaeducation.ch\/fr\/produit\/le-loto-de-la-nature-moulin-roty\/#breadcrumb\",\"itemListElement\":[{\"@type\":\"ListItem\",\"position\":1,\"name\":\"Home\",\"item\":\"https:\/\/teiaeducation.ch\/fr\/\"},{\"@type\":\"ListItem\",\"position\":2,\"name\":\"Boutique Teia Education &amp; Play\",\"item\":\"https:\/\/teiaeducation.ch\/fr\/boutique\/\"},{\"@type\":\"ListItem\",\"position\":3,\"name\":\"Nos Marques\",\"item\":\"https:\/\/teiaeducation.ch\/fr\/categorie-produit\/marques\/\"},{\"@type\":\"ListItem\",\"position\":4,\"name\":\"Moulin Roty\",\"item\":\"https:\/\/teiaeducation.ch\/fr\/categorie-produit\/marques\/moulin-roty-fr\/\"},{\"@type\":\"ListItem\",\"position\":5,\"name\":\"Le loto de la nature &#8211; Moulin Roty\"}]},{\"@type\":\"WebSite\",\"@id\":\"https:\/\/teiaeducation.ch\/fr\/#website\",\"url\":\"https:\/\/teiaeducation.ch\/fr\/\",\"name\":\"Sustainable Educational Products &amp; Ecological Toys\u00a0\",\"description\":\"Specialised Swiss shop selling sustainable educational toys and games, AMI certified Montessori materials, handmade ecological wooden Waldorf toys and arts &amp; crafts supplies, school supplies, children&#039;s furniture and Montessori reference and parenting books.\",\"publisher\":{\"@id\":\"https:\/\/teiaeducation.ch\/fr\/#organization\"},\"alternateName\":\"Teia Education & Play\",\"potentialAction\":[{\"@type\":\"SearchAction\",\"target\":{\"@type\":\"EntryPoint\",\"urlTemplate\":\"https:\/\/teiaeducation.ch\/fr\/?s={search_term_string}\"},\"query-input\":{\"@type\":\"PropertyValueSpecification\",\"valueRequired\":true,\"valueName\":\"search_term_string\"}}],\"inLanguage\":\"fr-FR\"},{\"@type\":\"Organization\",\"@id\":\"https:\/\/teiaeducation.ch\/fr\/#organization\",\"name\":\"Teia Education & Play\",\"url\":\"https:\/\/teiaeducation.ch\/fr\/\",\"logo\":{\"@type\":\"ImageObject\",\"inLanguage\":\"fr-FR\",\"@id\":\"https:\/\/teiaeducation.ch\/fr\/#\/schema\/logo\/image\/\",\"url\":\"https:\/\/teiaeducation.ch\/wp-content\/uploads\/2020\/11\/Teia-Education-Switzerland-e1620156442216.jpg\",\"contentUrl\":\"https:\/\/teiaeducation.ch\/wp-content\/uploads\/2020\/11\/Teia-Education-Switzerland-e1620156442216.jpg\",\"width\":166,\"height\":145,\"caption\":\"Teia Education & Play\"},\"image\":{\"@id\":\"https:\/\/teiaeducation.ch\/fr\/#\/schema\/logo\/image\/\"},\"sameAs\":[\"https:\/\/www.facebook.com\/teiaeducation\/\",\"https:\/\/x.com\/EducationTeia\",\"https:\/\/www.instagram.com\/teia.education\/\",\"https:\/\/www.linkedin.com\/company\/35501660\",\"https:\/\/www.pinterest.ch\/TeiaEducation\/\"]}]}<\/script>\n<!-- \/ Yoast SEO plugin. -->","yoast_head_json":{"title":"Le loto de la nature - Moulin Roty - Teia Education & Play","description":"Le jeu de loto de la nature de Moulin Roty est un jeu d'enfant intemporel avec de belles illustrations sur le th\u00e8me de la flore et de la faune.","robots":{"index":"index","follow":"follow","max-snippet":"max-snippet:-1","max-image-preview":"max-image-preview:large","max-video-preview":"max-video-preview:-1"},"canonical":"https:\/\/teiaeducation.ch\/fr\/produit\/le-loto-de-la-nature-moulin-roty\/","og_locale":"fr_FR","og_type":"article","og_title":"Le loto de la nature - Moulin Roty - Teia Education & Play","og_description":"Le jeu de loto de la nature de Moulin Roty est un jeu d'enfant intemporel avec de belles illustrations sur le th\u00e8me de la flore et de la faune.","og_url":"https:\/\/teiaeducation.ch\/fr\/produit\/le-loto-de-la-nature-moulin-roty\/","og_site_name":"Sustainable Educational Products &amp; Ecological Toys\u00a0","article_publisher":"https:\/\/www.facebook.com\/teiaeducation\/","article_modified_time":"2023-03-13T13:37:27+00:00","og_image":[{"width":800,"height":800,"url":"https:\/\/teiaeducation.ch\/wp-content\/uploads\/2021\/04\/Nature-lotto-Moulin-Roty.jpg","type":"image\/jpeg"}],"schema":{"@context":"https:\/\/schema.org","@graph":[{"@type":"WebPage","@id":"https:\/\/teiaeducation.ch\/fr\/produit\/le-loto-de-la-nature-moulin-roty\/","url":"https:\/\/teiaeducation.ch\/fr\/produit\/le-loto-de-la-nature-moulin-roty\/","name":"Le loto de la nature - Moulin Roty - Teia Education & Play","isPartOf":{"@id":"https:\/\/teiaeducation.ch\/fr\/#website"},"primaryImageOfPage":{"@id":"https:\/\/teiaeducation.ch\/fr\/produit\/le-loto-de-la-nature-moulin-roty\/#primaryimage"},"image":{"@id":"https:\/\/teiaeducation.ch\/fr\/produit\/le-loto-de-la-nature-moulin-roty\/#primaryimage"},"thumbnailUrl":"https:\/\/teiaeducation.ch\/wp-content\/uploads\/2021\/04\/Nature-lotto-Moulin-Roty.jpg","datePublished":"2021-04-13T12:58:50+00:00","dateModified":"2023-03-13T13:37:27+00:00","description":"Le jeu de loto de la nature de Moulin Roty est un jeu d'enfant intemporel avec de belles illustrations sur le th\u00e8me de la flore et de la faune.","breadcrumb":{"@id":"https:\/\/teiaeducation.ch\/fr\/produit\/le-loto-de-la-nature-moulin-roty\/#breadcrumb"},"inLanguage":"fr-FR","potentialAction":[{"@type":"ReadAction","target":["https:\/\/teiaeducation.ch\/fr\/produit\/le-loto-de-la-nature-moulin-roty\/"]}]},{"@type":"ImageObject","inLanguage":"fr-FR","@id":"https:\/\/teiaeducation.ch\/fr\/produit\/le-loto-de-la-nature-moulin-roty\/#primaryimage","url":"https:\/\/teiaeducation.ch\/wp-content\/uploads\/2021\/04\/Nature-lotto-Moulin-Roty.jpg","contentUrl":"https:\/\/teiaeducation.ch\/wp-content\/uploads\/2021\/04\/Nature-lotto-Moulin-Roty.jpg","width":800,"height":800,"caption":"Le Jardin du Moulin Jeu de loto sur le th\u00e8me de la nature - Moulin Roty"},{"@type":"BreadcrumbList","@id":"https:\/\/teiaeducation.ch\/fr\/produit\/le-loto-de-la-nature-moulin-roty\/#breadcrumb","itemListElement":[{"@type":"ListItem","position":1,"name":"Home","item":"https:\/\/teiaeducation.ch\/fr\/"},{"@type":"ListItem","position":2,"name":"Boutique Teia Education &amp; Play","item":"https:\/\/teiaeducation.ch\/fr\/boutique\/"},{"@type":"ListItem","position":3,"name":"Nos Marques","item":"https:\/\/teiaeducation.ch\/fr\/categorie-produit\/marques\/"},{"@type":"ListItem","position":4,"name":"Moulin Roty","item":"https:\/\/teiaeducation.ch\/fr\/categorie-produit\/marques\/moulin-roty-fr\/"},{"@type":"ListItem","position":5,"name":"Le loto de la nature &#8211; Moulin Roty"}]},{"@type":"WebSite","@id":"https:\/\/teiaeducation.ch\/fr\/#website","url":"https:\/\/teiaeducation.ch\/fr\/","name":"Sustainable Educational Products &amp; Ecological Toys\u00a0","description":"Specialised Swiss shop selling sustainable educational toys and games, AMI certified Montessori materials, handmade ecological wooden Waldorf toys and arts &amp; crafts supplies, school supplies, children&#039;s furniture and Montessori reference and parenting books.","publisher":{"@id":"https:\/\/teiaeducation.ch\/fr\/#organization"},"alternateName":"Teia Education & Play","potentialAction":[{"@type":"SearchAction","target":{"@type":"EntryPoint","urlTemplate":"https:\/\/teiaeducation.ch\/fr\/?s={search_term_string}"},"query-input":{"@type":"PropertyValueSpecification","valueRequired":true,"valueName":"search_term_string"}}],"inLanguage":"fr-FR"},{"@type":"Organization","@id":"https:\/\/teiaeducation.ch\/fr\/#organization","name":"Teia Education & Play","url":"https:\/\/teiaeducation.ch\/fr\/","logo":{"@type":"ImageObject","inLanguage":"fr-FR","@id":"https:\/\/teiaeducation.ch\/fr\/#\/schema\/logo\/image\/","url":"https:\/\/teiaeducation.ch\/wp-content\/uploads\/2020\/11\/Teia-Education-Switzerland-e1620156442216.jpg","contentUrl":"https:\/\/teiaeducation.ch\/wp-content\/uploads\/2020\/11\/Teia-Education-Switzerland-e1620156442216.jpg","width":166,"height":145,"caption":"Teia Education & Play"},"image":{"@id":"https:\/\/teiaeducation.ch\/fr\/#\/schema\/logo\/image\/"},"sameAs":["https:\/\/www.facebook.com\/teiaeducation\/","https:\/\/x.com\/EducationTeia","https:\/\/www.instagram.com\/teia.education\/","https:\/\/www.linkedin.com\/company\/35501660","https:\/\/www.pinterest.ch\/TeiaEducation\/"]}]}},"_links":{"self":[{"href":"https:\/\/teiaeducation.ch\/fr\/wp-json\/wp\/v2\/product\/35421","targetHints":{"allow":["GET"]}}],"collection":[{"href":"https:\/\/teiaeducation.ch\/fr\/wp-json\/wp\/v2\/product"}],"about":[{"href":"https:\/\/teiaeducation.ch\/fr\/wp-json\/wp\/v2\/types\/product"}],"replies":[{"embeddable":true,"href":"https:\/\/teiaeducation.ch\/fr\/wp-json\/wp\/v2\/comments?post=35421"}],"wp:featuredmedia":[{"embeddable":true,"href":"https:\/\/teiaeducation.ch\/fr\/wp-json\/wp\/v2\/media\/35204"}],"wp:attachment":[{"href":"https:\/\/teiaeducation.ch\/fr\/wp-json\/wp\/v2\/media?parent=35421"}],"wp:term":[{"taxonomy":"product_brand","embeddable":true,"href":"https:\/\/teiaeducation.ch\/fr\/wp-json\/wp\/v2\/product_brand?post=35421"},{"taxonomy":"product_cat","embeddable":true,"href":"https:\/\/teiaeducation.ch\/fr\/wp-json\/wp\/v2\/product_cat?post=35421"},{"taxonomy":"product_tag","embeddable":true,"href":"https:\/\/teiaeducation.ch\/fr\/wp-json\/wp\/v2\/product_tag?post=35421"}],"curies":[{"name":"wp","href":"https:\/\/api.w.org\/{rel}","templated":true}]}}