{"id":35422,"date":"2025-12-13T14:36:07","date_gmt":"2025-12-13T13:36:07","guid":{"rendered":"https:\/\/teiaeducation.ch\/product\/crayons-daquarelle-moulin-roty\/"},"modified":"2023-03-13T14:37:32","modified_gmt":"2023-03-13T13:37:32","slug":"la-boite-aquarelle-crayons-moulin-roty","status":"publish","type":"product","link":"https:\/\/teiaeducation.ch\/fr\/produit\/la-boite-aquarelle-crayons-moulin-roty\/","title":{"rendered":"La bo\u00eete crayons d&#8217;aquarelle &#8211; Moulin Roty"},"content":{"rendered":"<p>La jolie set de 24 crayons d&#8217;aquarelle de la collection le Jardin du Moulin Roty, dans une s\u00e9lection de <a href=\"https:\/\/teiaeducation.ch\/fr\/categorie-produit\/domaines-du-curriculum\/sensorielles-motrices\/apprendre-les-couleurs\/\">couleurs<\/a> naturelles, est pr\u00e9sent\u00e9e dans une bo\u00eete joliment illustr\u00e9e. Ces crayons peuvent \u00eatre utilis\u00e9s comme des crayons ordinaires, mais aussi comme des aquarelles avec un pinceau pour de superbes exp\u00e9riences de <a href=\"https:\/\/teiaeducation.ch\/fr\/categorie-produit\/creativite-beaux-arts-et-bricolage\/dessin-et-coloriage\/\">coloriage<\/a>. Un merveilleux ensemble d&#8217;outils cr\u00e9atifs et polyvalents pour les enfants dans le style fran\u00e7ais charmant et fantaisiste qui fait la renomm\u00e9e du Moulin Roty !<\/p>\n<p>Les enfants s&#8217;amuseront beaucoup \u00e0 colorier et \u00e0 explorer diff\u00e9rentes techniques d&#8217;aquarelle avec ces merveilleux crayons de haute qualit\u00e9. La bo\u00eete m\u00e9tallique illustr\u00e9e contenant les 24 crayons mesure 24 x 22 cm.<\/p>\n<p>Parfaite pour les petits jardiniers et <a href=\"https:\/\/teiaeducation.ch\/fr\/categorie-produit\/domaines-du-curriculum\/culture-sciences\/etudes-botaniques\/\">botanistes<\/a>, la boite crayons d&#8217;aquarelle de Moulin Roty fait partie de la merveilleuse collection &#8220;Le Jardin du Moulin&#8221;. Dans un univers illustr\u00e9 d&#8217;aquarelles, riche en <a href=\"https:\/\/teiaeducation.ch\/fr\/categorie-produit\/domaines-du-curriculum\/sensorielles-motrices\/apprendre-les-couleurs\/\">couleurs<\/a> et en <a href=\"https:\/\/teiaeducation.ch\/fr\/categorie-produit\/jouer\/animaux-fermes\/\">animaux<\/a> rigolos, la collection Jardin du Moulin offre tout ce qu&#8217;il faut pour initier les enfants \u00e0 la d\u00e9couverte de la nature, au fil des <a href=\"https:\/\/teiaeducation.ch\/fr\/categorie-produit\/domaines-du-curriculum\/culture-sciences\/saisons-meteo\/\">saisons<\/a>. Ils pourront devenir botanistes en observant et en jouant avec la faune et la flore. Mettre les mains dans la terre pour d\u00e9couvrir les secrets des fruits et l\u00e9gumes en devenant jardiniers. Ou enfin se mettre dans la peau d&#8217;un explorateur en partant \u00e0 la d\u00e9couverte de nouveaux horizons ! La collection propose de v\u00e9ritables outils pour mettre en pratique le savoir-faire de l&#8217;enfant au jardinage, mais aussi des jeux ludo-\u00e9ducatifs pour approfondir la connaissance de la nature et du <a href=\"https:\/\/teiaeducation.ch\/fr\/categorie-produit\/domaines-du-curriculum\/culture-sciences\/terre-et-univers\/\">monde<\/a> qui nous entoure !<\/p>\n<p><a href=\"https:\/\/teiaeducation.ch\/fr\/categorie-produit\/marques\/moulin-roty-fr\/\">Moulin Roty<\/a> est une marque Fran\u00e7aise bien connue pour la cr\u00e9ation de <a href=\"https:\/\/teiaeducation.ch\/fr\/categorie-produit\/jouer\/\">jouets<\/a> de belle qualit\u00e9 pour les enfants ayant une forte valeur \u00e9motionnelle. Chaque jouet est un vrai personnage qui raconte des histoires et est le fruit du travail et du d\u00e9vouement de l\u2019\u00e9quipe cr\u00e9ative de la marque. En passant entre les mains d\u2019une \u00e9quipe d\u2019illustrateurs et de stylistes au c\u0153ur du Moulin Roty, \u00e0 Nort-sur-Erdre, en France, chaque jouet a un monde avec des couleurs et des mat\u00e9riaux con\u00e7us sp\u00e9cifiquement pour lui.<\/p>\n<p>Chaque jouet est test\u00e9 et approuv\u00e9 par un laboratoire ind\u00e9pendant Fran\u00e7ais et tous les jouets de Moulin Roty sont conformes \u00e0 la norme europ\u00e9enne NF-EN71 et portent la marque CE. La plupart des tissus et mat\u00e9riaux utilis\u00e9s pour cr\u00e9er les jouets proviennent de France et d\u2019Europe pour leur cr\u00e9ativit\u00e9 et leur qualit\u00e9 technique, ainsi que leur non-toxicit\u00e9, et ont pass\u00e9 des tests rigoureux par Oeko-Tex.<\/p>\n<p>Le set de crayons d&#8217;aquarelle Moulin Roty est recommand\u00e9 pour les enfants \u00e0 partir de 4 ans.<\/p>\n<p>Contenu :<\/p>\n<p>24 crayons d&#8217;aquarelle<br \/>\n1 box for storage<\/p>\n","protected":false},"excerpt":{"rendered":"<p>Num\u00e9ro d&#8217;article: 712602<\/p>\n<p>Les crayons d&#8217;aquarelle dans une bo\u00eete de jardin du Moulin Roty peuvent \u00eatre utilis\u00e9s comme des crayons ordinaires, mais aussi comme des aquarelles !<\/p>\n","protected":false},"featured_media":35293,"comment_status":"open","ping_status":"closed","template":"","meta":[],"product_brand":[],"product_cat":[215,216,16898,22343,18893,22344,20247,17240,21257,13130,23650,13127,20268,16899,217,5851,24313,212],"product_tag":[19147,19144,19145,19146,19143,19141,19142,18342],"class_list":{"0":"post-35422","1":"product","2":"type-product","3":"status-publish","4":"has-post-thumbnail","6":"product_cat-3-6-ans","7":"product_cat-6-12-ans","8":"product_cat-collection-automne","9":"product_cat-collection-hiver","10":"product_cat-collection-printemps","11":"product_cat-collections-saisonnieres","12":"product_cat-dessin-et-coloriage","13":"product_cat-guide-cadeaux-creatif","14":"product_cat-guides-cadeaux","15":"product_cat-jouer","16":"product_cat-la-rentree-scolaire","17":"product_cat-creativite-beaux-arts-et-bricolage","18":"product_cat-materiel-de-peinture","19":"product_cat-moulin-roty-fr","20":"product_cat-marques","21":"product_cat-nouveautes","22":"product_cat-saint-valentin","23":"product_cat-tranche-dage","24":"product_tag-crayons-daquarelle-moulin-roty-le-jardin-du-moulin","25":"product_tag-livre-dautocollants-sur-le-jardin","26":"product_tag-livre-de-coloriage-du-jardin","27":"product_tag-livres-dautocollants-suisse","28":"product_tag-moulin-roty-garden-sticker-book-fr","29":"product_tag-moulin-roty-livre-dautocollants","30":"product_tag-moulin-roty-livre-dautocollants-sur-le-jardin","31":"product_tag-moulin-roty-suisse-fr","33":"first","34":"instock","35":"taxable","36":"shipping-taxable","37":"purchasable","38":"product-type-simple"},"yoast_head":"<!-- This site is optimized with the Yoast SEO plugin v27.1.1 - https:\/\/yoast.com\/product\/yoast-seo-wordpress\/ -->\n<title>La bo\u00eete crayons d&#039;aquarelle - Moulin Roty - Teia Education &amp; Play<\/title>\n<meta name=\"description\" content=\"Les crayons d&#039;aquarelle dans une bo\u00eete de jardin du Moulin Roty peuvent \u00eatre utilis\u00e9s comme des crayons ordinaires, mais aussi comme des aquarelles !\" \/>\n<meta name=\"robots\" content=\"index, follow, max-snippet:-1, max-image-preview:large, max-video-preview:-1\" \/>\n<link rel=\"canonical\" href=\"https:\/\/teiaeducation.ch\/fr\/produit\/la-boite-aquarelle-crayons-moulin-roty\/\" \/>\n<meta property=\"og:locale\" content=\"fr_FR\" \/>\n<meta property=\"og:type\" content=\"article\" \/>\n<meta property=\"og:title\" content=\"La bo\u00eete crayons d&#039;aquarelle - Moulin Roty - Teia Education &amp; Play\" \/>\n<meta property=\"og:description\" content=\"Les crayons d&#039;aquarelle dans une bo\u00eete de jardin du Moulin Roty peuvent \u00eatre utilis\u00e9s comme des crayons ordinaires, mais aussi comme des aquarelles !\" \/>\n<meta property=\"og:url\" content=\"https:\/\/teiaeducation.ch\/fr\/produit\/la-boite-aquarelle-crayons-moulin-roty\/\" \/>\n<meta property=\"og:site_name\" content=\"Sustainable Educational Products &amp; Ecological Toys\u00a0\" \/>\n<meta property=\"article:publisher\" content=\"https:\/\/www.facebook.com\/teiaeducation\/\" \/>\n<meta property=\"og:image\" content=\"https:\/\/teiaeducation.ch\/wp-content\/uploads\/2021\/04\/Watercolour-pencils-Moulin-Roty-Le-Jardin-du-Moulin.jpg\" \/>\n\t<meta property=\"og:image:width\" content=\"1500\" \/>\n\t<meta property=\"og:image:height\" content=\"1500\" \/>\n\t<meta property=\"og:image:type\" content=\"image\/jpeg\" \/>\n<script type=\"application\/ld+json\" class=\"yoast-schema-graph\">{\"@context\":\"https:\/\/schema.org\",\"@graph\":[{\"@type\":\"WebPage\",\"@id\":\"https:\/\/teiaeducation.ch\/fr\/produit\/la-boite-aquarelle-crayons-moulin-roty\/\",\"url\":\"https:\/\/teiaeducation.ch\/fr\/produit\/la-boite-aquarelle-crayons-moulin-roty\/\",\"name\":\"La bo\u00eete crayons d'aquarelle - Moulin Roty - Teia Education & Play\",\"isPartOf\":{\"@id\":\"https:\/\/teiaeducation.ch\/fr\/#website\"},\"primaryImageOfPage\":{\"@id\":\"https:\/\/teiaeducation.ch\/fr\/produit\/la-boite-aquarelle-crayons-moulin-roty\/#primaryimage\"},\"image\":{\"@id\":\"https:\/\/teiaeducation.ch\/fr\/produit\/la-boite-aquarelle-crayons-moulin-roty\/#primaryimage\"},\"thumbnailUrl\":\"https:\/\/teiaeducation.ch\/wp-content\/uploads\/2021\/04\/Watercolour-pencils-Moulin-Roty-Le-Jardin-du-Moulin.jpg\",\"datePublished\":\"2025-12-13T13:36:07+00:00\",\"description\":\"Les crayons d'aquarelle dans une bo\u00eete de jardin du Moulin Roty peuvent \u00eatre utilis\u00e9s comme des crayons ordinaires, mais aussi comme des aquarelles !\",\"breadcrumb\":{\"@id\":\"https:\/\/teiaeducation.ch\/fr\/produit\/la-boite-aquarelle-crayons-moulin-roty\/#breadcrumb\"},\"inLanguage\":\"fr-FR\",\"potentialAction\":[{\"@type\":\"ReadAction\",\"target\":[\"https:\/\/teiaeducation.ch\/fr\/produit\/la-boite-aquarelle-crayons-moulin-roty\/\"]}]},{\"@type\":\"ImageObject\",\"inLanguage\":\"fr-FR\",\"@id\":\"https:\/\/teiaeducation.ch\/fr\/produit\/la-boite-aquarelle-crayons-moulin-roty\/#primaryimage\",\"url\":\"https:\/\/teiaeducation.ch\/wp-content\/uploads\/2021\/04\/Watercolour-pencils-Moulin-Roty-Le-Jardin-du-Moulin.jpg\",\"contentUrl\":\"https:\/\/teiaeducation.ch\/wp-content\/uploads\/2021\/04\/Watercolour-pencils-Moulin-Roty-Le-Jardin-du-Moulin.jpg\",\"width\":1500,\"height\":1500,\"caption\":\"Crayons d'aquarelle Moulin Roty Le Jardin du Moulin\"},{\"@type\":\"BreadcrumbList\",\"@id\":\"https:\/\/teiaeducation.ch\/fr\/produit\/la-boite-aquarelle-crayons-moulin-roty\/#breadcrumb\",\"itemListElement\":[{\"@type\":\"ListItem\",\"position\":1,\"name\":\"Home\",\"item\":\"https:\/\/teiaeducation.ch\/fr\/\"},{\"@type\":\"ListItem\",\"position\":2,\"name\":\"Boutique Teia Education &amp; Play\",\"item\":\"https:\/\/teiaeducation.ch\/fr\/boutique\/\"},{\"@type\":\"ListItem\",\"position\":3,\"name\":\"Collections Saisonni\u00e8res\",\"item\":\"https:\/\/teiaeducation.ch\/fr\/categorie-produit\/collections-saisonnieres\/\"},{\"@type\":\"ListItem\",\"position\":4,\"name\":\"Collection Hiver\",\"item\":\"https:\/\/teiaeducation.ch\/fr\/categorie-produit\/collections-saisonnieres\/collection-hiver\/\"},{\"@type\":\"ListItem\",\"position\":5,\"name\":\"La bo\u00eete crayons d&#8217;aquarelle &#8211; Moulin Roty\"}]},{\"@type\":\"WebSite\",\"@id\":\"https:\/\/teiaeducation.ch\/fr\/#website\",\"url\":\"https:\/\/teiaeducation.ch\/fr\/\",\"name\":\"Sustainable Educational Products &amp; Ecological Toys\u00a0\",\"description\":\"Specialised Swiss shop selling sustainable educational toys and games, AMI certified Montessori materials, handmade ecological wooden Waldorf toys and arts &amp; crafts supplies, school supplies, children&#039;s furniture and Montessori reference and parenting books.\",\"publisher\":{\"@id\":\"https:\/\/teiaeducation.ch\/fr\/#organization\"},\"alternateName\":\"Teia Education & Play\",\"potentialAction\":[{\"@type\":\"SearchAction\",\"target\":{\"@type\":\"EntryPoint\",\"urlTemplate\":\"https:\/\/teiaeducation.ch\/fr\/?s={search_term_string}\"},\"query-input\":{\"@type\":\"PropertyValueSpecification\",\"valueRequired\":true,\"valueName\":\"search_term_string\"}}],\"inLanguage\":\"fr-FR\"},{\"@type\":\"Organization\",\"@id\":\"https:\/\/teiaeducation.ch\/fr\/#organization\",\"name\":\"Teia Education & Play\",\"url\":\"https:\/\/teiaeducation.ch\/fr\/\",\"logo\":{\"@type\":\"ImageObject\",\"inLanguage\":\"fr-FR\",\"@id\":\"https:\/\/teiaeducation.ch\/fr\/#\/schema\/logo\/image\/\",\"url\":\"https:\/\/teiaeducation.ch\/wp-content\/uploads\/2020\/11\/Teia-Education-Switzerland-e1620156442216.jpg\",\"contentUrl\":\"https:\/\/teiaeducation.ch\/wp-content\/uploads\/2020\/11\/Teia-Education-Switzerland-e1620156442216.jpg\",\"width\":166,\"height\":145,\"caption\":\"Teia Education & Play\"},\"image\":{\"@id\":\"https:\/\/teiaeducation.ch\/fr\/#\/schema\/logo\/image\/\"},\"sameAs\":[\"https:\/\/www.facebook.com\/teiaeducation\/\",\"https:\/\/x.com\/EducationTeia\",\"https:\/\/www.instagram.com\/teia.education\/\",\"https:\/\/www.linkedin.com\/company\/35501660\",\"https:\/\/www.pinterest.ch\/TeiaEducation\/\"]}]}<\/script>\n<!-- \/ Yoast SEO plugin. -->","yoast_head_json":{"title":"La bo\u00eete crayons d'aquarelle - Moulin Roty - Teia Education & Play","description":"Les crayons d'aquarelle dans une bo\u00eete de jardin du Moulin Roty peuvent \u00eatre utilis\u00e9s comme des crayons ordinaires, mais aussi comme des aquarelles !","robots":{"index":"index","follow":"follow","max-snippet":"max-snippet:-1","max-image-preview":"max-image-preview:large","max-video-preview":"max-video-preview:-1"},"canonical":"https:\/\/teiaeducation.ch\/fr\/produit\/la-boite-aquarelle-crayons-moulin-roty\/","og_locale":"fr_FR","og_type":"article","og_title":"La bo\u00eete crayons d'aquarelle - Moulin Roty - Teia Education & Play","og_description":"Les crayons d'aquarelle dans une bo\u00eete de jardin du Moulin Roty peuvent \u00eatre utilis\u00e9s comme des crayons ordinaires, mais aussi comme des aquarelles !","og_url":"https:\/\/teiaeducation.ch\/fr\/produit\/la-boite-aquarelle-crayons-moulin-roty\/","og_site_name":"Sustainable Educational Products &amp; Ecological Toys\u00a0","article_publisher":"https:\/\/www.facebook.com\/teiaeducation\/","og_image":[{"width":1500,"height":1500,"url":"https:\/\/teiaeducation.ch\/wp-content\/uploads\/2021\/04\/Watercolour-pencils-Moulin-Roty-Le-Jardin-du-Moulin.jpg","type":"image\/jpeg"}],"schema":{"@context":"https:\/\/schema.org","@graph":[{"@type":"WebPage","@id":"https:\/\/teiaeducation.ch\/fr\/produit\/la-boite-aquarelle-crayons-moulin-roty\/","url":"https:\/\/teiaeducation.ch\/fr\/produit\/la-boite-aquarelle-crayons-moulin-roty\/","name":"La bo\u00eete crayons d'aquarelle - Moulin Roty - Teia Education & Play","isPartOf":{"@id":"https:\/\/teiaeducation.ch\/fr\/#website"},"primaryImageOfPage":{"@id":"https:\/\/teiaeducation.ch\/fr\/produit\/la-boite-aquarelle-crayons-moulin-roty\/#primaryimage"},"image":{"@id":"https:\/\/teiaeducation.ch\/fr\/produit\/la-boite-aquarelle-crayons-moulin-roty\/#primaryimage"},"thumbnailUrl":"https:\/\/teiaeducation.ch\/wp-content\/uploads\/2021\/04\/Watercolour-pencils-Moulin-Roty-Le-Jardin-du-Moulin.jpg","datePublished":"2025-12-13T13:36:07+00:00","description":"Les crayons d'aquarelle dans une bo\u00eete de jardin du Moulin Roty peuvent \u00eatre utilis\u00e9s comme des crayons ordinaires, mais aussi comme des aquarelles !","breadcrumb":{"@id":"https:\/\/teiaeducation.ch\/fr\/produit\/la-boite-aquarelle-crayons-moulin-roty\/#breadcrumb"},"inLanguage":"fr-FR","potentialAction":[{"@type":"ReadAction","target":["https:\/\/teiaeducation.ch\/fr\/produit\/la-boite-aquarelle-crayons-moulin-roty\/"]}]},{"@type":"ImageObject","inLanguage":"fr-FR","@id":"https:\/\/teiaeducation.ch\/fr\/produit\/la-boite-aquarelle-crayons-moulin-roty\/#primaryimage","url":"https:\/\/teiaeducation.ch\/wp-content\/uploads\/2021\/04\/Watercolour-pencils-Moulin-Roty-Le-Jardin-du-Moulin.jpg","contentUrl":"https:\/\/teiaeducation.ch\/wp-content\/uploads\/2021\/04\/Watercolour-pencils-Moulin-Roty-Le-Jardin-du-Moulin.jpg","width":1500,"height":1500,"caption":"Crayons d'aquarelle Moulin Roty Le Jardin du Moulin"},{"@type":"BreadcrumbList","@id":"https:\/\/teiaeducation.ch\/fr\/produit\/la-boite-aquarelle-crayons-moulin-roty\/#breadcrumb","itemListElement":[{"@type":"ListItem","position":1,"name":"Home","item":"https:\/\/teiaeducation.ch\/fr\/"},{"@type":"ListItem","position":2,"name":"Boutique Teia Education &amp; Play","item":"https:\/\/teiaeducation.ch\/fr\/boutique\/"},{"@type":"ListItem","position":3,"name":"Collections Saisonni\u00e8res","item":"https:\/\/teiaeducation.ch\/fr\/categorie-produit\/collections-saisonnieres\/"},{"@type":"ListItem","position":4,"name":"Collection Hiver","item":"https:\/\/teiaeducation.ch\/fr\/categorie-produit\/collections-saisonnieres\/collection-hiver\/"},{"@type":"ListItem","position":5,"name":"La bo\u00eete crayons d&#8217;aquarelle &#8211; Moulin Roty"}]},{"@type":"WebSite","@id":"https:\/\/teiaeducation.ch\/fr\/#website","url":"https:\/\/teiaeducation.ch\/fr\/","name":"Sustainable Educational Products &amp; Ecological Toys\u00a0","description":"Specialised Swiss shop selling sustainable educational toys and games, AMI certified Montessori materials, handmade ecological wooden Waldorf toys and arts &amp; crafts supplies, school supplies, children&#039;s furniture and Montessori reference and parenting books.","publisher":{"@id":"https:\/\/teiaeducation.ch\/fr\/#organization"},"alternateName":"Teia Education & Play","potentialAction":[{"@type":"SearchAction","target":{"@type":"EntryPoint","urlTemplate":"https:\/\/teiaeducation.ch\/fr\/?s={search_term_string}"},"query-input":{"@type":"PropertyValueSpecification","valueRequired":true,"valueName":"search_term_string"}}],"inLanguage":"fr-FR"},{"@type":"Organization","@id":"https:\/\/teiaeducation.ch\/fr\/#organization","name":"Teia Education & Play","url":"https:\/\/teiaeducation.ch\/fr\/","logo":{"@type":"ImageObject","inLanguage":"fr-FR","@id":"https:\/\/teiaeducation.ch\/fr\/#\/schema\/logo\/image\/","url":"https:\/\/teiaeducation.ch\/wp-content\/uploads\/2020\/11\/Teia-Education-Switzerland-e1620156442216.jpg","contentUrl":"https:\/\/teiaeducation.ch\/wp-content\/uploads\/2020\/11\/Teia-Education-Switzerland-e1620156442216.jpg","width":166,"height":145,"caption":"Teia Education & Play"},"image":{"@id":"https:\/\/teiaeducation.ch\/fr\/#\/schema\/logo\/image\/"},"sameAs":["https:\/\/www.facebook.com\/teiaeducation\/","https:\/\/x.com\/EducationTeia","https:\/\/www.instagram.com\/teia.education\/","https:\/\/www.linkedin.com\/company\/35501660","https:\/\/www.pinterest.ch\/TeiaEducation\/"]}]}},"_links":{"self":[{"href":"https:\/\/teiaeducation.ch\/fr\/wp-json\/wp\/v2\/product\/35422","targetHints":{"allow":["GET"]}}],"collection":[{"href":"https:\/\/teiaeducation.ch\/fr\/wp-json\/wp\/v2\/product"}],"about":[{"href":"https:\/\/teiaeducation.ch\/fr\/wp-json\/wp\/v2\/types\/product"}],"replies":[{"embeddable":true,"href":"https:\/\/teiaeducation.ch\/fr\/wp-json\/wp\/v2\/comments?post=35422"}],"wp:featuredmedia":[{"embeddable":true,"href":"https:\/\/teiaeducation.ch\/fr\/wp-json\/wp\/v2\/media\/35293"}],"wp:attachment":[{"href":"https:\/\/teiaeducation.ch\/fr\/wp-json\/wp\/v2\/media?parent=35422"}],"wp:term":[{"taxonomy":"product_brand","embeddable":true,"href":"https:\/\/teiaeducation.ch\/fr\/wp-json\/wp\/v2\/product_brand?post=35422"},{"taxonomy":"product_cat","embeddable":true,"href":"https:\/\/teiaeducation.ch\/fr\/wp-json\/wp\/v2\/product_cat?post=35422"},{"taxonomy":"product_tag","embeddable":true,"href":"https:\/\/teiaeducation.ch\/fr\/wp-json\/wp\/v2\/product_tag?post=35422"}],"curies":[{"name":"wp","href":"https:\/\/api.w.org\/{rel}","templated":true}]}}