{"id":35475,"date":"2021-04-21T15:19:05","date_gmt":"2021-04-21T13:19:05","guid":{"rendered":"https:\/\/teiaeducation.ch\/?post_type=product&#038;p=35475"},"modified":"2022-03-10T09:51:52","modified_gmt":"2022-03-10T08:51:52","slug":"livre-anniversaire-celebrations-for-everyone-ann-druitt-christine-fynes-clinton","status":"publish","type":"product","link":"https:\/\/teiaeducation.ch\/fr\/produit\/livre-anniversaire-celebrations-for-everyone-ann-druitt-christine-fynes-clinton\/","title":{"rendered":"Livre d&#8217;anniversaires: celebrations for everyone &#8211; Ann Druitt &amp; Christine Fynes-Clinton"},"content":{"rendered":"<div class=\"Rte\">\n<p>Le livre d&#8217;anniversaires celebrations for everyone (Waldorf festivals and the seasons) by Ann Druitt &amp; Christine Fynes-Clinton \/ Des f\u00eates d&#8217;anniversaire pour tous (F\u00eates Waldorf et saisons) par Ann Druitt &amp; Christine Fynes-Clinton<\/p>\n<p>Birthday book <a href=\"https:\/\/teiaeducation.ch\/fr\/categorie-produit\/celebrations-fr\/\">celebrations<\/a> for everyone est un beau livre d&#8217;Ann Druitt et Christine Fynes-Clinton avec des id\u00e9es r\u00e9fl\u00e9chies d&#8217;inspiration Waldorf et traditionnelles pour organiser une f\u00eate d&#8217;anniversaire et \u00e9tablir de nouveaux rituels pour tous les \u00e2ges !<\/p>\n<p>Que vous organisiez une f\u00eate d&#8217;anniversaire pour des enfants, des adolescents ou des personnes \u00e2g\u00e9es, le livre des anniversaires permet de comprendre l&#8217;importance \u00e9motionnelle d&#8217;un anniversaire, les jours de naissance et le contexte de l&#8217;origine de la f\u00eate. Il a \u00e9t\u00e9 \u00e9crit &#8220;pour les nombreuses personnes qui souhaitent trouver des moyens d&#8217;apporter de la beaut\u00e9, du sens et une touche de magie \u00e0 la c\u00e9l\u00e9bration des anniversaires&#8221;.<\/p>\n<p>Ce livre indispensable est tr\u00e8s d\u00e9taill\u00e9 et regorge de recettes, d&#8217;histoires, de chansons, de jeux, ainsi que d&#8217;id\u00e9es de cartes d&#8217;invitation, de d\u00e9corations et de cadeaux. \u00c9galement pour des c\u00e9l\u00e9brations inhabituelles, pour ceux qui f\u00eatent un anniversaire en vacances, malades au lit, \u00e0 No\u00ebl ou pour les jours de pluie. Vous apprendrez \u00e9galement comment donner un sens \u00e0 d&#8217;autres types de c\u00e9l\u00e9brations, comme les festivals et les saisons, et les rendre m\u00e9morables.<\/p>\n<p>M\u00eame les traditions d&#8217;anniversaire du monde entier, telles que les traditions chinoises, musulmanes, hindoues, et bien d&#8217;autres encore, sont mises en avant. Le livre est parsem\u00e9 de citations d&#8217;anniversaires c\u00e9l\u00e8bres et d&#8217;anecdotes historiques amusantes.<\/p>\n<p>Le livre d&#8217;anniversaire celebrations for everyone (festivals and the seasons) est publi\u00e9 par Hawthorn Press et contient de belles illustrations de Marije Rowling.<\/p>\n<p>Ann Druitt a \u00e9t\u00e9 form\u00e9e comme artiste et \u00e9ducatrice pour adultes et partage son temps entre l&#8217;enseignement et l&#8217;\u00e9criture. Elle est l&#8217;auteure des douze histoires qui compl\u00e8tent l&#8217;ann\u00e9e des enfants, un ouvrage de r\u00e9f\u00e9rence pour la c\u00e9l\u00e9bration des <a href=\"https:\/\/teiaeducation.ch\/product\/all-year-round-a-calendar-of-celebrations-ann-druitt-christine-fynes-clinton\/\">f\u00eates<\/a> tout au long de l&#8217;ann\u00e9e, co\u00e9crit avec Christine Fynes-Clinton et illustr\u00e9 par Marije Rowling. Avec la m\u00eame \u00e9quipe, elle a \u00e9galement \u00e9crit les livres birthday book and all year round (anniversaires et toute l&#8217;ann\u00e9e), deux piliers de la s\u00e9rie Festivals de Hawthorn.<\/p>\n<p>Christine Fynes-Clinton travaille comme professeur de musique et cr\u00e9atrice de poup\u00e9es et anime des ateliers sur les festivals et la vie de famille.<\/p>\n<p>Marije Rowling est artiste et professeur d&#8217;art.<\/p>\n<p>Contenu:<\/p>\n<p>1 livre broch\u00e9 en anglais, 244 pages.<\/p>\n<\/div>\n","protected":false},"excerpt":{"rendered":"<p>Num\u00e9ro d&#8217;article: 1706824<\/p>\n<p>Le livre d&#8217;anniversaire celebrations for everyone d&#8217;Ann Druitt et Christine Fynes-Clinton contient des id\u00e9es de f\u00eates traditionnelles et inspir\u00e9es de Waldorf !<\/p>\n","protected":false},"featured_media":53503,"comment_status":"open","ping_status":"closed","template":"","meta":[],"product_brand":[],"product_cat":[208,215,216,22346,16898,17225,18893,284,283,596,19226,1220,311,22034,18912,20662,20668,7595,217,5851,292,212,1219],"product_tag":[22593,22594,22590,22591,22592],"class_list":{"0":"post-35475","1":"product","2":"type-product","3":"status-publish","4":"has-post-thumbnail","6":"product_cat-1-3-ans","7":"product_cat-3-6-ans","8":"product_cat-6-12-ans","9":"product_cat-anniversaires","10":"product_cat-collection-automne","11":"product_cat-celebrations-fr","12":"product_cat-collection-printemps","13":"product_cat-culture-sciences","14":"product_cat-domaines-du-curriculum","15":"product_cat-geographie-humaine-culture","16":"product_cat-hawthorn-press-fr","17":"product_cat-traditionnelle","18":"product_cat-livres-appui-au-curriculum","19":"product_cat-livres-de-saisons-et-de-celebrations","20":"product_cat-livres-pour-enfants","21":"product_cat-livres-saisonniers","22":"product_cat-livres-waldorf-steiner","23":"product_cat-methode-deducation","24":"product_cat-marques","25":"product_cat-nouveautes","26":"product_cat-appui-au-curriculum","27":"product_cat-tranche-dage","28":"product_cat-waldorf-fr","29":"product_tag-ann-druitt-fr","30":"product_tag-christine-fynes-clinton-fr","31":"product_tag-livre-danniversaire-celebrations-for-everyone-festivals-and-the-seasons-by-ann-druitt-christine-fynes-clinton","32":"product_tag-livre-danniversaires","33":"product_tag-waldorf-celebrations-livre","35":"first","36":"instock","37":"taxable","38":"shipping-taxable","39":"purchasable","40":"product-type-simple"},"yoast_head":"<!-- This site is optimized with the Yoast SEO plugin v27.3 - https:\/\/yoast.com\/product\/yoast-seo-wordpress\/ -->\n<title>Livre d&#039;anniversaires Waldorf celebrations for everyone<\/title>\n<meta name=\"description\" content=\"Le livre d&#039;anniversaires celebrations for everyone d&#039;Ann Druitt et Christine Fynes-Clinton contient des id\u00e9es de f\u00eates traditionnelles et Waldorf !\" \/>\n<meta name=\"robots\" content=\"index, follow, max-snippet:-1, max-image-preview:large, max-video-preview:-1\" \/>\n<link rel=\"canonical\" href=\"https:\/\/teiaeducation.ch\/fr\/produit\/livre-anniversaire-celebrations-for-everyone-ann-druitt-christine-fynes-clinton\/\" \/>\n<meta property=\"og:locale\" content=\"fr_FR\" \/>\n<meta property=\"og:type\" content=\"article\" \/>\n<meta property=\"og:title\" content=\"Livre d&#039;anniversaires Waldorf celebrations for everyone\" \/>\n<meta property=\"og:description\" content=\"Le livre d&#039;anniversaires celebrations for everyone d&#039;Ann Druitt et Christine Fynes-Clinton contient des id\u00e9es de f\u00eates traditionnelles et Waldorf !\" \/>\n<meta property=\"og:url\" content=\"https:\/\/teiaeducation.ch\/fr\/produit\/livre-anniversaire-celebrations-for-everyone-ann-druitt-christine-fynes-clinton\/\" \/>\n<meta property=\"og:site_name\" content=\"Sustainable Educational Products &amp; Ecological Toys\u00a0\" \/>\n<meta property=\"article:publisher\" content=\"https:\/\/www.facebook.com\/teiaeducation\/\" \/>\n<meta property=\"article:modified_time\" content=\"2022-03-10T08:51:52+00:00\" \/>\n<meta property=\"og:image\" content=\"https:\/\/teiaeducation.ch\/wp-content\/uploads\/2021\/04\/Birthday-book-celebrations-for-everyone-Waldorf-festivals-and-the-seasons-by-Ann-Druitt-Christine-Fynes-Clinton-1.jpg\" \/>\n\t<meta property=\"og:image:width\" content=\"858\" \/>\n\t<meta property=\"og:image:height\" content=\"1000\" \/>\n\t<meta property=\"og:image:type\" content=\"image\/jpeg\" \/>\n<script type=\"application\/ld+json\" class=\"yoast-schema-graph\">{\"@context\":\"https:\\\/\\\/schema.org\",\"@graph\":[{\"@type\":\"WebPage\",\"@id\":\"https:\\\/\\\/teiaeducation.ch\\\/fr\\\/produit\\\/livre-anniversaire-celebrations-for-everyone-ann-druitt-christine-fynes-clinton\\\/\",\"url\":\"https:\\\/\\\/teiaeducation.ch\\\/fr\\\/produit\\\/livre-anniversaire-celebrations-for-everyone-ann-druitt-christine-fynes-clinton\\\/\",\"name\":\"Livre d'anniversaires Waldorf celebrations for everyone\",\"isPartOf\":{\"@id\":\"https:\\\/\\\/teiaeducation.ch\\\/fr\\\/#website\"},\"primaryImageOfPage\":{\"@id\":\"https:\\\/\\\/teiaeducation.ch\\\/fr\\\/produit\\\/livre-anniversaire-celebrations-for-everyone-ann-druitt-christine-fynes-clinton\\\/#primaryimage\"},\"image\":{\"@id\":\"https:\\\/\\\/teiaeducation.ch\\\/fr\\\/produit\\\/livre-anniversaire-celebrations-for-everyone-ann-druitt-christine-fynes-clinton\\\/#primaryimage\"},\"thumbnailUrl\":\"https:\\\/\\\/teiaeducation.ch\\\/wp-content\\\/uploads\\\/2021\\\/04\\\/Birthday-book-celebrations-for-everyone-Waldorf-festivals-and-the-seasons-by-Ann-Druitt-Christine-Fynes-Clinton-1.jpg\",\"datePublished\":\"2021-04-21T13:19:05+00:00\",\"dateModified\":\"2022-03-10T08:51:52+00:00\",\"description\":\"Le livre d'anniversaires celebrations for everyone d'Ann Druitt et Christine Fynes-Clinton contient des id\u00e9es de f\u00eates traditionnelles et Waldorf !\",\"breadcrumb\":{\"@id\":\"https:\\\/\\\/teiaeducation.ch\\\/fr\\\/produit\\\/livre-anniversaire-celebrations-for-everyone-ann-druitt-christine-fynes-clinton\\\/#breadcrumb\"},\"inLanguage\":\"fr-FR\",\"potentialAction\":[{\"@type\":\"ReadAction\",\"target\":[\"https:\\\/\\\/teiaeducation.ch\\\/fr\\\/produit\\\/livre-anniversaire-celebrations-for-everyone-ann-druitt-christine-fynes-clinton\\\/\"]}]},{\"@type\":\"ImageObject\",\"inLanguage\":\"fr-FR\",\"@id\":\"https:\\\/\\\/teiaeducation.ch\\\/fr\\\/produit\\\/livre-anniversaire-celebrations-for-everyone-ann-druitt-christine-fynes-clinton\\\/#primaryimage\",\"url\":\"https:\\\/\\\/teiaeducation.ch\\\/wp-content\\\/uploads\\\/2021\\\/04\\\/Birthday-book-celebrations-for-everyone-Waldorf-festivals-and-the-seasons-by-Ann-Druitt-Christine-Fynes-Clinton-1.jpg\",\"contentUrl\":\"https:\\\/\\\/teiaeducation.ch\\\/wp-content\\\/uploads\\\/2021\\\/04\\\/Birthday-book-celebrations-for-everyone-Waldorf-festivals-and-the-seasons-by-Ann-Druitt-Christine-Fynes-Clinton-1.jpg\",\"width\":858,\"height\":1000,\"caption\":\"Birthday book celebrations for everyone (Waldorf festivals and the seasons) by\u00a0Ann Druitt & Christine Fynes-Clinton\"},{\"@type\":\"BreadcrumbList\",\"@id\":\"https:\\\/\\\/teiaeducation.ch\\\/fr\\\/produit\\\/livre-anniversaire-celebrations-for-everyone-ann-druitt-christine-fynes-clinton\\\/#breadcrumb\",\"itemListElement\":[{\"@type\":\"ListItem\",\"position\":1,\"name\":\"Home\",\"item\":\"https:\\\/\\\/teiaeducation.ch\\\/fr\\\/\"},{\"@type\":\"ListItem\",\"position\":2,\"name\":\"Boutique Teia Education &amp; Play\",\"item\":\"https:\\\/\\\/teiaeducation.ch\\\/fr\\\/boutique\\\/\"},{\"@type\":\"ListItem\",\"position\":3,\"name\":\"Nos Marques\",\"item\":\"https:\\\/\\\/teiaeducation.ch\\\/fr\\\/categorie-produit\\\/marques\\\/\"},{\"@type\":\"ListItem\",\"position\":4,\"name\":\"Hawthorn Press\",\"item\":\"https:\\\/\\\/teiaeducation.ch\\\/fr\\\/categorie-produit\\\/marques\\\/hawthorn-press-fr\\\/\"},{\"@type\":\"ListItem\",\"position\":5,\"name\":\"Livre d&#8217;anniversaires: celebrations for everyone &#8211; Ann Druitt &amp; Christine Fynes-Clinton\"}]},{\"@type\":\"WebSite\",\"@id\":\"https:\\\/\\\/teiaeducation.ch\\\/fr\\\/#website\",\"url\":\"https:\\\/\\\/teiaeducation.ch\\\/fr\\\/\",\"name\":\"Sustainable Educational Products &amp; Ecological Toys\u00a0\",\"description\":\"Specialised Swiss shop selling sustainable educational toys and games, AMI certified Montessori materials, handmade ecological wooden Waldorf toys and arts &amp; crafts supplies, school supplies, children&#039;s furniture and Montessori reference and parenting books.\",\"publisher\":{\"@id\":\"https:\\\/\\\/teiaeducation.ch\\\/fr\\\/#organization\"},\"alternateName\":\"Teia Education & Play\",\"potentialAction\":[{\"@type\":\"SearchAction\",\"target\":{\"@type\":\"EntryPoint\",\"urlTemplate\":\"https:\\\/\\\/teiaeducation.ch\\\/fr\\\/?s={search_term_string}\"},\"query-input\":{\"@type\":\"PropertyValueSpecification\",\"valueRequired\":true,\"valueName\":\"search_term_string\"}}],\"inLanguage\":\"fr-FR\"},{\"@type\":\"Organization\",\"@id\":\"https:\\\/\\\/teiaeducation.ch\\\/fr\\\/#organization\",\"name\":\"Teia Education & Play\",\"url\":\"https:\\\/\\\/teiaeducation.ch\\\/fr\\\/\",\"logo\":{\"@type\":\"ImageObject\",\"inLanguage\":\"fr-FR\",\"@id\":\"https:\\\/\\\/teiaeducation.ch\\\/fr\\\/#\\\/schema\\\/logo\\\/image\\\/\",\"url\":\"https:\\\/\\\/teiaeducation.ch\\\/wp-content\\\/uploads\\\/2020\\\/11\\\/Teia-Education-Switzerland-e1620156442216.jpg\",\"contentUrl\":\"https:\\\/\\\/teiaeducation.ch\\\/wp-content\\\/uploads\\\/2020\\\/11\\\/Teia-Education-Switzerland-e1620156442216.jpg\",\"width\":166,\"height\":145,\"caption\":\"Teia Education & Play\"},\"image\":{\"@id\":\"https:\\\/\\\/teiaeducation.ch\\\/fr\\\/#\\\/schema\\\/logo\\\/image\\\/\"},\"sameAs\":[\"https:\\\/\\\/www.facebook.com\\\/teiaeducation\\\/\",\"https:\\\/\\\/x.com\\\/EducationTeia\",\"https:\\\/\\\/www.instagram.com\\\/teia.education\\\/\",\"https:\\\/\\\/www.linkedin.com\\\/company\\\/35501660\",\"https:\\\/\\\/www.pinterest.ch\\\/TeiaEducation\\\/\"]}]}<\/script>\n<!-- \/ Yoast SEO plugin. -->","yoast_head_json":{"title":"Livre d'anniversaires Waldorf celebrations for everyone","description":"Le livre d'anniversaires celebrations for everyone d'Ann Druitt et Christine Fynes-Clinton contient des id\u00e9es de f\u00eates traditionnelles et Waldorf !","robots":{"index":"index","follow":"follow","max-snippet":"max-snippet:-1","max-image-preview":"max-image-preview:large","max-video-preview":"max-video-preview:-1"},"canonical":"https:\/\/teiaeducation.ch\/fr\/produit\/livre-anniversaire-celebrations-for-everyone-ann-druitt-christine-fynes-clinton\/","og_locale":"fr_FR","og_type":"article","og_title":"Livre d'anniversaires Waldorf celebrations for everyone","og_description":"Le livre d'anniversaires celebrations for everyone d'Ann Druitt et Christine Fynes-Clinton contient des id\u00e9es de f\u00eates traditionnelles et Waldorf !","og_url":"https:\/\/teiaeducation.ch\/fr\/produit\/livre-anniversaire-celebrations-for-everyone-ann-druitt-christine-fynes-clinton\/","og_site_name":"Sustainable Educational Products &amp; Ecological Toys\u00a0","article_publisher":"https:\/\/www.facebook.com\/teiaeducation\/","article_modified_time":"2022-03-10T08:51:52+00:00","og_image":[{"width":858,"height":1000,"url":"https:\/\/teiaeducation.ch\/wp-content\/uploads\/2021\/04\/Birthday-book-celebrations-for-everyone-Waldorf-festivals-and-the-seasons-by-Ann-Druitt-Christine-Fynes-Clinton-1.jpg","type":"image\/jpeg"}],"schema":{"@context":"https:\/\/schema.org","@graph":[{"@type":"WebPage","@id":"https:\/\/teiaeducation.ch\/fr\/produit\/livre-anniversaire-celebrations-for-everyone-ann-druitt-christine-fynes-clinton\/","url":"https:\/\/teiaeducation.ch\/fr\/produit\/livre-anniversaire-celebrations-for-everyone-ann-druitt-christine-fynes-clinton\/","name":"Livre d'anniversaires Waldorf celebrations for everyone","isPartOf":{"@id":"https:\/\/teiaeducation.ch\/fr\/#website"},"primaryImageOfPage":{"@id":"https:\/\/teiaeducation.ch\/fr\/produit\/livre-anniversaire-celebrations-for-everyone-ann-druitt-christine-fynes-clinton\/#primaryimage"},"image":{"@id":"https:\/\/teiaeducation.ch\/fr\/produit\/livre-anniversaire-celebrations-for-everyone-ann-druitt-christine-fynes-clinton\/#primaryimage"},"thumbnailUrl":"https:\/\/teiaeducation.ch\/wp-content\/uploads\/2021\/04\/Birthday-book-celebrations-for-everyone-Waldorf-festivals-and-the-seasons-by-Ann-Druitt-Christine-Fynes-Clinton-1.jpg","datePublished":"2021-04-21T13:19:05+00:00","dateModified":"2022-03-10T08:51:52+00:00","description":"Le livre d'anniversaires celebrations for everyone d'Ann Druitt et Christine Fynes-Clinton contient des id\u00e9es de f\u00eates traditionnelles et Waldorf !","breadcrumb":{"@id":"https:\/\/teiaeducation.ch\/fr\/produit\/livre-anniversaire-celebrations-for-everyone-ann-druitt-christine-fynes-clinton\/#breadcrumb"},"inLanguage":"fr-FR","potentialAction":[{"@type":"ReadAction","target":["https:\/\/teiaeducation.ch\/fr\/produit\/livre-anniversaire-celebrations-for-everyone-ann-druitt-christine-fynes-clinton\/"]}]},{"@type":"ImageObject","inLanguage":"fr-FR","@id":"https:\/\/teiaeducation.ch\/fr\/produit\/livre-anniversaire-celebrations-for-everyone-ann-druitt-christine-fynes-clinton\/#primaryimage","url":"https:\/\/teiaeducation.ch\/wp-content\/uploads\/2021\/04\/Birthday-book-celebrations-for-everyone-Waldorf-festivals-and-the-seasons-by-Ann-Druitt-Christine-Fynes-Clinton-1.jpg","contentUrl":"https:\/\/teiaeducation.ch\/wp-content\/uploads\/2021\/04\/Birthday-book-celebrations-for-everyone-Waldorf-festivals-and-the-seasons-by-Ann-Druitt-Christine-Fynes-Clinton-1.jpg","width":858,"height":1000,"caption":"Birthday book celebrations for everyone (Waldorf festivals and the seasons) by\u00a0Ann Druitt & Christine Fynes-Clinton"},{"@type":"BreadcrumbList","@id":"https:\/\/teiaeducation.ch\/fr\/produit\/livre-anniversaire-celebrations-for-everyone-ann-druitt-christine-fynes-clinton\/#breadcrumb","itemListElement":[{"@type":"ListItem","position":1,"name":"Home","item":"https:\/\/teiaeducation.ch\/fr\/"},{"@type":"ListItem","position":2,"name":"Boutique Teia Education &amp; Play","item":"https:\/\/teiaeducation.ch\/fr\/boutique\/"},{"@type":"ListItem","position":3,"name":"Nos Marques","item":"https:\/\/teiaeducation.ch\/fr\/categorie-produit\/marques\/"},{"@type":"ListItem","position":4,"name":"Hawthorn Press","item":"https:\/\/teiaeducation.ch\/fr\/categorie-produit\/marques\/hawthorn-press-fr\/"},{"@type":"ListItem","position":5,"name":"Livre d&#8217;anniversaires: celebrations for everyone &#8211; Ann Druitt &amp; Christine Fynes-Clinton"}]},{"@type":"WebSite","@id":"https:\/\/teiaeducation.ch\/fr\/#website","url":"https:\/\/teiaeducation.ch\/fr\/","name":"Sustainable Educational Products &amp; Ecological Toys\u00a0","description":"Specialised Swiss shop selling sustainable educational toys and games, AMI certified Montessori materials, handmade ecological wooden Waldorf toys and arts &amp; crafts supplies, school supplies, children&#039;s furniture and Montessori reference and parenting books.","publisher":{"@id":"https:\/\/teiaeducation.ch\/fr\/#organization"},"alternateName":"Teia Education & Play","potentialAction":[{"@type":"SearchAction","target":{"@type":"EntryPoint","urlTemplate":"https:\/\/teiaeducation.ch\/fr\/?s={search_term_string}"},"query-input":{"@type":"PropertyValueSpecification","valueRequired":true,"valueName":"search_term_string"}}],"inLanguage":"fr-FR"},{"@type":"Organization","@id":"https:\/\/teiaeducation.ch\/fr\/#organization","name":"Teia Education & Play","url":"https:\/\/teiaeducation.ch\/fr\/","logo":{"@type":"ImageObject","inLanguage":"fr-FR","@id":"https:\/\/teiaeducation.ch\/fr\/#\/schema\/logo\/image\/","url":"https:\/\/teiaeducation.ch\/wp-content\/uploads\/2020\/11\/Teia-Education-Switzerland-e1620156442216.jpg","contentUrl":"https:\/\/teiaeducation.ch\/wp-content\/uploads\/2020\/11\/Teia-Education-Switzerland-e1620156442216.jpg","width":166,"height":145,"caption":"Teia Education & Play"},"image":{"@id":"https:\/\/teiaeducation.ch\/fr\/#\/schema\/logo\/image\/"},"sameAs":["https:\/\/www.facebook.com\/teiaeducation\/","https:\/\/x.com\/EducationTeia","https:\/\/www.instagram.com\/teia.education\/","https:\/\/www.linkedin.com\/company\/35501660","https:\/\/www.pinterest.ch\/TeiaEducation\/"]}]}},"_links":{"self":[{"href":"https:\/\/teiaeducation.ch\/fr\/wp-json\/wp\/v2\/product\/35475","targetHints":{"allow":["GET"]}}],"collection":[{"href":"https:\/\/teiaeducation.ch\/fr\/wp-json\/wp\/v2\/product"}],"about":[{"href":"https:\/\/teiaeducation.ch\/fr\/wp-json\/wp\/v2\/types\/product"}],"replies":[{"embeddable":true,"href":"https:\/\/teiaeducation.ch\/fr\/wp-json\/wp\/v2\/comments?post=35475"}],"wp:featuredmedia":[{"embeddable":true,"href":"https:\/\/teiaeducation.ch\/fr\/wp-json\/wp\/v2\/media\/53503"}],"wp:attachment":[{"href":"https:\/\/teiaeducation.ch\/fr\/wp-json\/wp\/v2\/media?parent=35475"}],"wp:term":[{"taxonomy":"product_brand","embeddable":true,"href":"https:\/\/teiaeducation.ch\/fr\/wp-json\/wp\/v2\/product_brand?post=35475"},{"taxonomy":"product_cat","embeddable":true,"href":"https:\/\/teiaeducation.ch\/fr\/wp-json\/wp\/v2\/product_cat?post=35475"},{"taxonomy":"product_tag","embeddable":true,"href":"https:\/\/teiaeducation.ch\/fr\/wp-json\/wp\/v2\/product_tag?post=35475"}],"curies":[{"name":"wp","href":"https:\/\/api.w.org\/{rel}","templated":true}]}}